{"id":144,"date":"2020-11-11T12:29:11","date_gmt":"2020-11-11T11:29:11","guid":{"rendered":"https:\/\/konro-grill.com\/?page_id=144"},"modified":"2026-03-10T16:03:07","modified_gmt":"2026-03-10T15:03:07","slug":"sichere-bezahlung","status":"publish","type":"page","link":"https:\/\/konro-grill.com\/de\/sichere-bezahlung\/","title":{"rendered":"Sicher bezahlen"},"content":{"rendered":"<div class=\"wpb-content-wrapper\"><div class=\"vc_row wpb_row vc_row-fluid site-doc-row wpex-vc-full-width-row wpex-vc-full-width-row--centered wpex-relative\"><div class=\"wpb_column vc_column_container vc_col-sm-12\"><div class=\"vc_column-inner\"><div class=\"wpb_wrapper\">\n\t<div class=\"wpb_text_column wpb_content_element site-doc-blok\" >\n\t\t<div class=\"wpb_wrapper\">\n\t\t\t<h1>Unsere Zahlungsm\u00f6glichkeiten<\/h1>\n<p>Konro Grill bietet alle g\u00e4ngigen Zahlungsarten an. Sie k\u00f6nnen bei uns in einer sicheren Umgebung bestellen und bezahlen. Dieser Webshop ist sicher und wir sch\u00fctzen Ihre pers\u00f6nlichen Daten. Haben Sie eine Frage zu diesem Thema? Dann bitte <a href=\"\/de\/kontakt\/\">Kontakt<\/a> mit uns oder lesen Sie unsere <a href=\"\/de\/datenschutzbestimmungen\/\">Datenschutzbestimmungen<\/a>!<\/p>\n<p><img loading=\"lazy\" decoding=\"async\" class=\"aligncenter wp-image-7709 size-full\" src=\"https:\/\/konro-grill.com\/wp-content\/uploads\/2025\/01\/Betaalmethodes-KonroGrill.png\" alt=\"Sicher bezahlen\" width=\"1182\" height=\"70\" srcset=\"https:\/\/konro-grill.com\/wp-content\/uploads\/2025\/01\/Betaalmethodes-KonroGrill.png 1182w, https:\/\/konro-grill.com\/wp-content\/uploads\/2025\/01\/Betaalmethodes-KonroGrill-300x18.png 300w, https:\/\/konro-grill.com\/wp-content\/uploads\/2025\/01\/Betaalmethodes-KonroGrill-1024x61.png 1024w, https:\/\/konro-grill.com\/wp-content\/uploads\/2025\/01\/Betaalmethodes-KonroGrill-768x45.png 768w, https:\/\/konro-grill.com\/wp-content\/uploads\/2025\/01\/Betaalmethodes-KonroGrill-18x1.png 18w, https:\/\/konro-grill.com\/wp-content\/uploads\/2025\/01\/Betaalmethodes-KonroGrill-24x1.png 24w, https:\/\/konro-grill.com\/wp-content\/uploads\/2025\/01\/Betaalmethodes-KonroGrill-36x2.png 36w, https:\/\/konro-grill.com\/wp-content\/uploads\/2025\/01\/Betaalmethodes-KonroGrill-48x3.png 48w, https:\/\/konro-grill.com\/wp-content\/uploads\/2025\/01\/Betaalmethodes-KonroGrill-600x36.png 600w, https:\/\/konro-grill.com\/wp-content\/uploads\/2025\/01\/Betaalmethodes-KonroGrill-64x4.png 64w\" sizes=\"auto, (max-width: 1182px) 100vw, 1182px\" \/><\/p>\n<h4>Vorauszahlung<\/h4>\n<p>Unsere Zahlungsm\u00f6glichkeiten sind einfach und 100% sicher. Wenn Sie sich f\u00fcr eine Zahlung mit <strong>iDEAL<\/strong> oder <strong>Bancontact<\/strong> dann zahlen Sie <span style=\"text-decoration: underline;\">keine zus\u00e4tzlichen Kosten<\/span> im Konro Grill. F\u00fcr eine Zahlung mit <strong>Kreditkarte<\/strong> zahlst du 0,15 \u20ac + 1,3% Servicegeb\u00fchr. Wenn du dich f\u00fcr <strong>KBC\/CBC<\/strong> oder <strong>Belfius<\/strong>berechnen wir eine einmalige Geb\u00fchr von 0,25 \u20ac und 0,9% Ihrer Bestellung. Nachdem Sie Ihre Bestellung aufgegeben und Ihre Daten eingegeben haben, werden Sie automatisch zu unserem Zahlungsanbieter (Mollie) weitergeleitet, um die Zahlung sicher und schnell abzuschlie\u00dfen.<\/p>\n<h4>Nachzahlung oder gestaffelte Zahlung in 3 Teilen<\/h4>\n<p>In bestimmten L\u00e4ndern bieten wir auch die M\u00f6glichkeit, nachtr\u00e4glich mit <strong>Klarna<\/strong> oder <strong>Riverty<\/strong>. Dieser Service ist f\u00fcr uns teuer, weshalb wir eine einmalige Geb\u00fchr erheben. Die Kosten f\u00fcr Klarna und Riverty betragen 2,99% deiner Bestellung. Neben der Nachzahlung kannst du dich auch entscheiden f\u00fcr <strong>in 3 Teilen mit Klarna oder iDEAL bezahlen<\/strong>. Der Zuschlag f\u00fcr die Zahlung mit Klarna betr\u00e4gt einmalig 0,95 \u20ac + 2,99% Ihrer Bestellung und f\u00fcr iDEAL in 3 betr\u00e4gt er 0,85 \u20ac + 3,5%. Bis zu einem Bestellwert von 5.000 \u20ac ist eine Nachzahlung oder eine Zahlung per \u00dcberweisung m\u00f6glich.<\/p>\n<h4>PayPal<\/h4>\n<p>Kaufen Sie mit zus\u00e4tzlicher Sicherheit? Das k\u00f6nnen Sie. Entscheiden Sie sich f\u00fcr <strong>PayPal<\/strong>.<\/p>\n<h4>Zahlung bei Abholung<\/h4>\n<p>Willst du lieber bei uns abholen? Kein Problem! Du kannst dich f\u00fcr eine Abholung im Laden entscheiden und direkt bezahlen. Du m\u00f6chtest lieber bei der Abholung bezahlen? Bei der Abholung kannst du in bar oder mit PIN bezahlen. W\u00e4hle im Warenkorb \u201cIm Laden abholen\u201d und \u201c\u00dcberweisung\u201d.<\/p>\n<p><strong>Nicht alle Artikel k\u00f6nnen problemlos abgeholt werden (aufgrund von Gewicht und Gr\u00f6\u00dfe). Sprich deine Abholung daher immer mit uns ab. Ruf uns an, schick uns eine Nachricht oder nutze unseren Chat.<\/strong><\/p>\n\n\t\t<\/div>\n\t<\/div>\n<\/div><\/div><\/div><\/div>\n<\/div>","protected":false},"excerpt":{"rendered":"Unsere Zahlungsm\u00f6glichkeiten Konro Grill bietet alle g\u00e4ngigen Zahlungsarten an. Du kannst bei uns in einer sicheren Umgebung bestellen und bezahlen. Dieser Webshop ist sicher und wir sch\u00fctzen deine pers\u00f6nlichen Daten. Hast du eine Frage dazu? Dann kontaktiere uns bitte oder lies unsere Datenschutzerkl\u00e4rung! Vorkasse Unsere Zahlungsarten sind einfach und 100% sicher. W\u00e4hle deine...","protected":false},"author":1,"featured_media":0,"parent":0,"menu_order":0,"comment_status":"closed","ping_status":"closed","template":"","meta":{"inline_featured_image":false,"footnotes":""},"class_list":["post-144","page","type-page","status-publish","hentry","entry","no-media"],"yoast_head":"<!-- This site is optimized with the Yoast SEO plugin v27.4 - https:\/\/yoast.com\/product\/yoast-seo-wordpress\/ -->\n<title>Veilig betalen | Konro Grill, de grootste Japanse BBQ specialist<\/title>\n<meta name=\"description\" content=\"Betaalmogelijkheden van Konro Grill, we bieden alle gangbare betaalmethoden. Je kunt bij ons, in een veilige omgeving, bestellen en betalen.\" \/>\n<meta name=\"robots\" content=\"index, follow, max-snippet:-1, max-image-preview:large, max-video-preview:-1\" \/>\n<link rel=\"canonical\" href=\"https:\/\/konro-grill.com\/de\/sichere-bezahlung\/\" \/>\n<meta property=\"og:locale\" content=\"de_DE\" \/>\n<meta property=\"og:type\" content=\"article\" \/>\n<meta property=\"og:title\" content=\"Veilig betalen | Konro Grill, de grootste Japanse BBQ specialist\" \/>\n<meta property=\"og:description\" content=\"Betaalmogelijkheden van Konro Grill, we bieden alle gangbare betaalmethoden. Je kunt bij ons, in een veilige omgeving, bestellen en betalen.\" \/>\n<meta property=\"og:url\" content=\"https:\/\/konro-grill.com\/de\/sichere-bezahlung\/\" \/>\n<meta property=\"og:site_name\" content=\"Konro Grill, de grootste Japanse BBQ specialist\" \/>\n<meta property=\"article:publisher\" content=\"https:\/\/facebook.com\/KonroGrillCom\" \/>\n<meta property=\"article:modified_time\" content=\"2026-03-10T15:03:07+00:00\" \/>\n<meta property=\"og:image\" content=\"https:\/\/konro-grill.com\/wp-content\/uploads\/2025\/01\/Betaalmethodes-KonroGrill.png\" \/>\n\t<meta property=\"og:image:width\" content=\"1182\" \/>\n\t<meta property=\"og:image:height\" content=\"70\" \/>\n\t<meta property=\"og:image:type\" content=\"image\/png\" \/>\n<meta name=\"twitter:card\" content=\"summary_large_image\" \/>\n<meta name=\"twitter:label1\" content=\"Gesch\u00e4tzte Lesezeit\" \/>\n\t<meta name=\"twitter:data1\" content=\"2\u00a0Minuten\" \/>\n<script type=\"application\/ld+json\" class=\"yoast-schema-graph\">{\"@context\":\"https:\\\/\\\/schema.org\",\"@graph\":[{\"@type\":\"WebPage\",\"@id\":\"https:\\\/\\\/konro-grill.com\\\/veilig-betalen\\\/\",\"url\":\"https:\\\/\\\/konro-grill.com\\\/veilig-betalen\\\/\",\"name\":\"Veilig betalen | Konro Grill, de grootste Japanse BBQ specialist\",\"isPartOf\":{\"@id\":\"https:\\\/\\\/konro-grill.com\\\/#website\"},\"primaryImageOfPage\":{\"@id\":\"https:\\\/\\\/konro-grill.com\\\/veilig-betalen\\\/#primaryimage\"},\"image\":{\"@id\":\"https:\\\/\\\/konro-grill.com\\\/veilig-betalen\\\/#primaryimage\"},\"thumbnailUrl\":\"https:\\\/\\\/konro-grill.com\\\/wp-content\\\/uploads\\\/2025\\\/01\\\/Betaalmethodes-KonroGrill.png\",\"datePublished\":\"2020-11-11T11:29:11+00:00\",\"dateModified\":\"2026-03-10T15:03:07+00:00\",\"description\":\"Betaalmogelijkheden van Konro Grill, we bieden alle gangbare betaalmethoden. Je kunt bij ons, in een veilige omgeving, bestellen en betalen.\",\"breadcrumb\":{\"@id\":\"https:\\\/\\\/konro-grill.com\\\/veilig-betalen\\\/#breadcrumb\"},\"inLanguage\":\"de\",\"potentialAction\":[{\"@type\":\"ReadAction\",\"target\":[\"https:\\\/\\\/konro-grill.com\\\/veilig-betalen\\\/\"]}]},{\"@type\":\"ImageObject\",\"inLanguage\":\"de\",\"@id\":\"https:\\\/\\\/konro-grill.com\\\/veilig-betalen\\\/#primaryimage\",\"url\":\"https:\\\/\\\/konro-grill.com\\\/wp-content\\\/uploads\\\/2025\\\/01\\\/Betaalmethodes-KonroGrill.png\",\"contentUrl\":\"https:\\\/\\\/konro-grill.com\\\/wp-content\\\/uploads\\\/2025\\\/01\\\/Betaalmethodes-KonroGrill.png\"},{\"@type\":\"BreadcrumbList\",\"@id\":\"https:\\\/\\\/konro-grill.com\\\/veilig-betalen\\\/#breadcrumb\",\"itemListElement\":[{\"@type\":\"ListItem\",\"position\":1,\"name\":\"Home\",\"item\":\"https:\\\/\\\/konro-grill.com\\\/\"},{\"@type\":\"ListItem\",\"position\":2,\"name\":\"Veilig betalen\"}]},{\"@type\":\"WebSite\",\"@id\":\"https:\\\/\\\/konro-grill.com\\\/#website\",\"url\":\"https:\\\/\\\/konro-grill.com\\\/\",\"name\":\"Konro Grill\",\"description\":\"Konro Grill, de Grootste Japanse BBQ Specialist\",\"publisher\":{\"@id\":\"https:\\\/\\\/konro-grill.com\\\/#organization\"},\"potentialAction\":[{\"@type\":\"SearchAction\",\"target\":{\"@type\":\"EntryPoint\",\"urlTemplate\":\"https:\\\/\\\/konro-grill.com\\\/?s={search_term_string}\"},\"query-input\":{\"@type\":\"PropertyValueSpecification\",\"valueRequired\":true,\"valueName\":\"search_term_string\"}}],\"inLanguage\":\"de\"},{\"@type\":\"Organization\",\"@id\":\"https:\\\/\\\/konro-grill.com\\\/#organization\",\"name\":\"Konro Grill\",\"url\":\"https:\\\/\\\/konro-grill.com\\\/\",\"logo\":{\"@type\":\"ImageObject\",\"inLanguage\":\"de\",\"@id\":\"https:\\\/\\\/konro-grill.com\\\/#\\\/schema\\\/logo\\\/image\\\/\",\"url\":\"https:\\\/\\\/konro-grill.com\\\/wp-content\\\/uploads\\\/2021\\\/10\\\/konro-grill-logo.png\",\"contentUrl\":\"https:\\\/\\\/konro-grill.com\\\/wp-content\\\/uploads\\\/2021\\\/10\\\/konro-grill-logo.png\",\"width\":650,\"height\":80,\"caption\":\"Konro Grill\"},\"image\":{\"@id\":\"https:\\\/\\\/konro-grill.com\\\/#\\\/schema\\\/logo\\\/image\\\/\"},\"sameAs\":[\"https:\\\/\\\/facebook.com\\\/KonroGrillCom\",\"https:\\\/\\\/www.instagram.com\\\/konrogrillcom\\\/\"]}]}<\/script>\n<!-- \/ Yoast SEO plugin. -->","yoast_head_json":{"title":"Sichere Bezahlung | Konro Grill, der gr\u00f6\u00dfte japanische BBQ-Spezialist","description":"Zahlungsm\u00f6glichkeiten von Konro Grill, wir bieten alle g\u00e4ngigen Zahlungsarten an. Sie k\u00f6nnen bei uns bestellen und bezahlen, in einer sicheren Umgebung.","robots":{"index":"index","follow":"follow","max-snippet":"max-snippet:-1","max-image-preview":"max-image-preview:large","max-video-preview":"max-video-preview:-1"},"canonical":"https:\/\/konro-grill.com\/de\/sichere-bezahlung\/","og_locale":"de_DE","og_type":"article","og_title":"Veilig betalen | Konro Grill, de grootste Japanse BBQ specialist","og_description":"Betaalmogelijkheden van Konro Grill, we bieden alle gangbare betaalmethoden. Je kunt bij ons, in een veilige omgeving, bestellen en betalen.","og_url":"https:\/\/konro-grill.com\/de\/sichere-bezahlung\/","og_site_name":"Konro Grill, de grootste Japanse BBQ specialist","article_publisher":"https:\/\/facebook.com\/KonroGrillCom","article_modified_time":"2026-03-10T15:03:07+00:00","og_image":[{"width":1182,"height":70,"url":"https:\/\/konro-grill.com\/wp-content\/uploads\/2025\/01\/Betaalmethodes-KonroGrill.png","type":"image\/png"}],"twitter_card":"summary_large_image","twitter_misc":{"Gesch\u00e4tzte Lesezeit":"2\u00a0Minuten"},"schema":{"@context":"https:\/\/schema.org","@graph":[{"@type":"WebPage","@id":"https:\/\/konro-grill.com\/veilig-betalen\/","url":"https:\/\/konro-grill.com\/veilig-betalen\/","name":"Sichere Bezahlung | Konro Grill, der gr\u00f6\u00dfte japanische BBQ-Spezialist","isPartOf":{"@id":"https:\/\/konro-grill.com\/#website"},"primaryImageOfPage":{"@id":"https:\/\/konro-grill.com\/veilig-betalen\/#primaryimage"},"image":{"@id":"https:\/\/konro-grill.com\/veilig-betalen\/#primaryimage"},"thumbnailUrl":"https:\/\/konro-grill.com\/wp-content\/uploads\/2025\/01\/Betaalmethodes-KonroGrill.png","datePublished":"2020-11-11T11:29:11+00:00","dateModified":"2026-03-10T15:03:07+00:00","description":"Zahlungsm\u00f6glichkeiten von Konro Grill, wir bieten alle g\u00e4ngigen Zahlungsarten an. Sie k\u00f6nnen bei uns bestellen und bezahlen, in einer sicheren Umgebung.","breadcrumb":{"@id":"https:\/\/konro-grill.com\/veilig-betalen\/#breadcrumb"},"inLanguage":"de","potentialAction":[{"@type":"ReadAction","target":["https:\/\/konro-grill.com\/veilig-betalen\/"]}]},{"@type":"ImageObject","inLanguage":"de","@id":"https:\/\/konro-grill.com\/veilig-betalen\/#primaryimage","url":"https:\/\/konro-grill.com\/wp-content\/uploads\/2025\/01\/Betaalmethodes-KonroGrill.png","contentUrl":"https:\/\/konro-grill.com\/wp-content\/uploads\/2025\/01\/Betaalmethodes-KonroGrill.png"},{"@type":"BreadcrumbList","@id":"https:\/\/konro-grill.com\/veilig-betalen\/#breadcrumb","itemListElement":[{"@type":"ListItem","position":1,"name":"Home","item":"https:\/\/konro-grill.com\/"},{"@type":"ListItem","position":2,"name":"Veilig betalen"}]},{"@type":"WebSite","@id":"https:\/\/konro-grill.com\/#website","url":"https:\/\/konro-grill.com\/","name":"Konro Grill","description":"Konro Grill, der gr\u00f6\u00dfte japanische BBQ-Spezialist","publisher":{"@id":"https:\/\/konro-grill.com\/#organization"},"potentialAction":[{"@type":"SearchAction","target":{"@type":"EntryPoint","urlTemplate":"https:\/\/konro-grill.com\/?s={search_term_string}"},"query-input":{"@type":"PropertyValueSpecification","valueRequired":true,"valueName":"search_term_string"}}],"inLanguage":"de"},{"@type":"Organization","@id":"https:\/\/konro-grill.com\/#organization","name":"Konro Grill","url":"https:\/\/konro-grill.com\/","logo":{"@type":"ImageObject","inLanguage":"de","@id":"https:\/\/konro-grill.com\/#\/schema\/logo\/image\/","url":"https:\/\/konro-grill.com\/wp-content\/uploads\/2021\/10\/konro-grill-logo.png","contentUrl":"https:\/\/konro-grill.com\/wp-content\/uploads\/2021\/10\/konro-grill-logo.png","width":650,"height":80,"caption":"Konro Grill"},"image":{"@id":"https:\/\/konro-grill.com\/#\/schema\/logo\/image\/"},"sameAs":["https:\/\/facebook.com\/KonroGrillCom","https:\/\/www.instagram.com\/konrogrillcom\/"]}]}},"_links":{"self":[{"href":"https:\/\/konro-grill.com\/de\/wp-json\/wp\/v2\/pages\/144","targetHints":{"allow":["GET"]}}],"collection":[{"href":"https:\/\/konro-grill.com\/de\/wp-json\/wp\/v2\/pages"}],"about":[{"href":"https:\/\/konro-grill.com\/de\/wp-json\/wp\/v2\/types\/page"}],"author":[{"embeddable":true,"href":"https:\/\/konro-grill.com\/de\/wp-json\/wp\/v2\/users\/1"}],"replies":[{"embeddable":true,"href":"https:\/\/konro-grill.com\/de\/wp-json\/wp\/v2\/comments?post=144"}],"version-history":[{"count":22,"href":"https:\/\/konro-grill.com\/de\/wp-json\/wp\/v2\/pages\/144\/revisions"}],"predecessor-version":[{"id":2966,"href":"https:\/\/konro-grill.com\/de\/wp-json\/wp\/v2\/pages\/144\/revisions\/2966"}],"wp:attachment":[{"href":"https:\/\/konro-grill.com\/de\/wp-json\/wp\/v2\/media?parent=144"}],"curies":[{"name":"wp","href":"https:\/\/api.w.org\/{rel}","templated":true}]}}