{"id":154,"date":"2020-11-11T12:31:34","date_gmt":"2020-11-11T11:31:34","guid":{"rendered":"https:\/\/konro-grill.com\/?page_id=154"},"modified":"2021-10-29T12:40:13","modified_gmt":"2021-10-29T10:40:13","slug":"beschwerden","status":"publish","type":"page","link":"https:\/\/konro-grill.com\/de\/beschwerden\/","title":{"rendered":"Reklamationen und Beschwerden"},"content":{"rendered":"<div class=\"wpb-content-wrapper\"><div class=\"vc_row wpb_row vc_row-fluid site-doc-row wpex-vc-full-width-row wpex-vc-full-width-row--centered wpex-relative\"><div class=\"wpb_column vc_column_container vc_col-sm-12\"><div class=\"vc_column-inner\"><div class=\"wpb_wrapper\">\n\t<div class=\"wpb_text_column wpb_content_element site-doc-blok\" >\n\t\t<div class=\"wpb_wrapper\">\n\t\t\t<h1>Reklamationen und Beschwerden<\/h1>\n<p>Wenn Sie eine Beschwerde haben oder einen Anspruch geltend machen wollen, w\u00fcrden wir diese gerne f\u00fcr Sie l\u00f6sen!<br \/>\nWir empfehlen Ihnen, sich zun\u00e4chst \u00fcber folgende Adresse an uns zu wenden <a href=\"mailto:info@konro-grill.com\">info@konro-grill.com<\/a>. Dann werden wir gemeinsam \u00fcberlegen, wie wir Ihre Beschwerde l\u00f6sen k\u00f6nnen. Wenn dies nicht zu einer L\u00f6sung f\u00fchrt, k\u00f6nnen Sie Ihren Streitfall \u00fcber die Stichting WebwinkelKeur zur Schlichtung einreichen. Seit dem 15. Februar 2016 k\u00f6nnen Verbraucher in der EU ihre Beschwerden auch \u00fcber die OS-Plattform der Europ\u00e4ischen Kommission einreichen. Diese OS-Plattform ist zu finden unter <a href=\"https:\/\/ec.europa.eu\/odr.\">https:\/\/ec.europa.eu\/odr.<\/a> Wenn Ihre Beschwerde nicht bereits an anderer Stelle anh\u00e4ngig ist, k\u00f6nnen Sie Ihre Beschwerde \u00fcber die Plattform der Europ\u00e4ischen Union einreichen.<\/p>\n\n\t\t<\/div>\n\t<\/div>\n<\/div><\/div><\/div><\/div>\n<\/div>","protected":false},"excerpt":{"rendered":"Reklamationen &amp; Beschwerden Wenn du eine Beschwerde hast oder eine Forderung stellen m\u00f6chtest, w\u00fcrden wir sie gerne f\u00fcr dich l\u00f6sen! Wir raten dir, eine Beschwerde zun\u00e4chst an info@konro-grill.com zu richten. Wir werden dann gemeinsam schauen, wie wir deine Beschwerde l\u00f6sen k\u00f6nnen. Wenn dies nicht zu einer L\u00f6sung f\u00fchrt, ist es m\u00f6glich...","protected":false},"author":1,"featured_media":0,"parent":0,"menu_order":0,"comment_status":"closed","ping_status":"closed","template":"","meta":{"inline_featured_image":false,"footnotes":""},"class_list":["post-154","page","type-page","status-publish","hentry","entry","no-media"],"yoast_head":"<!-- This site is optimized with the Yoast SEO plugin v27.4 - https:\/\/yoast.com\/product\/yoast-seo-wordpress\/ -->\n<title>Reclamatie &amp; klachten | Konro Grill, de grootste Japanse BBQ specialist<\/title>\n<meta name=\"robots\" content=\"index, follow, max-snippet:-1, max-image-preview:large, max-video-preview:-1\" \/>\n<link rel=\"canonical\" href=\"https:\/\/konro-grill.com\/de\/beschwerden\/\" \/>\n<meta property=\"og:locale\" content=\"de_DE\" \/>\n<meta property=\"og:type\" content=\"article\" \/>\n<meta property=\"og:title\" content=\"Reclamatie &amp; klachten | Konro Grill, de grootste Japanse BBQ specialist\" \/>\n<meta property=\"og:url\" content=\"https:\/\/konro-grill.com\/de\/beschwerden\/\" \/>\n<meta property=\"og:site_name\" content=\"Konro Grill, de grootste Japanse BBQ specialist\" \/>\n<meta property=\"article:publisher\" content=\"https:\/\/facebook.com\/KonroGrillCom\" \/>\n<meta property=\"article:modified_time\" content=\"2021-10-29T10:40:13+00:00\" \/>\n<meta property=\"og:image\" content=\"https:\/\/konro-grill.com\/wp-content\/uploads\/2026\/03\/Konro-Grill-Logo-1.jpg\" \/>\n\t<meta property=\"og:image:width\" content=\"1200\" \/>\n\t<meta property=\"og:image:height\" content=\"675\" \/>\n\t<meta property=\"og:image:type\" content=\"image\/jpeg\" \/>\n<meta name=\"twitter:card\" content=\"summary_large_image\" \/>\n<meta name=\"twitter:label1\" content=\"Gesch\u00e4tzte Lesezeit\" \/>\n\t<meta name=\"twitter:data1\" content=\"1\u00a0Minute\" \/>\n<script type=\"application\/ld+json\" class=\"yoast-schema-graph\">{\"@context\":\"https:\\\/\\\/schema.org\",\"@graph\":[{\"@type\":\"WebPage\",\"@id\":\"https:\\\/\\\/konro-grill.com\\\/reclamatie-klachten\\\/\",\"url\":\"https:\\\/\\\/konro-grill.com\\\/reclamatie-klachten\\\/\",\"name\":\"Reclamatie & klachten | Konro Grill, de grootste Japanse BBQ specialist\",\"isPartOf\":{\"@id\":\"https:\\\/\\\/konro-grill.com\\\/#website\"},\"datePublished\":\"2020-11-11T11:31:34+00:00\",\"dateModified\":\"2021-10-29T10:40:13+00:00\",\"breadcrumb\":{\"@id\":\"https:\\\/\\\/konro-grill.com\\\/reclamatie-klachten\\\/#breadcrumb\"},\"inLanguage\":\"de\",\"potentialAction\":[{\"@type\":\"ReadAction\",\"target\":[\"https:\\\/\\\/konro-grill.com\\\/reclamatie-klachten\\\/\"]}]},{\"@type\":\"BreadcrumbList\",\"@id\":\"https:\\\/\\\/konro-grill.com\\\/reclamatie-klachten\\\/#breadcrumb\",\"itemListElement\":[{\"@type\":\"ListItem\",\"position\":1,\"name\":\"Home\",\"item\":\"https:\\\/\\\/konro-grill.com\\\/\"},{\"@type\":\"ListItem\",\"position\":2,\"name\":\"Reclamatie &#038; klachten\"}]},{\"@type\":\"WebSite\",\"@id\":\"https:\\\/\\\/konro-grill.com\\\/#website\",\"url\":\"https:\\\/\\\/konro-grill.com\\\/\",\"name\":\"Konro Grill\",\"description\":\"Konro Grill, de Grootste Japanse BBQ Specialist\",\"publisher\":{\"@id\":\"https:\\\/\\\/konro-grill.com\\\/#organization\"},\"potentialAction\":[{\"@type\":\"SearchAction\",\"target\":{\"@type\":\"EntryPoint\",\"urlTemplate\":\"https:\\\/\\\/konro-grill.com\\\/?s={search_term_string}\"},\"query-input\":{\"@type\":\"PropertyValueSpecification\",\"valueRequired\":true,\"valueName\":\"search_term_string\"}}],\"inLanguage\":\"de\"},{\"@type\":\"Organization\",\"@id\":\"https:\\\/\\\/konro-grill.com\\\/#organization\",\"name\":\"Konro Grill\",\"url\":\"https:\\\/\\\/konro-grill.com\\\/\",\"logo\":{\"@type\":\"ImageObject\",\"inLanguage\":\"de\",\"@id\":\"https:\\\/\\\/konro-grill.com\\\/#\\\/schema\\\/logo\\\/image\\\/\",\"url\":\"https:\\\/\\\/konro-grill.com\\\/wp-content\\\/uploads\\\/2021\\\/10\\\/konro-grill-logo.png\",\"contentUrl\":\"https:\\\/\\\/konro-grill.com\\\/wp-content\\\/uploads\\\/2021\\\/10\\\/konro-grill-logo.png\",\"width\":650,\"height\":80,\"caption\":\"Konro Grill\"},\"image\":{\"@id\":\"https:\\\/\\\/konro-grill.com\\\/#\\\/schema\\\/logo\\\/image\\\/\"},\"sameAs\":[\"https:\\\/\\\/facebook.com\\\/KonroGrillCom\",\"https:\\\/\\\/www.instagram.com\\\/konrogrillcom\\\/\"]}]}<\/script>\n<!-- \/ Yoast SEO plugin. -->","yoast_head_json":{"title":"Reklamationen &amp; Beschwerden | Konro Grill, der gr\u00f6\u00dfte japanische BBQ-Spezialist","robots":{"index":"index","follow":"follow","max-snippet":"max-snippet:-1","max-image-preview":"max-image-preview:large","max-video-preview":"max-video-preview:-1"},"canonical":"https:\/\/konro-grill.com\/de\/beschwerden\/","og_locale":"de_DE","og_type":"article","og_title":"Reclamatie & klachten | Konro Grill, de grootste Japanse BBQ specialist","og_url":"https:\/\/konro-grill.com\/de\/beschwerden\/","og_site_name":"Konro Grill, de grootste Japanse BBQ specialist","article_publisher":"https:\/\/facebook.com\/KonroGrillCom","article_modified_time":"2021-10-29T10:40:13+00:00","og_image":[{"width":1200,"height":675,"url":"https:\/\/konro-grill.com\/wp-content\/uploads\/2026\/03\/Konro-Grill-Logo-1.jpg","type":"image\/jpeg"}],"twitter_card":"summary_large_image","twitter_misc":{"Gesch\u00e4tzte Lesezeit":"1\u00a0Minute"},"schema":{"@context":"https:\/\/schema.org","@graph":[{"@type":"WebPage","@id":"https:\/\/konro-grill.com\/reclamatie-klachten\/","url":"https:\/\/konro-grill.com\/reclamatie-klachten\/","name":"Reklamationen &amp; Beschwerden | Konro Grill, der gr\u00f6\u00dfte japanische BBQ-Spezialist","isPartOf":{"@id":"https:\/\/konro-grill.com\/#website"},"datePublished":"2020-11-11T11:31:34+00:00","dateModified":"2021-10-29T10:40:13+00:00","breadcrumb":{"@id":"https:\/\/konro-grill.com\/reclamatie-klachten\/#breadcrumb"},"inLanguage":"de","potentialAction":[{"@type":"ReadAction","target":["https:\/\/konro-grill.com\/reclamatie-klachten\/"]}]},{"@type":"BreadcrumbList","@id":"https:\/\/konro-grill.com\/reclamatie-klachten\/#breadcrumb","itemListElement":[{"@type":"ListItem","position":1,"name":"Home","item":"https:\/\/konro-grill.com\/"},{"@type":"ListItem","position":2,"name":"Reclamatie &#038; klachten"}]},{"@type":"WebSite","@id":"https:\/\/konro-grill.com\/#website","url":"https:\/\/konro-grill.com\/","name":"Konro Grill","description":"Konro Grill, der gr\u00f6\u00dfte japanische BBQ-Spezialist","publisher":{"@id":"https:\/\/konro-grill.com\/#organization"},"potentialAction":[{"@type":"SearchAction","target":{"@type":"EntryPoint","urlTemplate":"https:\/\/konro-grill.com\/?s={search_term_string}"},"query-input":{"@type":"PropertyValueSpecification","valueRequired":true,"valueName":"search_term_string"}}],"inLanguage":"de"},{"@type":"Organization","@id":"https:\/\/konro-grill.com\/#organization","name":"Konro Grill","url":"https:\/\/konro-grill.com\/","logo":{"@type":"ImageObject","inLanguage":"de","@id":"https:\/\/konro-grill.com\/#\/schema\/logo\/image\/","url":"https:\/\/konro-grill.com\/wp-content\/uploads\/2021\/10\/konro-grill-logo.png","contentUrl":"https:\/\/konro-grill.com\/wp-content\/uploads\/2021\/10\/konro-grill-logo.png","width":650,"height":80,"caption":"Konro Grill"},"image":{"@id":"https:\/\/konro-grill.com\/#\/schema\/logo\/image\/"},"sameAs":["https:\/\/facebook.com\/KonroGrillCom","https:\/\/www.instagram.com\/konrogrillcom\/"]}]}},"_links":{"self":[{"href":"https:\/\/konro-grill.com\/de\/wp-json\/wp\/v2\/pages\/154","targetHints":{"allow":["GET"]}}],"collection":[{"href":"https:\/\/konro-grill.com\/de\/wp-json\/wp\/v2\/pages"}],"about":[{"href":"https:\/\/konro-grill.com\/de\/wp-json\/wp\/v2\/types\/page"}],"author":[{"embeddable":true,"href":"https:\/\/konro-grill.com\/de\/wp-json\/wp\/v2\/users\/1"}],"replies":[{"embeddable":true,"href":"https:\/\/konro-grill.com\/de\/wp-json\/wp\/v2\/comments?post=154"}],"version-history":[{"count":3,"href":"https:\/\/konro-grill.com\/de\/wp-json\/wp\/v2\/pages\/154\/revisions"}],"predecessor-version":[{"id":494,"href":"https:\/\/konro-grill.com\/de\/wp-json\/wp\/v2\/pages\/154\/revisions\/494"}],"wp:attachment":[{"href":"https:\/\/konro-grill.com\/de\/wp-json\/wp\/v2\/media?parent=154"}],"curies":[{"name":"wp","href":"https:\/\/api.w.org\/{rel}","templated":true}]}}