{"id":183,"date":"2020-11-12T11:04:58","date_gmt":"2020-11-12T10:04:58","guid":{"rendered":"https:\/\/konro-grill.com\/?page_id=183"},"modified":"2024-09-24T10:33:30","modified_gmt":"2024-09-24T08:33:30","slug":"uber-konro-grill","status":"publish","type":"page","link":"https:\/\/konro-grill.com\/de\/uber-konro-grill\/","title":{"rendered":"\u00dcber uns"},"content":{"rendered":"<div class=\"wpb-content-wrapper\"><div class=\"vc_row wpb_row vc_row-fluid pagina-header-row vc_custom_1635841231730 vc_row-o-content-middle vc_row-flex wpex-relative wpex-vc_row-has-fill wpex-vc-reset-negative-margin wpex-has-overlay wpex-has-overlay--69d0b772d15bf\"><div class=\"wpex-bg-overlay-wrap wpex-absolute wpex-inset-0 wpex-rounded-inherit\"><style class=\"wpex-bg-overlay-css\">.wpex-has-overlay--69d0b772d15bf > .wpex-bg-overlay-wrap .wpex-bg-overlay{background-color:#000000;opacity:0.3;}<\/style><span class=\"wpex-bg-overlay dark wpex-absolute wpex-inset-0 wpex-rounded-inherit wpex-duration-500 wpex-opacity-60 wpex-bg-black\"><\/span><\/div><div class=\"wpb_column vc_column_container vc_col-sm-12\"><div class=\"vc_column-inner vc_custom_1631278515999\"><div class=\"wpb_wrapper\">\n\t<div class=\"wpb_text_column wpb_content_element diapositief textcenter\" >\n\t\t<div class=\"wpb_wrapper\">\n\t\t\t<h1>\u00dcber uns<\/h1>\n\n\t\t<\/div>\n\t<\/div>\n<\/div><\/div><\/div><\/div><div class=\"vc_row wpb_row vc_row-fluid intro-row wpex-relative\"><div class=\"wpb_column vc_column_container vc_col-sm-12\"><div class=\"vc_column-inner\"><div class=\"wpb_wrapper\">\n\t<div class=\"wpb_text_column wpb_content_element breedte-800 textcenter\" >\n\t\t<div class=\"wpb_wrapper\">\n\t\t\t<h2>\u00dcber Konro Grill<\/h2>\n<p>Konro Grill ist Teil von <a href=\"https:\/\/digital-q.nl\/\" target=\"_blank\" rel=\"noopener\">Digital Q BV BBQ-Konzepte<\/a>. Im Jahr 2014 begannen wir mit dem Verkauf von Premium-Kamado BBQs. Im Laufe der Zeit hat sich das Unternehmen zu einer f\u00fchrenden Gruppe von Konzepten entwickelt. Im Jahr 2020 wurden die ersten Kontakte nach Japan gekn\u00fcpft und seither hat sich KonroGrill.com zum gr\u00f6\u00dften Webshop f\u00fcr Konro-Grills, Zubeh\u00f6r, Binchotan und (japanische) Spezialit\u00e4ten entwickelt.<\/p>\n<p>Unser Angebot w\u00e4chst, denn diese Form des Grillens wird in den n\u00e4chsten Jahren in der Gastronomie und in der Hausmannskost immer mehr an Bedeutung gewinnen.<\/p>\n<p>Siehe <a href=\"https:\/\/konro-grill.com\/de\/referenzen\/\">unsere Referenzen<\/a>.<\/p>\n\n\t\t<\/div>\n\t<\/div>\n<\/div><\/div><\/div><\/div>\n<\/div>","protected":false},"excerpt":{"rendered":"\u00dcber uns \u00dcber Konro Grill Konro Grill ist Teil von Digital Q BV BBQ Concepts. Wir begannen 2014 mit dem Verkauf von Premium-Kamado-Grills. Im Laufe der Zeit hat sich das Unternehmen zu einer f\u00fchrenden Gruppe von Konzepten entwickelt. Im Jahr 2020 wurden die ersten Kontakte nach Japan gekn\u00fcpft und seither ist KonroGrill.com zu einem...","protected":false},"author":1,"featured_media":0,"parent":0,"menu_order":0,"comment_status":"closed","ping_status":"closed","template":"","meta":{"inline_featured_image":false,"footnotes":""},"class_list":["post-183","page","type-page","status-publish","hentry","entry","no-media"],"yoast_head":"<!-- This site is optimized with the Yoast SEO plugin v27.3 - https:\/\/yoast.com\/product\/yoast-seo-wordpress\/ -->\n<title>Over Konro Grill, officieel importeur en distributeur<\/title>\n<meta name=\"description\" content=\"Konro Grill de enige en offici\u00eble importeur en distributeur van de originele Japanse konro grill, Kasai Grills en vele accessoires!\" \/>\n<meta name=\"robots\" content=\"index, follow, max-snippet:-1, max-image-preview:large, max-video-preview:-1\" \/>\n<link rel=\"canonical\" href=\"https:\/\/konro-grill.com\/de\/uber-konro-grill\/\" \/>\n<meta property=\"og:locale\" content=\"de_DE\" \/>\n<meta property=\"og:type\" content=\"article\" \/>\n<meta property=\"og:title\" content=\"Over Konro Grill, officieel importeur en distributeur\" \/>\n<meta property=\"og:description\" content=\"Konro Grill de enige en offici\u00eble importeur en distributeur van de originele Japanse konro grill, Kasai Grills en vele accessoires!\" \/>\n<meta property=\"og:url\" content=\"https:\/\/konro-grill.com\/de\/uber-konro-grill\/\" \/>\n<meta property=\"og:site_name\" content=\"Konro Grill, de grootste Japanse BBQ specialist\" \/>\n<meta property=\"article:publisher\" content=\"https:\/\/facebook.com\/KonroGrillCom\" \/>\n<meta property=\"article:modified_time\" content=\"2024-09-24T08:33:30+00:00\" \/>\n<meta property=\"og:image\" content=\"https:\/\/konro-grill.com\/wp-content\/uploads\/2026\/03\/Konro-Grill-Logo-1.jpg\" \/>\n\t<meta property=\"og:image:width\" content=\"1200\" \/>\n\t<meta property=\"og:image:height\" content=\"675\" \/>\n\t<meta property=\"og:image:type\" content=\"image\/jpeg\" \/>\n<meta name=\"twitter:card\" content=\"summary_large_image\" \/>\n<meta name=\"twitter:label1\" content=\"Gesch\u00e4tzte Lesezeit\" \/>\n\t<meta name=\"twitter:data1\" content=\"1\u00a0Minute\" \/>\n<script type=\"application\/ld+json\" class=\"yoast-schema-graph\">{\"@context\":\"https:\\\/\\\/schema.org\",\"@graph\":[{\"@type\":\"WebPage\",\"@id\":\"https:\\\/\\\/konro-grill.com\\\/over-konro-grill\\\/\",\"url\":\"https:\\\/\\\/konro-grill.com\\\/over-konro-grill\\\/\",\"name\":\"Over Konro Grill, officieel importeur en distributeur\",\"isPartOf\":{\"@id\":\"https:\\\/\\\/konro-grill.com\\\/#website\"},\"datePublished\":\"2020-11-12T10:04:58+00:00\",\"dateModified\":\"2024-09-24T08:33:30+00:00\",\"description\":\"Konro Grill de enige en offici\u00eble importeur en distributeur van de originele Japanse konro grill, Kasai Grills en vele accessoires!\",\"breadcrumb\":{\"@id\":\"https:\\\/\\\/konro-grill.com\\\/over-konro-grill\\\/#breadcrumb\"},\"inLanguage\":\"de\",\"potentialAction\":[{\"@type\":\"ReadAction\",\"target\":[\"https:\\\/\\\/konro-grill.com\\\/over-konro-grill\\\/\"]}]},{\"@type\":\"BreadcrumbList\",\"@id\":\"https:\\\/\\\/konro-grill.com\\\/over-konro-grill\\\/#breadcrumb\",\"itemListElement\":[{\"@type\":\"ListItem\",\"position\":1,\"name\":\"Home\",\"item\":\"https:\\\/\\\/konro-grill.com\\\/\"},{\"@type\":\"ListItem\",\"position\":2,\"name\":\"Over ons\"}]},{\"@type\":\"WebSite\",\"@id\":\"https:\\\/\\\/konro-grill.com\\\/#website\",\"url\":\"https:\\\/\\\/konro-grill.com\\\/\",\"name\":\"Konro Grill\",\"description\":\"Konro Grill, de Grootste Japanse BBQ Specialist\",\"publisher\":{\"@id\":\"https:\\\/\\\/konro-grill.com\\\/#organization\"},\"potentialAction\":[{\"@type\":\"SearchAction\",\"target\":{\"@type\":\"EntryPoint\",\"urlTemplate\":\"https:\\\/\\\/konro-grill.com\\\/?s={search_term_string}\"},\"query-input\":{\"@type\":\"PropertyValueSpecification\",\"valueRequired\":true,\"valueName\":\"search_term_string\"}}],\"inLanguage\":\"de\"},{\"@type\":\"Organization\",\"@id\":\"https:\\\/\\\/konro-grill.com\\\/#organization\",\"name\":\"Konro Grill\",\"url\":\"https:\\\/\\\/konro-grill.com\\\/\",\"logo\":{\"@type\":\"ImageObject\",\"inLanguage\":\"de\",\"@id\":\"https:\\\/\\\/konro-grill.com\\\/#\\\/schema\\\/logo\\\/image\\\/\",\"url\":\"https:\\\/\\\/konro-grill.com\\\/wp-content\\\/uploads\\\/2021\\\/10\\\/konro-grill-logo.png\",\"contentUrl\":\"https:\\\/\\\/konro-grill.com\\\/wp-content\\\/uploads\\\/2021\\\/10\\\/konro-grill-logo.png\",\"width\":650,\"height\":80,\"caption\":\"Konro Grill\"},\"image\":{\"@id\":\"https:\\\/\\\/konro-grill.com\\\/#\\\/schema\\\/logo\\\/image\\\/\"},\"sameAs\":[\"https:\\\/\\\/facebook.com\\\/KonroGrillCom\",\"https:\\\/\\\/www.instagram.com\\\/konrogrillcom\\\/\"]}]}<\/script>\n<!-- \/ Yoast SEO plugin. -->","yoast_head_json":{"title":"\u00dcber Konro Grill, offizieller Importeur und H\u00e4ndler","description":"Konro Grill ist der einzige und offizielle Importeur und Vertreiber des original japanischen Konro Grills, Kasai Grills und vielem Zubeh\u00f6r!","robots":{"index":"index","follow":"follow","max-snippet":"max-snippet:-1","max-image-preview":"max-image-preview:large","max-video-preview":"max-video-preview:-1"},"canonical":"https:\/\/konro-grill.com\/de\/uber-konro-grill\/","og_locale":"de_DE","og_type":"article","og_title":"Over Konro Grill, officieel importeur en distributeur","og_description":"Konro Grill de enige en offici\u00eble importeur en distributeur van de originele Japanse konro grill, Kasai Grills en vele accessoires!","og_url":"https:\/\/konro-grill.com\/de\/uber-konro-grill\/","og_site_name":"Konro Grill, de grootste Japanse BBQ specialist","article_publisher":"https:\/\/facebook.com\/KonroGrillCom","article_modified_time":"2024-09-24T08:33:30+00:00","og_image":[{"width":1200,"height":675,"url":"https:\/\/konro-grill.com\/wp-content\/uploads\/2026\/03\/Konro-Grill-Logo-1.jpg","type":"image\/jpeg"}],"twitter_card":"summary_large_image","twitter_misc":{"Gesch\u00e4tzte Lesezeit":"1\u00a0Minute"},"schema":{"@context":"https:\/\/schema.org","@graph":[{"@type":"WebPage","@id":"https:\/\/konro-grill.com\/over-konro-grill\/","url":"https:\/\/konro-grill.com\/over-konro-grill\/","name":"\u00dcber Konro Grill, offizieller Importeur und H\u00e4ndler","isPartOf":{"@id":"https:\/\/konro-grill.com\/#website"},"datePublished":"2020-11-12T10:04:58+00:00","dateModified":"2024-09-24T08:33:30+00:00","description":"Konro Grill ist der einzige und offizielle Importeur und Vertreiber des original japanischen Konro Grills, Kasai Grills und vielem Zubeh\u00f6r!","breadcrumb":{"@id":"https:\/\/konro-grill.com\/over-konro-grill\/#breadcrumb"},"inLanguage":"de","potentialAction":[{"@type":"ReadAction","target":["https:\/\/konro-grill.com\/over-konro-grill\/"]}]},{"@type":"BreadcrumbList","@id":"https:\/\/konro-grill.com\/over-konro-grill\/#breadcrumb","itemListElement":[{"@type":"ListItem","position":1,"name":"Home","item":"https:\/\/konro-grill.com\/"},{"@type":"ListItem","position":2,"name":"Over ons"}]},{"@type":"WebSite","@id":"https:\/\/konro-grill.com\/#website","url":"https:\/\/konro-grill.com\/","name":"Konro Grill","description":"Konro Grill, der gr\u00f6\u00dfte japanische BBQ-Spezialist","publisher":{"@id":"https:\/\/konro-grill.com\/#organization"},"potentialAction":[{"@type":"SearchAction","target":{"@type":"EntryPoint","urlTemplate":"https:\/\/konro-grill.com\/?s={search_term_string}"},"query-input":{"@type":"PropertyValueSpecification","valueRequired":true,"valueName":"search_term_string"}}],"inLanguage":"de"},{"@type":"Organization","@id":"https:\/\/konro-grill.com\/#organization","name":"Konro Grill","url":"https:\/\/konro-grill.com\/","logo":{"@type":"ImageObject","inLanguage":"de","@id":"https:\/\/konro-grill.com\/#\/schema\/logo\/image\/","url":"https:\/\/konro-grill.com\/wp-content\/uploads\/2021\/10\/konro-grill-logo.png","contentUrl":"https:\/\/konro-grill.com\/wp-content\/uploads\/2021\/10\/konro-grill-logo.png","width":650,"height":80,"caption":"Konro Grill"},"image":{"@id":"https:\/\/konro-grill.com\/#\/schema\/logo\/image\/"},"sameAs":["https:\/\/facebook.com\/KonroGrillCom","https:\/\/www.instagram.com\/konrogrillcom\/"]}]}},"_links":{"self":[{"href":"https:\/\/konro-grill.com\/de\/wp-json\/wp\/v2\/pages\/183","targetHints":{"allow":["GET"]}}],"collection":[{"href":"https:\/\/konro-grill.com\/de\/wp-json\/wp\/v2\/pages"}],"about":[{"href":"https:\/\/konro-grill.com\/de\/wp-json\/wp\/v2\/types\/page"}],"author":[{"embeddable":true,"href":"https:\/\/konro-grill.com\/de\/wp-json\/wp\/v2\/users\/1"}],"replies":[{"embeddable":true,"href":"https:\/\/konro-grill.com\/de\/wp-json\/wp\/v2\/comments?post=183"}],"version-history":[{"count":16,"href":"https:\/\/konro-grill.com\/de\/wp-json\/wp\/v2\/pages\/183\/revisions"}],"predecessor-version":[{"id":6886,"href":"https:\/\/konro-grill.com\/de\/wp-json\/wp\/v2\/pages\/183\/revisions\/6886"}],"wp:attachment":[{"href":"https:\/\/konro-grill.com\/de\/wp-json\/wp\/v2\/media?parent=183"}],"curies":[{"name":"wp","href":"https:\/\/api.w.org\/{rel}","templated":true}]}}