{"id":3343,"date":"2023-08-01T09:50:38","date_gmt":"2023-08-01T07:50:38","guid":{"rendered":"https:\/\/konro-grill.com\/chopsticks-2\/"},"modified":"2025-01-30T10:25:38","modified_gmt":"2025-01-30T09:25:38","slug":"konro-kochbucher","status":"publish","type":"page","link":"https:\/\/konro-grill.com\/de\/konro-kochbucher\/","title":{"rendered":"Konro Kochb\u00fccher"},"content":{"rendered":"<div class=\"wpb-content-wrapper\"><div class=\"vc_row wpb_row vc_row-fluid pagina-header-row vc_row-o-equal-height vc_row-o-content-middle vc_row-flex wpex-relative\" style=\"min-height:450px;\"><div class=\"wpb_column pagina-header-row-image-overlay vc_column_container vc_col-sm-6 wpex-vc_col-has-fill\"><div class=\"vc_column-inner vc_custom_1690876414193\"><div class=\"wpb_wrapper\">\n\t<div class=\"wpb_text_column wpb_content_element diapositief textcenter\" >\n\t\t<div class=\"wpb_wrapper\">\n\t\t\t<h1 style=\"text-align: center;\">Konro Kochb\u00fccher<\/h1>\n\n\t\t<\/div>\n\t<\/div>\n<\/div><\/div><\/div><div class=\"wpb_column vc_column_container vc_col-sm-6\"><div class=\"vc_column-inner\"><div class=\"wpb_wrapper\">\n\t<div class=\"wpb_text_column wpb_content_element breedte-600\" >\n\t\t<div class=\"wpb_wrapper\">\n\t\t\t<h2>Verbessern Sie Ihre Techniken mit Konro Kochb\u00fcchern<\/h2>\n<p>Haben Sie sich vor kurzem einen Konro Grill zugelegt und suchen Sie nach Inspiration? Oder sind Sie bereits ein erfahrener Griller, wollen aber Ihre Technik noch weiter verbessern? Dann sind unsere Konro-Kochb\u00fccher genau das Richtige f\u00fcr Sie! In diesen B\u00fcchern finden Sie viele verschiedene, besondere Gerichte. Au\u00dferdem finden Sie in diesen B\u00fcchern die besten Zubereitungstechniken und Hintergrundinformationen \u00fcber diesen besonderen Grill!<\/p>\n\n\t\t<\/div>\n\t<\/div>\n<\/div><\/div><\/div><\/div><div class=\"vc_row wpb_row vc_row-fluid product-row more-spacing filter-row vc_custom_1683726090826 wpex-relative\"><div class=\"wpb_column vc_column_container vc_col-sm-12\"><div class=\"vc_column-inner\"><div class=\"wpb_wrapper\">\n\t<div class=\"wpb_text_column wpb_content_element\" >\n\t\t<div class=\"wpb_wrapper\">\n\t\t\t<div class=\"woocommerce columns-3\">\n\t<ul class=\"products wpex-grid wpex-grid-cols-3 wpex-pp-grid-cols-1 wpex-gap-20 wpex-clear\">\n\n<li class=\"entry has-media product type-product post-9987 status-publish first instock product_cat-konro-kookboeken has-post-thumbnail sale taxable shipping-taxable purchasable product-type-simple\">\n\t<div class=\"product-inner wpex-flex wpex-flex-col wpex-flex-grow wpex-relative\">\n\t<span class=\"onsale\">Angebot<\/span>\n\t<div class=\"wpex-loop-product-images wpex-overflow-hidden wpex-relative\"><a href=\"https:\/\/konro-grill.com\/de\/produkt\/kochbuch-japanischer-grill-de\/\" class=\"woocommerce-LoopProduct-link woocommerce-loop-product__link\"><img width=\"800\" height=\"800\" src=\"https:\/\/konro-grill.com\/wp-content\/uploads\/2023\/07\/Kookboek-Japanese-grill-BBQdirect.jpg\" class=\"woo-entry-image-main wp-post-image\" alt=\"Kochbuch Japanischer Grill - Deutsch\" loading=\"lazy\" decoding=\"async\" srcset=\"https:\/\/konro-grill.com\/wp-content\/uploads\/2023\/07\/Kookboek-Japanese-grill-BBQdirect.jpg 800w, https:\/\/konro-grill.com\/wp-content\/uploads\/2023\/07\/Kookboek-Japanese-grill-BBQdirect-300x300.jpg 300w, https:\/\/konro-grill.com\/wp-content\/uploads\/2023\/07\/Kookboek-Japanese-grill-BBQdirect-150x150.jpg 150w, https:\/\/konro-grill.com\/wp-content\/uploads\/2023\/07\/Kookboek-Japanese-grill-BBQdirect-768x768.jpg 768w, https:\/\/konro-grill.com\/wp-content\/uploads\/2023\/07\/Kookboek-Japanese-grill-BBQdirect-24x24.jpg 24w, https:\/\/konro-grill.com\/wp-content\/uploads\/2023\/07\/Kookboek-Japanese-grill-BBQdirect-36x36.jpg 36w, https:\/\/konro-grill.com\/wp-content\/uploads\/2023\/07\/Kookboek-Japanese-grill-BBQdirect-48x48.jpg 48w, https:\/\/konro-grill.com\/wp-content\/uploads\/2023\/07\/Kookboek-Japanese-grill-BBQdirect-600x600.jpg 600w, https:\/\/konro-grill.com\/wp-content\/uploads\/2023\/07\/Kookboek-Japanese-grill-BBQdirect-100x100.jpg 100w\" sizes=\"auto, (max-width: 800px) 100vw, 800px\" \/><\/a><\/div><div class=\"product-details wpex-pt-15\"><a href=\"https:\/\/konro-grill.com\/de\/produkt\/kochbuch-japanischer-grill-de\/\"><h2 class=\"woocommerce-loop-product__title\">Kochbuch Japanischer Grill - Deutsch<\/h2><\/a>\n\t<span class=\"price\"><del aria-hidden=\"true\"><span class=\"woocommerce-Price-amount amount\"><bdi><span class=\"woocommerce-Price-currencySymbol\">\u20ac<\/span>&nbsp;32,99<\/bdi><\/span><\/del> <span class=\"screen-reader-text\">Urspr\u00fcnglicher Preis war: \u20ac32.99<\/span><ins aria-hidden=\"true\"><span class=\"woocommerce-Price-amount amount\"><bdi><span class=\"woocommerce-Price-currencySymbol\">\u20ac<\/span>&nbsp;29,69<\/bdi><\/span><\/ins><span class=\"screen-reader-text\">Aktueller Preis ist: \u20ac29.69.<\/span><\/span>\n<\/div><div class=\"product-actions\"><a href=\"\/de\/wp-json\/wp\/v2\/pages\/3343?add-to-cart=9987\" aria-describedby=\"woocommerce_loop_add_to_cart_link_describedby_9987\" data-quantity=\"1\" class=\"button product_type_simple add_to_cart_button ajax_add_to_cart\" data-product_id=\"9987\" data-product_sku=\"9789090343051\" aria-label=\"In den Warenkorb legen: &quot;Kochbuch Japanischer Grill - Deutsch&quot;\" rel=\"nofollow\" data-success_message=\"\u201eKookboek Japanese Grill - Duits\u201c wurde deinem Warenkorb hinzugef\u00fcgt\" role=\"button\">In den Warenkorb legen<\/a><\/div>\t<span id=\"woocommerce_loop_add_to_cart_link_describedby_9987\" class=\"screen-reader-text\">\n\t\t\t<\/span>\n<span class=\"gtmkit_product_data\" style=\"display:none;visibility:hidden\" data-gtmkit_product_id=\"9987\" data-gtmkit_product_data=\"{&quot;id&quot;:&quot;9987&quot;,&quot;item_id&quot;:&quot;9987&quot;,&quot;item_name&quot;:&quot;Kookboek Japanese Grill - Duits&quot;,&quot;currency&quot;:&quot;EUR&quot;,&quot;price&quot;:29.69,&quot;item_category&quot;:&quot;Konro accessoires&quot;,&quot;item_category2&quot;:&quot;Konro Kookboeken&quot;,&quot;item_list_name&quot;:&quot;General Product List&quot;,&quot;index&quot;:1}\"><\/span><\/div><\/li>\n<li class=\"entry has-media product type-product post-9988 status-publish outofstock product_cat-konro-kookboeken has-post-thumbnail sale taxable shipping-taxable purchasable product-type-simple\">\n\t<div class=\"product-inner wpex-flex wpex-flex-col wpex-flex-grow wpex-relative\"><div class=\"outofstock-badge\">Nicht auf Lager<\/div>\n\t<span class=\"onsale\">Angebot<\/span>\n\t<div class=\"wpex-loop-product-images wpex-overflow-hidden wpex-relative\"><a href=\"https:\/\/konro-grill.com\/de\/produkt\/kochbuch-japanischer-grill-eng\/\" class=\"woocommerce-LoopProduct-link woocommerce-loop-product__link\"><img width=\"800\" height=\"800\" src=\"https:\/\/konro-grill.com\/wp-content\/uploads\/2023\/07\/Kookboek-Japanese-grill-BBQdirect.jpg\" class=\"woo-entry-image-main wp-post-image\" alt=\"Kochbuch Japanischer Grill - Englisch\" loading=\"lazy\" decoding=\"async\" srcset=\"https:\/\/konro-grill.com\/wp-content\/uploads\/2023\/07\/Kookboek-Japanese-grill-BBQdirect.jpg 800w, https:\/\/konro-grill.com\/wp-content\/uploads\/2023\/07\/Kookboek-Japanese-grill-BBQdirect-300x300.jpg 300w, https:\/\/konro-grill.com\/wp-content\/uploads\/2023\/07\/Kookboek-Japanese-grill-BBQdirect-150x150.jpg 150w, https:\/\/konro-grill.com\/wp-content\/uploads\/2023\/07\/Kookboek-Japanese-grill-BBQdirect-768x768.jpg 768w, https:\/\/konro-grill.com\/wp-content\/uploads\/2023\/07\/Kookboek-Japanese-grill-BBQdirect-24x24.jpg 24w, https:\/\/konro-grill.com\/wp-content\/uploads\/2023\/07\/Kookboek-Japanese-grill-BBQdirect-36x36.jpg 36w, https:\/\/konro-grill.com\/wp-content\/uploads\/2023\/07\/Kookboek-Japanese-grill-BBQdirect-48x48.jpg 48w, https:\/\/konro-grill.com\/wp-content\/uploads\/2023\/07\/Kookboek-Japanese-grill-BBQdirect-600x600.jpg 600w, https:\/\/konro-grill.com\/wp-content\/uploads\/2023\/07\/Kookboek-Japanese-grill-BBQdirect-100x100.jpg 100w\" sizes=\"auto, (max-width: 800px) 100vw, 800px\" \/><\/a><\/div><div class=\"product-details wpex-pt-15\"><a href=\"https:\/\/konro-grill.com\/de\/produkt\/kochbuch-japanischer-grill-eng\/\"><h2 class=\"woocommerce-loop-product__title\">Kochbuch Japanischer Grill - Englisch<\/h2><\/a>\n\t<span class=\"price\"><del aria-hidden=\"true\"><span class=\"woocommerce-Price-amount amount\"><bdi><span class=\"woocommerce-Price-currencySymbol\">\u20ac<\/span>&nbsp;32,99<\/bdi><\/span><\/del> <span class=\"screen-reader-text\">Urspr\u00fcnglicher Preis war: \u20ac32.99<\/span><ins aria-hidden=\"true\"><span class=\"woocommerce-Price-amount amount\"><bdi><span class=\"woocommerce-Price-currencySymbol\">\u20ac<\/span>&nbsp;29,99<\/bdi><\/span><\/ins><span class=\"screen-reader-text\">Aktueller Preis ist: 29,99 \u20ac.<\/span><\/span>\n<\/div><div class=\"product-actions\"><a href=\"https:\/\/konro-grill.com\/de\/produkt\/kochbuch-japanischer-grill-eng\/\" aria-describedby=\"woocommerce_loop_add_to_cart_link_describedby_9988\" data-quantity=\"1\" class=\"button product_type_simple\" data-product_id=\"9988\" data-product_sku=\"9789083204437\" aria-label=\"Lese mehr \u00fcber &quot;Kochbuch Japanischer Grill - Englisch&quot;\" rel=\"nofollow\" data-success_message=\"\">Weiterlesen<\/a><\/div>\t<span id=\"woocommerce_loop_add_to_cart_link_describedby_9988\" class=\"screen-reader-text\">\n\t\t\t<\/span>\n<span class=\"gtmkit_product_data\" style=\"display:none;visibility:hidden\" data-gtmkit_product_id=\"9988\" data-gtmkit_product_data=\"{&quot;id&quot;:&quot;9988&quot;,&quot;item_id&quot;:&quot;9988&quot;,&quot;item_name&quot;:&quot;Kookboek Japanese Grill - Engels&quot;,&quot;currency&quot;:&quot;EUR&quot;,&quot;price&quot;:29.99,&quot;item_category&quot;:&quot;Konro accessoires&quot;,&quot;item_category2&quot;:&quot;Konro Kookboeken&quot;,&quot;item_list_name&quot;:&quot;General Product List&quot;,&quot;index&quot;:2}\"><\/span><\/div><\/li>\n<li class=\"entry has-media product type-product post-3196 status-publish last outofstock product_cat-konro-kookboeken has-post-thumbnail taxable shipping-taxable purchasable product-type-simple\">\n\t<div class=\"product-inner wpex-flex wpex-flex-col wpex-flex-grow wpex-relative\"><div class=\"outofstock-badge\">Nicht auf Lager<\/div><div class=\"wpex-loop-product-images wpex-overflow-hidden wpex-relative\"><a href=\"https:\/\/konro-grill.com\/de\/produkt\/kochbuch-japanischer-grill\/\" class=\"woocommerce-LoopProduct-link woocommerce-loop-product__link\"><img width=\"800\" height=\"800\" src=\"https:\/\/konro-grill.com\/wp-content\/uploads\/2023\/07\/Kookboek-Japanese-grill-BBQdirect.jpg\" class=\"woo-entry-image-main wp-post-image\" alt=\"Kochbuch Japanischer Grill - Niederl\u00e4ndisch\" loading=\"lazy\" decoding=\"async\" srcset=\"https:\/\/konro-grill.com\/wp-content\/uploads\/2023\/07\/Kookboek-Japanese-grill-BBQdirect.jpg 800w, https:\/\/konro-grill.com\/wp-content\/uploads\/2023\/07\/Kookboek-Japanese-grill-BBQdirect-300x300.jpg 300w, https:\/\/konro-grill.com\/wp-content\/uploads\/2023\/07\/Kookboek-Japanese-grill-BBQdirect-150x150.jpg 150w, https:\/\/konro-grill.com\/wp-content\/uploads\/2023\/07\/Kookboek-Japanese-grill-BBQdirect-768x768.jpg 768w, https:\/\/konro-grill.com\/wp-content\/uploads\/2023\/07\/Kookboek-Japanese-grill-BBQdirect-24x24.jpg 24w, https:\/\/konro-grill.com\/wp-content\/uploads\/2023\/07\/Kookboek-Japanese-grill-BBQdirect-36x36.jpg 36w, https:\/\/konro-grill.com\/wp-content\/uploads\/2023\/07\/Kookboek-Japanese-grill-BBQdirect-48x48.jpg 48w, https:\/\/konro-grill.com\/wp-content\/uploads\/2023\/07\/Kookboek-Japanese-grill-BBQdirect-600x600.jpg 600w, https:\/\/konro-grill.com\/wp-content\/uploads\/2023\/07\/Kookboek-Japanese-grill-BBQdirect-100x100.jpg 100w\" sizes=\"auto, (max-width: 800px) 100vw, 800px\" \/><\/a><\/div><div class=\"product-details wpex-pt-15\"><a href=\"https:\/\/konro-grill.com\/de\/produkt\/kochbuch-japanischer-grill\/\"><h2 class=\"woocommerce-loop-product__title\">Kochbuch Japanischer Grill - Niederl\u00e4ndisch<\/h2><\/a>\n\t<span class=\"price\"><span class=\"woocommerce-Price-amount amount\"><bdi><span class=\"woocommerce-Price-currencySymbol\">\u20ac<\/span>&nbsp;32,99<\/bdi><\/span><\/span>\n<\/div><div class=\"product-actions\"><a href=\"https:\/\/konro-grill.com\/de\/produkt\/kochbuch-japanischer-grill\/\" aria-describedby=\"woocommerce_loop_add_to_cart_link_describedby_3196\" data-quantity=\"1\" class=\"button product_type_simple\" data-product_id=\"3196\" data-product_sku=\"9789090338798\" aria-label=\"Lese mehr \u00fcber &quot;Kochbuch Japanischer Grill - Dutch&quot;\" rel=\"nofollow\" data-success_message=\"\">Weiterlesen<\/a><\/div>\t<span id=\"woocommerce_loop_add_to_cart_link_describedby_3196\" class=\"screen-reader-text\">\n\t\t\t<\/span>\n<span class=\"gtmkit_product_data\" style=\"display:none;visibility:hidden\" data-gtmkit_product_id=\"3196\" data-gtmkit_product_data=\"{&quot;id&quot;:&quot;3196&quot;,&quot;item_id&quot;:&quot;3196&quot;,&quot;item_name&quot;:&quot;Kookboek Japanese Grill - Nederlands&quot;,&quot;currency&quot;:&quot;EUR&quot;,&quot;price&quot;:32.99,&quot;item_category&quot;:&quot;Konro accessoires&quot;,&quot;item_category2&quot;:&quot;Konro Kookboeken&quot;,&quot;item_list_name&quot;:&quot;General Product List&quot;,&quot;index&quot;:3}\"><\/span><\/div><\/li>\n<\/ul>\n<\/div>\n\n\t\t<\/div>\n\t<\/div>\n<\/div><\/div><\/div><\/div>\n<\/div>","protected":false},"excerpt":{"rendered":"Konro Kochb\u00fccher Verbessere deine Techniken mit den Konro Kochb\u00fcchern Hast du seit kurzem einen Konro Grill und bist auf der Suche nach Inspiration? Oder bist du bereits ein erfahrener Griller, m\u00f6chtest aber deine Technik noch weiter verbessern? Dann sind unsere Konro-Kochb\u00fccher genau das Richtige f\u00fcr dich! Diese B\u00fccher sind vollgepackt mit verschiedenen, besonderen Gerichten. Au\u00dferdem...","protected":false},"author":1,"featured_media":3345,"parent":0,"menu_order":0,"comment_status":"closed","ping_status":"closed","template":"","meta":{"inline_featured_image":false,"footnotes":""},"class_list":["post-3343","page","type-page","status-publish","has-post-thumbnail","hentry","entry","has-media"],"yoast_head":"<!-- This site is optimized with the Yoast SEO plugin v27.4 - https:\/\/yoast.com\/product\/yoast-seo-wordpress\/ -->\n<title>Konro Kookboeken | Konro Grill<\/title>\n<meta name=\"description\" content=\"Verbeter je bereidingstechnieken en leer ontzettend veel nieuwe recepten met onze Konro Kookboeken. Bekijk ze allemaal!\" \/>\n<meta name=\"robots\" content=\"index, follow, max-snippet:-1, max-image-preview:large, max-video-preview:-1\" \/>\n<link rel=\"canonical\" href=\"https:\/\/konro-grill.com\/de\/konro-kochbucher\/\" \/>\n<meta property=\"og:locale\" content=\"de_DE\" \/>\n<meta property=\"og:type\" content=\"article\" \/>\n<meta property=\"og:title\" content=\"Konro Kookboeken | Konro Grill\" \/>\n<meta property=\"og:description\" content=\"Verbeter je bereidingstechnieken en leer ontzettend veel nieuwe recepten met onze Konro Kookboeken. Bekijk ze allemaal!\" \/>\n<meta property=\"og:url\" content=\"https:\/\/konro-grill.com\/de\/konro-kochbucher\/\" \/>\n<meta property=\"og:site_name\" content=\"Konro Grill, de grootste Japanse BBQ specialist\" \/>\n<meta property=\"article:publisher\" content=\"https:\/\/facebook.com\/KonroGrillCom\" \/>\n<meta property=\"article:modified_time\" content=\"2025-01-30T09:25:38+00:00\" \/>\n<meta property=\"og:image\" content=\"https:\/\/konro-grill.com\/wp-content\/uploads\/2023\/08\/kookboek-japanese-grill-the-magic-of-yakiniku-shichirin-nederlands.jpg\" \/>\n\t<meta property=\"og:image:width\" content=\"800\" \/>\n\t<meta property=\"og:image:height\" content=\"533\" \/>\n\t<meta property=\"og:image:type\" content=\"image\/jpeg\" \/>\n<meta name=\"twitter:card\" content=\"summary_large_image\" \/>\n<meta name=\"twitter:label1\" content=\"Gesch\u00e4tzte Lesezeit\" \/>\n\t<meta name=\"twitter:data1\" content=\"1\u00a0Minute\" \/>\n<script type=\"application\/ld+json\" class=\"yoast-schema-graph\">{\"@context\":\"https:\\\/\\\/schema.org\",\"@graph\":[{\"@type\":\"WebPage\",\"@id\":\"https:\\\/\\\/konro-grill.com\\\/konro-kookboeken\\\/\",\"url\":\"https:\\\/\\\/konro-grill.com\\\/konro-kookboeken\\\/\",\"name\":\"Konro Kookboeken | Konro Grill\",\"isPartOf\":{\"@id\":\"https:\\\/\\\/konro-grill.com\\\/#website\"},\"primaryImageOfPage\":{\"@id\":\"https:\\\/\\\/konro-grill.com\\\/konro-kookboeken\\\/#primaryimage\"},\"image\":{\"@id\":\"https:\\\/\\\/konro-grill.com\\\/konro-kookboeken\\\/#primaryimage\"},\"thumbnailUrl\":\"https:\\\/\\\/konro-grill.com\\\/wp-content\\\/uploads\\\/2023\\\/08\\\/kookboek-japanese-grill-the-magic-of-yakiniku-shichirin-nederlands.jpg\",\"datePublished\":\"2023-08-01T07:50:38+00:00\",\"dateModified\":\"2025-01-30T09:25:38+00:00\",\"description\":\"Verbeter je bereidingstechnieken en leer ontzettend veel nieuwe recepten met onze Konro Kookboeken. Bekijk ze allemaal!\",\"breadcrumb\":{\"@id\":\"https:\\\/\\\/konro-grill.com\\\/konro-kookboeken\\\/#breadcrumb\"},\"inLanguage\":\"de\",\"potentialAction\":[{\"@type\":\"ReadAction\",\"target\":[\"https:\\\/\\\/konro-grill.com\\\/konro-kookboeken\\\/\"]}]},{\"@type\":\"ImageObject\",\"inLanguage\":\"de\",\"@id\":\"https:\\\/\\\/konro-grill.com\\\/konro-kookboeken\\\/#primaryimage\",\"url\":\"https:\\\/\\\/konro-grill.com\\\/wp-content\\\/uploads\\\/2023\\\/08\\\/kookboek-japanese-grill-the-magic-of-yakiniku-shichirin-nederlands.jpg\",\"contentUrl\":\"https:\\\/\\\/konro-grill.com\\\/wp-content\\\/uploads\\\/2023\\\/08\\\/kookboek-japanese-grill-the-magic-of-yakiniku-shichirin-nederlands.jpg\",\"width\":800,\"height\":533,\"caption\":\"Japanese grill The magic of YAKINIKU\"},{\"@type\":\"BreadcrumbList\",\"@id\":\"https:\\\/\\\/konro-grill.com\\\/konro-kookboeken\\\/#breadcrumb\",\"itemListElement\":[{\"@type\":\"ListItem\",\"position\":1,\"name\":\"Home\",\"item\":\"https:\\\/\\\/konro-grill.com\\\/\"},{\"@type\":\"ListItem\",\"position\":2,\"name\":\"Konro Kookboeken\"}]},{\"@type\":\"WebSite\",\"@id\":\"https:\\\/\\\/konro-grill.com\\\/#website\",\"url\":\"https:\\\/\\\/konro-grill.com\\\/\",\"name\":\"Konro Grill\",\"description\":\"Konro Grill, de Grootste Japanse BBQ Specialist\",\"publisher\":{\"@id\":\"https:\\\/\\\/konro-grill.com\\\/#organization\"},\"potentialAction\":[{\"@type\":\"SearchAction\",\"target\":{\"@type\":\"EntryPoint\",\"urlTemplate\":\"https:\\\/\\\/konro-grill.com\\\/?s={search_term_string}\"},\"query-input\":{\"@type\":\"PropertyValueSpecification\",\"valueRequired\":true,\"valueName\":\"search_term_string\"}}],\"inLanguage\":\"de\"},{\"@type\":\"Organization\",\"@id\":\"https:\\\/\\\/konro-grill.com\\\/#organization\",\"name\":\"Konro Grill\",\"url\":\"https:\\\/\\\/konro-grill.com\\\/\",\"logo\":{\"@type\":\"ImageObject\",\"inLanguage\":\"de\",\"@id\":\"https:\\\/\\\/konro-grill.com\\\/#\\\/schema\\\/logo\\\/image\\\/\",\"url\":\"https:\\\/\\\/konro-grill.com\\\/wp-content\\\/uploads\\\/2021\\\/10\\\/konro-grill-logo.png\",\"contentUrl\":\"https:\\\/\\\/konro-grill.com\\\/wp-content\\\/uploads\\\/2021\\\/10\\\/konro-grill-logo.png\",\"width\":650,\"height\":80,\"caption\":\"Konro Grill\"},\"image\":{\"@id\":\"https:\\\/\\\/konro-grill.com\\\/#\\\/schema\\\/logo\\\/image\\\/\"},\"sameAs\":[\"https:\\\/\\\/facebook.com\\\/KonroGrillCom\",\"https:\\\/\\\/www.instagram.com\\\/konrogrillcom\\\/\"]}]}<\/script>\n<!-- \/ Yoast SEO plugin. -->","yoast_head_json":{"title":"Konro Kochb\u00fccher | Konro Grill","description":"Verbessern Sie Ihre Zubereitungstechniken und lernen Sie viele neue Rezepte mit unseren Konro-Kochb\u00fcchern. Probieren Sie sie alle aus!","robots":{"index":"index","follow":"follow","max-snippet":"max-snippet:-1","max-image-preview":"max-image-preview:large","max-video-preview":"max-video-preview:-1"},"canonical":"https:\/\/konro-grill.com\/de\/konro-kochbucher\/","og_locale":"de_DE","og_type":"article","og_title":"Konro Kookboeken | Konro Grill","og_description":"Verbeter je bereidingstechnieken en leer ontzettend veel nieuwe recepten met onze Konro Kookboeken. Bekijk ze allemaal!","og_url":"https:\/\/konro-grill.com\/de\/konro-kochbucher\/","og_site_name":"Konro Grill, de grootste Japanse BBQ specialist","article_publisher":"https:\/\/facebook.com\/KonroGrillCom","article_modified_time":"2025-01-30T09:25:38+00:00","og_image":[{"width":800,"height":533,"url":"https:\/\/konro-grill.com\/wp-content\/uploads\/2023\/08\/kookboek-japanese-grill-the-magic-of-yakiniku-shichirin-nederlands.jpg","type":"image\/jpeg"}],"twitter_card":"summary_large_image","twitter_misc":{"Gesch\u00e4tzte Lesezeit":"1\u00a0Minute"},"schema":{"@context":"https:\/\/schema.org","@graph":[{"@type":"WebPage","@id":"https:\/\/konro-grill.com\/konro-kookboeken\/","url":"https:\/\/konro-grill.com\/konro-kookboeken\/","name":"Konro Kochb\u00fccher | Konro Grill","isPartOf":{"@id":"https:\/\/konro-grill.com\/#website"},"primaryImageOfPage":{"@id":"https:\/\/konro-grill.com\/konro-kookboeken\/#primaryimage"},"image":{"@id":"https:\/\/konro-grill.com\/konro-kookboeken\/#primaryimage"},"thumbnailUrl":"https:\/\/konro-grill.com\/wp-content\/uploads\/2023\/08\/kookboek-japanese-grill-the-magic-of-yakiniku-shichirin-nederlands.jpg","datePublished":"2023-08-01T07:50:38+00:00","dateModified":"2025-01-30T09:25:38+00:00","description":"Verbessern Sie Ihre Zubereitungstechniken und lernen Sie viele neue Rezepte mit unseren Konro-Kochb\u00fcchern. Probieren Sie sie alle aus!","breadcrumb":{"@id":"https:\/\/konro-grill.com\/konro-kookboeken\/#breadcrumb"},"inLanguage":"de","potentialAction":[{"@type":"ReadAction","target":["https:\/\/konro-grill.com\/konro-kookboeken\/"]}]},{"@type":"ImageObject","inLanguage":"de","@id":"https:\/\/konro-grill.com\/konro-kookboeken\/#primaryimage","url":"https:\/\/konro-grill.com\/wp-content\/uploads\/2023\/08\/kookboek-japanese-grill-the-magic-of-yakiniku-shichirin-nederlands.jpg","contentUrl":"https:\/\/konro-grill.com\/wp-content\/uploads\/2023\/08\/kookboek-japanese-grill-the-magic-of-yakiniku-shichirin-nederlands.jpg","width":800,"height":533,"caption":"Japanese grill The magic of YAKINIKU"},{"@type":"BreadcrumbList","@id":"https:\/\/konro-grill.com\/konro-kookboeken\/#breadcrumb","itemListElement":[{"@type":"ListItem","position":1,"name":"Home","item":"https:\/\/konro-grill.com\/"},{"@type":"ListItem","position":2,"name":"Konro Kookboeken"}]},{"@type":"WebSite","@id":"https:\/\/konro-grill.com\/#website","url":"https:\/\/konro-grill.com\/","name":"Konro Grill","description":"Konro Grill, der gr\u00f6\u00dfte japanische BBQ-Spezialist","publisher":{"@id":"https:\/\/konro-grill.com\/#organization"},"potentialAction":[{"@type":"SearchAction","target":{"@type":"EntryPoint","urlTemplate":"https:\/\/konro-grill.com\/?s={search_term_string}"},"query-input":{"@type":"PropertyValueSpecification","valueRequired":true,"valueName":"search_term_string"}}],"inLanguage":"de"},{"@type":"Organization","@id":"https:\/\/konro-grill.com\/#organization","name":"Konro Grill","url":"https:\/\/konro-grill.com\/","logo":{"@type":"ImageObject","inLanguage":"de","@id":"https:\/\/konro-grill.com\/#\/schema\/logo\/image\/","url":"https:\/\/konro-grill.com\/wp-content\/uploads\/2021\/10\/konro-grill-logo.png","contentUrl":"https:\/\/konro-grill.com\/wp-content\/uploads\/2021\/10\/konro-grill-logo.png","width":650,"height":80,"caption":"Konro Grill"},"image":{"@id":"https:\/\/konro-grill.com\/#\/schema\/logo\/image\/"},"sameAs":["https:\/\/facebook.com\/KonroGrillCom","https:\/\/www.instagram.com\/konrogrillcom\/"]}]}},"_links":{"self":[{"href":"https:\/\/konro-grill.com\/de\/wp-json\/wp\/v2\/pages\/3343","targetHints":{"allow":["GET"]}}],"collection":[{"href":"https:\/\/konro-grill.com\/de\/wp-json\/wp\/v2\/pages"}],"about":[{"href":"https:\/\/konro-grill.com\/de\/wp-json\/wp\/v2\/types\/page"}],"author":[{"embeddable":true,"href":"https:\/\/konro-grill.com\/de\/wp-json\/wp\/v2\/users\/1"}],"replies":[{"embeddable":true,"href":"https:\/\/konro-grill.com\/de\/wp-json\/wp\/v2\/comments?post=3343"}],"version-history":[{"count":6,"href":"https:\/\/konro-grill.com\/de\/wp-json\/wp\/v2\/pages\/3343\/revisions"}],"predecessor-version":[{"id":7814,"href":"https:\/\/konro-grill.com\/de\/wp-json\/wp\/v2\/pages\/3343\/revisions\/7814"}],"wp:featuredmedia":[{"embeddable":true,"href":"https:\/\/konro-grill.com\/de\/wp-json\/wp\/v2\/media\/3345"}],"wp:attachment":[{"href":"https:\/\/konro-grill.com\/de\/wp-json\/wp\/v2\/media?parent=3343"}],"curies":[{"name":"wp","href":"https:\/\/api.w.org\/{rel}","templated":true}]}}