{"id":3878,"date":"2023-09-19T09:30:01","date_gmt":"2023-09-19T07:30:01","guid":{"rendered":"https:\/\/konro-grill.com\/konro-roosters-2\/"},"modified":"2023-09-19T09:50:42","modified_gmt":"2023-09-19T07:50:42","slug":"grillhandschuhe","status":"publish","type":"page","link":"https:\/\/konro-grill.com\/de\/grillhandschuhe\/","title":{"rendered":"BBQ-Handschuhe"},"content":{"rendered":"<div class=\"wpb-content-wrapper\"><div class=\"vc_row wpb_row vc_row-fluid pagina-header-row vc_row-o-equal-height vc_row-o-content-middle vc_row-flex wpex-relative\" style=\"min-height:450px;\"><div class=\"wpb_column pagina-header-row-image-overlay vc_column_container vc_col-sm-6 wpex-vc_col-has-fill\"><div class=\"vc_column-inner vc_custom_1695109223991\"><div class=\"wpb_wrapper\">\n\t<div class=\"wpb_text_column wpb_content_element diapositief textcenter\" >\n\t\t<div class=\"wpb_wrapper\">\n\t\t\t<h1 style=\"text-align: center;\">BBQ-Handschuhe<\/h1>\n\n\t\t<\/div>\n\t<\/div>\n<\/div><\/div><\/div><div class=\"wpb_column vc_column_container vc_col-sm-6\"><div class=\"vc_column-inner\"><div class=\"wpb_wrapper\">\n\t<div class=\"wpb_text_column wpb_content_element breedte-600\" >\n\t\t<div class=\"wpb_wrapper\">\n\t\t\t<h2>Grillen Sie immer sicher mit BBQ-Handschuhen!<\/h2>\n<p>Es beginnt zu rauchen, der Duft von gegrilltem Fleisch liegt in der Luft und Sie bekommen Hunger. Es ist Zeit f\u00fcr eine Grillsession auf Ihrem bew\u00e4hrten Konro Grill. Aber warten Sie einen Moment! Bevor Sie diese k\u00f6stlichen Fleisch- und Fischst\u00fccke auf den Grill legen, sollten Sie sich gut sch\u00fctzen. Hier kommen die BBQ-Handschuhe ins Spiel! Sie sind bei der Arbeit mit dem Konro Grill unerl\u00e4sslich.<\/p>\n\n\t\t<\/div>\n\t<\/div>\n<\/div><\/div><\/div><\/div><div class=\"vc_row wpb_row vc_row-fluid product-row more-spacing filter-row vc_custom_1683726414962 wpex-relative\"><div class=\"wpb_column vc_column_container vc_col-sm-12\"><div class=\"vc_column-inner\"><div class=\"wpb_wrapper\">\n\t<div class=\"wpb_text_column wpb_content_element\" >\n\t\t<div class=\"wpb_wrapper\">\n\t\t\t<div class=\"woocommerce columns-3\"><\/div>\n\n\t\t<\/div>\n\t<\/div>\n<\/div><\/div><\/div><\/div><div class=\"vc_row wpb_row vc_row-fluid wpex-relative\"><div class=\"wpb_column vc_column_container vc_col-sm-12\"><div class=\"vc_column-inner\"><div class=\"wpb_wrapper\">\n\t<div class=\"wpb_text_column wpb_content_element breedte-800\" >\n\t\t<div class=\"wpb_wrapper\">\n\t\t\t<h2 style=\"text-align: center;\">Warum Grillhandschuhe?<\/h2>\n<p style=\"text-align: center;\">Gute Handschuhe sind nicht nur ein weiteres Accessoire, sie sind ein absolutes Muss. Wenn Sie sich schon einmal an einem hei\u00dfen Grillrost die Finger verbrannt haben, wissen Sie, wovon wir sprechen. Grillhandschuhe sch\u00fctzen Sie vor der gro\u00dfen Hitze und verhindern schmerzhafte Blasen. Sie sind der Schutzschild gegen die Flammen Ihres Grills. Mit diesen Handschuhen k\u00f6nnen Sie getrost an Ihrem Konro Grill arbeiten und m\u00fcssen sich keine Sorgen machen, dass Sie sich die Finger verbrennen.<\/p>\n<h2 style=\"text-align: center;\">Die Bedeutung der Hitzebest\u00e4ndigkeit<\/h2>\n<p style=\"text-align: center;\">Wenn wir \u00fcber Grillhandschuhe f\u00fcr den Konro Grill sprechen, m\u00fcssen wir \u00fcber die Hitzebest\u00e4ndigkeit sprechen. Der Konro Grill kann extrem hei\u00df werden, und Ihre normalen K\u00fcchenhandschuhe bieten nicht gen\u00fcgend Schutz. Grillhandschuhe sind speziell daf\u00fcr ausgelegt, hohen Temperaturen zu widerstehen. Sie bestehen aus Materialien wie Leder, Silikon und Aramid, die Temperaturen von \u00fcber 500 Grad Celsius standhalten k\u00f6nnen. Mit diesen Handschuhen k\u00f6nnen Sie den Grillrost umdrehen oder die Holzkohle umschichten, ohne sich Sorgen zu machen, w\u00e4hrend die Flammen lodern.<\/p>\n<h2 style=\"text-align: center;\">Komfort und Bewegungsfreiheit<\/h2>\n<p style=\"text-align: center;\">Grillhandschuhe sch\u00fctzen Sie nicht nur vor der Hitze, sondern bieten auch Komfort und Bewegungsfreiheit. Sie sind ergonomisch geformt, so dass Sie Ihre H\u00e4nde frei bewegen k\u00f6nnen und Ihre Grillwerkzeuge fest im Griff haben. Das Letzte, was Sie wollen, ist, mit unbequemen Handschuhen zu k\u00e4mpfen, w\u00e4hrend Sie versuchen, Ihr perfekt gegrilltes St\u00fcck Fleisch oder Fisch zu wenden. Grillhandschuhe geben Ihnen die Kontrolle, die Sie brauchen, um Ihre Grillk\u00fcnste zu perfektionieren.<\/p>\n<h2 style=\"text-align: center;\">Multifunktionaler Schutz<\/h2>\n<p style=\"text-align: center;\">Die Grillhandschuhe f\u00fcr den Konro Grill sind nicht nur praktisch, um Ihre H\u00e4nde zu sch\u00fctzen. Sie bieten auch einen multifunktionalen Schutz. Denken Sie an Ihre Unterarme und Handgelenke, die ebenfalls hitzeempfindlich sind. Grillhandschuhe sind oft l\u00e4nger als normale Handschuhe und bieten so einen zus\u00e4tzlichen Schutz f\u00fcr diese empfindlichen Bereiche. So k\u00f6nnen Sie in der N\u00e4he des Grills arbeiten und Ihr Essen ohne Angst perfektionieren.<\/p>\n<h2 style=\"text-align: center;\">Instandhaltung und Nachhaltigkeit<\/h2>\n<p style=\"text-align: center;\">Ein weiterer Vorteil von Grillhandschuhen ist, dass sie in der Regel sehr strapazierf\u00e4hig sind und lange halten, wenn man sie gut pflegt. Leder- und Aramidhandschuhe sind besonders strapazierf\u00e4hig und k\u00f6nnen Saison f\u00fcr Saison halten. Es ist jedoch wichtig, die Pflegeanweisungen des Herstellers zu befolgen, um sicherzustellen, dass Ihre Handschuhe in bestem Zustand bleiben. Eine regelm\u00e4\u00dfige Reinigung und Pflege kann die Lebensdauer Ihrer Handschuhe erheblich verl\u00e4ngern.<\/p>\n<h2 style=\"text-align: center;\">Kontakt<\/h2>\n<p style=\"text-align: center;\">In der Welt des Konro Grills sind Sicherheit und Komfort das A und O. Grillhandschuhe sind auf dem Konro Grill nicht nur ein Luxus, sondern ein wesentlicher Bestandteil Ihrer Ausr\u00fcstung. Sie sch\u00fctzen Sie vor extremer Hitze, bieten Bewegungsfreiheit und erm\u00f6glichen es Ihnen, Ihre Grillk\u00fcnste zu perfektionieren, ohne Verbrennungen bef\u00fcrchten zu m\u00fcssen. Bevor Sie also Ihre n\u00e4chste Grillsession starten, sollten Sie die Grillhandschuhe bereithalten. Ihre H\u00e4nde werden es Ihnen danken. Sie sind sich nicht sicher, welche Handschuhe f\u00fcr Sie am besten geeignet sind oder haben eine andere Frage? Dann nehmen Sie doch einfach <a href=\"https:\/\/konro-grill.com\/de\/kontakt\/\">Kontakt<\/a> mit uns, wir helfen Ihnen gerne!<\/p>\n\n\t\t<\/div>\n\t<\/div>\n<\/div><\/div><\/div><\/div>\n<\/div>","protected":false},"excerpt":{"rendered":"BBQ-Handschuhe Immer sicher grillen mit BBQ-Handschuhen! Es f\u00e4ngt an zu rauchen, der Geruch von gegrilltem Fleisch liegt in der Luft und du bekommst langsam Hunger. Es ist Zeit f\u00fcr eine Grillsession auf deinem treuen Konro Grill. Aber warte einen Moment! Bevor du diese leckeren Fleisch- und Fischst\u00fccke auf den Grill legst, vergewissere dich...","protected":false},"author":1,"featured_media":3880,"parent":0,"menu_order":0,"comment_status":"closed","ping_status":"closed","template":"","meta":{"inline_featured_image":false,"footnotes":""},"class_list":["post-3878","page","type-page","status-publish","has-post-thumbnail","hentry","entry","has-media"],"yoast_head":"<!-- This site is optimized with the Yoast SEO plugin v27.4 - https:\/\/yoast.com\/product\/yoast-seo-wordpress\/ -->\n<title>BBQ handschoenen | Konro Grill<\/title>\n<meta name=\"description\" content=\"Met de juiste BBQ handschoenen ga je altijd veilig te werk op je Konro Grill. Bekijk de verschillende modellen en maten in onze webshop!\" \/>\n<meta name=\"robots\" content=\"index, follow, max-snippet:-1, max-image-preview:large, max-video-preview:-1\" \/>\n<link rel=\"canonical\" href=\"https:\/\/konro-grill.com\/de\/grillhandschuhe\/\" \/>\n<meta property=\"og:locale\" content=\"de_DE\" \/>\n<meta property=\"og:type\" content=\"article\" \/>\n<meta property=\"og:title\" content=\"BBQ handschoenen | Konro Grill\" \/>\n<meta property=\"og:description\" content=\"Met de juiste BBQ handschoenen ga je altijd veilig te werk op je Konro Grill. Bekijk de verschillende modellen en maten in onze webshop!\" \/>\n<meta property=\"og:url\" content=\"https:\/\/konro-grill.com\/de\/grillhandschuhe\/\" \/>\n<meta property=\"og:site_name\" content=\"Konro Grill, de grootste Japanse BBQ specialist\" \/>\n<meta property=\"article:publisher\" content=\"https:\/\/facebook.com\/KonroGrillCom\" \/>\n<meta property=\"article:modified_time\" content=\"2023-09-19T07:50:42+00:00\" \/>\n<meta property=\"og:image\" content=\"https:\/\/konro-grill.com\/wp-content\/uploads\/2023\/09\/FEUERMEISTER-BBQ-handschoenen-Kamado-Express-1.jpg\" \/>\n\t<meta property=\"og:image:width\" content=\"800\" \/>\n\t<meta property=\"og:image:height\" content=\"533\" \/>\n\t<meta property=\"og:image:type\" content=\"image\/jpeg\" \/>\n<meta name=\"twitter:card\" content=\"summary_large_image\" \/>\n<meta name=\"twitter:label1\" content=\"Gesch\u00e4tzte Lesezeit\" \/>\n\t<meta name=\"twitter:data1\" content=\"4\u00a0Minuten\" \/>\n<script type=\"application\/ld+json\" class=\"yoast-schema-graph\">{\"@context\":\"https:\\\/\\\/schema.org\",\"@graph\":[{\"@type\":\"WebPage\",\"@id\":\"https:\\\/\\\/konro-grill.com\\\/bbq-handschoenen\\\/\",\"url\":\"https:\\\/\\\/konro-grill.com\\\/bbq-handschoenen\\\/\",\"name\":\"BBQ handschoenen | Konro Grill\",\"isPartOf\":{\"@id\":\"https:\\\/\\\/konro-grill.com\\\/#website\"},\"primaryImageOfPage\":{\"@id\":\"https:\\\/\\\/konro-grill.com\\\/bbq-handschoenen\\\/#primaryimage\"},\"image\":{\"@id\":\"https:\\\/\\\/konro-grill.com\\\/bbq-handschoenen\\\/#primaryimage\"},\"thumbnailUrl\":\"https:\\\/\\\/konro-grill.com\\\/wp-content\\\/uploads\\\/2023\\\/09\\\/FEUERMEISTER-BBQ-handschoenen-Kamado-Express-1.jpg\",\"datePublished\":\"2023-09-19T07:30:01+00:00\",\"dateModified\":\"2023-09-19T07:50:42+00:00\",\"description\":\"Met de juiste BBQ handschoenen ga je altijd veilig te werk op je Konro Grill. Bekijk de verschillende modellen en maten in onze webshop!\",\"breadcrumb\":{\"@id\":\"https:\\\/\\\/konro-grill.com\\\/bbq-handschoenen\\\/#breadcrumb\"},\"inLanguage\":\"de\",\"potentialAction\":[{\"@type\":\"ReadAction\",\"target\":[\"https:\\\/\\\/konro-grill.com\\\/bbq-handschoenen\\\/\"]}]},{\"@type\":\"ImageObject\",\"inLanguage\":\"de\",\"@id\":\"https:\\\/\\\/konro-grill.com\\\/bbq-handschoenen\\\/#primaryimage\",\"url\":\"https:\\\/\\\/konro-grill.com\\\/wp-content\\\/uploads\\\/2023\\\/09\\\/FEUERMEISTER-BBQ-handschoenen-Kamado-Express-1.jpg\",\"contentUrl\":\"https:\\\/\\\/konro-grill.com\\\/wp-content\\\/uploads\\\/2023\\\/09\\\/FEUERMEISTER-BBQ-handschoenen-Kamado-Express-1.jpg\",\"width\":800,\"height\":533,\"caption\":\"BBQ handschoenen\"},{\"@type\":\"BreadcrumbList\",\"@id\":\"https:\\\/\\\/konro-grill.com\\\/bbq-handschoenen\\\/#breadcrumb\",\"itemListElement\":[{\"@type\":\"ListItem\",\"position\":1,\"name\":\"Home\",\"item\":\"https:\\\/\\\/konro-grill.com\\\/\"},{\"@type\":\"ListItem\",\"position\":2,\"name\":\"BBQ handschoenen\"}]},{\"@type\":\"WebSite\",\"@id\":\"https:\\\/\\\/konro-grill.com\\\/#website\",\"url\":\"https:\\\/\\\/konro-grill.com\\\/\",\"name\":\"Konro Grill\",\"description\":\"Konro Grill, de Grootste Japanse BBQ Specialist\",\"publisher\":{\"@id\":\"https:\\\/\\\/konro-grill.com\\\/#organization\"},\"potentialAction\":[{\"@type\":\"SearchAction\",\"target\":{\"@type\":\"EntryPoint\",\"urlTemplate\":\"https:\\\/\\\/konro-grill.com\\\/?s={search_term_string}\"},\"query-input\":{\"@type\":\"PropertyValueSpecification\",\"valueRequired\":true,\"valueName\":\"search_term_string\"}}],\"inLanguage\":\"de\"},{\"@type\":\"Organization\",\"@id\":\"https:\\\/\\\/konro-grill.com\\\/#organization\",\"name\":\"Konro Grill\",\"url\":\"https:\\\/\\\/konro-grill.com\\\/\",\"logo\":{\"@type\":\"ImageObject\",\"inLanguage\":\"de\",\"@id\":\"https:\\\/\\\/konro-grill.com\\\/#\\\/schema\\\/logo\\\/image\\\/\",\"url\":\"https:\\\/\\\/konro-grill.com\\\/wp-content\\\/uploads\\\/2021\\\/10\\\/konro-grill-logo.png\",\"contentUrl\":\"https:\\\/\\\/konro-grill.com\\\/wp-content\\\/uploads\\\/2021\\\/10\\\/konro-grill-logo.png\",\"width\":650,\"height\":80,\"caption\":\"Konro Grill\"},\"image\":{\"@id\":\"https:\\\/\\\/konro-grill.com\\\/#\\\/schema\\\/logo\\\/image\\\/\"},\"sameAs\":[\"https:\\\/\\\/facebook.com\\\/KonroGrillCom\",\"https:\\\/\\\/www.instagram.com\\\/konrogrillcom\\\/\"]}]}<\/script>\n<!-- \/ Yoast SEO plugin. -->","yoast_head_json":{"title":"BBQ-Handschuhe | Konro Grill","description":"Mit den richtigen BBQ-Handschuhen arbeiten Sie immer sicher an Ihrem Konro Grill. Sehen Sie sich die verschiedenen Modelle und Gr\u00f6\u00dfen in unserem Webshop an!","robots":{"index":"index","follow":"follow","max-snippet":"max-snippet:-1","max-image-preview":"max-image-preview:large","max-video-preview":"max-video-preview:-1"},"canonical":"https:\/\/konro-grill.com\/de\/grillhandschuhe\/","og_locale":"de_DE","og_type":"article","og_title":"BBQ handschoenen | Konro Grill","og_description":"Met de juiste BBQ handschoenen ga je altijd veilig te werk op je Konro Grill. Bekijk de verschillende modellen en maten in onze webshop!","og_url":"https:\/\/konro-grill.com\/de\/grillhandschuhe\/","og_site_name":"Konro Grill, de grootste Japanse BBQ specialist","article_publisher":"https:\/\/facebook.com\/KonroGrillCom","article_modified_time":"2023-09-19T07:50:42+00:00","og_image":[{"width":800,"height":533,"url":"https:\/\/konro-grill.com\/wp-content\/uploads\/2023\/09\/FEUERMEISTER-BBQ-handschoenen-Kamado-Express-1.jpg","type":"image\/jpeg"}],"twitter_card":"summary_large_image","twitter_misc":{"Gesch\u00e4tzte Lesezeit":"4\u00a0Minuten"},"schema":{"@context":"https:\/\/schema.org","@graph":[{"@type":"WebPage","@id":"https:\/\/konro-grill.com\/bbq-handschoenen\/","url":"https:\/\/konro-grill.com\/bbq-handschoenen\/","name":"BBQ-Handschuhe | Konro Grill","isPartOf":{"@id":"https:\/\/konro-grill.com\/#website"},"primaryImageOfPage":{"@id":"https:\/\/konro-grill.com\/bbq-handschoenen\/#primaryimage"},"image":{"@id":"https:\/\/konro-grill.com\/bbq-handschoenen\/#primaryimage"},"thumbnailUrl":"https:\/\/konro-grill.com\/wp-content\/uploads\/2023\/09\/FEUERMEISTER-BBQ-handschoenen-Kamado-Express-1.jpg","datePublished":"2023-09-19T07:30:01+00:00","dateModified":"2023-09-19T07:50:42+00:00","description":"Mit den richtigen BBQ-Handschuhen arbeiten Sie immer sicher an Ihrem Konro Grill. Sehen Sie sich die verschiedenen Modelle und Gr\u00f6\u00dfen in unserem Webshop an!","breadcrumb":{"@id":"https:\/\/konro-grill.com\/bbq-handschoenen\/#breadcrumb"},"inLanguage":"de","potentialAction":[{"@type":"ReadAction","target":["https:\/\/konro-grill.com\/bbq-handschoenen\/"]}]},{"@type":"ImageObject","inLanguage":"de","@id":"https:\/\/konro-grill.com\/bbq-handschoenen\/#primaryimage","url":"https:\/\/konro-grill.com\/wp-content\/uploads\/2023\/09\/FEUERMEISTER-BBQ-handschoenen-Kamado-Express-1.jpg","contentUrl":"https:\/\/konro-grill.com\/wp-content\/uploads\/2023\/09\/FEUERMEISTER-BBQ-handschoenen-Kamado-Express-1.jpg","width":800,"height":533,"caption":"BBQ handschoenen"},{"@type":"BreadcrumbList","@id":"https:\/\/konro-grill.com\/bbq-handschoenen\/#breadcrumb","itemListElement":[{"@type":"ListItem","position":1,"name":"Home","item":"https:\/\/konro-grill.com\/"},{"@type":"ListItem","position":2,"name":"BBQ handschoenen"}]},{"@type":"WebSite","@id":"https:\/\/konro-grill.com\/#website","url":"https:\/\/konro-grill.com\/","name":"Konro Grill","description":"Konro Grill, der gr\u00f6\u00dfte japanische BBQ-Spezialist","publisher":{"@id":"https:\/\/konro-grill.com\/#organization"},"potentialAction":[{"@type":"SearchAction","target":{"@type":"EntryPoint","urlTemplate":"https:\/\/konro-grill.com\/?s={search_term_string}"},"query-input":{"@type":"PropertyValueSpecification","valueRequired":true,"valueName":"search_term_string"}}],"inLanguage":"de"},{"@type":"Organization","@id":"https:\/\/konro-grill.com\/#organization","name":"Konro Grill","url":"https:\/\/konro-grill.com\/","logo":{"@type":"ImageObject","inLanguage":"de","@id":"https:\/\/konro-grill.com\/#\/schema\/logo\/image\/","url":"https:\/\/konro-grill.com\/wp-content\/uploads\/2021\/10\/konro-grill-logo.png","contentUrl":"https:\/\/konro-grill.com\/wp-content\/uploads\/2021\/10\/konro-grill-logo.png","width":650,"height":80,"caption":"Konro Grill"},"image":{"@id":"https:\/\/konro-grill.com\/#\/schema\/logo\/image\/"},"sameAs":["https:\/\/facebook.com\/KonroGrillCom","https:\/\/www.instagram.com\/konrogrillcom\/"]}]}},"_links":{"self":[{"href":"https:\/\/konro-grill.com\/de\/wp-json\/wp\/v2\/pages\/3878","targetHints":{"allow":["GET"]}}],"collection":[{"href":"https:\/\/konro-grill.com\/de\/wp-json\/wp\/v2\/pages"}],"about":[{"href":"https:\/\/konro-grill.com\/de\/wp-json\/wp\/v2\/types\/page"}],"author":[{"embeddable":true,"href":"https:\/\/konro-grill.com\/de\/wp-json\/wp\/v2\/users\/1"}],"replies":[{"embeddable":true,"href":"https:\/\/konro-grill.com\/de\/wp-json\/wp\/v2\/comments?post=3878"}],"version-history":[{"count":4,"href":"https:\/\/konro-grill.com\/de\/wp-json\/wp\/v2\/pages\/3878\/revisions"}],"predecessor-version":[{"id":3883,"href":"https:\/\/konro-grill.com\/de\/wp-json\/wp\/v2\/pages\/3878\/revisions\/3883"}],"wp:featuredmedia":[{"embeddable":true,"href":"https:\/\/konro-grill.com\/de\/wp-json\/wp\/v2\/media\/3880"}],"wp:attachment":[{"href":"https:\/\/konro-grill.com\/de\/wp-json\/wp\/v2\/media?parent=3878"}],"curies":[{"name":"wp","href":"https:\/\/api.w.org\/{rel}","templated":true}]}}