{"id":10009,"date":"2025-10-02T11:30:12","date_gmt":"2025-10-02T09:30:12","guid":{"rendered":"https:\/\/konro-grill.com\/?post_type=product&#038;p=10009"},"modified":"2026-04-22T10:28:06","modified_gmt":"2026-04-22T08:28:06","slug":"yakiniku-shichirin-medium-pro","status":"publish","type":"product","link":"https:\/\/konro-grill.com\/de\/produkt\/yakiniku-shichirin-medium-pro\/","title":{"rendered":"YAKINIKU Shichirin Medium PRO"},"content":{"rendered":"<div class=\"wpb-content-wrapper\"><div class=\"vc_row wpb_row vc_row-fluid wpex-relative\"><div class=\"wpb_column vc_column_container vc_col-sm-12\"><div class=\"vc_column-inner\"><div class=\"wpb_wrapper\">\n\t<div class=\"wpb_text_column wpb_content_element\" >\n\t\t<div class=\"wpb_wrapper\">\n\t\t\t<h3>Der neueste japanische Grill von YAKINIKU, der Shichirin Medium PRO.<\/h3>\n<p>Der rechteckige Shichirin PRO ist eine moderne Interpretation des traditionellen japanischen Grills. Mit seinem schlanken Design, der robusten Konstruktion und der raffinierten Verarbeitung strahlt er Handwerkskunst und Eleganz aus. Die cleveren Details sorgen f\u00fcr optimale Benutzerfreundlichkeit und beeindruckende Leistung, so dass dieser Grill sowohl durch Stil als auch durch Funktionalit\u00e4t besticht. Die doppelwandige Konstruktion sorgt f\u00fcr eine optimale Luftzirkulation, so dass du m\u00fchelos hohe Temperaturen erreichst und Gerichte mit noch mehr Finesse und Pr\u00e4zision zubereiten kannst. Die herausnehmbare Aschelade erleichtert die Reinigung und die langlebige zweiteilige Keramik verhindert Bruch und erleichtert eventuelle Reparaturen.<\/p>\n<h3><\/h3>\n<h3>Optimaler Luftstrom f\u00fcr konstante Verbrennungstemperatur<\/h3>\n<p>Der Pro Shichirin zeichnet sich durch einen verbesserten Luftstrom aus, der eine konstante und dennoch hohe Brenntemperatur gew\u00e4hrleistet - ein wesentliches Element f\u00fcr pr\u00e4zises Garen und authentischen BBQ-Geschmack.<br \/>\n- Gleichm\u00e4\u00dfige Sauerstoffzufuhr: Die Luftzufuhr wird strategisch verteilt, damit die Hitze stabil bleibt und die Gerichte \u00fcberall gleichm\u00e4\u00dfig garen. Dieser gleichm\u00e4\u00dfige Luftstrom verhindert Hotspots und sorgt f\u00fcr eine gleichm\u00e4\u00dfige Temperatur.<br \/>\n- Verbesserte Sauerstoffzufuhr durch doppelwandige Konstruktion: Dank seiner doppelwandigen Konstruktion hat der Shichirin eine erh\u00f6hte, konstante Sauerstoffzufuhr. Diese Konstruktion macht es einfacher, hohe Temperaturen zu halten, auch bei langen Grillsessions.<br \/>\n- Weniger herumfliegende Asche: Die Luftzufuhr wurde verbessert, so dass manuelles Blasen und Pusten nicht mehr n\u00f6tig ist. Das verhindert, dass Asche umherfliegt und sorgt f\u00fcr eine sauberere, sicherere Grillumgebung.<\/p>\n<h3><\/h3>\n<h3>Fortschrittliches Luftstromsystem<\/h3>\n<p>Der YAKINIKU Shichirin Pro ist eine verbesserte Version des klassischen Shichirin und zeichnet sich durch sein hochwertiges Design und seine intelligente Funktionalit\u00e4t aus. Dank seines fortschrittlichen Luftstromsystems beh\u00e4lt der Shichirin seine Hitze l\u00e4nger bei, wodurch auch die Binchotan-Holzkohle deutlich l\u00e4nger brennt.<\/p>\n<h3><\/h3>\n<h3>Herausnehmbare Aschelade f\u00fcr einfache Wartung<\/h3>\n<p>Im Gegensatz zu vielen traditionellen Grills musst du bei diesem Shichirin nicht das ganze Ger\u00e4t umdrehen, um die Asche zu entfernen. Die Aschelade ist leicht herausnehmbar und im Handumdrehen geleert - sch\u00f6n und praktisch!<\/p>\n<h3><\/h3>\n<h3>Langlebiges zweiteiliges Keramikdesign<\/h3>\n<p>Die Keramikkonstruktion des Shichirin Pro besteht aus zwei Teilen, was f\u00fcr eine optimale W\u00e4rmeverteilung und weniger Spannung im Material sorgt. Das verhindert Br\u00fcche und der Grill beh\u00e4lt seine Stabilit\u00e4t auch bei hohen Temperaturen.<\/p>\n<h3><\/h3>\n<h3>Einzigartiges Design: modern mit Respekt vor der Tradition<\/h3>\n<p>Dieser Shichirin kombiniert moderne, klare Linien mit einer Hommage an die uralte japanische Grilltradition. Das robuste Design und die subtilen Details strahlen Klasse und Handwerkskunst aus und machen den Grill nicht nur funktional, sondern auch attraktiv!<\/p>\n<p>Bitte beachte, dass der YAKINIKU Shichirin Medium kein original japanischer Grill ist, sondern dass dieser Konro-Grill in China hergestellt wird. Die Qualit\u00e4t ist gut f\u00fcr den Hausgebrauch, wir empfehlen nicht, diesen Grill professionell zu verwenden.<\/p>\n<p>Alle anzeigen <a href=\"https:\/\/konro-grill.com\/de\/yakiniku-shichirin-zubehor\/\">Yakiniku Shichrin Zubeh\u00f6r<\/a>.<\/p>\n\n\t\t<\/div>\n\t<\/div>\n<div class=\"vcex-spacing wpex-w-100 wpex-clear\" style=\"height:32px;\"><\/div><div class=\"templatera_shortcode\"><style type=\"text\/css\" data-type=\"vc_shortcodes-custom-css\">.vc_custom_1657802039208{margin-bottom: 0px !important;}<\/style><div class=\"vc_row wpb_row vc_row-fluid geschikt-voor-row-alt wpex-relative\"><div class=\"wpb_column vc_column_container vc_col-sm-12\"><div class=\"vc_column-inner vc_custom_1657802039208\"><div class=\"wpb_wrapper\">\n\t<div class=\"wpb_text_column wpb_content_element left\" >\n\t\t<div class=\"wpb_wrapper\">\n\t\t\t<h2 style=\"text-align: center;\">Das kannst du mit dem Konro Grill machen<\/h2>\n\n\t\t<\/div>\n\t<\/div>\n<div class=\"vc_row wpb_row vc_inner vc_row-fluid wpex-relative\"><div class=\"wpb_column vc_column_container vc_col-sm-4\"><div class=\"vc_column-inner\"><div class=\"wpb_wrapper\">\n\t<div  class=\"wpb_single_image wpb_content_element vc_align_center wpb_content_element  icon\">\n\t\t\n\t\t<figure class=\"wpb_wrapper vc_figure\">\n\t\t\t<div class=\"vc_single_image-wrapper   vc_box_border_grey\"><img width=\"1\" height=\"1\" src=\"https:\/\/konro-grill.com\/wp-content\/uploads\/2020\/11\/vlees.svg\" class=\"vc_single_image-img attachment-full\" alt=\"\" title=\"Fleisch\" \/><\/div>\n\t\t<\/figure>\n\t<\/div>\n\n\t<div class=\"wpb_text_column wpb_content_element textcenter\" >\n\t\t<div class=\"wpb_wrapper\">\n\t\t\t<h3>Gefl\u00fcgel und Fleisch<\/h3>\n<p>Grillen Sie H\u00fchnchen nach Yakitori-Art und braten Sie zarte, d\u00fcnne Scheiben vom Wagyu an!<\/p>\n\n\t\t<\/div>\n\t<\/div>\n<\/div><\/div><\/div><div class=\"wpb_column vc_column_container vc_col-sm-4\"><div class=\"vc_column-inner\"><div class=\"wpb_wrapper\">\n\t<div  class=\"wpb_single_image wpb_content_element vc_align_center wpb_content_element  icon\">\n\t\t\n\t\t<figure class=\"wpb_wrapper vc_figure\">\n\t\t\t<div class=\"vc_single_image-wrapper   vc_box_border_grey\"><img width=\"1\" height=\"1\" src=\"https:\/\/konro-grill.com\/wp-content\/uploads\/2020\/11\/vis.svg\" class=\"vc_single_image-img attachment-full\" alt=\"\" title=\"Fisch\" \/><\/div>\n\t\t<\/figure>\n\t<\/div>\n\n\t<div class=\"wpb_text_column wpb_content_element textcenter\" >\n\t\t<div class=\"wpb_wrapper\">\n\t\t\t<h3>Fisch und Schalentiere<\/h3>\n<p>Muscheln oder Fisch direkt grillen. K\u00f6stlich! Schmecken Sie den reinen Geschmack!<\/p>\n\n\t\t<\/div>\n\t<\/div>\n<\/div><\/div><\/div><div class=\"wpb_column vc_column_container vc_col-sm-4\"><div class=\"vc_column-inner\"><div class=\"wpb_wrapper\">\n\t<div  class=\"wpb_single_image wpb_content_element vc_align_center wpb_content_element  icon\">\n\t\t\n\t\t<figure class=\"wpb_wrapper vc_figure\">\n\t\t\t<div class=\"vc_single_image-wrapper   vc_box_border_grey\"><img width=\"1\" height=\"1\" src=\"https:\/\/konro-grill.com\/wp-content\/uploads\/2020\/11\/groente.svg\" class=\"vc_single_image-img attachment-full\" alt=\"\" title=\"Gem\u00fcse\" \/><\/div>\n\t\t<\/figure>\n\t<\/div>\n\n\t<div class=\"wpb_text_column wpb_content_element textcenter\" >\n\t\t<div class=\"wpb_wrapper\">\n\t\t\t<h3>Obst und Gem\u00fcse<\/h3>\n<p>Grillen Sie Gem\u00fcse oder sogar Obst. Lackieren Sie es und lassen Sie sich von seinem Geschmack \u00fcberraschen!<\/p>\n\n\t\t<\/div>\n\t<\/div>\n<\/div><\/div><\/div><\/div><\/div><\/div><\/div><\/div><\/div><\/div><\/div><\/div><\/div>\n<\/div>","protected":false},"excerpt":{"rendered":"<h2>Das YAKINIKU Shichirin Medium PRO, das neue Profi-Modell.<\/h2>\n<p>Der YAKINIKU Shichirin Medium PRO ist der neueste <strong>Japanischer Stil<\/strong> Tischgrill von YAKINIKU. Dieses Modell hat einen besseren Luftstrom, ist leichter zu reinigen und hat eine Doppelwand f\u00fcr eine bessere Temperaturkontrolle. <span style=\"background-color: var(--wpex-surface-1);\">Dieses rechteckige Shichirin wird in China aus einer Mischung aus Quarz und Cordierit hergestellt und hat ein <strong>Grillfl\u00e4che von 39 x 21 cm<\/strong>. Dieser Shichirin ist <strong>geeignet f\u00fcr 2 bis 6 Personen<\/strong>, wiegt <strong>12 kg<\/strong> und eine<strong> Holztisch-Plattform<\/strong> enthalten.<\/span><\/p>","protected":false},"featured_media":10010,"template":"","meta":{"inline_featured_image":false},"product_brand":[],"product_cat":[20,425],"product_tag":[],"class_list":{"0":"post-10009","1":"product","2":"type-product","3":"status-publish","4":"has-post-thumbnail","6":"product_cat-konro-grills","7":"product_cat-yakiniku-grill","8":"entry","9":"has-media","11":"first","12":"instock","13":"sale","14":"taxable","15":"shipping-taxable","16":"purchasable","17":"product-type-simple"},"bundled_by":[],"bundle_stock_status":"instock","bundle_stock_quantity":9,"bundle_virtual":false,"bundle_layout":"","bundle_add_to_cart_form_location":"","bundle_editable_in_cart":false,"bundle_sold_individually_context":"","bundle_item_grouping":"","bundle_min_size":"","bundle_max_size":"","bundle_price":[],"bundled_items":[],"bundle_sell_ids":[3912,3195,8960,9007,3203,3209,3206,915,2519,9989],"yoast_head":"<!-- This site is optimized with the Yoast SEO plugin v27.4 - https:\/\/yoast.com\/product\/yoast-seo-wordpress\/ -->\n<title>YAKINIKU Shichirin Medium PRO, bestel hem bij Konro Grill.<\/title>\n<meta name=\"description\" content=\"De YAKINIKU Shichirin PRO is de verbeterde versie van de klassieke Shichirin. Bestel hem bij de Grootste Japanse BBQ Specialist van Europa: Konro Grill.\" \/>\n<meta name=\"robots\" content=\"index, follow, max-snippet:-1, max-image-preview:large, max-video-preview:-1\" \/>\n<link rel=\"canonical\" href=\"https:\/\/konro-grill.com\/de\/produkt\/yakiniku-shichirin-medium-pro\/\" \/>\n<meta property=\"og:locale\" content=\"de_DE\" \/>\n<meta property=\"og:type\" content=\"article\" \/>\n<meta property=\"og:title\" content=\"YAKINIKU Shichirin Medium PRO, bestel hem bij Konro Grill.\" \/>\n<meta property=\"og:description\" content=\"De YAKINIKU Shichirin PRO is de verbeterde versie van de klassieke Shichirin. Bestel hem bij de Grootste Japanse BBQ Specialist van Europa: Konro Grill.\" \/>\n<meta property=\"og:url\" content=\"https:\/\/konro-grill.com\/de\/produkt\/yakiniku-shichirin-medium-pro\/\" \/>\n<meta property=\"og:site_name\" content=\"Konro Grill, de grootste Japanse BBQ specialist\" \/>\n<meta property=\"article:publisher\" content=\"https:\/\/facebook.com\/KonroGrillCom\" \/>\n<meta property=\"article:modified_time\" content=\"2026-04-22T08:28:06+00:00\" \/>\n<meta property=\"og:image\" content=\"https:\/\/konro-grill.com\/wp-content\/uploads\/2025\/10\/YAKINIKU-SHICHIRIN-MEDIUM-PRO-01.jpg\" \/>\n\t<meta property=\"og:image:width\" content=\"800\" \/>\n\t<meta property=\"og:image:height\" content=\"800\" \/>\n\t<meta property=\"og:image:type\" content=\"image\/jpeg\" \/>\n<meta name=\"twitter:card\" content=\"summary_large_image\" \/>\n<meta name=\"twitter:label1\" content=\"Gesch\u00e4tzte Lesezeit\" \/>\n\t<meta name=\"twitter:data1\" content=\"3\u00a0Minuten\" \/>\n<script type=\"application\/ld+json\" class=\"yoast-schema-graph\">{\"@context\":\"https:\\\/\\\/schema.org\",\"@graph\":[{\"@type\":\"WebPage\",\"@id\":\"https:\\\/\\\/konro-grill.com\\\/product\\\/yakiniku-shichirin-medium-pro\\\/\",\"url\":\"https:\\\/\\\/konro-grill.com\\\/product\\\/yakiniku-shichirin-medium-pro\\\/\",\"name\":\"YAKINIKU Shichirin Medium PRO, bestel hem bij Konro Grill.\",\"isPartOf\":{\"@id\":\"https:\\\/\\\/konro-grill.com\\\/#website\"},\"primaryImageOfPage\":{\"@id\":\"https:\\\/\\\/konro-grill.com\\\/product\\\/yakiniku-shichirin-medium-pro\\\/#primaryimage\"},\"image\":{\"@id\":\"https:\\\/\\\/konro-grill.com\\\/product\\\/yakiniku-shichirin-medium-pro\\\/#primaryimage\"},\"thumbnailUrl\":\"https:\\\/\\\/konro-grill.com\\\/wp-content\\\/uploads\\\/2025\\\/10\\\/YAKINIKU-SHICHIRIN-MEDIUM-PRO-01.jpg\",\"datePublished\":\"2025-10-02T09:30:12+00:00\",\"dateModified\":\"2026-04-22T08:28:06+00:00\",\"description\":\"De YAKINIKU Shichirin PRO is de verbeterde versie van de klassieke Shichirin. Bestel hem bij de Grootste Japanse BBQ Specialist van Europa: Konro Grill.\",\"breadcrumb\":{\"@id\":\"https:\\\/\\\/konro-grill.com\\\/product\\\/yakiniku-shichirin-medium-pro\\\/#breadcrumb\"},\"inLanguage\":\"de\",\"potentialAction\":[{\"@type\":\"ReadAction\",\"target\":[\"https:\\\/\\\/konro-grill.com\\\/product\\\/yakiniku-shichirin-medium-pro\\\/\"]}]},{\"@type\":\"ImageObject\",\"inLanguage\":\"de\",\"@id\":\"https:\\\/\\\/konro-grill.com\\\/product\\\/yakiniku-shichirin-medium-pro\\\/#primaryimage\",\"url\":\"https:\\\/\\\/konro-grill.com\\\/wp-content\\\/uploads\\\/2025\\\/10\\\/YAKINIKU-SHICHIRIN-MEDIUM-PRO-01.jpg\",\"contentUrl\":\"https:\\\/\\\/konro-grill.com\\\/wp-content\\\/uploads\\\/2025\\\/10\\\/YAKINIKU-SHICHIRIN-MEDIUM-PRO-01.jpg\",\"width\":800,\"height\":800,\"caption\":\"YAKINIKU Shichirin Medium PRO\"},{\"@type\":\"BreadcrumbList\",\"@id\":\"https:\\\/\\\/konro-grill.com\\\/product\\\/yakiniku-shichirin-medium-pro\\\/#breadcrumb\",\"itemListElement\":[{\"@type\":\"ListItem\",\"position\":1,\"name\":\"Home\",\"item\":\"https:\\\/\\\/konro-grill.com\\\/\"},{\"@type\":\"ListItem\",\"position\":2,\"name\":\"Winkel\",\"item\":\"https:\\\/\\\/konro-grill.com\\\/winkel\\\/\"},{\"@type\":\"ListItem\",\"position\":3,\"name\":\"YAKINIKU Shichirin Medium PRO\"}]},{\"@type\":\"WebSite\",\"@id\":\"https:\\\/\\\/konro-grill.com\\\/#website\",\"url\":\"https:\\\/\\\/konro-grill.com\\\/\",\"name\":\"Konro Grill\",\"description\":\"Konro Grill, de Grootste Japanse BBQ Specialist\",\"publisher\":{\"@id\":\"https:\\\/\\\/konro-grill.com\\\/#organization\"},\"potentialAction\":[{\"@type\":\"SearchAction\",\"target\":{\"@type\":\"EntryPoint\",\"urlTemplate\":\"https:\\\/\\\/konro-grill.com\\\/?s={search_term_string}\"},\"query-input\":{\"@type\":\"PropertyValueSpecification\",\"valueRequired\":true,\"valueName\":\"search_term_string\"}}],\"inLanguage\":\"de\"},{\"@type\":\"Organization\",\"@id\":\"https:\\\/\\\/konro-grill.com\\\/#organization\",\"name\":\"Konro Grill\",\"url\":\"https:\\\/\\\/konro-grill.com\\\/\",\"logo\":{\"@type\":\"ImageObject\",\"inLanguage\":\"de\",\"@id\":\"https:\\\/\\\/konro-grill.com\\\/#\\\/schema\\\/logo\\\/image\\\/\",\"url\":\"https:\\\/\\\/konro-grill.com\\\/wp-content\\\/uploads\\\/2021\\\/10\\\/konro-grill-logo.png\",\"contentUrl\":\"https:\\\/\\\/konro-grill.com\\\/wp-content\\\/uploads\\\/2021\\\/10\\\/konro-grill-logo.png\",\"width\":650,\"height\":80,\"caption\":\"Konro Grill\"},\"image\":{\"@id\":\"https:\\\/\\\/konro-grill.com\\\/#\\\/schema\\\/logo\\\/image\\\/\"},\"sameAs\":[\"https:\\\/\\\/facebook.com\\\/KonroGrillCom\",\"https:\\\/\\\/www.instagram.com\\\/konrogrillcom\\\/\"]}]}<\/script>\n<!-- \/ Yoast SEO plugin. -->","yoast_head_json":{"title":"YAKINIKU Shichirin Medium PRO, bestelle es bei Konro Grill.","description":"Der YAKINIKU Shichirin PRO ist die verbesserte Version des klassischen Shichirin. Bestelle ihn bei Europas gr\u00f6\u00dftem japanischen BBQ-Spezialisten: Konro Grill.","robots":{"index":"index","follow":"follow","max-snippet":"max-snippet:-1","max-image-preview":"max-image-preview:large","max-video-preview":"max-video-preview:-1"},"canonical":"https:\/\/konro-grill.com\/de\/produkt\/yakiniku-shichirin-medium-pro\/","og_locale":"de_DE","og_type":"article","og_title":"YAKINIKU Shichirin Medium PRO, bestel hem bij Konro Grill.","og_description":"De YAKINIKU Shichirin PRO is de verbeterde versie van de klassieke Shichirin. Bestel hem bij de Grootste Japanse BBQ Specialist van Europa: Konro Grill.","og_url":"https:\/\/konro-grill.com\/de\/produkt\/yakiniku-shichirin-medium-pro\/","og_site_name":"Konro Grill, de grootste Japanse BBQ specialist","article_publisher":"https:\/\/facebook.com\/KonroGrillCom","article_modified_time":"2026-04-22T08:28:06+00:00","og_image":[{"width":800,"height":800,"url":"https:\/\/konro-grill.com\/wp-content\/uploads\/2025\/10\/YAKINIKU-SHICHIRIN-MEDIUM-PRO-01.jpg","type":"image\/jpeg"}],"twitter_card":"summary_large_image","twitter_misc":{"Gesch\u00e4tzte Lesezeit":"3\u00a0Minuten"},"schema":{"@context":"https:\/\/schema.org","@graph":[{"@type":"WebPage","@id":"https:\/\/konro-grill.com\/product\/yakiniku-shichirin-medium-pro\/","url":"https:\/\/konro-grill.com\/product\/yakiniku-shichirin-medium-pro\/","name":"YAKINIKU Shichirin Medium PRO, bestelle es bei Konro Grill.","isPartOf":{"@id":"https:\/\/konro-grill.com\/#website"},"primaryImageOfPage":{"@id":"https:\/\/konro-grill.com\/product\/yakiniku-shichirin-medium-pro\/#primaryimage"},"image":{"@id":"https:\/\/konro-grill.com\/product\/yakiniku-shichirin-medium-pro\/#primaryimage"},"thumbnailUrl":"https:\/\/konro-grill.com\/wp-content\/uploads\/2025\/10\/YAKINIKU-SHICHIRIN-MEDIUM-PRO-01.jpg","datePublished":"2025-10-02T09:30:12+00:00","dateModified":"2026-04-22T08:28:06+00:00","description":"Der YAKINIKU Shichirin PRO ist die verbesserte Version des klassischen Shichirin. Bestelle ihn bei Europas gr\u00f6\u00dftem japanischen BBQ-Spezialisten: Konro Grill.","breadcrumb":{"@id":"https:\/\/konro-grill.com\/product\/yakiniku-shichirin-medium-pro\/#breadcrumb"},"inLanguage":"de","potentialAction":[{"@type":"ReadAction","target":["https:\/\/konro-grill.com\/product\/yakiniku-shichirin-medium-pro\/"]}]},{"@type":"ImageObject","inLanguage":"de","@id":"https:\/\/konro-grill.com\/product\/yakiniku-shichirin-medium-pro\/#primaryimage","url":"https:\/\/konro-grill.com\/wp-content\/uploads\/2025\/10\/YAKINIKU-SHICHIRIN-MEDIUM-PRO-01.jpg","contentUrl":"https:\/\/konro-grill.com\/wp-content\/uploads\/2025\/10\/YAKINIKU-SHICHIRIN-MEDIUM-PRO-01.jpg","width":800,"height":800,"caption":"YAKINIKU Shichirin Medium PRO"},{"@type":"BreadcrumbList","@id":"https:\/\/konro-grill.com\/product\/yakiniku-shichirin-medium-pro\/#breadcrumb","itemListElement":[{"@type":"ListItem","position":1,"name":"Home","item":"https:\/\/konro-grill.com\/"},{"@type":"ListItem","position":2,"name":"Winkel","item":"https:\/\/konro-grill.com\/winkel\/"},{"@type":"ListItem","position":3,"name":"YAKINIKU Shichirin Medium PRO"}]},{"@type":"WebSite","@id":"https:\/\/konro-grill.com\/#website","url":"https:\/\/konro-grill.com\/","name":"Konro Grill","description":"Konro Grill, der gr\u00f6\u00dfte japanische BBQ-Spezialist","publisher":{"@id":"https:\/\/konro-grill.com\/#organization"},"potentialAction":[{"@type":"SearchAction","target":{"@type":"EntryPoint","urlTemplate":"https:\/\/konro-grill.com\/?s={search_term_string}"},"query-input":{"@type":"PropertyValueSpecification","valueRequired":true,"valueName":"search_term_string"}}],"inLanguage":"de"},{"@type":"Organization","@id":"https:\/\/konro-grill.com\/#organization","name":"Konro Grill","url":"https:\/\/konro-grill.com\/","logo":{"@type":"ImageObject","inLanguage":"de","@id":"https:\/\/konro-grill.com\/#\/schema\/logo\/image\/","url":"https:\/\/konro-grill.com\/wp-content\/uploads\/2021\/10\/konro-grill-logo.png","contentUrl":"https:\/\/konro-grill.com\/wp-content\/uploads\/2021\/10\/konro-grill-logo.png","width":650,"height":80,"caption":"Konro Grill"},"image":{"@id":"https:\/\/konro-grill.com\/#\/schema\/logo\/image\/"},"sameAs":["https:\/\/facebook.com\/KonroGrillCom","https:\/\/www.instagram.com\/konrogrillcom\/"]}]}},"df_price":379.05,"df_sale_price":379.05,"df_regular_price":399,"df_image_link":"https:\/\/konro-grill.com\/wp-content\/uploads\/2025\/10\/YAKINIKU-SHICHIRIN-MEDIUM-PRO-01-300x300.jpg","_links":{"self":[{"href":"https:\/\/konro-grill.com\/de\/wp-json\/wp\/v2\/product\/10009","targetHints":{"allow":["GET"]}}],"collection":[{"href":"https:\/\/konro-grill.com\/de\/wp-json\/wp\/v2\/product"}],"about":[{"href":"https:\/\/konro-grill.com\/de\/wp-json\/wp\/v2\/types\/product"}],"wp:featuredmedia":[{"embeddable":true,"href":"https:\/\/konro-grill.com\/de\/wp-json\/wp\/v2\/media\/10010"}],"wp:attachment":[{"href":"https:\/\/konro-grill.com\/de\/wp-json\/wp\/v2\/media?parent=10009"}],"wp:term":[{"taxonomy":"product_brand","embeddable":true,"href":"https:\/\/konro-grill.com\/de\/wp-json\/wp\/v2\/product_brand?post=10009"},{"taxonomy":"product_cat","embeddable":true,"href":"https:\/\/konro-grill.com\/de\/wp-json\/wp\/v2\/product_cat?post=10009"},{"taxonomy":"product_tag","embeddable":true,"href":"https:\/\/konro-grill.com\/de\/wp-json\/wp\/v2\/product_tag?post=10009"}],"curies":[{"name":"wp","href":"https:\/\/api.w.org\/{rel}","templated":true}]}}