{"id":10334,"date":"2025-11-12T13:07:15","date_gmt":"2025-11-12T12:07:15","guid":{"rendered":"https:\/\/konro-grill.com\/?post_type=product&#038;p=10334"},"modified":"2026-04-23T10:28:03","modified_gmt":"2026-04-23T08:28:03","slug":"kasai-epto-spieszubehor-mit-6-spiesen","status":"publish","type":"product","link":"https:\/\/konro-grill.com\/de\/produkt\/kasai-epto-spieszubehor-mit-6-spiesen\/","title":{"rendered":"Kasai EPTO Spie\u00df-Zubeh\u00f6r + 6 Spie\u00dfe"},"content":{"rendered":"<h2>Aber was macht den KASAI EPTO Spie\u00dfst\u00e4nder wirklich einzigartig?<\/h2>\n<p>Das einzigartige Verriegelungsdesign sorgt daf\u00fcr, dass du sofort mit dem Kochen beginnen kannst, sobald dein Spie\u00df an seinem Platz ist, und keine st\u00e4ndigen Anpassungen mehr n\u00f6tig sind.<\/p>\n<h3>Warum es so gut funktioniert<\/h3>\n<ul>\n<li><strong>Innovatives Spie\u00df- und Verschlusssystem:<\/strong> Der mitgelieferte Aufsatz h\u00e4lt den Spie\u00df nicht nur im perfekten Winkel, sondern arretiert ihn auch, damit du dich auf das Kochen konzentrieren kannst und ihn nicht zur\u00fccksetzen musst.<\/li>\n<li><strong>Gleichm\u00e4\u00dfige W\u00e4rmeverteilung<\/strong>: Indem die Zutaten aufrecht platziert werden, wird es mit sanfter, konstanter Hitze gegart. Das verringert das Risiko des Anbrennens und schafft eine perfekte Balance zwischen Karamellisierung und Rauchigkeit.<\/li>\n<li><strong>Bessere Feuchtigkeitsspeicherung<\/strong>, Indem du die Zutaten hoch h\u00e4ltst, minimierst du den Feuchtigkeitsverlust und h\u00e4ltst Fleisch, Fisch und Gem\u00fcse saftig, zart und voller Geschmack.<\/li>\n<li><strong>Hochwertige Konstruktion<\/strong>, Die Spie\u00dfe und der Aufsatz sind hergestellt aus <strong>Hochwertiger Edelstahl<\/strong> und sind langlebig, verformungsbest\u00e4ndig und hitzebest\u00e4ndig.<\/li>\n<li><strong>Kraftstoffeffizienz und Luftstrom<\/strong>: Die erh\u00f6hte Position verbessert den Luftstrom um den Grill, sodass die Kohlen effizienter brennen und die Hitze l\u00e4nger anh\u00e4lt.<\/li>\n<li><strong>Ideal f\u00fcr alle Zutaten<\/strong>, Egal, ob du zarten Fisch, dicke Steaks oder frisches Gem\u00fcse grillst, das EPTO-Spie\u00dfset h\u00e4lt sie fest an ihrem Platz und sorgt f\u00fcr perfekte, m\u00fchelose Ergebnisse.<\/li>\n<li><strong>Auffallende Pr\u00e4sentation<\/strong>, Wenn du dein Essen hoch \u00fcber dem Feuer pr\u00e4sentierst, ist das nicht nur eine bessere Art zu kochen, sondern auch ein echtes Prunkst\u00fcck f\u00fcr jeden Grillanlass. Das sollte man sich in der offenen K\u00fcche ansehen!<\/li>\n<\/ul>\n<p><strong>R\u00fcste deinen Kasai Grill mit dem EPTO Spie\u00df-Set (6er Pack) auf, denn beim Grillen geht es um Pr\u00e4zision, Komfort und die optimale Nutzung jeder Flamme.<\/strong><\/p>","protected":false},"excerpt":{"rendered":"<h2>KASAI EPTO Spie\u00dfhalterung + Spie\u00dfe<\/h2>\n<p>Darf ich vorstellen: das EPTO Spie\u00df-Set, eine intelligentere und effizientere Art zu grillen. Mit dem EPTO Spie\u00dfset kannst du dein Grillerlebnis auf die n\u00e4chste Stufe heben. Es wurde entwickelt, um Fisch, Fleisch und Gem\u00fcse auf deinem Kasai Grill hoch und indirekt zu halten. Jede Halterung wird mit 6 Spie\u00dfen geliefert. Die Halterung ist eine pr\u00e4zise entworfene Befestigung, die sicher auf den Rahmen jedes Kasai Grills passt. M\u00fchelos zu montieren und <strong>passend f\u00fcr alle Kasai Modelle<\/strong>. Lies unten weiter.<\/p>","protected":false},"featured_media":10346,"template":"","meta":{"inline_featured_image":false},"product_brand":[],"product_cat":[376,472,433,435,434,507,432,436],"product_tag":[],"class_list":{"0":"post-10334","1":"product","2":"type-product","3":"status-publish","4":"has-post-thumbnail","6":"product_cat-bbq-spiezen","7":"product_cat-kasai-accessoires","8":"product_cat-kasai-little","9":"product_cat-kasai-long","10":"product_cat-kasai-medium-long","11":"product_cat-kasai-medium-wide","12":"product_cat-kasai-nano","13":"product_cat-kasai-xl","14":"entry","15":"has-media","17":"first","18":"instock","19":"taxable","20":"shipping-taxable","21":"purchasable","22":"product-type-simple"},"bundled_by":[],"bundle_stock_status":"instock","bundle_stock_quantity":7,"bundle_virtual":false,"bundle_layout":"","bundle_add_to_cart_form_location":"","bundle_editable_in_cart":false,"bundle_sold_individually_context":"","bundle_item_grouping":"","bundle_min_size":"","bundle_max_size":"","bundle_price":[],"bundled_items":[],"bundle_sell_ids":[],"yoast_head":"<!-- This site is optimized with the Yoast SEO plugin v27.4 - https:\/\/yoast.com\/product\/yoast-seo-wordpress\/ -->\n<title>Kasai EPTO Spies Accessoire met 6 Spiesjes bij Konro Grill, de grootste Japanse BBQ specialist<\/title>\n<meta name=\"description\" content=\"Ontdek de Kasai EPTO Spies Accessoire met 6 spiesjes. Ideaal voor vlees, vis en groente op de BBQ. Duurzaam, handig en eenvoudig in gebruik.\" \/>\n<meta name=\"robots\" content=\"index, follow, max-snippet:-1, max-image-preview:large, max-video-preview:-1\" \/>\n<link rel=\"canonical\" href=\"https:\/\/konro-grill.com\/de\/produkt\/kasai-epto-spieszubehor-mit-6-spiesen\/\" \/>\n<meta property=\"og:locale\" content=\"de_DE\" \/>\n<meta property=\"og:type\" content=\"article\" \/>\n<meta property=\"og:title\" content=\"Kasai EPTO Spies Accessoire met 6 Spiesjes bij Konro Grill, de grootste Japanse BBQ specialist\" \/>\n<meta property=\"og:description\" content=\"Ontdek de Kasai EPTO Spies Accessoire met 6 spiesjes. Ideaal voor vlees, vis en groente op de BBQ. Duurzaam, handig en eenvoudig in gebruik.\" \/>\n<meta property=\"og:url\" content=\"https:\/\/konro-grill.com\/de\/produkt\/kasai-epto-spieszubehor-mit-6-spiesen\/\" \/>\n<meta property=\"og:site_name\" content=\"Konro Grill, de grootste Japanse BBQ specialist\" \/>\n<meta property=\"article:publisher\" content=\"https:\/\/facebook.com\/KonroGrillCom\" \/>\n<meta property=\"article:modified_time\" content=\"2026-04-23T08:28:03+00:00\" \/>\n<meta property=\"og:image\" content=\"https:\/\/konro-grill.com\/wp-content\/uploads\/2025\/11\/EPTO-Spies-Accessoire-Met-6-Spiesjes.jpg\" \/>\n\t<meta property=\"og:image:width\" content=\"800\" \/>\n\t<meta property=\"og:image:height\" content=\"800\" \/>\n\t<meta property=\"og:image:type\" content=\"image\/jpeg\" \/>\n<meta name=\"twitter:card\" content=\"summary_large_image\" \/>\n<meta name=\"twitter:label1\" content=\"Gesch\u00e4tzte Lesezeit\" \/>\n\t<meta name=\"twitter:data1\" content=\"2\u00a0Minuten\" \/>\n<script type=\"application\/ld+json\" class=\"yoast-schema-graph\">{\"@context\":\"https:\\\/\\\/schema.org\",\"@graph\":[{\"@type\":\"WebPage\",\"@id\":\"https:\\\/\\\/konro-grill.com\\\/product\\\/kasai-epto-spies-accessoire-met-6-spiesjes\\\/\",\"url\":\"https:\\\/\\\/konro-grill.com\\\/product\\\/kasai-epto-spies-accessoire-met-6-spiesjes\\\/\",\"name\":\"Kasai EPTO Spies Accessoire met 6 Spiesjes bij Konro Grill, de grootste Japanse BBQ specialist\",\"isPartOf\":{\"@id\":\"https:\\\/\\\/konro-grill.com\\\/#website\"},\"primaryImageOfPage\":{\"@id\":\"https:\\\/\\\/konro-grill.com\\\/product\\\/kasai-epto-spies-accessoire-met-6-spiesjes\\\/#primaryimage\"},\"image\":{\"@id\":\"https:\\\/\\\/konro-grill.com\\\/product\\\/kasai-epto-spies-accessoire-met-6-spiesjes\\\/#primaryimage\"},\"thumbnailUrl\":\"https:\\\/\\\/konro-grill.com\\\/wp-content\\\/uploads\\\/2025\\\/11\\\/EPTO-Spies-Accessoire-Met-6-Spiesjes.jpg\",\"datePublished\":\"2025-11-12T12:07:15+00:00\",\"dateModified\":\"2026-04-23T08:28:03+00:00\",\"description\":\"Ontdek de Kasai EPTO Spies Accessoire met 6 spiesjes. Ideaal voor vlees, vis en groente op de BBQ. Duurzaam, handig en eenvoudig in gebruik.\",\"breadcrumb\":{\"@id\":\"https:\\\/\\\/konro-grill.com\\\/product\\\/kasai-epto-spies-accessoire-met-6-spiesjes\\\/#breadcrumb\"},\"inLanguage\":\"de\",\"potentialAction\":[{\"@type\":\"ReadAction\",\"target\":[\"https:\\\/\\\/konro-grill.com\\\/product\\\/kasai-epto-spies-accessoire-met-6-spiesjes\\\/\"]}]},{\"@type\":\"ImageObject\",\"inLanguage\":\"de\",\"@id\":\"https:\\\/\\\/konro-grill.com\\\/product\\\/kasai-epto-spies-accessoire-met-6-spiesjes\\\/#primaryimage\",\"url\":\"https:\\\/\\\/konro-grill.com\\\/wp-content\\\/uploads\\\/2025\\\/11\\\/EPTO-Spies-Accessoire-Met-6-Spiesjes.jpg\",\"contentUrl\":\"https:\\\/\\\/konro-grill.com\\\/wp-content\\\/uploads\\\/2025\\\/11\\\/EPTO-Spies-Accessoire-Met-6-Spiesjes.jpg\",\"width\":800,\"height\":800},{\"@type\":\"BreadcrumbList\",\"@id\":\"https:\\\/\\\/konro-grill.com\\\/product\\\/kasai-epto-spies-accessoire-met-6-spiesjes\\\/#breadcrumb\",\"itemListElement\":[{\"@type\":\"ListItem\",\"position\":1,\"name\":\"Home\",\"item\":\"https:\\\/\\\/konro-grill.com\\\/\"},{\"@type\":\"ListItem\",\"position\":2,\"name\":\"Winkel\",\"item\":\"https:\\\/\\\/konro-grill.com\\\/winkel\\\/\"},{\"@type\":\"ListItem\",\"position\":3,\"name\":\"Kasai EPTO Spies Accessoire + 6 Spiesen\"}]},{\"@type\":\"WebSite\",\"@id\":\"https:\\\/\\\/konro-grill.com\\\/#website\",\"url\":\"https:\\\/\\\/konro-grill.com\\\/\",\"name\":\"Konro Grill\",\"description\":\"Konro Grill, de Grootste Japanse BBQ Specialist\",\"publisher\":{\"@id\":\"https:\\\/\\\/konro-grill.com\\\/#organization\"},\"potentialAction\":[{\"@type\":\"SearchAction\",\"target\":{\"@type\":\"EntryPoint\",\"urlTemplate\":\"https:\\\/\\\/konro-grill.com\\\/?s={search_term_string}\"},\"query-input\":{\"@type\":\"PropertyValueSpecification\",\"valueRequired\":true,\"valueName\":\"search_term_string\"}}],\"inLanguage\":\"de\"},{\"@type\":\"Organization\",\"@id\":\"https:\\\/\\\/konro-grill.com\\\/#organization\",\"name\":\"Konro Grill\",\"url\":\"https:\\\/\\\/konro-grill.com\\\/\",\"logo\":{\"@type\":\"ImageObject\",\"inLanguage\":\"de\",\"@id\":\"https:\\\/\\\/konro-grill.com\\\/#\\\/schema\\\/logo\\\/image\\\/\",\"url\":\"https:\\\/\\\/konro-grill.com\\\/wp-content\\\/uploads\\\/2021\\\/10\\\/konro-grill-logo.png\",\"contentUrl\":\"https:\\\/\\\/konro-grill.com\\\/wp-content\\\/uploads\\\/2021\\\/10\\\/konro-grill-logo.png\",\"width\":650,\"height\":80,\"caption\":\"Konro Grill\"},\"image\":{\"@id\":\"https:\\\/\\\/konro-grill.com\\\/#\\\/schema\\\/logo\\\/image\\\/\"},\"sameAs\":[\"https:\\\/\\\/facebook.com\\\/KonroGrillCom\",\"https:\\\/\\\/www.instagram.com\\\/konrogrillcom\\\/\"]}]}<\/script>\n<!-- \/ Yoast SEO plugin. -->","yoast_head_json":{"title":"Kasai EPTO Spie\u00df-Zubeh\u00f6r mit 6 Spie\u00dfen bei Konro Grill, dem gr\u00f6\u00dften japanischen BBQ-Spezialisten","description":"Entdecke das Kasai EPTO Spie\u00df-Zubeh\u00f6r mit 6 Spie\u00dfen. Ideal f\u00fcr Fleisch, Fisch und Gem\u00fcse auf dem BBQ. Langlebig, praktisch und einfach zu benutzen.","robots":{"index":"index","follow":"follow","max-snippet":"max-snippet:-1","max-image-preview":"max-image-preview:large","max-video-preview":"max-video-preview:-1"},"canonical":"https:\/\/konro-grill.com\/de\/produkt\/kasai-epto-spieszubehor-mit-6-spiesen\/","og_locale":"de_DE","og_type":"article","og_title":"Kasai EPTO Spies Accessoire met 6 Spiesjes bij Konro Grill, de grootste Japanse BBQ specialist","og_description":"Ontdek de Kasai EPTO Spies Accessoire met 6 spiesjes. Ideaal voor vlees, vis en groente op de BBQ. Duurzaam, handig en eenvoudig in gebruik.","og_url":"https:\/\/konro-grill.com\/de\/produkt\/kasai-epto-spieszubehor-mit-6-spiesen\/","og_site_name":"Konro Grill, de grootste Japanse BBQ specialist","article_publisher":"https:\/\/facebook.com\/KonroGrillCom","article_modified_time":"2026-04-23T08:28:03+00:00","og_image":[{"width":800,"height":800,"url":"https:\/\/konro-grill.com\/wp-content\/uploads\/2025\/11\/EPTO-Spies-Accessoire-Met-6-Spiesjes.jpg","type":"image\/jpeg"}],"twitter_card":"summary_large_image","twitter_misc":{"Gesch\u00e4tzte Lesezeit":"2\u00a0Minuten"},"schema":{"@context":"https:\/\/schema.org","@graph":[{"@type":"WebPage","@id":"https:\/\/konro-grill.com\/product\/kasai-epto-spies-accessoire-met-6-spiesjes\/","url":"https:\/\/konro-grill.com\/product\/kasai-epto-spies-accessoire-met-6-spiesjes\/","name":"Kasai EPTO Spie\u00df-Zubeh\u00f6r mit 6 Spie\u00dfen bei Konro Grill, dem gr\u00f6\u00dften japanischen BBQ-Spezialisten","isPartOf":{"@id":"https:\/\/konro-grill.com\/#website"},"primaryImageOfPage":{"@id":"https:\/\/konro-grill.com\/product\/kasai-epto-spies-accessoire-met-6-spiesjes\/#primaryimage"},"image":{"@id":"https:\/\/konro-grill.com\/product\/kasai-epto-spies-accessoire-met-6-spiesjes\/#primaryimage"},"thumbnailUrl":"https:\/\/konro-grill.com\/wp-content\/uploads\/2025\/11\/EPTO-Spies-Accessoire-Met-6-Spiesjes.jpg","datePublished":"2025-11-12T12:07:15+00:00","dateModified":"2026-04-23T08:28:03+00:00","description":"Entdecke das Kasai EPTO Spie\u00df-Zubeh\u00f6r mit 6 Spie\u00dfen. Ideal f\u00fcr Fleisch, Fisch und Gem\u00fcse auf dem BBQ. Langlebig, praktisch und einfach zu benutzen.","breadcrumb":{"@id":"https:\/\/konro-grill.com\/product\/kasai-epto-spies-accessoire-met-6-spiesjes\/#breadcrumb"},"inLanguage":"de","potentialAction":[{"@type":"ReadAction","target":["https:\/\/konro-grill.com\/product\/kasai-epto-spies-accessoire-met-6-spiesjes\/"]}]},{"@type":"ImageObject","inLanguage":"de","@id":"https:\/\/konro-grill.com\/product\/kasai-epto-spies-accessoire-met-6-spiesjes\/#primaryimage","url":"https:\/\/konro-grill.com\/wp-content\/uploads\/2025\/11\/EPTO-Spies-Accessoire-Met-6-Spiesjes.jpg","contentUrl":"https:\/\/konro-grill.com\/wp-content\/uploads\/2025\/11\/EPTO-Spies-Accessoire-Met-6-Spiesjes.jpg","width":800,"height":800},{"@type":"BreadcrumbList","@id":"https:\/\/konro-grill.com\/product\/kasai-epto-spies-accessoire-met-6-spiesjes\/#breadcrumb","itemListElement":[{"@type":"ListItem","position":1,"name":"Home","item":"https:\/\/konro-grill.com\/"},{"@type":"ListItem","position":2,"name":"Winkel","item":"https:\/\/konro-grill.com\/winkel\/"},{"@type":"ListItem","position":3,"name":"Kasai EPTO Spies Accessoire + 6 Spiesen"}]},{"@type":"WebSite","@id":"https:\/\/konro-grill.com\/#website","url":"https:\/\/konro-grill.com\/","name":"Konro Grill","description":"Konro Grill, der gr\u00f6\u00dfte japanische BBQ-Spezialist","publisher":{"@id":"https:\/\/konro-grill.com\/#organization"},"potentialAction":[{"@type":"SearchAction","target":{"@type":"EntryPoint","urlTemplate":"https:\/\/konro-grill.com\/?s={search_term_string}"},"query-input":{"@type":"PropertyValueSpecification","valueRequired":true,"valueName":"search_term_string"}}],"inLanguage":"de"},{"@type":"Organization","@id":"https:\/\/konro-grill.com\/#organization","name":"Konro Grill","url":"https:\/\/konro-grill.com\/","logo":{"@type":"ImageObject","inLanguage":"de","@id":"https:\/\/konro-grill.com\/#\/schema\/logo\/image\/","url":"https:\/\/konro-grill.com\/wp-content\/uploads\/2021\/10\/konro-grill-logo.png","contentUrl":"https:\/\/konro-grill.com\/wp-content\/uploads\/2021\/10\/konro-grill-logo.png","width":650,"height":80,"caption":"Konro Grill"},"image":{"@id":"https:\/\/konro-grill.com\/#\/schema\/logo\/image\/"},"sameAs":["https:\/\/facebook.com\/KonroGrillCom","https:\/\/www.instagram.com\/konrogrillcom\/"]}]}},"df_price":85,"df_sale_price":"","df_regular_price":85,"df_image_link":"https:\/\/konro-grill.com\/wp-content\/uploads\/2025\/11\/EPTO-Spies-Accessoire-Met-6-Spiesjes-300x300.jpg","_links":{"self":[{"href":"https:\/\/konro-grill.com\/de\/wp-json\/wp\/v2\/product\/10334","targetHints":{"allow":["GET"]}}],"collection":[{"href":"https:\/\/konro-grill.com\/de\/wp-json\/wp\/v2\/product"}],"about":[{"href":"https:\/\/konro-grill.com\/de\/wp-json\/wp\/v2\/types\/product"}],"wp:featuredmedia":[{"embeddable":true,"href":"https:\/\/konro-grill.com\/de\/wp-json\/wp\/v2\/media\/10346"}],"wp:attachment":[{"href":"https:\/\/konro-grill.com\/de\/wp-json\/wp\/v2\/media?parent=10334"}],"wp:term":[{"taxonomy":"product_brand","embeddable":true,"href":"https:\/\/konro-grill.com\/de\/wp-json\/wp\/v2\/product_brand?post=10334"},{"taxonomy":"product_cat","embeddable":true,"href":"https:\/\/konro-grill.com\/de\/wp-json\/wp\/v2\/product_cat?post=10334"},{"taxonomy":"product_tag","embeddable":true,"href":"https:\/\/konro-grill.com\/de\/wp-json\/wp\/v2\/product_tag?post=10334"}],"curies":[{"name":"wp","href":"https:\/\/api.w.org\/{rel}","templated":true}]}}