{"id":10341,"date":"2025-11-12T13:07:15","date_gmt":"2025-11-12T12:07:15","guid":{"rendered":"https:\/\/konro-grill.com\/?post_type=product&#038;p=10341"},"modified":"2026-04-23T10:28:03","modified_gmt":"2026-04-23T08:28:03","slug":"kasai-xl-hibachi-bar-spiesset","status":"publish","type":"product","link":"https:\/\/konro-grill.com\/de\/produkt\/kasai-xl-hibachi-bar-spiesset\/","title":{"rendered":"Kasai XL Hibachi Bar &amp; Spie\u00dfset"},"content":{"rendered":"<ul>\n<li>Komplettset \u2013 mit Hibachi-St\u00e4ben und passenden Spie\u00dfen<\/li>\n<li>Echtes Yakitori-Kochen \u2013 perfekt f\u00fcr Spie\u00dfe, Kebabs, Sat\u00e9 und kleine Fleischst\u00fccke<\/li>\n<li>Entworfen f\u00fcr Kasai Grills \u2013 stabil, sicher und einfach zu bedienen<\/li>\n<li>Verhindert Lebensmittelverluste \u2013 kleine Sachen fallen nicht mehr durch die Gitter<\/li>\n<li>Professionelle Qualit\u00e4t \u2013 aus robustem Edelstahl f\u00fcr eine lange Lebensdauer<\/li>\n<li>Einfach zu reinigen \u2013 wiederverwendbar und f\u00fcr den t\u00e4glichen Gebrauch gemacht<\/li>\n<li>XL Hibachi Bar-Set Ma\u00dfe: 899 x 85 x 12 mm<\/li>\n<li>Gr\u00f6\u00dfe des einzelnen Spie\u00dfes: 220 x 15 mm<\/li>\n<li>12 Spie\u00dfe inklusive<\/li>\n<li>Kasai Grill nicht enthalten<\/li>\n<\/ul>","protected":false},"excerpt":{"rendered":"<h2>Kasai XL Hibachi Bar &amp; Spie\u00df Set<\/h2>\n<p>Die robusten Edelstahlst\u00e4be passen perfekt \u00fcber dein Kasai und bieten eine stabile Plattform f\u00fcr die mitgelieferten Spie\u00dfe. Das Design verhindert, dass Lebensmittel durch die Roste fallen, sorgt f\u00fcr gleichm\u00e4\u00dfiges Garen und macht es einfach, delikate Spie\u00dfe mit Fleisch, Meeresfr\u00fcchten oder Gem\u00fcse zuzubereiten.<\/p>","protected":false},"featured_media":10380,"template":"","meta":{"inline_featured_image":false},"product_brand":[],"product_cat":[472,436],"product_tag":[],"class_list":{"0":"post-10341","1":"product","2":"type-product","3":"status-publish","4":"has-post-thumbnail","6":"product_cat-kasai-accessoires","7":"product_cat-kasai-xl","8":"entry","9":"has-media","11":"first","12":"instock","13":"taxable","14":"shipping-taxable","15":"purchasable","16":"product-type-simple"},"bundled_by":[],"bundle_stock_status":"instock","bundle_stock_quantity":5,"bundle_virtual":false,"bundle_layout":"","bundle_add_to_cart_form_location":"","bundle_editable_in_cart":false,"bundle_sold_individually_context":"","bundle_item_grouping":"","bundle_min_size":"","bundle_max_size":"","bundle_price":[],"bundled_items":[],"bundle_sell_ids":[],"yoast_head":"<!-- This site is optimized with the Yoast SEO plugin v27.4 - https:\/\/yoast.com\/product\/yoast-seo-wordpress\/ -->\n<title>Kasai XL Hibachi Bar &amp; Spiesenset bij Konro Grill, de grootste Japanse BBQ specialist<\/title>\n<meta name=\"description\" content=\"De Kasai XL Hibachi Bar &amp; Spiesenset, authentiek koken in yakitoristijl. Bestel nu bij Kamado Express.\" \/>\n<meta name=\"robots\" content=\"index, follow, max-snippet:-1, max-image-preview:large, max-video-preview:-1\" \/>\n<link rel=\"canonical\" href=\"https:\/\/konro-grill.com\/de\/produkt\/kasai-xl-hibachi-bar-spiesset\/\" \/>\n<meta property=\"og:locale\" content=\"de_DE\" \/>\n<meta property=\"og:type\" content=\"article\" \/>\n<meta property=\"og:title\" content=\"Kasai XL Hibachi Bar &amp; Spiesenset bij Konro Grill, de grootste Japanse BBQ specialist\" \/>\n<meta property=\"og:description\" content=\"De Kasai XL Hibachi Bar &amp; Spiesenset, authentiek koken in yakitoristijl. Bestel nu bij Kamado Express.\" \/>\n<meta property=\"og:url\" content=\"https:\/\/konro-grill.com\/de\/produkt\/kasai-xl-hibachi-bar-spiesset\/\" \/>\n<meta property=\"og:site_name\" content=\"Konro Grill, de grootste Japanse BBQ specialist\" \/>\n<meta property=\"article:publisher\" content=\"https:\/\/facebook.com\/KonroGrillCom\" \/>\n<meta property=\"article:modified_time\" content=\"2026-04-23T08:28:03+00:00\" \/>\n<meta property=\"og:image\" content=\"https:\/\/konro-grill.com\/wp-content\/uploads\/2025\/11\/Extra-Long-Kasai-Hibachi-Bar-Spiesenset-1.jpg\" \/>\n\t<meta property=\"og:image:width\" content=\"800\" \/>\n\t<meta property=\"og:image:height\" content=\"800\" \/>\n\t<meta property=\"og:image:type\" content=\"image\/jpeg\" \/>\n<meta name=\"twitter:card\" content=\"summary_large_image\" \/>\n<meta name=\"twitter:label1\" content=\"Gesch\u00e4tzte Lesezeit\" \/>\n\t<meta name=\"twitter:data1\" content=\"1\u00a0Minute\" \/>\n<script type=\"application\/ld+json\" class=\"yoast-schema-graph\">{\"@context\":\"https:\\\/\\\/schema.org\",\"@graph\":[{\"@type\":\"WebPage\",\"@id\":\"https:\\\/\\\/konro-grill.com\\\/product\\\/kasai-xl-hibachi-bar-spiesenset\\\/\",\"url\":\"https:\\\/\\\/konro-grill.com\\\/product\\\/kasai-xl-hibachi-bar-spiesenset\\\/\",\"name\":\"Kasai XL Hibachi Bar & Spiesenset bij Konro Grill, de grootste Japanse BBQ specialist\",\"isPartOf\":{\"@id\":\"https:\\\/\\\/konro-grill.com\\\/#website\"},\"primaryImageOfPage\":{\"@id\":\"https:\\\/\\\/konro-grill.com\\\/product\\\/kasai-xl-hibachi-bar-spiesenset\\\/#primaryimage\"},\"image\":{\"@id\":\"https:\\\/\\\/konro-grill.com\\\/product\\\/kasai-xl-hibachi-bar-spiesenset\\\/#primaryimage\"},\"thumbnailUrl\":\"https:\\\/\\\/konro-grill.com\\\/wp-content\\\/uploads\\\/2025\\\/11\\\/Extra-Long-Kasai-Hibachi-Bar-Spiesenset-1.jpg\",\"datePublished\":\"2025-11-12T12:07:15+00:00\",\"dateModified\":\"2026-04-23T08:28:03+00:00\",\"description\":\"De Kasai XL Hibachi Bar & Spiesenset, authentiek koken in yakitoristijl. Bestel nu bij Kamado Express.\",\"breadcrumb\":{\"@id\":\"https:\\\/\\\/konro-grill.com\\\/product\\\/kasai-xl-hibachi-bar-spiesenset\\\/#breadcrumb\"},\"inLanguage\":\"de\",\"potentialAction\":[{\"@type\":\"ReadAction\",\"target\":[\"https:\\\/\\\/konro-grill.com\\\/product\\\/kasai-xl-hibachi-bar-spiesenset\\\/\"]}]},{\"@type\":\"ImageObject\",\"inLanguage\":\"de\",\"@id\":\"https:\\\/\\\/konro-grill.com\\\/product\\\/kasai-xl-hibachi-bar-spiesenset\\\/#primaryimage\",\"url\":\"https:\\\/\\\/konro-grill.com\\\/wp-content\\\/uploads\\\/2025\\\/11\\\/Extra-Long-Kasai-Hibachi-Bar-Spiesenset-1.jpg\",\"contentUrl\":\"https:\\\/\\\/konro-grill.com\\\/wp-content\\\/uploads\\\/2025\\\/11\\\/Extra-Long-Kasai-Hibachi-Bar-Spiesenset-1.jpg\",\"width\":800,\"height\":800,\"caption\":\"Kasai XL Hibachi Bar Spiesenset\"},{\"@type\":\"BreadcrumbList\",\"@id\":\"https:\\\/\\\/konro-grill.com\\\/product\\\/kasai-xl-hibachi-bar-spiesenset\\\/#breadcrumb\",\"itemListElement\":[{\"@type\":\"ListItem\",\"position\":1,\"name\":\"Home\",\"item\":\"https:\\\/\\\/konro-grill.com\\\/\"},{\"@type\":\"ListItem\",\"position\":2,\"name\":\"Winkel\",\"item\":\"https:\\\/\\\/konro-grill.com\\\/winkel\\\/\"},{\"@type\":\"ListItem\",\"position\":3,\"name\":\"Kasai XL Hibachi Bar &#038; Spiesenset\"}]},{\"@type\":\"WebSite\",\"@id\":\"https:\\\/\\\/konro-grill.com\\\/#website\",\"url\":\"https:\\\/\\\/konro-grill.com\\\/\",\"name\":\"Konro Grill\",\"description\":\"Konro Grill, de Grootste Japanse BBQ Specialist\",\"publisher\":{\"@id\":\"https:\\\/\\\/konro-grill.com\\\/#organization\"},\"potentialAction\":[{\"@type\":\"SearchAction\",\"target\":{\"@type\":\"EntryPoint\",\"urlTemplate\":\"https:\\\/\\\/konro-grill.com\\\/?s={search_term_string}\"},\"query-input\":{\"@type\":\"PropertyValueSpecification\",\"valueRequired\":true,\"valueName\":\"search_term_string\"}}],\"inLanguage\":\"de\"},{\"@type\":\"Organization\",\"@id\":\"https:\\\/\\\/konro-grill.com\\\/#organization\",\"name\":\"Konro Grill\",\"url\":\"https:\\\/\\\/konro-grill.com\\\/\",\"logo\":{\"@type\":\"ImageObject\",\"inLanguage\":\"de\",\"@id\":\"https:\\\/\\\/konro-grill.com\\\/#\\\/schema\\\/logo\\\/image\\\/\",\"url\":\"https:\\\/\\\/konro-grill.com\\\/wp-content\\\/uploads\\\/2021\\\/10\\\/konro-grill-logo.png\",\"contentUrl\":\"https:\\\/\\\/konro-grill.com\\\/wp-content\\\/uploads\\\/2021\\\/10\\\/konro-grill-logo.png\",\"width\":650,\"height\":80,\"caption\":\"Konro Grill\"},\"image\":{\"@id\":\"https:\\\/\\\/konro-grill.com\\\/#\\\/schema\\\/logo\\\/image\\\/\"},\"sameAs\":[\"https:\\\/\\\/facebook.com\\\/KonroGrillCom\",\"https:\\\/\\\/www.instagram.com\\\/konrogrillcom\\\/\"]}]}<\/script>\n<!-- \/ Yoast SEO plugin. -->","yoast_head_json":{"title":"Kasai XL Hibachi Bar &amp; Spie\u00dfset bei Konro Grill, dem gr\u00f6\u00dften japanischen BBQ-Spezialisten","description":"Das Kasai XL Hibachi Bar &amp; Spie\u00df-Set, echtes Kochen im Yakitori-Stil. Jetzt bei Kamado Express bestellen.","robots":{"index":"index","follow":"follow","max-snippet":"max-snippet:-1","max-image-preview":"max-image-preview:large","max-video-preview":"max-video-preview:-1"},"canonical":"https:\/\/konro-grill.com\/de\/produkt\/kasai-xl-hibachi-bar-spiesset\/","og_locale":"de_DE","og_type":"article","og_title":"Kasai XL Hibachi Bar & Spiesenset bij Konro Grill, de grootste Japanse BBQ specialist","og_description":"De Kasai XL Hibachi Bar & Spiesenset, authentiek koken in yakitoristijl. Bestel nu bij Kamado Express.","og_url":"https:\/\/konro-grill.com\/de\/produkt\/kasai-xl-hibachi-bar-spiesset\/","og_site_name":"Konro Grill, de grootste Japanse BBQ specialist","article_publisher":"https:\/\/facebook.com\/KonroGrillCom","article_modified_time":"2026-04-23T08:28:03+00:00","og_image":[{"width":800,"height":800,"url":"https:\/\/konro-grill.com\/wp-content\/uploads\/2025\/11\/Extra-Long-Kasai-Hibachi-Bar-Spiesenset-1.jpg","type":"image\/jpeg"}],"twitter_card":"summary_large_image","twitter_misc":{"Gesch\u00e4tzte Lesezeit":"1\u00a0Minute"},"schema":{"@context":"https:\/\/schema.org","@graph":[{"@type":"WebPage","@id":"https:\/\/konro-grill.com\/product\/kasai-xl-hibachi-bar-spiesenset\/","url":"https:\/\/konro-grill.com\/product\/kasai-xl-hibachi-bar-spiesenset\/","name":"Kasai XL Hibachi Bar &amp; Spie\u00dfset bei Konro Grill, dem gr\u00f6\u00dften japanischen BBQ-Spezialisten","isPartOf":{"@id":"https:\/\/konro-grill.com\/#website"},"primaryImageOfPage":{"@id":"https:\/\/konro-grill.com\/product\/kasai-xl-hibachi-bar-spiesenset\/#primaryimage"},"image":{"@id":"https:\/\/konro-grill.com\/product\/kasai-xl-hibachi-bar-spiesenset\/#primaryimage"},"thumbnailUrl":"https:\/\/konro-grill.com\/wp-content\/uploads\/2025\/11\/Extra-Long-Kasai-Hibachi-Bar-Spiesenset-1.jpg","datePublished":"2025-11-12T12:07:15+00:00","dateModified":"2026-04-23T08:28:03+00:00","description":"Das Kasai XL Hibachi Bar &amp; Spie\u00df-Set, echtes Kochen im Yakitori-Stil. Jetzt bei Kamado Express bestellen.","breadcrumb":{"@id":"https:\/\/konro-grill.com\/product\/kasai-xl-hibachi-bar-spiesenset\/#breadcrumb"},"inLanguage":"de","potentialAction":[{"@type":"ReadAction","target":["https:\/\/konro-grill.com\/product\/kasai-xl-hibachi-bar-spiesenset\/"]}]},{"@type":"ImageObject","inLanguage":"de","@id":"https:\/\/konro-grill.com\/product\/kasai-xl-hibachi-bar-spiesenset\/#primaryimage","url":"https:\/\/konro-grill.com\/wp-content\/uploads\/2025\/11\/Extra-Long-Kasai-Hibachi-Bar-Spiesenset-1.jpg","contentUrl":"https:\/\/konro-grill.com\/wp-content\/uploads\/2025\/11\/Extra-Long-Kasai-Hibachi-Bar-Spiesenset-1.jpg","width":800,"height":800,"caption":"Kasai XL Hibachi Bar Spiesenset"},{"@type":"BreadcrumbList","@id":"https:\/\/konro-grill.com\/product\/kasai-xl-hibachi-bar-spiesenset\/#breadcrumb","itemListElement":[{"@type":"ListItem","position":1,"name":"Home","item":"https:\/\/konro-grill.com\/"},{"@type":"ListItem","position":2,"name":"Winkel","item":"https:\/\/konro-grill.com\/winkel\/"},{"@type":"ListItem","position":3,"name":"Kasai XL Hibachi Bar &#038; Spiesenset"}]},{"@type":"WebSite","@id":"https:\/\/konro-grill.com\/#website","url":"https:\/\/konro-grill.com\/","name":"Konro Grill","description":"Konro Grill, der gr\u00f6\u00dfte japanische BBQ-Spezialist","publisher":{"@id":"https:\/\/konro-grill.com\/#organization"},"potentialAction":[{"@type":"SearchAction","target":{"@type":"EntryPoint","urlTemplate":"https:\/\/konro-grill.com\/?s={search_term_string}"},"query-input":{"@type":"PropertyValueSpecification","valueRequired":true,"valueName":"search_term_string"}}],"inLanguage":"de"},{"@type":"Organization","@id":"https:\/\/konro-grill.com\/#organization","name":"Konro Grill","url":"https:\/\/konro-grill.com\/","logo":{"@type":"ImageObject","inLanguage":"de","@id":"https:\/\/konro-grill.com\/#\/schema\/logo\/image\/","url":"https:\/\/konro-grill.com\/wp-content\/uploads\/2021\/10\/konro-grill-logo.png","contentUrl":"https:\/\/konro-grill.com\/wp-content\/uploads\/2021\/10\/konro-grill-logo.png","width":650,"height":80,"caption":"Konro Grill"},"image":{"@id":"https:\/\/konro-grill.com\/#\/schema\/logo\/image\/"},"sameAs":["https:\/\/facebook.com\/KonroGrillCom","https:\/\/www.instagram.com\/konrogrillcom\/"]}]}},"df_price":155,"df_sale_price":"","df_regular_price":155,"df_image_link":"https:\/\/konro-grill.com\/wp-content\/uploads\/2025\/11\/Extra-Long-Kasai-Hibachi-Bar-Spiesenset-1-300x300.jpg","_links":{"self":[{"href":"https:\/\/konro-grill.com\/de\/wp-json\/wp\/v2\/product\/10341","targetHints":{"allow":["GET"]}}],"collection":[{"href":"https:\/\/konro-grill.com\/de\/wp-json\/wp\/v2\/product"}],"about":[{"href":"https:\/\/konro-grill.com\/de\/wp-json\/wp\/v2\/types\/product"}],"wp:featuredmedia":[{"embeddable":true,"href":"https:\/\/konro-grill.com\/de\/wp-json\/wp\/v2\/media\/10380"}],"wp:attachment":[{"href":"https:\/\/konro-grill.com\/de\/wp-json\/wp\/v2\/media?parent=10341"}],"wp:term":[{"taxonomy":"product_brand","embeddable":true,"href":"https:\/\/konro-grill.com\/de\/wp-json\/wp\/v2\/product_brand?post=10341"},{"taxonomy":"product_cat","embeddable":true,"href":"https:\/\/konro-grill.com\/de\/wp-json\/wp\/v2\/product_cat?post=10341"},{"taxonomy":"product_tag","embeddable":true,"href":"https:\/\/konro-grill.com\/de\/wp-json\/wp\/v2\/product_tag?post=10341"}],"curies":[{"name":"wp","href":"https:\/\/api.w.org\/{rel}","templated":true}]}}