{"id":1563,"date":"2022-11-08T12:18:39","date_gmt":"2022-11-08T11:18:39","guid":{"rendered":"https:\/\/konro-grill.com\/?post_type=product&#038;p=1563"},"modified":"2026-04-22T10:28:05","modified_gmt":"2026-04-22T08:28:05","slug":"thailandische-holzkohle-pok-pok-6-x-22-kg","status":"publish","type":"product","link":"https:\/\/konro-grill.com\/de\/produkt\/thailandische-holzkohle-pok-pok-6-x-22-kg\/","title":{"rendered":"Thaan Pok Pok Holzkohle 6 x 2,2 kg"},"content":{"rendered":"","protected":false},"excerpt":{"rendered":"<h2>Alternative zu japanischer Binchotan-Holzkohle aus Thailand.<\/h2>\n<p>Gepresste Bl\u00f6cke thail\u00e4ndischer Holzkohle aus Ramboetan-Holz (Litschi) in einer Vorteilspackung mit 6 Schachteln \u00e0 2,2 kg. Thaan Pok Pok Holzkohle ist eine Alternative zur japanischen Binchotan Holzkohle aus Thailand. Sie wird aus Rambutan (Litschi)-Fruchtholz hergestellt, das nachhaltig angebaut wird. Diese Holzkohle hat einen sehr milden Geschmack und brennt sehr lange. Das macht sie zu einer erschwinglichen Alternative zu Binchotan-Holzkohle, die sich ideal f\u00fcr den Konro-Grill eignet.<\/p>\n<p>Maximal 1 Box pro Bestellung. M\u00f6chten Sie mehr bestellen? Nimm <a href=\"https:\/\/konro-grill.com\/de\/kontakt\/\">Kontakt<\/a> an.<\/p>","protected":false},"featured_media":1564,"template":"","meta":{"inline_featured_image":false},"product_brand":[],"product_cat":[101],"product_tag":[],"class_list":{"0":"post-1563","1":"product","2":"type-product","3":"status-publish","4":"has-post-thumbnail","6":"product_cat-binchotan","7":"entry","8":"has-media","10":"first","11":"instock","12":"taxable","13":"shipping-taxable","14":"purchasable","15":"product-type-simple"},"bundled_by":[],"bundle_stock_status":"instock","bundle_stock_quantity":30,"bundle_virtual":false,"bundle_layout":"","bundle_add_to_cart_form_location":"","bundle_editable_in_cart":false,"bundle_sold_individually_context":"","bundle_item_grouping":"","bundle_min_size":"","bundle_max_size":"","bundle_price":[],"bundled_items":[],"bundle_sell_ids":[],"yoast_head":"<!-- This site is optimized with the Yoast SEO plugin v27.4 - https:\/\/yoast.com\/product\/yoast-seo-wordpress\/ -->\n<title>Thaan Pok Pok Houtskool | Doos van 6 x 2.2kg | Konro Grill<\/title>\n<meta name=\"description\" content=\"Thaan Pok Pok Houtskool doos van 6 x 2.2kg. Dit Thaise alternatief op Japanse binchotan is een lang brandende houtskool. Perfect in je Konro Grill.\" \/>\n<meta name=\"robots\" content=\"index, follow, max-snippet:-1, max-image-preview:large, max-video-preview:-1\" \/>\n<link rel=\"canonical\" href=\"https:\/\/konro-grill.com\/de\/produkt\/thailandische-holzkohle-pok-pok-6-x-22-kg\/\" \/>\n<meta property=\"og:locale\" content=\"de_DE\" \/>\n<meta property=\"og:type\" content=\"article\" \/>\n<meta property=\"og:title\" content=\"Thaan Pok Pok Houtskool | Doos van 6 x 2.2kg | Konro Grill\" \/>\n<meta property=\"og:description\" content=\"Thaan Pok Pok Houtskool doos van 6 x 2.2kg. Dit Thaise alternatief op Japanse binchotan is een lang brandende houtskool. Perfect in je Konro Grill.\" \/>\n<meta property=\"og:url\" content=\"https:\/\/konro-grill.com\/de\/produkt\/thailandische-holzkohle-pok-pok-6-x-22-kg\/\" \/>\n<meta property=\"og:site_name\" content=\"Konro Grill, de grootste Japanse BBQ specialist\" \/>\n<meta property=\"article:publisher\" content=\"https:\/\/facebook.com\/KonroGrillCom\" \/>\n<meta property=\"article:modified_time\" content=\"2026-04-22T08:28:05+00:00\" \/>\n<meta property=\"og:image\" content=\"https:\/\/konro-grill.com\/wp-content\/uploads\/2022\/11\/Thaan-Houtskool-Pok-Pok-Doos-6-X-22Kg-1-Kamado-Express.jpg\" \/>\n\t<meta property=\"og:image:width\" content=\"800\" \/>\n\t<meta property=\"og:image:height\" content=\"800\" \/>\n\t<meta property=\"og:image:type\" content=\"image\/jpeg\" \/>\n<meta name=\"twitter:card\" content=\"summary_large_image\" \/>\n<meta name=\"twitter:label1\" content=\"Gesch\u00e4tzte Lesezeit\" \/>\n\t<meta name=\"twitter:data1\" content=\"1\u00a0Minute\" \/>\n<script type=\"application\/ld+json\" class=\"yoast-schema-graph\">{\"@context\":\"https:\\\/\\\/schema.org\",\"@graph\":[{\"@type\":\"WebPage\",\"@id\":\"https:\\\/\\\/konro-grill.com\\\/product\\\/thaan-houtskool-pok-pok-6-x-22-kg\\\/\",\"url\":\"https:\\\/\\\/konro-grill.com\\\/product\\\/thaan-houtskool-pok-pok-6-x-22-kg\\\/\",\"name\":\"Thaan Pok Pok Houtskool | Doos van 6 x 2.2kg | Konro Grill\",\"isPartOf\":{\"@id\":\"https:\\\/\\\/konro-grill.com\\\/#website\"},\"primaryImageOfPage\":{\"@id\":\"https:\\\/\\\/konro-grill.com\\\/product\\\/thaan-houtskool-pok-pok-6-x-22-kg\\\/#primaryimage\"},\"image\":{\"@id\":\"https:\\\/\\\/konro-grill.com\\\/product\\\/thaan-houtskool-pok-pok-6-x-22-kg\\\/#primaryimage\"},\"thumbnailUrl\":\"https:\\\/\\\/konro-grill.com\\\/wp-content\\\/uploads\\\/2022\\\/11\\\/Thaan-Houtskool-Pok-Pok-Doos-6-X-22Kg-1-Kamado-Express.jpg\",\"datePublished\":\"2022-11-08T11:18:39+00:00\",\"dateModified\":\"2026-04-22T08:28:05+00:00\",\"description\":\"Thaan Pok Pok Houtskool doos van 6 x 2.2kg. Dit Thaise alternatief op Japanse binchotan is een lang brandende houtskool. Perfect in je Konro Grill.\",\"breadcrumb\":{\"@id\":\"https:\\\/\\\/konro-grill.com\\\/product\\\/thaan-houtskool-pok-pok-6-x-22-kg\\\/#breadcrumb\"},\"inLanguage\":\"de\",\"potentialAction\":[{\"@type\":\"ReadAction\",\"target\":[\"https:\\\/\\\/konro-grill.com\\\/product\\\/thaan-houtskool-pok-pok-6-x-22-kg\\\/\"]}]},{\"@type\":\"ImageObject\",\"inLanguage\":\"de\",\"@id\":\"https:\\\/\\\/konro-grill.com\\\/product\\\/thaan-houtskool-pok-pok-6-x-22-kg\\\/#primaryimage\",\"url\":\"https:\\\/\\\/konro-grill.com\\\/wp-content\\\/uploads\\\/2022\\\/11\\\/Thaan-Houtskool-Pok-Pok-Doos-6-X-22Kg-1-Kamado-Express.jpg\",\"contentUrl\":\"https:\\\/\\\/konro-grill.com\\\/wp-content\\\/uploads\\\/2022\\\/11\\\/Thaan-Houtskool-Pok-Pok-Doos-6-X-22Kg-1-Kamado-Express.jpg\",\"width\":800,\"height\":800,\"caption\":\"Thaan Houtskool Pok Pok Doos - 6 X 2,2Kg\"},{\"@type\":\"BreadcrumbList\",\"@id\":\"https:\\\/\\\/konro-grill.com\\\/product\\\/thaan-houtskool-pok-pok-6-x-22-kg\\\/#breadcrumb\",\"itemListElement\":[{\"@type\":\"ListItem\",\"position\":1,\"name\":\"Home\",\"item\":\"https:\\\/\\\/konro-grill.com\\\/\"},{\"@type\":\"ListItem\",\"position\":2,\"name\":\"Winkel\",\"item\":\"https:\\\/\\\/konro-grill.com\\\/winkel\\\/\"},{\"@type\":\"ListItem\",\"position\":3,\"name\":\"Thaan Pok Pok Houtskool 6 x 2.2 kg\"}]},{\"@type\":\"WebSite\",\"@id\":\"https:\\\/\\\/konro-grill.com\\\/#website\",\"url\":\"https:\\\/\\\/konro-grill.com\\\/\",\"name\":\"Konro Grill\",\"description\":\"Konro Grill, de Grootste Japanse BBQ Specialist\",\"publisher\":{\"@id\":\"https:\\\/\\\/konro-grill.com\\\/#organization\"},\"potentialAction\":[{\"@type\":\"SearchAction\",\"target\":{\"@type\":\"EntryPoint\",\"urlTemplate\":\"https:\\\/\\\/konro-grill.com\\\/?s={search_term_string}\"},\"query-input\":{\"@type\":\"PropertyValueSpecification\",\"valueRequired\":true,\"valueName\":\"search_term_string\"}}],\"inLanguage\":\"de\"},{\"@type\":\"Organization\",\"@id\":\"https:\\\/\\\/konro-grill.com\\\/#organization\",\"name\":\"Konro Grill\",\"url\":\"https:\\\/\\\/konro-grill.com\\\/\",\"logo\":{\"@type\":\"ImageObject\",\"inLanguage\":\"de\",\"@id\":\"https:\\\/\\\/konro-grill.com\\\/#\\\/schema\\\/logo\\\/image\\\/\",\"url\":\"https:\\\/\\\/konro-grill.com\\\/wp-content\\\/uploads\\\/2021\\\/10\\\/konro-grill-logo.png\",\"contentUrl\":\"https:\\\/\\\/konro-grill.com\\\/wp-content\\\/uploads\\\/2021\\\/10\\\/konro-grill-logo.png\",\"width\":650,\"height\":80,\"caption\":\"Konro Grill\"},\"image\":{\"@id\":\"https:\\\/\\\/konro-grill.com\\\/#\\\/schema\\\/logo\\\/image\\\/\"},\"sameAs\":[\"https:\\\/\\\/facebook.com\\\/KonroGrillCom\",\"https:\\\/\\\/www.instagram.com\\\/konrogrillcom\\\/\"]}]}<\/script>\n<!-- \/ Yoast SEO plugin. -->","yoast_head_json":{"title":"Thaan Pok Pok Holzkohle | Schachtel mit 6 x 2,2kg | Konro Grill","description":"Thaan Pok Pok Holzkohle Karton mit 6 x 2,2 kg. Diese thail\u00e4ndische Alternative zum japanischen Binchotan ist eine lang brennende Holzkohle. Perfekt f\u00fcr Ihren Konro Grill.","robots":{"index":"index","follow":"follow","max-snippet":"max-snippet:-1","max-image-preview":"max-image-preview:large","max-video-preview":"max-video-preview:-1"},"canonical":"https:\/\/konro-grill.com\/de\/produkt\/thailandische-holzkohle-pok-pok-6-x-22-kg\/","og_locale":"de_DE","og_type":"article","og_title":"Thaan Pok Pok Houtskool | Doos van 6 x 2.2kg | Konro Grill","og_description":"Thaan Pok Pok Houtskool doos van 6 x 2.2kg. Dit Thaise alternatief op Japanse binchotan is een lang brandende houtskool. Perfect in je Konro Grill.","og_url":"https:\/\/konro-grill.com\/de\/produkt\/thailandische-holzkohle-pok-pok-6-x-22-kg\/","og_site_name":"Konro Grill, de grootste Japanse BBQ specialist","article_publisher":"https:\/\/facebook.com\/KonroGrillCom","article_modified_time":"2026-04-22T08:28:05+00:00","og_image":[{"width":800,"height":800,"url":"https:\/\/konro-grill.com\/wp-content\/uploads\/2022\/11\/Thaan-Houtskool-Pok-Pok-Doos-6-X-22Kg-1-Kamado-Express.jpg","type":"image\/jpeg"}],"twitter_card":"summary_large_image","twitter_misc":{"Gesch\u00e4tzte Lesezeit":"1\u00a0Minute"},"schema":{"@context":"https:\/\/schema.org","@graph":[{"@type":"WebPage","@id":"https:\/\/konro-grill.com\/product\/thaan-houtskool-pok-pok-6-x-22-kg\/","url":"https:\/\/konro-grill.com\/product\/thaan-houtskool-pok-pok-6-x-22-kg\/","name":"Thaan Pok Pok Holzkohle | Schachtel mit 6 x 2,2kg | Konro Grill","isPartOf":{"@id":"https:\/\/konro-grill.com\/#website"},"primaryImageOfPage":{"@id":"https:\/\/konro-grill.com\/product\/thaan-houtskool-pok-pok-6-x-22-kg\/#primaryimage"},"image":{"@id":"https:\/\/konro-grill.com\/product\/thaan-houtskool-pok-pok-6-x-22-kg\/#primaryimage"},"thumbnailUrl":"https:\/\/konro-grill.com\/wp-content\/uploads\/2022\/11\/Thaan-Houtskool-Pok-Pok-Doos-6-X-22Kg-1-Kamado-Express.jpg","datePublished":"2022-11-08T11:18:39+00:00","dateModified":"2026-04-22T08:28:05+00:00","description":"Thaan Pok Pok Holzkohle Karton mit 6 x 2,2 kg. Diese thail\u00e4ndische Alternative zum japanischen Binchotan ist eine lang brennende Holzkohle. Perfekt f\u00fcr Ihren Konro Grill.","breadcrumb":{"@id":"https:\/\/konro-grill.com\/product\/thaan-houtskool-pok-pok-6-x-22-kg\/#breadcrumb"},"inLanguage":"de","potentialAction":[{"@type":"ReadAction","target":["https:\/\/konro-grill.com\/product\/thaan-houtskool-pok-pok-6-x-22-kg\/"]}]},{"@type":"ImageObject","inLanguage":"de","@id":"https:\/\/konro-grill.com\/product\/thaan-houtskool-pok-pok-6-x-22-kg\/#primaryimage","url":"https:\/\/konro-grill.com\/wp-content\/uploads\/2022\/11\/Thaan-Houtskool-Pok-Pok-Doos-6-X-22Kg-1-Kamado-Express.jpg","contentUrl":"https:\/\/konro-grill.com\/wp-content\/uploads\/2022\/11\/Thaan-Houtskool-Pok-Pok-Doos-6-X-22Kg-1-Kamado-Express.jpg","width":800,"height":800,"caption":"Thaan Houtskool Pok Pok Doos - 6 X 2,2Kg"},{"@type":"BreadcrumbList","@id":"https:\/\/konro-grill.com\/product\/thaan-houtskool-pok-pok-6-x-22-kg\/#breadcrumb","itemListElement":[{"@type":"ListItem","position":1,"name":"Home","item":"https:\/\/konro-grill.com\/"},{"@type":"ListItem","position":2,"name":"Winkel","item":"https:\/\/konro-grill.com\/winkel\/"},{"@type":"ListItem","position":3,"name":"Thaan Pok Pok Houtskool 6 x 2.2 kg"}]},{"@type":"WebSite","@id":"https:\/\/konro-grill.com\/#website","url":"https:\/\/konro-grill.com\/","name":"Konro Grill","description":"Konro Grill, der gr\u00f6\u00dfte japanische BBQ-Spezialist","publisher":{"@id":"https:\/\/konro-grill.com\/#organization"},"potentialAction":[{"@type":"SearchAction","target":{"@type":"EntryPoint","urlTemplate":"https:\/\/konro-grill.com\/?s={search_term_string}"},"query-input":{"@type":"PropertyValueSpecification","valueRequired":true,"valueName":"search_term_string"}}],"inLanguage":"de"},{"@type":"Organization","@id":"https:\/\/konro-grill.com\/#organization","name":"Konro Grill","url":"https:\/\/konro-grill.com\/","logo":{"@type":"ImageObject","inLanguage":"de","@id":"https:\/\/konro-grill.com\/#\/schema\/logo\/image\/","url":"https:\/\/konro-grill.com\/wp-content\/uploads\/2021\/10\/konro-grill-logo.png","contentUrl":"https:\/\/konro-grill.com\/wp-content\/uploads\/2021\/10\/konro-grill-logo.png","width":650,"height":80,"caption":"Konro Grill"},"image":{"@id":"https:\/\/konro-grill.com\/#\/schema\/logo\/image\/"},"sameAs":["https:\/\/facebook.com\/KonroGrillCom","https:\/\/www.instagram.com\/konrogrillcom\/"]}]}},"df_price":107.7,"df_sale_price":"","df_regular_price":107.7,"df_image_link":"https:\/\/konro-grill.com\/wp-content\/uploads\/2022\/11\/Thaan-Houtskool-Pok-Pok-Doos-6-X-22Kg-1-Kamado-Express-300x300.jpg","_links":{"self":[{"href":"https:\/\/konro-grill.com\/de\/wp-json\/wp\/v2\/product\/1563","targetHints":{"allow":["GET"]}}],"collection":[{"href":"https:\/\/konro-grill.com\/de\/wp-json\/wp\/v2\/product"}],"about":[{"href":"https:\/\/konro-grill.com\/de\/wp-json\/wp\/v2\/types\/product"}],"wp:featuredmedia":[{"embeddable":true,"href":"https:\/\/konro-grill.com\/de\/wp-json\/wp\/v2\/media\/1564"}],"wp:attachment":[{"href":"https:\/\/konro-grill.com\/de\/wp-json\/wp\/v2\/media?parent=1563"}],"wp:term":[{"taxonomy":"product_brand","embeddable":true,"href":"https:\/\/konro-grill.com\/de\/wp-json\/wp\/v2\/product_brand?post=1563"},{"taxonomy":"product_cat","embeddable":true,"href":"https:\/\/konro-grill.com\/de\/wp-json\/wp\/v2\/product_cat?post=1563"},{"taxonomy":"product_tag","embeddable":true,"href":"https:\/\/konro-grill.com\/de\/wp-json\/wp\/v2\/product_tag?post=1563"}],"curies":[{"name":"wp","href":"https:\/\/api.w.org\/{rel}","templated":true}]}}