{"id":2519,"date":"2023-05-08T16:01:55","date_gmt":"2023-05-08T14:01:55","guid":{"rendered":"https:\/\/konro-grill.com\/?post_type=product&#038;p=2519"},"modified":"2026-04-25T10:28:04","modified_gmt":"2026-04-25T08:28:04","slug":"bambus-spiese-2","status":"publish","type":"product","link":"https:\/\/konro-grill.com\/de\/produkt\/bambus-spiese-2\/","title":{"rendered":"Bambus-Spie\u00dfe kurz 250 St\u00fcck"},"content":{"rendered":"","protected":false},"excerpt":{"rendered":"<h2>Bambusspie\u00dfe f\u00fcr Yakitori verwenden<\/h2>\n<p>Wenn du Yakitori oder andere Spie\u00dfe auf deinem Konro Grill zubereiten m\u00f6chtest, brauchst du nat\u00fcrlich die besten Spie\u00dfe. Die Box enth\u00e4lt 250 Bambusspie\u00dfe von 16 cm. Weiche sie eine Stunde lang in Wasser ein, damit sie auf deinem hei\u00dfen Grill nicht verbrennen.<\/p>","protected":false},"featured_media":2521,"template":"","meta":{"inline_featured_image":false},"product_brand":[],"product_cat":[376,510,99,381],"product_tag":[],"class_list":{"0":"post-2519","1":"product","2":"type-product","3":"status-publish","4":"has-post-thumbnail","6":"product_cat-bbq-spiezen","7":"product_cat-export","8":"product_cat-konro-accessoires","9":"product_cat-konro-essentials","10":"entry","11":"has-media","13":"first","14":"instock","15":"taxable","16":"shipping-taxable","17":"purchasable","18":"product-type-simple"},"bundled_by":["2452","1468","2454","1470","2455","1472","8262","8263","8264","8267","8268"],"bundle_stock_status":"instock","bundle_stock_quantity":52,"bundle_virtual":false,"bundle_layout":"","bundle_add_to_cart_form_location":"","bundle_editable_in_cart":false,"bundle_sold_individually_context":"","bundle_item_grouping":"","bundle_min_size":"","bundle_max_size":"","bundle_price":[],"bundled_items":[],"bundle_sell_ids":[],"yoast_head":"<!-- This site is optimized with the Yoast SEO plugin v27.4 - https:\/\/yoast.com\/product\/yoast-seo-wordpress\/ -->\n<title>Bamboe Spiesen 250 stuks | Verzending naar alle EU landen<\/title>\n<meta name=\"description\" content=\"Maak de lekkerste yakitori of andere BBQ spiesjes op je Konro Grill met deze Bamboe Spiesen van KonroGrill.com. Verkrijgbaar per 250 stuks.\" \/>\n<meta name=\"robots\" content=\"index, follow, max-snippet:-1, max-image-preview:large, max-video-preview:-1\" \/>\n<link rel=\"canonical\" href=\"https:\/\/konro-grill.com\/de\/produkt\/bambus-spiese-2\/\" \/>\n<meta property=\"og:locale\" content=\"de_DE\" \/>\n<meta property=\"og:type\" content=\"article\" \/>\n<meta property=\"og:title\" content=\"Bamboe Spiesen 250 stuks | Verzending naar alle EU landen\" \/>\n<meta property=\"og:description\" content=\"Maak de lekkerste yakitori of andere BBQ spiesjes op je Konro Grill met deze Bamboe Spiesen van KonroGrill.com. Verkrijgbaar per 250 stuks.\" \/>\n<meta property=\"og:url\" content=\"https:\/\/konro-grill.com\/de\/produkt\/bambus-spiese-2\/\" \/>\n<meta property=\"og:site_name\" content=\"Konro Grill, de grootste Japanse BBQ specialist\" \/>\n<meta property=\"article:publisher\" content=\"https:\/\/facebook.com\/KonroGrillCom\" \/>\n<meta property=\"article:modified_time\" content=\"2026-04-25T08:28:04+00:00\" \/>\n<meta property=\"og:image\" content=\"https:\/\/konro-grill.com\/wp-content\/uploads\/2023\/05\/Bamboe-Spiesen-250-stuks-1-Konro-Grill.jpg\" \/>\n\t<meta property=\"og:image:width\" content=\"800\" \/>\n\t<meta property=\"og:image:height\" content=\"800\" \/>\n\t<meta property=\"og:image:type\" content=\"image\/jpeg\" \/>\n<meta name=\"twitter:card\" content=\"summary_large_image\" \/>\n<meta name=\"twitter:label1\" content=\"Gesch\u00e4tzte Lesezeit\" \/>\n\t<meta name=\"twitter:data1\" content=\"1\u00a0Minute\" \/>\n<script type=\"application\/ld+json\" class=\"yoast-schema-graph\">{\"@context\":\"https:\\\/\\\/schema.org\",\"@graph\":[{\"@type\":\"WebPage\",\"@id\":\"https:\\\/\\\/konro-grill.com\\\/product\\\/bamboe-spiesen-2\\\/\",\"url\":\"https:\\\/\\\/konro-grill.com\\\/product\\\/bamboe-spiesen-2\\\/\",\"name\":\"Bamboe Spiesen 250 stuks | Verzending naar alle EU landen\",\"isPartOf\":{\"@id\":\"https:\\\/\\\/konro-grill.com\\\/#website\"},\"primaryImageOfPage\":{\"@id\":\"https:\\\/\\\/konro-grill.com\\\/product\\\/bamboe-spiesen-2\\\/#primaryimage\"},\"image\":{\"@id\":\"https:\\\/\\\/konro-grill.com\\\/product\\\/bamboe-spiesen-2\\\/#primaryimage\"},\"thumbnailUrl\":\"https:\\\/\\\/konro-grill.com\\\/wp-content\\\/uploads\\\/2023\\\/05\\\/Bamboe-Spiesen-250-stuks-1-Konro-Grill.jpg\",\"datePublished\":\"2023-05-08T14:01:55+00:00\",\"dateModified\":\"2026-04-25T08:28:04+00:00\",\"description\":\"Maak de lekkerste yakitori of andere BBQ spiesjes op je Konro Grill met deze Bamboe Spiesen van KonroGrill.com. Verkrijgbaar per 250 stuks.\",\"breadcrumb\":{\"@id\":\"https:\\\/\\\/konro-grill.com\\\/product\\\/bamboe-spiesen-2\\\/#breadcrumb\"},\"inLanguage\":\"de\",\"potentialAction\":[{\"@type\":\"ReadAction\",\"target\":[\"https:\\\/\\\/konro-grill.com\\\/product\\\/bamboe-spiesen-2\\\/\"]}]},{\"@type\":\"ImageObject\",\"inLanguage\":\"de\",\"@id\":\"https:\\\/\\\/konro-grill.com\\\/product\\\/bamboe-spiesen-2\\\/#primaryimage\",\"url\":\"https:\\\/\\\/konro-grill.com\\\/wp-content\\\/uploads\\\/2023\\\/05\\\/Bamboe-Spiesen-250-stuks-1-Konro-Grill.jpg\",\"contentUrl\":\"https:\\\/\\\/konro-grill.com\\\/wp-content\\\/uploads\\\/2023\\\/05\\\/Bamboe-Spiesen-250-stuks-1-Konro-Grill.jpg\",\"width\":800,\"height\":800,\"caption\":\"Bamboe Spiesen 250 stuks\"},{\"@type\":\"BreadcrumbList\",\"@id\":\"https:\\\/\\\/konro-grill.com\\\/product\\\/bamboe-spiesen-2\\\/#breadcrumb\",\"itemListElement\":[{\"@type\":\"ListItem\",\"position\":1,\"name\":\"Home\",\"item\":\"https:\\\/\\\/konro-grill.com\\\/\"},{\"@type\":\"ListItem\",\"position\":2,\"name\":\"Winkel\",\"item\":\"https:\\\/\\\/konro-grill.com\\\/winkel\\\/\"},{\"@type\":\"ListItem\",\"position\":3,\"name\":\"Bamboe spiesen kort 250 stuks\"}]},{\"@type\":\"WebSite\",\"@id\":\"https:\\\/\\\/konro-grill.com\\\/#website\",\"url\":\"https:\\\/\\\/konro-grill.com\\\/\",\"name\":\"Konro Grill\",\"description\":\"Konro Grill, de Grootste Japanse BBQ Specialist\",\"publisher\":{\"@id\":\"https:\\\/\\\/konro-grill.com\\\/#organization\"},\"potentialAction\":[{\"@type\":\"SearchAction\",\"target\":{\"@type\":\"EntryPoint\",\"urlTemplate\":\"https:\\\/\\\/konro-grill.com\\\/?s={search_term_string}\"},\"query-input\":{\"@type\":\"PropertyValueSpecification\",\"valueRequired\":true,\"valueName\":\"search_term_string\"}}],\"inLanguage\":\"de\"},{\"@type\":\"Organization\",\"@id\":\"https:\\\/\\\/konro-grill.com\\\/#organization\",\"name\":\"Konro Grill\",\"url\":\"https:\\\/\\\/konro-grill.com\\\/\",\"logo\":{\"@type\":\"ImageObject\",\"inLanguage\":\"de\",\"@id\":\"https:\\\/\\\/konro-grill.com\\\/#\\\/schema\\\/logo\\\/image\\\/\",\"url\":\"https:\\\/\\\/konro-grill.com\\\/wp-content\\\/uploads\\\/2021\\\/10\\\/konro-grill-logo.png\",\"contentUrl\":\"https:\\\/\\\/konro-grill.com\\\/wp-content\\\/uploads\\\/2021\\\/10\\\/konro-grill-logo.png\",\"width\":650,\"height\":80,\"caption\":\"Konro Grill\"},\"image\":{\"@id\":\"https:\\\/\\\/konro-grill.com\\\/#\\\/schema\\\/logo\\\/image\\\/\"},\"sameAs\":[\"https:\\\/\\\/facebook.com\\\/KonroGrillCom\",\"https:\\\/\\\/www.instagram.com\\\/konrogrillcom\\\/\"]}]}<\/script>\n<!-- \/ Yoast SEO plugin. -->","yoast_head_json":{"title":"Bambus-Spie\u00dfe 250 St\u00fcck | Versand in alle EU-L\u00e4nder","description":"Mache die leckersten Yakitori oder andere Grillspie\u00dfe auf deinem Konro Grill mit diesen Bambusspie\u00dfen von KonroGrill.com. Erh\u00e4ltlich pro 250 St\u00fcck.","robots":{"index":"index","follow":"follow","max-snippet":"max-snippet:-1","max-image-preview":"max-image-preview:large","max-video-preview":"max-video-preview:-1"},"canonical":"https:\/\/konro-grill.com\/de\/produkt\/bambus-spiese-2\/","og_locale":"de_DE","og_type":"article","og_title":"Bamboe Spiesen 250 stuks | Verzending naar alle EU landen","og_description":"Maak de lekkerste yakitori of andere BBQ spiesjes op je Konro Grill met deze Bamboe Spiesen van KonroGrill.com. Verkrijgbaar per 250 stuks.","og_url":"https:\/\/konro-grill.com\/de\/produkt\/bambus-spiese-2\/","og_site_name":"Konro Grill, de grootste Japanse BBQ specialist","article_publisher":"https:\/\/facebook.com\/KonroGrillCom","article_modified_time":"2026-04-25T08:28:04+00:00","og_image":[{"width":800,"height":800,"url":"https:\/\/konro-grill.com\/wp-content\/uploads\/2023\/05\/Bamboe-Spiesen-250-stuks-1-Konro-Grill.jpg","type":"image\/jpeg"}],"twitter_card":"summary_large_image","twitter_misc":{"Gesch\u00e4tzte Lesezeit":"1\u00a0Minute"},"schema":{"@context":"https:\/\/schema.org","@graph":[{"@type":"WebPage","@id":"https:\/\/konro-grill.com\/product\/bamboe-spiesen-2\/","url":"https:\/\/konro-grill.com\/product\/bamboe-spiesen-2\/","name":"Bambus-Spie\u00dfe 250 St\u00fcck | Versand in alle EU-L\u00e4nder","isPartOf":{"@id":"https:\/\/konro-grill.com\/#website"},"primaryImageOfPage":{"@id":"https:\/\/konro-grill.com\/product\/bamboe-spiesen-2\/#primaryimage"},"image":{"@id":"https:\/\/konro-grill.com\/product\/bamboe-spiesen-2\/#primaryimage"},"thumbnailUrl":"https:\/\/konro-grill.com\/wp-content\/uploads\/2023\/05\/Bamboe-Spiesen-250-stuks-1-Konro-Grill.jpg","datePublished":"2023-05-08T14:01:55+00:00","dateModified":"2026-04-25T08:28:04+00:00","description":"Mache die leckersten Yakitori oder andere Grillspie\u00dfe auf deinem Konro Grill mit diesen Bambusspie\u00dfen von KonroGrill.com. Erh\u00e4ltlich pro 250 St\u00fcck.","breadcrumb":{"@id":"https:\/\/konro-grill.com\/product\/bamboe-spiesen-2\/#breadcrumb"},"inLanguage":"de","potentialAction":[{"@type":"ReadAction","target":["https:\/\/konro-grill.com\/product\/bamboe-spiesen-2\/"]}]},{"@type":"ImageObject","inLanguage":"de","@id":"https:\/\/konro-grill.com\/product\/bamboe-spiesen-2\/#primaryimage","url":"https:\/\/konro-grill.com\/wp-content\/uploads\/2023\/05\/Bamboe-Spiesen-250-stuks-1-Konro-Grill.jpg","contentUrl":"https:\/\/konro-grill.com\/wp-content\/uploads\/2023\/05\/Bamboe-Spiesen-250-stuks-1-Konro-Grill.jpg","width":800,"height":800,"caption":"Bamboe Spiesen 250 stuks"},{"@type":"BreadcrumbList","@id":"https:\/\/konro-grill.com\/product\/bamboe-spiesen-2\/#breadcrumb","itemListElement":[{"@type":"ListItem","position":1,"name":"Home","item":"https:\/\/konro-grill.com\/"},{"@type":"ListItem","position":2,"name":"Winkel","item":"https:\/\/konro-grill.com\/winkel\/"},{"@type":"ListItem","position":3,"name":"Bamboe spiesen kort 250 stuks"}]},{"@type":"WebSite","@id":"https:\/\/konro-grill.com\/#website","url":"https:\/\/konro-grill.com\/","name":"Konro Grill","description":"Konro Grill, der gr\u00f6\u00dfte japanische BBQ-Spezialist","publisher":{"@id":"https:\/\/konro-grill.com\/#organization"},"potentialAction":[{"@type":"SearchAction","target":{"@type":"EntryPoint","urlTemplate":"https:\/\/konro-grill.com\/?s={search_term_string}"},"query-input":{"@type":"PropertyValueSpecification","valueRequired":true,"valueName":"search_term_string"}}],"inLanguage":"de"},{"@type":"Organization","@id":"https:\/\/konro-grill.com\/#organization","name":"Konro Grill","url":"https:\/\/konro-grill.com\/","logo":{"@type":"ImageObject","inLanguage":"de","@id":"https:\/\/konro-grill.com\/#\/schema\/logo\/image\/","url":"https:\/\/konro-grill.com\/wp-content\/uploads\/2021\/10\/konro-grill-logo.png","contentUrl":"https:\/\/konro-grill.com\/wp-content\/uploads\/2021\/10\/konro-grill-logo.png","width":650,"height":80,"caption":"Konro Grill"},"image":{"@id":"https:\/\/konro-grill.com\/#\/schema\/logo\/image\/"},"sameAs":["https:\/\/facebook.com\/KonroGrillCom","https:\/\/www.instagram.com\/konrogrillcom\/"]}]}},"df_price":11.95,"df_sale_price":"","df_regular_price":11.95,"df_image_link":"https:\/\/konro-grill.com\/wp-content\/uploads\/2023\/05\/Bamboe-Spiesen-250-stuks-1-Konro-Grill-300x300.jpg","_links":{"self":[{"href":"https:\/\/konro-grill.com\/de\/wp-json\/wp\/v2\/product\/2519","targetHints":{"allow":["GET"]}}],"collection":[{"href":"https:\/\/konro-grill.com\/de\/wp-json\/wp\/v2\/product"}],"about":[{"href":"https:\/\/konro-grill.com\/de\/wp-json\/wp\/v2\/types\/product"}],"wp:featuredmedia":[{"embeddable":true,"href":"https:\/\/konro-grill.com\/de\/wp-json\/wp\/v2\/media\/2521"}],"wp:attachment":[{"href":"https:\/\/konro-grill.com\/de\/wp-json\/wp\/v2\/media?parent=2519"}],"wp:term":[{"taxonomy":"product_brand","embeddable":true,"href":"https:\/\/konro-grill.com\/de\/wp-json\/wp\/v2\/product_brand?post=2519"},{"taxonomy":"product_cat","embeddable":true,"href":"https:\/\/konro-grill.com\/de\/wp-json\/wp\/v2\/product_cat?post=2519"},{"taxonomy":"product_tag","embeddable":true,"href":"https:\/\/konro-grill.com\/de\/wp-json\/wp\/v2\/product_tag?post=2519"}],"curies":[{"name":"wp","href":"https:\/\/api.w.org\/{rel}","templated":true}]}}