{"id":261,"date":"2021-09-02T13:19:30","date_gmt":"2021-09-02T11:19:30","guid":{"rendered":"https:\/\/konro-grill.com\/?post_type=product&#038;p=261"},"modified":"2026-04-22T10:28:05","modified_gmt":"2026-04-22T08:28:05","slug":"bestcharcoal-binchotan-holzkohle-eukalyptus","status":"publish","type":"product","link":"https:\/\/konro-grill.com\/de\/produkt\/bestcharcoal-binchotan-holzkohle-eukalyptus\/","title":{"rendered":"BestCharcoal Binchotan Eukalyptus 7,5kg"},"content":{"rendered":"<p>Die urspr\u00fcngliche Binchotan-Holzkohle stammt aus Japan, wird jedoch nur in geringen Mengen hergestellt und selten exportiert. Das macht sie zur teuersten und exklusivsten Holzkohle der Welt. <strong>Mit Bestcharcoal binchotan Holzkohle Eukalyptus, haben wir eine erschwingliche Alternative. <\/strong>Er stammt aus Indonesien und hat praktisch die gleichen Eigenschaften wie der <a href=\"https:\/\/konro-grill.com\/de\/produkt\/japanse-binchotan-houtskool-ikkyu-600-gram\/\">Japanische Variante<\/a>. Bestcharcoal binchotan Holzkohle Eukalyptus erzeugt sehr hohe, effiziente Hitze und hat eine Brenndauer von etwa 3 bis 5 Stunden.<\/p>\n<p>Sind Sie mit Ihrer Grillsession fertig? Binchotan kann wiederverwendet werden. Sind Sie mit dem Grillen fertig? Binchotan l\u00e4sst sich leicht wiederverwenden. Das Abschrecken kann auf 2 Arten erfolgen: Schlie\u00dfen Sie Ihren Konro-Grill oder l\u00f6schen Sie es in Wasser ab (in einem Stahleimer, niemals in Ihrem Grill!). Der Kohlenstoffanteil dieses Binchotan betr\u00e4gt etwa 95 Prozent, so dass Sie kaum Asche in Ihrem Grill haben.<\/p>","protected":false},"excerpt":{"rendered":"<h3>Erschwingliche Alternative von BestCharcoal: Binchotan Eukalyptus in der 7,5kg Box<\/h3>\n<p>Die Alternative zur japanischen Binchotan-Holzkohle in einer 7,5 kg Box. Diese Binchotan-Holzkohlestangen haben eine L\u00e4nge von etwa 20 bis 25 cm und eignen sich damit f\u00fcr normale und gr\u00f6\u00dfere Konro-Grills.<\/p>","protected":false},"featured_media":3084,"template":"","meta":{"inline_featured_image":false},"product_brand":[],"product_cat":[101],"product_tag":[],"class_list":{"0":"post-261","1":"product","2":"type-product","3":"status-publish","4":"has-post-thumbnail","6":"product_cat-binchotan","7":"entry","8":"has-media","10":"first","11":"outofstock","12":"taxable","13":"shipping-taxable","14":"purchasable","15":"product-type-simple"},"bundled_by":[],"bundle_stock_status":"outofstock","bundle_stock_quantity":0,"bundle_virtual":false,"bundle_layout":"","bundle_add_to_cart_form_location":"","bundle_editable_in_cart":false,"bundle_sold_individually_context":"","bundle_item_grouping":"","bundle_min_size":"","bundle_max_size":"","bundle_price":[],"bundled_items":[],"bundle_sell_ids":[3203],"yoast_head":"<!-- This site is optimized with the Yoast SEO plugin v27.4 - https:\/\/yoast.com\/product\/yoast-seo-wordpress\/ -->\n<title>Bestcharcoal Binchotan houtskool Eucalyptus, Konro Grill<\/title>\n<meta name=\"description\" content=\"Een betaalbaar alternatief voor Japanse binchotan is Bestcharcoal Binchotan houtskool Eucalyptus 7,5kg uit Indonesi\u00eb. Groot formaat, harde kwaliteit.\" \/>\n<meta name=\"robots\" content=\"index, follow, max-snippet:-1, max-image-preview:large, max-video-preview:-1\" \/>\n<link rel=\"canonical\" href=\"https:\/\/konro-grill.com\/de\/produkt\/bestcharcoal-binchotan-holzkohle-eukalyptus\/\" \/>\n<meta property=\"og:locale\" content=\"de_DE\" \/>\n<meta property=\"og:type\" content=\"article\" \/>\n<meta property=\"og:title\" content=\"Bestcharcoal Binchotan houtskool Eucalyptus, Konro Grill\" \/>\n<meta property=\"og:description\" content=\"Een betaalbaar alternatief voor Japanse binchotan is Bestcharcoal Binchotan houtskool Eucalyptus 7,5kg uit Indonesi\u00eb. Groot formaat, harde kwaliteit.\" \/>\n<meta property=\"og:url\" content=\"https:\/\/konro-grill.com\/de\/produkt\/bestcharcoal-binchotan-holzkohle-eukalyptus\/\" \/>\n<meta property=\"og:site_name\" content=\"Konro Grill, de grootste Japanse BBQ specialist\" \/>\n<meta property=\"article:publisher\" content=\"https:\/\/facebook.com\/KonroGrillCom\" \/>\n<meta property=\"article:modified_time\" content=\"2026-04-22T08:28:05+00:00\" \/>\n<meta property=\"og:image\" content=\"https:\/\/konro-grill.com\/wp-content\/uploads\/2021\/09\/Binchotan-Eucalyptus._800px.jpg\" \/>\n\t<meta property=\"og:image:width\" content=\"800\" \/>\n\t<meta property=\"og:image:height\" content=\"800\" \/>\n\t<meta property=\"og:image:type\" content=\"image\/jpeg\" \/>\n<meta name=\"twitter:card\" content=\"summary_large_image\" \/>\n<meta name=\"twitter:label1\" content=\"Gesch\u00e4tzte Lesezeit\" \/>\n\t<meta name=\"twitter:data1\" content=\"1\u00a0Minute\" \/>\n<script type=\"application\/ld+json\" class=\"yoast-schema-graph\">{\"@context\":\"https:\\\/\\\/schema.org\",\"@graph\":[{\"@type\":\"WebPage\",\"@id\":\"https:\\\/\\\/konro-grill.com\\\/product\\\/bestcharcoal-binchotan-houtskool-eucalyptus\\\/\",\"url\":\"https:\\\/\\\/konro-grill.com\\\/product\\\/bestcharcoal-binchotan-houtskool-eucalyptus\\\/\",\"name\":\"Bestcharcoal Binchotan houtskool Eucalyptus, Konro Grill\",\"isPartOf\":{\"@id\":\"https:\\\/\\\/konro-grill.com\\\/#website\"},\"primaryImageOfPage\":{\"@id\":\"https:\\\/\\\/konro-grill.com\\\/product\\\/bestcharcoal-binchotan-houtskool-eucalyptus\\\/#primaryimage\"},\"image\":{\"@id\":\"https:\\\/\\\/konro-grill.com\\\/product\\\/bestcharcoal-binchotan-houtskool-eucalyptus\\\/#primaryimage\"},\"thumbnailUrl\":\"https:\\\/\\\/konro-grill.com\\\/wp-content\\\/uploads\\\/2021\\\/09\\\/Binchotan-Eucalyptus._800px.jpg\",\"datePublished\":\"2021-09-02T11:19:30+00:00\",\"dateModified\":\"2026-04-22T08:28:05+00:00\",\"description\":\"Een betaalbaar alternatief voor Japanse binchotan is Bestcharcoal Binchotan houtskool Eucalyptus 7,5kg uit Indonesi\u00eb. Groot formaat, harde kwaliteit.\",\"breadcrumb\":{\"@id\":\"https:\\\/\\\/konro-grill.com\\\/product\\\/bestcharcoal-binchotan-houtskool-eucalyptus\\\/#breadcrumb\"},\"inLanguage\":\"de\",\"potentialAction\":[{\"@type\":\"ReadAction\",\"target\":[\"https:\\\/\\\/konro-grill.com\\\/product\\\/bestcharcoal-binchotan-houtskool-eucalyptus\\\/\"]}]},{\"@type\":\"ImageObject\",\"inLanguage\":\"de\",\"@id\":\"https:\\\/\\\/konro-grill.com\\\/product\\\/bestcharcoal-binchotan-houtskool-eucalyptus\\\/#primaryimage\",\"url\":\"https:\\\/\\\/konro-grill.com\\\/wp-content\\\/uploads\\\/2021\\\/09\\\/Binchotan-Eucalyptus._800px.jpg\",\"contentUrl\":\"https:\\\/\\\/konro-grill.com\\\/wp-content\\\/uploads\\\/2021\\\/09\\\/Binchotan-Eucalyptus._800px.jpg\",\"width\":800,\"height\":800,\"caption\":\"Binchotan Eucalyptus\"},{\"@type\":\"BreadcrumbList\",\"@id\":\"https:\\\/\\\/konro-grill.com\\\/product\\\/bestcharcoal-binchotan-houtskool-eucalyptus\\\/#breadcrumb\",\"itemListElement\":[{\"@type\":\"ListItem\",\"position\":1,\"name\":\"Home\",\"item\":\"https:\\\/\\\/konro-grill.com\\\/\"},{\"@type\":\"ListItem\",\"position\":2,\"name\":\"Winkel\",\"item\":\"https:\\\/\\\/konro-grill.com\\\/winkel\\\/\"},{\"@type\":\"ListItem\",\"position\":3,\"name\":\"BestCharcoal Binchotan Eucalyptus 7,5kg\"}]},{\"@type\":\"WebSite\",\"@id\":\"https:\\\/\\\/konro-grill.com\\\/#website\",\"url\":\"https:\\\/\\\/konro-grill.com\\\/\",\"name\":\"Konro Grill\",\"description\":\"Konro Grill, de Grootste Japanse BBQ Specialist\",\"publisher\":{\"@id\":\"https:\\\/\\\/konro-grill.com\\\/#organization\"},\"potentialAction\":[{\"@type\":\"SearchAction\",\"target\":{\"@type\":\"EntryPoint\",\"urlTemplate\":\"https:\\\/\\\/konro-grill.com\\\/?s={search_term_string}\"},\"query-input\":{\"@type\":\"PropertyValueSpecification\",\"valueRequired\":true,\"valueName\":\"search_term_string\"}}],\"inLanguage\":\"de\"},{\"@type\":\"Organization\",\"@id\":\"https:\\\/\\\/konro-grill.com\\\/#organization\",\"name\":\"Konro Grill\",\"url\":\"https:\\\/\\\/konro-grill.com\\\/\",\"logo\":{\"@type\":\"ImageObject\",\"inLanguage\":\"de\",\"@id\":\"https:\\\/\\\/konro-grill.com\\\/#\\\/schema\\\/logo\\\/image\\\/\",\"url\":\"https:\\\/\\\/konro-grill.com\\\/wp-content\\\/uploads\\\/2021\\\/10\\\/konro-grill-logo.png\",\"contentUrl\":\"https:\\\/\\\/konro-grill.com\\\/wp-content\\\/uploads\\\/2021\\\/10\\\/konro-grill-logo.png\",\"width\":650,\"height\":80,\"caption\":\"Konro Grill\"},\"image\":{\"@id\":\"https:\\\/\\\/konro-grill.com\\\/#\\\/schema\\\/logo\\\/image\\\/\"},\"sameAs\":[\"https:\\\/\\\/facebook.com\\\/KonroGrillCom\",\"https:\\\/\\\/www.instagram.com\\\/konrogrillcom\\\/\"]}]}<\/script>\n<!-- \/ Yoast SEO plugin. -->","yoast_head_json":{"title":"Bestcharcoal Binchotan Holzkohle Eukalyptus, Konro Grill","description":"Eine erschwingliche Alternative zu japanischem Binchotan ist Bestcharcoal Binchotan Holzkohle Eukalyptus 7,5kg aus Indonesien. Gro\u00dfes Format, harte Qualit\u00e4t.","robots":{"index":"index","follow":"follow","max-snippet":"max-snippet:-1","max-image-preview":"max-image-preview:large","max-video-preview":"max-video-preview:-1"},"canonical":"https:\/\/konro-grill.com\/de\/produkt\/bestcharcoal-binchotan-holzkohle-eukalyptus\/","og_locale":"de_DE","og_type":"article","og_title":"Bestcharcoal Binchotan houtskool Eucalyptus, Konro Grill","og_description":"Een betaalbaar alternatief voor Japanse binchotan is Bestcharcoal Binchotan houtskool Eucalyptus 7,5kg uit Indonesi\u00eb. Groot formaat, harde kwaliteit.","og_url":"https:\/\/konro-grill.com\/de\/produkt\/bestcharcoal-binchotan-holzkohle-eukalyptus\/","og_site_name":"Konro Grill, de grootste Japanse BBQ specialist","article_publisher":"https:\/\/facebook.com\/KonroGrillCom","article_modified_time":"2026-04-22T08:28:05+00:00","og_image":[{"width":800,"height":800,"url":"https:\/\/konro-grill.com\/wp-content\/uploads\/2021\/09\/Binchotan-Eucalyptus._800px.jpg","type":"image\/jpeg"}],"twitter_card":"summary_large_image","twitter_misc":{"Gesch\u00e4tzte Lesezeit":"1\u00a0Minute"},"schema":{"@context":"https:\/\/schema.org","@graph":[{"@type":"WebPage","@id":"https:\/\/konro-grill.com\/product\/bestcharcoal-binchotan-houtskool-eucalyptus\/","url":"https:\/\/konro-grill.com\/product\/bestcharcoal-binchotan-houtskool-eucalyptus\/","name":"Bestcharcoal Binchotan Holzkohle Eukalyptus, Konro Grill","isPartOf":{"@id":"https:\/\/konro-grill.com\/#website"},"primaryImageOfPage":{"@id":"https:\/\/konro-grill.com\/product\/bestcharcoal-binchotan-houtskool-eucalyptus\/#primaryimage"},"image":{"@id":"https:\/\/konro-grill.com\/product\/bestcharcoal-binchotan-houtskool-eucalyptus\/#primaryimage"},"thumbnailUrl":"https:\/\/konro-grill.com\/wp-content\/uploads\/2021\/09\/Binchotan-Eucalyptus._800px.jpg","datePublished":"2021-09-02T11:19:30+00:00","dateModified":"2026-04-22T08:28:05+00:00","description":"Eine erschwingliche Alternative zu japanischem Binchotan ist Bestcharcoal Binchotan Holzkohle Eukalyptus 7,5kg aus Indonesien. Gro\u00dfes Format, harte Qualit\u00e4t.","breadcrumb":{"@id":"https:\/\/konro-grill.com\/product\/bestcharcoal-binchotan-houtskool-eucalyptus\/#breadcrumb"},"inLanguage":"de","potentialAction":[{"@type":"ReadAction","target":["https:\/\/konro-grill.com\/product\/bestcharcoal-binchotan-houtskool-eucalyptus\/"]}]},{"@type":"ImageObject","inLanguage":"de","@id":"https:\/\/konro-grill.com\/product\/bestcharcoal-binchotan-houtskool-eucalyptus\/#primaryimage","url":"https:\/\/konro-grill.com\/wp-content\/uploads\/2021\/09\/Binchotan-Eucalyptus._800px.jpg","contentUrl":"https:\/\/konro-grill.com\/wp-content\/uploads\/2021\/09\/Binchotan-Eucalyptus._800px.jpg","width":800,"height":800,"caption":"Binchotan Eucalyptus"},{"@type":"BreadcrumbList","@id":"https:\/\/konro-grill.com\/product\/bestcharcoal-binchotan-houtskool-eucalyptus\/#breadcrumb","itemListElement":[{"@type":"ListItem","position":1,"name":"Home","item":"https:\/\/konro-grill.com\/"},{"@type":"ListItem","position":2,"name":"Winkel","item":"https:\/\/konro-grill.com\/winkel\/"},{"@type":"ListItem","position":3,"name":"BestCharcoal Binchotan Eucalyptus 7,5kg"}]},{"@type":"WebSite","@id":"https:\/\/konro-grill.com\/#website","url":"https:\/\/konro-grill.com\/","name":"Konro Grill","description":"Konro Grill, der gr\u00f6\u00dfte japanische BBQ-Spezialist","publisher":{"@id":"https:\/\/konro-grill.com\/#organization"},"potentialAction":[{"@type":"SearchAction","target":{"@type":"EntryPoint","urlTemplate":"https:\/\/konro-grill.com\/?s={search_term_string}"},"query-input":{"@type":"PropertyValueSpecification","valueRequired":true,"valueName":"search_term_string"}}],"inLanguage":"de"},{"@type":"Organization","@id":"https:\/\/konro-grill.com\/#organization","name":"Konro Grill","url":"https:\/\/konro-grill.com\/","logo":{"@type":"ImageObject","inLanguage":"de","@id":"https:\/\/konro-grill.com\/#\/schema\/logo\/image\/","url":"https:\/\/konro-grill.com\/wp-content\/uploads\/2021\/10\/konro-grill-logo.png","contentUrl":"https:\/\/konro-grill.com\/wp-content\/uploads\/2021\/10\/konro-grill-logo.png","width":650,"height":80,"caption":"Konro Grill"},"image":{"@id":"https:\/\/konro-grill.com\/#\/schema\/logo\/image\/"},"sameAs":["https:\/\/facebook.com\/KonroGrillCom","https:\/\/www.instagram.com\/konrogrillcom\/"]}]}},"df_price":59.95,"df_sale_price":"","df_regular_price":59.95,"df_image_link":"https:\/\/konro-grill.com\/wp-content\/uploads\/2021\/09\/Binchotan-Eucalyptus._800px-300x300.jpg","_links":{"self":[{"href":"https:\/\/konro-grill.com\/de\/wp-json\/wp\/v2\/product\/261","targetHints":{"allow":["GET"]}}],"collection":[{"href":"https:\/\/konro-grill.com\/de\/wp-json\/wp\/v2\/product"}],"about":[{"href":"https:\/\/konro-grill.com\/de\/wp-json\/wp\/v2\/types\/product"}],"wp:featuredmedia":[{"embeddable":true,"href":"https:\/\/konro-grill.com\/de\/wp-json\/wp\/v2\/media\/3084"}],"wp:attachment":[{"href":"https:\/\/konro-grill.com\/de\/wp-json\/wp\/v2\/media?parent=261"}],"wp:term":[{"taxonomy":"product_brand","embeddable":true,"href":"https:\/\/konro-grill.com\/de\/wp-json\/wp\/v2\/product_brand?post=261"},{"taxonomy":"product_cat","embeddable":true,"href":"https:\/\/konro-grill.com\/de\/wp-json\/wp\/v2\/product_cat?post=261"},{"taxonomy":"product_tag","embeddable":true,"href":"https:\/\/konro-grill.com\/de\/wp-json\/wp\/v2\/product_tag?post=261"}],"curies":[{"name":"wp","href":"https:\/\/api.w.org\/{rel}","templated":true}]}}