{"id":3203,"date":"2023-07-19T16:14:09","date_gmt":"2023-07-19T14:14:09","guid":{"rendered":"https:\/\/konro-grill.com\/?post_type=product&#038;p=3203"},"modified":"2026-04-04T10:28:03","modified_gmt":"2026-04-04T08:28:03","slug":"yakiniku-binchopan","status":"publish","type":"product","link":"https:\/\/konro-grill.com\/de\/produkt\/yakiniku-binchopan\/","title":{"rendered":"YAKINIKU Binchopan"},"content":{"rendered":"<p><span class=\"wpex-responsive-media\"><iframe loading=\"lazy\" title=\"YAKINIKU\u00ae | Wie verwende ich den Binchopan?\" width=\"980\" height=\"551\" src=\"https:\/\/www.youtube.com\/embed\/Sn3lQ_9TUMo?feature=oembed\"  allow=\"accelerometer; autoplay; clipboard-write; encrypted-media; gyroscope; picture-in-picture; web-share\" referrerpolicy=\"strict-origin-when-cross-origin\" allowfullscreen><\/iframe><\/span><\/p>\n<p>&nbsp;<\/p>","protected":false},"excerpt":{"rendered":"<h2>YAKINIKU Binchopan, z\u00fcnde deinen Binchotan schnell an!<\/h2>\n<p>Mit dieser YAKINIKU Binchopan k\u00f6nnen Sie Ihre Binchotan-Holzkohle schnell anz\u00fcnden. Die Pfanne besteht aus drei Teilen, einem Deckel, einem Mittelst\u00fcck und einem Boden. Zuerst f\u00fcllt man das Mittelst\u00fcck mit Binchotan. Sie legen die Teile <a href=\"https:\/\/bbqdirect.nl\/binchotan\/\">Binchotan<\/a> aufrecht in das Mittelst\u00fcck. Legen Sie dann den Boden mit dem Logo nach unten auf eine feuerfeste Unterlage. Legen Sie auf den Boden Feueranz\u00fcnder oder einen anderen Anz\u00fcnder. Legen Sie dann das Mittelst\u00fcck darauf. Nach 15-30 Minuten gl\u00fcht der Binchotan und Sie k\u00f6nnen Ihren Grill bef\u00fcllen.<\/p>\n<p>Sehen Sie sich unten ein Video \u00fcber die Verwendung des Binchopan an.<\/p>","protected":false},"featured_media":3240,"template":"","meta":{"inline_featured_image":false},"product_brand":[],"product_cat":[382,99,381,484],"product_tag":[],"class_list":{"0":"post-3203","1":"product","2":"type-product","3":"status-publish","4":"has-post-thumbnail","6":"product_cat-binchotan-aansteken","7":"product_cat-konro-accessoires","8":"product_cat-konro-essentials","9":"product_cat-yakiniku-accessoires","10":"entry","11":"has-media","13":"first","14":"instock","15":"taxable","16":"shipping-taxable","17":"purchasable","18":"product-type-simple"},"bundled_by":["8262"],"bundle_stock_status":"instock","bundle_stock_quantity":19,"bundle_virtual":false,"bundle_layout":"","bundle_add_to_cart_form_location":"","bundle_editable_in_cart":false,"bundle_sold_individually_context":"","bundle_item_grouping":"","bundle_min_size":"","bundle_max_size":"","bundle_price":[],"bundled_items":[],"bundle_sell_ids":[],"yoast_head":"<!-- This site is optimized with the Yoast SEO plugin v27.3 - https:\/\/yoast.com\/product\/yoast-seo-wordpress\/ -->\n<title>YAKINIKU Binchopan | Konro Grill<\/title>\n<meta name=\"description\" content=\"Met deze YAKINIKU Binchopan heb je binnen een handomdraai jouw Binchotan houtskool op de juiste temperatuur. Te gebruiken voor Shichirin en kamado.\" \/>\n<meta name=\"robots\" content=\"index, follow, max-snippet:-1, max-image-preview:large, max-video-preview:-1\" \/>\n<link rel=\"canonical\" href=\"https:\/\/konro-grill.com\/de\/produkt\/yakiniku-binchopan\/\" \/>\n<meta property=\"og:locale\" content=\"de_DE\" \/>\n<meta property=\"og:type\" content=\"article\" \/>\n<meta property=\"og:title\" content=\"YAKINIKU Binchopan | Konro Grill\" \/>\n<meta property=\"og:description\" content=\"Met deze YAKINIKU Binchopan heb je binnen een handomdraai jouw Binchotan houtskool op de juiste temperatuur. Te gebruiken voor Shichirin en kamado.\" \/>\n<meta property=\"og:url\" content=\"https:\/\/konro-grill.com\/de\/produkt\/yakiniku-binchopan\/\" \/>\n<meta property=\"og:site_name\" content=\"Konro Grill, de grootste Japanse BBQ specialist\" \/>\n<meta property=\"article:publisher\" content=\"https:\/\/facebook.com\/KonroGrillCom\" \/>\n<meta property=\"article:modified_time\" content=\"2026-04-04T08:28:03+00:00\" \/>\n<meta property=\"og:image\" content=\"https:\/\/konro-grill.com\/wp-content\/uploads\/2023\/07\/YAKINIKU-Binchopan-BBQdirect.jpg\" \/>\n\t<meta property=\"og:image:width\" content=\"800\" \/>\n\t<meta property=\"og:image:height\" content=\"800\" \/>\n\t<meta property=\"og:image:type\" content=\"image\/jpeg\" \/>\n<meta name=\"twitter:card\" content=\"summary_large_image\" \/>\n<meta name=\"twitter:label1\" content=\"Gesch\u00e4tzte Lesezeit\" \/>\n\t<meta name=\"twitter:data1\" content=\"1\u00a0Minute\" \/>\n<script type=\"application\/ld+json\" class=\"yoast-schema-graph\">{\"@context\":\"https:\\\/\\\/schema.org\",\"@graph\":[{\"@type\":\"WebPage\",\"@id\":\"https:\\\/\\\/konro-grill.com\\\/product\\\/yakiniku-binchopan\\\/\",\"url\":\"https:\\\/\\\/konro-grill.com\\\/product\\\/yakiniku-binchopan\\\/\",\"name\":\"YAKINIKU Binchopan | Konro Grill\",\"isPartOf\":{\"@id\":\"https:\\\/\\\/konro-grill.com\\\/#website\"},\"primaryImageOfPage\":{\"@id\":\"https:\\\/\\\/konro-grill.com\\\/product\\\/yakiniku-binchopan\\\/#primaryimage\"},\"image\":{\"@id\":\"https:\\\/\\\/konro-grill.com\\\/product\\\/yakiniku-binchopan\\\/#primaryimage\"},\"thumbnailUrl\":\"https:\\\/\\\/konro-grill.com\\\/wp-content\\\/uploads\\\/2023\\\/07\\\/YAKINIKU-Binchopan-BBQdirect.jpg\",\"datePublished\":\"2023-07-19T14:14:09+00:00\",\"dateModified\":\"2026-04-04T08:28:03+00:00\",\"description\":\"Met deze YAKINIKU Binchopan heb je binnen een handomdraai jouw Binchotan houtskool op de juiste temperatuur. Te gebruiken voor Shichirin en kamado.\",\"breadcrumb\":{\"@id\":\"https:\\\/\\\/konro-grill.com\\\/product\\\/yakiniku-binchopan\\\/#breadcrumb\"},\"inLanguage\":\"de\",\"potentialAction\":[{\"@type\":\"ReadAction\",\"target\":[\"https:\\\/\\\/konro-grill.com\\\/product\\\/yakiniku-binchopan\\\/\"]}]},{\"@type\":\"ImageObject\",\"inLanguage\":\"de\",\"@id\":\"https:\\\/\\\/konro-grill.com\\\/product\\\/yakiniku-binchopan\\\/#primaryimage\",\"url\":\"https:\\\/\\\/konro-grill.com\\\/wp-content\\\/uploads\\\/2023\\\/07\\\/YAKINIKU-Binchopan-BBQdirect.jpg\",\"contentUrl\":\"https:\\\/\\\/konro-grill.com\\\/wp-content\\\/uploads\\\/2023\\\/07\\\/YAKINIKU-Binchopan-BBQdirect.jpg\",\"width\":800,\"height\":800},{\"@type\":\"BreadcrumbList\",\"@id\":\"https:\\\/\\\/konro-grill.com\\\/product\\\/yakiniku-binchopan\\\/#breadcrumb\",\"itemListElement\":[{\"@type\":\"ListItem\",\"position\":1,\"name\":\"Home\",\"item\":\"https:\\\/\\\/konro-grill.com\\\/\"},{\"@type\":\"ListItem\",\"position\":2,\"name\":\"Winkel\",\"item\":\"https:\\\/\\\/konro-grill.com\\\/winkel\\\/\"},{\"@type\":\"ListItem\",\"position\":3,\"name\":\"YAKINIKU Binchopan\"}]},{\"@type\":\"WebSite\",\"@id\":\"https:\\\/\\\/konro-grill.com\\\/#website\",\"url\":\"https:\\\/\\\/konro-grill.com\\\/\",\"name\":\"Konro Grill\",\"description\":\"Konro Grill, de Grootste Japanse BBQ Specialist\",\"publisher\":{\"@id\":\"https:\\\/\\\/konro-grill.com\\\/#organization\"},\"potentialAction\":[{\"@type\":\"SearchAction\",\"target\":{\"@type\":\"EntryPoint\",\"urlTemplate\":\"https:\\\/\\\/konro-grill.com\\\/?s={search_term_string}\"},\"query-input\":{\"@type\":\"PropertyValueSpecification\",\"valueRequired\":true,\"valueName\":\"search_term_string\"}}],\"inLanguage\":\"de\"},{\"@type\":\"Organization\",\"@id\":\"https:\\\/\\\/konro-grill.com\\\/#organization\",\"name\":\"Konro Grill\",\"url\":\"https:\\\/\\\/konro-grill.com\\\/\",\"logo\":{\"@type\":\"ImageObject\",\"inLanguage\":\"de\",\"@id\":\"https:\\\/\\\/konro-grill.com\\\/#\\\/schema\\\/logo\\\/image\\\/\",\"url\":\"https:\\\/\\\/konro-grill.com\\\/wp-content\\\/uploads\\\/2021\\\/10\\\/konro-grill-logo.png\",\"contentUrl\":\"https:\\\/\\\/konro-grill.com\\\/wp-content\\\/uploads\\\/2021\\\/10\\\/konro-grill-logo.png\",\"width\":650,\"height\":80,\"caption\":\"Konro Grill\"},\"image\":{\"@id\":\"https:\\\/\\\/konro-grill.com\\\/#\\\/schema\\\/logo\\\/image\\\/\"},\"sameAs\":[\"https:\\\/\\\/facebook.com\\\/KonroGrillCom\",\"https:\\\/\\\/www.instagram.com\\\/konrogrillcom\\\/\"]}]}<\/script>\n<!-- \/ Yoast SEO plugin. -->","yoast_head_json":{"title":"YAKINIKU Binchopan | Konro Grill","description":"Mit diesem YAKINIKU Binchopan haben Sie Ihre Binchotan-Holzkohle im Handumdrehen auf die richtige Temperatur gebracht. Zu verwenden f\u00fcr Shichirin und Kamado.","robots":{"index":"index","follow":"follow","max-snippet":"max-snippet:-1","max-image-preview":"max-image-preview:large","max-video-preview":"max-video-preview:-1"},"canonical":"https:\/\/konro-grill.com\/de\/produkt\/yakiniku-binchopan\/","og_locale":"de_DE","og_type":"article","og_title":"YAKINIKU Binchopan | Konro Grill","og_description":"Met deze YAKINIKU Binchopan heb je binnen een handomdraai jouw Binchotan houtskool op de juiste temperatuur. Te gebruiken voor Shichirin en kamado.","og_url":"https:\/\/konro-grill.com\/de\/produkt\/yakiniku-binchopan\/","og_site_name":"Konro Grill, de grootste Japanse BBQ specialist","article_publisher":"https:\/\/facebook.com\/KonroGrillCom","article_modified_time":"2026-04-04T08:28:03+00:00","og_image":[{"width":800,"height":800,"url":"https:\/\/konro-grill.com\/wp-content\/uploads\/2023\/07\/YAKINIKU-Binchopan-BBQdirect.jpg","type":"image\/jpeg"}],"twitter_card":"summary_large_image","twitter_misc":{"Gesch\u00e4tzte Lesezeit":"1\u00a0Minute"},"schema":{"@context":"https:\/\/schema.org","@graph":[{"@type":"WebPage","@id":"https:\/\/konro-grill.com\/product\/yakiniku-binchopan\/","url":"https:\/\/konro-grill.com\/product\/yakiniku-binchopan\/","name":"YAKINIKU Binchopan | Konro Grill","isPartOf":{"@id":"https:\/\/konro-grill.com\/#website"},"primaryImageOfPage":{"@id":"https:\/\/konro-grill.com\/product\/yakiniku-binchopan\/#primaryimage"},"image":{"@id":"https:\/\/konro-grill.com\/product\/yakiniku-binchopan\/#primaryimage"},"thumbnailUrl":"https:\/\/konro-grill.com\/wp-content\/uploads\/2023\/07\/YAKINIKU-Binchopan-BBQdirect.jpg","datePublished":"2023-07-19T14:14:09+00:00","dateModified":"2026-04-04T08:28:03+00:00","description":"Mit diesem YAKINIKU Binchopan haben Sie Ihre Binchotan-Holzkohle im Handumdrehen auf die richtige Temperatur gebracht. Zu verwenden f\u00fcr Shichirin und Kamado.","breadcrumb":{"@id":"https:\/\/konro-grill.com\/product\/yakiniku-binchopan\/#breadcrumb"},"inLanguage":"de","potentialAction":[{"@type":"ReadAction","target":["https:\/\/konro-grill.com\/product\/yakiniku-binchopan\/"]}]},{"@type":"ImageObject","inLanguage":"de","@id":"https:\/\/konro-grill.com\/product\/yakiniku-binchopan\/#primaryimage","url":"https:\/\/konro-grill.com\/wp-content\/uploads\/2023\/07\/YAKINIKU-Binchopan-BBQdirect.jpg","contentUrl":"https:\/\/konro-grill.com\/wp-content\/uploads\/2023\/07\/YAKINIKU-Binchopan-BBQdirect.jpg","width":800,"height":800},{"@type":"BreadcrumbList","@id":"https:\/\/konro-grill.com\/product\/yakiniku-binchopan\/#breadcrumb","itemListElement":[{"@type":"ListItem","position":1,"name":"Home","item":"https:\/\/konro-grill.com\/"},{"@type":"ListItem","position":2,"name":"Winkel","item":"https:\/\/konro-grill.com\/winkel\/"},{"@type":"ListItem","position":3,"name":"YAKINIKU Binchopan"}]},{"@type":"WebSite","@id":"https:\/\/konro-grill.com\/#website","url":"https:\/\/konro-grill.com\/","name":"Konro Grill","description":"Konro Grill, der gr\u00f6\u00dfte japanische BBQ-Spezialist","publisher":{"@id":"https:\/\/konro-grill.com\/#organization"},"potentialAction":[{"@type":"SearchAction","target":{"@type":"EntryPoint","urlTemplate":"https:\/\/konro-grill.com\/?s={search_term_string}"},"query-input":{"@type":"PropertyValueSpecification","valueRequired":true,"valueName":"search_term_string"}}],"inLanguage":"de"},{"@type":"Organization","@id":"https:\/\/konro-grill.com\/#organization","name":"Konro Grill","url":"https:\/\/konro-grill.com\/","logo":{"@type":"ImageObject","inLanguage":"de","@id":"https:\/\/konro-grill.com\/#\/schema\/logo\/image\/","url":"https:\/\/konro-grill.com\/wp-content\/uploads\/2021\/10\/konro-grill-logo.png","contentUrl":"https:\/\/konro-grill.com\/wp-content\/uploads\/2021\/10\/konro-grill-logo.png","width":650,"height":80,"caption":"Konro Grill"},"image":{"@id":"https:\/\/konro-grill.com\/#\/schema\/logo\/image\/"},"sameAs":["https:\/\/facebook.com\/KonroGrillCom","https:\/\/www.instagram.com\/konrogrillcom\/"]}]}},"df_price":118,"df_sale_price":"","df_regular_price":118,"df_image_link":"https:\/\/konro-grill.com\/wp-content\/uploads\/2023\/07\/YAKINIKU-Binchopan-BBQdirect-300x300.jpg","_links":{"self":[{"href":"https:\/\/konro-grill.com\/de\/wp-json\/wp\/v2\/product\/3203","targetHints":{"allow":["GET"]}}],"collection":[{"href":"https:\/\/konro-grill.com\/de\/wp-json\/wp\/v2\/product"}],"about":[{"href":"https:\/\/konro-grill.com\/de\/wp-json\/wp\/v2\/types\/product"}],"wp:featuredmedia":[{"embeddable":true,"href":"https:\/\/konro-grill.com\/de\/wp-json\/wp\/v2\/media\/3240"}],"wp:attachment":[{"href":"https:\/\/konro-grill.com\/de\/wp-json\/wp\/v2\/media?parent=3203"}],"wp:term":[{"taxonomy":"product_brand","embeddable":true,"href":"https:\/\/konro-grill.com\/de\/wp-json\/wp\/v2\/product_brand?post=3203"},{"taxonomy":"product_cat","embeddable":true,"href":"https:\/\/konro-grill.com\/de\/wp-json\/wp\/v2\/product_cat?post=3203"},{"taxonomy":"product_tag","embeddable":true,"href":"https:\/\/konro-grill.com\/de\/wp-json\/wp\/v2\/product_tag?post=3203"}],"curies":[{"name":"wp","href":"https:\/\/api.w.org\/{rel}","templated":true}]}}