{"id":3212,"date":"2023-07-19T16:14:11","date_gmt":"2023-07-19T14:14:11","guid":{"rendered":"https:\/\/konro-grill.com\/?post_type=product&#038;p=3212"},"modified":"2026-01-07T13:21:03","modified_gmt":"2026-01-07T12:21:03","slug":"yakiniku-rechteckiges-shichirin-einweggitter-100-stuck","status":"publish","type":"product","link":"https:\/\/konro-grill.com\/de\/produkt\/yakiniku-rechteckiges-shichirin-einweggitter-100-stuck\/","title":{"rendered":"YAKINIKU Shichirin Einweggitter (100)"},"content":{"rendered":"","protected":false},"excerpt":{"rendered":"<h2>YAKINIKU Rechteckiges Shichirin Einweg-Gitter - 100 St\u00fcck<\/h2>\n<p>Diese Einweggitter sind f\u00fcr das rechteckige YAKINIKU Shichirin konzipiert und f\u00fcr den einmaligen Gebrauch geeignet. Verf\u00fcgbar pro 100 St\u00fcck<\/p>\n<p><strong>Ma\u00dfe: 35,3 x 17,5 cm.<\/strong><\/p>","protected":false},"featured_media":3267,"template":"","meta":{"inline_featured_image":false},"product_brand":[],"product_cat":[251],"product_tag":[],"class_list":{"0":"post-3212","1":"product","2":"type-product","3":"status-publish","4":"has-post-thumbnail","6":"product_cat-konro-rooster","7":"entry","8":"has-media","10":"first","11":"instock","12":"taxable","13":"shipping-taxable","14":"purchasable","15":"product-type-simple"},"bundled_by":[],"bundle_stock_status":"instock","bundle_stock_quantity":1,"bundle_virtual":false,"bundle_layout":"","bundle_add_to_cart_form_location":"","bundle_editable_in_cart":false,"bundle_sold_individually_context":"","bundle_item_grouping":"","bundle_min_size":"","bundle_max_size":"","bundle_price":[],"bundled_items":[],"bundle_sell_ids":[],"yoast_head":"<!-- This site is optimized with the Yoast SEO plugin v27.3 - https:\/\/yoast.com\/product\/yoast-seo-wordpress\/ -->\n<title>YAKINIKU Rechthoekige Shichirin Wegwerprooster (100 stuks)<\/title>\n<meta name=\"description\" content=\"Deze wegwerp roosters zijn ontworpen voor de rechthoekige YAKINIKU Shichirin en geschikt voor \u00e9\u00e9nmalig gebruik. Verkrijgbaar per 100 stuks\" \/>\n<meta name=\"robots\" content=\"index, follow, max-snippet:-1, max-image-preview:large, max-video-preview:-1\" \/>\n<link rel=\"canonical\" href=\"https:\/\/konro-grill.com\/de\/produkt\/yakiniku-rechteckiges-shichirin-einweggitter-100-stuck\/\" \/>\n<meta property=\"og:locale\" content=\"de_DE\" \/>\n<meta property=\"og:type\" content=\"article\" \/>\n<meta property=\"og:title\" content=\"YAKINIKU Rechthoekige Shichirin Wegwerprooster (100 stuks)\" \/>\n<meta property=\"og:description\" content=\"Deze wegwerp roosters zijn ontworpen voor de rechthoekige YAKINIKU Shichirin en geschikt voor \u00e9\u00e9nmalig gebruik. Verkrijgbaar per 100 stuks\" \/>\n<meta property=\"og:url\" content=\"https:\/\/konro-grill.com\/de\/produkt\/yakiniku-rechteckiges-shichirin-einweggitter-100-stuck\/\" \/>\n<meta property=\"og:site_name\" content=\"Konro Grill, de grootste Japanse BBQ specialist\" \/>\n<meta property=\"article:publisher\" content=\"https:\/\/facebook.com\/KonroGrillCom\" \/>\n<meta property=\"article:modified_time\" content=\"2026-01-07T12:21:03+00:00\" \/>\n<meta property=\"og:image\" content=\"https:\/\/konro-grill.com\/wp-content\/uploads\/2023\/07\/YAKINIKU-Rechthoekige-Shichirin-Wegwerprooster-10-stuks-BBQdirect.jpg\" \/>\n\t<meta property=\"og:image:width\" content=\"800\" \/>\n\t<meta property=\"og:image:height\" content=\"800\" \/>\n\t<meta property=\"og:image:type\" content=\"image\/jpeg\" \/>\n<meta name=\"twitter:card\" content=\"summary_large_image\" \/>\n<meta name=\"twitter:label1\" content=\"Gesch\u00e4tzte Lesezeit\" \/>\n\t<meta name=\"twitter:data1\" content=\"1\u00a0Minute\" \/>\n<script type=\"application\/ld+json\" class=\"yoast-schema-graph\">{\"@context\":\"https:\\\/\\\/schema.org\",\"@graph\":[{\"@type\":\"WebPage\",\"@id\":\"https:\\\/\\\/konro-grill.com\\\/product\\\/yakiniku-rechthoekig-shichirin-wegwerprooster-100-stuks\\\/\",\"url\":\"https:\\\/\\\/konro-grill.com\\\/product\\\/yakiniku-rechthoekig-shichirin-wegwerprooster-100-stuks\\\/\",\"name\":\"YAKINIKU Rechthoekige Shichirin Wegwerprooster (100 stuks)\",\"isPartOf\":{\"@id\":\"https:\\\/\\\/konro-grill.com\\\/#website\"},\"primaryImageOfPage\":{\"@id\":\"https:\\\/\\\/konro-grill.com\\\/product\\\/yakiniku-rechthoekig-shichirin-wegwerprooster-100-stuks\\\/#primaryimage\"},\"image\":{\"@id\":\"https:\\\/\\\/konro-grill.com\\\/product\\\/yakiniku-rechthoekig-shichirin-wegwerprooster-100-stuks\\\/#primaryimage\"},\"thumbnailUrl\":\"https:\\\/\\\/konro-grill.com\\\/wp-content\\\/uploads\\\/2023\\\/07\\\/YAKINIKU-Rechthoekige-Shichirin-Wegwerprooster-10-stuks-BBQdirect.jpg\",\"datePublished\":\"2023-07-19T14:14:11+00:00\",\"dateModified\":\"2026-01-07T12:21:03+00:00\",\"description\":\"Deze wegwerp roosters zijn ontworpen voor de rechthoekige YAKINIKU Shichirin en geschikt voor \u00e9\u00e9nmalig gebruik. Verkrijgbaar per 100 stuks\",\"breadcrumb\":{\"@id\":\"https:\\\/\\\/konro-grill.com\\\/product\\\/yakiniku-rechthoekig-shichirin-wegwerprooster-100-stuks\\\/#breadcrumb\"},\"inLanguage\":\"de\",\"potentialAction\":[{\"@type\":\"ReadAction\",\"target\":[\"https:\\\/\\\/konro-grill.com\\\/product\\\/yakiniku-rechthoekig-shichirin-wegwerprooster-100-stuks\\\/\"]}]},{\"@type\":\"ImageObject\",\"inLanguage\":\"de\",\"@id\":\"https:\\\/\\\/konro-grill.com\\\/product\\\/yakiniku-rechthoekig-shichirin-wegwerprooster-100-stuks\\\/#primaryimage\",\"url\":\"https:\\\/\\\/konro-grill.com\\\/wp-content\\\/uploads\\\/2023\\\/07\\\/YAKINIKU-Rechthoekige-Shichirin-Wegwerprooster-10-stuks-BBQdirect.jpg\",\"contentUrl\":\"https:\\\/\\\/konro-grill.com\\\/wp-content\\\/uploads\\\/2023\\\/07\\\/YAKINIKU-Rechthoekige-Shichirin-Wegwerprooster-10-stuks-BBQdirect.jpg\",\"width\":800,\"height\":800},{\"@type\":\"BreadcrumbList\",\"@id\":\"https:\\\/\\\/konro-grill.com\\\/product\\\/yakiniku-rechthoekig-shichirin-wegwerprooster-100-stuks\\\/#breadcrumb\",\"itemListElement\":[{\"@type\":\"ListItem\",\"position\":1,\"name\":\"Home\",\"item\":\"https:\\\/\\\/konro-grill.com\\\/\"},{\"@type\":\"ListItem\",\"position\":2,\"name\":\"Winkel\",\"item\":\"https:\\\/\\\/konro-grill.com\\\/winkel\\\/\"},{\"@type\":\"ListItem\",\"position\":3,\"name\":\"YAKINIKU Shichirin wegwerp rooster (100)\"}]},{\"@type\":\"WebSite\",\"@id\":\"https:\\\/\\\/konro-grill.com\\\/#website\",\"url\":\"https:\\\/\\\/konro-grill.com\\\/\",\"name\":\"Konro Grill\",\"description\":\"Konro Grill, de Grootste Japanse BBQ Specialist\",\"publisher\":{\"@id\":\"https:\\\/\\\/konro-grill.com\\\/#organization\"},\"potentialAction\":[{\"@type\":\"SearchAction\",\"target\":{\"@type\":\"EntryPoint\",\"urlTemplate\":\"https:\\\/\\\/konro-grill.com\\\/?s={search_term_string}\"},\"query-input\":{\"@type\":\"PropertyValueSpecification\",\"valueRequired\":true,\"valueName\":\"search_term_string\"}}],\"inLanguage\":\"de\"},{\"@type\":\"Organization\",\"@id\":\"https:\\\/\\\/konro-grill.com\\\/#organization\",\"name\":\"Konro Grill\",\"url\":\"https:\\\/\\\/konro-grill.com\\\/\",\"logo\":{\"@type\":\"ImageObject\",\"inLanguage\":\"de\",\"@id\":\"https:\\\/\\\/konro-grill.com\\\/#\\\/schema\\\/logo\\\/image\\\/\",\"url\":\"https:\\\/\\\/konro-grill.com\\\/wp-content\\\/uploads\\\/2021\\\/10\\\/konro-grill-logo.png\",\"contentUrl\":\"https:\\\/\\\/konro-grill.com\\\/wp-content\\\/uploads\\\/2021\\\/10\\\/konro-grill-logo.png\",\"width\":650,\"height\":80,\"caption\":\"Konro Grill\"},\"image\":{\"@id\":\"https:\\\/\\\/konro-grill.com\\\/#\\\/schema\\\/logo\\\/image\\\/\"},\"sameAs\":[\"https:\\\/\\\/facebook.com\\\/KonroGrillCom\",\"https:\\\/\\\/www.instagram.com\\\/konrogrillcom\\\/\"]}]}<\/script>\n<!-- \/ Yoast SEO plugin. -->","yoast_head_json":{"title":"YAKINIKU Rechteckiges Shichirin Einweg-Gitter (100 St\u00fcck)","description":"Diese Einweggitter sind f\u00fcr das rechteckige YAKINIKU Shichirin konzipiert und f\u00fcr den einmaligen Gebrauch geeignet. Verf\u00fcgbar pro 100 St\u00fcck","robots":{"index":"index","follow":"follow","max-snippet":"max-snippet:-1","max-image-preview":"max-image-preview:large","max-video-preview":"max-video-preview:-1"},"canonical":"https:\/\/konro-grill.com\/de\/produkt\/yakiniku-rechteckiges-shichirin-einweggitter-100-stuck\/","og_locale":"de_DE","og_type":"article","og_title":"YAKINIKU Rechthoekige Shichirin Wegwerprooster (100 stuks)","og_description":"Deze wegwerp roosters zijn ontworpen voor de rechthoekige YAKINIKU Shichirin en geschikt voor \u00e9\u00e9nmalig gebruik. Verkrijgbaar per 100 stuks","og_url":"https:\/\/konro-grill.com\/de\/produkt\/yakiniku-rechteckiges-shichirin-einweggitter-100-stuck\/","og_site_name":"Konro Grill, de grootste Japanse BBQ specialist","article_publisher":"https:\/\/facebook.com\/KonroGrillCom","article_modified_time":"2026-01-07T12:21:03+00:00","og_image":[{"width":800,"height":800,"url":"https:\/\/konro-grill.com\/wp-content\/uploads\/2023\/07\/YAKINIKU-Rechthoekige-Shichirin-Wegwerprooster-10-stuks-BBQdirect.jpg","type":"image\/jpeg"}],"twitter_card":"summary_large_image","twitter_misc":{"Gesch\u00e4tzte Lesezeit":"1\u00a0Minute"},"schema":{"@context":"https:\/\/schema.org","@graph":[{"@type":"WebPage","@id":"https:\/\/konro-grill.com\/product\/yakiniku-rechthoekig-shichirin-wegwerprooster-100-stuks\/","url":"https:\/\/konro-grill.com\/product\/yakiniku-rechthoekig-shichirin-wegwerprooster-100-stuks\/","name":"YAKINIKU Rechteckiges Shichirin Einweg-Gitter (100 St\u00fcck)","isPartOf":{"@id":"https:\/\/konro-grill.com\/#website"},"primaryImageOfPage":{"@id":"https:\/\/konro-grill.com\/product\/yakiniku-rechthoekig-shichirin-wegwerprooster-100-stuks\/#primaryimage"},"image":{"@id":"https:\/\/konro-grill.com\/product\/yakiniku-rechthoekig-shichirin-wegwerprooster-100-stuks\/#primaryimage"},"thumbnailUrl":"https:\/\/konro-grill.com\/wp-content\/uploads\/2023\/07\/YAKINIKU-Rechthoekige-Shichirin-Wegwerprooster-10-stuks-BBQdirect.jpg","datePublished":"2023-07-19T14:14:11+00:00","dateModified":"2026-01-07T12:21:03+00:00","description":"Diese Einweggitter sind f\u00fcr das rechteckige YAKINIKU Shichirin konzipiert und f\u00fcr den einmaligen Gebrauch geeignet. Verf\u00fcgbar pro 100 St\u00fcck","breadcrumb":{"@id":"https:\/\/konro-grill.com\/product\/yakiniku-rechthoekig-shichirin-wegwerprooster-100-stuks\/#breadcrumb"},"inLanguage":"de","potentialAction":[{"@type":"ReadAction","target":["https:\/\/konro-grill.com\/product\/yakiniku-rechthoekig-shichirin-wegwerprooster-100-stuks\/"]}]},{"@type":"ImageObject","inLanguage":"de","@id":"https:\/\/konro-grill.com\/product\/yakiniku-rechthoekig-shichirin-wegwerprooster-100-stuks\/#primaryimage","url":"https:\/\/konro-grill.com\/wp-content\/uploads\/2023\/07\/YAKINIKU-Rechthoekige-Shichirin-Wegwerprooster-10-stuks-BBQdirect.jpg","contentUrl":"https:\/\/konro-grill.com\/wp-content\/uploads\/2023\/07\/YAKINIKU-Rechthoekige-Shichirin-Wegwerprooster-10-stuks-BBQdirect.jpg","width":800,"height":800},{"@type":"BreadcrumbList","@id":"https:\/\/konro-grill.com\/product\/yakiniku-rechthoekig-shichirin-wegwerprooster-100-stuks\/#breadcrumb","itemListElement":[{"@type":"ListItem","position":1,"name":"Home","item":"https:\/\/konro-grill.com\/"},{"@type":"ListItem","position":2,"name":"Winkel","item":"https:\/\/konro-grill.com\/winkel\/"},{"@type":"ListItem","position":3,"name":"YAKINIKU Shichirin wegwerp rooster (100)"}]},{"@type":"WebSite","@id":"https:\/\/konro-grill.com\/#website","url":"https:\/\/konro-grill.com\/","name":"Konro Grill","description":"Konro Grill, der gr\u00f6\u00dfte japanische BBQ-Spezialist","publisher":{"@id":"https:\/\/konro-grill.com\/#organization"},"potentialAction":[{"@type":"SearchAction","target":{"@type":"EntryPoint","urlTemplate":"https:\/\/konro-grill.com\/?s={search_term_string}"},"query-input":{"@type":"PropertyValueSpecification","valueRequired":true,"valueName":"search_term_string"}}],"inLanguage":"de"},{"@type":"Organization","@id":"https:\/\/konro-grill.com\/#organization","name":"Konro Grill","url":"https:\/\/konro-grill.com\/","logo":{"@type":"ImageObject","inLanguage":"de","@id":"https:\/\/konro-grill.com\/#\/schema\/logo\/image\/","url":"https:\/\/konro-grill.com\/wp-content\/uploads\/2021\/10\/konro-grill-logo.png","contentUrl":"https:\/\/konro-grill.com\/wp-content\/uploads\/2021\/10\/konro-grill-logo.png","width":650,"height":80,"caption":"Konro Grill"},"image":{"@id":"https:\/\/konro-grill.com\/#\/schema\/logo\/image\/"},"sameAs":["https:\/\/facebook.com\/KonroGrillCom","https:\/\/www.instagram.com\/konrogrillcom\/"]}]}},"df_price":136,"df_sale_price":"","df_regular_price":136,"df_image_link":"https:\/\/konro-grill.com\/wp-content\/uploads\/2023\/07\/YAKINIKU-Rechthoekige-Shichirin-Wegwerprooster-10-stuks-BBQdirect-300x300.jpg","_links":{"self":[{"href":"https:\/\/konro-grill.com\/de\/wp-json\/wp\/v2\/product\/3212","targetHints":{"allow":["GET"]}}],"collection":[{"href":"https:\/\/konro-grill.com\/de\/wp-json\/wp\/v2\/product"}],"about":[{"href":"https:\/\/konro-grill.com\/de\/wp-json\/wp\/v2\/types\/product"}],"wp:featuredmedia":[{"embeddable":true,"href":"https:\/\/konro-grill.com\/de\/wp-json\/wp\/v2\/media\/3267"}],"wp:attachment":[{"href":"https:\/\/konro-grill.com\/de\/wp-json\/wp\/v2\/media?parent=3212"}],"wp:term":[{"taxonomy":"product_brand","embeddable":true,"href":"https:\/\/konro-grill.com\/de\/wp-json\/wp\/v2\/product_brand?post=3212"},{"taxonomy":"product_cat","embeddable":true,"href":"https:\/\/konro-grill.com\/de\/wp-json\/wp\/v2\/product_cat?post=3212"},{"taxonomy":"product_tag","embeddable":true,"href":"https:\/\/konro-grill.com\/de\/wp-json\/wp\/v2\/product_tag?post=3212"}],"curies":[{"name":"wp","href":"https:\/\/api.w.org\/{rel}","templated":true}]}}