{"id":5283,"date":"2024-02-07T10:38:50","date_gmt":"2024-02-07T09:38:50","guid":{"rendered":"https:\/\/konro-grill.com\/?post_type=product&#038;p=5283"},"modified":"2026-04-25T10:28:04","modified_gmt":"2026-04-25T08:28:04","slug":"kasai-medium-breit-robata","status":"publish","type":"product","link":"https:\/\/konro-grill.com\/de\/produkt\/kasai-medium-breit-robata\/","title":{"rendered":"Kasai Medium Wide Robata"},"content":{"rendered":"","protected":false},"excerpt":{"rendered":"<h2>Kasai Medium Wide Robata: mehr Platz und Arbeit auf verschiedenen H\u00f6hen.<\/h2>\n<p>Das ist ein Muss, wenn du professionell mit dem Kasai Medium Wide arbeitest: die Kasai Medium Wide Robata! Mit ihr kannst du ganz einfach auf verschiedenen H\u00f6hen und mit mehreren Hitzezonen gleichzeitig arbeiten. Ist die Fl\u00e4che deines Grills zu klein? Oder ist die Hitze zu stark? Mit der Kasai Medium Wide Robata kannst du im Handumdrehen mehr Platz und H\u00f6he auf deinem Kasai Grill schaffen.<\/p>\n<p>Dieses hochwertige Kasai-Accessoire ist <strong>Hergestellt aus rostfreiem Stahl<\/strong>\u00a0und kommt mit\u00a0<strong>2 zus\u00e4tzliche Gitter<\/strong>.<\/p>","protected":false},"featured_media":5291,"template":"","meta":{"inline_featured_image":false},"product_brand":[],"product_cat":[472,507,20],"product_tag":[],"class_list":{"0":"post-5283","1":"product","2":"type-product","3":"status-publish","4":"has-post-thumbnail","6":"product_cat-kasai-accessoires","7":"product_cat-kasai-medium-wide","8":"product_cat-konro-grills","9":"entry","10":"has-media","12":"first","13":"instock","14":"taxable","15":"shipping-taxable","16":"purchasable","17":"product-type-simple"},"bundled_by":[],"bundle_stock_status":"instock","bundle_stock_quantity":5,"bundle_virtual":false,"bundle_layout":"","bundle_add_to_cart_form_location":"","bundle_editable_in_cart":false,"bundle_sold_individually_context":"","bundle_item_grouping":"","bundle_min_size":"","bundle_max_size":"","bundle_price":[],"bundled_items":[],"bundle_sell_ids":[5281,5277],"yoast_head":"<!-- This site is optimized with the Yoast SEO plugin v27.4 - https:\/\/yoast.com\/product\/yoast-seo-wordpress\/ -->\n<title>Kasai Medium Wide Robata, must have accessoire voor Kasai<\/title>\n<meta name=\"description\" content=\"Cre\u00eber meer ruimte op je Kasai Medium Wide Robata. Werk op hoogte, met diverse hittezones tegelijkertijd en cre\u00eber meer ruimte.\" \/>\n<meta name=\"robots\" content=\"index, follow, max-snippet:-1, max-image-preview:large, max-video-preview:-1\" \/>\n<link rel=\"canonical\" href=\"https:\/\/konro-grill.com\/de\/produkt\/kasai-medium-breit-robata\/\" \/>\n<meta property=\"og:locale\" content=\"de_DE\" \/>\n<meta property=\"og:type\" content=\"article\" \/>\n<meta property=\"og:title\" content=\"Kasai Medium Wide Robata, must have accessoire voor Kasai\" \/>\n<meta property=\"og:description\" content=\"Cre\u00eber meer ruimte op je Kasai Medium Wide Robata. Werk op hoogte, met diverse hittezones tegelijkertijd en cre\u00eber meer ruimte.\" \/>\n<meta property=\"og:url\" content=\"https:\/\/konro-grill.com\/de\/produkt\/kasai-medium-breit-robata\/\" \/>\n<meta property=\"og:site_name\" content=\"Konro Grill, de grootste Japanse BBQ specialist\" \/>\n<meta property=\"article:publisher\" content=\"https:\/\/facebook.com\/KonroGrillCom\" \/>\n<meta property=\"article:modified_time\" content=\"2026-04-25T08:28:04+00:00\" \/>\n<meta property=\"og:image\" content=\"https:\/\/konro-grill.com\/wp-content\/uploads\/2024\/02\/Kasai-Medium-Wide_7-2.jpg\" \/>\n\t<meta property=\"og:image:width\" content=\"800\" \/>\n\t<meta property=\"og:image:height\" content=\"800\" \/>\n\t<meta property=\"og:image:type\" content=\"image\/jpeg\" \/>\n<meta name=\"twitter:card\" content=\"summary_large_image\" \/>\n<meta name=\"twitter:label1\" content=\"Gesch\u00e4tzte Lesezeit\" \/>\n\t<meta name=\"twitter:data1\" content=\"1\u00a0Minute\" \/>\n<script type=\"application\/ld+json\" class=\"yoast-schema-graph\">{\"@context\":\"https:\\\/\\\/schema.org\",\"@graph\":[{\"@type\":\"WebPage\",\"@id\":\"https:\\\/\\\/konro-grill.com\\\/product\\\/kasai-medium-wide-robata\\\/\",\"url\":\"https:\\\/\\\/konro-grill.com\\\/product\\\/kasai-medium-wide-robata\\\/\",\"name\":\"Kasai Medium Wide Robata, must have accessoire voor Kasai\",\"isPartOf\":{\"@id\":\"https:\\\/\\\/konro-grill.com\\\/#website\"},\"primaryImageOfPage\":{\"@id\":\"https:\\\/\\\/konro-grill.com\\\/product\\\/kasai-medium-wide-robata\\\/#primaryimage\"},\"image\":{\"@id\":\"https:\\\/\\\/konro-grill.com\\\/product\\\/kasai-medium-wide-robata\\\/#primaryimage\"},\"thumbnailUrl\":\"https:\\\/\\\/konro-grill.com\\\/wp-content\\\/uploads\\\/2024\\\/02\\\/Kasai-Medium-Wide_7-2.jpg\",\"datePublished\":\"2024-02-07T09:38:50+00:00\",\"dateModified\":\"2026-04-25T08:28:04+00:00\",\"description\":\"Cre\u00eber meer ruimte op je Kasai Medium Wide Robata. Werk op hoogte, met diverse hittezones tegelijkertijd en cre\u00eber meer ruimte.\",\"breadcrumb\":{\"@id\":\"https:\\\/\\\/konro-grill.com\\\/product\\\/kasai-medium-wide-robata\\\/#breadcrumb\"},\"inLanguage\":\"de\",\"potentialAction\":[{\"@type\":\"ReadAction\",\"target\":[\"https:\\\/\\\/konro-grill.com\\\/product\\\/kasai-medium-wide-robata\\\/\"]}]},{\"@type\":\"ImageObject\",\"inLanguage\":\"de\",\"@id\":\"https:\\\/\\\/konro-grill.com\\\/product\\\/kasai-medium-wide-robata\\\/#primaryimage\",\"url\":\"https:\\\/\\\/konro-grill.com\\\/wp-content\\\/uploads\\\/2024\\\/02\\\/Kasai-Medium-Wide_7-2.jpg\",\"contentUrl\":\"https:\\\/\\\/konro-grill.com\\\/wp-content\\\/uploads\\\/2024\\\/02\\\/Kasai-Medium-Wide_7-2.jpg\",\"width\":800,\"height\":800,\"caption\":\"Kasai Medium Wide Robata\"},{\"@type\":\"BreadcrumbList\",\"@id\":\"https:\\\/\\\/konro-grill.com\\\/product\\\/kasai-medium-wide-robata\\\/#breadcrumb\",\"itemListElement\":[{\"@type\":\"ListItem\",\"position\":1,\"name\":\"Home\",\"item\":\"https:\\\/\\\/konro-grill.com\\\/\"},{\"@type\":\"ListItem\",\"position\":2,\"name\":\"Winkel\",\"item\":\"https:\\\/\\\/konro-grill.com\\\/winkel\\\/\"},{\"@type\":\"ListItem\",\"position\":3,\"name\":\"Kasai Medium Wide Robata\"}]},{\"@type\":\"WebSite\",\"@id\":\"https:\\\/\\\/konro-grill.com\\\/#website\",\"url\":\"https:\\\/\\\/konro-grill.com\\\/\",\"name\":\"Konro Grill\",\"description\":\"Konro Grill, de Grootste Japanse BBQ Specialist\",\"publisher\":{\"@id\":\"https:\\\/\\\/konro-grill.com\\\/#organization\"},\"potentialAction\":[{\"@type\":\"SearchAction\",\"target\":{\"@type\":\"EntryPoint\",\"urlTemplate\":\"https:\\\/\\\/konro-grill.com\\\/?s={search_term_string}\"},\"query-input\":{\"@type\":\"PropertyValueSpecification\",\"valueRequired\":true,\"valueName\":\"search_term_string\"}}],\"inLanguage\":\"de\"},{\"@type\":\"Organization\",\"@id\":\"https:\\\/\\\/konro-grill.com\\\/#organization\",\"name\":\"Konro Grill\",\"url\":\"https:\\\/\\\/konro-grill.com\\\/\",\"logo\":{\"@type\":\"ImageObject\",\"inLanguage\":\"de\",\"@id\":\"https:\\\/\\\/konro-grill.com\\\/#\\\/schema\\\/logo\\\/image\\\/\",\"url\":\"https:\\\/\\\/konro-grill.com\\\/wp-content\\\/uploads\\\/2021\\\/10\\\/konro-grill-logo.png\",\"contentUrl\":\"https:\\\/\\\/konro-grill.com\\\/wp-content\\\/uploads\\\/2021\\\/10\\\/konro-grill-logo.png\",\"width\":650,\"height\":80,\"caption\":\"Konro Grill\"},\"image\":{\"@id\":\"https:\\\/\\\/konro-grill.com\\\/#\\\/schema\\\/logo\\\/image\\\/\"},\"sameAs\":[\"https:\\\/\\\/facebook.com\\\/KonroGrillCom\",\"https:\\\/\\\/www.instagram.com\\\/konrogrillcom\\\/\"]}]}<\/script>\n<!-- \/ Yoast SEO plugin. -->","yoast_head_json":{"title":"Kasai Medium Wide Robata, ein unverzichtbares Zubeh\u00f6r f\u00fcr Kasai","description":"Schaffe mehr Platz auf deiner Kasai Medium Wide Robata. Arbeite in der H\u00f6he, mit mehreren Hitzezonen gleichzeitig und schaffe mehr Platz.","robots":{"index":"index","follow":"follow","max-snippet":"max-snippet:-1","max-image-preview":"max-image-preview:large","max-video-preview":"max-video-preview:-1"},"canonical":"https:\/\/konro-grill.com\/de\/produkt\/kasai-medium-breit-robata\/","og_locale":"de_DE","og_type":"article","og_title":"Kasai Medium Wide Robata, must have accessoire voor Kasai","og_description":"Cre\u00eber meer ruimte op je Kasai Medium Wide Robata. Werk op hoogte, met diverse hittezones tegelijkertijd en cre\u00eber meer ruimte.","og_url":"https:\/\/konro-grill.com\/de\/produkt\/kasai-medium-breit-robata\/","og_site_name":"Konro Grill, de grootste Japanse BBQ specialist","article_publisher":"https:\/\/facebook.com\/KonroGrillCom","article_modified_time":"2026-04-25T08:28:04+00:00","og_image":[{"width":800,"height":800,"url":"https:\/\/konro-grill.com\/wp-content\/uploads\/2024\/02\/Kasai-Medium-Wide_7-2.jpg","type":"image\/jpeg"}],"twitter_card":"summary_large_image","twitter_misc":{"Gesch\u00e4tzte Lesezeit":"1\u00a0Minute"},"schema":{"@context":"https:\/\/schema.org","@graph":[{"@type":"WebPage","@id":"https:\/\/konro-grill.com\/product\/kasai-medium-wide-robata\/","url":"https:\/\/konro-grill.com\/product\/kasai-medium-wide-robata\/","name":"Kasai Medium Wide Robata, ein unverzichtbares Zubeh\u00f6r f\u00fcr Kasai","isPartOf":{"@id":"https:\/\/konro-grill.com\/#website"},"primaryImageOfPage":{"@id":"https:\/\/konro-grill.com\/product\/kasai-medium-wide-robata\/#primaryimage"},"image":{"@id":"https:\/\/konro-grill.com\/product\/kasai-medium-wide-robata\/#primaryimage"},"thumbnailUrl":"https:\/\/konro-grill.com\/wp-content\/uploads\/2024\/02\/Kasai-Medium-Wide_7-2.jpg","datePublished":"2024-02-07T09:38:50+00:00","dateModified":"2026-04-25T08:28:04+00:00","description":"Schaffe mehr Platz auf deiner Kasai Medium Wide Robata. Arbeite in der H\u00f6he, mit mehreren Hitzezonen gleichzeitig und schaffe mehr Platz.","breadcrumb":{"@id":"https:\/\/konro-grill.com\/product\/kasai-medium-wide-robata\/#breadcrumb"},"inLanguage":"de","potentialAction":[{"@type":"ReadAction","target":["https:\/\/konro-grill.com\/product\/kasai-medium-wide-robata\/"]}]},{"@type":"ImageObject","inLanguage":"de","@id":"https:\/\/konro-grill.com\/product\/kasai-medium-wide-robata\/#primaryimage","url":"https:\/\/konro-grill.com\/wp-content\/uploads\/2024\/02\/Kasai-Medium-Wide_7-2.jpg","contentUrl":"https:\/\/konro-grill.com\/wp-content\/uploads\/2024\/02\/Kasai-Medium-Wide_7-2.jpg","width":800,"height":800,"caption":"Kasai Medium Wide Robata"},{"@type":"BreadcrumbList","@id":"https:\/\/konro-grill.com\/product\/kasai-medium-wide-robata\/#breadcrumb","itemListElement":[{"@type":"ListItem","position":1,"name":"Home","item":"https:\/\/konro-grill.com\/"},{"@type":"ListItem","position":2,"name":"Winkel","item":"https:\/\/konro-grill.com\/winkel\/"},{"@type":"ListItem","position":3,"name":"Kasai Medium Wide Robata"}]},{"@type":"WebSite","@id":"https:\/\/konro-grill.com\/#website","url":"https:\/\/konro-grill.com\/","name":"Konro Grill","description":"Konro Grill, der gr\u00f6\u00dfte japanische BBQ-Spezialist","publisher":{"@id":"https:\/\/konro-grill.com\/#organization"},"potentialAction":[{"@type":"SearchAction","target":{"@type":"EntryPoint","urlTemplate":"https:\/\/konro-grill.com\/?s={search_term_string}"},"query-input":{"@type":"PropertyValueSpecification","valueRequired":true,"valueName":"search_term_string"}}],"inLanguage":"de"},{"@type":"Organization","@id":"https:\/\/konro-grill.com\/#organization","name":"Konro Grill","url":"https:\/\/konro-grill.com\/","logo":{"@type":"ImageObject","inLanguage":"de","@id":"https:\/\/konro-grill.com\/#\/schema\/logo\/image\/","url":"https:\/\/konro-grill.com\/wp-content\/uploads\/2021\/10\/konro-grill-logo.png","contentUrl":"https:\/\/konro-grill.com\/wp-content\/uploads\/2021\/10\/konro-grill-logo.png","width":650,"height":80,"caption":"Konro Grill"},"image":{"@id":"https:\/\/konro-grill.com\/#\/schema\/logo\/image\/"},"sameAs":["https:\/\/facebook.com\/KonroGrillCom","https:\/\/www.instagram.com\/konrogrillcom\/"]}]}},"df_price":275,"df_sale_price":"","df_regular_price":275,"df_image_link":"https:\/\/konro-grill.com\/wp-content\/uploads\/2024\/02\/Kasai-Medium-Wide_7-2-300x300.jpg","_links":{"self":[{"href":"https:\/\/konro-grill.com\/de\/wp-json\/wp\/v2\/product\/5283","targetHints":{"allow":["GET"]}}],"collection":[{"href":"https:\/\/konro-grill.com\/de\/wp-json\/wp\/v2\/product"}],"about":[{"href":"https:\/\/konro-grill.com\/de\/wp-json\/wp\/v2\/types\/product"}],"wp:featuredmedia":[{"embeddable":true,"href":"https:\/\/konro-grill.com\/de\/wp-json\/wp\/v2\/media\/5291"}],"wp:attachment":[{"href":"https:\/\/konro-grill.com\/de\/wp-json\/wp\/v2\/media?parent=5283"}],"wp:term":[{"taxonomy":"product_brand","embeddable":true,"href":"https:\/\/konro-grill.com\/de\/wp-json\/wp\/v2\/product_brand?post=5283"},{"taxonomy":"product_cat","embeddable":true,"href":"https:\/\/konro-grill.com\/de\/wp-json\/wp\/v2\/product_cat?post=5283"},{"taxonomy":"product_tag","embeddable":true,"href":"https:\/\/konro-grill.com\/de\/wp-json\/wp\/v2\/product_tag?post=5283"}],"curies":[{"name":"wp","href":"https:\/\/api.w.org\/{rel}","templated":true}]}}