{"id":5330,"date":"2024-02-07T14:30:15","date_gmt":"2024-02-07T13:30:15","guid":{"rendered":"https:\/\/konro-grill.com\/?post_type=product&#038;p=5330"},"modified":"2026-04-23T10:28:03","modified_gmt":"2026-04-23T08:28:03","slug":"kasai-medium-long-carry-bag","status":"publish","type":"product","link":"https:\/\/konro-grill.com\/de\/produkt\/kasai-medium-long-carry-bag\/","title":{"rendered":"Kasai Medium Long Tragetasche"},"content":{"rendered":"","protected":false},"excerpt":{"rendered":"<h2>Kasai Nano Tragetasche<\/h2>\n<p>Transportiere deinen tragbaren Kasai Nano Grill einfach und stilvoll mit der Kasai Nano Tragetasche. Sie wird in Gro\u00dfbritannien aus robustem, wasserdichtem 600-Denier-Polyester-Canvas-Gewebe mit starken, langlebigen Rei\u00dfverschl\u00fcssen hergestellt. Die Kasai Tragetaschen sind perfekt, um deinen Kasai Grill mit an den Strand oder zu Freunden zu nehmen. Wenn der Grill abgek\u00fchlt ist, kannst du ihn in der Tasche verstauen.<\/p>\n<p>Bietet umfassenden Schutz vor Regen, Wind, Frost, UV-Strahlung und Salz und ist gleichzeitig atmungsaktiv, um bei Bedarf Feuchtigkeit abzugeben.<\/p>","protected":false},"featured_media":5487,"template":"","meta":{"inline_featured_image":false},"product_brand":[],"product_cat":[472,434,20],"product_tag":[],"class_list":{"0":"post-5330","1":"product","2":"type-product","3":"status-publish","4":"has-post-thumbnail","6":"product_cat-kasai-accessoires","7":"product_cat-kasai-medium-long","8":"product_cat-konro-grills","9":"entry","10":"has-media","12":"first","13":"instock","14":"taxable","15":"shipping-taxable","16":"purchasable","17":"product-type-simple"},"bundled_by":[],"bundle_stock_status":"instock","bundle_stock_quantity":2,"bundle_virtual":false,"bundle_layout":"","bundle_add_to_cart_form_location":"","bundle_editable_in_cart":false,"bundle_sold_individually_context":"","bundle_item_grouping":"","bundle_min_size":"","bundle_max_size":"","bundle_price":[],"bundled_items":[],"bundle_sell_ids":[],"yoast_head":"<!-- This site is optimized with the Yoast SEO plugin v27.4 - https:\/\/yoast.com\/product\/yoast-seo-wordpress\/ -->\n<title>Kasai Medium Long Draagtas | Konro Grill, de grootste Japanse BBQ specialist<\/title>\n<meta name=\"description\" content=\"Vervoer je Kasai Medium Long grill gemakkelijk en in stijl met de Kasai Medium Long Draagtas. Gemaakt in Groot-Brittanni\u00eb van waterdichte canvasstof.\" \/>\n<meta name=\"robots\" content=\"index, follow, max-snippet:-1, max-image-preview:large, max-video-preview:-1\" \/>\n<link rel=\"canonical\" href=\"https:\/\/konro-grill.com\/de\/produkt\/kasai-medium-long-carry-bag\/\" \/>\n<meta property=\"og:locale\" content=\"de_DE\" \/>\n<meta property=\"og:type\" content=\"article\" \/>\n<meta property=\"og:title\" content=\"Kasai Medium Long Draagtas | Konro Grill, de grootste Japanse BBQ specialist\" \/>\n<meta property=\"og:description\" content=\"Vervoer je Kasai Medium Long grill gemakkelijk en in stijl met de Kasai Medium Long Draagtas. Gemaakt in Groot-Brittanni\u00eb van waterdichte canvasstof.\" \/>\n<meta property=\"og:url\" content=\"https:\/\/konro-grill.com\/de\/produkt\/kasai-medium-long-carry-bag\/\" \/>\n<meta property=\"og:site_name\" content=\"Konro Grill, de grootste Japanse BBQ specialist\" \/>\n<meta property=\"article:publisher\" content=\"https:\/\/facebook.com\/KonroGrillCom\" \/>\n<meta property=\"article:modified_time\" content=\"2026-04-23T08:28:03+00:00\" \/>\n<meta property=\"og:image\" content=\"https:\/\/konro-grill.com\/wp-content\/uploads\/2024\/02\/Kasai-Medium-Long-Draagtas.jpg\" \/>\n\t<meta property=\"og:image:width\" content=\"800\" \/>\n\t<meta property=\"og:image:height\" content=\"800\" \/>\n\t<meta property=\"og:image:type\" content=\"image\/jpeg\" \/>\n<meta name=\"twitter:card\" content=\"summary_large_image\" \/>\n<meta name=\"twitter:label1\" content=\"Gesch\u00e4tzte Lesezeit\" \/>\n\t<meta name=\"twitter:data1\" content=\"1\u00a0Minute\" \/>\n<script type=\"application\/ld+json\" class=\"yoast-schema-graph\">{\"@context\":\"https:\\\/\\\/schema.org\",\"@graph\":[{\"@type\":\"WebPage\",\"@id\":\"https:\\\/\\\/konro-grill.com\\\/product\\\/kasai-medium-long-draagtas\\\/\",\"url\":\"https:\\\/\\\/konro-grill.com\\\/product\\\/kasai-medium-long-draagtas\\\/\",\"name\":\"Kasai Medium Long Draagtas | Konro Grill, de grootste Japanse BBQ specialist\",\"isPartOf\":{\"@id\":\"https:\\\/\\\/konro-grill.com\\\/#website\"},\"primaryImageOfPage\":{\"@id\":\"https:\\\/\\\/konro-grill.com\\\/product\\\/kasai-medium-long-draagtas\\\/#primaryimage\"},\"image\":{\"@id\":\"https:\\\/\\\/konro-grill.com\\\/product\\\/kasai-medium-long-draagtas\\\/#primaryimage\"},\"thumbnailUrl\":\"https:\\\/\\\/konro-grill.com\\\/wp-content\\\/uploads\\\/2024\\\/02\\\/Kasai-Medium-Long-Draagtas.jpg\",\"datePublished\":\"2024-02-07T13:30:15+00:00\",\"dateModified\":\"2026-04-23T08:28:03+00:00\",\"description\":\"Vervoer je Kasai Medium Long grill gemakkelijk en in stijl met de Kasai Medium Long Draagtas. Gemaakt in Groot-Brittanni\u00eb van waterdichte canvasstof.\",\"breadcrumb\":{\"@id\":\"https:\\\/\\\/konro-grill.com\\\/product\\\/kasai-medium-long-draagtas\\\/#breadcrumb\"},\"inLanguage\":\"de\",\"potentialAction\":[{\"@type\":\"ReadAction\",\"target\":[\"https:\\\/\\\/konro-grill.com\\\/product\\\/kasai-medium-long-draagtas\\\/\"]}]},{\"@type\":\"ImageObject\",\"inLanguage\":\"de\",\"@id\":\"https:\\\/\\\/konro-grill.com\\\/product\\\/kasai-medium-long-draagtas\\\/#primaryimage\",\"url\":\"https:\\\/\\\/konro-grill.com\\\/wp-content\\\/uploads\\\/2024\\\/02\\\/Kasai-Medium-Long-Draagtas.jpg\",\"contentUrl\":\"https:\\\/\\\/konro-grill.com\\\/wp-content\\\/uploads\\\/2024\\\/02\\\/Kasai-Medium-Long-Draagtas.jpg\",\"width\":800,\"height\":800,\"caption\":\"Kasai Medium Long Draagtas\"},{\"@type\":\"BreadcrumbList\",\"@id\":\"https:\\\/\\\/konro-grill.com\\\/product\\\/kasai-medium-long-draagtas\\\/#breadcrumb\",\"itemListElement\":[{\"@type\":\"ListItem\",\"position\":1,\"name\":\"Home\",\"item\":\"https:\\\/\\\/konro-grill.com\\\/\"},{\"@type\":\"ListItem\",\"position\":2,\"name\":\"Winkel\",\"item\":\"https:\\\/\\\/konro-grill.com\\\/winkel\\\/\"},{\"@type\":\"ListItem\",\"position\":3,\"name\":\"Kasai Medium Long Draagtas\"}]},{\"@type\":\"WebSite\",\"@id\":\"https:\\\/\\\/konro-grill.com\\\/#website\",\"url\":\"https:\\\/\\\/konro-grill.com\\\/\",\"name\":\"Konro Grill\",\"description\":\"Konro Grill, de Grootste Japanse BBQ Specialist\",\"publisher\":{\"@id\":\"https:\\\/\\\/konro-grill.com\\\/#organization\"},\"potentialAction\":[{\"@type\":\"SearchAction\",\"target\":{\"@type\":\"EntryPoint\",\"urlTemplate\":\"https:\\\/\\\/konro-grill.com\\\/?s={search_term_string}\"},\"query-input\":{\"@type\":\"PropertyValueSpecification\",\"valueRequired\":true,\"valueName\":\"search_term_string\"}}],\"inLanguage\":\"de\"},{\"@type\":\"Organization\",\"@id\":\"https:\\\/\\\/konro-grill.com\\\/#organization\",\"name\":\"Konro Grill\",\"url\":\"https:\\\/\\\/konro-grill.com\\\/\",\"logo\":{\"@type\":\"ImageObject\",\"inLanguage\":\"de\",\"@id\":\"https:\\\/\\\/konro-grill.com\\\/#\\\/schema\\\/logo\\\/image\\\/\",\"url\":\"https:\\\/\\\/konro-grill.com\\\/wp-content\\\/uploads\\\/2021\\\/10\\\/konro-grill-logo.png\",\"contentUrl\":\"https:\\\/\\\/konro-grill.com\\\/wp-content\\\/uploads\\\/2021\\\/10\\\/konro-grill-logo.png\",\"width\":650,\"height\":80,\"caption\":\"Konro Grill\"},\"image\":{\"@id\":\"https:\\\/\\\/konro-grill.com\\\/#\\\/schema\\\/logo\\\/image\\\/\"},\"sameAs\":[\"https:\\\/\\\/facebook.com\\\/KonroGrillCom\",\"https:\\\/\\\/www.instagram.com\\\/konrogrillcom\\\/\"]}]}<\/script>\n<!-- \/ Yoast SEO plugin. -->","yoast_head_json":{"title":"Kasai Medium Long Carrying Bag | Konro Grill, der gr\u00f6\u00dfte japanische BBQ-Spezialist","description":"Transportiere deinen Kasai Medium Long Grill einfach und stilvoll mit der Kasai Medium Long Tragetasche. Sie wird in Gro\u00dfbritannien aus wasserdichtem Canvas-Gewebe hergestellt.","robots":{"index":"index","follow":"follow","max-snippet":"max-snippet:-1","max-image-preview":"max-image-preview:large","max-video-preview":"max-video-preview:-1"},"canonical":"https:\/\/konro-grill.com\/de\/produkt\/kasai-medium-long-carry-bag\/","og_locale":"de_DE","og_type":"article","og_title":"Kasai Medium Long Draagtas | Konro Grill, de grootste Japanse BBQ specialist","og_description":"Vervoer je Kasai Medium Long grill gemakkelijk en in stijl met de Kasai Medium Long Draagtas. Gemaakt in Groot-Brittanni\u00eb van waterdichte canvasstof.","og_url":"https:\/\/konro-grill.com\/de\/produkt\/kasai-medium-long-carry-bag\/","og_site_name":"Konro Grill, de grootste Japanse BBQ specialist","article_publisher":"https:\/\/facebook.com\/KonroGrillCom","article_modified_time":"2026-04-23T08:28:03+00:00","og_image":[{"width":800,"height":800,"url":"https:\/\/konro-grill.com\/wp-content\/uploads\/2024\/02\/Kasai-Medium-Long-Draagtas.jpg","type":"image\/jpeg"}],"twitter_card":"summary_large_image","twitter_misc":{"Gesch\u00e4tzte Lesezeit":"1\u00a0Minute"},"schema":{"@context":"https:\/\/schema.org","@graph":[{"@type":"WebPage","@id":"https:\/\/konro-grill.com\/product\/kasai-medium-long-draagtas\/","url":"https:\/\/konro-grill.com\/product\/kasai-medium-long-draagtas\/","name":"Kasai Medium Long Carrying Bag | Konro Grill, der gr\u00f6\u00dfte japanische BBQ-Spezialist","isPartOf":{"@id":"https:\/\/konro-grill.com\/#website"},"primaryImageOfPage":{"@id":"https:\/\/konro-grill.com\/product\/kasai-medium-long-draagtas\/#primaryimage"},"image":{"@id":"https:\/\/konro-grill.com\/product\/kasai-medium-long-draagtas\/#primaryimage"},"thumbnailUrl":"https:\/\/konro-grill.com\/wp-content\/uploads\/2024\/02\/Kasai-Medium-Long-Draagtas.jpg","datePublished":"2024-02-07T13:30:15+00:00","dateModified":"2026-04-23T08:28:03+00:00","description":"Transportiere deinen Kasai Medium Long Grill einfach und stilvoll mit der Kasai Medium Long Tragetasche. Sie wird in Gro\u00dfbritannien aus wasserdichtem Canvas-Gewebe hergestellt.","breadcrumb":{"@id":"https:\/\/konro-grill.com\/product\/kasai-medium-long-draagtas\/#breadcrumb"},"inLanguage":"de","potentialAction":[{"@type":"ReadAction","target":["https:\/\/konro-grill.com\/product\/kasai-medium-long-draagtas\/"]}]},{"@type":"ImageObject","inLanguage":"de","@id":"https:\/\/konro-grill.com\/product\/kasai-medium-long-draagtas\/#primaryimage","url":"https:\/\/konro-grill.com\/wp-content\/uploads\/2024\/02\/Kasai-Medium-Long-Draagtas.jpg","contentUrl":"https:\/\/konro-grill.com\/wp-content\/uploads\/2024\/02\/Kasai-Medium-Long-Draagtas.jpg","width":800,"height":800,"caption":"Kasai Medium Long Draagtas"},{"@type":"BreadcrumbList","@id":"https:\/\/konro-grill.com\/product\/kasai-medium-long-draagtas\/#breadcrumb","itemListElement":[{"@type":"ListItem","position":1,"name":"Home","item":"https:\/\/konro-grill.com\/"},{"@type":"ListItem","position":2,"name":"Winkel","item":"https:\/\/konro-grill.com\/winkel\/"},{"@type":"ListItem","position":3,"name":"Kasai Medium Long Draagtas"}]},{"@type":"WebSite","@id":"https:\/\/konro-grill.com\/#website","url":"https:\/\/konro-grill.com\/","name":"Konro Grill","description":"Konro Grill, der gr\u00f6\u00dfte japanische BBQ-Spezialist","publisher":{"@id":"https:\/\/konro-grill.com\/#organization"},"potentialAction":[{"@type":"SearchAction","target":{"@type":"EntryPoint","urlTemplate":"https:\/\/konro-grill.com\/?s={search_term_string}"},"query-input":{"@type":"PropertyValueSpecification","valueRequired":true,"valueName":"search_term_string"}}],"inLanguage":"de"},{"@type":"Organization","@id":"https:\/\/konro-grill.com\/#organization","name":"Konro Grill","url":"https:\/\/konro-grill.com\/","logo":{"@type":"ImageObject","inLanguage":"de","@id":"https:\/\/konro-grill.com\/#\/schema\/logo\/image\/","url":"https:\/\/konro-grill.com\/wp-content\/uploads\/2021\/10\/konro-grill-logo.png","contentUrl":"https:\/\/konro-grill.com\/wp-content\/uploads\/2021\/10\/konro-grill-logo.png","width":650,"height":80,"caption":"Konro Grill"},"image":{"@id":"https:\/\/konro-grill.com\/#\/schema\/logo\/image\/"},"sameAs":["https:\/\/facebook.com\/KonroGrillCom","https:\/\/www.instagram.com\/konrogrillcom\/"]}]}},"df_price":109,"df_sale_price":"","df_regular_price":109,"df_image_link":"https:\/\/konro-grill.com\/wp-content\/uploads\/2024\/02\/Kasai-Medium-Long-Draagtas-300x300.jpg","_links":{"self":[{"href":"https:\/\/konro-grill.com\/de\/wp-json\/wp\/v2\/product\/5330","targetHints":{"allow":["GET"]}}],"collection":[{"href":"https:\/\/konro-grill.com\/de\/wp-json\/wp\/v2\/product"}],"about":[{"href":"https:\/\/konro-grill.com\/de\/wp-json\/wp\/v2\/types\/product"}],"wp:featuredmedia":[{"embeddable":true,"href":"https:\/\/konro-grill.com\/de\/wp-json\/wp\/v2\/media\/5487"}],"wp:attachment":[{"href":"https:\/\/konro-grill.com\/de\/wp-json\/wp\/v2\/media?parent=5330"}],"wp:term":[{"taxonomy":"product_brand","embeddable":true,"href":"https:\/\/konro-grill.com\/de\/wp-json\/wp\/v2\/product_brand?post=5330"},{"taxonomy":"product_cat","embeddable":true,"href":"https:\/\/konro-grill.com\/de\/wp-json\/wp\/v2\/product_cat?post=5330"},{"taxonomy":"product_tag","embeddable":true,"href":"https:\/\/konro-grill.com\/de\/wp-json\/wp\/v2\/product_tag?post=5330"}],"curies":[{"name":"wp","href":"https:\/\/api.w.org\/{rel}","templated":true}]}}