{"id":6580,"date":"2024-09-04T15:39:48","date_gmt":"2024-09-04T13:39:48","guid":{"rendered":"https:\/\/konro-grill.com\/?post_type=product&#038;p=6580"},"modified":"2026-04-22T10:28:06","modified_gmt":"2026-04-22T08:28:06","slug":"yakiniku-shichirin-gros","status":"publish","type":"product","link":"https:\/\/konro-grill.com\/de\/produkt\/yakiniku-shichirin-gros\/","title":{"rendered":"YAKINIKU Shichirin Gro\u00df"},"content":{"rendered":"<div class=\"wpb-content-wrapper\"><div class=\"vc_row wpb_row vc_row-fluid wpex-relative\"><div class=\"wpb_column vc_column_container vc_col-sm-12\"><div class=\"vc_column-inner\"><div class=\"wpb_wrapper\">\n\t<div class=\"wpb_text_column wpb_content_element\" >\n\t\t<div class=\"wpb_wrapper\">\n\t\t\t<h3>Der YAKINIKU Shichirin Large ist ein Grill im japanischen Stil.<\/h3>\n<p>Die Arbeit mit dem YAKINIKU Shichirin Large, einem Grill im japanischen Stil, ist eine soziale Form des Grillens. Man bringt Menschen zusammen, f\u00fcllt den Tisch mit leckeren Zutaten und grillt gemeinsam. Grillen auf einem YAKINIKU Shichirin Large ist nicht einfach nur Grillen. Das ist eine ganz andere Disziplin. Es ist raffinierter, eleganter und kleiner. Auf diesem YAKINIKU Shichirin Medium bereitest du die leckersten Gerichte mit gro\u00dfer Pr\u00e4zision zu.<\/p>\n<p>Bitte beachte, dass der YAKINIKU Shichirin Large kein original japanischer Grill ist, sondern dass dieser Konro-Grill in China hergestellt wird. Die Qualit\u00e4t ist gut f\u00fcr den Hausgebrauch, wir empfehlen nicht, diesen Grill professionell zu verwenden.<\/p>\n<p>Alle anzeigen <a href=\"https:\/\/konro-grill.com\/de\/yakiniku-shichirin-zubehor\/\">Yakiniku Shichrin Zubeh\u00f6r<\/a>.<\/p>\n\n\t\t<\/div>\n\t<\/div>\n<div class=\"vcex-spacing wpex-w-100 wpex-clear\" style=\"height:32px;\"><\/div><div class=\"templatera_shortcode\"><style type=\"text\/css\" data-type=\"vc_shortcodes-custom-css\">.vc_custom_1657802039208{margin-bottom: 0px !important;}<\/style><div class=\"vc_row wpb_row vc_row-fluid geschikt-voor-row-alt wpex-relative\"><div class=\"wpb_column vc_column_container vc_col-sm-12\"><div class=\"vc_column-inner vc_custom_1657802039208\"><div class=\"wpb_wrapper\">\n\t<div class=\"wpb_text_column wpb_content_element left\" >\n\t\t<div class=\"wpb_wrapper\">\n\t\t\t<h2 style=\"text-align: center;\">Das kannst du mit dem Konro Grill machen<\/h2>\n\n\t\t<\/div>\n\t<\/div>\n<div class=\"vc_row wpb_row vc_inner vc_row-fluid wpex-relative\"><div class=\"wpb_column vc_column_container vc_col-sm-4\"><div class=\"vc_column-inner\"><div class=\"wpb_wrapper\">\n\t<div  class=\"wpb_single_image wpb_content_element vc_align_center wpb_content_element  icon\">\n\t\t\n\t\t<figure class=\"wpb_wrapper vc_figure\">\n\t\t\t<div class=\"vc_single_image-wrapper   vc_box_border_grey\"><img width=\"1\" height=\"1\" src=\"https:\/\/konro-grill.com\/wp-content\/uploads\/2020\/11\/vlees.svg\" class=\"vc_single_image-img attachment-full\" alt=\"\" title=\"Fleisch\" \/><\/div>\n\t\t<\/figure>\n\t<\/div>\n\n\t<div class=\"wpb_text_column wpb_content_element textcenter\" >\n\t\t<div class=\"wpb_wrapper\">\n\t\t\t<h3>Gefl\u00fcgel und Fleisch<\/h3>\n<p>Grillen Sie H\u00fchnchen nach Yakitori-Art und braten Sie zarte, d\u00fcnne Scheiben vom Wagyu an!<\/p>\n\n\t\t<\/div>\n\t<\/div>\n<\/div><\/div><\/div><div class=\"wpb_column vc_column_container vc_col-sm-4\"><div class=\"vc_column-inner\"><div class=\"wpb_wrapper\">\n\t<div  class=\"wpb_single_image wpb_content_element vc_align_center wpb_content_element  icon\">\n\t\t\n\t\t<figure class=\"wpb_wrapper vc_figure\">\n\t\t\t<div class=\"vc_single_image-wrapper   vc_box_border_grey\"><img width=\"1\" height=\"1\" src=\"https:\/\/konro-grill.com\/wp-content\/uploads\/2020\/11\/vis.svg\" class=\"vc_single_image-img attachment-full\" alt=\"\" title=\"Fisch\" \/><\/div>\n\t\t<\/figure>\n\t<\/div>\n\n\t<div class=\"wpb_text_column wpb_content_element textcenter\" >\n\t\t<div class=\"wpb_wrapper\">\n\t\t\t<h3>Fisch und Schalentiere<\/h3>\n<p>Muscheln oder Fisch direkt grillen. K\u00f6stlich! Schmecken Sie den reinen Geschmack!<\/p>\n\n\t\t<\/div>\n\t<\/div>\n<\/div><\/div><\/div><div class=\"wpb_column vc_column_container vc_col-sm-4\"><div class=\"vc_column-inner\"><div class=\"wpb_wrapper\">\n\t<div  class=\"wpb_single_image wpb_content_element vc_align_center wpb_content_element  icon\">\n\t\t\n\t\t<figure class=\"wpb_wrapper vc_figure\">\n\t\t\t<div class=\"vc_single_image-wrapper   vc_box_border_grey\"><img width=\"1\" height=\"1\" src=\"https:\/\/konro-grill.com\/wp-content\/uploads\/2020\/11\/groente.svg\" class=\"vc_single_image-img attachment-full\" alt=\"\" title=\"Gem\u00fcse\" \/><\/div>\n\t\t<\/figure>\n\t<\/div>\n\n\t<div class=\"wpb_text_column wpb_content_element textcenter\" >\n\t\t<div class=\"wpb_wrapper\">\n\t\t\t<h3>Obst und Gem\u00fcse<\/h3>\n<p>Grillen Sie Gem\u00fcse oder sogar Obst. Lackieren Sie es und lassen Sie sich von seinem Geschmack \u00fcberraschen!<\/p>\n\n\t\t<\/div>\n\t<\/div>\n<\/div><\/div><\/div><\/div><\/div><\/div><\/div><\/div><\/div><\/div><\/div><\/div><\/div>\n<\/div>","protected":false},"excerpt":{"rendered":"<h2>Das YAKINIKU Shichirin LARGE hat 40% mehr Oberfl\u00e4che.<\/h2>\n<p>Dieses YAKINIKU Shichirin Large ist ideal f\u00fcr <strong>professionelle Anwendung<\/strong> oder gro\u00dfe Parteien.\u00a0<span style=\"background-color: var(--wpex-surface-1);\">Dieser gro\u00dfe, rechteckige Shichirin besteht aus einer Mischung aus Quarz und Cordierit und hat ein <strong>extra gro\u00df<\/strong> <\/span><strong>Grillfl\u00e4che von 50,5 x 20,5 cm<\/strong><span style=\"background-color: var(--wpex-surface-1);\">. Dieser Shichirin ist\u00a0<\/span><strong>geeignet f\u00fcr 4 bis 8 Personen<\/strong><span style=\"background-color: var(--wpex-surface-1);\">, wiegt\u00a0<\/span><strong>14 kg <\/strong><span style=\"background-color: var(--wpex-surface-1);\">und wird zu <\/span>geliefert mit einer<strong> Holztablett<\/strong><span style=\"background-color: var(--wpex-surface-1);\">.\u00a0<\/span><\/p>","protected":false},"featured_media":6581,"template":"","meta":{"inline_featured_image":false},"product_brand":[],"product_cat":[20,425],"product_tag":[],"class_list":{"0":"post-6580","1":"product","2":"type-product","3":"status-publish","4":"has-post-thumbnail","6":"product_cat-konro-grills","7":"product_cat-yakiniku-grill","8":"entry","9":"has-media","11":"first","12":"instock","13":"taxable","14":"shipping-taxable","15":"purchasable","16":"product-type-simple"},"bundled_by":["6725"],"bundle_stock_status":"instock","bundle_stock_quantity":9,"bundle_virtual":false,"bundle_layout":"","bundle_add_to_cart_form_location":"","bundle_editable_in_cart":false,"bundle_sold_individually_context":"","bundle_item_grouping":"","bundle_min_size":"","bundle_max_size":"","bundle_price":[],"bundled_items":[],"bundle_sell_ids":[6674,9007,8960,6569,3203,3195,3891,3898,3910,915,2519,9989],"yoast_head":"<!-- This site is optimized with the Yoast SEO plugin v27.4 - https:\/\/yoast.com\/product\/yoast-seo-wordpress\/ -->\n<title>YAKINIKU Shichirin Large, bestel hem bij de grootste: Konro Grill<\/title>\n<meta name=\"description\" content=\"YAKINIKU Shichirin LARGE is de grote broer van Medium Shichirin, het oppervlak is 40% groter. Bestel bij Konro Grill, de grootste Japanse BBQ specialist\" \/>\n<meta name=\"robots\" content=\"index, follow, max-snippet:-1, max-image-preview:large, max-video-preview:-1\" \/>\n<link rel=\"canonical\" href=\"https:\/\/konro-grill.com\/de\/produkt\/yakiniku-shichirin-gros\/\" \/>\n<meta property=\"og:locale\" content=\"de_DE\" \/>\n<meta property=\"og:type\" content=\"article\" \/>\n<meta property=\"og:title\" content=\"YAKINIKU Shichirin Large, bestel hem bij de grootste: Konro Grill\" \/>\n<meta property=\"og:description\" content=\"YAKINIKU Shichirin LARGE is de grote broer van Medium Shichirin, het oppervlak is 40% groter. Bestel bij Konro Grill, de grootste Japanse BBQ specialist\" \/>\n<meta property=\"og:url\" content=\"https:\/\/konro-grill.com\/de\/produkt\/yakiniku-shichirin-gros\/\" \/>\n<meta property=\"og:site_name\" content=\"Konro Grill, de grootste Japanse BBQ specialist\" \/>\n<meta property=\"article:publisher\" content=\"https:\/\/facebook.com\/KonroGrillCom\" \/>\n<meta property=\"article:modified_time\" content=\"2026-04-22T08:28:06+00:00\" \/>\n<meta property=\"og:image\" content=\"https:\/\/konro-grill.com\/wp-content\/uploads\/2024\/09\/YAKINIKU-Large-Rechthoekige-Shichirin.jpg\" \/>\n\t<meta property=\"og:image:width\" content=\"800\" \/>\n\t<meta property=\"og:image:height\" content=\"800\" \/>\n\t<meta property=\"og:image:type\" content=\"image\/jpeg\" \/>\n<meta name=\"twitter:card\" content=\"summary_large_image\" \/>\n<meta name=\"twitter:label1\" content=\"Gesch\u00e4tzte Lesezeit\" \/>\n\t<meta name=\"twitter:data1\" content=\"1\u00a0Minute\" \/>\n<script type=\"application\/ld+json\" class=\"yoast-schema-graph\">{\"@context\":\"https:\\\/\\\/schema.org\",\"@graph\":[{\"@type\":\"WebPage\",\"@id\":\"https:\\\/\\\/konro-grill.com\\\/product\\\/yakiniku-shichirin-large\\\/\",\"url\":\"https:\\\/\\\/konro-grill.com\\\/product\\\/yakiniku-shichirin-large\\\/\",\"name\":\"YAKINIKU Shichirin Large, bestel hem bij de grootste: Konro Grill\",\"isPartOf\":{\"@id\":\"https:\\\/\\\/konro-grill.com\\\/#website\"},\"primaryImageOfPage\":{\"@id\":\"https:\\\/\\\/konro-grill.com\\\/product\\\/yakiniku-shichirin-large\\\/#primaryimage\"},\"image\":{\"@id\":\"https:\\\/\\\/konro-grill.com\\\/product\\\/yakiniku-shichirin-large\\\/#primaryimage\"},\"thumbnailUrl\":\"https:\\\/\\\/konro-grill.com\\\/wp-content\\\/uploads\\\/2024\\\/09\\\/YAKINIKU-Large-Rechthoekige-Shichirin.jpg\",\"datePublished\":\"2024-09-04T13:39:48+00:00\",\"dateModified\":\"2026-04-22T08:28:06+00:00\",\"description\":\"YAKINIKU Shichirin LARGE is de grote broer van Medium Shichirin, het oppervlak is 40% groter. Bestel bij Konro Grill, de grootste Japanse BBQ specialist\",\"breadcrumb\":{\"@id\":\"https:\\\/\\\/konro-grill.com\\\/product\\\/yakiniku-shichirin-large\\\/#breadcrumb\"},\"inLanguage\":\"de\",\"potentialAction\":[{\"@type\":\"ReadAction\",\"target\":[\"https:\\\/\\\/konro-grill.com\\\/product\\\/yakiniku-shichirin-large\\\/\"]}]},{\"@type\":\"ImageObject\",\"inLanguage\":\"de\",\"@id\":\"https:\\\/\\\/konro-grill.com\\\/product\\\/yakiniku-shichirin-large\\\/#primaryimage\",\"url\":\"https:\\\/\\\/konro-grill.com\\\/wp-content\\\/uploads\\\/2024\\\/09\\\/YAKINIKU-Large-Rechthoekige-Shichirin.jpg\",\"contentUrl\":\"https:\\\/\\\/konro-grill.com\\\/wp-content\\\/uploads\\\/2024\\\/09\\\/YAKINIKU-Large-Rechthoekige-Shichirin.jpg\",\"width\":800,\"height\":800,\"caption\":\"YAKINIKU Large Rechthoekige Shichirin\"},{\"@type\":\"BreadcrumbList\",\"@id\":\"https:\\\/\\\/konro-grill.com\\\/product\\\/yakiniku-shichirin-large\\\/#breadcrumb\",\"itemListElement\":[{\"@type\":\"ListItem\",\"position\":1,\"name\":\"Home\",\"item\":\"https:\\\/\\\/konro-grill.com\\\/\"},{\"@type\":\"ListItem\",\"position\":2,\"name\":\"Winkel\",\"item\":\"https:\\\/\\\/konro-grill.com\\\/winkel\\\/\"},{\"@type\":\"ListItem\",\"position\":3,\"name\":\"YAKINIKU Shichirin Large\"}]},{\"@type\":\"WebSite\",\"@id\":\"https:\\\/\\\/konro-grill.com\\\/#website\",\"url\":\"https:\\\/\\\/konro-grill.com\\\/\",\"name\":\"Konro Grill\",\"description\":\"Konro Grill, de Grootste Japanse BBQ Specialist\",\"publisher\":{\"@id\":\"https:\\\/\\\/konro-grill.com\\\/#organization\"},\"potentialAction\":[{\"@type\":\"SearchAction\",\"target\":{\"@type\":\"EntryPoint\",\"urlTemplate\":\"https:\\\/\\\/konro-grill.com\\\/?s={search_term_string}\"},\"query-input\":{\"@type\":\"PropertyValueSpecification\",\"valueRequired\":true,\"valueName\":\"search_term_string\"}}],\"inLanguage\":\"de\"},{\"@type\":\"Organization\",\"@id\":\"https:\\\/\\\/konro-grill.com\\\/#organization\",\"name\":\"Konro Grill\",\"url\":\"https:\\\/\\\/konro-grill.com\\\/\",\"logo\":{\"@type\":\"ImageObject\",\"inLanguage\":\"de\",\"@id\":\"https:\\\/\\\/konro-grill.com\\\/#\\\/schema\\\/logo\\\/image\\\/\",\"url\":\"https:\\\/\\\/konro-grill.com\\\/wp-content\\\/uploads\\\/2021\\\/10\\\/konro-grill-logo.png\",\"contentUrl\":\"https:\\\/\\\/konro-grill.com\\\/wp-content\\\/uploads\\\/2021\\\/10\\\/konro-grill-logo.png\",\"width\":650,\"height\":80,\"caption\":\"Konro Grill\"},\"image\":{\"@id\":\"https:\\\/\\\/konro-grill.com\\\/#\\\/schema\\\/logo\\\/image\\\/\"},\"sameAs\":[\"https:\\\/\\\/facebook.com\\\/KonroGrillCom\",\"https:\\\/\\\/www.instagram.com\\\/konrogrillcom\\\/\"]}]}<\/script>\n<!-- \/ Yoast SEO plugin. -->","yoast_head_json":{"title":"YAKINIKU Shichirin Large, bestelle es bei der gr\u00f6\u00dften: Konro Grill","description":"YAKINIKU Shichirin LARGE ist der gro\u00dfe Bruder von Medium Shichirin, die Oberfl\u00e4che ist 40% gr\u00f6\u00dfer. Bestelle bei Konro Grill, dem gr\u00f6\u00dften japanischen BBQ-Spezialisten","robots":{"index":"index","follow":"follow","max-snippet":"max-snippet:-1","max-image-preview":"max-image-preview:large","max-video-preview":"max-video-preview:-1"},"canonical":"https:\/\/konro-grill.com\/de\/produkt\/yakiniku-shichirin-gros\/","og_locale":"de_DE","og_type":"article","og_title":"YAKINIKU Shichirin Large, bestel hem bij de grootste: Konro Grill","og_description":"YAKINIKU Shichirin LARGE is de grote broer van Medium Shichirin, het oppervlak is 40% groter. Bestel bij Konro Grill, de grootste Japanse BBQ specialist","og_url":"https:\/\/konro-grill.com\/de\/produkt\/yakiniku-shichirin-gros\/","og_site_name":"Konro Grill, de grootste Japanse BBQ specialist","article_publisher":"https:\/\/facebook.com\/KonroGrillCom","article_modified_time":"2026-04-22T08:28:06+00:00","og_image":[{"width":800,"height":800,"url":"https:\/\/konro-grill.com\/wp-content\/uploads\/2024\/09\/YAKINIKU-Large-Rechthoekige-Shichirin.jpg","type":"image\/jpeg"}],"twitter_card":"summary_large_image","twitter_misc":{"Gesch\u00e4tzte Lesezeit":"1\u00a0Minute"},"schema":{"@context":"https:\/\/schema.org","@graph":[{"@type":"WebPage","@id":"https:\/\/konro-grill.com\/product\/yakiniku-shichirin-large\/","url":"https:\/\/konro-grill.com\/product\/yakiniku-shichirin-large\/","name":"YAKINIKU Shichirin Large, bestelle es bei der gr\u00f6\u00dften: Konro Grill","isPartOf":{"@id":"https:\/\/konro-grill.com\/#website"},"primaryImageOfPage":{"@id":"https:\/\/konro-grill.com\/product\/yakiniku-shichirin-large\/#primaryimage"},"image":{"@id":"https:\/\/konro-grill.com\/product\/yakiniku-shichirin-large\/#primaryimage"},"thumbnailUrl":"https:\/\/konro-grill.com\/wp-content\/uploads\/2024\/09\/YAKINIKU-Large-Rechthoekige-Shichirin.jpg","datePublished":"2024-09-04T13:39:48+00:00","dateModified":"2026-04-22T08:28:06+00:00","description":"YAKINIKU Shichirin LARGE ist der gro\u00dfe Bruder von Medium Shichirin, die Oberfl\u00e4che ist 40% gr\u00f6\u00dfer. Bestelle bei Konro Grill, dem gr\u00f6\u00dften japanischen BBQ-Spezialisten","breadcrumb":{"@id":"https:\/\/konro-grill.com\/product\/yakiniku-shichirin-large\/#breadcrumb"},"inLanguage":"de","potentialAction":[{"@type":"ReadAction","target":["https:\/\/konro-grill.com\/product\/yakiniku-shichirin-large\/"]}]},{"@type":"ImageObject","inLanguage":"de","@id":"https:\/\/konro-grill.com\/product\/yakiniku-shichirin-large\/#primaryimage","url":"https:\/\/konro-grill.com\/wp-content\/uploads\/2024\/09\/YAKINIKU-Large-Rechthoekige-Shichirin.jpg","contentUrl":"https:\/\/konro-grill.com\/wp-content\/uploads\/2024\/09\/YAKINIKU-Large-Rechthoekige-Shichirin.jpg","width":800,"height":800,"caption":"YAKINIKU Large Rechthoekige Shichirin"},{"@type":"BreadcrumbList","@id":"https:\/\/konro-grill.com\/product\/yakiniku-shichirin-large\/#breadcrumb","itemListElement":[{"@type":"ListItem","position":1,"name":"Home","item":"https:\/\/konro-grill.com\/"},{"@type":"ListItem","position":2,"name":"Winkel","item":"https:\/\/konro-grill.com\/winkel\/"},{"@type":"ListItem","position":3,"name":"YAKINIKU Shichirin Large"}]},{"@type":"WebSite","@id":"https:\/\/konro-grill.com\/#website","url":"https:\/\/konro-grill.com\/","name":"Konro Grill","description":"Konro Grill, der gr\u00f6\u00dfte japanische BBQ-Spezialist","publisher":{"@id":"https:\/\/konro-grill.com\/#organization"},"potentialAction":[{"@type":"SearchAction","target":{"@type":"EntryPoint","urlTemplate":"https:\/\/konro-grill.com\/?s={search_term_string}"},"query-input":{"@type":"PropertyValueSpecification","valueRequired":true,"valueName":"search_term_string"}}],"inLanguage":"de"},{"@type":"Organization","@id":"https:\/\/konro-grill.com\/#organization","name":"Konro Grill","url":"https:\/\/konro-grill.com\/","logo":{"@type":"ImageObject","inLanguage":"de","@id":"https:\/\/konro-grill.com\/#\/schema\/logo\/image\/","url":"https:\/\/konro-grill.com\/wp-content\/uploads\/2021\/10\/konro-grill-logo.png","contentUrl":"https:\/\/konro-grill.com\/wp-content\/uploads\/2021\/10\/konro-grill-logo.png","width":650,"height":80,"caption":"Konro Grill"},"image":{"@id":"https:\/\/konro-grill.com\/#\/schema\/logo\/image\/"},"sameAs":["https:\/\/facebook.com\/KonroGrillCom","https:\/\/www.instagram.com\/konrogrillcom\/"]}]}},"df_price":375,"df_sale_price":"","df_regular_price":375,"df_image_link":"https:\/\/konro-grill.com\/wp-content\/uploads\/2024\/09\/YAKINIKU-Large-Rechthoekige-Shichirin-300x300.jpg","_links":{"self":[{"href":"https:\/\/konro-grill.com\/de\/wp-json\/wp\/v2\/product\/6580","targetHints":{"allow":["GET"]}}],"collection":[{"href":"https:\/\/konro-grill.com\/de\/wp-json\/wp\/v2\/product"}],"about":[{"href":"https:\/\/konro-grill.com\/de\/wp-json\/wp\/v2\/types\/product"}],"wp:featuredmedia":[{"embeddable":true,"href":"https:\/\/konro-grill.com\/de\/wp-json\/wp\/v2\/media\/6581"}],"wp:attachment":[{"href":"https:\/\/konro-grill.com\/de\/wp-json\/wp\/v2\/media?parent=6580"}],"wp:term":[{"taxonomy":"product_brand","embeddable":true,"href":"https:\/\/konro-grill.com\/de\/wp-json\/wp\/v2\/product_brand?post=6580"},{"taxonomy":"product_cat","embeddable":true,"href":"https:\/\/konro-grill.com\/de\/wp-json\/wp\/v2\/product_cat?post=6580"},{"taxonomy":"product_tag","embeddable":true,"href":"https:\/\/konro-grill.com\/de\/wp-json\/wp\/v2\/product_tag?post=6580"}],"curies":[{"name":"wp","href":"https:\/\/api.w.org\/{rel}","templated":true}]}}