{"id":7067,"date":"2024-10-11T14:02:51","date_gmt":"2024-10-11T12:02:51","guid":{"rendered":"https:\/\/konro-grill.com\/?post_type=product&#038;p=7067"},"modified":"2026-04-25T10:28:04","modified_gmt":"2026-04-25T08:28:04","slug":"konro-grill-kishu-hanmaru-japanisch-binchotan-holzkohle-15kg","status":"publish","type":"product","link":"https:\/\/konro-grill.com\/de\/produkt\/konro-grill-kishu-hanmaru-japanisch-binchotan-holzkohle-15kg\/","title":{"rendered":"Konro Grill Kishu Hanmaru Japanische Binchotan Holzkohle 15kg"},"content":{"rendered":"<h2>Entscheide dich f\u00fcr das echte Ding: Konro Grill Kishu Hanmaru <span style=\"text-decoration: underline;\">Japanisch<\/span> Binchotan Holzkohle<\/h2>\n<p>Entscheidest du dich f\u00fcr das Original? Echte Handarbeit und <span style=\"text-decoration: underline;\">sehr exklusiv<\/span> Japanische Binchotan?<\/p>\n<p>Was Kishu Hanmaru so besonders macht, ist die Art und Weise, wie es hergestellt wird. Die Holzkohle wird aus den <strong>Ubame Eiche<\/strong> und wird sehr sorgf\u00e4ltig in einem traditionellen Brennofen gebrannt. Dieses Verfahren gew\u00e4hrleistet eine beispiellose H\u00e4rte und einen sauberen, gleichm\u00e4\u00dfigen und langen Brennvorgang. Einer der gr\u00f6\u00dften Vorteile des echten japanischen Binchotan ist seine <strong>extrem hohe Temperatur<\/strong> die es erreichen kann, was es ideal zum Grillen und Braten macht. Au\u00dferdem brennt es nicht <strong>5 bis 8 Stunden<\/strong>Das bedeutet, dass du nicht st\u00e4ndig Holzkohle nachlegen musst.<\/p>\n<p>Es ist auch bemerkenswert, dass diese <strong>Holzkohle wenig Rauch<\/strong> produziert, so dass sich deine Nachbarn nicht beschweren werden. Mit <strong>Konro Grill Kishu Hanmaru Japanische Binchotan Holzkohle<\/strong> holst du dir ein St\u00fcck japanische kulinarische Tradition ins Haus, perfekt f\u00fcr die Zubereitung authentischer Grillgerichte im eigenen Garten. Ein echtes Must-have f\u00fcr jeden Liebhaber des japanischen Grills!<\/p>","protected":false},"excerpt":{"rendered":"<h2>Echte japanische Binchotan Holzkohle: Kishu Hanmaru Binchotan.<\/h2>\n<p><strong>Hinweis: Begrenzte Verf\u00fcgbarkeit!<\/strong> Sehr exklusiv, originell <strong>Japanisch Kishu Hanmaru Japanisch Binchotan<\/strong> Holzkohle, eine erstklassige Wahl f\u00fcr Profis oder ernsthafte japanische Grillfans. Diese Holzkohle ist <strong>handgefertigt aus Ubame Eiche<\/strong>, kommt aus dem <strong>Region Kishu in Japan<\/strong> und ist bekannt f\u00fcr seine einzigartigen Eigenschaften und seine au\u00dfergew\u00f6hnliche Qualit\u00e4t. Mit einer Verpackung von <strong>15 kg<\/strong> diese Holzkohle bietet genug Brennstoff f\u00fcr viele Grillsessions.<\/p>\n<p>&nbsp;<\/p>","protected":false},"featured_media":7585,"template":"","meta":{"inline_featured_image":false},"product_brand":[],"product_cat":[101],"product_tag":[],"class_list":{"0":"post-7067","1":"product","2":"type-product","3":"status-publish","4":"has-post-thumbnail","6":"product_cat-binchotan","7":"entry","8":"has-media","10":"first","11":"instock","12":"taxable","13":"shipping-taxable","14":"purchasable","15":"product-type-simple"},"bundled_by":[],"bundle_stock_status":"instock","bundle_stock_quantity":2,"bundle_virtual":false,"bundle_layout":"","bundle_add_to_cart_form_location":"","bundle_editable_in_cart":false,"bundle_sold_individually_context":"","bundle_item_grouping":"","bundle_min_size":"","bundle_max_size":"","bundle_price":[],"bundled_items":[],"bundle_sell_ids":[3203,894],"yoast_head":"<!-- This site is optimized with the Yoast SEO plugin v27.4 - https:\/\/yoast.com\/product\/yoast-seo-wordpress\/ -->\n<title>Konro Grill Kishu Hanmaru Japanse Binchotan Houtskool 15kg<\/title>\n<meta name=\"description\" content=\"Echte Japanse Binchotan houtskool: Konro Grill Kishu Hanmaru Japanse Binchotan Houtskool 15kg houtskool. Ga jij voor The Real Deal?\" \/>\n<meta name=\"robots\" content=\"index, follow, max-snippet:-1, max-image-preview:large, max-video-preview:-1\" \/>\n<link rel=\"canonical\" href=\"https:\/\/konro-grill.com\/de\/produkt\/konro-grill-kishu-hanmaru-japanisch-binchotan-holzkohle-15kg\/\" \/>\n<meta property=\"og:locale\" content=\"de_DE\" \/>\n<meta property=\"og:type\" content=\"article\" \/>\n<meta property=\"og:title\" content=\"Konro Grill Kishu Hanmaru Japanse Binchotan Houtskool 15kg\" \/>\n<meta property=\"og:description\" content=\"Echte Japanse Binchotan houtskool: Konro Grill Kishu Hanmaru Japanse Binchotan Houtskool 15kg houtskool. Ga jij voor The Real Deal?\" \/>\n<meta property=\"og:url\" content=\"https:\/\/konro-grill.com\/de\/produkt\/konro-grill-kishu-hanmaru-japanisch-binchotan-holzkohle-15kg\/\" \/>\n<meta property=\"og:site_name\" content=\"Konro Grill, de grootste Japanse BBQ specialist\" \/>\n<meta property=\"article:publisher\" content=\"https:\/\/facebook.com\/KonroGrillCom\" \/>\n<meta property=\"article:modified_time\" content=\"2026-04-25T08:28:04+00:00\" \/>\n<meta property=\"og:image\" content=\"https:\/\/konro-grill.com\/wp-content\/uploads\/2024\/10\/Konro-Grill-Kishu-Hanmaru-Japanse-Binchotan-Houtskool-15kg-4-2.jpg\" \/>\n\t<meta property=\"og:image:width\" content=\"800\" \/>\n\t<meta property=\"og:image:height\" content=\"800\" \/>\n\t<meta property=\"og:image:type\" content=\"image\/jpeg\" \/>\n<meta name=\"twitter:card\" content=\"summary_large_image\" \/>\n<meta name=\"twitter:label1\" content=\"Gesch\u00e4tzte Lesezeit\" \/>\n\t<meta name=\"twitter:data1\" content=\"2\u00a0Minuten\" \/>\n<script type=\"application\/ld+json\" class=\"yoast-schema-graph\">{\"@context\":\"https:\\\/\\\/schema.org\",\"@graph\":[{\"@type\":\"WebPage\",\"@id\":\"https:\\\/\\\/konro-grill.com\\\/product\\\/konro-grill-kishu-hanmaru-japanse-binchotan-houtskool-15kg\\\/\",\"url\":\"https:\\\/\\\/konro-grill.com\\\/product\\\/konro-grill-kishu-hanmaru-japanse-binchotan-houtskool-15kg\\\/\",\"name\":\"Konro Grill Kishu Hanmaru Japanse Binchotan Houtskool 15kg\",\"isPartOf\":{\"@id\":\"https:\\\/\\\/konro-grill.com\\\/#website\"},\"primaryImageOfPage\":{\"@id\":\"https:\\\/\\\/konro-grill.com\\\/product\\\/konro-grill-kishu-hanmaru-japanse-binchotan-houtskool-15kg\\\/#primaryimage\"},\"image\":{\"@id\":\"https:\\\/\\\/konro-grill.com\\\/product\\\/konro-grill-kishu-hanmaru-japanse-binchotan-houtskool-15kg\\\/#primaryimage\"},\"thumbnailUrl\":\"https:\\\/\\\/konro-grill.com\\\/wp-content\\\/uploads\\\/2024\\\/10\\\/Konro-Grill-Kishu-Hanmaru-Japanse-Binchotan-Houtskool-15kg-4-2.jpg\",\"datePublished\":\"2024-10-11T12:02:51+00:00\",\"dateModified\":\"2026-04-25T08:28:04+00:00\",\"description\":\"Echte Japanse Binchotan houtskool: Konro Grill Kishu Hanmaru Japanse Binchotan Houtskool 15kg houtskool. Ga jij voor The Real Deal?\",\"breadcrumb\":{\"@id\":\"https:\\\/\\\/konro-grill.com\\\/product\\\/konro-grill-kishu-hanmaru-japanse-binchotan-houtskool-15kg\\\/#breadcrumb\"},\"inLanguage\":\"de\",\"potentialAction\":[{\"@type\":\"ReadAction\",\"target\":[\"https:\\\/\\\/konro-grill.com\\\/product\\\/konro-grill-kishu-hanmaru-japanse-binchotan-houtskool-15kg\\\/\"]}]},{\"@type\":\"ImageObject\",\"inLanguage\":\"de\",\"@id\":\"https:\\\/\\\/konro-grill.com\\\/product\\\/konro-grill-kishu-hanmaru-japanse-binchotan-houtskool-15kg\\\/#primaryimage\",\"url\":\"https:\\\/\\\/konro-grill.com\\\/wp-content\\\/uploads\\\/2024\\\/10\\\/Konro-Grill-Kishu-Hanmaru-Japanse-Binchotan-Houtskool-15kg-4-2.jpg\",\"contentUrl\":\"https:\\\/\\\/konro-grill.com\\\/wp-content\\\/uploads\\\/2024\\\/10\\\/Konro-Grill-Kishu-Hanmaru-Japanse-Binchotan-Houtskool-15kg-4-2.jpg\",\"width\":800,\"height\":800},{\"@type\":\"BreadcrumbList\",\"@id\":\"https:\\\/\\\/konro-grill.com\\\/product\\\/konro-grill-kishu-hanmaru-japanse-binchotan-houtskool-15kg\\\/#breadcrumb\",\"itemListElement\":[{\"@type\":\"ListItem\",\"position\":1,\"name\":\"Home\",\"item\":\"https:\\\/\\\/konro-grill.com\\\/\"},{\"@type\":\"ListItem\",\"position\":2,\"name\":\"Winkel\",\"item\":\"https:\\\/\\\/konro-grill.com\\\/winkel\\\/\"},{\"@type\":\"ListItem\",\"position\":3,\"name\":\"Konro Grill Kishu Hanmaru Japanse Binchotan Houtskool 15kg\"}]},{\"@type\":\"WebSite\",\"@id\":\"https:\\\/\\\/konro-grill.com\\\/#website\",\"url\":\"https:\\\/\\\/konro-grill.com\\\/\",\"name\":\"Konro Grill\",\"description\":\"Konro Grill, de Grootste Japanse BBQ Specialist\",\"publisher\":{\"@id\":\"https:\\\/\\\/konro-grill.com\\\/#organization\"},\"potentialAction\":[{\"@type\":\"SearchAction\",\"target\":{\"@type\":\"EntryPoint\",\"urlTemplate\":\"https:\\\/\\\/konro-grill.com\\\/?s={search_term_string}\"},\"query-input\":{\"@type\":\"PropertyValueSpecification\",\"valueRequired\":true,\"valueName\":\"search_term_string\"}}],\"inLanguage\":\"de\"},{\"@type\":\"Organization\",\"@id\":\"https:\\\/\\\/konro-grill.com\\\/#organization\",\"name\":\"Konro Grill\",\"url\":\"https:\\\/\\\/konro-grill.com\\\/\",\"logo\":{\"@type\":\"ImageObject\",\"inLanguage\":\"de\",\"@id\":\"https:\\\/\\\/konro-grill.com\\\/#\\\/schema\\\/logo\\\/image\\\/\",\"url\":\"https:\\\/\\\/konro-grill.com\\\/wp-content\\\/uploads\\\/2021\\\/10\\\/konro-grill-logo.png\",\"contentUrl\":\"https:\\\/\\\/konro-grill.com\\\/wp-content\\\/uploads\\\/2021\\\/10\\\/konro-grill-logo.png\",\"width\":650,\"height\":80,\"caption\":\"Konro Grill\"},\"image\":{\"@id\":\"https:\\\/\\\/konro-grill.com\\\/#\\\/schema\\\/logo\\\/image\\\/\"},\"sameAs\":[\"https:\\\/\\\/facebook.com\\\/KonroGrillCom\",\"https:\\\/\\\/www.instagram.com\\\/konrogrillcom\\\/\"]}]}<\/script>\n<!-- \/ Yoast SEO plugin. -->","yoast_head_json":{"title":"Konro Grill Kishu Hanmaru Japanische Binchotan Holzkohle 15kg","description":"Echte japanische Binchotan-Holzkohle: Konro Grill Kishu Hanmaru Japanische Binchotan-Holzkohle 15kg Holzkohle. Werden Sie sich f\u00fcr The Real Deal entscheiden?","robots":{"index":"index","follow":"follow","max-snippet":"max-snippet:-1","max-image-preview":"max-image-preview:large","max-video-preview":"max-video-preview:-1"},"canonical":"https:\/\/konro-grill.com\/de\/produkt\/konro-grill-kishu-hanmaru-japanisch-binchotan-holzkohle-15kg\/","og_locale":"de_DE","og_type":"article","og_title":"Konro Grill Kishu Hanmaru Japanse Binchotan Houtskool 15kg","og_description":"Echte Japanse Binchotan houtskool: Konro Grill Kishu Hanmaru Japanse Binchotan Houtskool 15kg houtskool. Ga jij voor The Real Deal?","og_url":"https:\/\/konro-grill.com\/de\/produkt\/konro-grill-kishu-hanmaru-japanisch-binchotan-holzkohle-15kg\/","og_site_name":"Konro Grill, de grootste Japanse BBQ specialist","article_publisher":"https:\/\/facebook.com\/KonroGrillCom","article_modified_time":"2026-04-25T08:28:04+00:00","og_image":[{"width":800,"height":800,"url":"https:\/\/konro-grill.com\/wp-content\/uploads\/2024\/10\/Konro-Grill-Kishu-Hanmaru-Japanse-Binchotan-Houtskool-15kg-4-2.jpg","type":"image\/jpeg"}],"twitter_card":"summary_large_image","twitter_misc":{"Gesch\u00e4tzte Lesezeit":"2\u00a0Minuten"},"schema":{"@context":"https:\/\/schema.org","@graph":[{"@type":"WebPage","@id":"https:\/\/konro-grill.com\/product\/konro-grill-kishu-hanmaru-japanse-binchotan-houtskool-15kg\/","url":"https:\/\/konro-grill.com\/product\/konro-grill-kishu-hanmaru-japanse-binchotan-houtskool-15kg\/","name":"Konro Grill Kishu Hanmaru Japanische Binchotan Holzkohle 15kg","isPartOf":{"@id":"https:\/\/konro-grill.com\/#website"},"primaryImageOfPage":{"@id":"https:\/\/konro-grill.com\/product\/konro-grill-kishu-hanmaru-japanse-binchotan-houtskool-15kg\/#primaryimage"},"image":{"@id":"https:\/\/konro-grill.com\/product\/konro-grill-kishu-hanmaru-japanse-binchotan-houtskool-15kg\/#primaryimage"},"thumbnailUrl":"https:\/\/konro-grill.com\/wp-content\/uploads\/2024\/10\/Konro-Grill-Kishu-Hanmaru-Japanse-Binchotan-Houtskool-15kg-4-2.jpg","datePublished":"2024-10-11T12:02:51+00:00","dateModified":"2026-04-25T08:28:04+00:00","description":"Echte japanische Binchotan-Holzkohle: Konro Grill Kishu Hanmaru Japanische Binchotan-Holzkohle 15kg Holzkohle. Werden Sie sich f\u00fcr The Real Deal entscheiden?","breadcrumb":{"@id":"https:\/\/konro-grill.com\/product\/konro-grill-kishu-hanmaru-japanse-binchotan-houtskool-15kg\/#breadcrumb"},"inLanguage":"de","potentialAction":[{"@type":"ReadAction","target":["https:\/\/konro-grill.com\/product\/konro-grill-kishu-hanmaru-japanse-binchotan-houtskool-15kg\/"]}]},{"@type":"ImageObject","inLanguage":"de","@id":"https:\/\/konro-grill.com\/product\/konro-grill-kishu-hanmaru-japanse-binchotan-houtskool-15kg\/#primaryimage","url":"https:\/\/konro-grill.com\/wp-content\/uploads\/2024\/10\/Konro-Grill-Kishu-Hanmaru-Japanse-Binchotan-Houtskool-15kg-4-2.jpg","contentUrl":"https:\/\/konro-grill.com\/wp-content\/uploads\/2024\/10\/Konro-Grill-Kishu-Hanmaru-Japanse-Binchotan-Houtskool-15kg-4-2.jpg","width":800,"height":800},{"@type":"BreadcrumbList","@id":"https:\/\/konro-grill.com\/product\/konro-grill-kishu-hanmaru-japanse-binchotan-houtskool-15kg\/#breadcrumb","itemListElement":[{"@type":"ListItem","position":1,"name":"Home","item":"https:\/\/konro-grill.com\/"},{"@type":"ListItem","position":2,"name":"Winkel","item":"https:\/\/konro-grill.com\/winkel\/"},{"@type":"ListItem","position":3,"name":"Konro Grill Kishu Hanmaru Japanse Binchotan Houtskool 15kg"}]},{"@type":"WebSite","@id":"https:\/\/konro-grill.com\/#website","url":"https:\/\/konro-grill.com\/","name":"Konro Grill","description":"Konro Grill, der gr\u00f6\u00dfte japanische BBQ-Spezialist","publisher":{"@id":"https:\/\/konro-grill.com\/#organization"},"potentialAction":[{"@type":"SearchAction","target":{"@type":"EntryPoint","urlTemplate":"https:\/\/konro-grill.com\/?s={search_term_string}"},"query-input":{"@type":"PropertyValueSpecification","valueRequired":true,"valueName":"search_term_string"}}],"inLanguage":"de"},{"@type":"Organization","@id":"https:\/\/konro-grill.com\/#organization","name":"Konro Grill","url":"https:\/\/konro-grill.com\/","logo":{"@type":"ImageObject","inLanguage":"de","@id":"https:\/\/konro-grill.com\/#\/schema\/logo\/image\/","url":"https:\/\/konro-grill.com\/wp-content\/uploads\/2021\/10\/konro-grill-logo.png","contentUrl":"https:\/\/konro-grill.com\/wp-content\/uploads\/2021\/10\/konro-grill-logo.png","width":650,"height":80,"caption":"Konro Grill"},"image":{"@id":"https:\/\/konro-grill.com\/#\/schema\/logo\/image\/"},"sameAs":["https:\/\/facebook.com\/KonroGrillCom","https:\/\/www.instagram.com\/konrogrillcom\/"]}]}},"df_price":899,"df_sale_price":"","df_regular_price":899,"df_image_link":"https:\/\/konro-grill.com\/wp-content\/uploads\/2024\/10\/Konro-Grill-Kishu-Hanmaru-Japanse-Binchotan-Houtskool-15kg-4-2-300x300.jpg","_links":{"self":[{"href":"https:\/\/konro-grill.com\/de\/wp-json\/wp\/v2\/product\/7067","targetHints":{"allow":["GET"]}}],"collection":[{"href":"https:\/\/konro-grill.com\/de\/wp-json\/wp\/v2\/product"}],"about":[{"href":"https:\/\/konro-grill.com\/de\/wp-json\/wp\/v2\/types\/product"}],"wp:featuredmedia":[{"embeddable":true,"href":"https:\/\/konro-grill.com\/de\/wp-json\/wp\/v2\/media\/7585"}],"wp:attachment":[{"href":"https:\/\/konro-grill.com\/de\/wp-json\/wp\/v2\/media?parent=7067"}],"wp:term":[{"taxonomy":"product_brand","embeddable":true,"href":"https:\/\/konro-grill.com\/de\/wp-json\/wp\/v2\/product_brand?post=7067"},{"taxonomy":"product_cat","embeddable":true,"href":"https:\/\/konro-grill.com\/de\/wp-json\/wp\/v2\/product_cat?post=7067"},{"taxonomy":"product_tag","embeddable":true,"href":"https:\/\/konro-grill.com\/de\/wp-json\/wp\/v2\/product_tag?post=7067"}],"curies":[{"name":"wp","href":"https:\/\/api.w.org\/{rel}","templated":true}]}}