{"id":8204,"date":"2025-03-31T09:06:26","date_gmt":"2025-03-31T07:06:26","guid":{"rendered":"https:\/\/konro-grill.com\/?post_type=product&#038;p=8204"},"modified":"2026-04-22T10:28:04","modified_gmt":"2026-04-22T08:28:04","slug":"konro-grill-medium-breit-kieselgur","status":"publish","type":"product","link":"https:\/\/konro-grill.com\/de\/produkt\/konro-grill-medium-breit-kieselgur\/","title":{"rendered":"Konro Grill Medium Wide Kieselgur"},"content":{"rendered":"<div class=\"wpb-content-wrapper\"><div class=\"vc_row wpb_row vc_row-fluid wpex-relative\"><div class=\"wpb_column vc_column_container vc_col-sm-12\"><div class=\"vc_column-inner\"><div class=\"wpb_wrapper\">\n\t<div class=\"wpb_text_column wpb_content_element\" >\n\t\t<div class=\"wpb_wrapper\">\n\t\t\t<h3>Dieser Konro Grill Medium Wide ist extra breit!<\/h3>\n<p><strong>Ideal f\u00fcr den Hausgebrauch und die kleinere Profik\u00fcche!\u00a0<\/strong><\/p>\n<p>Verwende diesen mittelgro\u00dfen Hibachi-Grill f\u00fcr sehr hei\u00dfes Grillen von Yakitori, zum Anbraten von Wagyu und anderen Fleischsorten. Vergiss nicht, dass es auch viele M\u00f6glichkeiten f\u00fcr Meeresfr\u00fcchte und Gem\u00fcse gibt! Alles, was du auf diesem Grill zubereitest <strong>handgemachter japanischer Yakitori-Grill<\/strong> schmeckt rein und ehrlich.<\/p>\n<p>Dieser Konro Grill Medium Wide kann auf einem Tisch oder einer Arbeitsplatte stehen. Das liegt daran, dass er mit rutschfesten Gummikappen ausgestattet ist. Sei vorsichtig mit der Kontakthitze auf der Unterseite. Suchst du nach einem japanischen Grill in einer anderen Gr\u00f6\u00dfe? Schau dir den <a style=\"color: #da3034; text-decoration: #da3034; text-underline-offset: auto;\" href=\"https:\/\/konro-grill.com\/de\/japanischer-grill\/\">andere Modelle<\/a>. Wenn du mehr dar\u00fcber wissen willst, wie dieser Grill funktioniert, lies unsere\u00a0<a style=\"color: #da3034; text-decoration: #da3034; text-underline-offset: auto;\" href=\"https:\/\/konro-grill.com\/de\/faq\/\">FAQ<\/a>.<\/p>\n<p>M\u00f6chtest du eine gro\u00dfe Auswahl an n\u00fctzlichem Zubeh\u00f6r f\u00fcr die Profik\u00fcche? Dann schau dir das Modell von Kasai an: die <a href=\"https:\/\/konro-grill.com\/de\/kasai-mittel-breit\/\"><strong>Kasai Medium Wide<\/strong><\/a>.<\/p>\n\n\t\t<\/div>\n\t<\/div>\n<div class=\"vcex-spacing wpex-w-100 wpex-clear\" style=\"height:32px;\"><\/div><div class=\"templatera_shortcode\"><style type=\"text\/css\" data-type=\"vc_shortcodes-custom-css\">.vc_custom_1657802039208{margin-bottom: 0px !important;}<\/style><div class=\"vc_row wpb_row vc_row-fluid geschikt-voor-row-alt wpex-relative\"><div class=\"wpb_column vc_column_container vc_col-sm-12\"><div class=\"vc_column-inner vc_custom_1657802039208\"><div class=\"wpb_wrapper\">\n\t<div class=\"wpb_text_column wpb_content_element left\" >\n\t\t<div class=\"wpb_wrapper\">\n\t\t\t<h2 style=\"text-align: center;\">Das kannst du mit dem Konro Grill machen<\/h2>\n\n\t\t<\/div>\n\t<\/div>\n<div class=\"vc_row wpb_row vc_inner vc_row-fluid wpex-relative\"><div class=\"wpb_column vc_column_container vc_col-sm-4\"><div class=\"vc_column-inner\"><div class=\"wpb_wrapper\">\n\t<div  class=\"wpb_single_image wpb_content_element vc_align_center wpb_content_element  icon\">\n\t\t\n\t\t<figure class=\"wpb_wrapper vc_figure\">\n\t\t\t<div class=\"vc_single_image-wrapper   vc_box_border_grey\"><img width=\"1\" height=\"1\" src=\"https:\/\/konro-grill.com\/wp-content\/uploads\/2020\/11\/vlees.svg\" class=\"vc_single_image-img attachment-full\" alt=\"\" title=\"Fleisch\" \/><\/div>\n\t\t<\/figure>\n\t<\/div>\n\n\t<div class=\"wpb_text_column wpb_content_element textcenter\" >\n\t\t<div class=\"wpb_wrapper\">\n\t\t\t<h3>Gefl\u00fcgel und Fleisch<\/h3>\n<p>Grillen Sie H\u00fchnchen nach Yakitori-Art und braten Sie zarte, d\u00fcnne Scheiben vom Wagyu an!<\/p>\n\n\t\t<\/div>\n\t<\/div>\n<\/div><\/div><\/div><div class=\"wpb_column vc_column_container vc_col-sm-4\"><div class=\"vc_column-inner\"><div class=\"wpb_wrapper\">\n\t<div  class=\"wpb_single_image wpb_content_element vc_align_center wpb_content_element  icon\">\n\t\t\n\t\t<figure class=\"wpb_wrapper vc_figure\">\n\t\t\t<div class=\"vc_single_image-wrapper   vc_box_border_grey\"><img width=\"1\" height=\"1\" src=\"https:\/\/konro-grill.com\/wp-content\/uploads\/2020\/11\/vis.svg\" class=\"vc_single_image-img attachment-full\" alt=\"\" title=\"Fisch\" \/><\/div>\n\t\t<\/figure>\n\t<\/div>\n\n\t<div class=\"wpb_text_column wpb_content_element textcenter\" >\n\t\t<div class=\"wpb_wrapper\">\n\t\t\t<h3>Fisch und Schalentiere<\/h3>\n<p>Muscheln oder Fisch direkt grillen. K\u00f6stlich! Schmecken Sie den reinen Geschmack!<\/p>\n\n\t\t<\/div>\n\t<\/div>\n<\/div><\/div><\/div><div class=\"wpb_column vc_column_container vc_col-sm-4\"><div class=\"vc_column-inner\"><div class=\"wpb_wrapper\">\n\t<div  class=\"wpb_single_image wpb_content_element vc_align_center wpb_content_element  icon\">\n\t\t\n\t\t<figure class=\"wpb_wrapper vc_figure\">\n\t\t\t<div class=\"vc_single_image-wrapper   vc_box_border_grey\"><img width=\"1\" height=\"1\" src=\"https:\/\/konro-grill.com\/wp-content\/uploads\/2020\/11\/groente.svg\" class=\"vc_single_image-img attachment-full\" alt=\"\" title=\"Gem\u00fcse\" \/><\/div>\n\t\t<\/figure>\n\t<\/div>\n\n\t<div class=\"wpb_text_column wpb_content_element textcenter\" >\n\t\t<div class=\"wpb_wrapper\">\n\t\t\t<h3>Obst und Gem\u00fcse<\/h3>\n<p>Grillen Sie Gem\u00fcse oder sogar Obst. Lackieren Sie es und lassen Sie sich von seinem Geschmack \u00fcberraschen!<\/p>\n\n\t\t<\/div>\n\t<\/div>\n<\/div><\/div><\/div><\/div><\/div><\/div><\/div><\/div><\/div><\/div><\/div><\/div><\/div>\n<\/div>","protected":false},"excerpt":{"rendered":"<h3>Handgefertigt in Japan. Konro Medium Wide. W\u00e4hle den originalen Konro-Grill.<\/h3>\n<p>Dies ist eine <strong>original japanisch<\/strong>\u00a0<strong>Kieselgur Konro Grill Medium Wide<\/strong>. Das perfekte Format sowohl f\u00fcr die <b>Seri\u00f6ser, kulinarischer Heim-BBQ-er\u00a0<\/b>als auch f\u00fcr die\u00a0<strong>professionelle K\u00fcche<\/strong>. Lies unten mehr \u00fcber diesen original japanischen Grill.<\/p>","protected":false},"featured_media":8232,"template":"","meta":{"inline_featured_image":false},"product_brand":[],"product_cat":[243],"product_tag":[],"class_list":{"0":"post-8204","1":"product","2":"type-product","3":"status-publish","4":"has-post-thumbnail","6":"product_cat-japanse-konro-grill","7":"entry","8":"has-media","10":"first","11":"instock","12":"sold-individually","13":"taxable","14":"shipping-taxable","15":"purchasable","16":"product-type-simple"},"bundled_by":["8262","8261"],"bundle_stock_status":"instock","bundle_stock_quantity":24,"bundle_virtual":false,"bundle_layout":"","bundle_add_to_cart_form_location":"","bundle_editable_in_cart":false,"bundle_sold_individually_context":"","bundle_item_grouping":"","bundle_min_size":"","bundle_max_size":"","bundle_price":[],"bundled_items":[],"bundle_sell_ids":[6674,8960,9007,2519,3203,3195,2488,6762,905,910],"yoast_head":"<!-- This site is optimized with the Yoast SEO plugin v27.4 - https:\/\/yoast.com\/product\/yoast-seo-wordpress\/ -->\n<title>De Konro Grill Medium Wide Diatomite bestel je bij Konro Grill<\/title>\n<meta name=\"description\" content=\"Kies voor een originele Konro Grill Medium Wide Diatomite. Bestel hem bij de grootste Japanse BBQ specialist van Europa: Konro Grill.\" \/>\n<meta name=\"robots\" content=\"index, follow, max-snippet:-1, max-image-preview:large, max-video-preview:-1\" \/>\n<link rel=\"canonical\" href=\"https:\/\/konro-grill.com\/de\/produkt\/konro-grill-medium-breit-kieselgur\/\" \/>\n<meta property=\"og:locale\" content=\"de_DE\" \/>\n<meta property=\"og:type\" content=\"article\" \/>\n<meta property=\"og:title\" content=\"De Konro Grill Medium Wide Diatomite bestel je bij Konro Grill\" \/>\n<meta property=\"og:description\" content=\"Kies voor een originele Konro Grill Medium Wide Diatomite. Bestel hem bij de grootste Japanse BBQ specialist van Europa: Konro Grill.\" \/>\n<meta property=\"og:url\" content=\"https:\/\/konro-grill.com\/de\/produkt\/konro-grill-medium-breit-kieselgur\/\" \/>\n<meta property=\"og:site_name\" content=\"Konro Grill, de grootste Japanse BBQ specialist\" \/>\n<meta property=\"article:publisher\" content=\"https:\/\/facebook.com\/KonroGrillCom\" \/>\n<meta property=\"article:modified_time\" content=\"2026-04-22T08:28:04+00:00\" \/>\n<meta property=\"og:image\" content=\"https:\/\/konro-grill.com\/wp-content\/uploads\/2025\/03\/Konro-Grill-Medium-Wide-Diatomite-5-1.jpg\" \/>\n\t<meta property=\"og:image:width\" content=\"800\" \/>\n\t<meta property=\"og:image:height\" content=\"800\" \/>\n\t<meta property=\"og:image:type\" content=\"image\/jpeg\" \/>\n<meta name=\"twitter:card\" content=\"summary_large_image\" \/>\n<meta name=\"twitter:label1\" content=\"Gesch\u00e4tzte Lesezeit\" \/>\n\t<meta name=\"twitter:data1\" content=\"1\u00a0Minute\" \/>\n<script type=\"application\/ld+json\" class=\"yoast-schema-graph\">{\"@context\":\"https:\\\/\\\/schema.org\",\"@graph\":[{\"@type\":\"WebPage\",\"@id\":\"https:\\\/\\\/konro-grill.com\\\/product\\\/konro-grill-medium-wide-diatomite\\\/\",\"url\":\"https:\\\/\\\/konro-grill.com\\\/product\\\/konro-grill-medium-wide-diatomite\\\/\",\"name\":\"De Konro Grill Medium Wide Diatomite bestel je bij Konro Grill\",\"isPartOf\":{\"@id\":\"https:\\\/\\\/konro-grill.com\\\/#website\"},\"primaryImageOfPage\":{\"@id\":\"https:\\\/\\\/konro-grill.com\\\/product\\\/konro-grill-medium-wide-diatomite\\\/#primaryimage\"},\"image\":{\"@id\":\"https:\\\/\\\/konro-grill.com\\\/product\\\/konro-grill-medium-wide-diatomite\\\/#primaryimage\"},\"thumbnailUrl\":\"https:\\\/\\\/konro-grill.com\\\/wp-content\\\/uploads\\\/2025\\\/03\\\/Konro-Grill-Medium-Wide-Diatomite-5-1.jpg\",\"datePublished\":\"2025-03-31T07:06:26+00:00\",\"dateModified\":\"2026-04-22T08:28:04+00:00\",\"description\":\"Kies voor een originele Konro Grill Medium Wide Diatomite. Bestel hem bij de grootste Japanse BBQ specialist van Europa: Konro Grill.\",\"breadcrumb\":{\"@id\":\"https:\\\/\\\/konro-grill.com\\\/product\\\/konro-grill-medium-wide-diatomite\\\/#breadcrumb\"},\"inLanguage\":\"de\",\"potentialAction\":[{\"@type\":\"ReadAction\",\"target\":[\"https:\\\/\\\/konro-grill.com\\\/product\\\/konro-grill-medium-wide-diatomite\\\/\"]}]},{\"@type\":\"ImageObject\",\"inLanguage\":\"de\",\"@id\":\"https:\\\/\\\/konro-grill.com\\\/product\\\/konro-grill-medium-wide-diatomite\\\/#primaryimage\",\"url\":\"https:\\\/\\\/konro-grill.com\\\/wp-content\\\/uploads\\\/2025\\\/03\\\/Konro-Grill-Medium-Wide-Diatomite-5-1.jpg\",\"contentUrl\":\"https:\\\/\\\/konro-grill.com\\\/wp-content\\\/uploads\\\/2025\\\/03\\\/Konro-Grill-Medium-Wide-Diatomite-5-1.jpg\",\"width\":800,\"height\":800},{\"@type\":\"BreadcrumbList\",\"@id\":\"https:\\\/\\\/konro-grill.com\\\/product\\\/konro-grill-medium-wide-diatomite\\\/#breadcrumb\",\"itemListElement\":[{\"@type\":\"ListItem\",\"position\":1,\"name\":\"Home\",\"item\":\"https:\\\/\\\/konro-grill.com\\\/\"},{\"@type\":\"ListItem\",\"position\":2,\"name\":\"Winkel\",\"item\":\"https:\\\/\\\/konro-grill.com\\\/winkel\\\/\"},{\"@type\":\"ListItem\",\"position\":3,\"name\":\"Konro Grill Medium Wide Diatomite\"}]},{\"@type\":\"WebSite\",\"@id\":\"https:\\\/\\\/konro-grill.com\\\/#website\",\"url\":\"https:\\\/\\\/konro-grill.com\\\/\",\"name\":\"Konro Grill\",\"description\":\"Konro Grill, de Grootste Japanse BBQ Specialist\",\"publisher\":{\"@id\":\"https:\\\/\\\/konro-grill.com\\\/#organization\"},\"potentialAction\":[{\"@type\":\"SearchAction\",\"target\":{\"@type\":\"EntryPoint\",\"urlTemplate\":\"https:\\\/\\\/konro-grill.com\\\/?s={search_term_string}\"},\"query-input\":{\"@type\":\"PropertyValueSpecification\",\"valueRequired\":true,\"valueName\":\"search_term_string\"}}],\"inLanguage\":\"de\"},{\"@type\":\"Organization\",\"@id\":\"https:\\\/\\\/konro-grill.com\\\/#organization\",\"name\":\"Konro Grill\",\"url\":\"https:\\\/\\\/konro-grill.com\\\/\",\"logo\":{\"@type\":\"ImageObject\",\"inLanguage\":\"de\",\"@id\":\"https:\\\/\\\/konro-grill.com\\\/#\\\/schema\\\/logo\\\/image\\\/\",\"url\":\"https:\\\/\\\/konro-grill.com\\\/wp-content\\\/uploads\\\/2021\\\/10\\\/konro-grill-logo.png\",\"contentUrl\":\"https:\\\/\\\/konro-grill.com\\\/wp-content\\\/uploads\\\/2021\\\/10\\\/konro-grill-logo.png\",\"width\":650,\"height\":80,\"caption\":\"Konro Grill\"},\"image\":{\"@id\":\"https:\\\/\\\/konro-grill.com\\\/#\\\/schema\\\/logo\\\/image\\\/\"},\"sameAs\":[\"https:\\\/\\\/facebook.com\\\/KonroGrillCom\",\"https:\\\/\\\/www.instagram.com\\\/konrogrillcom\\\/\"]}]}<\/script>\n<!-- \/ Yoast SEO plugin. -->","yoast_head_json":{"title":"Bestelle den Konro Grill Medium Wide Kieselgur von Konro Grill","description":"Entscheide dich f\u00fcr einen original Konro Grill Medium Wide Diatomite. Bestelle ihn bei Europas gr\u00f6\u00dftem japanischen BBQ-Spezialisten: Konro Grill.","robots":{"index":"index","follow":"follow","max-snippet":"max-snippet:-1","max-image-preview":"max-image-preview:large","max-video-preview":"max-video-preview:-1"},"canonical":"https:\/\/konro-grill.com\/de\/produkt\/konro-grill-medium-breit-kieselgur\/","og_locale":"de_DE","og_type":"article","og_title":"De Konro Grill Medium Wide Diatomite bestel je bij Konro Grill","og_description":"Kies voor een originele Konro Grill Medium Wide Diatomite. Bestel hem bij de grootste Japanse BBQ specialist van Europa: Konro Grill.","og_url":"https:\/\/konro-grill.com\/de\/produkt\/konro-grill-medium-breit-kieselgur\/","og_site_name":"Konro Grill, de grootste Japanse BBQ specialist","article_publisher":"https:\/\/facebook.com\/KonroGrillCom","article_modified_time":"2026-04-22T08:28:04+00:00","og_image":[{"width":800,"height":800,"url":"https:\/\/konro-grill.com\/wp-content\/uploads\/2025\/03\/Konro-Grill-Medium-Wide-Diatomite-5-1.jpg","type":"image\/jpeg"}],"twitter_card":"summary_large_image","twitter_misc":{"Gesch\u00e4tzte Lesezeit":"1\u00a0Minute"},"schema":{"@context":"https:\/\/schema.org","@graph":[{"@type":"WebPage","@id":"https:\/\/konro-grill.com\/product\/konro-grill-medium-wide-diatomite\/","url":"https:\/\/konro-grill.com\/product\/konro-grill-medium-wide-diatomite\/","name":"Bestelle den Konro Grill Medium Wide Kieselgur von Konro Grill","isPartOf":{"@id":"https:\/\/konro-grill.com\/#website"},"primaryImageOfPage":{"@id":"https:\/\/konro-grill.com\/product\/konro-grill-medium-wide-diatomite\/#primaryimage"},"image":{"@id":"https:\/\/konro-grill.com\/product\/konro-grill-medium-wide-diatomite\/#primaryimage"},"thumbnailUrl":"https:\/\/konro-grill.com\/wp-content\/uploads\/2025\/03\/Konro-Grill-Medium-Wide-Diatomite-5-1.jpg","datePublished":"2025-03-31T07:06:26+00:00","dateModified":"2026-04-22T08:28:04+00:00","description":"Entscheide dich f\u00fcr einen original Konro Grill Medium Wide Diatomite. Bestelle ihn bei Europas gr\u00f6\u00dftem japanischen BBQ-Spezialisten: Konro Grill.","breadcrumb":{"@id":"https:\/\/konro-grill.com\/product\/konro-grill-medium-wide-diatomite\/#breadcrumb"},"inLanguage":"de","potentialAction":[{"@type":"ReadAction","target":["https:\/\/konro-grill.com\/product\/konro-grill-medium-wide-diatomite\/"]}]},{"@type":"ImageObject","inLanguage":"de","@id":"https:\/\/konro-grill.com\/product\/konro-grill-medium-wide-diatomite\/#primaryimage","url":"https:\/\/konro-grill.com\/wp-content\/uploads\/2025\/03\/Konro-Grill-Medium-Wide-Diatomite-5-1.jpg","contentUrl":"https:\/\/konro-grill.com\/wp-content\/uploads\/2025\/03\/Konro-Grill-Medium-Wide-Diatomite-5-1.jpg","width":800,"height":800},{"@type":"BreadcrumbList","@id":"https:\/\/konro-grill.com\/product\/konro-grill-medium-wide-diatomite\/#breadcrumb","itemListElement":[{"@type":"ListItem","position":1,"name":"Home","item":"https:\/\/konro-grill.com\/"},{"@type":"ListItem","position":2,"name":"Winkel","item":"https:\/\/konro-grill.com\/winkel\/"},{"@type":"ListItem","position":3,"name":"Konro Grill Medium Wide Diatomite"}]},{"@type":"WebSite","@id":"https:\/\/konro-grill.com\/#website","url":"https:\/\/konro-grill.com\/","name":"Konro Grill","description":"Konro Grill, der gr\u00f6\u00dfte japanische BBQ-Spezialist","publisher":{"@id":"https:\/\/konro-grill.com\/#organization"},"potentialAction":[{"@type":"SearchAction","target":{"@type":"EntryPoint","urlTemplate":"https:\/\/konro-grill.com\/?s={search_term_string}"},"query-input":{"@type":"PropertyValueSpecification","valueRequired":true,"valueName":"search_term_string"}}],"inLanguage":"de"},{"@type":"Organization","@id":"https:\/\/konro-grill.com\/#organization","name":"Konro Grill","url":"https:\/\/konro-grill.com\/","logo":{"@type":"ImageObject","inLanguage":"de","@id":"https:\/\/konro-grill.com\/#\/schema\/logo\/image\/","url":"https:\/\/konro-grill.com\/wp-content\/uploads\/2021\/10\/konro-grill-logo.png","contentUrl":"https:\/\/konro-grill.com\/wp-content\/uploads\/2021\/10\/konro-grill-logo.png","width":650,"height":80,"caption":"Konro Grill"},"image":{"@id":"https:\/\/konro-grill.com\/#\/schema\/logo\/image\/"},"sameAs":["https:\/\/facebook.com\/KonroGrillCom","https:\/\/www.instagram.com\/konrogrillcom\/"]}]}},"df_price":719,"df_sale_price":"","df_regular_price":719,"df_image_link":"https:\/\/konro-grill.com\/wp-content\/uploads\/2025\/03\/Konro-Grill-Medium-Wide-Diatomite-5-1-300x300.jpg","_links":{"self":[{"href":"https:\/\/konro-grill.com\/de\/wp-json\/wp\/v2\/product\/8204","targetHints":{"allow":["GET"]}}],"collection":[{"href":"https:\/\/konro-grill.com\/de\/wp-json\/wp\/v2\/product"}],"about":[{"href":"https:\/\/konro-grill.com\/de\/wp-json\/wp\/v2\/types\/product"}],"wp:featuredmedia":[{"embeddable":true,"href":"https:\/\/konro-grill.com\/de\/wp-json\/wp\/v2\/media\/8232"}],"wp:attachment":[{"href":"https:\/\/konro-grill.com\/de\/wp-json\/wp\/v2\/media?parent=8204"}],"wp:term":[{"taxonomy":"product_brand","embeddable":true,"href":"https:\/\/konro-grill.com\/de\/wp-json\/wp\/v2\/product_brand?post=8204"},{"taxonomy":"product_cat","embeddable":true,"href":"https:\/\/konro-grill.com\/de\/wp-json\/wp\/v2\/product_cat?post=8204"},{"taxonomy":"product_tag","embeddable":true,"href":"https:\/\/konro-grill.com\/de\/wp-json\/wp\/v2\/product_tag?post=8204"}],"curies":[{"name":"wp","href":"https:\/\/api.w.org\/{rel}","templated":true}]}}