{"id":887,"date":"2022-06-09T13:39:42","date_gmt":"2022-06-09T11:39:42","guid":{"rendered":"https:\/\/konro-grill.com\/?post_type=product&#038;p=887"},"modified":"2026-04-22T10:28:05","modified_gmt":"2026-04-22T08:28:05","slug":"konro-grill-aluminium-36-cm","status":"publish","type":"product","link":"https:\/\/konro-grill.com\/de\/produkt\/konro-grill-aluminium-36-cm\/","title":{"rendered":"Konro Grill Aluminium 36cm"},"content":{"rendered":"<div class=\"wpb-content-wrapper\"><div class=\"vc_row wpb_row vc_row-fluid wpex-relative\"><div class=\"wpb_column vc_column_container vc_col-sm-12\"><div class=\"vc_column-inner\"><div class=\"wpb_wrapper\"><div class=\"templatera_shortcode\"><div class=\"vc_row wpb_row vc_row-fluid wpex-relative\"><div class=\"wpb_column vc_column_container vc_col-sm-12\"><div class=\"vc_column-inner\"><div class=\"wpb_wrapper\">\n\t<div class=\"wpb_text_column wpb_content_element\" >\n\t\t<div class=\"wpb_wrapper\">\n\t\t\t<div class=\"accordion-header\">\n<h3>Erste Schritte mit dem Konro Grill. Pure Aromen. K\u00f6stlicher Genuss.<\/h3>\n<\/div>\n<p>Grillen auf einem Konro-Grill ist eine gesellige Form des Barbecue. Pure Aromen und k\u00f6stlich zusammen.<\/p>\n<p>Den Tisch decken, sch\u00f6n decken <a href=\"https:\/\/konro-grill.com\/de\/essstabchen\/\">Essst\u00e4bchen<\/a> bereit, eine <a href=\"https:\/\/konro-grill.com\/de\/produkt\/bursten\/\">B\u00fcrste<\/a> und nat\u00fcrlich original <a href=\"https:\/\/konro-grill.com\/de\/japanische-spezialitaten\/\">Japanische Gew\u00fcrze<\/a> fertig. H\u00e4hnchen, Wagyu-Rind, Fisch, Meeresfr\u00fcchte oder Gem\u00fcse in Scheiben schneiden und einweichen <a href=\"https:\/\/konro-grill.com\/de\/produkt\/bamboe-bbq-spiesjes\/\">Bambus-Spie\u00dfe<\/a> im Wasser. Auf diese Weise k\u00f6nnen Sie diese wunderbare, originelle Form des Kochens im Freien optimal nutzen.<\/p>\n<p><strong>Dieser Yakitori-Grill ist nur f\u00fcr den Hausgebrauch geeignet.<\/strong> F\u00fcr die beste Erfahrung empfehlen wir immer <a href=\"https:\/\/kamadoexpress.nl\/product\/bestcharcoal-witte-binchotan\/\">Binchotan-Holzkohle<\/a> zu verwenden. Sie arbeiten drau\u00dfen oder unter einem Vordach. F\u00fcr die Verwendung eines Konro-Grills in Innenr\u00e4umen empfehlen wir <span style=\"text-decoration: underline;\">nicht<\/span>.<\/p>\n<p>Werden Sie professionell mit dieser Art von Grill arbeiten? Dann w\u00e4hlen Sie das Original <a href=\"https:\/\/konro-grill.com\/de\/produkt\/konro-grill-gros\/\">Japanischer Konro-Grill<\/a>. Unter professioneller Absaugung ist die Verwendung in einer offenen K\u00fcche m\u00f6glich. Wenn Sie eine offene K\u00fcche haben, wird dies sofort ein sch\u00f6nes visuelles Erlebnis f\u00fcr Ihre G\u00e4ste sein.<\/p>\n\n\t\t<\/div>\n\t<\/div>\n<\/div><\/div><\/div><\/div><\/div><\/div><\/div><\/div><\/div>\n<\/div>","protected":false},"excerpt":{"rendered":"<h3>Aluminium Konro + Gitter + Tablett<\/h3>\n<p>Dieser original Konro Grill ist aus Aluminium gefertigt und hat einen 36 x 18 cm gro\u00dfen Grillrost. Es ist ein komplettes Set. Der Konro, ein Grillrost und ein praktisches Holztablett, mit dem Sie diesen Konro Grill \u00fcberall aufstellen k\u00f6nnen. Mit dieser Gr\u00f6\u00dfe k\u00f6nnen Sie bis zu 10 Spie\u00dfe gleichzeitig grillen, so dass er f\u00fcr bis zu 4 Personen geeignet ist. Suchen Sie ein fertiges Set? Dann werfen Sie einen Blick auf unser <a href=\"https:\/\/konro-grill.com\/de\/produkt\/konro-grill-aluminium-36-cm-voordeelset\/\">Rabattsatz<\/a>.<\/p>","protected":false},"featured_media":989,"template":"","meta":{"inline_featured_image":false},"product_brand":[],"product_cat":[242],"product_tag":[],"class_list":{"0":"post-887","1":"product","2":"type-product","3":"status-publish","4":"has-post-thumbnail","6":"product_cat-overige-konro-grill","7":"entry","8":"has-media","10":"first","11":"instock","12":"sale","13":"taxable","14":"shipping-taxable","15":"purchasable","16":"product-type-simple"},"bundled_by":["1462"],"bundle_stock_status":"instock","bundle_stock_quantity":24,"bundle_virtual":false,"bundle_layout":"","bundle_add_to_cart_form_location":"","bundle_editable_in_cart":false,"bundle_sold_individually_context":"","bundle_item_grouping":"","bundle_min_size":"","bundle_max_size":"","bundle_price":[],"bundled_items":[],"bundle_sell_ids":[],"yoast_head":"<!-- This site is optimized with the Yoast SEO plugin v27.4 - https:\/\/yoast.com\/product\/yoast-seo-wordpress\/ -->\n<title>Konro Grill Aluminium 36cm | Konro Grill<\/title>\n<meta name=\"description\" content=\"Ga aan de slag met deze Aluminium Konro Grill van 36cm om verschillende soorten vlees, vis en groente te grillen. Gemakkelijk op tafel te gebruiken!\" \/>\n<meta name=\"robots\" content=\"index, follow, max-snippet:-1, max-image-preview:large, max-video-preview:-1\" \/>\n<link rel=\"canonical\" href=\"https:\/\/konro-grill.com\/de\/produkt\/konro-grill-aluminium-36-cm\/\" \/>\n<meta property=\"og:locale\" content=\"de_DE\" \/>\n<meta property=\"og:type\" content=\"article\" \/>\n<meta property=\"og:title\" content=\"Konro Grill Aluminium 36cm | Konro Grill\" \/>\n<meta property=\"og:description\" content=\"Ga aan de slag met deze Aluminium Konro Grill van 36cm om verschillende soorten vlees, vis en groente te grillen. Gemakkelijk op tafel te gebruiken!\" \/>\n<meta property=\"og:url\" content=\"https:\/\/konro-grill.com\/de\/produkt\/konro-grill-aluminium-36-cm\/\" \/>\n<meta property=\"og:site_name\" content=\"Konro Grill, de grootste Japanse BBQ specialist\" \/>\n<meta property=\"article:publisher\" content=\"https:\/\/facebook.com\/KonroGrillCom\" \/>\n<meta property=\"article:modified_time\" content=\"2026-04-22T08:28:05+00:00\" \/>\n<meta property=\"og:image\" content=\"https:\/\/konro-grill.com\/wp-content\/uploads\/2022\/06\/Konro-Grill-Large-Rect-Wooden-Base-Konro-Grill.jpg\" \/>\n\t<meta property=\"og:image:width\" content=\"800\" \/>\n\t<meta property=\"og:image:height\" content=\"800\" \/>\n\t<meta property=\"og:image:type\" content=\"image\/jpeg\" \/>\n<meta name=\"twitter:card\" content=\"summary_large_image\" \/>\n<meta name=\"twitter:label1\" content=\"Gesch\u00e4tzte Lesezeit\" \/>\n\t<meta name=\"twitter:data1\" content=\"1\u00a0Minute\" \/>\n<script type=\"application\/ld+json\" class=\"yoast-schema-graph\">{\"@context\":\"https:\\\/\\\/schema.org\",\"@graph\":[{\"@type\":\"WebPage\",\"@id\":\"https:\\\/\\\/konro-grill.com\\\/product\\\/konro-grill-aluminium-36-cm\\\/\",\"url\":\"https:\\\/\\\/konro-grill.com\\\/product\\\/konro-grill-aluminium-36-cm\\\/\",\"name\":\"Konro Grill Aluminium 36cm | Konro Grill\",\"isPartOf\":{\"@id\":\"https:\\\/\\\/konro-grill.com\\\/#website\"},\"primaryImageOfPage\":{\"@id\":\"https:\\\/\\\/konro-grill.com\\\/product\\\/konro-grill-aluminium-36-cm\\\/#primaryimage\"},\"image\":{\"@id\":\"https:\\\/\\\/konro-grill.com\\\/product\\\/konro-grill-aluminium-36-cm\\\/#primaryimage\"},\"thumbnailUrl\":\"https:\\\/\\\/konro-grill.com\\\/wp-content\\\/uploads\\\/2022\\\/06\\\/Konro-Grill-Large-Rect-Wooden-Base-Konro-Grill.jpg\",\"datePublished\":\"2022-06-09T11:39:42+00:00\",\"dateModified\":\"2026-04-22T08:28:05+00:00\",\"description\":\"Ga aan de slag met deze Aluminium Konro Grill van 36cm om verschillende soorten vlees, vis en groente te grillen. Gemakkelijk op tafel te gebruiken!\",\"breadcrumb\":{\"@id\":\"https:\\\/\\\/konro-grill.com\\\/product\\\/konro-grill-aluminium-36-cm\\\/#breadcrumb\"},\"inLanguage\":\"de\",\"potentialAction\":[{\"@type\":\"ReadAction\",\"target\":[\"https:\\\/\\\/konro-grill.com\\\/product\\\/konro-grill-aluminium-36-cm\\\/\"]}]},{\"@type\":\"ImageObject\",\"inLanguage\":\"de\",\"@id\":\"https:\\\/\\\/konro-grill.com\\\/product\\\/konro-grill-aluminium-36-cm\\\/#primaryimage\",\"url\":\"https:\\\/\\\/konro-grill.com\\\/wp-content\\\/uploads\\\/2022\\\/06\\\/Konro-Grill-Large-Rect-Wooden-Base-Konro-Grill.jpg\",\"contentUrl\":\"https:\\\/\\\/konro-grill.com\\\/wp-content\\\/uploads\\\/2022\\\/06\\\/Konro-Grill-Large-Rect-Wooden-Base-Konro-Grill.jpg\",\"width\":800,\"height\":800},{\"@type\":\"BreadcrumbList\",\"@id\":\"https:\\\/\\\/konro-grill.com\\\/product\\\/konro-grill-aluminium-36-cm\\\/#breadcrumb\",\"itemListElement\":[{\"@type\":\"ListItem\",\"position\":1,\"name\":\"Home\",\"item\":\"https:\\\/\\\/konro-grill.com\\\/\"},{\"@type\":\"ListItem\",\"position\":2,\"name\":\"Winkel\",\"item\":\"https:\\\/\\\/konro-grill.com\\\/winkel\\\/\"},{\"@type\":\"ListItem\",\"position\":3,\"name\":\"Konro Grill Aluminium 36cm\"}]},{\"@type\":\"WebSite\",\"@id\":\"https:\\\/\\\/konro-grill.com\\\/#website\",\"url\":\"https:\\\/\\\/konro-grill.com\\\/\",\"name\":\"Konro Grill\",\"description\":\"Konro Grill, de Grootste Japanse BBQ Specialist\",\"publisher\":{\"@id\":\"https:\\\/\\\/konro-grill.com\\\/#organization\"},\"potentialAction\":[{\"@type\":\"SearchAction\",\"target\":{\"@type\":\"EntryPoint\",\"urlTemplate\":\"https:\\\/\\\/konro-grill.com\\\/?s={search_term_string}\"},\"query-input\":{\"@type\":\"PropertyValueSpecification\",\"valueRequired\":true,\"valueName\":\"search_term_string\"}}],\"inLanguage\":\"de\"},{\"@type\":\"Organization\",\"@id\":\"https:\\\/\\\/konro-grill.com\\\/#organization\",\"name\":\"Konro Grill\",\"url\":\"https:\\\/\\\/konro-grill.com\\\/\",\"logo\":{\"@type\":\"ImageObject\",\"inLanguage\":\"de\",\"@id\":\"https:\\\/\\\/konro-grill.com\\\/#\\\/schema\\\/logo\\\/image\\\/\",\"url\":\"https:\\\/\\\/konro-grill.com\\\/wp-content\\\/uploads\\\/2021\\\/10\\\/konro-grill-logo.png\",\"contentUrl\":\"https:\\\/\\\/konro-grill.com\\\/wp-content\\\/uploads\\\/2021\\\/10\\\/konro-grill-logo.png\",\"width\":650,\"height\":80,\"caption\":\"Konro Grill\"},\"image\":{\"@id\":\"https:\\\/\\\/konro-grill.com\\\/#\\\/schema\\\/logo\\\/image\\\/\"},\"sameAs\":[\"https:\\\/\\\/facebook.com\\\/KonroGrillCom\",\"https:\\\/\\\/www.instagram.com\\\/konrogrillcom\\\/\"]}]}<\/script>\n<!-- \/ Yoast SEO plugin. -->","yoast_head_json":{"title":"Konro Grill Aluminium 36cm | Konro Grill","description":"Machen Sie sich an die Arbeit mit diesem 36cm Aluminium Konro Grill, um verschiedene Arten von Fleisch, Fisch und Gem\u00fcse zu grillen. Einfach auf dem Tisch zu verwenden!","robots":{"index":"index","follow":"follow","max-snippet":"max-snippet:-1","max-image-preview":"max-image-preview:large","max-video-preview":"max-video-preview:-1"},"canonical":"https:\/\/konro-grill.com\/de\/produkt\/konro-grill-aluminium-36-cm\/","og_locale":"de_DE","og_type":"article","og_title":"Konro Grill Aluminium 36cm | Konro Grill","og_description":"Ga aan de slag met deze Aluminium Konro Grill van 36cm om verschillende soorten vlees, vis en groente te grillen. Gemakkelijk op tafel te gebruiken!","og_url":"https:\/\/konro-grill.com\/de\/produkt\/konro-grill-aluminium-36-cm\/","og_site_name":"Konro Grill, de grootste Japanse BBQ specialist","article_publisher":"https:\/\/facebook.com\/KonroGrillCom","article_modified_time":"2026-04-22T08:28:05+00:00","og_image":[{"width":800,"height":800,"url":"https:\/\/konro-grill.com\/wp-content\/uploads\/2022\/06\/Konro-Grill-Large-Rect-Wooden-Base-Konro-Grill.jpg","type":"image\/jpeg"}],"twitter_card":"summary_large_image","twitter_misc":{"Gesch\u00e4tzte Lesezeit":"1\u00a0Minute"},"schema":{"@context":"https:\/\/schema.org","@graph":[{"@type":"WebPage","@id":"https:\/\/konro-grill.com\/product\/konro-grill-aluminium-36-cm\/","url":"https:\/\/konro-grill.com\/product\/konro-grill-aluminium-36-cm\/","name":"Konro Grill Aluminium 36cm | Konro Grill","isPartOf":{"@id":"https:\/\/konro-grill.com\/#website"},"primaryImageOfPage":{"@id":"https:\/\/konro-grill.com\/product\/konro-grill-aluminium-36-cm\/#primaryimage"},"image":{"@id":"https:\/\/konro-grill.com\/product\/konro-grill-aluminium-36-cm\/#primaryimage"},"thumbnailUrl":"https:\/\/konro-grill.com\/wp-content\/uploads\/2022\/06\/Konro-Grill-Large-Rect-Wooden-Base-Konro-Grill.jpg","datePublished":"2022-06-09T11:39:42+00:00","dateModified":"2026-04-22T08:28:05+00:00","description":"Machen Sie sich an die Arbeit mit diesem 36cm Aluminium Konro Grill, um verschiedene Arten von Fleisch, Fisch und Gem\u00fcse zu grillen. Einfach auf dem Tisch zu verwenden!","breadcrumb":{"@id":"https:\/\/konro-grill.com\/product\/konro-grill-aluminium-36-cm\/#breadcrumb"},"inLanguage":"de","potentialAction":[{"@type":"ReadAction","target":["https:\/\/konro-grill.com\/product\/konro-grill-aluminium-36-cm\/"]}]},{"@type":"ImageObject","inLanguage":"de","@id":"https:\/\/konro-grill.com\/product\/konro-grill-aluminium-36-cm\/#primaryimage","url":"https:\/\/konro-grill.com\/wp-content\/uploads\/2022\/06\/Konro-Grill-Large-Rect-Wooden-Base-Konro-Grill.jpg","contentUrl":"https:\/\/konro-grill.com\/wp-content\/uploads\/2022\/06\/Konro-Grill-Large-Rect-Wooden-Base-Konro-Grill.jpg","width":800,"height":800},{"@type":"BreadcrumbList","@id":"https:\/\/konro-grill.com\/product\/konro-grill-aluminium-36-cm\/#breadcrumb","itemListElement":[{"@type":"ListItem","position":1,"name":"Home","item":"https:\/\/konro-grill.com\/"},{"@type":"ListItem","position":2,"name":"Winkel","item":"https:\/\/konro-grill.com\/winkel\/"},{"@type":"ListItem","position":3,"name":"Konro Grill Aluminium 36cm"}]},{"@type":"WebSite","@id":"https:\/\/konro-grill.com\/#website","url":"https:\/\/konro-grill.com\/","name":"Konro Grill","description":"Konro Grill, der gr\u00f6\u00dfte japanische BBQ-Spezialist","publisher":{"@id":"https:\/\/konro-grill.com\/#organization"},"potentialAction":[{"@type":"SearchAction","target":{"@type":"EntryPoint","urlTemplate":"https:\/\/konro-grill.com\/?s={search_term_string}"},"query-input":{"@type":"PropertyValueSpecification","valueRequired":true,"valueName":"search_term_string"}}],"inLanguage":"de"},{"@type":"Organization","@id":"https:\/\/konro-grill.com\/#organization","name":"Konro Grill","url":"https:\/\/konro-grill.com\/","logo":{"@type":"ImageObject","inLanguage":"de","@id":"https:\/\/konro-grill.com\/#\/schema\/logo\/image\/","url":"https:\/\/konro-grill.com\/wp-content\/uploads\/2021\/10\/konro-grill-logo.png","contentUrl":"https:\/\/konro-grill.com\/wp-content\/uploads\/2021\/10\/konro-grill-logo.png","width":650,"height":80,"caption":"Konro Grill"},"image":{"@id":"https:\/\/konro-grill.com\/#\/schema\/logo\/image\/"},"sameAs":["https:\/\/facebook.com\/KonroGrillCom","https:\/\/www.instagram.com\/konrogrillcom\/"]}]}},"df_price":129.95,"df_sale_price":129.95,"df_regular_price":139.95,"df_image_link":"https:\/\/konro-grill.com\/wp-content\/uploads\/2022\/06\/Konro-Grill-Large-Rect-Wooden-Base-Konro-Grill-300x300.jpg","_links":{"self":[{"href":"https:\/\/konro-grill.com\/de\/wp-json\/wp\/v2\/product\/887","targetHints":{"allow":["GET"]}}],"collection":[{"href":"https:\/\/konro-grill.com\/de\/wp-json\/wp\/v2\/product"}],"about":[{"href":"https:\/\/konro-grill.com\/de\/wp-json\/wp\/v2\/types\/product"}],"wp:featuredmedia":[{"embeddable":true,"href":"https:\/\/konro-grill.com\/de\/wp-json\/wp\/v2\/media\/989"}],"wp:attachment":[{"href":"https:\/\/konro-grill.com\/de\/wp-json\/wp\/v2\/media?parent=887"}],"wp:term":[{"taxonomy":"product_brand","embeddable":true,"href":"https:\/\/konro-grill.com\/de\/wp-json\/wp\/v2\/product_brand?post=887"},{"taxonomy":"product_cat","embeddable":true,"href":"https:\/\/konro-grill.com\/de\/wp-json\/wp\/v2\/product_cat?post=887"},{"taxonomy":"product_tag","embeddable":true,"href":"https:\/\/konro-grill.com\/de\/wp-json\/wp\/v2\/product_tag?post=887"}],"curies":[{"name":"wp","href":"https:\/\/api.w.org\/{rel}","templated":true}]}}