{"id":144,"date":"2020-11-11T12:29:11","date_gmt":"2020-11-11T11:29:11","guid":{"rendered":"https:\/\/konro-grill.com\/?page_id=144"},"modified":"2026-03-10T16:03:07","modified_gmt":"2026-03-10T15:03:07","slug":"pago-seguro","status":"publish","type":"page","link":"https:\/\/konro-grill.com\/es\/pago-seguro\/","title":{"rendered":"Paga con seguridad"},"content":{"rendered":"<div class=\"wpb-content-wrapper\"><div class=\"vc_row wpb_row vc_row-fluid site-doc-row wpex-vc-full-width-row wpex-vc-full-width-row--centered wpex-relative\"><div class=\"wpb_column vc_column_container vc_col-sm-12\"><div class=\"vc_column-inner\"><div class=\"wpb_wrapper\">\n\t<div class=\"wpb_text_column wpb_content_element site-doc-blok\" >\n\t\t<div class=\"wpb_wrapper\">\n\t\t\t<h1>Nuestras formas de pago<\/h1>\n<p>Konro Grill ofrece todos los m\u00e9todos de pago habituales. Puede hacer su pedido y pagar con nosotros, en un entorno seguro. Esta tienda online es segura y protegemos sus datos personales. \u00bfTiene alguna pregunta al respecto? Entonces <a href=\"\/es\/pongase-en-contacto-con\/\">p\u00f3ngase en contacto con<\/a> con nosotros o lea nuestro <a href=\"\/es\/politica-de-privacidad\/\">pol\u00edtica de privacidad<\/a>!<\/p>\n<p><img loading=\"lazy\" decoding=\"async\" class=\"aligncenter wp-image-7709 size-full\" src=\"https:\/\/konro-grill.com\/wp-content\/uploads\/2025\/01\/Betaalmethodes-KonroGrill.png\" alt=\"Paga con seguridad\" width=\"1182\" height=\"70\" srcset=\"https:\/\/konro-grill.com\/wp-content\/uploads\/2025\/01\/Betaalmethodes-KonroGrill.png 1182w, https:\/\/konro-grill.com\/wp-content\/uploads\/2025\/01\/Betaalmethodes-KonroGrill-300x18.png 300w, https:\/\/konro-grill.com\/wp-content\/uploads\/2025\/01\/Betaalmethodes-KonroGrill-1024x61.png 1024w, https:\/\/konro-grill.com\/wp-content\/uploads\/2025\/01\/Betaalmethodes-KonroGrill-768x45.png 768w, https:\/\/konro-grill.com\/wp-content\/uploads\/2025\/01\/Betaalmethodes-KonroGrill-18x1.png 18w, https:\/\/konro-grill.com\/wp-content\/uploads\/2025\/01\/Betaalmethodes-KonroGrill-24x1.png 24w, https:\/\/konro-grill.com\/wp-content\/uploads\/2025\/01\/Betaalmethodes-KonroGrill-36x2.png 36w, https:\/\/konro-grill.com\/wp-content\/uploads\/2025\/01\/Betaalmethodes-KonroGrill-48x3.png 48w, https:\/\/konro-grill.com\/wp-content\/uploads\/2025\/01\/Betaalmethodes-KonroGrill-600x36.png 600w, https:\/\/konro-grill.com\/wp-content\/uploads\/2025\/01\/Betaalmethodes-KonroGrill-64x4.png 64w\" sizes=\"auto, (max-width: 1182px) 100vw, 1182px\" \/><\/p>\n<h4>Prepago<\/h4>\n<p>Nuestros m\u00e9todos de pago son sencillos y 100% seguros. Si elige pagar con <strong>iDEAL<\/strong> o <strong>Bancontact<\/strong> entonces usted paga <span style=\"text-decoration: underline;\">sin costes adicionales<\/span> en Konro Grill. Para un pago con <strong>tarjeta de cr\u00e9dito<\/strong> pagas 0,15 \u20ac + 1,3% de comisi\u00f3n de servicio. Si optas por <strong>KBC\/CBC<\/strong> o <strong>Belfius<\/strong>de su pedido. Despu\u00e9s de realizar su pedido e introducir sus datos, ser\u00e1 redirigido autom\u00e1ticamente a nuestro proveedor de pagos (Mollie) para completar el pago de forma segura y r\u00e1pida.<\/p>\n<h4>Pago a posteriori o pago fraccionado en 3 partes<\/h4>\n<p>En determinados pa\u00edses, tambi\u00e9n ofrecemos la opci\u00f3n de pagar despu\u00e9s con <strong>Klarna<\/strong> o <strong>Riverty<\/strong>. Este servicio es caro para nosotros, por eso cobramos una tarifa \u00fanica. Los costes para Klarna y Riverty son de 2,99% de tu pedido. Adem\u00e1s del pago a posteriori, tambi\u00e9n puedes optar por <strong>paga en 3 partes con Klarna o iDEAL<\/strong>. El recargo por pago diferenciado con Klarna es de 0,95 euros + 2,99% de su pedido y para iDEAL en 3 es de 0,85 euros + 3,5%. El pago a posteriori o el pago diferenciado est\u00e1n disponibles hasta un valor de pedido de 5.000 euros.<\/p>\n<h4>PayPal<\/h4>\n<p>\u00bfComprar con m\u00e1s seguridad? Puede hacerlo. Opte por <strong>PayPal<\/strong>.<\/p>\n<h4>Pago al cobro<\/h4>\n<p>\u00bfPrefieres que te lo recojamos nosotros? No hay ning\u00fan problema. Puedes elegir recogerlo en la tienda y realizar el pago directamente. \u00bfPrefieres pagar en la recogida? En la recogida puedes pagar en efectivo o con PIN. En la cesta de la compra, elige \u201cRecoger en tienda\u201d y \u201cTransferencia bancaria\u201d.<\/p>\n<p><strong>No todos los art\u00edculos pueden recogerse f\u00e1cilmente (debido a su peso y tama\u00f1o). As\u00ed que coordina siempre tu recogida con nosotros. Ll\u00e1manos, env\u00edanos un mensaje o utiliza nuestro chat.<\/strong><\/p>\n\n\t\t<\/div>\n\t<\/div>\n<\/div><\/div><\/div><\/div>\n<\/div>","protected":false},"excerpt":{"rendered":"Nuestras opciones de pago Konro Grill ofrece todos los m\u00e9todos de pago habituales. Puedes hacer tu pedido y pagar con nosotros, en un entorno seguro. Esta tienda online es segura y protegemos tus datos personales. \u00bfTienes alguna pregunta al respecto? Ponte en contacto con nosotros o lee nuestra pol\u00edtica de privacidad. Pago por adelantado Nuestros m\u00e9todos de pago son f\u00e1ciles y 100% seguros. Elige tu...","protected":false},"author":1,"featured_media":0,"parent":0,"menu_order":0,"comment_status":"closed","ping_status":"closed","template":"","meta":{"inline_featured_image":false,"footnotes":""},"class_list":["post-144","page","type-page","status-publish","hentry","entry","no-media"],"yoast_head":"<!-- This site is optimized with the Yoast SEO plugin v27.4 - https:\/\/yoast.com\/product\/yoast-seo-wordpress\/ -->\n<title>Veilig betalen | Konro Grill, de grootste Japanse BBQ specialist<\/title>\n<meta name=\"description\" content=\"Betaalmogelijkheden van Konro Grill, we bieden alle gangbare betaalmethoden. Je kunt bij ons, in een veilige omgeving, bestellen en betalen.\" \/>\n<meta name=\"robots\" content=\"index, follow, max-snippet:-1, max-image-preview:large, max-video-preview:-1\" \/>\n<link rel=\"canonical\" href=\"https:\/\/konro-grill.com\/es\/pago-seguro\/\" \/>\n<meta property=\"og:locale\" content=\"es_ES\" \/>\n<meta property=\"og:type\" content=\"article\" \/>\n<meta property=\"og:title\" content=\"Veilig betalen | Konro Grill, de grootste Japanse BBQ specialist\" \/>\n<meta property=\"og:description\" content=\"Betaalmogelijkheden van Konro Grill, we bieden alle gangbare betaalmethoden. Je kunt bij ons, in een veilige omgeving, bestellen en betalen.\" \/>\n<meta property=\"og:url\" content=\"https:\/\/konro-grill.com\/es\/pago-seguro\/\" \/>\n<meta property=\"og:site_name\" content=\"Konro Grill, de grootste Japanse BBQ specialist\" \/>\n<meta property=\"article:publisher\" content=\"https:\/\/facebook.com\/KonroGrillCom\" \/>\n<meta property=\"article:modified_time\" content=\"2026-03-10T15:03:07+00:00\" \/>\n<meta property=\"og:image\" content=\"https:\/\/konro-grill.com\/wp-content\/uploads\/2025\/01\/Betaalmethodes-KonroGrill.png\" \/>\n\t<meta property=\"og:image:width\" content=\"1182\" \/>\n\t<meta property=\"og:image:height\" content=\"70\" \/>\n\t<meta property=\"og:image:type\" content=\"image\/png\" \/>\n<meta name=\"twitter:card\" content=\"summary_large_image\" \/>\n<meta name=\"twitter:label1\" content=\"Tiempo de lectura\" \/>\n\t<meta name=\"twitter:data1\" content=\"2 minutos\" \/>\n<script type=\"application\/ld+json\" class=\"yoast-schema-graph\">{\"@context\":\"https:\\\/\\\/schema.org\",\"@graph\":[{\"@type\":\"WebPage\",\"@id\":\"https:\\\/\\\/konro-grill.com\\\/veilig-betalen\\\/\",\"url\":\"https:\\\/\\\/konro-grill.com\\\/veilig-betalen\\\/\",\"name\":\"Veilig betalen | Konro Grill, de grootste Japanse BBQ specialist\",\"isPartOf\":{\"@id\":\"https:\\\/\\\/konro-grill.com\\\/#website\"},\"primaryImageOfPage\":{\"@id\":\"https:\\\/\\\/konro-grill.com\\\/veilig-betalen\\\/#primaryimage\"},\"image\":{\"@id\":\"https:\\\/\\\/konro-grill.com\\\/veilig-betalen\\\/#primaryimage\"},\"thumbnailUrl\":\"https:\\\/\\\/konro-grill.com\\\/wp-content\\\/uploads\\\/2025\\\/01\\\/Betaalmethodes-KonroGrill.png\",\"datePublished\":\"2020-11-11T11:29:11+00:00\",\"dateModified\":\"2026-03-10T15:03:07+00:00\",\"description\":\"Betaalmogelijkheden van Konro Grill, we bieden alle gangbare betaalmethoden. Je kunt bij ons, in een veilige omgeving, bestellen en betalen.\",\"breadcrumb\":{\"@id\":\"https:\\\/\\\/konro-grill.com\\\/veilig-betalen\\\/#breadcrumb\"},\"inLanguage\":\"es\",\"potentialAction\":[{\"@type\":\"ReadAction\",\"target\":[\"https:\\\/\\\/konro-grill.com\\\/veilig-betalen\\\/\"]}]},{\"@type\":\"ImageObject\",\"inLanguage\":\"es\",\"@id\":\"https:\\\/\\\/konro-grill.com\\\/veilig-betalen\\\/#primaryimage\",\"url\":\"https:\\\/\\\/konro-grill.com\\\/wp-content\\\/uploads\\\/2025\\\/01\\\/Betaalmethodes-KonroGrill.png\",\"contentUrl\":\"https:\\\/\\\/konro-grill.com\\\/wp-content\\\/uploads\\\/2025\\\/01\\\/Betaalmethodes-KonroGrill.png\"},{\"@type\":\"BreadcrumbList\",\"@id\":\"https:\\\/\\\/konro-grill.com\\\/veilig-betalen\\\/#breadcrumb\",\"itemListElement\":[{\"@type\":\"ListItem\",\"position\":1,\"name\":\"Home\",\"item\":\"https:\\\/\\\/konro-grill.com\\\/\"},{\"@type\":\"ListItem\",\"position\":2,\"name\":\"Veilig betalen\"}]},{\"@type\":\"WebSite\",\"@id\":\"https:\\\/\\\/konro-grill.com\\\/#website\",\"url\":\"https:\\\/\\\/konro-grill.com\\\/\",\"name\":\"Konro Grill\",\"description\":\"Konro Grill, de Grootste Japanse BBQ Specialist\",\"publisher\":{\"@id\":\"https:\\\/\\\/konro-grill.com\\\/#organization\"},\"potentialAction\":[{\"@type\":\"SearchAction\",\"target\":{\"@type\":\"EntryPoint\",\"urlTemplate\":\"https:\\\/\\\/konro-grill.com\\\/?s={search_term_string}\"},\"query-input\":{\"@type\":\"PropertyValueSpecification\",\"valueRequired\":true,\"valueName\":\"search_term_string\"}}],\"inLanguage\":\"es\"},{\"@type\":\"Organization\",\"@id\":\"https:\\\/\\\/konro-grill.com\\\/#organization\",\"name\":\"Konro Grill\",\"url\":\"https:\\\/\\\/konro-grill.com\\\/\",\"logo\":{\"@type\":\"ImageObject\",\"inLanguage\":\"es\",\"@id\":\"https:\\\/\\\/konro-grill.com\\\/#\\\/schema\\\/logo\\\/image\\\/\",\"url\":\"https:\\\/\\\/konro-grill.com\\\/wp-content\\\/uploads\\\/2021\\\/10\\\/konro-grill-logo.png\",\"contentUrl\":\"https:\\\/\\\/konro-grill.com\\\/wp-content\\\/uploads\\\/2021\\\/10\\\/konro-grill-logo.png\",\"width\":650,\"height\":80,\"caption\":\"Konro Grill\"},\"image\":{\"@id\":\"https:\\\/\\\/konro-grill.com\\\/#\\\/schema\\\/logo\\\/image\\\/\"},\"sameAs\":[\"https:\\\/\\\/facebook.com\\\/KonroGrillCom\",\"https:\\\/\\\/www.instagram.com\\\/konrogrillcom\\\/\"]}]}<\/script>\n<!-- \/ Yoast SEO plugin. -->","yoast_head_json":{"title":"Pago seguro | Konro Grill, el mayor especialista en barbacoas japonesas","description":"Opciones de pago de Konro Grill, ofrecemos todos los m\u00e9todos de pago comunes. Usted puede ordenar y pagar con nosotros, en un entorno seguro.","robots":{"index":"index","follow":"follow","max-snippet":"max-snippet:-1","max-image-preview":"max-image-preview:large","max-video-preview":"max-video-preview:-1"},"canonical":"https:\/\/konro-grill.com\/es\/pago-seguro\/","og_locale":"es_ES","og_type":"article","og_title":"Veilig betalen | Konro Grill, de grootste Japanse BBQ specialist","og_description":"Betaalmogelijkheden van Konro Grill, we bieden alle gangbare betaalmethoden. Je kunt bij ons, in een veilige omgeving, bestellen en betalen.","og_url":"https:\/\/konro-grill.com\/es\/pago-seguro\/","og_site_name":"Konro Grill, de grootste Japanse BBQ specialist","article_publisher":"https:\/\/facebook.com\/KonroGrillCom","article_modified_time":"2026-03-10T15:03:07+00:00","og_image":[{"width":1182,"height":70,"url":"https:\/\/konro-grill.com\/wp-content\/uploads\/2025\/01\/Betaalmethodes-KonroGrill.png","type":"image\/png"}],"twitter_card":"summary_large_image","twitter_misc":{"Tiempo de lectura":"2 minutos"},"schema":{"@context":"https:\/\/schema.org","@graph":[{"@type":"WebPage","@id":"https:\/\/konro-grill.com\/veilig-betalen\/","url":"https:\/\/konro-grill.com\/veilig-betalen\/","name":"Pago seguro | Konro Grill, el mayor especialista en barbacoas japonesas","isPartOf":{"@id":"https:\/\/konro-grill.com\/#website"},"primaryImageOfPage":{"@id":"https:\/\/konro-grill.com\/veilig-betalen\/#primaryimage"},"image":{"@id":"https:\/\/konro-grill.com\/veilig-betalen\/#primaryimage"},"thumbnailUrl":"https:\/\/konro-grill.com\/wp-content\/uploads\/2025\/01\/Betaalmethodes-KonroGrill.png","datePublished":"2020-11-11T11:29:11+00:00","dateModified":"2026-03-10T15:03:07+00:00","description":"Opciones de pago de Konro Grill, ofrecemos todos los m\u00e9todos de pago comunes. Usted puede ordenar y pagar con nosotros, en un entorno seguro.","breadcrumb":{"@id":"https:\/\/konro-grill.com\/veilig-betalen\/#breadcrumb"},"inLanguage":"es","potentialAction":[{"@type":"ReadAction","target":["https:\/\/konro-grill.com\/veilig-betalen\/"]}]},{"@type":"ImageObject","inLanguage":"es","@id":"https:\/\/konro-grill.com\/veilig-betalen\/#primaryimage","url":"https:\/\/konro-grill.com\/wp-content\/uploads\/2025\/01\/Betaalmethodes-KonroGrill.png","contentUrl":"https:\/\/konro-grill.com\/wp-content\/uploads\/2025\/01\/Betaalmethodes-KonroGrill.png"},{"@type":"BreadcrumbList","@id":"https:\/\/konro-grill.com\/veilig-betalen\/#breadcrumb","itemListElement":[{"@type":"ListItem","position":1,"name":"Home","item":"https:\/\/konro-grill.com\/"},{"@type":"ListItem","position":2,"name":"Veilig betalen"}]},{"@type":"WebSite","@id":"https:\/\/konro-grill.com\/#website","url":"https:\/\/konro-grill.com\/","name":"Parrilla Konro","description":"Konro Grill, el mayor especialista en barbacoa japonesa","publisher":{"@id":"https:\/\/konro-grill.com\/#organization"},"potentialAction":[{"@type":"SearchAction","target":{"@type":"EntryPoint","urlTemplate":"https:\/\/konro-grill.com\/?s={search_term_string}"},"query-input":{"@type":"PropertyValueSpecification","valueRequired":true,"valueName":"search_term_string"}}],"inLanguage":"es"},{"@type":"Organization","@id":"https:\/\/konro-grill.com\/#organization","name":"Parrilla Konro","url":"https:\/\/konro-grill.com\/","logo":{"@type":"ImageObject","inLanguage":"es","@id":"https:\/\/konro-grill.com\/#\/schema\/logo\/image\/","url":"https:\/\/konro-grill.com\/wp-content\/uploads\/2021\/10\/konro-grill-logo.png","contentUrl":"https:\/\/konro-grill.com\/wp-content\/uploads\/2021\/10\/konro-grill-logo.png","width":650,"height":80,"caption":"Konro Grill"},"image":{"@id":"https:\/\/konro-grill.com\/#\/schema\/logo\/image\/"},"sameAs":["https:\/\/facebook.com\/KonroGrillCom","https:\/\/www.instagram.com\/konrogrillcom\/"]}]}},"_links":{"self":[{"href":"https:\/\/konro-grill.com\/es\/wp-json\/wp\/v2\/pages\/144","targetHints":{"allow":["GET"]}}],"collection":[{"href":"https:\/\/konro-grill.com\/es\/wp-json\/wp\/v2\/pages"}],"about":[{"href":"https:\/\/konro-grill.com\/es\/wp-json\/wp\/v2\/types\/page"}],"author":[{"embeddable":true,"href":"https:\/\/konro-grill.com\/es\/wp-json\/wp\/v2\/users\/1"}],"replies":[{"embeddable":true,"href":"https:\/\/konro-grill.com\/es\/wp-json\/wp\/v2\/comments?post=144"}],"version-history":[{"count":22,"href":"https:\/\/konro-grill.com\/es\/wp-json\/wp\/v2\/pages\/144\/revisions"}],"predecessor-version":[{"id":2966,"href":"https:\/\/konro-grill.com\/es\/wp-json\/wp\/v2\/pages\/144\/revisions\/2966"}],"wp:attachment":[{"href":"https:\/\/konro-grill.com\/es\/wp-json\/wp\/v2\/media?parent=144"}],"curies":[{"name":"wp","href":"https:\/\/api.w.org\/{rel}","templated":true}]}}