{"id":165,"date":"2020-11-11T12:35:19","date_gmt":"2020-11-11T11:35:19","guid":{"rendered":"https:\/\/konro-grill.com\/?page_id=165"},"modified":"2021-11-02T09:25:33","modified_gmt":"2021-11-02T08:25:33","slug":"politica-de-privacidad","status":"publish","type":"page","link":"https:\/\/konro-grill.com\/es\/politica-de-privacidad\/","title":{"rendered":"Pol\u00edtica de privacidad"},"content":{"rendered":"<div class=\"wpb-content-wrapper\"><div class=\"vc_row wpb_row vc_row-fluid site-doc-row wpex-vc-full-width-row wpex-vc-full-width-row--centered wpex-relative\"><div class=\"wpb_column vc_column_container vc_col-sm-12\"><div class=\"vc_column-inner\"><div class=\"wpb_wrapper\">\n\t<div class=\"wpb_text_column wpb_content_element site-doc-blok\" >\n\t\t<div class=\"wpb_wrapper\">\n\t\t\t<h1>Pol\u00edtica de privacidad de Konro Grill<\/h1>\n<p>Konro Grill forma parte y es un nombre comercial de Digital Q B.V.<br \/>\nDigital Q B.V., con domicilio en Anton Pieckplein 117A, 5171 CV Kaatsheuvel, es responsable del tratamiento de los datos personales reflejados en la presente declaraci\u00f3n de privacidad.<\/p>\n<h4>Datos de contacto<\/h4>\n<p>Anton Pieckplein 117A<br \/>\n5171 CV Kaatsheuvel<br \/>\nTel: +31(0)416235010<\/p>\n<h4>Datos personales que tratamos<\/h4>\n<p>Digital Q B.V. procesa sus datos personales porque usted utiliza nuestros servicios y\/o porque usted mismo nos proporciona estos datos. A continuaci\u00f3n encontrar\u00e1 un resumen de los datos personales que procesamos:<\/p>\n<ul>\n<li>Nombre y apellidos<\/li>\n<li>Direcci\u00f3n<\/li>\n<li>N\u00famero de tel\u00e9fono<\/li>\n<li>Direcci\u00f3n de correo electr\u00f3nico<\/li>\n<li>Direcci\u00f3n IP<\/li>\n<li>Navegador de Internet y tipo de dispositivo<\/li>\n<li>N\u00famero de cuenta bancaria<\/li>\n<\/ul>\n<h4>Datos personales especiales y\/o sensibles que tratamos<\/h4>\n<p>Nuestro sitio web y\/o servicio no pretende recopilar datos de visitantes del sitio web menores de 16 a\u00f1os. A menos que cuenten con el consentimiento de sus padres o tutores. Sin embargo, no podemos verificar si un visitante es mayor de 16 a\u00f1os. Por lo tanto, aconsejamos a los padres que se impliquen en las actividades en l\u00ednea de sus hijos para evitar la recogida de datos de menores sin el consentimiento paterno. Si est\u00e1 convencido de que hemos recopilado datos personales de un menor sin dicho consentimiento, p\u00f3ngase en contacto con nosotros en info@konro-grill.com y eliminaremos esta informaci\u00f3n.<\/p>\n<h4>Con qu\u00e9 fin y sobre qu\u00e9 base tratamos los datos personales<\/h4>\n<p>Digital Q B.V. procesa sus datos personales para los siguientes fines:<\/p>\n<ul>\n<li>Gesti\u00f3n de su pago<\/li>\n<li>Env\u00edo de nuestro bolet\u00edn y\/o folleto publicitario<\/li>\n<li>Llamarle o enviarle un correo electr\u00f3nico si es necesario para llevar a cabo nuestros servicios<\/li>\n<li>Informarle de cambios en nuestros servicios y productos<\/li>\n<li>Permitirle crear una cuenta<\/li>\n<li>Para suministrarle bienes y servicios<\/li>\n<li>Digital Q B.V. analiza su comportamiento en el sitio web con el fin de mejorarlo y, en su caso, adaptar la oferta de productos y servicios a sus preferencias.<\/li>\n<li>Digital Q B.V. tambi\u00e9n procesa datos personales si estamos legalmente obligados a hacerlo, como los datos que necesitamos para nuestra declaraci\u00f3n de impuestos.<\/li>\n<\/ul>\n<h4>Cu\u00e1nto tiempo conservamos los datos personales<\/h4>\n<p>Digital Q B.V. no conservar\u00e1 sus datos personales m\u00e1s tiempo del estrictamente necesario para cumplir los fines para los que se recogieron sus datos o durante el tiempo que nos exija la ley.<\/p>\n<h4>Compartir datos personales con terceros<\/h4>\n<p>Digital Q B.V. comparte sus datos personales con diversos terceros si ello es necesario para ejecutar el acuerdo y cumplir alguna obligaci\u00f3n legal. Con las empresas que procesan sus datos en nuestro nombre, celebramos un acuerdo de procesamiento para garantizar el mismo nivel de seguridad y confidencialidad de sus datos. Digital Q B.V. sigue siendo responsable de este procesamiento. Digital Q B.V. nunca facilita sus datos personales a terceros, por ejemplo con fines comerciales.<\/p>\n<h4>Cookies, o t\u00e9cnicas similares, que utilizamos<\/h4>\n<p>Digital Q B.V. utiliza cookies funcionales, anal\u00edticas y de seguimiento. Una cookie es un peque\u00f1o archivo de texto que se almacena en el navegador de su ordenador, tableta o smartphone la primera vez que visita este sitio web. Digital Q B.V. utiliza cookies con una funcionalidad puramente t\u00e9cnica. Estas garantizan que el sitio web funcione correctamente y que, por ejemplo, se recuerden sus preferencias. Estas cookies tambi\u00e9n se utilizan para que el sitio web funcione correctamente y para optimizarlo. Adem\u00e1s, colocamos cookies que rastrean su comportamiento de navegaci\u00f3n para poder ofrecerle contenidos y anuncios personalizados. En su primera visita a nuestro sitio web, ya le informamos sobre estas cookies y le pedimos permiso para colocarlas. Aqu\u00ed puede rechazar las cookies o configurar su navegador de Internet para que deje de almacenarlas. Tambi\u00e9n puede eliminar cualquier informaci\u00f3n almacenada previamente a trav\u00e9s de la configuraci\u00f3n de su navegador. Encontrar\u00e1 m\u00e1s informaci\u00f3n sobre nuestras cookies en <a href=\"https:\/\/kamadoexpress.nl\/cookiebeleid\/\" target=\"_blank\" rel=\"noopener\">aqu\u00ed<\/a>.<\/p>\n<h4>WebwinkelKeur<\/h4>\n<p>Recogemos rese\u00f1as a trav\u00e9s de la plataforma de WebwinkelKeur. Si deja una opini\u00f3n a trav\u00e9s de WebwinkelKeur, se le pedir\u00e1 que proporcione un nombre y una direcci\u00f3n de correo electr\u00f3nico. WebwinkelKeur comparte esta informaci\u00f3n con nosotros para que podamos vincular la rese\u00f1a a su pedido. WebwinkelKeur tambi\u00e9n publica su nombre en su propio sitio web. Si le invitamos a dejar una rese\u00f1a, compartimos su nombre, direcci\u00f3n de correo electr\u00f3nico, ID de cliente y n\u00famero de pedido con WebwinkelKeur. WebwinkelKeur utiliza estos datos con el \u00fanico fin de invitarle a dejar una opini\u00f3n. WebwinkelKeur ha adoptado las medidas t\u00e9cnicas y organizativas adecuadas para proteger sus datos personales.<\/p>\n<h4>Ver, modificar o eliminar datos<\/h4>\n<p>Tiene derecho a consultar, rectificar o suprimir sus datos personales. Puede hacerlo usted mismo a trav\u00e9s de los ajustes personales de su cuenta. Tambi\u00e9n tiene derecho a retirar su posible consentimiento al tratamiento de datos u oponerse al tratamiento de sus datos personales por parte de nuestra empresa y tiene derecho a la portabilidad de los datos. Esto significa que puede solicitarnos que le enviemos los datos personales que tenemos sobre usted en un archivo inform\u00e1tico a usted o a otra organizaci\u00f3n nombrada por usted. Si desea ejercer su derecho de oposici\u00f3n y\/o su derecho a la portabilidad de los datos o tiene otras preguntas\/comentarios sobre el tratamiento de datos, env\u00ede una solicitud especificada a <a href=\"mailto:info@konro-grill.com\">info@konro-grill.com<\/a>. Para asegurarnos de que la solicitud de inspecci\u00f3n la realiza usted, le pedimos que env\u00ede una copia de su documento de identidad junto con la solicitud. En esta copia, tache la foto de su pasaporte, la MRZ (zona legible por m\u00e1quina, la franja con n\u00fameros en la parte inferior del pasaporte), el n\u00famero de pasaporte y el N\u00famero de Servicio al Ciudadano (BSN). Esto es para proteger su intimidad. Digital Q B.V. responder\u00e1 a su solicitud lo antes posible, pero en cualquier caso en un plazo de cuatro semanas. Digital Q B.V. tambi\u00e9n desea se\u00f1alar que tiene la posibilidad de presentar una reclamaci\u00f3n ante la autoridad nacional de control, la Autoridad de Datos Personales. Puede hacerlo a trav\u00e9s del siguiente enlace: https:\/\/autoriteitpersoonsgegevens.nl\/nl\/zelf-doen\/gebruik-uw-privacyrechten\/klacht-melden-bij-de-ap<\/p>\n<h4>C\u00f3mo protegemos los datos personales<\/h4>\n<p>Digital Q B.V. se toma muy en serio la protecci\u00f3n de sus datos y adopta las medidas adecuadas para evitar el uso indebido, la p\u00e9rdida, el acceso no autorizado, la divulgaci\u00f3n no deseada y la modificaci\u00f3n no autorizada. Si considera que sus datos no est\u00e1n debidamente protegidos o existen indicios de uso indebido, p\u00f3ngase en contacto con nuestro servicio de atenci\u00f3n al cliente o a trav\u00e9s de <a href=\"mailto:info@konro-grill.com\">info@konro-grill.com<\/a><\/p>\n\n\t\t<\/div>\n\t<\/div>\n<\/div><\/div><\/div><\/div>\n<\/div>","protected":false},"excerpt":{"rendered":"Pol\u00edtica de privacidad de Konro Grill Konro Grill forma parte y es un nombre comercial de Digital Q B.V. Digital Q B.V., con domicilio en Anton Pieckplein 117A, 5171 CV Kaatsheuvel, es responsable del tratamiento de los datos personales reflejados en esta declaraci\u00f3n de privacidad. Datos de contacto Anton Pieckplein 117A 5171 CV Kaatsheuvel Tel: +31(0)416235010 Datos personales que procesamos Digital Q B.V. procesa...","protected":false},"author":1,"featured_media":0,"parent":0,"menu_order":0,"comment_status":"closed","ping_status":"closed","template":"","meta":{"inline_featured_image":false,"footnotes":""},"class_list":["post-165","page","type-page","status-publish","hentry","entry","no-media"],"yoast_head":"<!-- This site is optimized with the Yoast SEO plugin v27.4 - https:\/\/yoast.com\/product\/yoast-seo-wordpress\/ -->\n<title>Privacybeleid | Konro Grill, de grootste Japanse BBQ specialist<\/title>\n<meta name=\"robots\" content=\"index, follow, max-snippet:-1, max-image-preview:large, max-video-preview:-1\" \/>\n<link rel=\"canonical\" href=\"https:\/\/konro-grill.com\/es\/politica-de-privacidad\/\" \/>\n<meta property=\"og:locale\" content=\"es_ES\" \/>\n<meta property=\"og:type\" content=\"article\" \/>\n<meta property=\"og:title\" content=\"Privacybeleid | Konro Grill, de grootste Japanse BBQ specialist\" \/>\n<meta property=\"og:url\" content=\"https:\/\/konro-grill.com\/es\/politica-de-privacidad\/\" \/>\n<meta property=\"og:site_name\" content=\"Konro Grill, de grootste Japanse BBQ specialist\" \/>\n<meta property=\"article:publisher\" content=\"https:\/\/facebook.com\/KonroGrillCom\" \/>\n<meta property=\"article:modified_time\" content=\"2021-11-02T08:25:33+00:00\" \/>\n<meta property=\"og:image\" content=\"https:\/\/konro-grill.com\/wp-content\/uploads\/2026\/03\/Konro-Grill-Logo-1.jpg\" \/>\n\t<meta property=\"og:image:width\" content=\"1200\" \/>\n\t<meta property=\"og:image:height\" content=\"675\" \/>\n\t<meta property=\"og:image:type\" content=\"image\/jpeg\" \/>\n<meta name=\"twitter:card\" content=\"summary_large_image\" \/>\n<meta name=\"twitter:label1\" content=\"Tiempo de lectura\" \/>\n\t<meta name=\"twitter:data1\" content=\"5 minutos\" \/>\n<script type=\"application\/ld+json\" class=\"yoast-schema-graph\">{\"@context\":\"https:\\\/\\\/schema.org\",\"@graph\":[{\"@type\":\"WebPage\",\"@id\":\"https:\\\/\\\/konro-grill.com\\\/privacybeleid\\\/\",\"url\":\"https:\\\/\\\/konro-grill.com\\\/privacybeleid\\\/\",\"name\":\"Privacybeleid | Konro Grill, de grootste Japanse BBQ specialist\",\"isPartOf\":{\"@id\":\"https:\\\/\\\/konro-grill.com\\\/#website\"},\"datePublished\":\"2020-11-11T11:35:19+00:00\",\"dateModified\":\"2021-11-02T08:25:33+00:00\",\"breadcrumb\":{\"@id\":\"https:\\\/\\\/konro-grill.com\\\/privacybeleid\\\/#breadcrumb\"},\"inLanguage\":\"es\",\"potentialAction\":[{\"@type\":\"ReadAction\",\"target\":[\"https:\\\/\\\/konro-grill.com\\\/privacybeleid\\\/\"]}]},{\"@type\":\"BreadcrumbList\",\"@id\":\"https:\\\/\\\/konro-grill.com\\\/privacybeleid\\\/#breadcrumb\",\"itemListElement\":[{\"@type\":\"ListItem\",\"position\":1,\"name\":\"Home\",\"item\":\"https:\\\/\\\/konro-grill.com\\\/\"},{\"@type\":\"ListItem\",\"position\":2,\"name\":\"Privacybeleid\"}]},{\"@type\":\"WebSite\",\"@id\":\"https:\\\/\\\/konro-grill.com\\\/#website\",\"url\":\"https:\\\/\\\/konro-grill.com\\\/\",\"name\":\"Konro Grill\",\"description\":\"Konro Grill, de Grootste Japanse BBQ Specialist\",\"publisher\":{\"@id\":\"https:\\\/\\\/konro-grill.com\\\/#organization\"},\"potentialAction\":[{\"@type\":\"SearchAction\",\"target\":{\"@type\":\"EntryPoint\",\"urlTemplate\":\"https:\\\/\\\/konro-grill.com\\\/?s={search_term_string}\"},\"query-input\":{\"@type\":\"PropertyValueSpecification\",\"valueRequired\":true,\"valueName\":\"search_term_string\"}}],\"inLanguage\":\"es\"},{\"@type\":\"Organization\",\"@id\":\"https:\\\/\\\/konro-grill.com\\\/#organization\",\"name\":\"Konro Grill\",\"url\":\"https:\\\/\\\/konro-grill.com\\\/\",\"logo\":{\"@type\":\"ImageObject\",\"inLanguage\":\"es\",\"@id\":\"https:\\\/\\\/konro-grill.com\\\/#\\\/schema\\\/logo\\\/image\\\/\",\"url\":\"https:\\\/\\\/konro-grill.com\\\/wp-content\\\/uploads\\\/2021\\\/10\\\/konro-grill-logo.png\",\"contentUrl\":\"https:\\\/\\\/konro-grill.com\\\/wp-content\\\/uploads\\\/2021\\\/10\\\/konro-grill-logo.png\",\"width\":650,\"height\":80,\"caption\":\"Konro Grill\"},\"image\":{\"@id\":\"https:\\\/\\\/konro-grill.com\\\/#\\\/schema\\\/logo\\\/image\\\/\"},\"sameAs\":[\"https:\\\/\\\/facebook.com\\\/KonroGrillCom\",\"https:\\\/\\\/www.instagram.com\\\/konrogrillcom\\\/\"]}]}<\/script>\n<!-- \/ Yoast SEO plugin. -->","yoast_head_json":{"title":"Pol\u00edtica de privacidad | Konro Grill, el mayor especialista en barbacoa japonesa","robots":{"index":"index","follow":"follow","max-snippet":"max-snippet:-1","max-image-preview":"max-image-preview:large","max-video-preview":"max-video-preview:-1"},"canonical":"https:\/\/konro-grill.com\/es\/politica-de-privacidad\/","og_locale":"es_ES","og_type":"article","og_title":"Privacybeleid | Konro Grill, de grootste Japanse BBQ specialist","og_url":"https:\/\/konro-grill.com\/es\/politica-de-privacidad\/","og_site_name":"Konro Grill, de grootste Japanse BBQ specialist","article_publisher":"https:\/\/facebook.com\/KonroGrillCom","article_modified_time":"2021-11-02T08:25:33+00:00","og_image":[{"width":1200,"height":675,"url":"https:\/\/konro-grill.com\/wp-content\/uploads\/2026\/03\/Konro-Grill-Logo-1.jpg","type":"image\/jpeg"}],"twitter_card":"summary_large_image","twitter_misc":{"Tiempo de lectura":"5 minutos"},"schema":{"@context":"https:\/\/schema.org","@graph":[{"@type":"WebPage","@id":"https:\/\/konro-grill.com\/privacybeleid\/","url":"https:\/\/konro-grill.com\/privacybeleid\/","name":"Pol\u00edtica de privacidad | Konro Grill, el mayor especialista en barbacoa japonesa","isPartOf":{"@id":"https:\/\/konro-grill.com\/#website"},"datePublished":"2020-11-11T11:35:19+00:00","dateModified":"2021-11-02T08:25:33+00:00","breadcrumb":{"@id":"https:\/\/konro-grill.com\/privacybeleid\/#breadcrumb"},"inLanguage":"es","potentialAction":[{"@type":"ReadAction","target":["https:\/\/konro-grill.com\/privacybeleid\/"]}]},{"@type":"BreadcrumbList","@id":"https:\/\/konro-grill.com\/privacybeleid\/#breadcrumb","itemListElement":[{"@type":"ListItem","position":1,"name":"Home","item":"https:\/\/konro-grill.com\/"},{"@type":"ListItem","position":2,"name":"Privacybeleid"}]},{"@type":"WebSite","@id":"https:\/\/konro-grill.com\/#website","url":"https:\/\/konro-grill.com\/","name":"Parrilla Konro","description":"Konro Grill, el mayor especialista en barbacoa japonesa","publisher":{"@id":"https:\/\/konro-grill.com\/#organization"},"potentialAction":[{"@type":"SearchAction","target":{"@type":"EntryPoint","urlTemplate":"https:\/\/konro-grill.com\/?s={search_term_string}"},"query-input":{"@type":"PropertyValueSpecification","valueRequired":true,"valueName":"search_term_string"}}],"inLanguage":"es"},{"@type":"Organization","@id":"https:\/\/konro-grill.com\/#organization","name":"Parrilla Konro","url":"https:\/\/konro-grill.com\/","logo":{"@type":"ImageObject","inLanguage":"es","@id":"https:\/\/konro-grill.com\/#\/schema\/logo\/image\/","url":"https:\/\/konro-grill.com\/wp-content\/uploads\/2021\/10\/konro-grill-logo.png","contentUrl":"https:\/\/konro-grill.com\/wp-content\/uploads\/2021\/10\/konro-grill-logo.png","width":650,"height":80,"caption":"Konro Grill"},"image":{"@id":"https:\/\/konro-grill.com\/#\/schema\/logo\/image\/"},"sameAs":["https:\/\/facebook.com\/KonroGrillCom","https:\/\/www.instagram.com\/konrogrillcom\/"]}]}},"_links":{"self":[{"href":"https:\/\/konro-grill.com\/es\/wp-json\/wp\/v2\/pages\/165","targetHints":{"allow":["GET"]}}],"collection":[{"href":"https:\/\/konro-grill.com\/es\/wp-json\/wp\/v2\/pages"}],"about":[{"href":"https:\/\/konro-grill.com\/es\/wp-json\/wp\/v2\/types\/page"}],"author":[{"embeddable":true,"href":"https:\/\/konro-grill.com\/es\/wp-json\/wp\/v2\/users\/1"}],"replies":[{"embeddable":true,"href":"https:\/\/konro-grill.com\/es\/wp-json\/wp\/v2\/comments?post=165"}],"version-history":[{"count":5,"href":"https:\/\/konro-grill.com\/es\/wp-json\/wp\/v2\/pages\/165\/revisions"}],"predecessor-version":[{"id":633,"href":"https:\/\/konro-grill.com\/es\/wp-json\/wp\/v2\/pages\/165\/revisions\/633"}],"wp:attachment":[{"href":"https:\/\/konro-grill.com\/es\/wp-json\/wp\/v2\/media?parent=165"}],"curies":[{"name":"wp","href":"https:\/\/api.w.org\/{rel}","templated":true}]}}