{"id":183,"date":"2020-11-12T11:04:58","date_gmt":"2020-11-12T10:04:58","guid":{"rendered":"https:\/\/konro-grill.com\/?page_id=183"},"modified":"2024-09-24T10:33:30","modified_gmt":"2024-09-24T08:33:30","slug":"sobre-konro-grill","status":"publish","type":"page","link":"https:\/\/konro-grill.com\/es\/sobre-konro-grill\/","title":{"rendered":"Qui\u00e9nes somos"},"content":{"rendered":"<div class=\"wpb-content-wrapper\"><div class=\"vc_row wpb_row vc_row-fluid pagina-header-row vc_custom_1635841231730 vc_row-o-content-middle vc_row-flex wpex-relative wpex-vc_row-has-fill wpex-vc-reset-negative-margin wpex-has-overlay wpex-has-overlay--69e9274693e26\"><div class=\"wpex-bg-overlay-wrap wpex-absolute wpex-inset-0 wpex-rounded-inherit\"><style class=\"wpex-bg-overlay-css\">.wpex-has-overlay--69e9274693e26 > .wpex-bg-overlay-wrap .wpex-bg-overlay{background-color:#000000;opacity:0.3;}<\/style><span class=\"wpex-bg-overlay dark wpex-absolute wpex-inset-0 wpex-rounded-inherit wpex-duration-500 wpex-opacity-60 wpex-bg-black\"><\/span><\/div><div class=\"wpb_column vc_column_container vc_col-sm-12\"><div class=\"vc_column-inner vc_custom_1631278515999\"><div class=\"wpb_wrapper\">\n\t<div class=\"wpb_text_column wpb_content_element diapositief textcenter\" >\n\t\t<div class=\"wpb_wrapper\">\n\t\t\t<h1>Qui\u00e9nes somos<\/h1>\n\n\t\t<\/div>\n\t<\/div>\n<\/div><\/div><\/div><\/div><div class=\"vc_row wpb_row vc_row-fluid intro-row wpex-relative\"><div class=\"wpb_column vc_column_container vc_col-sm-12\"><div class=\"vc_column-inner\"><div class=\"wpb_wrapper\">\n\t<div class=\"wpb_text_column wpb_content_element breedte-800 textcenter\" >\n\t\t<div class=\"wpb_wrapper\">\n\t\t\t<h2>Acerca de Konro Grill<\/h2>\n<p>Konro Grill forma parte de <a href=\"https:\/\/digital-q.nl\/\" target=\"_blank\" rel=\"noopener\">Digital Q BV BBQ Concepts<\/a>. En 2014, empezamos a vender barbacoas kamado de primera calidad. Con el tiempo, la empresa ha crecido hasta convertirse en un grupo l\u00edder de conceptos. En 2020, se establecieron los primeros contactos en Jap\u00f3n y, desde entonces, KonroGrill.com se ha convertido en la mayor tienda web de barbacoas kamado, accesorios, Binchotan y especialidades (japonesas).<\/p>\n<p>Nuestra gama est\u00e1 creciendo porque esta forma de barbacoa se ver\u00e1 mucho en el sector de la gastronom\u00eda y la cocina casera en los pr\u00f3ximos a\u00f1os.<\/p>\n<p>Ver <a href=\"https:\/\/konro-grill.com\/es\/referencias\/\">nuestras referencias<\/a>.<\/p>\n\n\t\t<\/div>\n\t<\/div>\n<\/div><\/div><\/div><\/div>\n<\/div>","protected":false},"excerpt":{"rendered":"Sobre nosotros Sobre Konro Grill Konro Grill forma parte de Digital Q BV BBQ Concepts. Empezamos a vender barbacoas kamado de primera calidad en 2014. Con el tiempo, la empresa ha crecido hasta convertirse en un grupo l\u00edder de conceptos. En 2020, se establecieron los primeros contactos en Jap\u00f3n y, desde entonces, KonroGrill.com ha crecido hasta...","protected":false},"author":1,"featured_media":0,"parent":0,"menu_order":0,"comment_status":"closed","ping_status":"closed","template":"","meta":{"inline_featured_image":false,"footnotes":""},"class_list":["post-183","page","type-page","status-publish","hentry","entry","no-media"],"yoast_head":"<!-- This site is optimized with the Yoast SEO plugin v27.4 - https:\/\/yoast.com\/product\/yoast-seo-wordpress\/ -->\n<title>Over Konro Grill, officieel importeur en distributeur<\/title>\n<meta name=\"description\" content=\"Konro Grill de enige en offici\u00eble importeur en distributeur van de originele Japanse konro grill, Kasai Grills en vele accessoires!\" \/>\n<meta name=\"robots\" content=\"index, follow, max-snippet:-1, max-image-preview:large, max-video-preview:-1\" \/>\n<link rel=\"canonical\" href=\"https:\/\/konro-grill.com\/es\/sobre-konro-grill\/\" \/>\n<meta property=\"og:locale\" content=\"es_ES\" \/>\n<meta property=\"og:type\" content=\"article\" \/>\n<meta property=\"og:title\" content=\"Over Konro Grill, officieel importeur en distributeur\" \/>\n<meta property=\"og:description\" content=\"Konro Grill de enige en offici\u00eble importeur en distributeur van de originele Japanse konro grill, Kasai Grills en vele accessoires!\" \/>\n<meta property=\"og:url\" content=\"https:\/\/konro-grill.com\/es\/sobre-konro-grill\/\" \/>\n<meta property=\"og:site_name\" content=\"Konro Grill, de grootste Japanse BBQ specialist\" \/>\n<meta property=\"article:publisher\" content=\"https:\/\/facebook.com\/KonroGrillCom\" \/>\n<meta property=\"article:modified_time\" content=\"2024-09-24T08:33:30+00:00\" \/>\n<meta property=\"og:image\" content=\"https:\/\/konro-grill.com\/wp-content\/uploads\/2026\/03\/Konro-Grill-Logo-1.jpg\" \/>\n\t<meta property=\"og:image:width\" content=\"1200\" \/>\n\t<meta property=\"og:image:height\" content=\"675\" \/>\n\t<meta property=\"og:image:type\" content=\"image\/jpeg\" \/>\n<meta name=\"twitter:card\" content=\"summary_large_image\" \/>\n<meta name=\"twitter:label1\" content=\"Tiempo de lectura\" \/>\n\t<meta name=\"twitter:data1\" content=\"1 minuto\" \/>\n<script type=\"application\/ld+json\" class=\"yoast-schema-graph\">{\"@context\":\"https:\\\/\\\/schema.org\",\"@graph\":[{\"@type\":\"WebPage\",\"@id\":\"https:\\\/\\\/konro-grill.com\\\/over-konro-grill\\\/\",\"url\":\"https:\\\/\\\/konro-grill.com\\\/over-konro-grill\\\/\",\"name\":\"Over Konro Grill, officieel importeur en distributeur\",\"isPartOf\":{\"@id\":\"https:\\\/\\\/konro-grill.com\\\/#website\"},\"datePublished\":\"2020-11-12T10:04:58+00:00\",\"dateModified\":\"2024-09-24T08:33:30+00:00\",\"description\":\"Konro Grill de enige en offici\u00eble importeur en distributeur van de originele Japanse konro grill, Kasai Grills en vele accessoires!\",\"breadcrumb\":{\"@id\":\"https:\\\/\\\/konro-grill.com\\\/over-konro-grill\\\/#breadcrumb\"},\"inLanguage\":\"es\",\"potentialAction\":[{\"@type\":\"ReadAction\",\"target\":[\"https:\\\/\\\/konro-grill.com\\\/over-konro-grill\\\/\"]}]},{\"@type\":\"BreadcrumbList\",\"@id\":\"https:\\\/\\\/konro-grill.com\\\/over-konro-grill\\\/#breadcrumb\",\"itemListElement\":[{\"@type\":\"ListItem\",\"position\":1,\"name\":\"Home\",\"item\":\"https:\\\/\\\/konro-grill.com\\\/\"},{\"@type\":\"ListItem\",\"position\":2,\"name\":\"Over ons\"}]},{\"@type\":\"WebSite\",\"@id\":\"https:\\\/\\\/konro-grill.com\\\/#website\",\"url\":\"https:\\\/\\\/konro-grill.com\\\/\",\"name\":\"Konro Grill\",\"description\":\"Konro Grill, de Grootste Japanse BBQ Specialist\",\"publisher\":{\"@id\":\"https:\\\/\\\/konro-grill.com\\\/#organization\"},\"potentialAction\":[{\"@type\":\"SearchAction\",\"target\":{\"@type\":\"EntryPoint\",\"urlTemplate\":\"https:\\\/\\\/konro-grill.com\\\/?s={search_term_string}\"},\"query-input\":{\"@type\":\"PropertyValueSpecification\",\"valueRequired\":true,\"valueName\":\"search_term_string\"}}],\"inLanguage\":\"es\"},{\"@type\":\"Organization\",\"@id\":\"https:\\\/\\\/konro-grill.com\\\/#organization\",\"name\":\"Konro Grill\",\"url\":\"https:\\\/\\\/konro-grill.com\\\/\",\"logo\":{\"@type\":\"ImageObject\",\"inLanguage\":\"es\",\"@id\":\"https:\\\/\\\/konro-grill.com\\\/#\\\/schema\\\/logo\\\/image\\\/\",\"url\":\"https:\\\/\\\/konro-grill.com\\\/wp-content\\\/uploads\\\/2021\\\/10\\\/konro-grill-logo.png\",\"contentUrl\":\"https:\\\/\\\/konro-grill.com\\\/wp-content\\\/uploads\\\/2021\\\/10\\\/konro-grill-logo.png\",\"width\":650,\"height\":80,\"caption\":\"Konro Grill\"},\"image\":{\"@id\":\"https:\\\/\\\/konro-grill.com\\\/#\\\/schema\\\/logo\\\/image\\\/\"},\"sameAs\":[\"https:\\\/\\\/facebook.com\\\/KonroGrillCom\",\"https:\\\/\\\/www.instagram.com\\\/konrogrillcom\\\/\"]}]}<\/script>\n<!-- \/ Yoast SEO plugin. -->","yoast_head_json":{"title":"Acerca de Konro Grill, importador y distribuidor oficial","description":"\u00a1Konro Grill el \u00fanico y oficial importador y distribuidor de la original parrilla japonesa konro, Kasai Grills y muchos accesorios!","robots":{"index":"index","follow":"follow","max-snippet":"max-snippet:-1","max-image-preview":"max-image-preview:large","max-video-preview":"max-video-preview:-1"},"canonical":"https:\/\/konro-grill.com\/es\/sobre-konro-grill\/","og_locale":"es_ES","og_type":"article","og_title":"Over Konro Grill, officieel importeur en distributeur","og_description":"Konro Grill de enige en offici\u00eble importeur en distributeur van de originele Japanse konro grill, Kasai Grills en vele accessoires!","og_url":"https:\/\/konro-grill.com\/es\/sobre-konro-grill\/","og_site_name":"Konro Grill, de grootste Japanse BBQ specialist","article_publisher":"https:\/\/facebook.com\/KonroGrillCom","article_modified_time":"2024-09-24T08:33:30+00:00","og_image":[{"width":1200,"height":675,"url":"https:\/\/konro-grill.com\/wp-content\/uploads\/2026\/03\/Konro-Grill-Logo-1.jpg","type":"image\/jpeg"}],"twitter_card":"summary_large_image","twitter_misc":{"Tiempo de lectura":"1 minuto"},"schema":{"@context":"https:\/\/schema.org","@graph":[{"@type":"WebPage","@id":"https:\/\/konro-grill.com\/over-konro-grill\/","url":"https:\/\/konro-grill.com\/over-konro-grill\/","name":"Acerca de Konro Grill, importador y distribuidor oficial","isPartOf":{"@id":"https:\/\/konro-grill.com\/#website"},"datePublished":"2020-11-12T10:04:58+00:00","dateModified":"2024-09-24T08:33:30+00:00","description":"\u00a1Konro Grill el \u00fanico y oficial importador y distribuidor de la original parrilla japonesa konro, Kasai Grills y muchos accesorios!","breadcrumb":{"@id":"https:\/\/konro-grill.com\/over-konro-grill\/#breadcrumb"},"inLanguage":"es","potentialAction":[{"@type":"ReadAction","target":["https:\/\/konro-grill.com\/over-konro-grill\/"]}]},{"@type":"BreadcrumbList","@id":"https:\/\/konro-grill.com\/over-konro-grill\/#breadcrumb","itemListElement":[{"@type":"ListItem","position":1,"name":"Home","item":"https:\/\/konro-grill.com\/"},{"@type":"ListItem","position":2,"name":"Over ons"}]},{"@type":"WebSite","@id":"https:\/\/konro-grill.com\/#website","url":"https:\/\/konro-grill.com\/","name":"Parrilla Konro","description":"Konro Grill, el mayor especialista en barbacoa japonesa","publisher":{"@id":"https:\/\/konro-grill.com\/#organization"},"potentialAction":[{"@type":"SearchAction","target":{"@type":"EntryPoint","urlTemplate":"https:\/\/konro-grill.com\/?s={search_term_string}"},"query-input":{"@type":"PropertyValueSpecification","valueRequired":true,"valueName":"search_term_string"}}],"inLanguage":"es"},{"@type":"Organization","@id":"https:\/\/konro-grill.com\/#organization","name":"Parrilla Konro","url":"https:\/\/konro-grill.com\/","logo":{"@type":"ImageObject","inLanguage":"es","@id":"https:\/\/konro-grill.com\/#\/schema\/logo\/image\/","url":"https:\/\/konro-grill.com\/wp-content\/uploads\/2021\/10\/konro-grill-logo.png","contentUrl":"https:\/\/konro-grill.com\/wp-content\/uploads\/2021\/10\/konro-grill-logo.png","width":650,"height":80,"caption":"Konro Grill"},"image":{"@id":"https:\/\/konro-grill.com\/#\/schema\/logo\/image\/"},"sameAs":["https:\/\/facebook.com\/KonroGrillCom","https:\/\/www.instagram.com\/konrogrillcom\/"]}]}},"_links":{"self":[{"href":"https:\/\/konro-grill.com\/es\/wp-json\/wp\/v2\/pages\/183","targetHints":{"allow":["GET"]}}],"collection":[{"href":"https:\/\/konro-grill.com\/es\/wp-json\/wp\/v2\/pages"}],"about":[{"href":"https:\/\/konro-grill.com\/es\/wp-json\/wp\/v2\/types\/page"}],"author":[{"embeddable":true,"href":"https:\/\/konro-grill.com\/es\/wp-json\/wp\/v2\/users\/1"}],"replies":[{"embeddable":true,"href":"https:\/\/konro-grill.com\/es\/wp-json\/wp\/v2\/comments?post=183"}],"version-history":[{"count":16,"href":"https:\/\/konro-grill.com\/es\/wp-json\/wp\/v2\/pages\/183\/revisions"}],"predecessor-version":[{"id":6886,"href":"https:\/\/konro-grill.com\/es\/wp-json\/wp\/v2\/pages\/183\/revisions\/6886"}],"wp:attachment":[{"href":"https:\/\/konro-grill.com\/es\/wp-json\/wp\/v2\/media?parent=183"}],"curies":[{"name":"wp","href":"https:\/\/api.w.org\/{rel}","templated":true}]}}