{"id":3878,"date":"2023-09-19T09:30:01","date_gmt":"2023-09-19T07:30:01","guid":{"rendered":"https:\/\/konro-grill.com\/konro-roosters-2\/"},"modified":"2023-09-19T09:50:42","modified_gmt":"2023-09-19T07:50:42","slug":"guantes-para-barbacoa","status":"publish","type":"page","link":"https:\/\/konro-grill.com\/es\/guantes-para-barbacoa\/","title":{"rendered":"Guantes de barbacoa"},"content":{"rendered":"<div class=\"wpb-content-wrapper\"><div class=\"vc_row wpb_row vc_row-fluid pagina-header-row vc_row-o-equal-height vc_row-o-content-middle vc_row-flex wpex-relative\" style=\"min-height:450px;\"><div class=\"wpb_column pagina-header-row-image-overlay vc_column_container vc_col-sm-6 wpex-vc_col-has-fill\"><div class=\"vc_column-inner vc_custom_1695109223991\"><div class=\"wpb_wrapper\">\n\t<div class=\"wpb_text_column wpb_content_element diapositief textcenter\" >\n\t\t<div class=\"wpb_wrapper\">\n\t\t\t<h1 style=\"text-align: center;\">Guantes de barbacoa<\/h1>\n\n\t\t<\/div>\n\t<\/div>\n<\/div><\/div><\/div><div class=\"wpb_column vc_column_container vc_col-sm-6\"><div class=\"vc_column-inner\"><div class=\"wpb_wrapper\">\n\t<div class=\"wpb_text_column wpb_content_element breedte-600\" >\n\t\t<div class=\"wpb_wrapper\">\n\t\t\t<h2>Asa siempre de forma segura con guantes de barbacoa.<\/h2>\n<p>Empieza a humear, el olor a carne asada inunda el aire y a uno le entra hambre. Ha llegado el momento de asar a la parrilla en su Konro Grill. Pero espere un momento. Antes de poner esos deliciosos trozos de carne y pescado en la parrilla, aseg\u00farate de que est\u00e1s bien protegido. Aqu\u00ed es donde entran en juego los guantes para barbacoa. Son esenciales para trabajar con la parrilla Konro.<\/p>\n\n\t\t<\/div>\n\t<\/div>\n<\/div><\/div><\/div><\/div><div class=\"vc_row wpb_row vc_row-fluid product-row more-spacing filter-row vc_custom_1683726414962 wpex-relative\"><div class=\"wpb_column vc_column_container vc_col-sm-12\"><div class=\"vc_column-inner\"><div class=\"wpb_wrapper\">\n\t<div class=\"wpb_text_column wpb_content_element\" >\n\t\t<div class=\"wpb_wrapper\">\n\t\t\t<div class=\"woocommerce columns-3\"><\/div>\n\n\t\t<\/div>\n\t<\/div>\n<\/div><\/div><\/div><\/div><div class=\"vc_row wpb_row vc_row-fluid wpex-relative\"><div class=\"wpb_column vc_column_container vc_col-sm-12\"><div class=\"vc_column-inner\"><div class=\"wpb_wrapper\">\n\t<div class=\"wpb_text_column wpb_content_element breedte-800\" >\n\t\t<div class=\"wpb_wrapper\">\n\t\t\t<h2 style=\"text-align: center;\">\u00bfPor qu\u00e9 guantes de barbacoa?<\/h2>\n<p style=\"text-align: center;\">Unos buenos guantes no son un accesorio m\u00e1s, son imprescindibles. Si alguna vez se ha quemado los dedos tratando de lidiar con una parrilla caliente, ya sabe de lo que estamos hablando. Los guantes de barbacoa le protegen de ese calor intenso y evitan las dolorosas ampollas. Son el escudo contra las llamas de su parrilla. Con estos guantes, puede trabajar con confianza en su Konro Grill y no preocuparse por quemarse los dedos.<\/p>\n<h2 style=\"text-align: center;\">La importancia de la resistencia al calor<\/h2>\n<p style=\"text-align: center;\">Cuando hablamos de guantes de barbacoa para el Konro Grill, tenemos que hablar de resistencia al calor. El Konro Grill puede calentarse much\u00edsimo, y sus guantes de cocina corrientes no le proporcionar\u00e1n suficiente protecci\u00f3n. Los guantes para barbacoa est\u00e1n especialmente dise\u00f1ados para soportar altas temperaturas. Est\u00e1n fabricados con materiales como cuero, silicona y aramida, que pueden soportar temperaturas superiores a los 500 grados cent\u00edgrados. Con estos guantes, podr\u00e1 dar la vuelta a la parrilla o reorganizar el carb\u00f3n sin preocuparse mientras arden las llamas.<\/p>\n<h2 style=\"text-align: center;\">Comodidad y libertad de movimientos<\/h2>\n<p style=\"text-align: center;\">Los guantes para barbacoa no s\u00f3lo le protegen del calor, sino que tambi\u00e9n ofrecen comodidad y libertad de movimientos. Est\u00e1n dise\u00f1ados con un ajuste ergon\u00f3mico, lo que le permite mover las manos libremente y mantener un agarre firme en sus herramientas de barbacoa. Lo \u00faltimo que quiere es tener que luchar con unos guantes inc\u00f3modos mientras intenta dar la vuelta a su trozo de carne o pescado perfectamente asado. Los guantes para barbacoa le proporcionan el control que necesita para perfeccionar sus habilidades a la parrilla.<\/p>\n<h2 style=\"text-align: center;\">Protecci\u00f3n multifuncional<\/h2>\n<p style=\"text-align: center;\">Los guantes para barbacoa de Konro Grill no s\u00f3lo son pr\u00e1cticos para proteger las manos. Tambi\u00e9n ofrecen una protecci\u00f3n multifuncional. Piense en sus antebrazos y mu\u00f1ecas, que tambi\u00e9n son sensibles al calor. Los guantes de barbacoa suelen ser m\u00e1s largos que los guantes normales, lo que proporciona una capa adicional de protecci\u00f3n para estas zonas sensibles. As\u00ed podr\u00e1 trabajar cerca de la parrilla y perfeccionar su comida sin miedo.<\/p>\n<h2 style=\"text-align: center;\">Mantenimiento y sostenibilidad<\/h2>\n<p style=\"text-align: center;\">Otra ventaja de los guantes de barbacoa es que suelen ser resistentes y duran mucho tiempo si se cuidan bien. Los guantes de cuero y aramida son especialmente resistentes y pueden durar temporada tras temporada. Sin embargo, es importante seguir las instrucciones de cuidado del fabricante para asegurarse de que los guantes se mantienen en \u00f3ptimas condiciones. Limpiarlos y acondicionarlos con regularidad puede prolongar considerablemente su vida \u00fatil.<\/p>\n<h2 style=\"text-align: center;\">P\u00f3ngase en contacto con<\/h2>\n<p style=\"text-align: center;\">En el mundo de la parrilla Konro, la seguridad y la comodidad son primordiales. Los guantes de barbacoa de la parrilla Konro no son s\u00f3lo un lujo, sino una parte esencial de su equipo. Le protegen del calor extremo, le ofrecen libertad de movimientos y le permiten perfeccionar sus habilidades a la parrilla sin preocuparse por las quemaduras. As\u00ed que, antes de empezar su pr\u00f3xima sesi\u00f3n de asado, aseg\u00farese de tener listos esos guantes para barbacoa. Sus manos se lo agradecer\u00e1n. \u00bfNo est\u00e1 seguro de qu\u00e9 guantes son los m\u00e1s adecuados para usted o tiene alguna otra pregunta? Entonces no dude en <a href=\"https:\/\/konro-grill.com\/es\/pongase-en-contacto-con\/\">p\u00f3ngase en contacto con<\/a> con nosotros, \u00a1estaremos encantados de ayudarle!<\/p>\n\n\t\t<\/div>\n\t<\/div>\n<\/div><\/div><\/div><\/div>\n<\/div>","protected":false},"excerpt":{"rendered":"Guantes para barbacoa \u00a1Asa siempre de forma segura con guantes para barbacoa! Empieza a humear, el olor de la carne a la parrilla llena el aire y empiezas a tener hambre. Es hora de una sesi\u00f3n de asado en tu fiel parrilla Konro. Pero, \u00a1espera un momento! Antes de poner esos deliciosos trozos de carne y pescado en la parrilla, aseg\u00farate...","protected":false},"author":1,"featured_media":3880,"parent":0,"menu_order":0,"comment_status":"closed","ping_status":"closed","template":"","meta":{"inline_featured_image":false,"footnotes":""},"class_list":["post-3878","page","type-page","status-publish","has-post-thumbnail","hentry","entry","has-media"],"yoast_head":"<!-- This site is optimized with the Yoast SEO plugin v27.4 - https:\/\/yoast.com\/product\/yoast-seo-wordpress\/ -->\n<title>BBQ handschoenen | Konro Grill<\/title>\n<meta name=\"description\" content=\"Met de juiste BBQ handschoenen ga je altijd veilig te werk op je Konro Grill. Bekijk de verschillende modellen en maten in onze webshop!\" \/>\n<meta name=\"robots\" content=\"index, follow, max-snippet:-1, max-image-preview:large, max-video-preview:-1\" \/>\n<link rel=\"canonical\" href=\"https:\/\/konro-grill.com\/es\/guantes-para-barbacoa\/\" \/>\n<meta property=\"og:locale\" content=\"es_ES\" \/>\n<meta property=\"og:type\" content=\"article\" \/>\n<meta property=\"og:title\" content=\"BBQ handschoenen | Konro Grill\" \/>\n<meta property=\"og:description\" content=\"Met de juiste BBQ handschoenen ga je altijd veilig te werk op je Konro Grill. Bekijk de verschillende modellen en maten in onze webshop!\" \/>\n<meta property=\"og:url\" content=\"https:\/\/konro-grill.com\/es\/guantes-para-barbacoa\/\" \/>\n<meta property=\"og:site_name\" content=\"Konro Grill, de grootste Japanse BBQ specialist\" \/>\n<meta property=\"article:publisher\" content=\"https:\/\/facebook.com\/KonroGrillCom\" \/>\n<meta property=\"article:modified_time\" content=\"2023-09-19T07:50:42+00:00\" \/>\n<meta property=\"og:image\" content=\"https:\/\/konro-grill.com\/wp-content\/uploads\/2023\/09\/FEUERMEISTER-BBQ-handschoenen-Kamado-Express-1.jpg\" \/>\n\t<meta property=\"og:image:width\" content=\"800\" \/>\n\t<meta property=\"og:image:height\" content=\"533\" \/>\n\t<meta property=\"og:image:type\" content=\"image\/jpeg\" \/>\n<meta name=\"twitter:card\" content=\"summary_large_image\" \/>\n<meta name=\"twitter:label1\" content=\"Tiempo de lectura\" \/>\n\t<meta name=\"twitter:data1\" content=\"4 minutos\" \/>\n<script type=\"application\/ld+json\" class=\"yoast-schema-graph\">{\"@context\":\"https:\\\/\\\/schema.org\",\"@graph\":[{\"@type\":\"WebPage\",\"@id\":\"https:\\\/\\\/konro-grill.com\\\/bbq-handschoenen\\\/\",\"url\":\"https:\\\/\\\/konro-grill.com\\\/bbq-handschoenen\\\/\",\"name\":\"BBQ handschoenen | Konro Grill\",\"isPartOf\":{\"@id\":\"https:\\\/\\\/konro-grill.com\\\/#website\"},\"primaryImageOfPage\":{\"@id\":\"https:\\\/\\\/konro-grill.com\\\/bbq-handschoenen\\\/#primaryimage\"},\"image\":{\"@id\":\"https:\\\/\\\/konro-grill.com\\\/bbq-handschoenen\\\/#primaryimage\"},\"thumbnailUrl\":\"https:\\\/\\\/konro-grill.com\\\/wp-content\\\/uploads\\\/2023\\\/09\\\/FEUERMEISTER-BBQ-handschoenen-Kamado-Express-1.jpg\",\"datePublished\":\"2023-09-19T07:30:01+00:00\",\"dateModified\":\"2023-09-19T07:50:42+00:00\",\"description\":\"Met de juiste BBQ handschoenen ga je altijd veilig te werk op je Konro Grill. Bekijk de verschillende modellen en maten in onze webshop!\",\"breadcrumb\":{\"@id\":\"https:\\\/\\\/konro-grill.com\\\/bbq-handschoenen\\\/#breadcrumb\"},\"inLanguage\":\"es\",\"potentialAction\":[{\"@type\":\"ReadAction\",\"target\":[\"https:\\\/\\\/konro-grill.com\\\/bbq-handschoenen\\\/\"]}]},{\"@type\":\"ImageObject\",\"inLanguage\":\"es\",\"@id\":\"https:\\\/\\\/konro-grill.com\\\/bbq-handschoenen\\\/#primaryimage\",\"url\":\"https:\\\/\\\/konro-grill.com\\\/wp-content\\\/uploads\\\/2023\\\/09\\\/FEUERMEISTER-BBQ-handschoenen-Kamado-Express-1.jpg\",\"contentUrl\":\"https:\\\/\\\/konro-grill.com\\\/wp-content\\\/uploads\\\/2023\\\/09\\\/FEUERMEISTER-BBQ-handschoenen-Kamado-Express-1.jpg\",\"width\":800,\"height\":533,\"caption\":\"BBQ handschoenen\"},{\"@type\":\"BreadcrumbList\",\"@id\":\"https:\\\/\\\/konro-grill.com\\\/bbq-handschoenen\\\/#breadcrumb\",\"itemListElement\":[{\"@type\":\"ListItem\",\"position\":1,\"name\":\"Home\",\"item\":\"https:\\\/\\\/konro-grill.com\\\/\"},{\"@type\":\"ListItem\",\"position\":2,\"name\":\"BBQ handschoenen\"}]},{\"@type\":\"WebSite\",\"@id\":\"https:\\\/\\\/konro-grill.com\\\/#website\",\"url\":\"https:\\\/\\\/konro-grill.com\\\/\",\"name\":\"Konro Grill\",\"description\":\"Konro Grill, de Grootste Japanse BBQ Specialist\",\"publisher\":{\"@id\":\"https:\\\/\\\/konro-grill.com\\\/#organization\"},\"potentialAction\":[{\"@type\":\"SearchAction\",\"target\":{\"@type\":\"EntryPoint\",\"urlTemplate\":\"https:\\\/\\\/konro-grill.com\\\/?s={search_term_string}\"},\"query-input\":{\"@type\":\"PropertyValueSpecification\",\"valueRequired\":true,\"valueName\":\"search_term_string\"}}],\"inLanguage\":\"es\"},{\"@type\":\"Organization\",\"@id\":\"https:\\\/\\\/konro-grill.com\\\/#organization\",\"name\":\"Konro Grill\",\"url\":\"https:\\\/\\\/konro-grill.com\\\/\",\"logo\":{\"@type\":\"ImageObject\",\"inLanguage\":\"es\",\"@id\":\"https:\\\/\\\/konro-grill.com\\\/#\\\/schema\\\/logo\\\/image\\\/\",\"url\":\"https:\\\/\\\/konro-grill.com\\\/wp-content\\\/uploads\\\/2021\\\/10\\\/konro-grill-logo.png\",\"contentUrl\":\"https:\\\/\\\/konro-grill.com\\\/wp-content\\\/uploads\\\/2021\\\/10\\\/konro-grill-logo.png\",\"width\":650,\"height\":80,\"caption\":\"Konro Grill\"},\"image\":{\"@id\":\"https:\\\/\\\/konro-grill.com\\\/#\\\/schema\\\/logo\\\/image\\\/\"},\"sameAs\":[\"https:\\\/\\\/facebook.com\\\/KonroGrillCom\",\"https:\\\/\\\/www.instagram.com\\\/konrogrillcom\\\/\"]}]}<\/script>\n<!-- \/ Yoast SEO plugin. -->","yoast_head_json":{"title":"Guantes de barbacoa | Konro Grill","description":"Con los guantes para barbacoa adecuados, trabajar\u00e1 siempre con seguridad en su parrilla Konro. Eche un vistazo a los diferentes modelos y tama\u00f1os en nuestra tienda online.","robots":{"index":"index","follow":"follow","max-snippet":"max-snippet:-1","max-image-preview":"max-image-preview:large","max-video-preview":"max-video-preview:-1"},"canonical":"https:\/\/konro-grill.com\/es\/guantes-para-barbacoa\/","og_locale":"es_ES","og_type":"article","og_title":"BBQ handschoenen | Konro Grill","og_description":"Met de juiste BBQ handschoenen ga je altijd veilig te werk op je Konro Grill. Bekijk de verschillende modellen en maten in onze webshop!","og_url":"https:\/\/konro-grill.com\/es\/guantes-para-barbacoa\/","og_site_name":"Konro Grill, de grootste Japanse BBQ specialist","article_publisher":"https:\/\/facebook.com\/KonroGrillCom","article_modified_time":"2023-09-19T07:50:42+00:00","og_image":[{"width":800,"height":533,"url":"https:\/\/konro-grill.com\/wp-content\/uploads\/2023\/09\/FEUERMEISTER-BBQ-handschoenen-Kamado-Express-1.jpg","type":"image\/jpeg"}],"twitter_card":"summary_large_image","twitter_misc":{"Tiempo de lectura":"4 minutos"},"schema":{"@context":"https:\/\/schema.org","@graph":[{"@type":"WebPage","@id":"https:\/\/konro-grill.com\/bbq-handschoenen\/","url":"https:\/\/konro-grill.com\/bbq-handschoenen\/","name":"Guantes de barbacoa | Konro Grill","isPartOf":{"@id":"https:\/\/konro-grill.com\/#website"},"primaryImageOfPage":{"@id":"https:\/\/konro-grill.com\/bbq-handschoenen\/#primaryimage"},"image":{"@id":"https:\/\/konro-grill.com\/bbq-handschoenen\/#primaryimage"},"thumbnailUrl":"https:\/\/konro-grill.com\/wp-content\/uploads\/2023\/09\/FEUERMEISTER-BBQ-handschoenen-Kamado-Express-1.jpg","datePublished":"2023-09-19T07:30:01+00:00","dateModified":"2023-09-19T07:50:42+00:00","description":"Con los guantes para barbacoa adecuados, trabajar\u00e1 siempre con seguridad en su parrilla Konro. Eche un vistazo a los diferentes modelos y tama\u00f1os en nuestra tienda online.","breadcrumb":{"@id":"https:\/\/konro-grill.com\/bbq-handschoenen\/#breadcrumb"},"inLanguage":"es","potentialAction":[{"@type":"ReadAction","target":["https:\/\/konro-grill.com\/bbq-handschoenen\/"]}]},{"@type":"ImageObject","inLanguage":"es","@id":"https:\/\/konro-grill.com\/bbq-handschoenen\/#primaryimage","url":"https:\/\/konro-grill.com\/wp-content\/uploads\/2023\/09\/FEUERMEISTER-BBQ-handschoenen-Kamado-Express-1.jpg","contentUrl":"https:\/\/konro-grill.com\/wp-content\/uploads\/2023\/09\/FEUERMEISTER-BBQ-handschoenen-Kamado-Express-1.jpg","width":800,"height":533,"caption":"BBQ handschoenen"},{"@type":"BreadcrumbList","@id":"https:\/\/konro-grill.com\/bbq-handschoenen\/#breadcrumb","itemListElement":[{"@type":"ListItem","position":1,"name":"Home","item":"https:\/\/konro-grill.com\/"},{"@type":"ListItem","position":2,"name":"BBQ handschoenen"}]},{"@type":"WebSite","@id":"https:\/\/konro-grill.com\/#website","url":"https:\/\/konro-grill.com\/","name":"Parrilla Konro","description":"Konro Grill, el mayor especialista en barbacoa japonesa","publisher":{"@id":"https:\/\/konro-grill.com\/#organization"},"potentialAction":[{"@type":"SearchAction","target":{"@type":"EntryPoint","urlTemplate":"https:\/\/konro-grill.com\/?s={search_term_string}"},"query-input":{"@type":"PropertyValueSpecification","valueRequired":true,"valueName":"search_term_string"}}],"inLanguage":"es"},{"@type":"Organization","@id":"https:\/\/konro-grill.com\/#organization","name":"Parrilla Konro","url":"https:\/\/konro-grill.com\/","logo":{"@type":"ImageObject","inLanguage":"es","@id":"https:\/\/konro-grill.com\/#\/schema\/logo\/image\/","url":"https:\/\/konro-grill.com\/wp-content\/uploads\/2021\/10\/konro-grill-logo.png","contentUrl":"https:\/\/konro-grill.com\/wp-content\/uploads\/2021\/10\/konro-grill-logo.png","width":650,"height":80,"caption":"Konro Grill"},"image":{"@id":"https:\/\/konro-grill.com\/#\/schema\/logo\/image\/"},"sameAs":["https:\/\/facebook.com\/KonroGrillCom","https:\/\/www.instagram.com\/konrogrillcom\/"]}]}},"_links":{"self":[{"href":"https:\/\/konro-grill.com\/es\/wp-json\/wp\/v2\/pages\/3878","targetHints":{"allow":["GET"]}}],"collection":[{"href":"https:\/\/konro-grill.com\/es\/wp-json\/wp\/v2\/pages"}],"about":[{"href":"https:\/\/konro-grill.com\/es\/wp-json\/wp\/v2\/types\/page"}],"author":[{"embeddable":true,"href":"https:\/\/konro-grill.com\/es\/wp-json\/wp\/v2\/users\/1"}],"replies":[{"embeddable":true,"href":"https:\/\/konro-grill.com\/es\/wp-json\/wp\/v2\/comments?post=3878"}],"version-history":[{"count":4,"href":"https:\/\/konro-grill.com\/es\/wp-json\/wp\/v2\/pages\/3878\/revisions"}],"predecessor-version":[{"id":3883,"href":"https:\/\/konro-grill.com\/es\/wp-json\/wp\/v2\/pages\/3878\/revisions\/3883"}],"wp:featuredmedia":[{"embeddable":true,"href":"https:\/\/konro-grill.com\/es\/wp-json\/wp\/v2\/media\/3880"}],"wp:attachment":[{"href":"https:\/\/konro-grill.com\/es\/wp-json\/wp\/v2\/media?parent=3878"}],"curies":[{"name":"wp","href":"https:\/\/api.w.org\/{rel}","templated":true}]}}