{"id":4565,"date":"2023-11-09T14:00:00","date_gmt":"2023-11-09T13:00:00","guid":{"rendered":"https:\/\/konro-grill.com\/retourneren-2\/"},"modified":"2023-11-16T15:29:37","modified_gmt":"2023-11-16T14:29:37","slug":"condiciones-de-actuacion","status":"publish","type":"page","link":"https:\/\/konro-grill.com\/es\/condiciones-de-actuacion\/","title":{"rendered":"Condiciones de la promoci\u00f3n"},"content":{"rendered":"<div class=\"wpb-content-wrapper\"><div class=\"vc_row wpb_row vc_row-fluid site-doc-row wpex-vc-full-width-row wpex-vc-full-width-row--centered wpex-relative\"><div class=\"wpb_column vc_column_container vc_col-sm-12\"><div class=\"vc_column-inner\"><div class=\"wpb_wrapper\">\n\t<div class=\"wpb_text_column wpb_content_element site-doc-blok\" >\n\t\t<div class=\"wpb_wrapper\">\n\t\t\t<h1>Condiciones de la promoci\u00f3n<\/h1>\n\n\t\t<\/div>\n\t<\/div>\n<div class=\"vcex-module vcex-post-type-grid-wrap wpex-clr wpex-mb-20 aanbiedingen-grid site-doc-blok\"><div class=\"wpex-row vcex-post-type-grid entries wpex-clr gap-40\"><div class=\"vcex-post-type-entry vcex-grid-item wpex-clr col span_1_of_1 col-1 entry post-4563 type-acties has-media\"><div class=\"vcex-post-type-entry-inner entry-inner wpex-first-mt-0 wpex-last-mb-0 wpex-clr\"><div class=\"vcex-post-type-entry-media entry-media wpex-relative\"><img width=\"1500\" height=\"375\" src=\"https:\/\/konro-grill.com\/wp-content\/uploads\/2023\/11\/blackweeksheader.png\" class=\"vcex-blog-entry-img wpex-align-middle\" alt=\"\" loading=\"lazy\" decoding=\"async\" srcset=\"https:\/\/konro-grill.com\/wp-content\/uploads\/2023\/11\/blackweeksheader.png 1500w, https:\/\/konro-grill.com\/wp-content\/uploads\/2023\/11\/blackweeksheader-300x75.png 300w, https:\/\/konro-grill.com\/wp-content\/uploads\/2023\/11\/blackweeksheader-1024x256.png 1024w, https:\/\/konro-grill.com\/wp-content\/uploads\/2023\/11\/blackweeksheader-768x192.png 768w, https:\/\/konro-grill.com\/wp-content\/uploads\/2023\/11\/blackweeksheader-24x6.png 24w, https:\/\/konro-grill.com\/wp-content\/uploads\/2023\/11\/blackweeksheader-36x9.png 36w, https:\/\/konro-grill.com\/wp-content\/uploads\/2023\/11\/blackweeksheader-48x12.png 48w, https:\/\/konro-grill.com\/wp-content\/uploads\/2023\/11\/blackweeksheader-600x150.png 600w\" sizes=\"auto, (max-width: 1500px) 100vw, 1500px\" \/><\/div><div class=\"vcex-post-type-entry-details entry-details wpex-bordered wpex-p-20 wpex-first-mt-0 wpex-last-mb-0 wpex-clr\"><h2 class=\"vcex-post-type-entry-title entry-title wpex-mb-5\">Semanas negras<\/h2><div class=\"vcex-post-type-entry-excerpt entry-excerpt wpex-my-15 wpex-text-pretty wpex-last-mb-0 wpex-clr\"><div class=\"wpb-content-wrapper\"><div class=\"vc_row wpb_row vc_row-fluid wpex-relative\"><div class=\"wpb_column vc_column_container vc_col-sm-12\"><div class=\"vc_column-inner\"><div class=\"wpb_wrapper\">\n\t<div class=\"wpb_text_column wpb_content_element\" >\n\t\t<div class=\"wpb_wrapper\">\n\t\t\t<p>10% de descuento en casi todo: Parrillas Konro, accesorios, condimentos y binchotan. Lee las condiciones de la promoci\u00f3n.<\/p>\n<h4>Condiciones de la promoci\u00f3n Semanas Negras:<\/h4>\n<p>- La promoci\u00f3n es v\u00e1lida del 17 al 27 de noviembre de 2023.<br \/>\n- El descuento se calcula a partir del precio de venta recomendado.<br \/>\n- El descuento de las SEMANAS NEGRAS pasa a ser <strong>autom\u00e1tico<\/strong> procesado en la cesta de la compra con c\u00f3digo de descuento <strong>NEGRO10<\/strong>.<br \/>\n- \u00a1Hasta fin de existencias! ON = ENCENDIDO.<br \/>\n- Tus compras no se pueden entregar en una fecha posterior. No mantenemos los productos comprados en stock para ti m\u00e1s tiempo del necesario.<\/p>\n<h4>Condiciones de entrega Semanas Negras<\/h4>\n<p>- \u00a1HAZ TU PEDIDO A TIEMPO!<br \/>\n- Ten en cuenta que los plazos de entrega son m\u00e1s largos.<br \/>\n- Durante el periodo promocional, la entrega puede tardar m\u00e1s de lo habitual debido a las horas punta. Te pedimos disculpas de antemano, haremos todo lo posible por ti.<\/p>\n<p><em>Konrogrill.com puede, a su entera discreci\u00f3n y sin previo aviso, enmendar o modificar estos t\u00e9rminos y condiciones promocionales durante el periodo promocional o enmendar o modificar la promoci\u00f3n sin dar ninguna raz\u00f3n. Reservado el derecho a errores tipogr\u00e1ficos y de impresi\u00f3n.<\/em><\/p>\n<h4>Productos y servicios excluidos:<\/h4>\n<ul>\n<li>Gur\u00fa de la parrilla<\/li>\n<li>Libros de cocina<\/li>\n<li>Tomasu<\/li>\n<li>Liquidaci\u00f3n<\/li>\n<li>Productos THT<\/li>\n<\/ul>\n\n\t\t<\/div>\n\t<\/div>\n<\/div><\/div><\/div><\/div>\n<\/div><\/div><\/div><\/div><\/div><\/div><\/div><\/div><\/div><\/div><\/div>\n<\/div>","protected":false},"excerpt":{"rendered":"10% de descuento en casi todo: Parrillas Konro, accesorios, condimentos y binchotan. Lee las condiciones de la promoci\u00f3n. T\u00e9rminos y condiciones de la promoci\u00f3n Semanas Negras: - La promoci\u00f3n es v\u00e1lida del 17 al 27 de noviembre de 2023. - El descuento se calcula a partir del precio de venta recomendado. - El descuento de las SEMANAS NEGRAS se procesa autom\u00e1ticamente en la cesta de la compra con el c\u00f3digo de descuento BLACK10. - \u00a1Hasta agotar existencias! EN =...","protected":false},"author":49,"featured_media":0,"parent":0,"menu_order":0,"comment_status":"closed","ping_status":"closed","template":"","meta":{"inline_featured_image":false,"footnotes":""},"class_list":["post-4565","page","type-page","status-publish","hentry","entry","has-media"],"yoast_head":"<!-- This site is optimized with the Yoast SEO plugin v27.3 - https:\/\/yoast.com\/product\/yoast-seo-wordpress\/ -->\n<title>Actievoorwaarden | Konro Grill, de grootste Japanse BBQ specialist<\/title>\n<meta name=\"robots\" content=\"index, follow, max-snippet:-1, max-image-preview:large, max-video-preview:-1\" \/>\n<link rel=\"canonical\" href=\"https:\/\/konro-grill.com\/es\/condiciones-de-actuacion\/\" \/>\n<meta property=\"og:locale\" content=\"es_ES\" \/>\n<meta property=\"og:type\" content=\"article\" \/>\n<meta property=\"og:title\" content=\"Actievoorwaarden | Konro Grill, de grootste Japanse BBQ specialist\" \/>\n<meta property=\"og:url\" content=\"https:\/\/konro-grill.com\/es\/condiciones-de-actuacion\/\" \/>\n<meta property=\"og:site_name\" content=\"Konro Grill, de grootste Japanse BBQ specialist\" \/>\n<meta property=\"article:publisher\" content=\"https:\/\/facebook.com\/KonroGrillCom\" \/>\n<meta property=\"article:modified_time\" content=\"2023-11-16T14:29:37+00:00\" \/>\n<meta property=\"og:image\" content=\"https:\/\/konro-grill.com\/wp-content\/uploads\/2026\/03\/Konro-Grill-Logo-1.jpg\" \/>\n\t<meta property=\"og:image:width\" content=\"1200\" \/>\n\t<meta property=\"og:image:height\" content=\"675\" \/>\n\t<meta property=\"og:image:type\" content=\"image\/jpeg\" \/>\n<meta name=\"twitter:card\" content=\"summary_large_image\" \/>\n<meta name=\"twitter:label1\" content=\"Tiempo de lectura\" \/>\n\t<meta name=\"twitter:data1\" content=\"1 minuto\" \/>\n<script type=\"application\/ld+json\" class=\"yoast-schema-graph\">{\"@context\":\"https:\\\/\\\/schema.org\",\"@graph\":[{\"@type\":\"WebPage\",\"@id\":\"https:\\\/\\\/konro-grill.com\\\/actievoorwaarden\\\/\",\"url\":\"https:\\\/\\\/konro-grill.com\\\/actievoorwaarden\\\/\",\"name\":\"Actievoorwaarden | Konro Grill, de grootste Japanse BBQ specialist\",\"isPartOf\":{\"@id\":\"https:\\\/\\\/konro-grill.com\\\/#website\"},\"datePublished\":\"2023-11-09T13:00:00+00:00\",\"dateModified\":\"2023-11-16T14:29:37+00:00\",\"breadcrumb\":{\"@id\":\"https:\\\/\\\/konro-grill.com\\\/actievoorwaarden\\\/#breadcrumb\"},\"inLanguage\":\"es\",\"potentialAction\":[{\"@type\":\"ReadAction\",\"target\":[\"https:\\\/\\\/konro-grill.com\\\/actievoorwaarden\\\/\"]}]},{\"@type\":\"BreadcrumbList\",\"@id\":\"https:\\\/\\\/konro-grill.com\\\/actievoorwaarden\\\/#breadcrumb\",\"itemListElement\":[{\"@type\":\"ListItem\",\"position\":1,\"name\":\"Home\",\"item\":\"https:\\\/\\\/konro-grill.com\\\/\"},{\"@type\":\"ListItem\",\"position\":2,\"name\":\"Actievoorwaarden\"}]},{\"@type\":\"WebSite\",\"@id\":\"https:\\\/\\\/konro-grill.com\\\/#website\",\"url\":\"https:\\\/\\\/konro-grill.com\\\/\",\"name\":\"Konro Grill\",\"description\":\"Konro Grill, de Grootste Japanse BBQ Specialist\",\"publisher\":{\"@id\":\"https:\\\/\\\/konro-grill.com\\\/#organization\"},\"potentialAction\":[{\"@type\":\"SearchAction\",\"target\":{\"@type\":\"EntryPoint\",\"urlTemplate\":\"https:\\\/\\\/konro-grill.com\\\/?s={search_term_string}\"},\"query-input\":{\"@type\":\"PropertyValueSpecification\",\"valueRequired\":true,\"valueName\":\"search_term_string\"}}],\"inLanguage\":\"es\"},{\"@type\":\"Organization\",\"@id\":\"https:\\\/\\\/konro-grill.com\\\/#organization\",\"name\":\"Konro Grill\",\"url\":\"https:\\\/\\\/konro-grill.com\\\/\",\"logo\":{\"@type\":\"ImageObject\",\"inLanguage\":\"es\",\"@id\":\"https:\\\/\\\/konro-grill.com\\\/#\\\/schema\\\/logo\\\/image\\\/\",\"url\":\"https:\\\/\\\/konro-grill.com\\\/wp-content\\\/uploads\\\/2021\\\/10\\\/konro-grill-logo.png\",\"contentUrl\":\"https:\\\/\\\/konro-grill.com\\\/wp-content\\\/uploads\\\/2021\\\/10\\\/konro-grill-logo.png\",\"width\":650,\"height\":80,\"caption\":\"Konro Grill\"},\"image\":{\"@id\":\"https:\\\/\\\/konro-grill.com\\\/#\\\/schema\\\/logo\\\/image\\\/\"},\"sameAs\":[\"https:\\\/\\\/facebook.com\\\/KonroGrillCom\",\"https:\\\/\\\/www.instagram.com\\\/konrogrillcom\\\/\"]}]}<\/script>\n<!-- \/ Yoast SEO plugin. -->","yoast_head_json":{"title":"Condiciones de la promoci\u00f3n | Konro Grill, el mayor especialista en barbacoas japonesas","robots":{"index":"index","follow":"follow","max-snippet":"max-snippet:-1","max-image-preview":"max-image-preview:large","max-video-preview":"max-video-preview:-1"},"canonical":"https:\/\/konro-grill.com\/es\/condiciones-de-actuacion\/","og_locale":"es_ES","og_type":"article","og_title":"Actievoorwaarden | Konro Grill, de grootste Japanse BBQ specialist","og_url":"https:\/\/konro-grill.com\/es\/condiciones-de-actuacion\/","og_site_name":"Konro Grill, de grootste Japanse BBQ specialist","article_publisher":"https:\/\/facebook.com\/KonroGrillCom","article_modified_time":"2023-11-16T14:29:37+00:00","og_image":[{"width":1200,"height":675,"url":"https:\/\/konro-grill.com\/wp-content\/uploads\/2026\/03\/Konro-Grill-Logo-1.jpg","type":"image\/jpeg"}],"twitter_card":"summary_large_image","twitter_misc":{"Tiempo de lectura":"1 minuto"},"schema":{"@context":"https:\/\/schema.org","@graph":[{"@type":"WebPage","@id":"https:\/\/konro-grill.com\/actievoorwaarden\/","url":"https:\/\/konro-grill.com\/actievoorwaarden\/","name":"Condiciones de la promoci\u00f3n | Konro Grill, el mayor especialista en barbacoas japonesas","isPartOf":{"@id":"https:\/\/konro-grill.com\/#website"},"datePublished":"2023-11-09T13:00:00+00:00","dateModified":"2023-11-16T14:29:37+00:00","breadcrumb":{"@id":"https:\/\/konro-grill.com\/actievoorwaarden\/#breadcrumb"},"inLanguage":"es","potentialAction":[{"@type":"ReadAction","target":["https:\/\/konro-grill.com\/actievoorwaarden\/"]}]},{"@type":"BreadcrumbList","@id":"https:\/\/konro-grill.com\/actievoorwaarden\/#breadcrumb","itemListElement":[{"@type":"ListItem","position":1,"name":"Home","item":"https:\/\/konro-grill.com\/"},{"@type":"ListItem","position":2,"name":"Actievoorwaarden"}]},{"@type":"WebSite","@id":"https:\/\/konro-grill.com\/#website","url":"https:\/\/konro-grill.com\/","name":"Parrilla Konro","description":"Konro Grill, el mayor especialista en barbacoa japonesa","publisher":{"@id":"https:\/\/konro-grill.com\/#organization"},"potentialAction":[{"@type":"SearchAction","target":{"@type":"EntryPoint","urlTemplate":"https:\/\/konro-grill.com\/?s={search_term_string}"},"query-input":{"@type":"PropertyValueSpecification","valueRequired":true,"valueName":"search_term_string"}}],"inLanguage":"es"},{"@type":"Organization","@id":"https:\/\/konro-grill.com\/#organization","name":"Parrilla Konro","url":"https:\/\/konro-grill.com\/","logo":{"@type":"ImageObject","inLanguage":"es","@id":"https:\/\/konro-grill.com\/#\/schema\/logo\/image\/","url":"https:\/\/konro-grill.com\/wp-content\/uploads\/2021\/10\/konro-grill-logo.png","contentUrl":"https:\/\/konro-grill.com\/wp-content\/uploads\/2021\/10\/konro-grill-logo.png","width":650,"height":80,"caption":"Konro Grill"},"image":{"@id":"https:\/\/konro-grill.com\/#\/schema\/logo\/image\/"},"sameAs":["https:\/\/facebook.com\/KonroGrillCom","https:\/\/www.instagram.com\/konrogrillcom\/"]}]}},"_links":{"self":[{"href":"https:\/\/konro-grill.com\/es\/wp-json\/wp\/v2\/pages\/4565","targetHints":{"allow":["GET"]}}],"collection":[{"href":"https:\/\/konro-grill.com\/es\/wp-json\/wp\/v2\/pages"}],"about":[{"href":"https:\/\/konro-grill.com\/es\/wp-json\/wp\/v2\/types\/page"}],"author":[{"embeddable":true,"href":"https:\/\/konro-grill.com\/es\/wp-json\/wp\/v2\/users\/49"}],"replies":[{"embeddable":true,"href":"https:\/\/konro-grill.com\/es\/wp-json\/wp\/v2\/comments?post=4565"}],"version-history":[{"count":6,"href":"https:\/\/konro-grill.com\/es\/wp-json\/wp\/v2\/pages\/4565\/revisions"}],"predecessor-version":[{"id":4593,"href":"https:\/\/konro-grill.com\/es\/wp-json\/wp\/v2\/pages\/4565\/revisions\/4593"}],"wp:attachment":[{"href":"https:\/\/konro-grill.com\/es\/wp-json\/wp\/v2\/media?parent=4565"}],"curies":[{"name":"wp","href":"https:\/\/api.w.org\/{rel}","templated":true}]}}