{"id":7907,"date":"2025-02-06T14:13:19","date_gmt":"2025-02-06T13:13:19","guid":{"rendered":"https:\/\/konro-grill.com\/?page_id=7907"},"modified":"2025-02-06T14:24:47","modified_gmt":"2025-02-06T13:24:47","slug":"termometros","status":"publish","type":"page","link":"https:\/\/konro-grill.com\/es\/termometros\/","title":{"rendered":"Term\u00f3metros"},"content":{"rendered":"<div class=\"wpb-content-wrapper\"><div class=\"vc_row wpb_row vc_row-fluid pagina-header-row vc_row-o-equal-height vc_row-o-content-middle vc_row-flex wpex-relative\" style=\"min-height:450px;\"><div class=\"wpb_column pagina-header-row-image-overlay vc_column_container vc_col-sm-6 wpex-vc_col-has-fill\"><div style=\"background-image:url(https:\/\/konro-grill.com\/wp-content\/uploads\/2025\/02\/Konro-Grill-Thermometers.jpg)!important;\" class=\"vc_column-inner vc_custom_1738847619166\"><div class=\"wpb_wrapper\">\n\t<div class=\"wpb_text_column wpb_content_element diapositief textcenter\" >\n\t\t<div class=\"wpb_wrapper\">\n\t\t\t<h1 style=\"text-align: center;\">Term\u00f3metros<\/h1>\n\n\t\t<\/div>\n\t<\/div>\n<\/div><\/div><\/div><div class=\"wpb_column vc_column_container vc_col-sm-6\"><div class=\"vc_column-inner\"><div class=\"wpb_wrapper\">\n\t<div class=\"wpb_text_column wpb_content_element breedte-600\" >\n\t\t<div class=\"wpb_wrapper\">\n\t\t\t<h2>\u00a1Accesorio esencial para una preparaci\u00f3n adecuada!<\/h2>\n<p>Un buen term\u00f3metro es indispensable para asar en un grill Konro. Con una medici\u00f3n precisa de la temperatura, podr\u00e1s cocinar carne, pescado y verduras a la perfecci\u00f3n.<\/p>\n\n\t\t<\/div>\n\t<\/div>\n<\/div><\/div><\/div><\/div><div class=\"vc_row wpb_row vc_row-fluid product-row more-spacing filter-row vc_custom_1683726414962 wpex-relative\"><div class=\"wpb_column vc_column_container vc_col-sm-12\"><div class=\"vc_column-inner\"><div class=\"wpb_wrapper\">\n\t<div class=\"wpb_text_column wpb_content_element\" >\n\t\t<div class=\"wpb_wrapper\">\n\t\t\t<div class=\"woocommerce columns-3\"><\/div>\n\n\t\t<\/div>\n\t<\/div>\n<\/div><\/div><\/div><\/div>\n<\/div>","protected":false},"excerpt":{"rendered":"Term\u00f3metros \u00a1Accesorio imprescindible para cocinar bien! Un buen term\u00f3metro es indispensable para cocinar a la parrilla en un grill Konro. Con una medici\u00f3n precisa de la temperatura, podr\u00e1s cocinar carne, pescado y verduras a la perfecci\u00f3n.","protected":false},"author":49,"featured_media":7914,"parent":0,"menu_order":0,"comment_status":"closed","ping_status":"closed","template":"","meta":{"inline_featured_image":false,"footnotes":""},"class_list":["post-7907","page","type-page","status-publish","has-post-thumbnail","hentry","entry","has-media"],"yoast_head":"<!-- This site is optimized with the Yoast SEO plugin v27.3 - https:\/\/yoast.com\/product\/yoast-seo-wordpress\/ -->\n<title>Thermometer, bestel bij Europa&#039;s grootste Japanse BBQ specialist!<\/title>\n<meta name=\"description\" content=\"Voor de perfecte garing van jouw vlees, vis of groenten heb je een goede thermometer nodig. Verkrijgbaar bij de grootste Konro specialist.\" \/>\n<meta name=\"robots\" content=\"index, follow, max-snippet:-1, max-image-preview:large, max-video-preview:-1\" \/>\n<link rel=\"canonical\" href=\"https:\/\/konro-grill.com\/es\/termometros\/\" \/>\n<meta property=\"og:locale\" content=\"es_ES\" \/>\n<meta property=\"og:type\" content=\"article\" \/>\n<meta property=\"og:title\" content=\"Thermometer, bestel bij Europa&#039;s grootste Japanse BBQ specialist!\" \/>\n<meta property=\"og:description\" content=\"Voor de perfecte garing van jouw vlees, vis of groenten heb je een goede thermometer nodig. Verkrijgbaar bij de grootste Konro specialist.\" \/>\n<meta property=\"og:url\" content=\"https:\/\/konro-grill.com\/es\/termometros\/\" \/>\n<meta property=\"og:site_name\" content=\"Konro Grill, de grootste Japanse BBQ specialist\" \/>\n<meta property=\"article:publisher\" content=\"https:\/\/facebook.com\/KonroGrillCom\" \/>\n<meta property=\"article:modified_time\" content=\"2025-02-06T13:24:47+00:00\" \/>\n<meta property=\"og:image\" content=\"https:\/\/konro-grill.com\/wp-content\/uploads\/2025\/02\/Konro-Grill-Thermometers.jpg\" \/>\n\t<meta property=\"og:image:width\" content=\"800\" \/>\n\t<meta property=\"og:image:height\" content=\"533\" \/>\n\t<meta property=\"og:image:type\" content=\"image\/jpeg\" \/>\n<meta name=\"twitter:card\" content=\"summary_large_image\" \/>\n<meta name=\"twitter:label1\" content=\"Tiempo de lectura\" \/>\n\t<meta name=\"twitter:data1\" content=\"1 minuto\" \/>\n<script type=\"application\/ld+json\" class=\"yoast-schema-graph\">{\"@context\":\"https:\\\/\\\/schema.org\",\"@graph\":[{\"@type\":\"WebPage\",\"@id\":\"https:\\\/\\\/konro-grill.com\\\/thermometers\\\/\",\"url\":\"https:\\\/\\\/konro-grill.com\\\/thermometers\\\/\",\"name\":\"Thermometer, bestel bij Europa's grootste Japanse BBQ specialist!\",\"isPartOf\":{\"@id\":\"https:\\\/\\\/konro-grill.com\\\/#website\"},\"primaryImageOfPage\":{\"@id\":\"https:\\\/\\\/konro-grill.com\\\/thermometers\\\/#primaryimage\"},\"image\":{\"@id\":\"https:\\\/\\\/konro-grill.com\\\/thermometers\\\/#primaryimage\"},\"thumbnailUrl\":\"https:\\\/\\\/konro-grill.com\\\/wp-content\\\/uploads\\\/2025\\\/02\\\/Konro-Grill-Thermometers.jpg\",\"datePublished\":\"2025-02-06T13:13:19+00:00\",\"dateModified\":\"2025-02-06T13:24:47+00:00\",\"description\":\"Voor de perfecte garing van jouw vlees, vis of groenten heb je een goede thermometer nodig. Verkrijgbaar bij de grootste Konro specialist.\",\"breadcrumb\":{\"@id\":\"https:\\\/\\\/konro-grill.com\\\/thermometers\\\/#breadcrumb\"},\"inLanguage\":\"es\",\"potentialAction\":[{\"@type\":\"ReadAction\",\"target\":[\"https:\\\/\\\/konro-grill.com\\\/thermometers\\\/\"]}]},{\"@type\":\"ImageObject\",\"inLanguage\":\"es\",\"@id\":\"https:\\\/\\\/konro-grill.com\\\/thermometers\\\/#primaryimage\",\"url\":\"https:\\\/\\\/konro-grill.com\\\/wp-content\\\/uploads\\\/2025\\\/02\\\/Konro-Grill-Thermometers.jpg\",\"contentUrl\":\"https:\\\/\\\/konro-grill.com\\\/wp-content\\\/uploads\\\/2025\\\/02\\\/Konro-Grill-Thermometers.jpg\",\"width\":800,\"height\":533,\"caption\":\"Thermometers\"},{\"@type\":\"BreadcrumbList\",\"@id\":\"https:\\\/\\\/konro-grill.com\\\/thermometers\\\/#breadcrumb\",\"itemListElement\":[{\"@type\":\"ListItem\",\"position\":1,\"name\":\"Home\",\"item\":\"https:\\\/\\\/konro-grill.com\\\/\"},{\"@type\":\"ListItem\",\"position\":2,\"name\":\"Thermometers\"}]},{\"@type\":\"WebSite\",\"@id\":\"https:\\\/\\\/konro-grill.com\\\/#website\",\"url\":\"https:\\\/\\\/konro-grill.com\\\/\",\"name\":\"Konro Grill\",\"description\":\"Konro Grill, de Grootste Japanse BBQ Specialist\",\"publisher\":{\"@id\":\"https:\\\/\\\/konro-grill.com\\\/#organization\"},\"potentialAction\":[{\"@type\":\"SearchAction\",\"target\":{\"@type\":\"EntryPoint\",\"urlTemplate\":\"https:\\\/\\\/konro-grill.com\\\/?s={search_term_string}\"},\"query-input\":{\"@type\":\"PropertyValueSpecification\",\"valueRequired\":true,\"valueName\":\"search_term_string\"}}],\"inLanguage\":\"es\"},{\"@type\":\"Organization\",\"@id\":\"https:\\\/\\\/konro-grill.com\\\/#organization\",\"name\":\"Konro Grill\",\"url\":\"https:\\\/\\\/konro-grill.com\\\/\",\"logo\":{\"@type\":\"ImageObject\",\"inLanguage\":\"es\",\"@id\":\"https:\\\/\\\/konro-grill.com\\\/#\\\/schema\\\/logo\\\/image\\\/\",\"url\":\"https:\\\/\\\/konro-grill.com\\\/wp-content\\\/uploads\\\/2021\\\/10\\\/konro-grill-logo.png\",\"contentUrl\":\"https:\\\/\\\/konro-grill.com\\\/wp-content\\\/uploads\\\/2021\\\/10\\\/konro-grill-logo.png\",\"width\":650,\"height\":80,\"caption\":\"Konro Grill\"},\"image\":{\"@id\":\"https:\\\/\\\/konro-grill.com\\\/#\\\/schema\\\/logo\\\/image\\\/\"},\"sameAs\":[\"https:\\\/\\\/facebook.com\\\/KonroGrillCom\",\"https:\\\/\\\/www.instagram.com\\\/konrogrillcom\\\/\"]}]}<\/script>\n<!-- \/ Yoast SEO plugin. -->","yoast_head_json":{"title":"Term\u00f3metro, \u00a1haz tu pedido al mayor especialista en barbacoas japonesas de Europa!","description":"Para una cocci\u00f3n perfecta de tu carne, pescado o verduras, necesitas un buen term\u00f3metro. Disponible en el mayor especialista Konro.","robots":{"index":"index","follow":"follow","max-snippet":"max-snippet:-1","max-image-preview":"max-image-preview:large","max-video-preview":"max-video-preview:-1"},"canonical":"https:\/\/konro-grill.com\/es\/termometros\/","og_locale":"es_ES","og_type":"article","og_title":"Thermometer, bestel bij Europa's grootste Japanse BBQ specialist!","og_description":"Voor de perfecte garing van jouw vlees, vis of groenten heb je een goede thermometer nodig. Verkrijgbaar bij de grootste Konro specialist.","og_url":"https:\/\/konro-grill.com\/es\/termometros\/","og_site_name":"Konro Grill, de grootste Japanse BBQ specialist","article_publisher":"https:\/\/facebook.com\/KonroGrillCom","article_modified_time":"2025-02-06T13:24:47+00:00","og_image":[{"width":800,"height":533,"url":"https:\/\/konro-grill.com\/wp-content\/uploads\/2025\/02\/Konro-Grill-Thermometers.jpg","type":"image\/jpeg"}],"twitter_card":"summary_large_image","twitter_misc":{"Tiempo de lectura":"1 minuto"},"schema":{"@context":"https:\/\/schema.org","@graph":[{"@type":"WebPage","@id":"https:\/\/konro-grill.com\/thermometers\/","url":"https:\/\/konro-grill.com\/thermometers\/","name":"Term\u00f3metro, \u00a1haz tu pedido al mayor especialista en barbacoas japonesas de Europa!","isPartOf":{"@id":"https:\/\/konro-grill.com\/#website"},"primaryImageOfPage":{"@id":"https:\/\/konro-grill.com\/thermometers\/#primaryimage"},"image":{"@id":"https:\/\/konro-grill.com\/thermometers\/#primaryimage"},"thumbnailUrl":"https:\/\/konro-grill.com\/wp-content\/uploads\/2025\/02\/Konro-Grill-Thermometers.jpg","datePublished":"2025-02-06T13:13:19+00:00","dateModified":"2025-02-06T13:24:47+00:00","description":"Para una cocci\u00f3n perfecta de tu carne, pescado o verduras, necesitas un buen term\u00f3metro. Disponible en el mayor especialista Konro.","breadcrumb":{"@id":"https:\/\/konro-grill.com\/thermometers\/#breadcrumb"},"inLanguage":"es","potentialAction":[{"@type":"ReadAction","target":["https:\/\/konro-grill.com\/thermometers\/"]}]},{"@type":"ImageObject","inLanguage":"es","@id":"https:\/\/konro-grill.com\/thermometers\/#primaryimage","url":"https:\/\/konro-grill.com\/wp-content\/uploads\/2025\/02\/Konro-Grill-Thermometers.jpg","contentUrl":"https:\/\/konro-grill.com\/wp-content\/uploads\/2025\/02\/Konro-Grill-Thermometers.jpg","width":800,"height":533,"caption":"Thermometers"},{"@type":"BreadcrumbList","@id":"https:\/\/konro-grill.com\/thermometers\/#breadcrumb","itemListElement":[{"@type":"ListItem","position":1,"name":"Home","item":"https:\/\/konro-grill.com\/"},{"@type":"ListItem","position":2,"name":"Thermometers"}]},{"@type":"WebSite","@id":"https:\/\/konro-grill.com\/#website","url":"https:\/\/konro-grill.com\/","name":"Parrilla Konro","description":"Konro Grill, el mayor especialista en barbacoa japonesa","publisher":{"@id":"https:\/\/konro-grill.com\/#organization"},"potentialAction":[{"@type":"SearchAction","target":{"@type":"EntryPoint","urlTemplate":"https:\/\/konro-grill.com\/?s={search_term_string}"},"query-input":{"@type":"PropertyValueSpecification","valueRequired":true,"valueName":"search_term_string"}}],"inLanguage":"es"},{"@type":"Organization","@id":"https:\/\/konro-grill.com\/#organization","name":"Parrilla Konro","url":"https:\/\/konro-grill.com\/","logo":{"@type":"ImageObject","inLanguage":"es","@id":"https:\/\/konro-grill.com\/#\/schema\/logo\/image\/","url":"https:\/\/konro-grill.com\/wp-content\/uploads\/2021\/10\/konro-grill-logo.png","contentUrl":"https:\/\/konro-grill.com\/wp-content\/uploads\/2021\/10\/konro-grill-logo.png","width":650,"height":80,"caption":"Konro Grill"},"image":{"@id":"https:\/\/konro-grill.com\/#\/schema\/logo\/image\/"},"sameAs":["https:\/\/facebook.com\/KonroGrillCom","https:\/\/www.instagram.com\/konrogrillcom\/"]}]}},"_links":{"self":[{"href":"https:\/\/konro-grill.com\/es\/wp-json\/wp\/v2\/pages\/7907","targetHints":{"allow":["GET"]}}],"collection":[{"href":"https:\/\/konro-grill.com\/es\/wp-json\/wp\/v2\/pages"}],"about":[{"href":"https:\/\/konro-grill.com\/es\/wp-json\/wp\/v2\/types\/page"}],"author":[{"embeddable":true,"href":"https:\/\/konro-grill.com\/es\/wp-json\/wp\/v2\/users\/49"}],"replies":[{"embeddable":true,"href":"https:\/\/konro-grill.com\/es\/wp-json\/wp\/v2\/comments?post=7907"}],"version-history":[{"count":4,"href":"https:\/\/konro-grill.com\/es\/wp-json\/wp\/v2\/pages\/7907\/revisions"}],"predecessor-version":[{"id":7911,"href":"https:\/\/konro-grill.com\/es\/wp-json\/wp\/v2\/pages\/7907\/revisions\/7911"}],"wp:featuredmedia":[{"embeddable":true,"href":"https:\/\/konro-grill.com\/es\/wp-json\/wp\/v2\/media\/7914"}],"wp:attachment":[{"href":"https:\/\/konro-grill.com\/es\/wp-json\/wp\/v2\/media?parent=7907"}],"curies":[{"name":"wp","href":"https:\/\/api.w.org\/{rel}","templated":true}]}}