{"id":10009,"date":"2025-10-02T11:30:12","date_gmt":"2025-10-02T09:30:12","guid":{"rendered":"https:\/\/konro-grill.com\/?post_type=product&#038;p=10009"},"modified":"2026-04-22T10:28:06","modified_gmt":"2026-04-22T08:28:06","slug":"yakiniku-shichirin-medium-pro","status":"publish","type":"product","link":"https:\/\/konro-grill.com\/es\/producto\/yakiniku-shichirin-medium-pro\/","title":{"rendered":"YAKINIKU Shichirin Medio PRO"},"content":{"rendered":"<div class=\"wpb-content-wrapper\"><div class=\"vc_row wpb_row vc_row-fluid wpex-relative\"><div class=\"wpb_column vc_column_container vc_col-sm-12\"><div class=\"vc_column-inner\"><div class=\"wpb_wrapper\">\n\t<div class=\"wpb_text_column wpb_content_element\" >\n\t\t<div class=\"wpb_wrapper\">\n\t\t\t<h3>La \u00faltima parrilla japonesa de YAKINIKU, la Shichirin Medium PRO.<\/h3>\n<p>El Shichirin PRO rectangular es una interpretaci\u00f3n moderna de la parrilla japonesa tradicional. Con su elegante dise\u00f1o, robusta construcci\u00f3n y refinado acabado, destila artesan\u00eda y elegancia. Sus ingeniosos detalles garantizan una facilidad de uso \u00f3ptima y un rendimiento impresionante, haciendo que este grill destaque tanto por su estilo como por su funcionalidad. El dise\u00f1o de doble pared garantiza un flujo de aire \u00f3ptimo, lo que significa que puedes alcanzar altas temperaturas sin esfuerzo y preparar platos con a\u00fan m\u00e1s delicadeza y precisi\u00f3n. El cenicero extra\u00edble facilita la limpieza y la duradera cer\u00e1mica de dos piezas evita roturas y facilita cualquier reparaci\u00f3n.<\/p>\n<h3><\/h3>\n<h3>Flujo de aire \u00f3ptimo para una temperatura de combusti\u00f3n constante<\/h3>\n<p>El Pro Shichirin se distingue por un flujo de aire mejorado que garantiza una temperatura de cocci\u00f3n constante pero elevada, un elemento esencial para una cocci\u00f3n precisa y un aut\u00e9ntico sabor a barbacoa.<br \/>\n- Suministro equitativo de ox\u00edgeno: El suministro de aire se distribuye estrat\u00e9gicamente, manteniendo el calor estable y cocinando los platos por igual en todas partes. Este flujo de aire uniforme evita los puntos calientes y garantiza una temperatura uniforme.<br \/>\n- Suministro de ox\u00edgeno mejorado gracias a su dise\u00f1o de doble pared: Gracias a su dise\u00f1o de doble pared, el Shichirin tiene un suministro de ox\u00edgeno mayor y constante. Esta construcci\u00f3n facilita el mantenimiento de altas temperaturas, incluso durante largas sesiones de barbacoa.<br \/>\n- Menos ceniza volando alrededor: Se ha mejorado el suministro de aire para que ya no sea necesario soplar y soplar manualmente, lo que evita que las cenizas vuelen alrededor y garantiza un entorno de barbacoa m\u00e1s limpio y seguro.<\/p>\n<h3><\/h3>\n<h3>Sistema avanzado de flujo de aire<\/h3>\n<p>Versi\u00f3n mejorada del cl\u00e1sico Shichirin, el YAKINIKU Shichirin Pro destaca por su dise\u00f1o de alta calidad y su funcionalidad inteligente. Gracias a su avanzado sistema de flujo de aire, el Shichirin conserva el calor durante m\u00e1s tiempo, lo que tambi\u00e9n hace que el carb\u00f3n Binchotan arda durante mucho m\u00e1s tiempo.<\/p>\n<h3><\/h3>\n<h3>Bandeja de cenizas extra\u00edble para facilitar el mantenimiento<\/h3>\n<p>A diferencia de muchas parrillas tradicionales, esta Shichirin no requiere que le des la vuelta a todo el aparato para retirar las cenizas. El caj\u00f3n de las cenizas se extrae f\u00e1cilmente y se vac\u00eda en un santiam\u00e9n: \u00a1bueno y pr\u00e1ctico!<\/p>\n<h3><\/h3>\n<h3>Dise\u00f1o cer\u00e1mico duradero de dos piezas<\/h3>\n<p>El dise\u00f1o cer\u00e1mico de la Shichirin Pro consta de dos partes, lo que garantiza una distribuci\u00f3n \u00f3ptima del calor y menos tensi\u00f3n en el material. Esto evita roturas y la parrilla mantiene su estabilidad incluso a altas temperaturas.<\/p>\n<h3><\/h3>\n<h3>Dise\u00f1o \u00fanico: moderno respetando la tradici\u00f3n<\/h3>\n<p>Este Shichirin combina l\u00edneas modernas y limpias con un homenaje a la milenaria tradici\u00f3n japonesa de asar a la parrilla. El dise\u00f1o robusto y los sutiles detalles destilan clase y artesan\u00eda, haciendo que la parrilla no s\u00f3lo sea funcional, \u00a1sino tambi\u00e9n atractiva!<\/p>\n<p>Ten en cuenta que el YAKINIKU Shichirin Medium no es un grill original japon\u00e9s, este grill konro est\u00e1 fabricado en China. La calidad es buena para uso dom\u00e9stico, no recomendamos utilizar este grill profesionalmente.<\/p>\n<p>Ver todos <a href=\"https:\/\/konro-grill.com\/es\/accesorios-yakiniku-shichirin\/\">Accesorios Yakiniku Shichrin<\/a>.<\/p>\n\n\t\t<\/div>\n\t<\/div>\n<div class=\"vcex-spacing wpex-w-100 wpex-clear\" style=\"height:32px;\"><\/div><div class=\"templatera_shortcode\"><style type=\"text\/css\" data-type=\"vc_shortcodes-custom-css\">.vc_custom_1657802039208{margin-bottom: 0px !important;}<\/style><div class=\"vc_row wpb_row vc_row-fluid geschikt-voor-row-alt wpex-relative\"><div class=\"wpb_column vc_column_container vc_col-sm-12\"><div class=\"vc_column-inner vc_custom_1657802039208\"><div class=\"wpb_wrapper\">\n\t<div class=\"wpb_text_column wpb_content_element left\" >\n\t\t<div class=\"wpb_wrapper\">\n\t\t\t<h2 style=\"text-align: center;\">Esto es lo que puedes hacer con la parrilla Konro<\/h2>\n\n\t\t<\/div>\n\t<\/div>\n<div class=\"vc_row wpb_row vc_inner vc_row-fluid wpex-relative\"><div class=\"wpb_column vc_column_container vc_col-sm-4\"><div class=\"vc_column-inner\"><div class=\"wpb_wrapper\">\n\t<div  class=\"wpb_single_image wpb_content_element vc_align_center wpb_content_element  icon\">\n\t\t\n\t\t<figure class=\"wpb_wrapper vc_figure\">\n\t\t\t<div class=\"vc_single_image-wrapper   vc_box_border_grey\"><img width=\"1\" height=\"1\" src=\"https:\/\/konro-grill.com\/wp-content\/uploads\/2020\/11\/vlees.svg\" class=\"vc_single_image-img attachment-full\" alt=\"\" title=\"carne\" \/><\/div>\n\t\t<\/figure>\n\t<\/div>\n\n\t<div class=\"wpb_text_column wpb_content_element textcenter\" >\n\t\t<div class=\"wpb_wrapper\">\n\t\t\t<h3>Aves de corral y carne<\/h3>\n<p>Ase el pollo al estilo yakitori y chamusque las finas y tiernas lonchas de Wagyu.<\/p>\n\n\t\t<\/div>\n\t<\/div>\n<\/div><\/div><\/div><div class=\"wpb_column vc_column_container vc_col-sm-4\"><div class=\"vc_column-inner\"><div class=\"wpb_wrapper\">\n\t<div  class=\"wpb_single_image wpb_content_element vc_align_center wpb_content_element  icon\">\n\t\t\n\t\t<figure class=\"wpb_wrapper vc_figure\">\n\t\t\t<div class=\"vc_single_image-wrapper   vc_box_border_grey\"><img width=\"1\" height=\"1\" src=\"https:\/\/konro-grill.com\/wp-content\/uploads\/2020\/11\/vis.svg\" class=\"vc_single_image-img attachment-full\" alt=\"\" title=\"pescado\" \/><\/div>\n\t\t<\/figure>\n\t<\/div>\n\n\t<div class=\"wpb_text_column wpb_content_element textcenter\" >\n\t\t<div class=\"wpb_wrapper\">\n\t\t\t<h3>Pescado y marisco<\/h3>\n<p>Ase directamente el marisco o el pescado. \u00a1Delicioso! \u00a1Pruebe los sabores puros!<\/p>\n\n\t\t<\/div>\n\t<\/div>\n<\/div><\/div><\/div><div class=\"wpb_column vc_column_container vc_col-sm-4\"><div class=\"vc_column-inner\"><div class=\"wpb_wrapper\">\n\t<div  class=\"wpb_single_image wpb_content_element vc_align_center wpb_content_element  icon\">\n\t\t\n\t\t<figure class=\"wpb_wrapper vc_figure\">\n\t\t\t<div class=\"vc_single_image-wrapper   vc_box_border_grey\"><img width=\"1\" height=\"1\" src=\"https:\/\/konro-grill.com\/wp-content\/uploads\/2020\/11\/groente.svg\" class=\"vc_single_image-img attachment-full\" alt=\"\" title=\"verduras\" \/><\/div>\n\t\t<\/figure>\n\t<\/div>\n\n\t<div class=\"wpb_text_column wpb_content_element textcenter\" >\n\t\t<div class=\"wpb_wrapper\">\n\t\t\t<h3>Frutas y hortalizas<\/h3>\n<p>Asa verduras o incluso fruta. \u00a1L\u00e1quelo y sorpr\u00e9ndase de su sabor!<\/p>\n\n\t\t<\/div>\n\t<\/div>\n<\/div><\/div><\/div><\/div><\/div><\/div><\/div><\/div><\/div><\/div><\/div><\/div><\/div>\n<\/div>","protected":false},"excerpt":{"rendered":"<h2>El YAKINIKU Shichirin Medium PRO, nuevo modelo profesional.<\/h2>\n<p>La YAKINIKU Shichirin Medium PRO es la \u00faltima <strong>Estilo japon\u00e9s<\/strong> parrilla de mesa de YAKINIKU. Este modelo tiene mejor flujo de aire, es m\u00e1s f\u00e1cil de limpiar y tiene doble pared para controlar mejor la temperatura. <span style=\"background-color: var(--wpex-surface-1);\">Este Shichirin rectangular est\u00e1 fabricado en China con una mezcla de cuarzo y cordierita y tiene un <strong>superficie de asado de 39 x 21 cm<\/strong>. Este Shichirin es <strong>de 2 a 6 personas<\/strong>pesa <strong>12 kg<\/strong> y un<strong> plataforma de mesa de madera<\/strong> incluido.<\/span><\/p>","protected":false},"featured_media":10010,"template":"","meta":{"inline_featured_image":false},"product_brand":[],"product_cat":[20,425],"product_tag":[],"class_list":{"0":"post-10009","1":"product","2":"type-product","3":"status-publish","4":"has-post-thumbnail","6":"product_cat-konro-grills","7":"product_cat-yakiniku-grill","8":"entry","9":"has-media","11":"first","12":"instock","13":"sale","14":"taxable","15":"shipping-taxable","16":"purchasable","17":"product-type-simple"},"bundled_by":[],"bundle_stock_status":"instock","bundle_stock_quantity":9,"bundle_virtual":false,"bundle_layout":"","bundle_add_to_cart_form_location":"","bundle_editable_in_cart":false,"bundle_sold_individually_context":"","bundle_item_grouping":"","bundle_min_size":"","bundle_max_size":"","bundle_price":[],"bundled_items":[],"bundle_sell_ids":[3912,3195,8960,9007,3203,3209,3206,915,2519,9989],"yoast_head":"<!-- This site is optimized with the Yoast SEO plugin v27.4 - https:\/\/yoast.com\/product\/yoast-seo-wordpress\/ -->\n<title>YAKINIKU Shichirin Medium PRO, bestel hem bij Konro Grill.<\/title>\n<meta name=\"description\" content=\"De YAKINIKU Shichirin PRO is de verbeterde versie van de klassieke Shichirin. Bestel hem bij de Grootste Japanse BBQ Specialist van Europa: Konro Grill.\" \/>\n<meta name=\"robots\" content=\"index, follow, max-snippet:-1, max-image-preview:large, max-video-preview:-1\" \/>\n<link rel=\"canonical\" href=\"https:\/\/konro-grill.com\/es\/producto\/yakiniku-shichirin-medium-pro\/\" \/>\n<meta property=\"og:locale\" content=\"es_ES\" \/>\n<meta property=\"og:type\" content=\"article\" \/>\n<meta property=\"og:title\" content=\"YAKINIKU Shichirin Medium PRO, bestel hem bij Konro Grill.\" \/>\n<meta property=\"og:description\" content=\"De YAKINIKU Shichirin PRO is de verbeterde versie van de klassieke Shichirin. Bestel hem bij de Grootste Japanse BBQ Specialist van Europa: Konro Grill.\" \/>\n<meta property=\"og:url\" content=\"https:\/\/konro-grill.com\/es\/producto\/yakiniku-shichirin-medium-pro\/\" \/>\n<meta property=\"og:site_name\" content=\"Konro Grill, de grootste Japanse BBQ specialist\" \/>\n<meta property=\"article:publisher\" content=\"https:\/\/facebook.com\/KonroGrillCom\" \/>\n<meta property=\"article:modified_time\" content=\"2026-04-22T08:28:06+00:00\" \/>\n<meta property=\"og:image\" content=\"https:\/\/konro-grill.com\/wp-content\/uploads\/2025\/10\/YAKINIKU-SHICHIRIN-MEDIUM-PRO-01.jpg\" \/>\n\t<meta property=\"og:image:width\" content=\"800\" \/>\n\t<meta property=\"og:image:height\" content=\"800\" \/>\n\t<meta property=\"og:image:type\" content=\"image\/jpeg\" \/>\n<meta name=\"twitter:card\" content=\"summary_large_image\" \/>\n<meta name=\"twitter:label1\" content=\"Tiempo de lectura\" \/>\n\t<meta name=\"twitter:data1\" content=\"3 minutos\" \/>\n<script type=\"application\/ld+json\" class=\"yoast-schema-graph\">{\"@context\":\"https:\\\/\\\/schema.org\",\"@graph\":[{\"@type\":\"WebPage\",\"@id\":\"https:\\\/\\\/konro-grill.com\\\/product\\\/yakiniku-shichirin-medium-pro\\\/\",\"url\":\"https:\\\/\\\/konro-grill.com\\\/product\\\/yakiniku-shichirin-medium-pro\\\/\",\"name\":\"YAKINIKU Shichirin Medium PRO, bestel hem bij Konro Grill.\",\"isPartOf\":{\"@id\":\"https:\\\/\\\/konro-grill.com\\\/#website\"},\"primaryImageOfPage\":{\"@id\":\"https:\\\/\\\/konro-grill.com\\\/product\\\/yakiniku-shichirin-medium-pro\\\/#primaryimage\"},\"image\":{\"@id\":\"https:\\\/\\\/konro-grill.com\\\/product\\\/yakiniku-shichirin-medium-pro\\\/#primaryimage\"},\"thumbnailUrl\":\"https:\\\/\\\/konro-grill.com\\\/wp-content\\\/uploads\\\/2025\\\/10\\\/YAKINIKU-SHICHIRIN-MEDIUM-PRO-01.jpg\",\"datePublished\":\"2025-10-02T09:30:12+00:00\",\"dateModified\":\"2026-04-22T08:28:06+00:00\",\"description\":\"De YAKINIKU Shichirin PRO is de verbeterde versie van de klassieke Shichirin. Bestel hem bij de Grootste Japanse BBQ Specialist van Europa: Konro Grill.\",\"breadcrumb\":{\"@id\":\"https:\\\/\\\/konro-grill.com\\\/product\\\/yakiniku-shichirin-medium-pro\\\/#breadcrumb\"},\"inLanguage\":\"es\",\"potentialAction\":[{\"@type\":\"ReadAction\",\"target\":[\"https:\\\/\\\/konro-grill.com\\\/product\\\/yakiniku-shichirin-medium-pro\\\/\"]}]},{\"@type\":\"ImageObject\",\"inLanguage\":\"es\",\"@id\":\"https:\\\/\\\/konro-grill.com\\\/product\\\/yakiniku-shichirin-medium-pro\\\/#primaryimage\",\"url\":\"https:\\\/\\\/konro-grill.com\\\/wp-content\\\/uploads\\\/2025\\\/10\\\/YAKINIKU-SHICHIRIN-MEDIUM-PRO-01.jpg\",\"contentUrl\":\"https:\\\/\\\/konro-grill.com\\\/wp-content\\\/uploads\\\/2025\\\/10\\\/YAKINIKU-SHICHIRIN-MEDIUM-PRO-01.jpg\",\"width\":800,\"height\":800,\"caption\":\"YAKINIKU Shichirin Medium PRO\"},{\"@type\":\"BreadcrumbList\",\"@id\":\"https:\\\/\\\/konro-grill.com\\\/product\\\/yakiniku-shichirin-medium-pro\\\/#breadcrumb\",\"itemListElement\":[{\"@type\":\"ListItem\",\"position\":1,\"name\":\"Home\",\"item\":\"https:\\\/\\\/konro-grill.com\\\/\"},{\"@type\":\"ListItem\",\"position\":2,\"name\":\"Winkel\",\"item\":\"https:\\\/\\\/konro-grill.com\\\/winkel\\\/\"},{\"@type\":\"ListItem\",\"position\":3,\"name\":\"YAKINIKU Shichirin Medium PRO\"}]},{\"@type\":\"WebSite\",\"@id\":\"https:\\\/\\\/konro-grill.com\\\/#website\",\"url\":\"https:\\\/\\\/konro-grill.com\\\/\",\"name\":\"Konro Grill\",\"description\":\"Konro Grill, de Grootste Japanse BBQ Specialist\",\"publisher\":{\"@id\":\"https:\\\/\\\/konro-grill.com\\\/#organization\"},\"potentialAction\":[{\"@type\":\"SearchAction\",\"target\":{\"@type\":\"EntryPoint\",\"urlTemplate\":\"https:\\\/\\\/konro-grill.com\\\/?s={search_term_string}\"},\"query-input\":{\"@type\":\"PropertyValueSpecification\",\"valueRequired\":true,\"valueName\":\"search_term_string\"}}],\"inLanguage\":\"es\"},{\"@type\":\"Organization\",\"@id\":\"https:\\\/\\\/konro-grill.com\\\/#organization\",\"name\":\"Konro Grill\",\"url\":\"https:\\\/\\\/konro-grill.com\\\/\",\"logo\":{\"@type\":\"ImageObject\",\"inLanguage\":\"es\",\"@id\":\"https:\\\/\\\/konro-grill.com\\\/#\\\/schema\\\/logo\\\/image\\\/\",\"url\":\"https:\\\/\\\/konro-grill.com\\\/wp-content\\\/uploads\\\/2021\\\/10\\\/konro-grill-logo.png\",\"contentUrl\":\"https:\\\/\\\/konro-grill.com\\\/wp-content\\\/uploads\\\/2021\\\/10\\\/konro-grill-logo.png\",\"width\":650,\"height\":80,\"caption\":\"Konro Grill\"},\"image\":{\"@id\":\"https:\\\/\\\/konro-grill.com\\\/#\\\/schema\\\/logo\\\/image\\\/\"},\"sameAs\":[\"https:\\\/\\\/facebook.com\\\/KonroGrillCom\",\"https:\\\/\\\/www.instagram.com\\\/konrogrillcom\\\/\"]}]}<\/script>\n<!-- \/ Yoast SEO plugin. -->","yoast_head_json":{"title":"YAKINIKU Shichirin Medium PRO, p\u00eddelo en Konro Grill.","description":"El YAKINIKU Shichirin PRO es la versi\u00f3n mejorada del cl\u00e1sico Shichirin. P\u00eddelo al Mayor Especialista en Barbacoas Japonesas de Europa: Konro Grill.","robots":{"index":"index","follow":"follow","max-snippet":"max-snippet:-1","max-image-preview":"max-image-preview:large","max-video-preview":"max-video-preview:-1"},"canonical":"https:\/\/konro-grill.com\/es\/producto\/yakiniku-shichirin-medium-pro\/","og_locale":"es_ES","og_type":"article","og_title":"YAKINIKU Shichirin Medium PRO, bestel hem bij Konro Grill.","og_description":"De YAKINIKU Shichirin PRO is de verbeterde versie van de klassieke Shichirin. Bestel hem bij de Grootste Japanse BBQ Specialist van Europa: Konro Grill.","og_url":"https:\/\/konro-grill.com\/es\/producto\/yakiniku-shichirin-medium-pro\/","og_site_name":"Konro Grill, de grootste Japanse BBQ specialist","article_publisher":"https:\/\/facebook.com\/KonroGrillCom","article_modified_time":"2026-04-22T08:28:06+00:00","og_image":[{"width":800,"height":800,"url":"https:\/\/konro-grill.com\/wp-content\/uploads\/2025\/10\/YAKINIKU-SHICHIRIN-MEDIUM-PRO-01.jpg","type":"image\/jpeg"}],"twitter_card":"summary_large_image","twitter_misc":{"Tiempo de lectura":"3 minutos"},"schema":{"@context":"https:\/\/schema.org","@graph":[{"@type":"WebPage","@id":"https:\/\/konro-grill.com\/product\/yakiniku-shichirin-medium-pro\/","url":"https:\/\/konro-grill.com\/product\/yakiniku-shichirin-medium-pro\/","name":"YAKINIKU Shichirin Medium PRO, p\u00eddelo en Konro Grill.","isPartOf":{"@id":"https:\/\/konro-grill.com\/#website"},"primaryImageOfPage":{"@id":"https:\/\/konro-grill.com\/product\/yakiniku-shichirin-medium-pro\/#primaryimage"},"image":{"@id":"https:\/\/konro-grill.com\/product\/yakiniku-shichirin-medium-pro\/#primaryimage"},"thumbnailUrl":"https:\/\/konro-grill.com\/wp-content\/uploads\/2025\/10\/YAKINIKU-SHICHIRIN-MEDIUM-PRO-01.jpg","datePublished":"2025-10-02T09:30:12+00:00","dateModified":"2026-04-22T08:28:06+00:00","description":"El YAKINIKU Shichirin PRO es la versi\u00f3n mejorada del cl\u00e1sico Shichirin. P\u00eddelo al Mayor Especialista en Barbacoas Japonesas de Europa: Konro Grill.","breadcrumb":{"@id":"https:\/\/konro-grill.com\/product\/yakiniku-shichirin-medium-pro\/#breadcrumb"},"inLanguage":"es","potentialAction":[{"@type":"ReadAction","target":["https:\/\/konro-grill.com\/product\/yakiniku-shichirin-medium-pro\/"]}]},{"@type":"ImageObject","inLanguage":"es","@id":"https:\/\/konro-grill.com\/product\/yakiniku-shichirin-medium-pro\/#primaryimage","url":"https:\/\/konro-grill.com\/wp-content\/uploads\/2025\/10\/YAKINIKU-SHICHIRIN-MEDIUM-PRO-01.jpg","contentUrl":"https:\/\/konro-grill.com\/wp-content\/uploads\/2025\/10\/YAKINIKU-SHICHIRIN-MEDIUM-PRO-01.jpg","width":800,"height":800,"caption":"YAKINIKU Shichirin Medium PRO"},{"@type":"BreadcrumbList","@id":"https:\/\/konro-grill.com\/product\/yakiniku-shichirin-medium-pro\/#breadcrumb","itemListElement":[{"@type":"ListItem","position":1,"name":"Home","item":"https:\/\/konro-grill.com\/"},{"@type":"ListItem","position":2,"name":"Winkel","item":"https:\/\/konro-grill.com\/winkel\/"},{"@type":"ListItem","position":3,"name":"YAKINIKU Shichirin Medium PRO"}]},{"@type":"WebSite","@id":"https:\/\/konro-grill.com\/#website","url":"https:\/\/konro-grill.com\/","name":"Parrilla Konro","description":"Konro Grill, el mayor especialista en barbacoa japonesa","publisher":{"@id":"https:\/\/konro-grill.com\/#organization"},"potentialAction":[{"@type":"SearchAction","target":{"@type":"EntryPoint","urlTemplate":"https:\/\/konro-grill.com\/?s={search_term_string}"},"query-input":{"@type":"PropertyValueSpecification","valueRequired":true,"valueName":"search_term_string"}}],"inLanguage":"es"},{"@type":"Organization","@id":"https:\/\/konro-grill.com\/#organization","name":"Parrilla Konro","url":"https:\/\/konro-grill.com\/","logo":{"@type":"ImageObject","inLanguage":"es","@id":"https:\/\/konro-grill.com\/#\/schema\/logo\/image\/","url":"https:\/\/konro-grill.com\/wp-content\/uploads\/2021\/10\/konro-grill-logo.png","contentUrl":"https:\/\/konro-grill.com\/wp-content\/uploads\/2021\/10\/konro-grill-logo.png","width":650,"height":80,"caption":"Konro Grill"},"image":{"@id":"https:\/\/konro-grill.com\/#\/schema\/logo\/image\/"},"sameAs":["https:\/\/facebook.com\/KonroGrillCom","https:\/\/www.instagram.com\/konrogrillcom\/"]}]}},"df_price":379.05,"df_sale_price":379.05,"df_regular_price":399,"df_image_link":"https:\/\/konro-grill.com\/wp-content\/uploads\/2025\/10\/YAKINIKU-SHICHIRIN-MEDIUM-PRO-01-300x300.jpg","_links":{"self":[{"href":"https:\/\/konro-grill.com\/es\/wp-json\/wp\/v2\/product\/10009","targetHints":{"allow":["GET"]}}],"collection":[{"href":"https:\/\/konro-grill.com\/es\/wp-json\/wp\/v2\/product"}],"about":[{"href":"https:\/\/konro-grill.com\/es\/wp-json\/wp\/v2\/types\/product"}],"wp:featuredmedia":[{"embeddable":true,"href":"https:\/\/konro-grill.com\/es\/wp-json\/wp\/v2\/media\/10010"}],"wp:attachment":[{"href":"https:\/\/konro-grill.com\/es\/wp-json\/wp\/v2\/media?parent=10009"}],"wp:term":[{"taxonomy":"product_brand","embeddable":true,"href":"https:\/\/konro-grill.com\/es\/wp-json\/wp\/v2\/product_brand?post=10009"},{"taxonomy":"product_cat","embeddable":true,"href":"https:\/\/konro-grill.com\/es\/wp-json\/wp\/v2\/product_cat?post=10009"},{"taxonomy":"product_tag","embeddable":true,"href":"https:\/\/konro-grill.com\/es\/wp-json\/wp\/v2\/product_tag?post=10009"}],"curies":[{"name":"wp","href":"https:\/\/api.w.org\/{rel}","templated":true}]}}