{"id":10334,"date":"2025-11-12T13:07:15","date_gmt":"2025-11-12T12:07:15","guid":{"rendered":"https:\/\/konro-grill.com\/?post_type=product&#038;p=10334"},"modified":"2026-04-04T10:28:03","modified_gmt":"2026-04-04T08:28:03","slug":"accesorio-para-brochetas-kasai-epto-con-6-brochetas","status":"publish","type":"product","link":"https:\/\/konro-grill.com\/es\/producto\/accesorio-para-brochetas-kasai-epto-con-6-brochetas\/","title":{"rendered":"Accesorio Pincho Kasai EPTO + 6 Pinchos"},"content":{"rendered":"<h2>Pero, \u00bfqu\u00e9 es lo que hace realmente \u00fanico al portabrochetas KASAI EPTO?<\/h2>\n<p>El exclusivo dise\u00f1o de bloqueo garantiza que, una vez colocada la brocheta, puedas empezar a cocinar inmediatamente sin necesidad de ajustes constantes.<\/p>\n<h3>Por qu\u00e9 funciona tan bien<\/h3>\n<ul>\n<li><strong>Innovador sistema de pinchos y bloqueo:<\/strong> el accesorio incluido no s\u00f3lo mantiene la brocheta en el \u00e1ngulo perfecto, sino que tambi\u00e9n la bloquea en su sitio, para que puedas concentrarte en cocinar y no en reajustarla.<\/li>\n<li><strong>Distribuci\u00f3n uniforme del calor<\/strong>: colocando los ingredientes en posici\u00f3n vertical, se cocina con un calor suave y constante. Esto reduce el riesgo de quemaduras y crea un equilibrio perfecto entre caramelizaci\u00f3n y ahumado.<\/li>\n<li><strong>Mejor retenci\u00f3n de la humedad<\/strong>, Al mantener altos los ingredientes, minimizas la p\u00e9rdida de humedad, conservando la carne, el pescado y las verduras jugosos, tiernos y llenos de sabor.<\/li>\n<li><strong>Construcci\u00f3n de alta calidad<\/strong>, los pinchos y el accesorio est\u00e1n hechos de <strong>acero inoxidable de alta calidad<\/strong> y son duraderos, resistentes a la deformaci\u00f3n y a la exposici\u00f3n a altas temperaturas.<\/li>\n<li><strong>Eficacia del combustible y caudal de aire<\/strong>la posici\u00f3n elevada mejora el flujo de aire alrededor de la parrilla, lo que permite que las brasas ardan con m\u00e1s eficacia y que el calor dure m\u00e1s.<\/li>\n<li><strong>Ideal para todos los ingredientes<\/strong>, Tanto si est\u00e1s asando pescado delicado, filetes gruesos o verduras frescas, el juego de pinchos EPTO los mantiene firmemente en su sitio para obtener resultados perfectos y sin esfuerzo.<\/li>\n<li><strong>Presentaci\u00f3n impactante<\/strong>, presentar tus alimentos por encima del fuego no s\u00f3lo es una forma mejor de cocinar, sino tambi\u00e9n un verdadero espect\u00e1culo para cualquier ocasi\u00f3n de asar a la parrilla. \u00a1Esto hay que verlo en la cocina abierta!<\/li>\n<\/ul>\n<p><strong>Mejora tu Kasai Grill con el Juego de Pinchos EPTO (pack de 6), porque asar a la parrilla es cuesti\u00f3n de precisi\u00f3n, comodidad y aprovechamiento de cada llama.<\/strong><\/p>","protected":false},"excerpt":{"rendered":"<h2>Soporte para pinchos KASAI EPTO + Pinchos<\/h2>\n<p>Te presentamos el juego de pinchos EPTO, una forma m\u00e1s inteligente y eficaz de asar a la parrilla. Lleva tu experiencia de asado al siguiente nivel con el juego de pinchos EPTO, dise\u00f1ado para mantener el pescado, la carne y las verduras arriba y lejos de las brasas de tu Kasai Grill. Cada soporte viene con 6 pinchos. El soporte es un accesorio dise\u00f1ado con precisi\u00f3n que se ajusta con seguridad al armaz\u00f3n de cada Kasai Grill. F\u00e1cil de montar. M\u00e1s informaci\u00f3n en la parte inferior.<\/p>","protected":false},"featured_media":10346,"template":"","meta":{"inline_featured_image":false},"product_brand":[],"product_cat":[472,433,435,434,507,432,436],"product_tag":[],"class_list":{"0":"post-10334","1":"product","2":"type-product","3":"status-publish","4":"has-post-thumbnail","6":"product_cat-kasai-accessoires","7":"product_cat-kasai-little","8":"product_cat-kasai-long","9":"product_cat-kasai-medium-long","10":"product_cat-kasai-medium-wide","11":"product_cat-kasai-nano","12":"product_cat-kasai-xl","13":"entry","14":"has-media","16":"first","17":"instock","18":"taxable","19":"shipping-taxable","20":"purchasable","21":"product-type-simple"},"bundled_by":[],"bundle_stock_status":"instock","bundle_stock_quantity":9,"bundle_virtual":false,"bundle_layout":"","bundle_add_to_cart_form_location":"","bundle_editable_in_cart":false,"bundle_sold_individually_context":"","bundle_item_grouping":"","bundle_min_size":"","bundle_max_size":"","bundle_price":[],"bundled_items":[],"bundle_sell_ids":[],"yoast_head":"<!-- This site is optimized with the Yoast SEO plugin v27.3 - https:\/\/yoast.com\/product\/yoast-seo-wordpress\/ -->\n<title>Kasai EPTO Spies Accessoire met 6 Spiesjes bij Konro Grill, de grootste Japanse BBQ specialist<\/title>\n<meta name=\"description\" content=\"Ontdek de Kasai EPTO Spies Accessoire met 6 spiesjes. Ideaal voor vlees, vis en groente op de BBQ. Duurzaam, handig en eenvoudig in gebruik.\" \/>\n<meta name=\"robots\" content=\"index, follow, max-snippet:-1, max-image-preview:large, max-video-preview:-1\" \/>\n<link rel=\"canonical\" href=\"https:\/\/konro-grill.com\/es\/producto\/accesorio-para-brochetas-kasai-epto-con-6-brochetas\/\" \/>\n<meta property=\"og:locale\" content=\"es_ES\" \/>\n<meta property=\"og:type\" content=\"article\" \/>\n<meta property=\"og:title\" content=\"Kasai EPTO Spies Accessoire met 6 Spiesjes bij Konro Grill, de grootste Japanse BBQ specialist\" \/>\n<meta property=\"og:description\" content=\"Ontdek de Kasai EPTO Spies Accessoire met 6 spiesjes. Ideaal voor vlees, vis en groente op de BBQ. Duurzaam, handig en eenvoudig in gebruik.\" \/>\n<meta property=\"og:url\" content=\"https:\/\/konro-grill.com\/es\/producto\/accesorio-para-brochetas-kasai-epto-con-6-brochetas\/\" \/>\n<meta property=\"og:site_name\" content=\"Konro Grill, de grootste Japanse BBQ specialist\" \/>\n<meta property=\"article:publisher\" content=\"https:\/\/facebook.com\/KonroGrillCom\" \/>\n<meta property=\"article:modified_time\" content=\"2026-04-04T08:28:03+00:00\" \/>\n<meta property=\"og:image\" content=\"https:\/\/konro-grill.com\/wp-content\/uploads\/2025\/11\/EPTO-Spies-Accessoire-Met-6-Spiesjes.jpg\" \/>\n\t<meta property=\"og:image:width\" content=\"800\" \/>\n\t<meta property=\"og:image:height\" content=\"800\" \/>\n\t<meta property=\"og:image:type\" content=\"image\/jpeg\" \/>\n<meta name=\"twitter:card\" content=\"summary_large_image\" \/>\n<meta name=\"twitter:label1\" content=\"Tiempo de lectura\" \/>\n\t<meta name=\"twitter:data1\" content=\"2 minutos\" \/>\n<script type=\"application\/ld+json\" class=\"yoast-schema-graph\">{\"@context\":\"https:\\\/\\\/schema.org\",\"@graph\":[{\"@type\":\"WebPage\",\"@id\":\"https:\\\/\\\/konro-grill.com\\\/product\\\/kasai-epto-spies-accessoire-met-6-spiesjes\\\/\",\"url\":\"https:\\\/\\\/konro-grill.com\\\/product\\\/kasai-epto-spies-accessoire-met-6-spiesjes\\\/\",\"name\":\"Kasai EPTO Spies Accessoire met 6 Spiesjes bij Konro Grill, de grootste Japanse BBQ specialist\",\"isPartOf\":{\"@id\":\"https:\\\/\\\/konro-grill.com\\\/#website\"},\"primaryImageOfPage\":{\"@id\":\"https:\\\/\\\/konro-grill.com\\\/product\\\/kasai-epto-spies-accessoire-met-6-spiesjes\\\/#primaryimage\"},\"image\":{\"@id\":\"https:\\\/\\\/konro-grill.com\\\/product\\\/kasai-epto-spies-accessoire-met-6-spiesjes\\\/#primaryimage\"},\"thumbnailUrl\":\"https:\\\/\\\/konro-grill.com\\\/wp-content\\\/uploads\\\/2025\\\/11\\\/EPTO-Spies-Accessoire-Met-6-Spiesjes.jpg\",\"datePublished\":\"2025-11-12T12:07:15+00:00\",\"dateModified\":\"2026-04-04T08:28:03+00:00\",\"description\":\"Ontdek de Kasai EPTO Spies Accessoire met 6 spiesjes. Ideaal voor vlees, vis en groente op de BBQ. Duurzaam, handig en eenvoudig in gebruik.\",\"breadcrumb\":{\"@id\":\"https:\\\/\\\/konro-grill.com\\\/product\\\/kasai-epto-spies-accessoire-met-6-spiesjes\\\/#breadcrumb\"},\"inLanguage\":\"es\",\"potentialAction\":[{\"@type\":\"ReadAction\",\"target\":[\"https:\\\/\\\/konro-grill.com\\\/product\\\/kasai-epto-spies-accessoire-met-6-spiesjes\\\/\"]}]},{\"@type\":\"ImageObject\",\"inLanguage\":\"es\",\"@id\":\"https:\\\/\\\/konro-grill.com\\\/product\\\/kasai-epto-spies-accessoire-met-6-spiesjes\\\/#primaryimage\",\"url\":\"https:\\\/\\\/konro-grill.com\\\/wp-content\\\/uploads\\\/2025\\\/11\\\/EPTO-Spies-Accessoire-Met-6-Spiesjes.jpg\",\"contentUrl\":\"https:\\\/\\\/konro-grill.com\\\/wp-content\\\/uploads\\\/2025\\\/11\\\/EPTO-Spies-Accessoire-Met-6-Spiesjes.jpg\",\"width\":800,\"height\":800},{\"@type\":\"BreadcrumbList\",\"@id\":\"https:\\\/\\\/konro-grill.com\\\/product\\\/kasai-epto-spies-accessoire-met-6-spiesjes\\\/#breadcrumb\",\"itemListElement\":[{\"@type\":\"ListItem\",\"position\":1,\"name\":\"Home\",\"item\":\"https:\\\/\\\/konro-grill.com\\\/\"},{\"@type\":\"ListItem\",\"position\":2,\"name\":\"Winkel\",\"item\":\"https:\\\/\\\/konro-grill.com\\\/winkel\\\/\"},{\"@type\":\"ListItem\",\"position\":3,\"name\":\"Kasai EPTO Spies Accessoire + 6 Spiesen\"}]},{\"@type\":\"WebSite\",\"@id\":\"https:\\\/\\\/konro-grill.com\\\/#website\",\"url\":\"https:\\\/\\\/konro-grill.com\\\/\",\"name\":\"Konro Grill\",\"description\":\"Konro Grill, de Grootste Japanse BBQ Specialist\",\"publisher\":{\"@id\":\"https:\\\/\\\/konro-grill.com\\\/#organization\"},\"potentialAction\":[{\"@type\":\"SearchAction\",\"target\":{\"@type\":\"EntryPoint\",\"urlTemplate\":\"https:\\\/\\\/konro-grill.com\\\/?s={search_term_string}\"},\"query-input\":{\"@type\":\"PropertyValueSpecification\",\"valueRequired\":true,\"valueName\":\"search_term_string\"}}],\"inLanguage\":\"es\"},{\"@type\":\"Organization\",\"@id\":\"https:\\\/\\\/konro-grill.com\\\/#organization\",\"name\":\"Konro Grill\",\"url\":\"https:\\\/\\\/konro-grill.com\\\/\",\"logo\":{\"@type\":\"ImageObject\",\"inLanguage\":\"es\",\"@id\":\"https:\\\/\\\/konro-grill.com\\\/#\\\/schema\\\/logo\\\/image\\\/\",\"url\":\"https:\\\/\\\/konro-grill.com\\\/wp-content\\\/uploads\\\/2021\\\/10\\\/konro-grill-logo.png\",\"contentUrl\":\"https:\\\/\\\/konro-grill.com\\\/wp-content\\\/uploads\\\/2021\\\/10\\\/konro-grill-logo.png\",\"width\":650,\"height\":80,\"caption\":\"Konro Grill\"},\"image\":{\"@id\":\"https:\\\/\\\/konro-grill.com\\\/#\\\/schema\\\/logo\\\/image\\\/\"},\"sameAs\":[\"https:\\\/\\\/facebook.com\\\/KonroGrillCom\",\"https:\\\/\\\/www.instagram.com\\\/konrogrillcom\\\/\"]}]}<\/script>\n<!-- \/ Yoast SEO plugin. -->","yoast_head_json":{"title":"Accesorio para pinchos Kasai EPTO con 6 pinchos en Konro Grill, el mayor especialista en barbacoas japonesas","description":"Descubre el Accesorio para Pinchos Kasai EPTO con 6 pinchos. Ideal para carne, pescado y verduras en la barbacoa. Duradero, c\u00f3modo y f\u00e1cil de usar.","robots":{"index":"index","follow":"follow","max-snippet":"max-snippet:-1","max-image-preview":"max-image-preview:large","max-video-preview":"max-video-preview:-1"},"canonical":"https:\/\/konro-grill.com\/es\/producto\/accesorio-para-brochetas-kasai-epto-con-6-brochetas\/","og_locale":"es_ES","og_type":"article","og_title":"Kasai EPTO Spies Accessoire met 6 Spiesjes bij Konro Grill, de grootste Japanse BBQ specialist","og_description":"Ontdek de Kasai EPTO Spies Accessoire met 6 spiesjes. Ideaal voor vlees, vis en groente op de BBQ. Duurzaam, handig en eenvoudig in gebruik.","og_url":"https:\/\/konro-grill.com\/es\/producto\/accesorio-para-brochetas-kasai-epto-con-6-brochetas\/","og_site_name":"Konro Grill, de grootste Japanse BBQ specialist","article_publisher":"https:\/\/facebook.com\/KonroGrillCom","article_modified_time":"2026-04-04T08:28:03+00:00","og_image":[{"width":800,"height":800,"url":"https:\/\/konro-grill.com\/wp-content\/uploads\/2025\/11\/EPTO-Spies-Accessoire-Met-6-Spiesjes.jpg","type":"image\/jpeg"}],"twitter_card":"summary_large_image","twitter_misc":{"Tiempo de lectura":"2 minutos"},"schema":{"@context":"https:\/\/schema.org","@graph":[{"@type":"WebPage","@id":"https:\/\/konro-grill.com\/product\/kasai-epto-spies-accessoire-met-6-spiesjes\/","url":"https:\/\/konro-grill.com\/product\/kasai-epto-spies-accessoire-met-6-spiesjes\/","name":"Accesorio para pinchos Kasai EPTO con 6 pinchos en Konro Grill, el mayor especialista en barbacoas japonesas","isPartOf":{"@id":"https:\/\/konro-grill.com\/#website"},"primaryImageOfPage":{"@id":"https:\/\/konro-grill.com\/product\/kasai-epto-spies-accessoire-met-6-spiesjes\/#primaryimage"},"image":{"@id":"https:\/\/konro-grill.com\/product\/kasai-epto-spies-accessoire-met-6-spiesjes\/#primaryimage"},"thumbnailUrl":"https:\/\/konro-grill.com\/wp-content\/uploads\/2025\/11\/EPTO-Spies-Accessoire-Met-6-Spiesjes.jpg","datePublished":"2025-11-12T12:07:15+00:00","dateModified":"2026-04-04T08:28:03+00:00","description":"Descubre el Accesorio para Pinchos Kasai EPTO con 6 pinchos. Ideal para carne, pescado y verduras en la barbacoa. Duradero, c\u00f3modo y f\u00e1cil de usar.","breadcrumb":{"@id":"https:\/\/konro-grill.com\/product\/kasai-epto-spies-accessoire-met-6-spiesjes\/#breadcrumb"},"inLanguage":"es","potentialAction":[{"@type":"ReadAction","target":["https:\/\/konro-grill.com\/product\/kasai-epto-spies-accessoire-met-6-spiesjes\/"]}]},{"@type":"ImageObject","inLanguage":"es","@id":"https:\/\/konro-grill.com\/product\/kasai-epto-spies-accessoire-met-6-spiesjes\/#primaryimage","url":"https:\/\/konro-grill.com\/wp-content\/uploads\/2025\/11\/EPTO-Spies-Accessoire-Met-6-Spiesjes.jpg","contentUrl":"https:\/\/konro-grill.com\/wp-content\/uploads\/2025\/11\/EPTO-Spies-Accessoire-Met-6-Spiesjes.jpg","width":800,"height":800},{"@type":"BreadcrumbList","@id":"https:\/\/konro-grill.com\/product\/kasai-epto-spies-accessoire-met-6-spiesjes\/#breadcrumb","itemListElement":[{"@type":"ListItem","position":1,"name":"Home","item":"https:\/\/konro-grill.com\/"},{"@type":"ListItem","position":2,"name":"Winkel","item":"https:\/\/konro-grill.com\/winkel\/"},{"@type":"ListItem","position":3,"name":"Kasai EPTO Spies Accessoire + 6 Spiesen"}]},{"@type":"WebSite","@id":"https:\/\/konro-grill.com\/#website","url":"https:\/\/konro-grill.com\/","name":"Parrilla Konro","description":"Konro Grill, el mayor especialista en barbacoa japonesa","publisher":{"@id":"https:\/\/konro-grill.com\/#organization"},"potentialAction":[{"@type":"SearchAction","target":{"@type":"EntryPoint","urlTemplate":"https:\/\/konro-grill.com\/?s={search_term_string}"},"query-input":{"@type":"PropertyValueSpecification","valueRequired":true,"valueName":"search_term_string"}}],"inLanguage":"es"},{"@type":"Organization","@id":"https:\/\/konro-grill.com\/#organization","name":"Parrilla Konro","url":"https:\/\/konro-grill.com\/","logo":{"@type":"ImageObject","inLanguage":"es","@id":"https:\/\/konro-grill.com\/#\/schema\/logo\/image\/","url":"https:\/\/konro-grill.com\/wp-content\/uploads\/2021\/10\/konro-grill-logo.png","contentUrl":"https:\/\/konro-grill.com\/wp-content\/uploads\/2021\/10\/konro-grill-logo.png","width":650,"height":80,"caption":"Konro Grill"},"image":{"@id":"https:\/\/konro-grill.com\/#\/schema\/logo\/image\/"},"sameAs":["https:\/\/facebook.com\/KonroGrillCom","https:\/\/www.instagram.com\/konrogrillcom\/"]}]}},"df_price":85,"df_sale_price":"","df_regular_price":85,"df_image_link":"https:\/\/konro-grill.com\/wp-content\/uploads\/2025\/11\/EPTO-Spies-Accessoire-Met-6-Spiesjes-300x300.jpg","_links":{"self":[{"href":"https:\/\/konro-grill.com\/es\/wp-json\/wp\/v2\/product\/10334","targetHints":{"allow":["GET"]}}],"collection":[{"href":"https:\/\/konro-grill.com\/es\/wp-json\/wp\/v2\/product"}],"about":[{"href":"https:\/\/konro-grill.com\/es\/wp-json\/wp\/v2\/types\/product"}],"wp:featuredmedia":[{"embeddable":true,"href":"https:\/\/konro-grill.com\/es\/wp-json\/wp\/v2\/media\/10346"}],"wp:attachment":[{"href":"https:\/\/konro-grill.com\/es\/wp-json\/wp\/v2\/media?parent=10334"}],"wp:term":[{"taxonomy":"product_brand","embeddable":true,"href":"https:\/\/konro-grill.com\/es\/wp-json\/wp\/v2\/product_brand?post=10334"},{"taxonomy":"product_cat","embeddable":true,"href":"https:\/\/konro-grill.com\/es\/wp-json\/wp\/v2\/product_cat?post=10334"},{"taxonomy":"product_tag","embeddable":true,"href":"https:\/\/konro-grill.com\/es\/wp-json\/wp\/v2\/product_tag?post=10334"}],"curies":[{"name":"wp","href":"https:\/\/api.w.org\/{rel}","templated":true}]}}