{"id":10343,"date":"2025-11-12T13:07:15","date_gmt":"2025-11-12T12:07:15","guid":{"rendered":"https:\/\/konro-grill.com\/?post_type=product&#038;p=10343"},"modified":"2026-04-04T22:28:03","modified_gmt":"2026-04-04T20:28:03","slug":"kasai-asado-medio-largo-superior","status":"publish","type":"product","link":"https:\/\/konro-grill.com\/es\/producto\/kasai-asado-medio-largo-superior\/","title":{"rendered":"Asador Kasai Medio Largo"},"content":{"rendered":"<ul>\n<li>Especialmente dise\u00f1ado para las Parrillas Kasai, se adapta perfectamente al armaz\u00f3n de acero inoxidable de la parrilla.<\/li>\n<li>Aut\u00e9ntica cocina asada, dise\u00f1ada para imitar la tradicional parrillada sudamericana sobre un fuego abierto.<\/li>\n<li>Robusto y duradero, dise\u00f1ado para soportar altas temperaturas y un uso intensivo (profesional).<\/li>\n<li>M\u00e1xima versatilidad, ideal para abrasar, asar, cocinar a la parrilla y a fuego lento.<\/li>\n<li>Para uso profesional y dom\u00e9stico, de confianza de los chefs, perfecto para los cocineros caseros.<\/li>\n<li><strong>3 a\u00f1os de garant\u00eda<\/strong> en piezas.<\/li>\n<li>Desarrollado en el Reino Unido, en colaboraci\u00f3n con el chef de 2 estrellas Michelin Tommy Banks.<\/li>\n<\/ul>\n<h3>Dimensiones.<\/h3>\n<ul>\n<li>KASAI Asador Mediano Largo: 54,8 x 27,5 cm x 48,2 (LxAnxAl)<\/li>\n<li>Superficie de cocci\u00f3n KASAI Medium Long: 45,1 x 18,3 cm (LxA)<\/li>\n<\/ul>","protected":false},"excerpt":{"rendered":"<h2>Convierte tu Kasai Medium Long en un Asador con la Tapa para Asado.<\/h2>\n<p>Este es un accesorio realmente genial para tu PARRILLA MEDIA LARGA KASAI, una extensi\u00f3n especialmente dise\u00f1ada que se coloca directamente en el borde de tu Kasai Grill XL. De esta forma, transformas esta parrilla hibachi \/ konro en una completa <strong>\u00a1Sistema de cocci\u00f3n estilo asado!\u00a0<\/strong>Ahora ya no necesitas comprar una parrilla de asado aparte, porque con este accesorio podr\u00e1s disfrutar de los aut\u00e9nticos sabores y t\u00e9cnicas de la parrilla argentina, a fuego abierto, en tu Kasai Grill. \u00bfNo es genial?<\/p>\n<p><strong>Nota:<\/strong>\u00a0excluida la parrilla de la foto, que encontrar\u00e1s\u00a0<a href=\"https:\/\/konro-grill.com\/es\/producto\/kasai-medio-largo\/\">aqu\u00ed<\/a>.<\/p>","protected":false},"featured_media":10392,"template":"","meta":{"inline_featured_image":false},"product_brand":[],"product_cat":[472,434],"product_tag":[],"class_list":{"0":"post-10343","1":"product","2":"type-product","3":"status-publish","4":"has-post-thumbnail","6":"product_cat-kasai-accessoires","7":"product_cat-kasai-medium-long","8":"product_shipping_class-altijd-verzendkosten-hoog","9":"entry","10":"has-media","12":"first","13":"instock","14":"taxable","15":"shipping-taxable","16":"purchasable","17":"product-type-simple"},"bundled_by":[],"bundle_stock_status":"instock","bundle_stock_quantity":2,"bundle_virtual":false,"bundle_layout":"","bundle_add_to_cart_form_location":"","bundle_editable_in_cart":false,"bundle_sold_individually_context":"","bundle_item_grouping":"","bundle_min_size":"","bundle_max_size":"","bundle_price":[],"bundled_items":[],"bundle_sell_ids":[],"yoast_head":"<!-- This site is optimized with the Yoast SEO plugin v27.3 - https:\/\/yoast.com\/product\/yoast-seo-wordpress\/ -->\n<title>Kasai Medium Long Konro Asado Grill Top bij Konro Grill, de grootste Japanse BBQ specialist<\/title>\n<meta name=\"description\" content=\"Met de Kasai Medium Long Asado Grill Top maak je van je konro \/ hibachi een echte Argentijnse Asado Grill. Combineer Japanse en Argentijnse BBQ stijlen!\" \/>\n<meta name=\"robots\" content=\"index, follow, max-snippet:-1, max-image-preview:large, max-video-preview:-1\" \/>\n<link rel=\"canonical\" href=\"https:\/\/konro-grill.com\/es\/producto\/kasai-asado-medio-largo-superior\/\" \/>\n<meta property=\"og:locale\" content=\"es_ES\" \/>\n<meta property=\"og:type\" content=\"article\" \/>\n<meta property=\"og:title\" content=\"Kasai Medium Long Konro Asado Grill Top bij Konro Grill, de grootste Japanse BBQ specialist\" \/>\n<meta property=\"og:description\" content=\"Met de Kasai Medium Long Asado Grill Top maak je van je konro \/ hibachi een echte Argentijnse Asado Grill. Combineer Japanse en Argentijnse BBQ stijlen!\" \/>\n<meta property=\"og:url\" content=\"https:\/\/konro-grill.com\/es\/producto\/kasai-asado-medio-largo-superior\/\" \/>\n<meta property=\"og:site_name\" content=\"Konro Grill, de grootste Japanse BBQ specialist\" \/>\n<meta property=\"article:publisher\" content=\"https:\/\/facebook.com\/KonroGrillCom\" \/>\n<meta property=\"article:modified_time\" content=\"2026-04-04T20:28:03+00:00\" \/>\n<meta property=\"og:image\" content=\"https:\/\/konro-grill.com\/wp-content\/uploads\/2025\/11\/Kasai-Medium-Long-Konro-Asado-Grill-Top.jpg\" \/>\n\t<meta property=\"og:image:width\" content=\"800\" \/>\n\t<meta property=\"og:image:height\" content=\"800\" \/>\n\t<meta property=\"og:image:type\" content=\"image\/jpeg\" \/>\n<meta name=\"twitter:card\" content=\"summary_large_image\" \/>\n<meta name=\"twitter:label1\" content=\"Tiempo de lectura\" \/>\n\t<meta name=\"twitter:data1\" content=\"1 minuto\" \/>\n<script type=\"application\/ld+json\" class=\"yoast-schema-graph\">{\"@context\":\"https:\\\/\\\/schema.org\",\"@graph\":[{\"@type\":\"WebPage\",\"@id\":\"https:\\\/\\\/konro-grill.com\\\/product\\\/kasai-medium-long-asado-grill-top\\\/\",\"url\":\"https:\\\/\\\/konro-grill.com\\\/product\\\/kasai-medium-long-asado-grill-top\\\/\",\"name\":\"Kasai Medium Long Konro Asado Grill Top bij Konro Grill, de grootste Japanse BBQ specialist\",\"isPartOf\":{\"@id\":\"https:\\\/\\\/konro-grill.com\\\/#website\"},\"primaryImageOfPage\":{\"@id\":\"https:\\\/\\\/konro-grill.com\\\/product\\\/kasai-medium-long-asado-grill-top\\\/#primaryimage\"},\"image\":{\"@id\":\"https:\\\/\\\/konro-grill.com\\\/product\\\/kasai-medium-long-asado-grill-top\\\/#primaryimage\"},\"thumbnailUrl\":\"https:\\\/\\\/konro-grill.com\\\/wp-content\\\/uploads\\\/2025\\\/11\\\/Kasai-Medium-Long-Konro-Asado-Grill-Top.jpg\",\"datePublished\":\"2025-11-12T12:07:15+00:00\",\"dateModified\":\"2026-04-04T20:28:03+00:00\",\"description\":\"Met de Kasai Medium Long Asado Grill Top maak je van je konro \\\/ hibachi een echte Argentijnse Asado Grill. Combineer Japanse en Argentijnse BBQ stijlen!\",\"breadcrumb\":{\"@id\":\"https:\\\/\\\/konro-grill.com\\\/product\\\/kasai-medium-long-asado-grill-top\\\/#breadcrumb\"},\"inLanguage\":\"es\",\"potentialAction\":[{\"@type\":\"ReadAction\",\"target\":[\"https:\\\/\\\/konro-grill.com\\\/product\\\/kasai-medium-long-asado-grill-top\\\/\"]}]},{\"@type\":\"ImageObject\",\"inLanguage\":\"es\",\"@id\":\"https:\\\/\\\/konro-grill.com\\\/product\\\/kasai-medium-long-asado-grill-top\\\/#primaryimage\",\"url\":\"https:\\\/\\\/konro-grill.com\\\/wp-content\\\/uploads\\\/2025\\\/11\\\/Kasai-Medium-Long-Konro-Asado-Grill-Top.jpg\",\"contentUrl\":\"https:\\\/\\\/konro-grill.com\\\/wp-content\\\/uploads\\\/2025\\\/11\\\/Kasai-Medium-Long-Konro-Asado-Grill-Top.jpg\",\"width\":800,\"height\":800,\"caption\":\"Kasai Medium Long Konro Asado Grill Top\"},{\"@type\":\"BreadcrumbList\",\"@id\":\"https:\\\/\\\/konro-grill.com\\\/product\\\/kasai-medium-long-asado-grill-top\\\/#breadcrumb\",\"itemListElement\":[{\"@type\":\"ListItem\",\"position\":1,\"name\":\"Home\",\"item\":\"https:\\\/\\\/konro-grill.com\\\/\"},{\"@type\":\"ListItem\",\"position\":2,\"name\":\"Winkel\",\"item\":\"https:\\\/\\\/konro-grill.com\\\/winkel\\\/\"},{\"@type\":\"ListItem\",\"position\":3,\"name\":\"Kasai Medium Long Asado Grill Top\"}]},{\"@type\":\"WebSite\",\"@id\":\"https:\\\/\\\/konro-grill.com\\\/#website\",\"url\":\"https:\\\/\\\/konro-grill.com\\\/\",\"name\":\"Konro Grill\",\"description\":\"Konro Grill, de Grootste Japanse BBQ Specialist\",\"publisher\":{\"@id\":\"https:\\\/\\\/konro-grill.com\\\/#organization\"},\"potentialAction\":[{\"@type\":\"SearchAction\",\"target\":{\"@type\":\"EntryPoint\",\"urlTemplate\":\"https:\\\/\\\/konro-grill.com\\\/?s={search_term_string}\"},\"query-input\":{\"@type\":\"PropertyValueSpecification\",\"valueRequired\":true,\"valueName\":\"search_term_string\"}}],\"inLanguage\":\"es\"},{\"@type\":\"Organization\",\"@id\":\"https:\\\/\\\/konro-grill.com\\\/#organization\",\"name\":\"Konro Grill\",\"url\":\"https:\\\/\\\/konro-grill.com\\\/\",\"logo\":{\"@type\":\"ImageObject\",\"inLanguage\":\"es\",\"@id\":\"https:\\\/\\\/konro-grill.com\\\/#\\\/schema\\\/logo\\\/image\\\/\",\"url\":\"https:\\\/\\\/konro-grill.com\\\/wp-content\\\/uploads\\\/2021\\\/10\\\/konro-grill-logo.png\",\"contentUrl\":\"https:\\\/\\\/konro-grill.com\\\/wp-content\\\/uploads\\\/2021\\\/10\\\/konro-grill-logo.png\",\"width\":650,\"height\":80,\"caption\":\"Konro Grill\"},\"image\":{\"@id\":\"https:\\\/\\\/konro-grill.com\\\/#\\\/schema\\\/logo\\\/image\\\/\"},\"sameAs\":[\"https:\\\/\\\/facebook.com\\\/KonroGrillCom\",\"https:\\\/\\\/www.instagram.com\\\/konrogrillcom\\\/\"]}]}<\/script>\n<!-- \/ Yoast SEO plugin. -->","yoast_head_json":{"title":"Kasai Medium Long Konro Asado Grill Top en Konro Grill, el mayor especialista en barbacoas japonesas","description":"La tapa de asado Kasai Medium Long convierte tu konro \/ hibachi en una aut\u00e9ntica parrilla de asado argentina. \u00a1Combina los estilos de barbacoa japon\u00e9s y argentino!","robots":{"index":"index","follow":"follow","max-snippet":"max-snippet:-1","max-image-preview":"max-image-preview:large","max-video-preview":"max-video-preview:-1"},"canonical":"https:\/\/konro-grill.com\/es\/producto\/kasai-asado-medio-largo-superior\/","og_locale":"es_ES","og_type":"article","og_title":"Kasai Medium Long Konro Asado Grill Top bij Konro Grill, de grootste Japanse BBQ specialist","og_description":"Met de Kasai Medium Long Asado Grill Top maak je van je konro \/ hibachi een echte Argentijnse Asado Grill. Combineer Japanse en Argentijnse BBQ stijlen!","og_url":"https:\/\/konro-grill.com\/es\/producto\/kasai-asado-medio-largo-superior\/","og_site_name":"Konro Grill, de grootste Japanse BBQ specialist","article_publisher":"https:\/\/facebook.com\/KonroGrillCom","article_modified_time":"2026-04-04T20:28:03+00:00","og_image":[{"width":800,"height":800,"url":"https:\/\/konro-grill.com\/wp-content\/uploads\/2025\/11\/Kasai-Medium-Long-Konro-Asado-Grill-Top.jpg","type":"image\/jpeg"}],"twitter_card":"summary_large_image","twitter_misc":{"Tiempo de lectura":"1 minuto"},"schema":{"@context":"https:\/\/schema.org","@graph":[{"@type":"WebPage","@id":"https:\/\/konro-grill.com\/product\/kasai-medium-long-asado-grill-top\/","url":"https:\/\/konro-grill.com\/product\/kasai-medium-long-asado-grill-top\/","name":"Kasai Medium Long Konro Asado Grill Top en Konro Grill, el mayor especialista en barbacoas japonesas","isPartOf":{"@id":"https:\/\/konro-grill.com\/#website"},"primaryImageOfPage":{"@id":"https:\/\/konro-grill.com\/product\/kasai-medium-long-asado-grill-top\/#primaryimage"},"image":{"@id":"https:\/\/konro-grill.com\/product\/kasai-medium-long-asado-grill-top\/#primaryimage"},"thumbnailUrl":"https:\/\/konro-grill.com\/wp-content\/uploads\/2025\/11\/Kasai-Medium-Long-Konro-Asado-Grill-Top.jpg","datePublished":"2025-11-12T12:07:15+00:00","dateModified":"2026-04-04T20:28:03+00:00","description":"La tapa de asado Kasai Medium Long convierte tu konro \/ hibachi en una aut\u00e9ntica parrilla de asado argentina. \u00a1Combina los estilos de barbacoa japon\u00e9s y argentino!","breadcrumb":{"@id":"https:\/\/konro-grill.com\/product\/kasai-medium-long-asado-grill-top\/#breadcrumb"},"inLanguage":"es","potentialAction":[{"@type":"ReadAction","target":["https:\/\/konro-grill.com\/product\/kasai-medium-long-asado-grill-top\/"]}]},{"@type":"ImageObject","inLanguage":"es","@id":"https:\/\/konro-grill.com\/product\/kasai-medium-long-asado-grill-top\/#primaryimage","url":"https:\/\/konro-grill.com\/wp-content\/uploads\/2025\/11\/Kasai-Medium-Long-Konro-Asado-Grill-Top.jpg","contentUrl":"https:\/\/konro-grill.com\/wp-content\/uploads\/2025\/11\/Kasai-Medium-Long-Konro-Asado-Grill-Top.jpg","width":800,"height":800,"caption":"Kasai Medium Long Konro Asado Grill Top"},{"@type":"BreadcrumbList","@id":"https:\/\/konro-grill.com\/product\/kasai-medium-long-asado-grill-top\/#breadcrumb","itemListElement":[{"@type":"ListItem","position":1,"name":"Home","item":"https:\/\/konro-grill.com\/"},{"@type":"ListItem","position":2,"name":"Winkel","item":"https:\/\/konro-grill.com\/winkel\/"},{"@type":"ListItem","position":3,"name":"Kasai Medium Long Asado Grill Top"}]},{"@type":"WebSite","@id":"https:\/\/konro-grill.com\/#website","url":"https:\/\/konro-grill.com\/","name":"Parrilla Konro","description":"Konro Grill, el mayor especialista en barbacoa japonesa","publisher":{"@id":"https:\/\/konro-grill.com\/#organization"},"potentialAction":[{"@type":"SearchAction","target":{"@type":"EntryPoint","urlTemplate":"https:\/\/konro-grill.com\/?s={search_term_string}"},"query-input":{"@type":"PropertyValueSpecification","valueRequired":true,"valueName":"search_term_string"}}],"inLanguage":"es"},{"@type":"Organization","@id":"https:\/\/konro-grill.com\/#organization","name":"Parrilla Konro","url":"https:\/\/konro-grill.com\/","logo":{"@type":"ImageObject","inLanguage":"es","@id":"https:\/\/konro-grill.com\/#\/schema\/logo\/image\/","url":"https:\/\/konro-grill.com\/wp-content\/uploads\/2021\/10\/konro-grill-logo.png","contentUrl":"https:\/\/konro-grill.com\/wp-content\/uploads\/2021\/10\/konro-grill-logo.png","width":650,"height":80,"caption":"Konro Grill"},"image":{"@id":"https:\/\/konro-grill.com\/#\/schema\/logo\/image\/"},"sameAs":["https:\/\/facebook.com\/KonroGrillCom","https:\/\/www.instagram.com\/konrogrillcom\/"]}]}},"df_price":619,"df_sale_price":"","df_regular_price":619,"df_image_link":"https:\/\/konro-grill.com\/wp-content\/uploads\/2025\/11\/Kasai-Medium-Long-Konro-Asado-Grill-Top-300x300.jpg","_links":{"self":[{"href":"https:\/\/konro-grill.com\/es\/wp-json\/wp\/v2\/product\/10343","targetHints":{"allow":["GET"]}}],"collection":[{"href":"https:\/\/konro-grill.com\/es\/wp-json\/wp\/v2\/product"}],"about":[{"href":"https:\/\/konro-grill.com\/es\/wp-json\/wp\/v2\/types\/product"}],"wp:featuredmedia":[{"embeddable":true,"href":"https:\/\/konro-grill.com\/es\/wp-json\/wp\/v2\/media\/10392"}],"wp:attachment":[{"href":"https:\/\/konro-grill.com\/es\/wp-json\/wp\/v2\/media?parent=10343"}],"wp:term":[{"taxonomy":"product_brand","embeddable":true,"href":"https:\/\/konro-grill.com\/es\/wp-json\/wp\/v2\/product_brand?post=10343"},{"taxonomy":"product_cat","embeddable":true,"href":"https:\/\/konro-grill.com\/es\/wp-json\/wp\/v2\/product_cat?post=10343"},{"taxonomy":"product_tag","embeddable":true,"href":"https:\/\/konro-grill.com\/es\/wp-json\/wp\/v2\/product_tag?post=10343"}],"curies":[{"name":"wp","href":"https:\/\/api.w.org\/{rel}","templated":true}]}}