{"id":3196,"date":"2023-07-19T16:14:08","date_gmt":"2023-07-19T14:14:08","guid":{"rendered":"https:\/\/konro-grill.com\/?post_type=product&#038;p=3196"},"modified":"2026-04-04T10:28:03","modified_gmt":"2026-04-04T08:28:03","slug":"libro-de-cocina-parrilla-japonesa","status":"publish","type":"product","link":"https:\/\/konro-grill.com\/es\/producto\/libro-de-cocina-parrilla-japonesa\/","title":{"rendered":"Libro de cocina Parrilla japonesa - Holand\u00e9s"},"content":{"rendered":"","protected":false},"excerpt":{"rendered":"<h2>Parrilla japonesa \"La magia de YAKINIKU\" - Holand\u00e9s<\/h2>\n<p>Con el libro de cocina a la parrilla japonesa \"La magia de YAKINIKU\", sum\u00e9rgete en el mundo de la barbacoa japonesa. Insp\u00edrate con recetas delicadas y especiales especialmente para la barbacoa japonesa. As\u00ed aprender\u00e1s a convertirte en un aut\u00e9ntico chef de estilo japon\u00e9s en casa. \u00bfNo tienes una barbacoa japonesa (todav\u00eda)? \u00a1No hay problema! Las recetas tambi\u00e9n se pueden preparar en un kamado u otra barbacoa.<\/p>","protected":false},"featured_media":3220,"template":"","meta":{"inline_featured_image":false},"product_brand":[],"product_cat":[297],"product_tag":[],"class_list":{"0":"post-3196","1":"product","2":"type-product","3":"status-publish","4":"has-post-thumbnail","6":"product_cat-konro-kookboeken","7":"entry","8":"has-media","10":"first","11":"outofstock","12":"taxable","13":"shipping-taxable","14":"purchasable","15":"product-type-simple"},"bundled_by":["3214","3213","6725","7818"],"bundle_stock_status":"outofstock","bundle_stock_quantity":0,"bundle_virtual":false,"bundle_layout":"","bundle_add_to_cart_form_location":"","bundle_editable_in_cart":false,"bundle_sold_individually_context":"","bundle_item_grouping":"","bundle_min_size":"","bundle_max_size":"","bundle_price":[],"bundled_items":[],"bundle_sell_ids":[],"yoast_head":"<!-- This site is optimized with the Yoast SEO plugin v27.3 - https:\/\/yoast.com\/product\/yoast-seo-wordpress\/ -->\n<title>Japanese grill kookboek Magic of YAKINIKU, bestel bij Konro Grill<\/title>\n<meta name=\"description\" content=\"Met het Japanse grill kookboek The Magic of YAKINIKU haal je h\u00e9t Japanse grill kookboek in huis voor veel idee\u00ebn en inspiratie. Bestel bij Konro Grill.\" \/>\n<meta name=\"robots\" content=\"index, follow, max-snippet:-1, max-image-preview:large, max-video-preview:-1\" \/>\n<link rel=\"canonical\" href=\"https:\/\/konro-grill.com\/es\/producto\/libro-de-cocina-parrilla-japonesa\/\" \/>\n<meta property=\"og:locale\" content=\"es_ES\" \/>\n<meta property=\"og:type\" content=\"article\" \/>\n<meta property=\"og:title\" content=\"Japanese grill kookboek Magic of YAKINIKU, bestel bij Konro Grill\" \/>\n<meta property=\"og:description\" content=\"Met het Japanse grill kookboek The Magic of YAKINIKU haal je h\u00e9t Japanse grill kookboek in huis voor veel idee\u00ebn en inspiratie. Bestel bij Konro Grill.\" \/>\n<meta property=\"og:url\" content=\"https:\/\/konro-grill.com\/es\/producto\/libro-de-cocina-parrilla-japonesa\/\" \/>\n<meta property=\"og:site_name\" content=\"Konro Grill, de grootste Japanse BBQ specialist\" \/>\n<meta property=\"article:publisher\" content=\"https:\/\/facebook.com\/KonroGrillCom\" \/>\n<meta property=\"article:modified_time\" content=\"2026-04-04T08:28:03+00:00\" \/>\n<meta property=\"og:image\" content=\"https:\/\/konro-grill.com\/wp-content\/uploads\/2023\/07\/Kookboek-Japanese-grill-BBQdirect.jpg\" \/>\n\t<meta property=\"og:image:width\" content=\"800\" \/>\n\t<meta property=\"og:image:height\" content=\"800\" \/>\n\t<meta property=\"og:image:type\" content=\"image\/jpeg\" \/>\n<meta name=\"twitter:card\" content=\"summary_large_image\" \/>\n<meta name=\"twitter:label1\" content=\"Tiempo de lectura\" \/>\n\t<meta name=\"twitter:data1\" content=\"1 minuto\" \/>\n<script type=\"application\/ld+json\" class=\"yoast-schema-graph\">{\"@context\":\"https:\\\/\\\/schema.org\",\"@graph\":[{\"@type\":\"WebPage\",\"@id\":\"https:\\\/\\\/konro-grill.com\\\/product\\\/kookboek-japanese-grill\\\/\",\"url\":\"https:\\\/\\\/konro-grill.com\\\/product\\\/kookboek-japanese-grill\\\/\",\"name\":\"Japanese grill kookboek Magic of YAKINIKU, bestel bij Konro Grill\",\"isPartOf\":{\"@id\":\"https:\\\/\\\/konro-grill.com\\\/#website\"},\"primaryImageOfPage\":{\"@id\":\"https:\\\/\\\/konro-grill.com\\\/product\\\/kookboek-japanese-grill\\\/#primaryimage\"},\"image\":{\"@id\":\"https:\\\/\\\/konro-grill.com\\\/product\\\/kookboek-japanese-grill\\\/#primaryimage\"},\"thumbnailUrl\":\"https:\\\/\\\/konro-grill.com\\\/wp-content\\\/uploads\\\/2023\\\/07\\\/Kookboek-Japanese-grill-BBQdirect.jpg\",\"datePublished\":\"2023-07-19T14:14:08+00:00\",\"dateModified\":\"2026-04-04T08:28:03+00:00\",\"description\":\"Met het Japanse grill kookboek The Magic of YAKINIKU haal je h\u00e9t Japanse grill kookboek in huis voor veel idee\u00ebn en inspiratie. Bestel bij Konro Grill.\",\"breadcrumb\":{\"@id\":\"https:\\\/\\\/konro-grill.com\\\/product\\\/kookboek-japanese-grill\\\/#breadcrumb\"},\"inLanguage\":\"es\",\"potentialAction\":[{\"@type\":\"ReadAction\",\"target\":[\"https:\\\/\\\/konro-grill.com\\\/product\\\/kookboek-japanese-grill\\\/\"]}]},{\"@type\":\"ImageObject\",\"inLanguage\":\"es\",\"@id\":\"https:\\\/\\\/konro-grill.com\\\/product\\\/kookboek-japanese-grill\\\/#primaryimage\",\"url\":\"https:\\\/\\\/konro-grill.com\\\/wp-content\\\/uploads\\\/2023\\\/07\\\/Kookboek-Japanese-grill-BBQdirect.jpg\",\"contentUrl\":\"https:\\\/\\\/konro-grill.com\\\/wp-content\\\/uploads\\\/2023\\\/07\\\/Kookboek-Japanese-grill-BBQdirect.jpg\",\"width\":800,\"height\":800,\"caption\":\"Japanese grill The magic of YAKINIKU\"},{\"@type\":\"BreadcrumbList\",\"@id\":\"https:\\\/\\\/konro-grill.com\\\/product\\\/kookboek-japanese-grill\\\/#breadcrumb\",\"itemListElement\":[{\"@type\":\"ListItem\",\"position\":1,\"name\":\"Home\",\"item\":\"https:\\\/\\\/konro-grill.com\\\/\"},{\"@type\":\"ListItem\",\"position\":2,\"name\":\"Winkel\",\"item\":\"https:\\\/\\\/konro-grill.com\\\/winkel\\\/\"},{\"@type\":\"ListItem\",\"position\":3,\"name\":\"Kookboek Japanese Grill &#8211; Nederlands\"}]},{\"@type\":\"WebSite\",\"@id\":\"https:\\\/\\\/konro-grill.com\\\/#website\",\"url\":\"https:\\\/\\\/konro-grill.com\\\/\",\"name\":\"Konro Grill\",\"description\":\"Konro Grill, de Grootste Japanse BBQ Specialist\",\"publisher\":{\"@id\":\"https:\\\/\\\/konro-grill.com\\\/#organization\"},\"potentialAction\":[{\"@type\":\"SearchAction\",\"target\":{\"@type\":\"EntryPoint\",\"urlTemplate\":\"https:\\\/\\\/konro-grill.com\\\/?s={search_term_string}\"},\"query-input\":{\"@type\":\"PropertyValueSpecification\",\"valueRequired\":true,\"valueName\":\"search_term_string\"}}],\"inLanguage\":\"es\"},{\"@type\":\"Organization\",\"@id\":\"https:\\\/\\\/konro-grill.com\\\/#organization\",\"name\":\"Konro Grill\",\"url\":\"https:\\\/\\\/konro-grill.com\\\/\",\"logo\":{\"@type\":\"ImageObject\",\"inLanguage\":\"es\",\"@id\":\"https:\\\/\\\/konro-grill.com\\\/#\\\/schema\\\/logo\\\/image\\\/\",\"url\":\"https:\\\/\\\/konro-grill.com\\\/wp-content\\\/uploads\\\/2021\\\/10\\\/konro-grill-logo.png\",\"contentUrl\":\"https:\\\/\\\/konro-grill.com\\\/wp-content\\\/uploads\\\/2021\\\/10\\\/konro-grill-logo.png\",\"width\":650,\"height\":80,\"caption\":\"Konro Grill\"},\"image\":{\"@id\":\"https:\\\/\\\/konro-grill.com\\\/#\\\/schema\\\/logo\\\/image\\\/\"},\"sameAs\":[\"https:\\\/\\\/facebook.com\\\/KonroGrillCom\",\"https:\\\/\\\/www.instagram.com\\\/konrogrillcom\\\/\"]}]}<\/script>\n<!-- \/ Yoast SEO plugin. -->","yoast_head_json":{"title":"Libro de cocina japonesa a la parrilla Magic of YAKINIKU, pedido a Konro Grill","description":"Con el libro de cocina japonesa a la parrilla The Magic of YAKINIKU, obtendr\u00e1 el libro de cocina japonesa a la parrilla con muchas ideas e inspiraci\u00f3n. Haz tu pedido en Konro Grill.","robots":{"index":"index","follow":"follow","max-snippet":"max-snippet:-1","max-image-preview":"max-image-preview:large","max-video-preview":"max-video-preview:-1"},"canonical":"https:\/\/konro-grill.com\/es\/producto\/libro-de-cocina-parrilla-japonesa\/","og_locale":"es_ES","og_type":"article","og_title":"Japanese grill kookboek Magic of YAKINIKU, bestel bij Konro Grill","og_description":"Met het Japanse grill kookboek The Magic of YAKINIKU haal je h\u00e9t Japanse grill kookboek in huis voor veel idee\u00ebn en inspiratie. Bestel bij Konro Grill.","og_url":"https:\/\/konro-grill.com\/es\/producto\/libro-de-cocina-parrilla-japonesa\/","og_site_name":"Konro Grill, de grootste Japanse BBQ specialist","article_publisher":"https:\/\/facebook.com\/KonroGrillCom","article_modified_time":"2026-04-04T08:28:03+00:00","og_image":[{"width":800,"height":800,"url":"https:\/\/konro-grill.com\/wp-content\/uploads\/2023\/07\/Kookboek-Japanese-grill-BBQdirect.jpg","type":"image\/jpeg"}],"twitter_card":"summary_large_image","twitter_misc":{"Tiempo de lectura":"1 minuto"},"schema":{"@context":"https:\/\/schema.org","@graph":[{"@type":"WebPage","@id":"https:\/\/konro-grill.com\/product\/kookboek-japanese-grill\/","url":"https:\/\/konro-grill.com\/product\/kookboek-japanese-grill\/","name":"Libro de cocina japonesa a la parrilla Magic of YAKINIKU, pedido a Konro Grill","isPartOf":{"@id":"https:\/\/konro-grill.com\/#website"},"primaryImageOfPage":{"@id":"https:\/\/konro-grill.com\/product\/kookboek-japanese-grill\/#primaryimage"},"image":{"@id":"https:\/\/konro-grill.com\/product\/kookboek-japanese-grill\/#primaryimage"},"thumbnailUrl":"https:\/\/konro-grill.com\/wp-content\/uploads\/2023\/07\/Kookboek-Japanese-grill-BBQdirect.jpg","datePublished":"2023-07-19T14:14:08+00:00","dateModified":"2026-04-04T08:28:03+00:00","description":"Con el libro de cocina japonesa a la parrilla The Magic of YAKINIKU, obtendr\u00e1 el libro de cocina japonesa a la parrilla con muchas ideas e inspiraci\u00f3n. Haz tu pedido en Konro Grill.","breadcrumb":{"@id":"https:\/\/konro-grill.com\/product\/kookboek-japanese-grill\/#breadcrumb"},"inLanguage":"es","potentialAction":[{"@type":"ReadAction","target":["https:\/\/konro-grill.com\/product\/kookboek-japanese-grill\/"]}]},{"@type":"ImageObject","inLanguage":"es","@id":"https:\/\/konro-grill.com\/product\/kookboek-japanese-grill\/#primaryimage","url":"https:\/\/konro-grill.com\/wp-content\/uploads\/2023\/07\/Kookboek-Japanese-grill-BBQdirect.jpg","contentUrl":"https:\/\/konro-grill.com\/wp-content\/uploads\/2023\/07\/Kookboek-Japanese-grill-BBQdirect.jpg","width":800,"height":800,"caption":"Japanese grill The magic of YAKINIKU"},{"@type":"BreadcrumbList","@id":"https:\/\/konro-grill.com\/product\/kookboek-japanese-grill\/#breadcrumb","itemListElement":[{"@type":"ListItem","position":1,"name":"Home","item":"https:\/\/konro-grill.com\/"},{"@type":"ListItem","position":2,"name":"Winkel","item":"https:\/\/konro-grill.com\/winkel\/"},{"@type":"ListItem","position":3,"name":"Kookboek Japanese Grill &#8211; Nederlands"}]},{"@type":"WebSite","@id":"https:\/\/konro-grill.com\/#website","url":"https:\/\/konro-grill.com\/","name":"Parrilla Konro","description":"Konro Grill, el mayor especialista en barbacoa japonesa","publisher":{"@id":"https:\/\/konro-grill.com\/#organization"},"potentialAction":[{"@type":"SearchAction","target":{"@type":"EntryPoint","urlTemplate":"https:\/\/konro-grill.com\/?s={search_term_string}"},"query-input":{"@type":"PropertyValueSpecification","valueRequired":true,"valueName":"search_term_string"}}],"inLanguage":"es"},{"@type":"Organization","@id":"https:\/\/konro-grill.com\/#organization","name":"Parrilla Konro","url":"https:\/\/konro-grill.com\/","logo":{"@type":"ImageObject","inLanguage":"es","@id":"https:\/\/konro-grill.com\/#\/schema\/logo\/image\/","url":"https:\/\/konro-grill.com\/wp-content\/uploads\/2021\/10\/konro-grill-logo.png","contentUrl":"https:\/\/konro-grill.com\/wp-content\/uploads\/2021\/10\/konro-grill-logo.png","width":650,"height":80,"caption":"Konro Grill"},"image":{"@id":"https:\/\/konro-grill.com\/#\/schema\/logo\/image\/"},"sameAs":["https:\/\/facebook.com\/KonroGrillCom","https:\/\/www.instagram.com\/konrogrillcom\/"]}]}},"df_price":32.99,"df_sale_price":"","df_regular_price":32.99,"df_image_link":"https:\/\/konro-grill.com\/wp-content\/uploads\/2023\/07\/Kookboek-Japanese-grill-BBQdirect-300x300.jpg","_links":{"self":[{"href":"https:\/\/konro-grill.com\/es\/wp-json\/wp\/v2\/product\/3196","targetHints":{"allow":["GET"]}}],"collection":[{"href":"https:\/\/konro-grill.com\/es\/wp-json\/wp\/v2\/product"}],"about":[{"href":"https:\/\/konro-grill.com\/es\/wp-json\/wp\/v2\/types\/product"}],"wp:featuredmedia":[{"embeddable":true,"href":"https:\/\/konro-grill.com\/es\/wp-json\/wp\/v2\/media\/3220"}],"wp:attachment":[{"href":"https:\/\/konro-grill.com\/es\/wp-json\/wp\/v2\/media?parent=3196"}],"wp:term":[{"taxonomy":"product_brand","embeddable":true,"href":"https:\/\/konro-grill.com\/es\/wp-json\/wp\/v2\/product_brand?post=3196"},{"taxonomy":"product_cat","embeddable":true,"href":"https:\/\/konro-grill.com\/es\/wp-json\/wp\/v2\/product_cat?post=3196"},{"taxonomy":"product_tag","embeddable":true,"href":"https:\/\/konro-grill.com\/es\/wp-json\/wp\/v2\/product_tag?post=3196"}],"curies":[{"name":"wp","href":"https:\/\/api.w.org\/{rel}","templated":true}]}}