{"id":3199,"date":"2023-07-19T16:14:08","date_gmt":"2023-07-19T14:14:08","guid":{"rendered":"https:\/\/konro-grill.com\/?post_type=product&#038;p=3199"},"modified":"2026-04-22T10:28:05","modified_gmt":"2026-04-22T08:28:05","slug":"ronda-yakiniku-shichirin","status":"publish","type":"product","link":"https:\/\/konro-grill.com\/es\/producto\/ronda-yakiniku-shichirin\/","title":{"rendered":"Ronda YAKINIKU Shichirin"},"content":{"rendered":"<div class=\"wpb-content-wrapper\"><div class=\"vc_row wpb_row vc_row-fluid wpex-relative\"><div class=\"wpb_column vc_column_container vc_col-sm-12\"><div class=\"vc_column-inner\"><div class=\"wpb_wrapper\">\n\t<div class=\"wpb_text_column wpb_content_element\" >\n\t\t<div class=\"wpb_wrapper\">\n\t\t\t<h3>El YAKINIKU Shichirin Round es un grill de estilo japon\u00e9s.<\/h3>\n<p>Trabajar con la Ronda Shichirin YAKINIKU, una barbacoa al estilo japon\u00e9s, es una forma social de hacer barbacoas. Reunir a la gente, llenar la mesa de sabrosos ingredientes y asar juntos. Asar en una YAKINIKU Shichirin Round no es s\u00f3lo una barbacoa. Es una disciplina totalmente distinta. M\u00e1s refinada, elegante y peque\u00f1a. En esta YAKINIKU Shichirin Mediana, preparar\u00e1s los platos m\u00e1s deliciosos con gran precisi\u00f3n.<\/p>\n<p>Ten en cuenta que un YAKINIKU Shichirin Round no es un grill original japon\u00e9s, este grill konro est\u00e1 fabricado en China. La calidad es buena para uso dom\u00e9stico, no recomendamos utilizar esta parrilla profesionalmente.<\/p>\n<p>Ver todos <a href=\"https:\/\/konro-grill.com\/es\/accesorios-yakiniku-shichirin\/\">Accesorios Yakiniku Shichrin<\/a>.<\/p>\n\n\t\t<\/div>\n\t<\/div>\n<div class=\"vcex-spacing wpex-w-100 wpex-clear\" style=\"height:32px;\"><\/div><div class=\"templatera_shortcode\"><style type=\"text\/css\" data-type=\"vc_shortcodes-custom-css\">.vc_custom_1657802039208{margin-bottom: 0px !important;}<\/style><div class=\"vc_row wpb_row vc_row-fluid geschikt-voor-row-alt wpex-relative\"><div class=\"wpb_column vc_column_container vc_col-sm-12\"><div class=\"vc_column-inner vc_custom_1657802039208\"><div class=\"wpb_wrapper\">\n\t<div class=\"wpb_text_column wpb_content_element left\" >\n\t\t<div class=\"wpb_wrapper\">\n\t\t\t<h2 style=\"text-align: center;\">Esto es lo que puedes hacer con la parrilla Konro<\/h2>\n\n\t\t<\/div>\n\t<\/div>\n<div class=\"vc_row wpb_row vc_inner vc_row-fluid wpex-relative\"><div class=\"wpb_column vc_column_container vc_col-sm-4\"><div class=\"vc_column-inner\"><div class=\"wpb_wrapper\">\n\t<div  class=\"wpb_single_image wpb_content_element vc_align_center wpb_content_element  icon\">\n\t\t\n\t\t<figure class=\"wpb_wrapper vc_figure\">\n\t\t\t<div class=\"vc_single_image-wrapper   vc_box_border_grey\"><img width=\"1\" height=\"1\" src=\"https:\/\/konro-grill.com\/wp-content\/uploads\/2020\/11\/vlees.svg\" class=\"vc_single_image-img attachment-full\" alt=\"\" title=\"carne\" \/><\/div>\n\t\t<\/figure>\n\t<\/div>\n\n\t<div class=\"wpb_text_column wpb_content_element textcenter\" >\n\t\t<div class=\"wpb_wrapper\">\n\t\t\t<h3>Aves de corral y carne<\/h3>\n<p>Ase el pollo al estilo yakitori y chamusque las finas y tiernas lonchas de Wagyu.<\/p>\n\n\t\t<\/div>\n\t<\/div>\n<\/div><\/div><\/div><div class=\"wpb_column vc_column_container vc_col-sm-4\"><div class=\"vc_column-inner\"><div class=\"wpb_wrapper\">\n\t<div  class=\"wpb_single_image wpb_content_element vc_align_center wpb_content_element  icon\">\n\t\t\n\t\t<figure class=\"wpb_wrapper vc_figure\">\n\t\t\t<div class=\"vc_single_image-wrapper   vc_box_border_grey\"><img width=\"1\" height=\"1\" src=\"https:\/\/konro-grill.com\/wp-content\/uploads\/2020\/11\/vis.svg\" class=\"vc_single_image-img attachment-full\" alt=\"\" title=\"pescado\" \/><\/div>\n\t\t<\/figure>\n\t<\/div>\n\n\t<div class=\"wpb_text_column wpb_content_element textcenter\" >\n\t\t<div class=\"wpb_wrapper\">\n\t\t\t<h3>Pescado y marisco<\/h3>\n<p>Ase directamente el marisco o el pescado. \u00a1Delicioso! \u00a1Pruebe los sabores puros!<\/p>\n\n\t\t<\/div>\n\t<\/div>\n<\/div><\/div><\/div><div class=\"wpb_column vc_column_container vc_col-sm-4\"><div class=\"vc_column-inner\"><div class=\"wpb_wrapper\">\n\t<div  class=\"wpb_single_image wpb_content_element vc_align_center wpb_content_element  icon\">\n\t\t\n\t\t<figure class=\"wpb_wrapper vc_figure\">\n\t\t\t<div class=\"vc_single_image-wrapper   vc_box_border_grey\"><img width=\"1\" height=\"1\" src=\"https:\/\/konro-grill.com\/wp-content\/uploads\/2020\/11\/groente.svg\" class=\"vc_single_image-img attachment-full\" alt=\"\" title=\"verduras\" \/><\/div>\n\t\t<\/figure>\n\t<\/div>\n\n\t<div class=\"wpb_text_column wpb_content_element textcenter\" >\n\t\t<div class=\"wpb_wrapper\">\n\t\t\t<h3>Frutas y hortalizas<\/h3>\n<p>Asa verduras o incluso fruta. \u00a1L\u00e1quelo y sorpr\u00e9ndase de su sabor!<\/p>\n\n\t\t<\/div>\n\t<\/div>\n<\/div><\/div><\/div><\/div><\/div><\/div><\/div><\/div><\/div><\/div><\/div><\/div><\/div>\n<\/div>","protected":false},"excerpt":{"rendered":"<h2>El YAKINIKU Shichirin Redondo, tambi\u00e9n conocido como parrilla konro o parrilla yakitori.<\/h2>\n<p>El Yakiniku Shichirin redondo tiene un <strong>superficie de asado de 31 cm<\/strong>. \u00bfQuieres a\u00f1adir una dimensi\u00f3n extra al trabajo con esta parrilla? Entonces elige este <a href=\"https:\/\/konro-grill.com\/es\/producto\/plato-yakiniku-teppanyaki-redondo\/\">Plato Teppanyaki<\/a>. Este Shichirin es adecuado para <strong>De 2 a 6 personas<\/strong>pesa aprox. <strong>11 kg<\/strong> y viene con un <strong>bandeja de mesa de madera<\/strong>.<\/p>","protected":false},"featured_media":3224,"template":"","meta":{"inline_featured_image":false},"product_brand":[],"product_cat":[425],"product_tag":[],"class_list":{"0":"post-3199","1":"product","2":"type-product","3":"status-publish","4":"has-post-thumbnail","6":"product_cat-yakiniku-grill","7":"entry","8":"has-media","10":"first","11":"instock","12":"sale","13":"taxable","14":"shipping-taxable","15":"purchasable","16":"product-type-simple"},"bundled_by":["3213","6818"],"bundle_stock_status":"instock","bundle_stock_quantity":9,"bundle_virtual":false,"bundle_layout":"","bundle_add_to_cart_form_location":"","bundle_editable_in_cart":false,"bundle_sold_individually_context":"","bundle_item_grouping":"","bundle_min_size":"","bundle_max_size":"","bundle_price":[],"bundled_items":[],"bundle_sell_ids":[6674,8960,9007,3202,3204,3203,3195,3891,9989,915],"yoast_head":"<!-- This site is optimized with the Yoast SEO plugin v27.4 - https:\/\/yoast.com\/product\/yoast-seo-wordpress\/ -->\n<title>YAKINIKU Shichirin Rond bij Konro Grill, de grootste Japanse BBQ specialist<\/title>\n<meta name=\"description\" content=\"De YAKINIKU Shichirin rond is een traditionele Japanse stijl tafelgrill. Complete set inclusief tafel plateau meegeleverd. Grilloppervlakte van 31 cm.\" \/>\n<meta name=\"robots\" content=\"index, follow, max-snippet:-1, max-image-preview:large, max-video-preview:-1\" \/>\n<link rel=\"canonical\" href=\"https:\/\/konro-grill.com\/es\/producto\/ronda-yakiniku-shichirin\/\" \/>\n<meta property=\"og:locale\" content=\"es_ES\" \/>\n<meta property=\"og:type\" content=\"article\" \/>\n<meta property=\"og:title\" content=\"YAKINIKU Shichirin Rond bij Konro Grill, de grootste Japanse BBQ specialist\" \/>\n<meta property=\"og:description\" content=\"De YAKINIKU Shichirin rond is een traditionele Japanse stijl tafelgrill. Complete set inclusief tafel plateau meegeleverd. Grilloppervlakte van 31 cm.\" \/>\n<meta property=\"og:url\" content=\"https:\/\/konro-grill.com\/es\/producto\/ronda-yakiniku-shichirin\/\" \/>\n<meta property=\"og:site_name\" content=\"Konro Grill, de grootste Japanse BBQ specialist\" \/>\n<meta property=\"article:publisher\" content=\"https:\/\/facebook.com\/KonroGrillCom\" \/>\n<meta property=\"article:modified_time\" content=\"2026-04-22T08:28:05+00:00\" \/>\n<meta property=\"og:image\" content=\"https:\/\/konro-grill.com\/wp-content\/uploads\/2023\/07\/YAKINIKU-MEDIUM-Ronde-Shichirin-Teppanyaki-Hibachi-grill-BBQdirect.jpg\" \/>\n\t<meta property=\"og:image:width\" content=\"800\" \/>\n\t<meta property=\"og:image:height\" content=\"800\" \/>\n\t<meta property=\"og:image:type\" content=\"image\/jpeg\" \/>\n<meta name=\"twitter:card\" content=\"summary_large_image\" \/>\n<meta name=\"twitter:label1\" content=\"Tiempo de lectura\" \/>\n\t<meta name=\"twitter:data1\" content=\"1 minuto\" \/>\n<script type=\"application\/ld+json\" class=\"yoast-schema-graph\">{\"@context\":\"https:\\\/\\\/schema.org\",\"@graph\":[{\"@type\":\"WebPage\",\"@id\":\"https:\\\/\\\/konro-grill.com\\\/product\\\/yakiniku-shichirin-rond\\\/\",\"url\":\"https:\\\/\\\/konro-grill.com\\\/product\\\/yakiniku-shichirin-rond\\\/\",\"name\":\"YAKINIKU Shichirin Rond bij Konro Grill, de grootste Japanse BBQ specialist\",\"isPartOf\":{\"@id\":\"https:\\\/\\\/konro-grill.com\\\/#website\"},\"primaryImageOfPage\":{\"@id\":\"https:\\\/\\\/konro-grill.com\\\/product\\\/yakiniku-shichirin-rond\\\/#primaryimage\"},\"image\":{\"@id\":\"https:\\\/\\\/konro-grill.com\\\/product\\\/yakiniku-shichirin-rond\\\/#primaryimage\"},\"thumbnailUrl\":\"https:\\\/\\\/konro-grill.com\\\/wp-content\\\/uploads\\\/2023\\\/07\\\/YAKINIKU-MEDIUM-Ronde-Shichirin-Teppanyaki-Hibachi-grill-BBQdirect.jpg\",\"datePublished\":\"2023-07-19T14:14:08+00:00\",\"dateModified\":\"2026-04-22T08:28:05+00:00\",\"description\":\"De YAKINIKU Shichirin rond is een traditionele Japanse stijl tafelgrill. Complete set inclusief tafel plateau meegeleverd. Grilloppervlakte van 31 cm.\",\"breadcrumb\":{\"@id\":\"https:\\\/\\\/konro-grill.com\\\/product\\\/yakiniku-shichirin-rond\\\/#breadcrumb\"},\"inLanguage\":\"es\",\"potentialAction\":[{\"@type\":\"ReadAction\",\"target\":[\"https:\\\/\\\/konro-grill.com\\\/product\\\/yakiniku-shichirin-rond\\\/\"]}]},{\"@type\":\"ImageObject\",\"inLanguage\":\"es\",\"@id\":\"https:\\\/\\\/konro-grill.com\\\/product\\\/yakiniku-shichirin-rond\\\/#primaryimage\",\"url\":\"https:\\\/\\\/konro-grill.com\\\/wp-content\\\/uploads\\\/2023\\\/07\\\/YAKINIKU-MEDIUM-Ronde-Shichirin-Teppanyaki-Hibachi-grill-BBQdirect.jpg\",\"contentUrl\":\"https:\\\/\\\/konro-grill.com\\\/wp-content\\\/uploads\\\/2023\\\/07\\\/YAKINIKU-MEDIUM-Ronde-Shichirin-Teppanyaki-Hibachi-grill-BBQdirect.jpg\",\"width\":800,\"height\":800},{\"@type\":\"BreadcrumbList\",\"@id\":\"https:\\\/\\\/konro-grill.com\\\/product\\\/yakiniku-shichirin-rond\\\/#breadcrumb\",\"itemListElement\":[{\"@type\":\"ListItem\",\"position\":1,\"name\":\"Home\",\"item\":\"https:\\\/\\\/konro-grill.com\\\/\"},{\"@type\":\"ListItem\",\"position\":2,\"name\":\"Winkel\",\"item\":\"https:\\\/\\\/konro-grill.com\\\/winkel\\\/\"},{\"@type\":\"ListItem\",\"position\":3,\"name\":\"YAKINIKU Shichirin Rond\"}]},{\"@type\":\"WebSite\",\"@id\":\"https:\\\/\\\/konro-grill.com\\\/#website\",\"url\":\"https:\\\/\\\/konro-grill.com\\\/\",\"name\":\"Konro Grill\",\"description\":\"Konro Grill, de Grootste Japanse BBQ Specialist\",\"publisher\":{\"@id\":\"https:\\\/\\\/konro-grill.com\\\/#organization\"},\"potentialAction\":[{\"@type\":\"SearchAction\",\"target\":{\"@type\":\"EntryPoint\",\"urlTemplate\":\"https:\\\/\\\/konro-grill.com\\\/?s={search_term_string}\"},\"query-input\":{\"@type\":\"PropertyValueSpecification\",\"valueRequired\":true,\"valueName\":\"search_term_string\"}}],\"inLanguage\":\"es\"},{\"@type\":\"Organization\",\"@id\":\"https:\\\/\\\/konro-grill.com\\\/#organization\",\"name\":\"Konro Grill\",\"url\":\"https:\\\/\\\/konro-grill.com\\\/\",\"logo\":{\"@type\":\"ImageObject\",\"inLanguage\":\"es\",\"@id\":\"https:\\\/\\\/konro-grill.com\\\/#\\\/schema\\\/logo\\\/image\\\/\",\"url\":\"https:\\\/\\\/konro-grill.com\\\/wp-content\\\/uploads\\\/2021\\\/10\\\/konro-grill-logo.png\",\"contentUrl\":\"https:\\\/\\\/konro-grill.com\\\/wp-content\\\/uploads\\\/2021\\\/10\\\/konro-grill-logo.png\",\"width\":650,\"height\":80,\"caption\":\"Konro Grill\"},\"image\":{\"@id\":\"https:\\\/\\\/konro-grill.com\\\/#\\\/schema\\\/logo\\\/image\\\/\"},\"sameAs\":[\"https:\\\/\\\/facebook.com\\\/KonroGrillCom\",\"https:\\\/\\\/www.instagram.com\\\/konrogrillcom\\\/\"]}]}<\/script>\n<!-- \/ Yoast SEO plugin. -->","yoast_head_json":{"title":"Ronda YAKINIKU Shichirin en Konro Grill, el mayor especialista en barbacoa japonesa","description":"El YAKINIKU Shichirin redondo es una parrilla de mesa tradicional de estilo japon\u00e9s. Juego completo con bandeja de mesa incluida. Superficie de la parrilla de 31 cm.","robots":{"index":"index","follow":"follow","max-snippet":"max-snippet:-1","max-image-preview":"max-image-preview:large","max-video-preview":"max-video-preview:-1"},"canonical":"https:\/\/konro-grill.com\/es\/producto\/ronda-yakiniku-shichirin\/","og_locale":"es_ES","og_type":"article","og_title":"YAKINIKU Shichirin Rond bij Konro Grill, de grootste Japanse BBQ specialist","og_description":"De YAKINIKU Shichirin rond is een traditionele Japanse stijl tafelgrill. Complete set inclusief tafel plateau meegeleverd. Grilloppervlakte van 31 cm.","og_url":"https:\/\/konro-grill.com\/es\/producto\/ronda-yakiniku-shichirin\/","og_site_name":"Konro Grill, de grootste Japanse BBQ specialist","article_publisher":"https:\/\/facebook.com\/KonroGrillCom","article_modified_time":"2026-04-22T08:28:05+00:00","og_image":[{"width":800,"height":800,"url":"https:\/\/konro-grill.com\/wp-content\/uploads\/2023\/07\/YAKINIKU-MEDIUM-Ronde-Shichirin-Teppanyaki-Hibachi-grill-BBQdirect.jpg","type":"image\/jpeg"}],"twitter_card":"summary_large_image","twitter_misc":{"Tiempo de lectura":"1 minuto"},"schema":{"@context":"https:\/\/schema.org","@graph":[{"@type":"WebPage","@id":"https:\/\/konro-grill.com\/product\/yakiniku-shichirin-rond\/","url":"https:\/\/konro-grill.com\/product\/yakiniku-shichirin-rond\/","name":"Ronda YAKINIKU Shichirin en Konro Grill, el mayor especialista en barbacoa japonesa","isPartOf":{"@id":"https:\/\/konro-grill.com\/#website"},"primaryImageOfPage":{"@id":"https:\/\/konro-grill.com\/product\/yakiniku-shichirin-rond\/#primaryimage"},"image":{"@id":"https:\/\/konro-grill.com\/product\/yakiniku-shichirin-rond\/#primaryimage"},"thumbnailUrl":"https:\/\/konro-grill.com\/wp-content\/uploads\/2023\/07\/YAKINIKU-MEDIUM-Ronde-Shichirin-Teppanyaki-Hibachi-grill-BBQdirect.jpg","datePublished":"2023-07-19T14:14:08+00:00","dateModified":"2026-04-22T08:28:05+00:00","description":"El YAKINIKU Shichirin redondo es una parrilla de mesa tradicional de estilo japon\u00e9s. Juego completo con bandeja de mesa incluida. Superficie de la parrilla de 31 cm.","breadcrumb":{"@id":"https:\/\/konro-grill.com\/product\/yakiniku-shichirin-rond\/#breadcrumb"},"inLanguage":"es","potentialAction":[{"@type":"ReadAction","target":["https:\/\/konro-grill.com\/product\/yakiniku-shichirin-rond\/"]}]},{"@type":"ImageObject","inLanguage":"es","@id":"https:\/\/konro-grill.com\/product\/yakiniku-shichirin-rond\/#primaryimage","url":"https:\/\/konro-grill.com\/wp-content\/uploads\/2023\/07\/YAKINIKU-MEDIUM-Ronde-Shichirin-Teppanyaki-Hibachi-grill-BBQdirect.jpg","contentUrl":"https:\/\/konro-grill.com\/wp-content\/uploads\/2023\/07\/YAKINIKU-MEDIUM-Ronde-Shichirin-Teppanyaki-Hibachi-grill-BBQdirect.jpg","width":800,"height":800},{"@type":"BreadcrumbList","@id":"https:\/\/konro-grill.com\/product\/yakiniku-shichirin-rond\/#breadcrumb","itemListElement":[{"@type":"ListItem","position":1,"name":"Home","item":"https:\/\/konro-grill.com\/"},{"@type":"ListItem","position":2,"name":"Winkel","item":"https:\/\/konro-grill.com\/winkel\/"},{"@type":"ListItem","position":3,"name":"YAKINIKU Shichirin Rond"}]},{"@type":"WebSite","@id":"https:\/\/konro-grill.com\/#website","url":"https:\/\/konro-grill.com\/","name":"Parrilla Konro","description":"Konro Grill, el mayor especialista en barbacoa japonesa","publisher":{"@id":"https:\/\/konro-grill.com\/#organization"},"potentialAction":[{"@type":"SearchAction","target":{"@type":"EntryPoint","urlTemplate":"https:\/\/konro-grill.com\/?s={search_term_string}"},"query-input":{"@type":"PropertyValueSpecification","valueRequired":true,"valueName":"search_term_string"}}],"inLanguage":"es"},{"@type":"Organization","@id":"https:\/\/konro-grill.com\/#organization","name":"Parrilla Konro","url":"https:\/\/konro-grill.com\/","logo":{"@type":"ImageObject","inLanguage":"es","@id":"https:\/\/konro-grill.com\/#\/schema\/logo\/image\/","url":"https:\/\/konro-grill.com\/wp-content\/uploads\/2021\/10\/konro-grill-logo.png","contentUrl":"https:\/\/konro-grill.com\/wp-content\/uploads\/2021\/10\/konro-grill-logo.png","width":650,"height":80,"caption":"Konro Grill"},"image":{"@id":"https:\/\/konro-grill.com\/#\/schema\/logo\/image\/"},"sameAs":["https:\/\/facebook.com\/KonroGrillCom","https:\/\/www.instagram.com\/konrogrillcom\/"]}]}},"df_price":179.1,"df_sale_price":179.1,"df_regular_price":199,"df_image_link":"https:\/\/konro-grill.com\/wp-content\/uploads\/2023\/07\/YAKINIKU-MEDIUM-Ronde-Shichirin-Teppanyaki-Hibachi-grill-BBQdirect-300x300.jpg","_links":{"self":[{"href":"https:\/\/konro-grill.com\/es\/wp-json\/wp\/v2\/product\/3199","targetHints":{"allow":["GET"]}}],"collection":[{"href":"https:\/\/konro-grill.com\/es\/wp-json\/wp\/v2\/product"}],"about":[{"href":"https:\/\/konro-grill.com\/es\/wp-json\/wp\/v2\/types\/product"}],"wp:featuredmedia":[{"embeddable":true,"href":"https:\/\/konro-grill.com\/es\/wp-json\/wp\/v2\/media\/3224"}],"wp:attachment":[{"href":"https:\/\/konro-grill.com\/es\/wp-json\/wp\/v2\/media?parent=3199"}],"wp:term":[{"taxonomy":"product_brand","embeddable":true,"href":"https:\/\/konro-grill.com\/es\/wp-json\/wp\/v2\/product_brand?post=3199"},{"taxonomy":"product_cat","embeddable":true,"href":"https:\/\/konro-grill.com\/es\/wp-json\/wp\/v2\/product_cat?post=3199"},{"taxonomy":"product_tag","embeddable":true,"href":"https:\/\/konro-grill.com\/es\/wp-json\/wp\/v2\/product_tag?post=3199"}],"curies":[{"name":"wp","href":"https:\/\/api.w.org\/{rel}","templated":true}]}}