{"id":5115,"date":"2024-02-01T15:13:14","date_gmt":"2024-02-01T14:13:14","guid":{"rendered":"https:\/\/konro-grill.com\/?post_type=product&#038;p=5115"},"modified":"2026-04-03T22:28:02","modified_gmt":"2026-04-03T20:28:02","slug":"kasai-pequena-robata","status":"publish","type":"product","link":"https:\/\/konro-grill.com\/es\/producto\/kasai-pequena-robata\/","title":{"rendered":"Peque\u00f1a Robata Kasai"},"content":{"rendered":"<h2>Peque\u00f1a Robata Kasai: m\u00e1s espacio y trabajo a diferentes alturas.<\/h2>\n<p>Esto es imprescindible si trabajas profesionalmente con la Kasai Little: \u00a1la Kasai Little Robata! Te permite trabajar f\u00e1cilmente a alturas variables y con varias zonas de calor al mismo tiempo. \u00bfLa superficie de tu parrilla es demasiado peque\u00f1a? \u00bfO el calor es demasiado intenso? Con la Kasai Little Robata, podr\u00e1s crear mucho m\u00e1s espacio y altura en tu Kasai Grill en un abrir y cerrar de ojos.<\/p>\n<p>Este accesorio Kasai de alta calidad es <strong>de acero inoxidable<\/strong>\u00a0y viene con\u00a0<strong>2 rejillas adicionales<\/strong>.<\/p>","protected":false},"excerpt":{"rendered":"<h2>Peque\u00f1a Robata Kasai: m\u00e1s espacio y trabajo a diferentes alturas.<\/h2>\n<p>Esto es imprescindible si trabajas profesionalmente con la Kasai Little: \u00a1la Kasai Little Robata! Te permite trabajar f\u00e1cilmente a alturas variables y con varias zonas de calor al mismo tiempo. \u00bfLa superficie de tu parrilla es demasiado peque\u00f1a? \u00bfO el calor es demasiado intenso? Con la Kasai Little Robata, podr\u00e1s crear mucho m\u00e1s espacio en tu Kasai Grill en un abrir y cerrar de ojos.<\/p>\n<p>Este accesorio Kasai de alta calidad es <strong>de acero inoxidable<\/strong>\u00a0y viene con\u00a0<strong>2 rejillas adicionales<\/strong>.<\/p>","protected":false},"featured_media":5122,"template":"","meta":{"inline_featured_image":false},"product_brand":[],"product_cat":[472,433,20],"product_tag":[],"class_list":{"0":"post-5115","1":"product","2":"type-product","3":"status-publish","4":"has-post-thumbnail","6":"product_cat-kasai-accessoires","7":"product_cat-kasai-little","8":"product_cat-konro-grills","9":"entry","10":"has-media","12":"first","13":"instock","14":"taxable","15":"shipping-taxable","16":"purchasable","17":"product-type-simple"},"bundled_by":[],"bundle_stock_status":"instock","bundle_stock_quantity":5,"bundle_virtual":false,"bundle_layout":"","bundle_add_to_cart_form_location":"","bundle_editable_in_cart":false,"bundle_sold_individually_context":"","bundle_item_grouping":"","bundle_min_size":"","bundle_max_size":"","bundle_price":[],"bundled_items":[],"bundle_sell_ids":[5024,5111],"yoast_head":"<!-- This site is optimized with the Yoast SEO plugin v27.3 - https:\/\/yoast.com\/product\/yoast-seo-wordpress\/ -->\n<title>Kasai Little Robata, must have accessoire voor je Kasai Grill<\/title>\n<meta name=\"description\" content=\"Cre\u00eber meer ruimte op je Kasai Little met het RVS Robata Rack. Werk op hoogte, met diverse hittezones tegelijkertijd en cre\u00eber meer ruimte.\" \/>\n<meta name=\"robots\" content=\"index, follow, max-snippet:-1, max-image-preview:large, max-video-preview:-1\" \/>\n<link rel=\"canonical\" href=\"https:\/\/konro-grill.com\/es\/producto\/kasai-pequena-robata\/\" \/>\n<meta property=\"og:locale\" content=\"es_ES\" \/>\n<meta property=\"og:type\" content=\"article\" \/>\n<meta property=\"og:title\" content=\"Kasai Little Robata, must have accessoire voor je Kasai Grill\" \/>\n<meta property=\"og:description\" content=\"Cre\u00eber meer ruimte op je Kasai Little met het RVS Robata Rack. Werk op hoogte, met diverse hittezones tegelijkertijd en cre\u00eber meer ruimte.\" \/>\n<meta property=\"og:url\" content=\"https:\/\/konro-grill.com\/es\/producto\/kasai-pequena-robata\/\" \/>\n<meta property=\"og:site_name\" content=\"Konro Grill, de grootste Japanse BBQ specialist\" \/>\n<meta property=\"article:publisher\" content=\"https:\/\/facebook.com\/KonroGrillCom\" \/>\n<meta property=\"article:modified_time\" content=\"2026-04-03T20:28:02+00:00\" \/>\n<meta property=\"og:image\" content=\"https:\/\/konro-grill.com\/wp-content\/uploads\/2024\/02\/Kasai-Little_5-1.jpg\" \/>\n\t<meta property=\"og:image:width\" content=\"800\" \/>\n\t<meta property=\"og:image:height\" content=\"800\" \/>\n\t<meta property=\"og:image:type\" content=\"image\/jpeg\" \/>\n<meta name=\"twitter:card\" content=\"summary_large_image\" \/>\n<meta name=\"twitter:label1\" content=\"Tiempo de lectura\" \/>\n\t<meta name=\"twitter:data1\" content=\"1 minuto\" \/>\n<script type=\"application\/ld+json\" class=\"yoast-schema-graph\">{\"@context\":\"https:\\\/\\\/schema.org\",\"@graph\":[{\"@type\":\"WebPage\",\"@id\":\"https:\\\/\\\/konro-grill.com\\\/product\\\/kasai-little-robata\\\/\",\"url\":\"https:\\\/\\\/konro-grill.com\\\/product\\\/kasai-little-robata\\\/\",\"name\":\"Kasai Little Robata, must have accessoire voor je Kasai Grill\",\"isPartOf\":{\"@id\":\"https:\\\/\\\/konro-grill.com\\\/#website\"},\"primaryImageOfPage\":{\"@id\":\"https:\\\/\\\/konro-grill.com\\\/product\\\/kasai-little-robata\\\/#primaryimage\"},\"image\":{\"@id\":\"https:\\\/\\\/konro-grill.com\\\/product\\\/kasai-little-robata\\\/#primaryimage\"},\"thumbnailUrl\":\"https:\\\/\\\/konro-grill.com\\\/wp-content\\\/uploads\\\/2024\\\/02\\\/Kasai-Little_5-1.jpg\",\"datePublished\":\"2024-02-01T14:13:14+00:00\",\"dateModified\":\"2026-04-03T20:28:02+00:00\",\"description\":\"Cre\u00eber meer ruimte op je Kasai Little met het RVS Robata Rack. Werk op hoogte, met diverse hittezones tegelijkertijd en cre\u00eber meer ruimte.\",\"breadcrumb\":{\"@id\":\"https:\\\/\\\/konro-grill.com\\\/product\\\/kasai-little-robata\\\/#breadcrumb\"},\"inLanguage\":\"es\",\"potentialAction\":[{\"@type\":\"ReadAction\",\"target\":[\"https:\\\/\\\/konro-grill.com\\\/product\\\/kasai-little-robata\\\/\"]}]},{\"@type\":\"ImageObject\",\"inLanguage\":\"es\",\"@id\":\"https:\\\/\\\/konro-grill.com\\\/product\\\/kasai-little-robata\\\/#primaryimage\",\"url\":\"https:\\\/\\\/konro-grill.com\\\/wp-content\\\/uploads\\\/2024\\\/02\\\/Kasai-Little_5-1.jpg\",\"contentUrl\":\"https:\\\/\\\/konro-grill.com\\\/wp-content\\\/uploads\\\/2024\\\/02\\\/Kasai-Little_5-1.jpg\",\"width\":800,\"height\":800,\"caption\":\"Kasai Little Robata\"},{\"@type\":\"BreadcrumbList\",\"@id\":\"https:\\\/\\\/konro-grill.com\\\/product\\\/kasai-little-robata\\\/#breadcrumb\",\"itemListElement\":[{\"@type\":\"ListItem\",\"position\":1,\"name\":\"Home\",\"item\":\"https:\\\/\\\/konro-grill.com\\\/\"},{\"@type\":\"ListItem\",\"position\":2,\"name\":\"Winkel\",\"item\":\"https:\\\/\\\/konro-grill.com\\\/winkel\\\/\"},{\"@type\":\"ListItem\",\"position\":3,\"name\":\"Kasai Little Robata\"}]},{\"@type\":\"WebSite\",\"@id\":\"https:\\\/\\\/konro-grill.com\\\/#website\",\"url\":\"https:\\\/\\\/konro-grill.com\\\/\",\"name\":\"Konro Grill\",\"description\":\"Konro Grill, de Grootste Japanse BBQ Specialist\",\"publisher\":{\"@id\":\"https:\\\/\\\/konro-grill.com\\\/#organization\"},\"potentialAction\":[{\"@type\":\"SearchAction\",\"target\":{\"@type\":\"EntryPoint\",\"urlTemplate\":\"https:\\\/\\\/konro-grill.com\\\/?s={search_term_string}\"},\"query-input\":{\"@type\":\"PropertyValueSpecification\",\"valueRequired\":true,\"valueName\":\"search_term_string\"}}],\"inLanguage\":\"es\"},{\"@type\":\"Organization\",\"@id\":\"https:\\\/\\\/konro-grill.com\\\/#organization\",\"name\":\"Konro Grill\",\"url\":\"https:\\\/\\\/konro-grill.com\\\/\",\"logo\":{\"@type\":\"ImageObject\",\"inLanguage\":\"es\",\"@id\":\"https:\\\/\\\/konro-grill.com\\\/#\\\/schema\\\/logo\\\/image\\\/\",\"url\":\"https:\\\/\\\/konro-grill.com\\\/wp-content\\\/uploads\\\/2021\\\/10\\\/konro-grill-logo.png\",\"contentUrl\":\"https:\\\/\\\/konro-grill.com\\\/wp-content\\\/uploads\\\/2021\\\/10\\\/konro-grill-logo.png\",\"width\":650,\"height\":80,\"caption\":\"Konro Grill\"},\"image\":{\"@id\":\"https:\\\/\\\/konro-grill.com\\\/#\\\/schema\\\/logo\\\/image\\\/\"},\"sameAs\":[\"https:\\\/\\\/facebook.com\\\/KonroGrillCom\",\"https:\\\/\\\/www.instagram.com\\\/konrogrillcom\\\/\"]}]}<\/script>\n<!-- \/ Yoast SEO plugin. -->","yoast_head_json":{"title":"Peque\u00f1a Robata Kasai, accesorio imprescindible para tu Parrilla Kasai","description":"Crea m\u00e1s espacio en tu Kasai Little con la Parrilla Robata de acero inoxidable. Trabaja en altura, con varias zonas de calor simult\u00e1neamente y crea m\u00e1s espacio.","robots":{"index":"index","follow":"follow","max-snippet":"max-snippet:-1","max-image-preview":"max-image-preview:large","max-video-preview":"max-video-preview:-1"},"canonical":"https:\/\/konro-grill.com\/es\/producto\/kasai-pequena-robata\/","og_locale":"es_ES","og_type":"article","og_title":"Kasai Little Robata, must have accessoire voor je Kasai Grill","og_description":"Cre\u00eber meer ruimte op je Kasai Little met het RVS Robata Rack. Werk op hoogte, met diverse hittezones tegelijkertijd en cre\u00eber meer ruimte.","og_url":"https:\/\/konro-grill.com\/es\/producto\/kasai-pequena-robata\/","og_site_name":"Konro Grill, de grootste Japanse BBQ specialist","article_publisher":"https:\/\/facebook.com\/KonroGrillCom","article_modified_time":"2026-04-03T20:28:02+00:00","og_image":[{"width":800,"height":800,"url":"https:\/\/konro-grill.com\/wp-content\/uploads\/2024\/02\/Kasai-Little_5-1.jpg","type":"image\/jpeg"}],"twitter_card":"summary_large_image","twitter_misc":{"Tiempo de lectura":"1 minuto"},"schema":{"@context":"https:\/\/schema.org","@graph":[{"@type":"WebPage","@id":"https:\/\/konro-grill.com\/product\/kasai-little-robata\/","url":"https:\/\/konro-grill.com\/product\/kasai-little-robata\/","name":"Peque\u00f1a Robata Kasai, accesorio imprescindible para tu Parrilla Kasai","isPartOf":{"@id":"https:\/\/konro-grill.com\/#website"},"primaryImageOfPage":{"@id":"https:\/\/konro-grill.com\/product\/kasai-little-robata\/#primaryimage"},"image":{"@id":"https:\/\/konro-grill.com\/product\/kasai-little-robata\/#primaryimage"},"thumbnailUrl":"https:\/\/konro-grill.com\/wp-content\/uploads\/2024\/02\/Kasai-Little_5-1.jpg","datePublished":"2024-02-01T14:13:14+00:00","dateModified":"2026-04-03T20:28:02+00:00","description":"Crea m\u00e1s espacio en tu Kasai Little con la Parrilla Robata de acero inoxidable. Trabaja en altura, con varias zonas de calor simult\u00e1neamente y crea m\u00e1s espacio.","breadcrumb":{"@id":"https:\/\/konro-grill.com\/product\/kasai-little-robata\/#breadcrumb"},"inLanguage":"es","potentialAction":[{"@type":"ReadAction","target":["https:\/\/konro-grill.com\/product\/kasai-little-robata\/"]}]},{"@type":"ImageObject","inLanguage":"es","@id":"https:\/\/konro-grill.com\/product\/kasai-little-robata\/#primaryimage","url":"https:\/\/konro-grill.com\/wp-content\/uploads\/2024\/02\/Kasai-Little_5-1.jpg","contentUrl":"https:\/\/konro-grill.com\/wp-content\/uploads\/2024\/02\/Kasai-Little_5-1.jpg","width":800,"height":800,"caption":"Kasai Little Robata"},{"@type":"BreadcrumbList","@id":"https:\/\/konro-grill.com\/product\/kasai-little-robata\/#breadcrumb","itemListElement":[{"@type":"ListItem","position":1,"name":"Home","item":"https:\/\/konro-grill.com\/"},{"@type":"ListItem","position":2,"name":"Winkel","item":"https:\/\/konro-grill.com\/winkel\/"},{"@type":"ListItem","position":3,"name":"Kasai Little Robata"}]},{"@type":"WebSite","@id":"https:\/\/konro-grill.com\/#website","url":"https:\/\/konro-grill.com\/","name":"Parrilla Konro","description":"Konro Grill, el mayor especialista en barbacoa japonesa","publisher":{"@id":"https:\/\/konro-grill.com\/#organization"},"potentialAction":[{"@type":"SearchAction","target":{"@type":"EntryPoint","urlTemplate":"https:\/\/konro-grill.com\/?s={search_term_string}"},"query-input":{"@type":"PropertyValueSpecification","valueRequired":true,"valueName":"search_term_string"}}],"inLanguage":"es"},{"@type":"Organization","@id":"https:\/\/konro-grill.com\/#organization","name":"Parrilla Konro","url":"https:\/\/konro-grill.com\/","logo":{"@type":"ImageObject","inLanguage":"es","@id":"https:\/\/konro-grill.com\/#\/schema\/logo\/image\/","url":"https:\/\/konro-grill.com\/wp-content\/uploads\/2021\/10\/konro-grill-logo.png","contentUrl":"https:\/\/konro-grill.com\/wp-content\/uploads\/2021\/10\/konro-grill-logo.png","width":650,"height":80,"caption":"Konro Grill"},"image":{"@id":"https:\/\/konro-grill.com\/#\/schema\/logo\/image\/"},"sameAs":["https:\/\/facebook.com\/KonroGrillCom","https:\/\/www.instagram.com\/konrogrillcom\/"]}]}},"df_price":225,"df_sale_price":"","df_regular_price":225,"df_image_link":"https:\/\/konro-grill.com\/wp-content\/uploads\/2024\/02\/Kasai-Little_5-1-300x300.jpg","_links":{"self":[{"href":"https:\/\/konro-grill.com\/es\/wp-json\/wp\/v2\/product\/5115","targetHints":{"allow":["GET"]}}],"collection":[{"href":"https:\/\/konro-grill.com\/es\/wp-json\/wp\/v2\/product"}],"about":[{"href":"https:\/\/konro-grill.com\/es\/wp-json\/wp\/v2\/types\/product"}],"wp:featuredmedia":[{"embeddable":true,"href":"https:\/\/konro-grill.com\/es\/wp-json\/wp\/v2\/media\/5122"}],"wp:attachment":[{"href":"https:\/\/konro-grill.com\/es\/wp-json\/wp\/v2\/media?parent=5115"}],"wp:term":[{"taxonomy":"product_brand","embeddable":true,"href":"https:\/\/konro-grill.com\/es\/wp-json\/wp\/v2\/product_brand?post=5115"},{"taxonomy":"product_cat","embeddable":true,"href":"https:\/\/konro-grill.com\/es\/wp-json\/wp\/v2\/product_cat?post=5115"},{"taxonomy":"product_tag","embeddable":true,"href":"https:\/\/konro-grill.com\/es\/wp-json\/wp\/v2\/product_tag?post=5115"}],"curies":[{"name":"wp","href":"https:\/\/api.w.org\/{rel}","templated":true}]}}