{"id":5220,"date":"2024-02-06T14:00:32","date_gmt":"2024-02-06T13:00:32","guid":{"rendered":"https:\/\/konro-grill.com\/?post_type=product&#038;p=5220"},"modified":"2026-04-25T10:28:04","modified_gmt":"2026-04-25T08:28:04","slug":"baldosas-de-repuesto-kasai-nano","status":"publish","type":"product","link":"https:\/\/konro-grill.com\/es\/producto\/baldosas-de-repuesto-kasai-nano\/","title":{"rendered":"Baldosas Kasai Nano Reserve"},"content":{"rendered":"<p>&nbsp;<\/p>\n<p>&nbsp;<\/p>\n<p>&nbsp;<\/p>\n<p>&nbsp;<\/p>\n<p>&nbsp;<\/p>","protected":false},"excerpt":{"rendered":"<h2>Azulejos Kasai Nano Reserve, sustituye las paredes de tu parrilla Kasai<\/h2>\n<p>\u00bfEs exclusivo de Kasai? Puedes sustituir t\u00fa mismo todas las paredes de tu parrilla Kasai Nano. Pide un juego de paredes de repuesto y podr\u00e1s sustituirlas f\u00e1cilmente. Las baldosas est\u00e1n hechas de mineral natural que pasa por un proceso llamado exfoliaci\u00f3n. As\u00ed es como las baldosas Kasai se hacen resistentes al calor. Si tus paredes laterales est\u00e1n desgastadas, se pueden triturar y son 100% compostables. \u00a1\u00danicas y ecol\u00f3gicas!<\/p>","protected":false},"featured_media":5256,"template":"","meta":{"inline_featured_image":false},"product_brand":[],"product_cat":[472,432],"product_tag":[],"class_list":{"0":"post-5220","1":"product","2":"type-product","3":"status-publish","4":"has-post-thumbnail","6":"product_cat-kasai-accessoires","7":"product_cat-kasai-nano","8":"entry","9":"has-media","11":"first","12":"instock","13":"taxable","14":"shipping-taxable","15":"purchasable","16":"product-type-simple"},"bundled_by":[],"bundle_stock_status":"instock","bundle_stock_quantity":4,"bundle_virtual":false,"bundle_layout":"","bundle_add_to_cart_form_location":"","bundle_editable_in_cart":false,"bundle_sold_individually_context":"","bundle_item_grouping":"","bundle_min_size":"","bundle_max_size":"","bundle_price":[],"bundled_items":[],"bundle_sell_ids":[],"yoast_head":"<!-- This site is optimized with the Yoast SEO plugin v27.4 - https:\/\/yoast.com\/product\/yoast-seo-wordpress\/ -->\n<title>Kasai Nano reserve tegels, bestel bij de Japanse BBQ specialist<\/title>\n<meta name=\"description\" content=\"Kasai Nano reserve tegels, vervang je je Kasai Grill Nano wanden snel en is hij weer als nieuw! Bestel bij Konro Grill, de Japanse BBQ specialist.\" \/>\n<meta name=\"robots\" content=\"index, follow, max-snippet:-1, max-image-preview:large, max-video-preview:-1\" \/>\n<link rel=\"canonical\" href=\"https:\/\/konro-grill.com\/es\/producto\/baldosas-de-repuesto-kasai-nano\/\" \/>\n<meta property=\"og:locale\" content=\"es_ES\" \/>\n<meta property=\"og:type\" content=\"article\" \/>\n<meta property=\"og:title\" content=\"Kasai Nano reserve tegels, bestel bij de Japanse BBQ specialist\" \/>\n<meta property=\"og:description\" content=\"Kasai Nano reserve tegels, vervang je je Kasai Grill Nano wanden snel en is hij weer als nieuw! Bestel bij Konro Grill, de Japanse BBQ specialist.\" \/>\n<meta property=\"og:url\" content=\"https:\/\/konro-grill.com\/es\/producto\/baldosas-de-repuesto-kasai-nano\/\" \/>\n<meta property=\"og:site_name\" content=\"Konro Grill, de grootste Japanse BBQ specialist\" \/>\n<meta property=\"article:publisher\" content=\"https:\/\/facebook.com\/KonroGrillCom\" \/>\n<meta property=\"article:modified_time\" content=\"2026-04-25T08:28:04+00:00\" \/>\n<meta property=\"og:image\" content=\"https:\/\/konro-grill.com\/wp-content\/uploads\/2024\/02\/Kasai-Little-Tile.jpg\" \/>\n\t<meta property=\"og:image:width\" content=\"800\" \/>\n\t<meta property=\"og:image:height\" content=\"800\" \/>\n\t<meta property=\"og:image:type\" content=\"image\/jpeg\" \/>\n<meta name=\"twitter:card\" content=\"summary_large_image\" \/>\n<meta name=\"twitter:label1\" content=\"Tiempo de lectura\" \/>\n\t<meta name=\"twitter:data1\" content=\"1 minuto\" \/>\n<script type=\"application\/ld+json\" class=\"yoast-schema-graph\">{\"@context\":\"https:\\\/\\\/schema.org\",\"@graph\":[{\"@type\":\"WebPage\",\"@id\":\"https:\\\/\\\/konro-grill.com\\\/product\\\/kasai-nano-reserve-tegels\\\/\",\"url\":\"https:\\\/\\\/konro-grill.com\\\/product\\\/kasai-nano-reserve-tegels\\\/\",\"name\":\"Kasai Nano reserve tegels, bestel bij de Japanse BBQ specialist\",\"isPartOf\":{\"@id\":\"https:\\\/\\\/konro-grill.com\\\/#website\"},\"primaryImageOfPage\":{\"@id\":\"https:\\\/\\\/konro-grill.com\\\/product\\\/kasai-nano-reserve-tegels\\\/#primaryimage\"},\"image\":{\"@id\":\"https:\\\/\\\/konro-grill.com\\\/product\\\/kasai-nano-reserve-tegels\\\/#primaryimage\"},\"thumbnailUrl\":\"https:\\\/\\\/konro-grill.com\\\/wp-content\\\/uploads\\\/2024\\\/02\\\/Kasai-Little-Tile.jpg\",\"datePublished\":\"2024-02-06T13:00:32+00:00\",\"dateModified\":\"2026-04-25T08:28:04+00:00\",\"description\":\"Kasai Nano reserve tegels, vervang je je Kasai Grill Nano wanden snel en is hij weer als nieuw! Bestel bij Konro Grill, de Japanse BBQ specialist.\",\"breadcrumb\":{\"@id\":\"https:\\\/\\\/konro-grill.com\\\/product\\\/kasai-nano-reserve-tegels\\\/#breadcrumb\"},\"inLanguage\":\"es\",\"potentialAction\":[{\"@type\":\"ReadAction\",\"target\":[\"https:\\\/\\\/konro-grill.com\\\/product\\\/kasai-nano-reserve-tegels\\\/\"]}]},{\"@type\":\"ImageObject\",\"inLanguage\":\"es\",\"@id\":\"https:\\\/\\\/konro-grill.com\\\/product\\\/kasai-nano-reserve-tegels\\\/#primaryimage\",\"url\":\"https:\\\/\\\/konro-grill.com\\\/wp-content\\\/uploads\\\/2024\\\/02\\\/Kasai-Little-Tile.jpg\",\"contentUrl\":\"https:\\\/\\\/konro-grill.com\\\/wp-content\\\/uploads\\\/2024\\\/02\\\/Kasai-Little-Tile.jpg\",\"width\":800,\"height\":800,\"caption\":\"Kasai Nano Reserve Tegels\"},{\"@type\":\"BreadcrumbList\",\"@id\":\"https:\\\/\\\/konro-grill.com\\\/product\\\/kasai-nano-reserve-tegels\\\/#breadcrumb\",\"itemListElement\":[{\"@type\":\"ListItem\",\"position\":1,\"name\":\"Home\",\"item\":\"https:\\\/\\\/konro-grill.com\\\/\"},{\"@type\":\"ListItem\",\"position\":2,\"name\":\"Winkel\",\"item\":\"https:\\\/\\\/konro-grill.com\\\/winkel\\\/\"},{\"@type\":\"ListItem\",\"position\":3,\"name\":\"Kasai Nano Reserve Tegels\"}]},{\"@type\":\"WebSite\",\"@id\":\"https:\\\/\\\/konro-grill.com\\\/#website\",\"url\":\"https:\\\/\\\/konro-grill.com\\\/\",\"name\":\"Konro Grill\",\"description\":\"Konro Grill, de Grootste Japanse BBQ Specialist\",\"publisher\":{\"@id\":\"https:\\\/\\\/konro-grill.com\\\/#organization\"},\"potentialAction\":[{\"@type\":\"SearchAction\",\"target\":{\"@type\":\"EntryPoint\",\"urlTemplate\":\"https:\\\/\\\/konro-grill.com\\\/?s={search_term_string}\"},\"query-input\":{\"@type\":\"PropertyValueSpecification\",\"valueRequired\":true,\"valueName\":\"search_term_string\"}}],\"inLanguage\":\"es\"},{\"@type\":\"Organization\",\"@id\":\"https:\\\/\\\/konro-grill.com\\\/#organization\",\"name\":\"Konro Grill\",\"url\":\"https:\\\/\\\/konro-grill.com\\\/\",\"logo\":{\"@type\":\"ImageObject\",\"inLanguage\":\"es\",\"@id\":\"https:\\\/\\\/konro-grill.com\\\/#\\\/schema\\\/logo\\\/image\\\/\",\"url\":\"https:\\\/\\\/konro-grill.com\\\/wp-content\\\/uploads\\\/2021\\\/10\\\/konro-grill-logo.png\",\"contentUrl\":\"https:\\\/\\\/konro-grill.com\\\/wp-content\\\/uploads\\\/2021\\\/10\\\/konro-grill-logo.png\",\"width\":650,\"height\":80,\"caption\":\"Konro Grill\"},\"image\":{\"@id\":\"https:\\\/\\\/konro-grill.com\\\/#\\\/schema\\\/logo\\\/image\\\/\"},\"sameAs\":[\"https:\\\/\\\/facebook.com\\\/KonroGrillCom\",\"https:\\\/\\\/www.instagram.com\\\/konrogrillcom\\\/\"]}]}<\/script>\n<!-- \/ Yoast SEO plugin. -->","yoast_head_json":{"title":"Baldosas de repuesto Kasai Nano, p\u00eddelas al especialista en barbacoas japonesas","description":"Baldosas de repuesto Kasai Nano, \u00a1reemplaza r\u00e1pidamente las paredes de tu Kasai Grill Nano y volver\u00e1 a estar como nueva! Haz tu pedido a Konro Grill, el especialista en barbacoas japonesas.","robots":{"index":"index","follow":"follow","max-snippet":"max-snippet:-1","max-image-preview":"max-image-preview:large","max-video-preview":"max-video-preview:-1"},"canonical":"https:\/\/konro-grill.com\/es\/producto\/baldosas-de-repuesto-kasai-nano\/","og_locale":"es_ES","og_type":"article","og_title":"Kasai Nano reserve tegels, bestel bij de Japanse BBQ specialist","og_description":"Kasai Nano reserve tegels, vervang je je Kasai Grill Nano wanden snel en is hij weer als nieuw! Bestel bij Konro Grill, de Japanse BBQ specialist.","og_url":"https:\/\/konro-grill.com\/es\/producto\/baldosas-de-repuesto-kasai-nano\/","og_site_name":"Konro Grill, de grootste Japanse BBQ specialist","article_publisher":"https:\/\/facebook.com\/KonroGrillCom","article_modified_time":"2026-04-25T08:28:04+00:00","og_image":[{"width":800,"height":800,"url":"https:\/\/konro-grill.com\/wp-content\/uploads\/2024\/02\/Kasai-Little-Tile.jpg","type":"image\/jpeg"}],"twitter_card":"summary_large_image","twitter_misc":{"Tiempo de lectura":"1 minuto"},"schema":{"@context":"https:\/\/schema.org","@graph":[{"@type":"WebPage","@id":"https:\/\/konro-grill.com\/product\/kasai-nano-reserve-tegels\/","url":"https:\/\/konro-grill.com\/product\/kasai-nano-reserve-tegels\/","name":"Baldosas de repuesto Kasai Nano, p\u00eddelas al especialista en barbacoas japonesas","isPartOf":{"@id":"https:\/\/konro-grill.com\/#website"},"primaryImageOfPage":{"@id":"https:\/\/konro-grill.com\/product\/kasai-nano-reserve-tegels\/#primaryimage"},"image":{"@id":"https:\/\/konro-grill.com\/product\/kasai-nano-reserve-tegels\/#primaryimage"},"thumbnailUrl":"https:\/\/konro-grill.com\/wp-content\/uploads\/2024\/02\/Kasai-Little-Tile.jpg","datePublished":"2024-02-06T13:00:32+00:00","dateModified":"2026-04-25T08:28:04+00:00","description":"Baldosas de repuesto Kasai Nano, \u00a1reemplaza r\u00e1pidamente las paredes de tu Kasai Grill Nano y volver\u00e1 a estar como nueva! Haz tu pedido a Konro Grill, el especialista en barbacoas japonesas.","breadcrumb":{"@id":"https:\/\/konro-grill.com\/product\/kasai-nano-reserve-tegels\/#breadcrumb"},"inLanguage":"es","potentialAction":[{"@type":"ReadAction","target":["https:\/\/konro-grill.com\/product\/kasai-nano-reserve-tegels\/"]}]},{"@type":"ImageObject","inLanguage":"es","@id":"https:\/\/konro-grill.com\/product\/kasai-nano-reserve-tegels\/#primaryimage","url":"https:\/\/konro-grill.com\/wp-content\/uploads\/2024\/02\/Kasai-Little-Tile.jpg","contentUrl":"https:\/\/konro-grill.com\/wp-content\/uploads\/2024\/02\/Kasai-Little-Tile.jpg","width":800,"height":800,"caption":"Kasai Nano Reserve Tegels"},{"@type":"BreadcrumbList","@id":"https:\/\/konro-grill.com\/product\/kasai-nano-reserve-tegels\/#breadcrumb","itemListElement":[{"@type":"ListItem","position":1,"name":"Home","item":"https:\/\/konro-grill.com\/"},{"@type":"ListItem","position":2,"name":"Winkel","item":"https:\/\/konro-grill.com\/winkel\/"},{"@type":"ListItem","position":3,"name":"Kasai Nano Reserve Tegels"}]},{"@type":"WebSite","@id":"https:\/\/konro-grill.com\/#website","url":"https:\/\/konro-grill.com\/","name":"Parrilla Konro","description":"Konro Grill, el mayor especialista en barbacoa japonesa","publisher":{"@id":"https:\/\/konro-grill.com\/#organization"},"potentialAction":[{"@type":"SearchAction","target":{"@type":"EntryPoint","urlTemplate":"https:\/\/konro-grill.com\/?s={search_term_string}"},"query-input":{"@type":"PropertyValueSpecification","valueRequired":true,"valueName":"search_term_string"}}],"inLanguage":"es"},{"@type":"Organization","@id":"https:\/\/konro-grill.com\/#organization","name":"Parrilla Konro","url":"https:\/\/konro-grill.com\/","logo":{"@type":"ImageObject","inLanguage":"es","@id":"https:\/\/konro-grill.com\/#\/schema\/logo\/image\/","url":"https:\/\/konro-grill.com\/wp-content\/uploads\/2021\/10\/konro-grill-logo.png","contentUrl":"https:\/\/konro-grill.com\/wp-content\/uploads\/2021\/10\/konro-grill-logo.png","width":650,"height":80,"caption":"Konro Grill"},"image":{"@id":"https:\/\/konro-grill.com\/#\/schema\/logo\/image\/"},"sameAs":["https:\/\/facebook.com\/KonroGrillCom","https:\/\/www.instagram.com\/konrogrillcom\/"]}]}},"df_price":90,"df_sale_price":"","df_regular_price":90,"df_image_link":"https:\/\/konro-grill.com\/wp-content\/uploads\/2024\/02\/Kasai-Little-Tile-300x300.jpg","_links":{"self":[{"href":"https:\/\/konro-grill.com\/es\/wp-json\/wp\/v2\/product\/5220","targetHints":{"allow":["GET"]}}],"collection":[{"href":"https:\/\/konro-grill.com\/es\/wp-json\/wp\/v2\/product"}],"about":[{"href":"https:\/\/konro-grill.com\/es\/wp-json\/wp\/v2\/types\/product"}],"wp:featuredmedia":[{"embeddable":true,"href":"https:\/\/konro-grill.com\/es\/wp-json\/wp\/v2\/media\/5256"}],"wp:attachment":[{"href":"https:\/\/konro-grill.com\/es\/wp-json\/wp\/v2\/media?parent=5220"}],"wp:term":[{"taxonomy":"product_brand","embeddable":true,"href":"https:\/\/konro-grill.com\/es\/wp-json\/wp\/v2\/product_brand?post=5220"},{"taxonomy":"product_cat","embeddable":true,"href":"https:\/\/konro-grill.com\/es\/wp-json\/wp\/v2\/product_cat?post=5220"},{"taxonomy":"product_tag","embeddable":true,"href":"https:\/\/konro-grill.com\/es\/wp-json\/wp\/v2\/product_tag?post=5220"}],"curies":[{"name":"wp","href":"https:\/\/api.w.org\/{rel}","templated":true}]}}