{"id":5243,"date":"2024-02-06T16:50:18","date_gmt":"2024-02-06T15:50:18","guid":{"rendered":"https:\/\/konro-grill.com\/?post_type=product&#038;p=5243"},"modified":"2026-04-03T22:28:02","modified_gmt":"2026-04-03T20:28:02","slug":"kasai-medio-ancho","status":"publish","type":"product","link":"https:\/\/konro-grill.com\/es\/producto\/kasai-medio-ancho\/","title":{"rendered":"Kasai Medium Wide"},"content":{"rendered":"<p>Las dimensiones de la Kasai Mediana Ancha son <strong>21 x 46,5 x 35,5 cm<\/strong> y el peso es <strong>14,7 kg<\/strong>. Para cada parrilla konro, recomendamos <a href=\"https:\/\/konro-grill.com\/es\/carbon-binchotan\/\">Carb\u00f3n binchot\u00e1n<\/a>Por su larga duraci\u00f3n de combusti\u00f3n, sus temperaturas extremadamente altas y su capacidad para preservar los sabores naturales de sus preparaciones.<\/p>","protected":false},"excerpt":{"rendered":"<h3>Kasai Medio Ancho, extra ancho Kasai Grill<\/h3>\n<p>Conoce la Kasai Medium Wide <span style=\"background-color: var(--wpex-surface-1);\">Parrilla dise\u00f1ada y fabricada en Gran Breta\u00f1a. Las parrillas Kasai konro se basan en las mundialmente famosas <\/span><a style=\"background-color: var(--wpex-surface-1);\" href=\"https:\/\/konro-grill.com\/es\/parrilla-japonesa\/\">Barbacoas japonesas<\/a><span style=\"background-color: var(--wpex-surface-1);\"> y lleve el asado de carne, pescado y verduras al m\u00e1s alto nivel.\u00a0<\/span><span style=\"background-color: var(--wpex-surface-1);\">La calidad de una Kasai Grill es realmente excelente.<\/span><span style=\"background-color: var(--wpex-surface-1);\">\u00a0<\/span>La Kasai Mediana Ancha es ideal para su uso en la cocina profesional, pero tambi\u00e9n para el asador aficionado serio. <span style=\"background-color: var(--wpex-surface-1);\">La gran ventaja de cualquier Kasai es la capacidad de hacer que el<\/span><span style=\"background-color: var(--wpex-surface-1);\">\u00a0<\/span><a style=\"text-decoration-line: var(--wpex-link-decoration-line); text-decoration-color: var(--wpex-link-decoration-color); text-decoration-style: var(--wpex-link-decoration-style); text-decoration-thickness: var(--wpex-link-decoration-thickness); text-underline-offset: var(--wpex-link-underline-offset);\" href=\"https:\/\/konro-grill.com\/es\/producto\/baldosas-kasai-reserva-media-larga\/\">Paredes de vermiculita<\/a><span style=\"background-color: var(--wpex-surface-1);\">\u00a0sustituir despu\u00e9s de un uso intenso. Puede hacerlo usted mismo. Esta posibilidad hace que esta parrilla, de gran calidad, sea muy adecuada para\u00a0<\/span><strong>uso profesional<\/strong><span style=\"background-color: var(--wpex-surface-1);\">.<\/span><span style=\"background-color: var(--wpex-surface-1);\">\u00a0<\/span><span style=\"background-color: var(--wpex-surface-1);\">Los viejos muros son totalmente compostables.<\/span><\/p>","protected":false},"featured_media":5248,"template":"","meta":{"inline_featured_image":false},"product_brand":[],"product_cat":[426,507,20],"product_tag":[],"class_list":{"0":"post-5243","1":"product","2":"type-product","3":"status-publish","4":"has-post-thumbnail","6":"product_cat-kasai-grill","7":"product_cat-kasai-medium-wide","8":"product_cat-konro-grills","9":"entry","10":"has-media","12":"first","13":"instock","14":"sale","15":"taxable","16":"shipping-taxable","17":"purchasable","18":"product-type-simple"},"bundled_by":[],"bundle_stock_status":"instock","bundle_stock_quantity":17,"bundle_virtual":false,"bundle_layout":"","bundle_add_to_cart_form_location":"","bundle_editable_in_cart":false,"bundle_sold_individually_context":"","bundle_item_grouping":"","bundle_min_size":"","bundle_max_size":"","bundle_price":[],"bundled_items":[],"bundle_sell_ids":[5283,10342,5277,5262,5281,5295,5257,10338,5305,5267,5293],"yoast_head":"<!-- This site is optimized with the Yoast SEO plugin v27.3 - https:\/\/yoast.com\/product\/yoast-seo-wordpress\/ -->\n<title>Kasai Wide bij Konro Grill, de grootste Japanse BBQ specialist<\/title>\n<meta name=\"description\" content=\"Kasai Medium Wide, ga aan de slag met het grillen van vlees, vis of groenten. Vanwege zijn praktische afmetingen ook geschikt voor professioneel gebruik.\" \/>\n<meta name=\"robots\" content=\"index, follow, max-snippet:-1, max-image-preview:large, max-video-preview:-1\" \/>\n<link rel=\"canonical\" href=\"https:\/\/konro-grill.com\/es\/producto\/kasai-medio-ancho\/\" \/>\n<meta property=\"og:locale\" content=\"es_ES\" \/>\n<meta property=\"og:type\" content=\"article\" \/>\n<meta property=\"og:title\" content=\"Kasai Wide bij Konro Grill, de grootste Japanse BBQ specialist\" \/>\n<meta property=\"og:description\" content=\"Kasai Medium Wide, ga aan de slag met het grillen van vlees, vis of groenten. Vanwege zijn praktische afmetingen ook geschikt voor professioneel gebruik.\" \/>\n<meta property=\"og:url\" content=\"https:\/\/konro-grill.com\/es\/producto\/kasai-medio-ancho\/\" \/>\n<meta property=\"og:site_name\" content=\"Konro Grill, de grootste Japanse BBQ specialist\" \/>\n<meta property=\"article:publisher\" content=\"https:\/\/facebook.com\/KonroGrillCom\" \/>\n<meta property=\"article:modified_time\" content=\"2026-04-03T20:28:02+00:00\" \/>\n<meta property=\"og:image\" content=\"https:\/\/konro-grill.com\/wp-content\/uploads\/2024\/02\/Kasai-Medium-Wide-1.jpg\" \/>\n\t<meta property=\"og:image:width\" content=\"800\" \/>\n\t<meta property=\"og:image:height\" content=\"800\" \/>\n\t<meta property=\"og:image:type\" content=\"image\/jpeg\" \/>\n<meta name=\"twitter:card\" content=\"summary_large_image\" \/>\n<meta name=\"twitter:label1\" content=\"Tiempo de lectura\" \/>\n\t<meta name=\"twitter:data1\" content=\"1 minuto\" \/>\n<script type=\"application\/ld+json\" class=\"yoast-schema-graph\">{\"@context\":\"https:\\\/\\\/schema.org\",\"@graph\":[{\"@type\":\"WebPage\",\"@id\":\"https:\\\/\\\/konro-grill.com\\\/product\\\/kasai-medium-wide\\\/\",\"url\":\"https:\\\/\\\/konro-grill.com\\\/product\\\/kasai-medium-wide\\\/\",\"name\":\"Kasai Wide bij Konro Grill, de grootste Japanse BBQ specialist\",\"isPartOf\":{\"@id\":\"https:\\\/\\\/konro-grill.com\\\/#website\"},\"primaryImageOfPage\":{\"@id\":\"https:\\\/\\\/konro-grill.com\\\/product\\\/kasai-medium-wide\\\/#primaryimage\"},\"image\":{\"@id\":\"https:\\\/\\\/konro-grill.com\\\/product\\\/kasai-medium-wide\\\/#primaryimage\"},\"thumbnailUrl\":\"https:\\\/\\\/konro-grill.com\\\/wp-content\\\/uploads\\\/2024\\\/02\\\/Kasai-Medium-Wide-1.jpg\",\"datePublished\":\"2024-02-06T15:50:18+00:00\",\"dateModified\":\"2026-04-03T20:28:02+00:00\",\"description\":\"Kasai Medium Wide, ga aan de slag met het grillen van vlees, vis of groenten. Vanwege zijn praktische afmetingen ook geschikt voor professioneel gebruik.\",\"breadcrumb\":{\"@id\":\"https:\\\/\\\/konro-grill.com\\\/product\\\/kasai-medium-wide\\\/#breadcrumb\"},\"inLanguage\":\"es\",\"potentialAction\":[{\"@type\":\"ReadAction\",\"target\":[\"https:\\\/\\\/konro-grill.com\\\/product\\\/kasai-medium-wide\\\/\"]}]},{\"@type\":\"ImageObject\",\"inLanguage\":\"es\",\"@id\":\"https:\\\/\\\/konro-grill.com\\\/product\\\/kasai-medium-wide\\\/#primaryimage\",\"url\":\"https:\\\/\\\/konro-grill.com\\\/wp-content\\\/uploads\\\/2024\\\/02\\\/Kasai-Medium-Wide-1.jpg\",\"contentUrl\":\"https:\\\/\\\/konro-grill.com\\\/wp-content\\\/uploads\\\/2024\\\/02\\\/Kasai-Medium-Wide-1.jpg\",\"width\":800,\"height\":800,\"caption\":\"Kasai Medium Wide\"},{\"@type\":\"BreadcrumbList\",\"@id\":\"https:\\\/\\\/konro-grill.com\\\/product\\\/kasai-medium-wide\\\/#breadcrumb\",\"itemListElement\":[{\"@type\":\"ListItem\",\"position\":1,\"name\":\"Home\",\"item\":\"https:\\\/\\\/konro-grill.com\\\/\"},{\"@type\":\"ListItem\",\"position\":2,\"name\":\"Winkel\",\"item\":\"https:\\\/\\\/konro-grill.com\\\/winkel\\\/\"},{\"@type\":\"ListItem\",\"position\":3,\"name\":\"Kasai Medium Wide\"}]},{\"@type\":\"WebSite\",\"@id\":\"https:\\\/\\\/konro-grill.com\\\/#website\",\"url\":\"https:\\\/\\\/konro-grill.com\\\/\",\"name\":\"Konro Grill\",\"description\":\"Konro Grill, de Grootste Japanse BBQ Specialist\",\"publisher\":{\"@id\":\"https:\\\/\\\/konro-grill.com\\\/#organization\"},\"potentialAction\":[{\"@type\":\"SearchAction\",\"target\":{\"@type\":\"EntryPoint\",\"urlTemplate\":\"https:\\\/\\\/konro-grill.com\\\/?s={search_term_string}\"},\"query-input\":{\"@type\":\"PropertyValueSpecification\",\"valueRequired\":true,\"valueName\":\"search_term_string\"}}],\"inLanguage\":\"es\"},{\"@type\":\"Organization\",\"@id\":\"https:\\\/\\\/konro-grill.com\\\/#organization\",\"name\":\"Konro Grill\",\"url\":\"https:\\\/\\\/konro-grill.com\\\/\",\"logo\":{\"@type\":\"ImageObject\",\"inLanguage\":\"es\",\"@id\":\"https:\\\/\\\/konro-grill.com\\\/#\\\/schema\\\/logo\\\/image\\\/\",\"url\":\"https:\\\/\\\/konro-grill.com\\\/wp-content\\\/uploads\\\/2021\\\/10\\\/konro-grill-logo.png\",\"contentUrl\":\"https:\\\/\\\/konro-grill.com\\\/wp-content\\\/uploads\\\/2021\\\/10\\\/konro-grill-logo.png\",\"width\":650,\"height\":80,\"caption\":\"Konro Grill\"},\"image\":{\"@id\":\"https:\\\/\\\/konro-grill.com\\\/#\\\/schema\\\/logo\\\/image\\\/\"},\"sameAs\":[\"https:\\\/\\\/facebook.com\\\/KonroGrillCom\",\"https:\\\/\\\/www.instagram.com\\\/konrogrillcom\\\/\"]}]}<\/script>\n<!-- \/ Yoast SEO plugin. -->","yoast_head_json":{"title":"Kasai Wide en Konro Grill, el mayor especialista en barbacoa japonesa","description":"Kasai Medium Wide, manos a la obra para asar carne, pescado o verduras. Por su pr\u00e1ctico tama\u00f1o, tambi\u00e9n es adecuada para uso profesional.","robots":{"index":"index","follow":"follow","max-snippet":"max-snippet:-1","max-image-preview":"max-image-preview:large","max-video-preview":"max-video-preview:-1"},"canonical":"https:\/\/konro-grill.com\/es\/producto\/kasai-medio-ancho\/","og_locale":"es_ES","og_type":"article","og_title":"Kasai Wide bij Konro Grill, de grootste Japanse BBQ specialist","og_description":"Kasai Medium Wide, ga aan de slag met het grillen van vlees, vis of groenten. Vanwege zijn praktische afmetingen ook geschikt voor professioneel gebruik.","og_url":"https:\/\/konro-grill.com\/es\/producto\/kasai-medio-ancho\/","og_site_name":"Konro Grill, de grootste Japanse BBQ specialist","article_publisher":"https:\/\/facebook.com\/KonroGrillCom","article_modified_time":"2026-04-03T20:28:02+00:00","og_image":[{"width":800,"height":800,"url":"https:\/\/konro-grill.com\/wp-content\/uploads\/2024\/02\/Kasai-Medium-Wide-1.jpg","type":"image\/jpeg"}],"twitter_card":"summary_large_image","twitter_misc":{"Tiempo de lectura":"1 minuto"},"schema":{"@context":"https:\/\/schema.org","@graph":[{"@type":"WebPage","@id":"https:\/\/konro-grill.com\/product\/kasai-medium-wide\/","url":"https:\/\/konro-grill.com\/product\/kasai-medium-wide\/","name":"Kasai Wide en Konro Grill, el mayor especialista en barbacoa japonesa","isPartOf":{"@id":"https:\/\/konro-grill.com\/#website"},"primaryImageOfPage":{"@id":"https:\/\/konro-grill.com\/product\/kasai-medium-wide\/#primaryimage"},"image":{"@id":"https:\/\/konro-grill.com\/product\/kasai-medium-wide\/#primaryimage"},"thumbnailUrl":"https:\/\/konro-grill.com\/wp-content\/uploads\/2024\/02\/Kasai-Medium-Wide-1.jpg","datePublished":"2024-02-06T15:50:18+00:00","dateModified":"2026-04-03T20:28:02+00:00","description":"Kasai Medium Wide, manos a la obra para asar carne, pescado o verduras. Por su pr\u00e1ctico tama\u00f1o, tambi\u00e9n es adecuada para uso profesional.","breadcrumb":{"@id":"https:\/\/konro-grill.com\/product\/kasai-medium-wide\/#breadcrumb"},"inLanguage":"es","potentialAction":[{"@type":"ReadAction","target":["https:\/\/konro-grill.com\/product\/kasai-medium-wide\/"]}]},{"@type":"ImageObject","inLanguage":"es","@id":"https:\/\/konro-grill.com\/product\/kasai-medium-wide\/#primaryimage","url":"https:\/\/konro-grill.com\/wp-content\/uploads\/2024\/02\/Kasai-Medium-Wide-1.jpg","contentUrl":"https:\/\/konro-grill.com\/wp-content\/uploads\/2024\/02\/Kasai-Medium-Wide-1.jpg","width":800,"height":800,"caption":"Kasai Medium Wide"},{"@type":"BreadcrumbList","@id":"https:\/\/konro-grill.com\/product\/kasai-medium-wide\/#breadcrumb","itemListElement":[{"@type":"ListItem","position":1,"name":"Home","item":"https:\/\/konro-grill.com\/"},{"@type":"ListItem","position":2,"name":"Winkel","item":"https:\/\/konro-grill.com\/winkel\/"},{"@type":"ListItem","position":3,"name":"Kasai Medium Wide"}]},{"@type":"WebSite","@id":"https:\/\/konro-grill.com\/#website","url":"https:\/\/konro-grill.com\/","name":"Parrilla Konro","description":"Konro Grill, el mayor especialista en barbacoa japonesa","publisher":{"@id":"https:\/\/konro-grill.com\/#organization"},"potentialAction":[{"@type":"SearchAction","target":{"@type":"EntryPoint","urlTemplate":"https:\/\/konro-grill.com\/?s={search_term_string}"},"query-input":{"@type":"PropertyValueSpecification","valueRequired":true,"valueName":"search_term_string"}}],"inLanguage":"es"},{"@type":"Organization","@id":"https:\/\/konro-grill.com\/#organization","name":"Parrilla Konro","url":"https:\/\/konro-grill.com\/","logo":{"@type":"ImageObject","inLanguage":"es","@id":"https:\/\/konro-grill.com\/#\/schema\/logo\/image\/","url":"https:\/\/konro-grill.com\/wp-content\/uploads\/2021\/10\/konro-grill-logo.png","contentUrl":"https:\/\/konro-grill.com\/wp-content\/uploads\/2021\/10\/konro-grill-logo.png","width":650,"height":80,"caption":"Konro Grill"},"image":{"@id":"https:\/\/konro-grill.com\/#\/schema\/logo\/image\/"},"sameAs":["https:\/\/facebook.com\/KonroGrillCom","https:\/\/www.instagram.com\/konrogrillcom\/"]}]}},"df_price":569.05,"df_sale_price":569.05,"df_regular_price":599,"df_image_link":"https:\/\/konro-grill.com\/wp-content\/uploads\/2024\/02\/Kasai-Medium-Wide-1-300x300.jpg","_links":{"self":[{"href":"https:\/\/konro-grill.com\/es\/wp-json\/wp\/v2\/product\/5243","targetHints":{"allow":["GET"]}}],"collection":[{"href":"https:\/\/konro-grill.com\/es\/wp-json\/wp\/v2\/product"}],"about":[{"href":"https:\/\/konro-grill.com\/es\/wp-json\/wp\/v2\/types\/product"}],"wp:featuredmedia":[{"embeddable":true,"href":"https:\/\/konro-grill.com\/es\/wp-json\/wp\/v2\/media\/5248"}],"wp:attachment":[{"href":"https:\/\/konro-grill.com\/es\/wp-json\/wp\/v2\/media?parent=5243"}],"wp:term":[{"taxonomy":"product_brand","embeddable":true,"href":"https:\/\/konro-grill.com\/es\/wp-json\/wp\/v2\/product_brand?post=5243"},{"taxonomy":"product_cat","embeddable":true,"href":"https:\/\/konro-grill.com\/es\/wp-json\/wp\/v2\/product_cat?post=5243"},{"taxonomy":"product_tag","embeddable":true,"href":"https:\/\/konro-grill.com\/es\/wp-json\/wp\/v2\/product_tag?post=5243"}],"curies":[{"name":"wp","href":"https:\/\/api.w.org\/{rel}","templated":true}]}}