{"id":5427,"date":"2024-02-15T11:22:33","date_gmt":"2024-02-15T10:22:33","guid":{"rendered":"https:\/\/konro-grill.com\/?post_type=product&#038;p=5427"},"modified":"2026-04-25T10:28:04","modified_gmt":"2026-04-25T08:28:04","slug":"kasai-xl-robata","status":"publish","type":"product","link":"https:\/\/konro-grill.com\/es\/producto\/kasai-xl-robata\/","title":{"rendered":"Kasai XL Robata"},"content":{"rendered":"","protected":false},"excerpt":{"rendered":"<h2>Robata Kasai XL: m\u00e1s espacio y trabajo a diferentes alturas.<\/h2>\n<p>Esto es imprescindible si trabajas profesionalmente con la Kasai XL: \u00a1la Kasai XL Robata! Te permite trabajar f\u00e1cilmente a alturas variables y con varias zonas de calor al mismo tiempo. \u00bfLa superficie de tu parrilla es demasiado peque\u00f1a? \u00bfO el calor es demasiado intenso? Con la Kasai XL Robata, podr\u00e1s crear mucho m\u00e1s espacio y altura en tu Kasai Grill en un abrir y cerrar de ojos.<\/p>\n<p>Este accesorio Kasai de alta calidad es <strong>de acero inoxidable<\/strong>\u00a0y viene con\u00a0<strong>2 rejillas adicionales<\/strong>.<\/p>","protected":false},"featured_media":5510,"template":"","meta":{"inline_featured_image":false},"product_brand":[],"product_cat":[472,436,20],"product_tag":[],"class_list":{"0":"post-5427","1":"product","2":"type-product","3":"status-publish","4":"has-post-thumbnail","6":"product_cat-kasai-accessoires","7":"product_cat-kasai-xl","8":"product_cat-konro-grills","9":"entry","10":"has-media","12":"first","13":"instock","14":"taxable","15":"shipping-taxable","16":"purchasable","17":"product-type-simple"},"bundled_by":[],"bundle_stock_status":"instock","bundle_stock_quantity":5,"bundle_virtual":false,"bundle_layout":"","bundle_add_to_cart_form_location":"","bundle_editable_in_cart":false,"bundle_sold_individually_context":"","bundle_item_grouping":"","bundle_min_size":"","bundle_max_size":"","bundle_price":[],"bundled_items":[],"bundle_sell_ids":[5426,5419],"yoast_head":"<!-- This site is optimized with the Yoast SEO plugin v27.4 - https:\/\/yoast.com\/product\/yoast-seo-wordpress\/ -->\n<title>Kasai XL Robata, must have accessoire voor Kasai Grill XL<\/title>\n<meta name=\"description\" content=\"Cre\u00eber meer ruimte op je Kasai XL met het RVS Robata. Werk op hoogte, met diverse hittezones tegelijkertijd en cre\u00eber meer ruimte.\" \/>\n<meta name=\"robots\" content=\"index, follow, max-snippet:-1, max-image-preview:large, max-video-preview:-1\" \/>\n<link rel=\"canonical\" href=\"https:\/\/konro-grill.com\/es\/producto\/kasai-xl-robata\/\" \/>\n<meta property=\"og:locale\" content=\"es_ES\" \/>\n<meta property=\"og:type\" content=\"article\" \/>\n<meta property=\"og:title\" content=\"Kasai XL Robata, must have accessoire voor Kasai Grill XL\" \/>\n<meta property=\"og:description\" content=\"Cre\u00eber meer ruimte op je Kasai XL met het RVS Robata. Werk op hoogte, met diverse hittezones tegelijkertijd en cre\u00eber meer ruimte.\" \/>\n<meta property=\"og:url\" content=\"https:\/\/konro-grill.com\/es\/producto\/kasai-xl-robata\/\" \/>\n<meta property=\"og:site_name\" content=\"Konro Grill, de grootste Japanse BBQ specialist\" \/>\n<meta property=\"article:publisher\" content=\"https:\/\/facebook.com\/KonroGrillCom\" \/>\n<meta property=\"article:modified_time\" content=\"2026-04-25T08:28:04+00:00\" \/>\n<meta property=\"og:image\" content=\"https:\/\/konro-grill.com\/wp-content\/uploads\/2024\/02\/Kasai-XL-Verhogingsrek.jpg\" \/>\n\t<meta property=\"og:image:width\" content=\"800\" \/>\n\t<meta property=\"og:image:height\" content=\"800\" \/>\n\t<meta property=\"og:image:type\" content=\"image\/jpeg\" \/>\n<meta name=\"twitter:card\" content=\"summary_large_image\" \/>\n<meta name=\"twitter:label1\" content=\"Tiempo de lectura\" \/>\n\t<meta name=\"twitter:data1\" content=\"1 minuto\" \/>\n<script type=\"application\/ld+json\" class=\"yoast-schema-graph\">{\"@context\":\"https:\\\/\\\/schema.org\",\"@graph\":[{\"@type\":\"WebPage\",\"@id\":\"https:\\\/\\\/konro-grill.com\\\/product\\\/kasai-xl-robata\\\/\",\"url\":\"https:\\\/\\\/konro-grill.com\\\/product\\\/kasai-xl-robata\\\/\",\"name\":\"Kasai XL Robata, must have accessoire voor Kasai Grill XL\",\"isPartOf\":{\"@id\":\"https:\\\/\\\/konro-grill.com\\\/#website\"},\"primaryImageOfPage\":{\"@id\":\"https:\\\/\\\/konro-grill.com\\\/product\\\/kasai-xl-robata\\\/#primaryimage\"},\"image\":{\"@id\":\"https:\\\/\\\/konro-grill.com\\\/product\\\/kasai-xl-robata\\\/#primaryimage\"},\"thumbnailUrl\":\"https:\\\/\\\/konro-grill.com\\\/wp-content\\\/uploads\\\/2024\\\/02\\\/Kasai-XL-Verhogingsrek.jpg\",\"datePublished\":\"2024-02-15T10:22:33+00:00\",\"dateModified\":\"2026-04-25T08:28:04+00:00\",\"description\":\"Cre\u00eber meer ruimte op je Kasai XL met het RVS Robata. Werk op hoogte, met diverse hittezones tegelijkertijd en cre\u00eber meer ruimte.\",\"breadcrumb\":{\"@id\":\"https:\\\/\\\/konro-grill.com\\\/product\\\/kasai-xl-robata\\\/#breadcrumb\"},\"inLanguage\":\"es\",\"potentialAction\":[{\"@type\":\"ReadAction\",\"target\":[\"https:\\\/\\\/konro-grill.com\\\/product\\\/kasai-xl-robata\\\/\"]}]},{\"@type\":\"ImageObject\",\"inLanguage\":\"es\",\"@id\":\"https:\\\/\\\/konro-grill.com\\\/product\\\/kasai-xl-robata\\\/#primaryimage\",\"url\":\"https:\\\/\\\/konro-grill.com\\\/wp-content\\\/uploads\\\/2024\\\/02\\\/Kasai-XL-Verhogingsrek.jpg\",\"contentUrl\":\"https:\\\/\\\/konro-grill.com\\\/wp-content\\\/uploads\\\/2024\\\/02\\\/Kasai-XL-Verhogingsrek.jpg\",\"width\":800,\"height\":800,\"caption\":\"Kasai XL Robata\"},{\"@type\":\"BreadcrumbList\",\"@id\":\"https:\\\/\\\/konro-grill.com\\\/product\\\/kasai-xl-robata\\\/#breadcrumb\",\"itemListElement\":[{\"@type\":\"ListItem\",\"position\":1,\"name\":\"Home\",\"item\":\"https:\\\/\\\/konro-grill.com\\\/\"},{\"@type\":\"ListItem\",\"position\":2,\"name\":\"Winkel\",\"item\":\"https:\\\/\\\/konro-grill.com\\\/winkel\\\/\"},{\"@type\":\"ListItem\",\"position\":3,\"name\":\"Kasai XL Robata\"}]},{\"@type\":\"WebSite\",\"@id\":\"https:\\\/\\\/konro-grill.com\\\/#website\",\"url\":\"https:\\\/\\\/konro-grill.com\\\/\",\"name\":\"Konro Grill\",\"description\":\"Konro Grill, de Grootste Japanse BBQ Specialist\",\"publisher\":{\"@id\":\"https:\\\/\\\/konro-grill.com\\\/#organization\"},\"potentialAction\":[{\"@type\":\"SearchAction\",\"target\":{\"@type\":\"EntryPoint\",\"urlTemplate\":\"https:\\\/\\\/konro-grill.com\\\/?s={search_term_string}\"},\"query-input\":{\"@type\":\"PropertyValueSpecification\",\"valueRequired\":true,\"valueName\":\"search_term_string\"}}],\"inLanguage\":\"es\"},{\"@type\":\"Organization\",\"@id\":\"https:\\\/\\\/konro-grill.com\\\/#organization\",\"name\":\"Konro Grill\",\"url\":\"https:\\\/\\\/konro-grill.com\\\/\",\"logo\":{\"@type\":\"ImageObject\",\"inLanguage\":\"es\",\"@id\":\"https:\\\/\\\/konro-grill.com\\\/#\\\/schema\\\/logo\\\/image\\\/\",\"url\":\"https:\\\/\\\/konro-grill.com\\\/wp-content\\\/uploads\\\/2021\\\/10\\\/konro-grill-logo.png\",\"contentUrl\":\"https:\\\/\\\/konro-grill.com\\\/wp-content\\\/uploads\\\/2021\\\/10\\\/konro-grill-logo.png\",\"width\":650,\"height\":80,\"caption\":\"Konro Grill\"},\"image\":{\"@id\":\"https:\\\/\\\/konro-grill.com\\\/#\\\/schema\\\/logo\\\/image\\\/\"},\"sameAs\":[\"https:\\\/\\\/facebook.com\\\/KonroGrillCom\",\"https:\\\/\\\/www.instagram.com\\\/konrogrillcom\\\/\"]}]}<\/script>\n<!-- \/ Yoast SEO plugin. -->","yoast_head_json":{"title":"Kasai XL Robata, accesorio imprescindible para Kasai Grill XL","description":"Crea m\u00e1s espacio en tu Kasai XL con la Robata de acero inoxidable. Trabaja en altura, con varias zonas de calor simult\u00e1neamente y crea m\u00e1s espacio.","robots":{"index":"index","follow":"follow","max-snippet":"max-snippet:-1","max-image-preview":"max-image-preview:large","max-video-preview":"max-video-preview:-1"},"canonical":"https:\/\/konro-grill.com\/es\/producto\/kasai-xl-robata\/","og_locale":"es_ES","og_type":"article","og_title":"Kasai XL Robata, must have accessoire voor Kasai Grill XL","og_description":"Cre\u00eber meer ruimte op je Kasai XL met het RVS Robata. Werk op hoogte, met diverse hittezones tegelijkertijd en cre\u00eber meer ruimte.","og_url":"https:\/\/konro-grill.com\/es\/producto\/kasai-xl-robata\/","og_site_name":"Konro Grill, de grootste Japanse BBQ specialist","article_publisher":"https:\/\/facebook.com\/KonroGrillCom","article_modified_time":"2026-04-25T08:28:04+00:00","og_image":[{"width":800,"height":800,"url":"https:\/\/konro-grill.com\/wp-content\/uploads\/2024\/02\/Kasai-XL-Verhogingsrek.jpg","type":"image\/jpeg"}],"twitter_card":"summary_large_image","twitter_misc":{"Tiempo de lectura":"1 minuto"},"schema":{"@context":"https:\/\/schema.org","@graph":[{"@type":"WebPage","@id":"https:\/\/konro-grill.com\/product\/kasai-xl-robata\/","url":"https:\/\/konro-grill.com\/product\/kasai-xl-robata\/","name":"Kasai XL Robata, accesorio imprescindible para Kasai Grill XL","isPartOf":{"@id":"https:\/\/konro-grill.com\/#website"},"primaryImageOfPage":{"@id":"https:\/\/konro-grill.com\/product\/kasai-xl-robata\/#primaryimage"},"image":{"@id":"https:\/\/konro-grill.com\/product\/kasai-xl-robata\/#primaryimage"},"thumbnailUrl":"https:\/\/konro-grill.com\/wp-content\/uploads\/2024\/02\/Kasai-XL-Verhogingsrek.jpg","datePublished":"2024-02-15T10:22:33+00:00","dateModified":"2026-04-25T08:28:04+00:00","description":"Crea m\u00e1s espacio en tu Kasai XL con la Robata de acero inoxidable. Trabaja en altura, con varias zonas de calor simult\u00e1neamente y crea m\u00e1s espacio.","breadcrumb":{"@id":"https:\/\/konro-grill.com\/product\/kasai-xl-robata\/#breadcrumb"},"inLanguage":"es","potentialAction":[{"@type":"ReadAction","target":["https:\/\/konro-grill.com\/product\/kasai-xl-robata\/"]}]},{"@type":"ImageObject","inLanguage":"es","@id":"https:\/\/konro-grill.com\/product\/kasai-xl-robata\/#primaryimage","url":"https:\/\/konro-grill.com\/wp-content\/uploads\/2024\/02\/Kasai-XL-Verhogingsrek.jpg","contentUrl":"https:\/\/konro-grill.com\/wp-content\/uploads\/2024\/02\/Kasai-XL-Verhogingsrek.jpg","width":800,"height":800,"caption":"Kasai XL Robata"},{"@type":"BreadcrumbList","@id":"https:\/\/konro-grill.com\/product\/kasai-xl-robata\/#breadcrumb","itemListElement":[{"@type":"ListItem","position":1,"name":"Home","item":"https:\/\/konro-grill.com\/"},{"@type":"ListItem","position":2,"name":"Winkel","item":"https:\/\/konro-grill.com\/winkel\/"},{"@type":"ListItem","position":3,"name":"Kasai XL Robata"}]},{"@type":"WebSite","@id":"https:\/\/konro-grill.com\/#website","url":"https:\/\/konro-grill.com\/","name":"Parrilla Konro","description":"Konro Grill, el mayor especialista en barbacoa japonesa","publisher":{"@id":"https:\/\/konro-grill.com\/#organization"},"potentialAction":[{"@type":"SearchAction","target":{"@type":"EntryPoint","urlTemplate":"https:\/\/konro-grill.com\/?s={search_term_string}"},"query-input":{"@type":"PropertyValueSpecification","valueRequired":true,"valueName":"search_term_string"}}],"inLanguage":"es"},{"@type":"Organization","@id":"https:\/\/konro-grill.com\/#organization","name":"Parrilla Konro","url":"https:\/\/konro-grill.com\/","logo":{"@type":"ImageObject","inLanguage":"es","@id":"https:\/\/konro-grill.com\/#\/schema\/logo\/image\/","url":"https:\/\/konro-grill.com\/wp-content\/uploads\/2021\/10\/konro-grill-logo.png","contentUrl":"https:\/\/konro-grill.com\/wp-content\/uploads\/2021\/10\/konro-grill-logo.png","width":650,"height":80,"caption":"Konro Grill"},"image":{"@id":"https:\/\/konro-grill.com\/#\/schema\/logo\/image\/"},"sameAs":["https:\/\/facebook.com\/KonroGrillCom","https:\/\/www.instagram.com\/konrogrillcom\/"]}]}},"df_price":420,"df_sale_price":"","df_regular_price":420,"df_image_link":"https:\/\/konro-grill.com\/wp-content\/uploads\/2024\/02\/Kasai-XL-Verhogingsrek-300x300.jpg","_links":{"self":[{"href":"https:\/\/konro-grill.com\/es\/wp-json\/wp\/v2\/product\/5427","targetHints":{"allow":["GET"]}}],"collection":[{"href":"https:\/\/konro-grill.com\/es\/wp-json\/wp\/v2\/product"}],"about":[{"href":"https:\/\/konro-grill.com\/es\/wp-json\/wp\/v2\/types\/product"}],"wp:featuredmedia":[{"embeddable":true,"href":"https:\/\/konro-grill.com\/es\/wp-json\/wp\/v2\/media\/5510"}],"wp:attachment":[{"href":"https:\/\/konro-grill.com\/es\/wp-json\/wp\/v2\/media?parent=5427"}],"wp:term":[{"taxonomy":"product_brand","embeddable":true,"href":"https:\/\/konro-grill.com\/es\/wp-json\/wp\/v2\/product_brand?post=5427"},{"taxonomy":"product_cat","embeddable":true,"href":"https:\/\/konro-grill.com\/es\/wp-json\/wp\/v2\/product_cat?post=5427"},{"taxonomy":"product_tag","embeddable":true,"href":"https:\/\/konro-grill.com\/es\/wp-json\/wp\/v2\/product_tag?post=5427"}],"curies":[{"name":"wp","href":"https:\/\/api.w.org\/{rel}","templated":true}]}}