{"id":6674,"date":"2024-09-11T13:38:41","date_gmt":"2024-09-11T11:38:41","guid":{"rendered":"https:\/\/konro-grill.com\/?post_type=product&#038;p=6674"},"modified":"2026-04-04T17:44:03","modified_gmt":"2026-04-04T15:44:03","slug":"bbq-sabor-eucalipto-blanco-binchotan-1kg","status":"publish","type":"product","link":"https:\/\/konro-grill.com\/es\/producto\/bbq-sabor-eucalipto-blanco-binchotan-1kg\/","title":{"rendered":"BBQ Flavour Binchotan Eucalipto Blanco 1kg"},"content":{"rendered":"","protected":false},"excerpt":{"rendered":"<h2>1 kg para 1 sesi\u00f3n de asado: BBQ Flavour Binchotan Eucalipto blanco<\/h2>\n<p>El carb\u00f3n BBQ Flavour Binchotan White Eucalyptus es perfecto para disfrutar de una maravillosa velada a la parrilla en su barbacoa japonesa. Este carb\u00f3n de estilo japon\u00e9s tiene un tiempo medio de combusti\u00f3n de 4 horas y arde a una temperatura constante, no cruje y es completamente inodoro y sin humo. El BBQ Flavour Binchotan White Eucalyptus alcanza temperaturas de 800 a 1000 grados y produce un fuego muy agradable y silencioso.<\/p>\n<p>Esta peque\u00f1a caja de 1 kg es suficiente para 1 o 2 sesiones de asado. \u00a1Pru\u00e9bala!<\/p>","protected":false},"featured_media":6676,"template":"","meta":{"inline_featured_image":false},"product_brand":[],"product_cat":[101],"product_tag":[],"class_list":{"0":"post-6674","1":"product","2":"type-product","3":"status-publish","4":"has-post-thumbnail","6":"product_cat-binchotan","7":"entry","8":"has-media","10":"first","11":"instock","12":"taxable","13":"shipping-taxable","14":"purchasable","15":"product-type-simple"},"bundled_by":["2452","1468","2454","1470","1472","2455","1464","3213","3214","6728","1460","1462","6818","6889","7818","8261","8262","8263","8264","8267","8268"],"bundle_stock_status":"instock","bundle_stock_quantity":78,"bundle_virtual":false,"bundle_layout":"","bundle_add_to_cart_form_location":"","bundle_editable_in_cart":false,"bundle_sold_individually_context":"","bundle_item_grouping":"","bundle_min_size":"","bundle_max_size":"","bundle_price":[],"bundled_items":[],"bundle_sell_ids":[],"yoast_head":"<!-- This site is optimized with the Yoast SEO plugin v27.3 - https:\/\/yoast.com\/product\/yoast-seo-wordpress\/ -->\n<title>BBQ Flavour Binchotan White Eucalyptus in een doos van 1 kg<\/title>\n<meta name=\"description\" content=\"BBQ Flavour Binchotan White Eucalyptus houtskool is de perfecte houtskool voor in jouw Japanse BBQ. Verkrijgbaar in doos van ca. 1 kg.\" \/>\n<meta name=\"robots\" content=\"index, follow, max-snippet:-1, max-image-preview:large, max-video-preview:-1\" \/>\n<link rel=\"canonical\" href=\"https:\/\/konro-grill.com\/es\/producto\/bbq-sabor-eucalipto-blanco-binchotan-1kg\/\" \/>\n<meta property=\"og:locale\" content=\"es_ES\" \/>\n<meta property=\"og:type\" content=\"article\" \/>\n<meta property=\"og:title\" content=\"BBQ Flavour Binchotan White Eucalyptus in een doos van 1 kg\" \/>\n<meta property=\"og:description\" content=\"BBQ Flavour Binchotan White Eucalyptus houtskool is de perfecte houtskool voor in jouw Japanse BBQ. Verkrijgbaar in doos van ca. 1 kg.\" \/>\n<meta property=\"og:url\" content=\"https:\/\/konro-grill.com\/es\/producto\/bbq-sabor-eucalipto-blanco-binchotan-1kg\/\" \/>\n<meta property=\"og:site_name\" content=\"Konro Grill, de grootste Japanse BBQ specialist\" \/>\n<meta property=\"article:publisher\" content=\"https:\/\/facebook.com\/KonroGrillCom\" \/>\n<meta property=\"article:modified_time\" content=\"2026-04-04T15:44:03+00:00\" \/>\n<meta property=\"og:image\" content=\"https:\/\/konro-grill.com\/wp-content\/uploads\/2024\/09\/BBQ-Flavour-Binchotan-White-Eucalyptus-1-grillsessie-2.jpg\" \/>\n\t<meta property=\"og:image:width\" content=\"800\" \/>\n\t<meta property=\"og:image:height\" content=\"800\" \/>\n\t<meta property=\"og:image:type\" content=\"image\/jpeg\" \/>\n<meta name=\"twitter:card\" content=\"summary_large_image\" \/>\n<meta name=\"twitter:label1\" content=\"Tiempo de lectura\" \/>\n\t<meta name=\"twitter:data1\" content=\"1 minuto\" \/>\n<script type=\"application\/ld+json\" class=\"yoast-schema-graph\">{\"@context\":\"https:\\\/\\\/schema.org\",\"@graph\":[{\"@type\":\"WebPage\",\"@id\":\"https:\\\/\\\/konro-grill.com\\\/product\\\/bbq-flavour-white-eucalyptus-binchotan-1kg\\\/\",\"url\":\"https:\\\/\\\/konro-grill.com\\\/product\\\/bbq-flavour-white-eucalyptus-binchotan-1kg\\\/\",\"name\":\"BBQ Flavour Binchotan White Eucalyptus in een doos van 1 kg\",\"isPartOf\":{\"@id\":\"https:\\\/\\\/konro-grill.com\\\/#website\"},\"primaryImageOfPage\":{\"@id\":\"https:\\\/\\\/konro-grill.com\\\/product\\\/bbq-flavour-white-eucalyptus-binchotan-1kg\\\/#primaryimage\"},\"image\":{\"@id\":\"https:\\\/\\\/konro-grill.com\\\/product\\\/bbq-flavour-white-eucalyptus-binchotan-1kg\\\/#primaryimage\"},\"thumbnailUrl\":\"https:\\\/\\\/konro-grill.com\\\/wp-content\\\/uploads\\\/2024\\\/09\\\/BBQ-Flavour-Binchotan-White-Eucalyptus-1-grillsessie-2.jpg\",\"datePublished\":\"2024-09-11T11:38:41+00:00\",\"dateModified\":\"2026-04-04T15:44:03+00:00\",\"description\":\"BBQ Flavour Binchotan White Eucalyptus houtskool is de perfecte houtskool voor in jouw Japanse BBQ. Verkrijgbaar in doos van ca. 1 kg.\",\"breadcrumb\":{\"@id\":\"https:\\\/\\\/konro-grill.com\\\/product\\\/bbq-flavour-white-eucalyptus-binchotan-1kg\\\/#breadcrumb\"},\"inLanguage\":\"es\",\"potentialAction\":[{\"@type\":\"ReadAction\",\"target\":[\"https:\\\/\\\/konro-grill.com\\\/product\\\/bbq-flavour-white-eucalyptus-binchotan-1kg\\\/\"]}]},{\"@type\":\"ImageObject\",\"inLanguage\":\"es\",\"@id\":\"https:\\\/\\\/konro-grill.com\\\/product\\\/bbq-flavour-white-eucalyptus-binchotan-1kg\\\/#primaryimage\",\"url\":\"https:\\\/\\\/konro-grill.com\\\/wp-content\\\/uploads\\\/2024\\\/09\\\/BBQ-Flavour-Binchotan-White-Eucalyptus-1-grillsessie-2.jpg\",\"contentUrl\":\"https:\\\/\\\/konro-grill.com\\\/wp-content\\\/uploads\\\/2024\\\/09\\\/BBQ-Flavour-Binchotan-White-Eucalyptus-1-grillsessie-2.jpg\",\"width\":800,\"height\":800},{\"@type\":\"BreadcrumbList\",\"@id\":\"https:\\\/\\\/konro-grill.com\\\/product\\\/bbq-flavour-white-eucalyptus-binchotan-1kg\\\/#breadcrumb\",\"itemListElement\":[{\"@type\":\"ListItem\",\"position\":1,\"name\":\"Home\",\"item\":\"https:\\\/\\\/konro-grill.com\\\/\"},{\"@type\":\"ListItem\",\"position\":2,\"name\":\"Winkel\",\"item\":\"https:\\\/\\\/konro-grill.com\\\/winkel\\\/\"},{\"@type\":\"ListItem\",\"position\":3,\"name\":\"BBQ Flavour Binchotan White Eucalyptus 1kg\"}]},{\"@type\":\"WebSite\",\"@id\":\"https:\\\/\\\/konro-grill.com\\\/#website\",\"url\":\"https:\\\/\\\/konro-grill.com\\\/\",\"name\":\"Konro Grill\",\"description\":\"Konro Grill, de Grootste Japanse BBQ Specialist\",\"publisher\":{\"@id\":\"https:\\\/\\\/konro-grill.com\\\/#organization\"},\"potentialAction\":[{\"@type\":\"SearchAction\",\"target\":{\"@type\":\"EntryPoint\",\"urlTemplate\":\"https:\\\/\\\/konro-grill.com\\\/?s={search_term_string}\"},\"query-input\":{\"@type\":\"PropertyValueSpecification\",\"valueRequired\":true,\"valueName\":\"search_term_string\"}}],\"inLanguage\":\"es\"},{\"@type\":\"Organization\",\"@id\":\"https:\\\/\\\/konro-grill.com\\\/#organization\",\"name\":\"Konro Grill\",\"url\":\"https:\\\/\\\/konro-grill.com\\\/\",\"logo\":{\"@type\":\"ImageObject\",\"inLanguage\":\"es\",\"@id\":\"https:\\\/\\\/konro-grill.com\\\/#\\\/schema\\\/logo\\\/image\\\/\",\"url\":\"https:\\\/\\\/konro-grill.com\\\/wp-content\\\/uploads\\\/2021\\\/10\\\/konro-grill-logo.png\",\"contentUrl\":\"https:\\\/\\\/konro-grill.com\\\/wp-content\\\/uploads\\\/2021\\\/10\\\/konro-grill-logo.png\",\"width\":650,\"height\":80,\"caption\":\"Konro Grill\"},\"image\":{\"@id\":\"https:\\\/\\\/konro-grill.com\\\/#\\\/schema\\\/logo\\\/image\\\/\"},\"sameAs\":[\"https:\\\/\\\/facebook.com\\\/KonroGrillCom\",\"https:\\\/\\\/www.instagram.com\\\/konrogrillcom\\\/\"]}]}<\/script>\n<!-- \/ Yoast SEO plugin. -->","yoast_head_json":{"title":"BBQ Flavour Eucalipto blanco Binchotan en caja de 1 kg","description":"BBQ Flavour El carb\u00f3n de eucalipto blanco Binchotan es el carb\u00f3n perfecto para su barbacoa japonesa. Disponible en cajas de aprox. 1 kg.","robots":{"index":"index","follow":"follow","max-snippet":"max-snippet:-1","max-image-preview":"max-image-preview:large","max-video-preview":"max-video-preview:-1"},"canonical":"https:\/\/konro-grill.com\/es\/producto\/bbq-sabor-eucalipto-blanco-binchotan-1kg\/","og_locale":"es_ES","og_type":"article","og_title":"BBQ Flavour Binchotan White Eucalyptus in een doos van 1 kg","og_description":"BBQ Flavour Binchotan White Eucalyptus houtskool is de perfecte houtskool voor in jouw Japanse BBQ. Verkrijgbaar in doos van ca. 1 kg.","og_url":"https:\/\/konro-grill.com\/es\/producto\/bbq-sabor-eucalipto-blanco-binchotan-1kg\/","og_site_name":"Konro Grill, de grootste Japanse BBQ specialist","article_publisher":"https:\/\/facebook.com\/KonroGrillCom","article_modified_time":"2026-04-04T15:44:03+00:00","og_image":[{"width":800,"height":800,"url":"https:\/\/konro-grill.com\/wp-content\/uploads\/2024\/09\/BBQ-Flavour-Binchotan-White-Eucalyptus-1-grillsessie-2.jpg","type":"image\/jpeg"}],"twitter_card":"summary_large_image","twitter_misc":{"Tiempo de lectura":"1 minuto"},"schema":{"@context":"https:\/\/schema.org","@graph":[{"@type":"WebPage","@id":"https:\/\/konro-grill.com\/product\/bbq-flavour-white-eucalyptus-binchotan-1kg\/","url":"https:\/\/konro-grill.com\/product\/bbq-flavour-white-eucalyptus-binchotan-1kg\/","name":"BBQ Flavour Eucalipto blanco Binchotan en caja de 1 kg","isPartOf":{"@id":"https:\/\/konro-grill.com\/#website"},"primaryImageOfPage":{"@id":"https:\/\/konro-grill.com\/product\/bbq-flavour-white-eucalyptus-binchotan-1kg\/#primaryimage"},"image":{"@id":"https:\/\/konro-grill.com\/product\/bbq-flavour-white-eucalyptus-binchotan-1kg\/#primaryimage"},"thumbnailUrl":"https:\/\/konro-grill.com\/wp-content\/uploads\/2024\/09\/BBQ-Flavour-Binchotan-White-Eucalyptus-1-grillsessie-2.jpg","datePublished":"2024-09-11T11:38:41+00:00","dateModified":"2026-04-04T15:44:03+00:00","description":"BBQ Flavour El carb\u00f3n de eucalipto blanco Binchotan es el carb\u00f3n perfecto para su barbacoa japonesa. Disponible en cajas de aprox. 1 kg.","breadcrumb":{"@id":"https:\/\/konro-grill.com\/product\/bbq-flavour-white-eucalyptus-binchotan-1kg\/#breadcrumb"},"inLanguage":"es","potentialAction":[{"@type":"ReadAction","target":["https:\/\/konro-grill.com\/product\/bbq-flavour-white-eucalyptus-binchotan-1kg\/"]}]},{"@type":"ImageObject","inLanguage":"es","@id":"https:\/\/konro-grill.com\/product\/bbq-flavour-white-eucalyptus-binchotan-1kg\/#primaryimage","url":"https:\/\/konro-grill.com\/wp-content\/uploads\/2024\/09\/BBQ-Flavour-Binchotan-White-Eucalyptus-1-grillsessie-2.jpg","contentUrl":"https:\/\/konro-grill.com\/wp-content\/uploads\/2024\/09\/BBQ-Flavour-Binchotan-White-Eucalyptus-1-grillsessie-2.jpg","width":800,"height":800},{"@type":"BreadcrumbList","@id":"https:\/\/konro-grill.com\/product\/bbq-flavour-white-eucalyptus-binchotan-1kg\/#breadcrumb","itemListElement":[{"@type":"ListItem","position":1,"name":"Home","item":"https:\/\/konro-grill.com\/"},{"@type":"ListItem","position":2,"name":"Winkel","item":"https:\/\/konro-grill.com\/winkel\/"},{"@type":"ListItem","position":3,"name":"BBQ Flavour Binchotan White Eucalyptus 1kg"}]},{"@type":"WebSite","@id":"https:\/\/konro-grill.com\/#website","url":"https:\/\/konro-grill.com\/","name":"Parrilla Konro","description":"Konro Grill, el mayor especialista en barbacoa japonesa","publisher":{"@id":"https:\/\/konro-grill.com\/#organization"},"potentialAction":[{"@type":"SearchAction","target":{"@type":"EntryPoint","urlTemplate":"https:\/\/konro-grill.com\/?s={search_term_string}"},"query-input":{"@type":"PropertyValueSpecification","valueRequired":true,"valueName":"search_term_string"}}],"inLanguage":"es"},{"@type":"Organization","@id":"https:\/\/konro-grill.com\/#organization","name":"Parrilla Konro","url":"https:\/\/konro-grill.com\/","logo":{"@type":"ImageObject","inLanguage":"es","@id":"https:\/\/konro-grill.com\/#\/schema\/logo\/image\/","url":"https:\/\/konro-grill.com\/wp-content\/uploads\/2021\/10\/konro-grill-logo.png","contentUrl":"https:\/\/konro-grill.com\/wp-content\/uploads\/2021\/10\/konro-grill-logo.png","width":650,"height":80,"caption":"Konro Grill"},"image":{"@id":"https:\/\/konro-grill.com\/#\/schema\/logo\/image\/"},"sameAs":["https:\/\/facebook.com\/KonroGrillCom","https:\/\/www.instagram.com\/konrogrillcom\/"]}]}},"df_price":19.99,"df_sale_price":"","df_regular_price":19.99,"df_image_link":"https:\/\/konro-grill.com\/wp-content\/uploads\/2024\/09\/BBQ-Flavour-Binchotan-White-Eucalyptus-1-grillsessie-2-300x300.jpg","_links":{"self":[{"href":"https:\/\/konro-grill.com\/es\/wp-json\/wp\/v2\/product\/6674","targetHints":{"allow":["GET"]}}],"collection":[{"href":"https:\/\/konro-grill.com\/es\/wp-json\/wp\/v2\/product"}],"about":[{"href":"https:\/\/konro-grill.com\/es\/wp-json\/wp\/v2\/types\/product"}],"wp:featuredmedia":[{"embeddable":true,"href":"https:\/\/konro-grill.com\/es\/wp-json\/wp\/v2\/media\/6676"}],"wp:attachment":[{"href":"https:\/\/konro-grill.com\/es\/wp-json\/wp\/v2\/media?parent=6674"}],"wp:term":[{"taxonomy":"product_brand","embeddable":true,"href":"https:\/\/konro-grill.com\/es\/wp-json\/wp\/v2\/product_brand?post=6674"},{"taxonomy":"product_cat","embeddable":true,"href":"https:\/\/konro-grill.com\/es\/wp-json\/wp\/v2\/product_cat?post=6674"},{"taxonomy":"product_tag","embeddable":true,"href":"https:\/\/konro-grill.com\/es\/wp-json\/wp\/v2\/product_tag?post=6674"}],"curies":[{"name":"wp","href":"https:\/\/api.w.org\/{rel}","templated":true}]}}