{"id":7067,"date":"2024-10-11T14:02:51","date_gmt":"2024-10-11T12:02:51","guid":{"rendered":"https:\/\/konro-grill.com\/?post_type=product&#038;p=7067"},"modified":"2026-04-25T10:28:04","modified_gmt":"2026-04-25T08:28:04","slug":"konro-grill-kishu-hanmaru-carbon-binchotan-japones-15kg","status":"publish","type":"product","link":"https:\/\/konro-grill.com\/es\/producto\/konro-grill-kishu-hanmaru-carbon-binchotan-japones-15kg\/","title":{"rendered":"Konro Grill Kishu Hanmaru Carb\u00f3n Binchotan Japon\u00e9s 15kg"},"content":{"rendered":"<h2>Elige lo aut\u00e9ntico: Konro Grill Kishu Hanmaru <span style=\"text-decoration: underline;\">Japon\u00e9s<\/span> Carb\u00f3n Binchotan<\/h2>\n<p>\u00bfTe decantar\u00e1s por el original? Aut\u00e9ntico hecho a mano y <span style=\"text-decoration: underline;\">altamente exclusivo<\/span> \u00bfBinchotan japon\u00e9s?<\/p>\n<p>Lo que hace muy especial al Kishu Hanmaru es la forma en que se produce. El carb\u00f3n vegetal se fabrica a partir del <strong>Roble Ubame<\/strong> y se quema con mucho cuidado en un horno tradicional. Este proceso garantiza una dureza sin precedentes y una combusti\u00f3n limpia, uniforme y prolongada. Una de las mayores ventajas del aut\u00e9ntico Binchotan japon\u00e9s es su <strong>temperatura extremadamente alta<\/strong> que puede alcanzar, por lo que es ideal para asar y asar a la parrilla. Adem\u00e1s, no quema <strong>De 5 a 8 horas<\/strong>lo que significa que no tienes que a\u00f1adir carb\u00f3n constantemente.<\/p>\n<p>Tambi\u00e9n cabe destacar que estos <strong>carb\u00f3n poco humo<\/strong> produce, para que tus vecinos no se quejen. Con <strong>Carb\u00f3n Binchotan Japon\u00e9s Konro Grill Kishu Hanmaru<\/strong> llevar\u00e1s a tu casa un trozo de la tradici\u00f3n culinaria japonesa, perfecto para preparar aut\u00e9nticos platos de barbacoa en tu propio jard\u00edn. \u00a1Un aut\u00e9ntico art\u00edculo imprescindible para cualquier amante de las parrillas japonesas!<\/p>","protected":false},"excerpt":{"rendered":"<h2>Aut\u00e9ntico carb\u00f3n Binchotan japon\u00e9s: Kishu Hanmaru Binchotan.<\/h2>\n<p><strong>Nota: \u00a1disponibilidad limitada!<\/strong> Muy exclusivo, original <strong>Kishu Hanmaru japon\u00e9s Binchotan japon\u00e9s<\/strong> carb\u00f3n vegetal, una elecci\u00f3n de primera calidad para el profesional o el entusiasta serio de la barbacoa japonesa. Este carb\u00f3n es <strong>hecho a mano con roble de Ubame<\/strong>, proviene de la <strong>Regi\u00f3n de Kishu en Jap\u00f3n<\/strong> y es conocida por sus propiedades \u00fanicas y su calidad excepcional. Con un envase de <strong>15 kg<\/strong> este carb\u00f3n ofrece combustible suficiente para muchas sesiones de asado.<\/p>\n<p>&nbsp;<\/p>","protected":false},"featured_media":7585,"template":"","meta":{"inline_featured_image":false},"product_brand":[],"product_cat":[101],"product_tag":[],"class_list":{"0":"post-7067","1":"product","2":"type-product","3":"status-publish","4":"has-post-thumbnail","6":"product_cat-binchotan","7":"entry","8":"has-media","10":"first","11":"instock","12":"taxable","13":"shipping-taxable","14":"purchasable","15":"product-type-simple"},"bundled_by":[],"bundle_stock_status":"instock","bundle_stock_quantity":2,"bundle_virtual":false,"bundle_layout":"","bundle_add_to_cart_form_location":"","bundle_editable_in_cart":false,"bundle_sold_individually_context":"","bundle_item_grouping":"","bundle_min_size":"","bundle_max_size":"","bundle_price":[],"bundled_items":[],"bundle_sell_ids":[3203,894],"yoast_head":"<!-- This site is optimized with the Yoast SEO plugin v27.4 - https:\/\/yoast.com\/product\/yoast-seo-wordpress\/ -->\n<title>Konro Grill Kishu Hanmaru Japanse Binchotan Houtskool 15kg<\/title>\n<meta name=\"description\" content=\"Echte Japanse Binchotan houtskool: Konro Grill Kishu Hanmaru Japanse Binchotan Houtskool 15kg houtskool. Ga jij voor The Real Deal?\" \/>\n<meta name=\"robots\" content=\"index, follow, max-snippet:-1, max-image-preview:large, max-video-preview:-1\" \/>\n<link rel=\"canonical\" href=\"https:\/\/konro-grill.com\/es\/producto\/konro-grill-kishu-hanmaru-carbon-binchotan-japones-15kg\/\" \/>\n<meta property=\"og:locale\" content=\"es_ES\" \/>\n<meta property=\"og:type\" content=\"article\" \/>\n<meta property=\"og:title\" content=\"Konro Grill Kishu Hanmaru Japanse Binchotan Houtskool 15kg\" \/>\n<meta property=\"og:description\" content=\"Echte Japanse Binchotan houtskool: Konro Grill Kishu Hanmaru Japanse Binchotan Houtskool 15kg houtskool. Ga jij voor The Real Deal?\" \/>\n<meta property=\"og:url\" content=\"https:\/\/konro-grill.com\/es\/producto\/konro-grill-kishu-hanmaru-carbon-binchotan-japones-15kg\/\" \/>\n<meta property=\"og:site_name\" content=\"Konro Grill, de grootste Japanse BBQ specialist\" \/>\n<meta property=\"article:publisher\" content=\"https:\/\/facebook.com\/KonroGrillCom\" \/>\n<meta property=\"article:modified_time\" content=\"2026-04-25T08:28:04+00:00\" \/>\n<meta property=\"og:image\" content=\"https:\/\/konro-grill.com\/wp-content\/uploads\/2024\/10\/Konro-Grill-Kishu-Hanmaru-Japanse-Binchotan-Houtskool-15kg-4-2.jpg\" \/>\n\t<meta property=\"og:image:width\" content=\"800\" \/>\n\t<meta property=\"og:image:height\" content=\"800\" \/>\n\t<meta property=\"og:image:type\" content=\"image\/jpeg\" \/>\n<meta name=\"twitter:card\" content=\"summary_large_image\" \/>\n<meta name=\"twitter:label1\" content=\"Tiempo de lectura\" \/>\n\t<meta name=\"twitter:data1\" content=\"2 minutos\" \/>\n<script type=\"application\/ld+json\" class=\"yoast-schema-graph\">{\"@context\":\"https:\\\/\\\/schema.org\",\"@graph\":[{\"@type\":\"WebPage\",\"@id\":\"https:\\\/\\\/konro-grill.com\\\/product\\\/konro-grill-kishu-hanmaru-japanse-binchotan-houtskool-15kg\\\/\",\"url\":\"https:\\\/\\\/konro-grill.com\\\/product\\\/konro-grill-kishu-hanmaru-japanse-binchotan-houtskool-15kg\\\/\",\"name\":\"Konro Grill Kishu Hanmaru Japanse Binchotan Houtskool 15kg\",\"isPartOf\":{\"@id\":\"https:\\\/\\\/konro-grill.com\\\/#website\"},\"primaryImageOfPage\":{\"@id\":\"https:\\\/\\\/konro-grill.com\\\/product\\\/konro-grill-kishu-hanmaru-japanse-binchotan-houtskool-15kg\\\/#primaryimage\"},\"image\":{\"@id\":\"https:\\\/\\\/konro-grill.com\\\/product\\\/konro-grill-kishu-hanmaru-japanse-binchotan-houtskool-15kg\\\/#primaryimage\"},\"thumbnailUrl\":\"https:\\\/\\\/konro-grill.com\\\/wp-content\\\/uploads\\\/2024\\\/10\\\/Konro-Grill-Kishu-Hanmaru-Japanse-Binchotan-Houtskool-15kg-4-2.jpg\",\"datePublished\":\"2024-10-11T12:02:51+00:00\",\"dateModified\":\"2026-04-25T08:28:04+00:00\",\"description\":\"Echte Japanse Binchotan houtskool: Konro Grill Kishu Hanmaru Japanse Binchotan Houtskool 15kg houtskool. Ga jij voor The Real Deal?\",\"breadcrumb\":{\"@id\":\"https:\\\/\\\/konro-grill.com\\\/product\\\/konro-grill-kishu-hanmaru-japanse-binchotan-houtskool-15kg\\\/#breadcrumb\"},\"inLanguage\":\"es\",\"potentialAction\":[{\"@type\":\"ReadAction\",\"target\":[\"https:\\\/\\\/konro-grill.com\\\/product\\\/konro-grill-kishu-hanmaru-japanse-binchotan-houtskool-15kg\\\/\"]}]},{\"@type\":\"ImageObject\",\"inLanguage\":\"es\",\"@id\":\"https:\\\/\\\/konro-grill.com\\\/product\\\/konro-grill-kishu-hanmaru-japanse-binchotan-houtskool-15kg\\\/#primaryimage\",\"url\":\"https:\\\/\\\/konro-grill.com\\\/wp-content\\\/uploads\\\/2024\\\/10\\\/Konro-Grill-Kishu-Hanmaru-Japanse-Binchotan-Houtskool-15kg-4-2.jpg\",\"contentUrl\":\"https:\\\/\\\/konro-grill.com\\\/wp-content\\\/uploads\\\/2024\\\/10\\\/Konro-Grill-Kishu-Hanmaru-Japanse-Binchotan-Houtskool-15kg-4-2.jpg\",\"width\":800,\"height\":800},{\"@type\":\"BreadcrumbList\",\"@id\":\"https:\\\/\\\/konro-grill.com\\\/product\\\/konro-grill-kishu-hanmaru-japanse-binchotan-houtskool-15kg\\\/#breadcrumb\",\"itemListElement\":[{\"@type\":\"ListItem\",\"position\":1,\"name\":\"Home\",\"item\":\"https:\\\/\\\/konro-grill.com\\\/\"},{\"@type\":\"ListItem\",\"position\":2,\"name\":\"Winkel\",\"item\":\"https:\\\/\\\/konro-grill.com\\\/winkel\\\/\"},{\"@type\":\"ListItem\",\"position\":3,\"name\":\"Konro Grill Kishu Hanmaru Japanse Binchotan Houtskool 15kg\"}]},{\"@type\":\"WebSite\",\"@id\":\"https:\\\/\\\/konro-grill.com\\\/#website\",\"url\":\"https:\\\/\\\/konro-grill.com\\\/\",\"name\":\"Konro Grill\",\"description\":\"Konro Grill, de Grootste Japanse BBQ Specialist\",\"publisher\":{\"@id\":\"https:\\\/\\\/konro-grill.com\\\/#organization\"},\"potentialAction\":[{\"@type\":\"SearchAction\",\"target\":{\"@type\":\"EntryPoint\",\"urlTemplate\":\"https:\\\/\\\/konro-grill.com\\\/?s={search_term_string}\"},\"query-input\":{\"@type\":\"PropertyValueSpecification\",\"valueRequired\":true,\"valueName\":\"search_term_string\"}}],\"inLanguage\":\"es\"},{\"@type\":\"Organization\",\"@id\":\"https:\\\/\\\/konro-grill.com\\\/#organization\",\"name\":\"Konro Grill\",\"url\":\"https:\\\/\\\/konro-grill.com\\\/\",\"logo\":{\"@type\":\"ImageObject\",\"inLanguage\":\"es\",\"@id\":\"https:\\\/\\\/konro-grill.com\\\/#\\\/schema\\\/logo\\\/image\\\/\",\"url\":\"https:\\\/\\\/konro-grill.com\\\/wp-content\\\/uploads\\\/2021\\\/10\\\/konro-grill-logo.png\",\"contentUrl\":\"https:\\\/\\\/konro-grill.com\\\/wp-content\\\/uploads\\\/2021\\\/10\\\/konro-grill-logo.png\",\"width\":650,\"height\":80,\"caption\":\"Konro Grill\"},\"image\":{\"@id\":\"https:\\\/\\\/konro-grill.com\\\/#\\\/schema\\\/logo\\\/image\\\/\"},\"sameAs\":[\"https:\\\/\\\/facebook.com\\\/KonroGrillCom\",\"https:\\\/\\\/www.instagram.com\\\/konrogrillcom\\\/\"]}]}<\/script>\n<!-- \/ Yoast SEO plugin. -->","yoast_head_json":{"title":"Konro Grill Kishu Hanmaru Carb\u00f3n Binchotan Japon\u00e9s 15kg","description":"Aut\u00e9ntico Carb\u00f3n Binchotan Japon\u00e9s: Carb\u00f3n Binchotan Japon\u00e9s Konro Grill Kishu Hanmaru de 15 kg. \u00bfTe decantar\u00e1s por The Real Deal?","robots":{"index":"index","follow":"follow","max-snippet":"max-snippet:-1","max-image-preview":"max-image-preview:large","max-video-preview":"max-video-preview:-1"},"canonical":"https:\/\/konro-grill.com\/es\/producto\/konro-grill-kishu-hanmaru-carbon-binchotan-japones-15kg\/","og_locale":"es_ES","og_type":"article","og_title":"Konro Grill Kishu Hanmaru Japanse Binchotan Houtskool 15kg","og_description":"Echte Japanse Binchotan houtskool: Konro Grill Kishu Hanmaru Japanse Binchotan Houtskool 15kg houtskool. Ga jij voor The Real Deal?","og_url":"https:\/\/konro-grill.com\/es\/producto\/konro-grill-kishu-hanmaru-carbon-binchotan-japones-15kg\/","og_site_name":"Konro Grill, de grootste Japanse BBQ specialist","article_publisher":"https:\/\/facebook.com\/KonroGrillCom","article_modified_time":"2026-04-25T08:28:04+00:00","og_image":[{"width":800,"height":800,"url":"https:\/\/konro-grill.com\/wp-content\/uploads\/2024\/10\/Konro-Grill-Kishu-Hanmaru-Japanse-Binchotan-Houtskool-15kg-4-2.jpg","type":"image\/jpeg"}],"twitter_card":"summary_large_image","twitter_misc":{"Tiempo de lectura":"2 minutos"},"schema":{"@context":"https:\/\/schema.org","@graph":[{"@type":"WebPage","@id":"https:\/\/konro-grill.com\/product\/konro-grill-kishu-hanmaru-japanse-binchotan-houtskool-15kg\/","url":"https:\/\/konro-grill.com\/product\/konro-grill-kishu-hanmaru-japanse-binchotan-houtskool-15kg\/","name":"Konro Grill Kishu Hanmaru Carb\u00f3n Binchotan Japon\u00e9s 15kg","isPartOf":{"@id":"https:\/\/konro-grill.com\/#website"},"primaryImageOfPage":{"@id":"https:\/\/konro-grill.com\/product\/konro-grill-kishu-hanmaru-japanse-binchotan-houtskool-15kg\/#primaryimage"},"image":{"@id":"https:\/\/konro-grill.com\/product\/konro-grill-kishu-hanmaru-japanse-binchotan-houtskool-15kg\/#primaryimage"},"thumbnailUrl":"https:\/\/konro-grill.com\/wp-content\/uploads\/2024\/10\/Konro-Grill-Kishu-Hanmaru-Japanse-Binchotan-Houtskool-15kg-4-2.jpg","datePublished":"2024-10-11T12:02:51+00:00","dateModified":"2026-04-25T08:28:04+00:00","description":"Aut\u00e9ntico Carb\u00f3n Binchotan Japon\u00e9s: Carb\u00f3n Binchotan Japon\u00e9s Konro Grill Kishu Hanmaru de 15 kg. \u00bfTe decantar\u00e1s por The Real Deal?","breadcrumb":{"@id":"https:\/\/konro-grill.com\/product\/konro-grill-kishu-hanmaru-japanse-binchotan-houtskool-15kg\/#breadcrumb"},"inLanguage":"es","potentialAction":[{"@type":"ReadAction","target":["https:\/\/konro-grill.com\/product\/konro-grill-kishu-hanmaru-japanse-binchotan-houtskool-15kg\/"]}]},{"@type":"ImageObject","inLanguage":"es","@id":"https:\/\/konro-grill.com\/product\/konro-grill-kishu-hanmaru-japanse-binchotan-houtskool-15kg\/#primaryimage","url":"https:\/\/konro-grill.com\/wp-content\/uploads\/2024\/10\/Konro-Grill-Kishu-Hanmaru-Japanse-Binchotan-Houtskool-15kg-4-2.jpg","contentUrl":"https:\/\/konro-grill.com\/wp-content\/uploads\/2024\/10\/Konro-Grill-Kishu-Hanmaru-Japanse-Binchotan-Houtskool-15kg-4-2.jpg","width":800,"height":800},{"@type":"BreadcrumbList","@id":"https:\/\/konro-grill.com\/product\/konro-grill-kishu-hanmaru-japanse-binchotan-houtskool-15kg\/#breadcrumb","itemListElement":[{"@type":"ListItem","position":1,"name":"Home","item":"https:\/\/konro-grill.com\/"},{"@type":"ListItem","position":2,"name":"Winkel","item":"https:\/\/konro-grill.com\/winkel\/"},{"@type":"ListItem","position":3,"name":"Konro Grill Kishu Hanmaru Japanse Binchotan Houtskool 15kg"}]},{"@type":"WebSite","@id":"https:\/\/konro-grill.com\/#website","url":"https:\/\/konro-grill.com\/","name":"Parrilla Konro","description":"Konro Grill, el mayor especialista en barbacoa japonesa","publisher":{"@id":"https:\/\/konro-grill.com\/#organization"},"potentialAction":[{"@type":"SearchAction","target":{"@type":"EntryPoint","urlTemplate":"https:\/\/konro-grill.com\/?s={search_term_string}"},"query-input":{"@type":"PropertyValueSpecification","valueRequired":true,"valueName":"search_term_string"}}],"inLanguage":"es"},{"@type":"Organization","@id":"https:\/\/konro-grill.com\/#organization","name":"Parrilla Konro","url":"https:\/\/konro-grill.com\/","logo":{"@type":"ImageObject","inLanguage":"es","@id":"https:\/\/konro-grill.com\/#\/schema\/logo\/image\/","url":"https:\/\/konro-grill.com\/wp-content\/uploads\/2021\/10\/konro-grill-logo.png","contentUrl":"https:\/\/konro-grill.com\/wp-content\/uploads\/2021\/10\/konro-grill-logo.png","width":650,"height":80,"caption":"Konro Grill"},"image":{"@id":"https:\/\/konro-grill.com\/#\/schema\/logo\/image\/"},"sameAs":["https:\/\/facebook.com\/KonroGrillCom","https:\/\/www.instagram.com\/konrogrillcom\/"]}]}},"df_price":899,"df_sale_price":"","df_regular_price":899,"df_image_link":"https:\/\/konro-grill.com\/wp-content\/uploads\/2024\/10\/Konro-Grill-Kishu-Hanmaru-Japanse-Binchotan-Houtskool-15kg-4-2-300x300.jpg","_links":{"self":[{"href":"https:\/\/konro-grill.com\/es\/wp-json\/wp\/v2\/product\/7067","targetHints":{"allow":["GET"]}}],"collection":[{"href":"https:\/\/konro-grill.com\/es\/wp-json\/wp\/v2\/product"}],"about":[{"href":"https:\/\/konro-grill.com\/es\/wp-json\/wp\/v2\/types\/product"}],"wp:featuredmedia":[{"embeddable":true,"href":"https:\/\/konro-grill.com\/es\/wp-json\/wp\/v2\/media\/7585"}],"wp:attachment":[{"href":"https:\/\/konro-grill.com\/es\/wp-json\/wp\/v2\/media?parent=7067"}],"wp:term":[{"taxonomy":"product_brand","embeddable":true,"href":"https:\/\/konro-grill.com\/es\/wp-json\/wp\/v2\/product_brand?post=7067"},{"taxonomy":"product_cat","embeddable":true,"href":"https:\/\/konro-grill.com\/es\/wp-json\/wp\/v2\/product_cat?post=7067"},{"taxonomy":"product_tag","embeddable":true,"href":"https:\/\/konro-grill.com\/es\/wp-json\/wp\/v2\/product_tag?post=7067"}],"curies":[{"name":"wp","href":"https:\/\/api.w.org\/{rel}","templated":true}]}}