{"id":8201,"date":"2025-03-31T08:56:49","date_gmt":"2025-03-31T06:56:49","guid":{"rendered":"https:\/\/konro-grill.com\/?post_type=product&#038;p=8201"},"modified":"2026-04-04T10:28:02","modified_gmt":"2026-04-04T08:28:02","slug":"konro-grill-grande-ancho-diatomita","status":"publish","type":"product","link":"https:\/\/konro-grill.com\/es\/producto\/konro-grill-grande-ancho-diatomita\/","title":{"rendered":"Konro Grill Diatomita ancha grande"},"content":{"rendered":"<div class=\"wpb-content-wrapper\"><div class=\"vc_row wpb_row vc_row-fluid wpex-relative\"><div class=\"wpb_column vc_column_container vc_col-sm-12\"><div class=\"vc_column-inner\"><div class=\"wpb_wrapper\">\n\t<div class=\"wpb_text_column wpb_content_element\" >\n\t\t<div class=\"wpb_wrapper\">\n\t\t\t<h3>Konro Grill Grande <span style=\"text-decoration: underline;\">Ancho<\/span> Diatomita. Extra ancho y extra profundo.<\/h3>\n<p><strong>Debido a su mayor tama\u00f1o (69 x 35 x 20 cm), este modelo es adecuado principalmente para el usuario profesional, como restaurantes, food trucks o gastrobares.<\/strong><\/p>\n<p>Utiliza esta gran parrilla hibachi para asar yakitori muy calientes, chamuscar Wagyu y otras carnes. \u00a1No olvides tambi\u00e9n las muchas posibilidades con marisco y verduras! Todo lo que prepares en esta <strong>parrilla japonesa artesanal yakitori<\/strong> tiene un sabor puro y honesto.<\/p>\n<p>Esta Diatomita Konro Grill Grande Ancha puede colocarse de pie sobre una mesa o encimera. Esto se debe a que est\u00e1 provista de tapas de goma antideslizantes. Si esta parrilla konro se coloca sobre una encimera de acero inoxidable, no es necesaria una bandeja.<\/p>\n<p>Mira tambi\u00e9n el modelo de Kasai: el <a href=\"https:\/\/konro-grill.com\/es\/kasai-largo\/\"><strong>Kasai Long<\/strong><\/a> o <a href=\"https:\/\/konro-grill.com\/es\/kasai-medio-ancho\/\"><strong>Medio Ancho<\/strong><\/a>.<\/p>\n<p>\u00bfBuscas una parrilla japonesa de otro tama\u00f1o? Echa un vistazo a la <a href=\"https:\/\/konro-grill.com\/es\/parrilla-japonesa\/\">otros modelos<\/a>. Si quieres saber m\u00e1s sobre c\u00f3mo funciona este grill, lee nuestro <a href=\"https:\/\/konro-grill.com\/es\/faq\/\">PREGUNTAS FRECUENTES<\/a>.<\/p>\n\n\t\t<\/div>\n\t<\/div>\n<div class=\"vcex-spacing wpex-w-100 wpex-clear\" style=\"height:32px;\"><\/div><div class=\"templatera_shortcode\"><style type=\"text\/css\" data-type=\"vc_shortcodes-custom-css\">.vc_custom_1657802039208{margin-bottom: 0px !important;}<\/style><div class=\"vc_row wpb_row vc_row-fluid geschikt-voor-row-alt wpex-relative\"><div class=\"wpb_column vc_column_container vc_col-sm-12\"><div class=\"vc_column-inner vc_custom_1657802039208\"><div class=\"wpb_wrapper\">\n\t<div class=\"wpb_text_column wpb_content_element left\" >\n\t\t<div class=\"wpb_wrapper\">\n\t\t\t<h2 style=\"text-align: center;\">Esto es lo que puedes hacer con la parrilla Konro<\/h2>\n\n\t\t<\/div>\n\t<\/div>\n<div class=\"vc_row wpb_row vc_inner vc_row-fluid wpex-relative\"><div class=\"wpb_column vc_column_container vc_col-sm-4\"><div class=\"vc_column-inner\"><div class=\"wpb_wrapper\">\n\t<div  class=\"wpb_single_image wpb_content_element vc_align_center wpb_content_element  icon\">\n\t\t\n\t\t<figure class=\"wpb_wrapper vc_figure\">\n\t\t\t<div class=\"vc_single_image-wrapper   vc_box_border_grey\"><img width=\"1\" height=\"1\" src=\"https:\/\/konro-grill.com\/wp-content\/uploads\/2020\/11\/vlees.svg\" class=\"vc_single_image-img attachment-full\" alt=\"\" title=\"carne\" \/><\/div>\n\t\t<\/figure>\n\t<\/div>\n\n\t<div class=\"wpb_text_column wpb_content_element textcenter\" >\n\t\t<div class=\"wpb_wrapper\">\n\t\t\t<h3>Aves de corral y carne<\/h3>\n<p>Ase el pollo al estilo yakitori y chamusque las finas y tiernas lonchas de Wagyu.<\/p>\n\n\t\t<\/div>\n\t<\/div>\n<\/div><\/div><\/div><div class=\"wpb_column vc_column_container vc_col-sm-4\"><div class=\"vc_column-inner\"><div class=\"wpb_wrapper\">\n\t<div  class=\"wpb_single_image wpb_content_element vc_align_center wpb_content_element  icon\">\n\t\t\n\t\t<figure class=\"wpb_wrapper vc_figure\">\n\t\t\t<div class=\"vc_single_image-wrapper   vc_box_border_grey\"><img width=\"1\" height=\"1\" src=\"https:\/\/konro-grill.com\/wp-content\/uploads\/2020\/11\/vis.svg\" class=\"vc_single_image-img attachment-full\" alt=\"\" title=\"pescado\" \/><\/div>\n\t\t<\/figure>\n\t<\/div>\n\n\t<div class=\"wpb_text_column wpb_content_element textcenter\" >\n\t\t<div class=\"wpb_wrapper\">\n\t\t\t<h3>Pescado y marisco<\/h3>\n<p>Ase directamente el marisco o el pescado. \u00a1Delicioso! \u00a1Pruebe los sabores puros!<\/p>\n\n\t\t<\/div>\n\t<\/div>\n<\/div><\/div><\/div><div class=\"wpb_column vc_column_container vc_col-sm-4\"><div class=\"vc_column-inner\"><div class=\"wpb_wrapper\">\n\t<div  class=\"wpb_single_image wpb_content_element vc_align_center wpb_content_element  icon\">\n\t\t\n\t\t<figure class=\"wpb_wrapper vc_figure\">\n\t\t\t<div class=\"vc_single_image-wrapper   vc_box_border_grey\"><img width=\"1\" height=\"1\" src=\"https:\/\/konro-grill.com\/wp-content\/uploads\/2020\/11\/groente.svg\" class=\"vc_single_image-img attachment-full\" alt=\"\" title=\"verduras\" \/><\/div>\n\t\t<\/figure>\n\t<\/div>\n\n\t<div class=\"wpb_text_column wpb_content_element textcenter\" >\n\t\t<div class=\"wpb_wrapper\">\n\t\t\t<h3>Frutas y hortalizas<\/h3>\n<p>Asa verduras o incluso fruta. \u00a1L\u00e1quelo y sorpr\u00e9ndase de su sabor!<\/p>\n\n\t\t<\/div>\n\t<\/div>\n<\/div><\/div><\/div><\/div><\/div><\/div><\/div><\/div><\/div><\/div><\/div><\/div><\/div>\n<\/div>","protected":false},"excerpt":{"rendered":"<h3>Hecho a mano en Jap\u00f3n. El mejor konro del mundo. Extra ancho y profundo.<\/h3>\n<p>Este es el original <strong>Japon\u00e9s<\/strong>\u00a0<strong>Diatomita Konro Grill<\/strong>\u00a0<strong>Grande <span style=\"text-decoration: underline;\">Ancho<\/span><\/strong>. El tama\u00f1o perfecto para en <strong>cocina profesional<\/strong>. Lee m\u00e1s sobre esta original parrilla japonesa a continuaci\u00f3n. Con su mayor tama\u00f1o de 69 x 35 x 20 cm, este modelo es adecuado para el usuario profesional, como restaurantes, food trucks o gastrobares. Echa un vistazo a la <a href=\"https:\/\/konro-grill.com\/es\/producto\/konro-grill-xxl-diatomita\/\">Konro Grill XXL Diatomita<\/a> Si el <a href=\"https:\/\/konro-grill.com\/es\/producto\/konro-grill-xl\/\">Konro Grill XL\u00a0<\/a>si buscas otro de gran formato.<\/p>","protected":false},"featured_media":8239,"template":"","meta":{"inline_featured_image":false},"product_brand":[],"product_cat":[243],"product_tag":[],"class_list":{"0":"post-8201","1":"product","2":"type-product","3":"status-publish","4":"has-post-thumbnail","6":"product_cat-japanse-konro-grill","7":"entry","8":"has-media","10":"first","11":"instock","12":"taxable","13":"shipping-taxable","14":"purchasable","15":"product-type-simple"},"bundled_by":["8263","8264"],"bundle_stock_status":"instock","bundle_stock_quantity":29,"bundle_virtual":false,"bundle_layout":"","bundle_add_to_cart_form_location":"","bundle_editable_in_cart":false,"bundle_sold_individually_context":"","bundle_item_grouping":"","bundle_min_size":"","bundle_max_size":"","bundle_price":[],"bundled_items":[],"bundle_sell_ids":[6674,8960,3410,3203,2519,3195,910,905,3910],"yoast_head":"<!-- This site is optimized with the Yoast SEO plugin v27.3 - https:\/\/yoast.com\/product\/yoast-seo-wordpress\/ -->\n<title>Konro Grill Large Wide Diatomite bij de Grootste Konro Specialist<\/title>\n<meta name=\"description\" content=\"Kies voor een originele Japanse Diatomite Konro Grill Large Wide. Bestel hem bij de grootste Japanse BBQ specialist van Europa: Konro Grill.\" \/>\n<meta name=\"robots\" content=\"index, follow, max-snippet:-1, max-image-preview:large, max-video-preview:-1\" \/>\n<link rel=\"canonical\" href=\"https:\/\/konro-grill.com\/es\/producto\/konro-grill-grande-ancho-diatomita\/\" \/>\n<meta property=\"og:locale\" content=\"es_ES\" \/>\n<meta property=\"og:type\" content=\"article\" \/>\n<meta property=\"og:title\" content=\"Konro Grill Large Wide Diatomite bij de Grootste Konro Specialist\" \/>\n<meta property=\"og:description\" content=\"Kies voor een originele Japanse Diatomite Konro Grill Large Wide. Bestel hem bij de grootste Japanse BBQ specialist van Europa: Konro Grill.\" \/>\n<meta property=\"og:url\" content=\"https:\/\/konro-grill.com\/es\/producto\/konro-grill-grande-ancho-diatomita\/\" \/>\n<meta property=\"og:site_name\" content=\"Konro Grill, de grootste Japanse BBQ specialist\" \/>\n<meta property=\"article:publisher\" content=\"https:\/\/facebook.com\/KonroGrillCom\" \/>\n<meta property=\"article:modified_time\" content=\"2026-04-04T08:28:02+00:00\" \/>\n<meta property=\"og:image\" content=\"https:\/\/konro-grill.com\/wp-content\/uploads\/2025\/03\/Konro-Grill-Large-Wide-Diatomite-6-1.jpg\" \/>\n\t<meta property=\"og:image:width\" content=\"800\" \/>\n\t<meta property=\"og:image:height\" content=\"800\" \/>\n\t<meta property=\"og:image:type\" content=\"image\/jpeg\" \/>\n<meta name=\"twitter:card\" content=\"summary_large_image\" \/>\n<meta name=\"twitter:label1\" content=\"Tiempo de lectura\" \/>\n\t<meta name=\"twitter:data1\" content=\"1 minuto\" \/>\n<script type=\"application\/ld+json\" class=\"yoast-schema-graph\">{\"@context\":\"https:\\\/\\\/schema.org\",\"@graph\":[{\"@type\":\"WebPage\",\"@id\":\"https:\\\/\\\/konro-grill.com\\\/product\\\/konro-grill-large-wide-diatomite\\\/\",\"url\":\"https:\\\/\\\/konro-grill.com\\\/product\\\/konro-grill-large-wide-diatomite\\\/\",\"name\":\"Konro Grill Large Wide Diatomite bij de Grootste Konro Specialist\",\"isPartOf\":{\"@id\":\"https:\\\/\\\/konro-grill.com\\\/#website\"},\"primaryImageOfPage\":{\"@id\":\"https:\\\/\\\/konro-grill.com\\\/product\\\/konro-grill-large-wide-diatomite\\\/#primaryimage\"},\"image\":{\"@id\":\"https:\\\/\\\/konro-grill.com\\\/product\\\/konro-grill-large-wide-diatomite\\\/#primaryimage\"},\"thumbnailUrl\":\"https:\\\/\\\/konro-grill.com\\\/wp-content\\\/uploads\\\/2025\\\/03\\\/Konro-Grill-Large-Wide-Diatomite-6-1.jpg\",\"datePublished\":\"2025-03-31T06:56:49+00:00\",\"dateModified\":\"2026-04-04T08:28:02+00:00\",\"description\":\"Kies voor een originele Japanse Diatomite Konro Grill Large Wide. Bestel hem bij de grootste Japanse BBQ specialist van Europa: Konro Grill.\",\"breadcrumb\":{\"@id\":\"https:\\\/\\\/konro-grill.com\\\/product\\\/konro-grill-large-wide-diatomite\\\/#breadcrumb\"},\"inLanguage\":\"es\",\"potentialAction\":[{\"@type\":\"ReadAction\",\"target\":[\"https:\\\/\\\/konro-grill.com\\\/product\\\/konro-grill-large-wide-diatomite\\\/\"]}]},{\"@type\":\"ImageObject\",\"inLanguage\":\"es\",\"@id\":\"https:\\\/\\\/konro-grill.com\\\/product\\\/konro-grill-large-wide-diatomite\\\/#primaryimage\",\"url\":\"https:\\\/\\\/konro-grill.com\\\/wp-content\\\/uploads\\\/2025\\\/03\\\/Konro-Grill-Large-Wide-Diatomite-6-1.jpg\",\"contentUrl\":\"https:\\\/\\\/konro-grill.com\\\/wp-content\\\/uploads\\\/2025\\\/03\\\/Konro-Grill-Large-Wide-Diatomite-6-1.jpg\",\"width\":800,\"height\":800},{\"@type\":\"BreadcrumbList\",\"@id\":\"https:\\\/\\\/konro-grill.com\\\/product\\\/konro-grill-large-wide-diatomite\\\/#breadcrumb\",\"itemListElement\":[{\"@type\":\"ListItem\",\"position\":1,\"name\":\"Home\",\"item\":\"https:\\\/\\\/konro-grill.com\\\/\"},{\"@type\":\"ListItem\",\"position\":2,\"name\":\"Winkel\",\"item\":\"https:\\\/\\\/konro-grill.com\\\/winkel\\\/\"},{\"@type\":\"ListItem\",\"position\":3,\"name\":\"Konro Grill Large Wide Diatomite\"}]},{\"@type\":\"WebSite\",\"@id\":\"https:\\\/\\\/konro-grill.com\\\/#website\",\"url\":\"https:\\\/\\\/konro-grill.com\\\/\",\"name\":\"Konro Grill\",\"description\":\"Konro Grill, de Grootste Japanse BBQ Specialist\",\"publisher\":{\"@id\":\"https:\\\/\\\/konro-grill.com\\\/#organization\"},\"potentialAction\":[{\"@type\":\"SearchAction\",\"target\":{\"@type\":\"EntryPoint\",\"urlTemplate\":\"https:\\\/\\\/konro-grill.com\\\/?s={search_term_string}\"},\"query-input\":{\"@type\":\"PropertyValueSpecification\",\"valueRequired\":true,\"valueName\":\"search_term_string\"}}],\"inLanguage\":\"es\"},{\"@type\":\"Organization\",\"@id\":\"https:\\\/\\\/konro-grill.com\\\/#organization\",\"name\":\"Konro Grill\",\"url\":\"https:\\\/\\\/konro-grill.com\\\/\",\"logo\":{\"@type\":\"ImageObject\",\"inLanguage\":\"es\",\"@id\":\"https:\\\/\\\/konro-grill.com\\\/#\\\/schema\\\/logo\\\/image\\\/\",\"url\":\"https:\\\/\\\/konro-grill.com\\\/wp-content\\\/uploads\\\/2021\\\/10\\\/konro-grill-logo.png\",\"contentUrl\":\"https:\\\/\\\/konro-grill.com\\\/wp-content\\\/uploads\\\/2021\\\/10\\\/konro-grill-logo.png\",\"width\":650,\"height\":80,\"caption\":\"Konro Grill\"},\"image\":{\"@id\":\"https:\\\/\\\/konro-grill.com\\\/#\\\/schema\\\/logo\\\/image\\\/\"},\"sameAs\":[\"https:\\\/\\\/facebook.com\\\/KonroGrillCom\",\"https:\\\/\\\/www.instagram.com\\\/konrogrillcom\\\/\"]}]}<\/script>\n<!-- \/ Yoast SEO plugin. -->","yoast_head_json":{"title":"Konro Grill Diatomita ancha grande en el mayor especialista de Konro","description":"Elige una Diatomita japonesa original Konro Grill Grande Ancha. P\u00eddela al mayor especialista en barbacoas japonesas de Europa: Konro Grill.","robots":{"index":"index","follow":"follow","max-snippet":"max-snippet:-1","max-image-preview":"max-image-preview:large","max-video-preview":"max-video-preview:-1"},"canonical":"https:\/\/konro-grill.com\/es\/producto\/konro-grill-grande-ancho-diatomita\/","og_locale":"es_ES","og_type":"article","og_title":"Konro Grill Large Wide Diatomite bij de Grootste Konro Specialist","og_description":"Kies voor een originele Japanse Diatomite Konro Grill Large Wide. Bestel hem bij de grootste Japanse BBQ specialist van Europa: Konro Grill.","og_url":"https:\/\/konro-grill.com\/es\/producto\/konro-grill-grande-ancho-diatomita\/","og_site_name":"Konro Grill, de grootste Japanse BBQ specialist","article_publisher":"https:\/\/facebook.com\/KonroGrillCom","article_modified_time":"2026-04-04T08:28:02+00:00","og_image":[{"width":800,"height":800,"url":"https:\/\/konro-grill.com\/wp-content\/uploads\/2025\/03\/Konro-Grill-Large-Wide-Diatomite-6-1.jpg","type":"image\/jpeg"}],"twitter_card":"summary_large_image","twitter_misc":{"Tiempo de lectura":"1 minuto"},"schema":{"@context":"https:\/\/schema.org","@graph":[{"@type":"WebPage","@id":"https:\/\/konro-grill.com\/product\/konro-grill-large-wide-diatomite\/","url":"https:\/\/konro-grill.com\/product\/konro-grill-large-wide-diatomite\/","name":"Konro Grill Diatomita ancha grande en el mayor especialista de Konro","isPartOf":{"@id":"https:\/\/konro-grill.com\/#website"},"primaryImageOfPage":{"@id":"https:\/\/konro-grill.com\/product\/konro-grill-large-wide-diatomite\/#primaryimage"},"image":{"@id":"https:\/\/konro-grill.com\/product\/konro-grill-large-wide-diatomite\/#primaryimage"},"thumbnailUrl":"https:\/\/konro-grill.com\/wp-content\/uploads\/2025\/03\/Konro-Grill-Large-Wide-Diatomite-6-1.jpg","datePublished":"2025-03-31T06:56:49+00:00","dateModified":"2026-04-04T08:28:02+00:00","description":"Elige una Diatomita japonesa original Konro Grill Grande Ancha. P\u00eddela al mayor especialista en barbacoas japonesas de Europa: Konro Grill.","breadcrumb":{"@id":"https:\/\/konro-grill.com\/product\/konro-grill-large-wide-diatomite\/#breadcrumb"},"inLanguage":"es","potentialAction":[{"@type":"ReadAction","target":["https:\/\/konro-grill.com\/product\/konro-grill-large-wide-diatomite\/"]}]},{"@type":"ImageObject","inLanguage":"es","@id":"https:\/\/konro-grill.com\/product\/konro-grill-large-wide-diatomite\/#primaryimage","url":"https:\/\/konro-grill.com\/wp-content\/uploads\/2025\/03\/Konro-Grill-Large-Wide-Diatomite-6-1.jpg","contentUrl":"https:\/\/konro-grill.com\/wp-content\/uploads\/2025\/03\/Konro-Grill-Large-Wide-Diatomite-6-1.jpg","width":800,"height":800},{"@type":"BreadcrumbList","@id":"https:\/\/konro-grill.com\/product\/konro-grill-large-wide-diatomite\/#breadcrumb","itemListElement":[{"@type":"ListItem","position":1,"name":"Home","item":"https:\/\/konro-grill.com\/"},{"@type":"ListItem","position":2,"name":"Winkel","item":"https:\/\/konro-grill.com\/winkel\/"},{"@type":"ListItem","position":3,"name":"Konro Grill Large Wide Diatomite"}]},{"@type":"WebSite","@id":"https:\/\/konro-grill.com\/#website","url":"https:\/\/konro-grill.com\/","name":"Parrilla Konro","description":"Konro Grill, el mayor especialista en barbacoa japonesa","publisher":{"@id":"https:\/\/konro-grill.com\/#organization"},"potentialAction":[{"@type":"SearchAction","target":{"@type":"EntryPoint","urlTemplate":"https:\/\/konro-grill.com\/?s={search_term_string}"},"query-input":{"@type":"PropertyValueSpecification","valueRequired":true,"valueName":"search_term_string"}}],"inLanguage":"es"},{"@type":"Organization","@id":"https:\/\/konro-grill.com\/#organization","name":"Parrilla Konro","url":"https:\/\/konro-grill.com\/","logo":{"@type":"ImageObject","inLanguage":"es","@id":"https:\/\/konro-grill.com\/#\/schema\/logo\/image\/","url":"https:\/\/konro-grill.com\/wp-content\/uploads\/2021\/10\/konro-grill-logo.png","contentUrl":"https:\/\/konro-grill.com\/wp-content\/uploads\/2021\/10\/konro-grill-logo.png","width":650,"height":80,"caption":"Konro Grill"},"image":{"@id":"https:\/\/konro-grill.com\/#\/schema\/logo\/image\/"},"sameAs":["https:\/\/facebook.com\/KonroGrillCom","https:\/\/www.instagram.com\/konrogrillcom\/"]}]}},"df_price":919,"df_sale_price":"","df_regular_price":919,"df_image_link":"https:\/\/konro-grill.com\/wp-content\/uploads\/2025\/03\/Konro-Grill-Large-Wide-Diatomite-6-1-300x300.jpg","_links":{"self":[{"href":"https:\/\/konro-grill.com\/es\/wp-json\/wp\/v2\/product\/8201","targetHints":{"allow":["GET"]}}],"collection":[{"href":"https:\/\/konro-grill.com\/es\/wp-json\/wp\/v2\/product"}],"about":[{"href":"https:\/\/konro-grill.com\/es\/wp-json\/wp\/v2\/types\/product"}],"wp:featuredmedia":[{"embeddable":true,"href":"https:\/\/konro-grill.com\/es\/wp-json\/wp\/v2\/media\/8239"}],"wp:attachment":[{"href":"https:\/\/konro-grill.com\/es\/wp-json\/wp\/v2\/media?parent=8201"}],"wp:term":[{"taxonomy":"product_brand","embeddable":true,"href":"https:\/\/konro-grill.com\/es\/wp-json\/wp\/v2\/product_brand?post=8201"},{"taxonomy":"product_cat","embeddable":true,"href":"https:\/\/konro-grill.com\/es\/wp-json\/wp\/v2\/product_cat?post=8201"},{"taxonomy":"product_tag","embeddable":true,"href":"https:\/\/konro-grill.com\/es\/wp-json\/wp\/v2\/product_tag?post=8201"}],"curies":[{"name":"wp","href":"https:\/\/api.w.org\/{rel}","templated":true}]}}