{"id":8960,"date":"2025-05-22T12:14:46","date_gmt":"2025-05-22T10:14:46","guid":{"rendered":"https:\/\/konro-grill.com\/?post_type=product&#038;p=8960"},"modified":"2026-04-04T22:28:04","modified_gmt":"2026-04-04T20:28:04","slug":"konro-grill-binchotan-ogatan-5kg","status":"publish","type":"product","link":"https:\/\/konro-grill.com\/es\/producto\/konro-grill-binchotan-ogatan-5kg\/","title":{"rendered":"Konro Grill Binchotan Ogatan 5kg"},"content":{"rendered":"","protected":false},"excerpt":{"rendered":"<h3>Carb\u00f3n de alta calidad al estilo Binchotan: \u00a1Konro Grill Ogatan Binchotan!<\/h3>\n<p>Este <strong>pulsado<\/strong> El carb\u00f3n estilo binchot\u00e1n se enciende mucho m\u00e1s f\u00e1cilmente que el binchot\u00e1n natural. Esto se debe a que es mucho m\u00e1s duro. La caja contiene 5 kilos. Fabricado en Vietnam. Este carb\u00f3n estilo Binchotan de larga combusti\u00f3n alcanza un calor muy alto. Perfecto para asar a la konro y para barbacoas normales.<\/p>","protected":false},"featured_media":8962,"template":"","meta":{"inline_featured_image":false},"product_brand":[],"product_cat":[101],"product_tag":[],"class_list":{"0":"post-8960","1":"product","2":"type-product","3":"status-publish","4":"has-post-thumbnail","6":"product_cat-binchotan","7":"entry","8":"has-media","10":"first","11":"instock","12":"taxable","13":"shipping-taxable","14":"purchasable","15":"product-type-simple"},"bundled_by":[],"bundle_stock_status":"instock","bundle_stock_quantity":16,"bundle_virtual":false,"bundle_layout":"","bundle_add_to_cart_form_location":"","bundle_editable_in_cart":false,"bundle_sold_individually_context":"","bundle_item_grouping":"","bundle_min_size":"","bundle_max_size":"","bundle_price":[],"bundled_items":[],"bundle_sell_ids":[],"yoast_head":"<!-- This site is optimized with the Yoast SEO plugin v27.3 - https:\/\/yoast.com\/product\/yoast-seo-wordpress\/ -->\n<title>Konro Grill Binchotan Ogatan 5kg, bestel bij de Konro Specialist<\/title>\n<meta name=\"description\" content=\"Onze Binchotan stijl houtskool: Konro Grill Ogatan Binchotan, geperste Binchotan stijl houtskoolsoort. Steekt makkelijker aan dan natuurlijke binchotan\" \/>\n<meta name=\"robots\" content=\"index, follow, max-snippet:-1, max-image-preview:large, max-video-preview:-1\" \/>\n<link rel=\"canonical\" href=\"https:\/\/konro-grill.com\/es\/producto\/konro-grill-binchotan-ogatan-5kg\/\" \/>\n<meta property=\"og:locale\" content=\"es_ES\" \/>\n<meta property=\"og:type\" content=\"article\" \/>\n<meta property=\"og:title\" content=\"Konro Grill Binchotan Ogatan 5kg, bestel bij de Konro Specialist\" \/>\n<meta property=\"og:description\" content=\"Onze Binchotan stijl houtskool: Konro Grill Ogatan Binchotan, geperste Binchotan stijl houtskoolsoort. Steekt makkelijker aan dan natuurlijke binchotan\" \/>\n<meta property=\"og:url\" content=\"https:\/\/konro-grill.com\/es\/producto\/konro-grill-binchotan-ogatan-5kg\/\" \/>\n<meta property=\"og:site_name\" content=\"Konro Grill, de grootste Japanse BBQ specialist\" \/>\n<meta property=\"article:publisher\" content=\"https:\/\/facebook.com\/KonroGrillCom\" \/>\n<meta property=\"article:modified_time\" content=\"2026-04-04T20:28:04+00:00\" \/>\n<meta property=\"og:image\" content=\"https:\/\/konro-grill.com\/wp-content\/uploads\/2025\/05\/Konro-Grill-Binchotan-Ogatan-Charcoal-Origin-Vietnam-5kg.jpg\" \/>\n\t<meta property=\"og:image:width\" content=\"800\" \/>\n\t<meta property=\"og:image:height\" content=\"800\" \/>\n\t<meta property=\"og:image:type\" content=\"image\/jpeg\" \/>\n<meta name=\"twitter:card\" content=\"summary_large_image\" \/>\n<meta name=\"twitter:label1\" content=\"Tiempo de lectura\" \/>\n\t<meta name=\"twitter:data1\" content=\"1 minuto\" \/>\n<script type=\"application\/ld+json\" class=\"yoast-schema-graph\">{\"@context\":\"https:\\\/\\\/schema.org\",\"@graph\":[{\"@type\":\"WebPage\",\"@id\":\"https:\\\/\\\/konro-grill.com\\\/product\\\/konro-grill-binchotan-ogatan-5kg\\\/\",\"url\":\"https:\\\/\\\/konro-grill.com\\\/product\\\/konro-grill-binchotan-ogatan-5kg\\\/\",\"name\":\"Konro Grill Binchotan Ogatan 5kg, bestel bij de Konro Specialist\",\"isPartOf\":{\"@id\":\"https:\\\/\\\/konro-grill.com\\\/#website\"},\"primaryImageOfPage\":{\"@id\":\"https:\\\/\\\/konro-grill.com\\\/product\\\/konro-grill-binchotan-ogatan-5kg\\\/#primaryimage\"},\"image\":{\"@id\":\"https:\\\/\\\/konro-grill.com\\\/product\\\/konro-grill-binchotan-ogatan-5kg\\\/#primaryimage\"},\"thumbnailUrl\":\"https:\\\/\\\/konro-grill.com\\\/wp-content\\\/uploads\\\/2025\\\/05\\\/Konro-Grill-Binchotan-Ogatan-Charcoal-Origin-Vietnam-5kg.jpg\",\"datePublished\":\"2025-05-22T10:14:46+00:00\",\"dateModified\":\"2026-04-04T20:28:04+00:00\",\"description\":\"Onze Binchotan stijl houtskool: Konro Grill Ogatan Binchotan, geperste Binchotan stijl houtskoolsoort. Steekt makkelijker aan dan natuurlijke binchotan\",\"breadcrumb\":{\"@id\":\"https:\\\/\\\/konro-grill.com\\\/product\\\/konro-grill-binchotan-ogatan-5kg\\\/#breadcrumb\"},\"inLanguage\":\"es\",\"potentialAction\":[{\"@type\":\"ReadAction\",\"target\":[\"https:\\\/\\\/konro-grill.com\\\/product\\\/konro-grill-binchotan-ogatan-5kg\\\/\"]}]},{\"@type\":\"ImageObject\",\"inLanguage\":\"es\",\"@id\":\"https:\\\/\\\/konro-grill.com\\\/product\\\/konro-grill-binchotan-ogatan-5kg\\\/#primaryimage\",\"url\":\"https:\\\/\\\/konro-grill.com\\\/wp-content\\\/uploads\\\/2025\\\/05\\\/Konro-Grill-Binchotan-Ogatan-Charcoal-Origin-Vietnam-5kg.jpg\",\"contentUrl\":\"https:\\\/\\\/konro-grill.com\\\/wp-content\\\/uploads\\\/2025\\\/05\\\/Konro-Grill-Binchotan-Ogatan-Charcoal-Origin-Vietnam-5kg.jpg\",\"width\":800,\"height\":800},{\"@type\":\"BreadcrumbList\",\"@id\":\"https:\\\/\\\/konro-grill.com\\\/product\\\/konro-grill-binchotan-ogatan-5kg\\\/#breadcrumb\",\"itemListElement\":[{\"@type\":\"ListItem\",\"position\":1,\"name\":\"Home\",\"item\":\"https:\\\/\\\/konro-grill.com\\\/\"},{\"@type\":\"ListItem\",\"position\":2,\"name\":\"Winkel\",\"item\":\"https:\\\/\\\/konro-grill.com\\\/winkel\\\/\"},{\"@type\":\"ListItem\",\"position\":3,\"name\":\"Konro Grill Binchotan Ogatan 5kg\"}]},{\"@type\":\"WebSite\",\"@id\":\"https:\\\/\\\/konro-grill.com\\\/#website\",\"url\":\"https:\\\/\\\/konro-grill.com\\\/\",\"name\":\"Konro Grill\",\"description\":\"Konro Grill, de Grootste Japanse BBQ Specialist\",\"publisher\":{\"@id\":\"https:\\\/\\\/konro-grill.com\\\/#organization\"},\"potentialAction\":[{\"@type\":\"SearchAction\",\"target\":{\"@type\":\"EntryPoint\",\"urlTemplate\":\"https:\\\/\\\/konro-grill.com\\\/?s={search_term_string}\"},\"query-input\":{\"@type\":\"PropertyValueSpecification\",\"valueRequired\":true,\"valueName\":\"search_term_string\"}}],\"inLanguage\":\"es\"},{\"@type\":\"Organization\",\"@id\":\"https:\\\/\\\/konro-grill.com\\\/#organization\",\"name\":\"Konro Grill\",\"url\":\"https:\\\/\\\/konro-grill.com\\\/\",\"logo\":{\"@type\":\"ImageObject\",\"inLanguage\":\"es\",\"@id\":\"https:\\\/\\\/konro-grill.com\\\/#\\\/schema\\\/logo\\\/image\\\/\",\"url\":\"https:\\\/\\\/konro-grill.com\\\/wp-content\\\/uploads\\\/2021\\\/10\\\/konro-grill-logo.png\",\"contentUrl\":\"https:\\\/\\\/konro-grill.com\\\/wp-content\\\/uploads\\\/2021\\\/10\\\/konro-grill-logo.png\",\"width\":650,\"height\":80,\"caption\":\"Konro Grill\"},\"image\":{\"@id\":\"https:\\\/\\\/konro-grill.com\\\/#\\\/schema\\\/logo\\\/image\\\/\"},\"sameAs\":[\"https:\\\/\\\/facebook.com\\\/KonroGrillCom\",\"https:\\\/\\\/www.instagram.com\\\/konrogrillcom\\\/\"]}]}<\/script>\n<!-- \/ Yoast SEO plugin. -->","yoast_head_json":{"title":"Konro Grill Binchotan Ogatan 5kg, pedir al especialista Konro","description":"Nuestro carb\u00f3n estilo Binchotan: Konro Grill Ogatan Binchotan, carb\u00f3n prensado estilo Binchotan. Se enciende m\u00e1s f\u00e1cilmente que el binchotan natural","robots":{"index":"index","follow":"follow","max-snippet":"max-snippet:-1","max-image-preview":"max-image-preview:large","max-video-preview":"max-video-preview:-1"},"canonical":"https:\/\/konro-grill.com\/es\/producto\/konro-grill-binchotan-ogatan-5kg\/","og_locale":"es_ES","og_type":"article","og_title":"Konro Grill Binchotan Ogatan 5kg, bestel bij de Konro Specialist","og_description":"Onze Binchotan stijl houtskool: Konro Grill Ogatan Binchotan, geperste Binchotan stijl houtskoolsoort. Steekt makkelijker aan dan natuurlijke binchotan","og_url":"https:\/\/konro-grill.com\/es\/producto\/konro-grill-binchotan-ogatan-5kg\/","og_site_name":"Konro Grill, de grootste Japanse BBQ specialist","article_publisher":"https:\/\/facebook.com\/KonroGrillCom","article_modified_time":"2026-04-04T20:28:04+00:00","og_image":[{"width":800,"height":800,"url":"https:\/\/konro-grill.com\/wp-content\/uploads\/2025\/05\/Konro-Grill-Binchotan-Ogatan-Charcoal-Origin-Vietnam-5kg.jpg","type":"image\/jpeg"}],"twitter_card":"summary_large_image","twitter_misc":{"Tiempo de lectura":"1 minuto"},"schema":{"@context":"https:\/\/schema.org","@graph":[{"@type":"WebPage","@id":"https:\/\/konro-grill.com\/product\/konro-grill-binchotan-ogatan-5kg\/","url":"https:\/\/konro-grill.com\/product\/konro-grill-binchotan-ogatan-5kg\/","name":"Konro Grill Binchotan Ogatan 5kg, pedir al especialista Konro","isPartOf":{"@id":"https:\/\/konro-grill.com\/#website"},"primaryImageOfPage":{"@id":"https:\/\/konro-grill.com\/product\/konro-grill-binchotan-ogatan-5kg\/#primaryimage"},"image":{"@id":"https:\/\/konro-grill.com\/product\/konro-grill-binchotan-ogatan-5kg\/#primaryimage"},"thumbnailUrl":"https:\/\/konro-grill.com\/wp-content\/uploads\/2025\/05\/Konro-Grill-Binchotan-Ogatan-Charcoal-Origin-Vietnam-5kg.jpg","datePublished":"2025-05-22T10:14:46+00:00","dateModified":"2026-04-04T20:28:04+00:00","description":"Nuestro carb\u00f3n estilo Binchotan: Konro Grill Ogatan Binchotan, carb\u00f3n prensado estilo Binchotan. Se enciende m\u00e1s f\u00e1cilmente que el binchotan natural","breadcrumb":{"@id":"https:\/\/konro-grill.com\/product\/konro-grill-binchotan-ogatan-5kg\/#breadcrumb"},"inLanguage":"es","potentialAction":[{"@type":"ReadAction","target":["https:\/\/konro-grill.com\/product\/konro-grill-binchotan-ogatan-5kg\/"]}]},{"@type":"ImageObject","inLanguage":"es","@id":"https:\/\/konro-grill.com\/product\/konro-grill-binchotan-ogatan-5kg\/#primaryimage","url":"https:\/\/konro-grill.com\/wp-content\/uploads\/2025\/05\/Konro-Grill-Binchotan-Ogatan-Charcoal-Origin-Vietnam-5kg.jpg","contentUrl":"https:\/\/konro-grill.com\/wp-content\/uploads\/2025\/05\/Konro-Grill-Binchotan-Ogatan-Charcoal-Origin-Vietnam-5kg.jpg","width":800,"height":800},{"@type":"BreadcrumbList","@id":"https:\/\/konro-grill.com\/product\/konro-grill-binchotan-ogatan-5kg\/#breadcrumb","itemListElement":[{"@type":"ListItem","position":1,"name":"Home","item":"https:\/\/konro-grill.com\/"},{"@type":"ListItem","position":2,"name":"Winkel","item":"https:\/\/konro-grill.com\/winkel\/"},{"@type":"ListItem","position":3,"name":"Konro Grill Binchotan Ogatan 5kg"}]},{"@type":"WebSite","@id":"https:\/\/konro-grill.com\/#website","url":"https:\/\/konro-grill.com\/","name":"Parrilla Konro","description":"Konro Grill, el mayor especialista en barbacoa japonesa","publisher":{"@id":"https:\/\/konro-grill.com\/#organization"},"potentialAction":[{"@type":"SearchAction","target":{"@type":"EntryPoint","urlTemplate":"https:\/\/konro-grill.com\/?s={search_term_string}"},"query-input":{"@type":"PropertyValueSpecification","valueRequired":true,"valueName":"search_term_string"}}],"inLanguage":"es"},{"@type":"Organization","@id":"https:\/\/konro-grill.com\/#organization","name":"Parrilla Konro","url":"https:\/\/konro-grill.com\/","logo":{"@type":"ImageObject","inLanguage":"es","@id":"https:\/\/konro-grill.com\/#\/schema\/logo\/image\/","url":"https:\/\/konro-grill.com\/wp-content\/uploads\/2021\/10\/konro-grill-logo.png","contentUrl":"https:\/\/konro-grill.com\/wp-content\/uploads\/2021\/10\/konro-grill-logo.png","width":650,"height":80,"caption":"Konro Grill"},"image":{"@id":"https:\/\/konro-grill.com\/#\/schema\/logo\/image\/"},"sameAs":["https:\/\/facebook.com\/KonroGrillCom","https:\/\/www.instagram.com\/konrogrillcom\/"]}]}},"df_price":34.95,"df_sale_price":"","df_regular_price":34.95,"df_image_link":"https:\/\/konro-grill.com\/wp-content\/uploads\/2025\/05\/Konro-Grill-Binchotan-Ogatan-Charcoal-Origin-Vietnam-5kg-300x300.jpg","_links":{"self":[{"href":"https:\/\/konro-grill.com\/es\/wp-json\/wp\/v2\/product\/8960","targetHints":{"allow":["GET"]}}],"collection":[{"href":"https:\/\/konro-grill.com\/es\/wp-json\/wp\/v2\/product"}],"about":[{"href":"https:\/\/konro-grill.com\/es\/wp-json\/wp\/v2\/types\/product"}],"wp:featuredmedia":[{"embeddable":true,"href":"https:\/\/konro-grill.com\/es\/wp-json\/wp\/v2\/media\/8962"}],"wp:attachment":[{"href":"https:\/\/konro-grill.com\/es\/wp-json\/wp\/v2\/media?parent=8960"}],"wp:term":[{"taxonomy":"product_brand","embeddable":true,"href":"https:\/\/konro-grill.com\/es\/wp-json\/wp\/v2\/product_brand?post=8960"},{"taxonomy":"product_cat","embeddable":true,"href":"https:\/\/konro-grill.com\/es\/wp-json\/wp\/v2\/product_cat?post=8960"},{"taxonomy":"product_tag","embeddable":true,"href":"https:\/\/konro-grill.com\/es\/wp-json\/wp\/v2\/product_tag?post=8960"}],"curies":[{"name":"wp","href":"https:\/\/api.w.org\/{rel}","templated":true}]}}