{"id":910,"date":"2022-06-09T15:15:02","date_gmt":"2022-06-09T13:15:02","guid":{"rendered":"https:\/\/konro-grill.com\/?post_type=product&#038;p=910"},"modified":"2026-04-04T10:28:03","modified_gmt":"2026-04-04T08:28:03","slug":"alicates-de-acero-inoxidable","status":"publish","type":"product","link":"https:\/\/konro-grill.com\/es\/producto\/alicates-de-acero-inoxidable\/","title":{"rendered":"Alicates para parrilla Konro Acero inoxidable (ojo)"},"content":{"rendered":"","protected":false},"excerpt":{"rendered":"<h2>Sujeta tu konro con pinzas de acero inoxidable<\/h2>\n<p>Da la vuelta y mueve f\u00e1cilmente los alimentos en tu grill Konro con estas pr\u00e1cticas y largas pinzas de acero inoxidable. Las pinzas son de acero inoxidable y miden 24,3 cent\u00edmetros de largo.<\/p>","protected":false},"featured_media":912,"template":"","meta":{"inline_featured_image":false},"product_brand":[],"product_cat":[510,99,381],"product_tag":[],"class_list":{"0":"post-910","1":"product","2":"type-product","3":"status-publish","4":"has-post-thumbnail","6":"product_cat-export","7":"product_cat-konro-accessoires","8":"product_cat-konro-essentials","9":"entry","10":"has-media","12":"first","13":"instock","14":"taxable","15":"shipping-taxable","16":"purchasable","17":"product-type-simple"},"bundled_by":["2453"],"bundle_stock_status":"instock","bundle_stock_quantity":21,"bundle_virtual":false,"bundle_layout":"","bundle_add_to_cart_form_location":"","bundle_editable_in_cart":false,"bundle_sold_individually_context":"","bundle_item_grouping":"","bundle_min_size":"","bundle_max_size":"","bundle_price":[],"bundled_items":[],"bundle_sell_ids":[],"yoast_head":"<!-- This site is optimized with the Yoast SEO plugin v27.3 - https:\/\/yoast.com\/product\/yoast-seo-wordpress\/ -->\n<title>Tang RVS 24.3cm | Konro Grill<\/title>\n<meta name=\"description\" content=\"Gemakkelijk je etenswaren draaien en keren op de Konro Grill met deze roestvrijstalen Tang met een lengte van 24.3cm.\" \/>\n<meta name=\"robots\" content=\"index, follow, max-snippet:-1, max-image-preview:large, max-video-preview:-1\" \/>\n<link rel=\"canonical\" href=\"https:\/\/konro-grill.com\/es\/producto\/alicates-de-acero-inoxidable\/\" \/>\n<meta property=\"og:locale\" content=\"es_ES\" \/>\n<meta property=\"og:type\" content=\"article\" \/>\n<meta property=\"og:title\" content=\"Tang RVS 24.3cm | Konro Grill\" \/>\n<meta property=\"og:description\" content=\"Gemakkelijk je etenswaren draaien en keren op de Konro Grill met deze roestvrijstalen Tang met een lengte van 24.3cm.\" \/>\n<meta property=\"og:url\" content=\"https:\/\/konro-grill.com\/es\/producto\/alicates-de-acero-inoxidable\/\" \/>\n<meta property=\"og:site_name\" content=\"Konro Grill, de grootste Japanse BBQ specialist\" \/>\n<meta property=\"article:publisher\" content=\"https:\/\/facebook.com\/KonroGrillCom\" \/>\n<meta property=\"article:modified_time\" content=\"2026-04-04T08:28:03+00:00\" \/>\n<meta property=\"og:image\" content=\"https:\/\/konro-grill.com\/wp-content\/uploads\/2022\/06\/Kitchen-tong-for-Konro-Grilling-24.3cm-Konro-Grill.jpg\" \/>\n\t<meta property=\"og:image:width\" content=\"800\" \/>\n\t<meta property=\"og:image:height\" content=\"800\" \/>\n\t<meta property=\"og:image:type\" content=\"image\/jpeg\" \/>\n<meta name=\"twitter:card\" content=\"summary_large_image\" \/>\n<meta name=\"twitter:label1\" content=\"Tiempo de lectura\" \/>\n\t<meta name=\"twitter:data1\" content=\"1 minuto\" \/>\n<script type=\"application\/ld+json\" class=\"yoast-schema-graph\">{\"@context\":\"https:\\\/\\\/schema.org\",\"@graph\":[{\"@type\":\"WebPage\",\"@id\":\"https:\\\/\\\/konro-grill.com\\\/product\\\/tang-rvs\\\/\",\"url\":\"https:\\\/\\\/konro-grill.com\\\/product\\\/tang-rvs\\\/\",\"name\":\"Tang RVS 24.3cm | Konro Grill\",\"isPartOf\":{\"@id\":\"https:\\\/\\\/konro-grill.com\\\/#website\"},\"primaryImageOfPage\":{\"@id\":\"https:\\\/\\\/konro-grill.com\\\/product\\\/tang-rvs\\\/#primaryimage\"},\"image\":{\"@id\":\"https:\\\/\\\/konro-grill.com\\\/product\\\/tang-rvs\\\/#primaryimage\"},\"thumbnailUrl\":\"https:\\\/\\\/konro-grill.com\\\/wp-content\\\/uploads\\\/2022\\\/06\\\/Kitchen-tong-for-Konro-Grilling-24.3cm-Konro-Grill.jpg\",\"datePublished\":\"2022-06-09T13:15:02+00:00\",\"dateModified\":\"2026-04-04T08:28:03+00:00\",\"description\":\"Gemakkelijk je etenswaren draaien en keren op de Konro Grill met deze roestvrijstalen Tang met een lengte van 24.3cm.\",\"breadcrumb\":{\"@id\":\"https:\\\/\\\/konro-grill.com\\\/product\\\/tang-rvs\\\/#breadcrumb\"},\"inLanguage\":\"es\",\"potentialAction\":[{\"@type\":\"ReadAction\",\"target\":[\"https:\\\/\\\/konro-grill.com\\\/product\\\/tang-rvs\\\/\"]}]},{\"@type\":\"ImageObject\",\"inLanguage\":\"es\",\"@id\":\"https:\\\/\\\/konro-grill.com\\\/product\\\/tang-rvs\\\/#primaryimage\",\"url\":\"https:\\\/\\\/konro-grill.com\\\/wp-content\\\/uploads\\\/2022\\\/06\\\/Kitchen-tong-for-Konro-Grilling-24.3cm-Konro-Grill.jpg\",\"contentUrl\":\"https:\\\/\\\/konro-grill.com\\\/wp-content\\\/uploads\\\/2022\\\/06\\\/Kitchen-tong-for-Konro-Grilling-24.3cm-Konro-Grill.jpg\",\"width\":800,\"height\":800,\"caption\":\"Kitchen tong for Konro Grilling 24.3cm\"},{\"@type\":\"BreadcrumbList\",\"@id\":\"https:\\\/\\\/konro-grill.com\\\/product\\\/tang-rvs\\\/#breadcrumb\",\"itemListElement\":[{\"@type\":\"ListItem\",\"position\":1,\"name\":\"Home\",\"item\":\"https:\\\/\\\/konro-grill.com\\\/\"},{\"@type\":\"ListItem\",\"position\":2,\"name\":\"Winkel\",\"item\":\"https:\\\/\\\/konro-grill.com\\\/winkel\\\/\"},{\"@type\":\"ListItem\",\"position\":3,\"name\":\"Konro Grill Tang Roestvrij staal (oog)\"}]},{\"@type\":\"WebSite\",\"@id\":\"https:\\\/\\\/konro-grill.com\\\/#website\",\"url\":\"https:\\\/\\\/konro-grill.com\\\/\",\"name\":\"Konro Grill\",\"description\":\"Konro Grill, de Grootste Japanse BBQ Specialist\",\"publisher\":{\"@id\":\"https:\\\/\\\/konro-grill.com\\\/#organization\"},\"potentialAction\":[{\"@type\":\"SearchAction\",\"target\":{\"@type\":\"EntryPoint\",\"urlTemplate\":\"https:\\\/\\\/konro-grill.com\\\/?s={search_term_string}\"},\"query-input\":{\"@type\":\"PropertyValueSpecification\",\"valueRequired\":true,\"valueName\":\"search_term_string\"}}],\"inLanguage\":\"es\"},{\"@type\":\"Organization\",\"@id\":\"https:\\\/\\\/konro-grill.com\\\/#organization\",\"name\":\"Konro Grill\",\"url\":\"https:\\\/\\\/konro-grill.com\\\/\",\"logo\":{\"@type\":\"ImageObject\",\"inLanguage\":\"es\",\"@id\":\"https:\\\/\\\/konro-grill.com\\\/#\\\/schema\\\/logo\\\/image\\\/\",\"url\":\"https:\\\/\\\/konro-grill.com\\\/wp-content\\\/uploads\\\/2021\\\/10\\\/konro-grill-logo.png\",\"contentUrl\":\"https:\\\/\\\/konro-grill.com\\\/wp-content\\\/uploads\\\/2021\\\/10\\\/konro-grill-logo.png\",\"width\":650,\"height\":80,\"caption\":\"Konro Grill\"},\"image\":{\"@id\":\"https:\\\/\\\/konro-grill.com\\\/#\\\/schema\\\/logo\\\/image\\\/\"},\"sameAs\":[\"https:\\\/\\\/facebook.com\\\/KonroGrillCom\",\"https:\\\/\\\/www.instagram.com\\\/konrogrillcom\\\/\"]}]}<\/script>\n<!-- \/ Yoast SEO plugin. -->","yoast_head_json":{"title":"Pinzas de acero inoxidable 24,3cm | Konro Grill","description":"Da la vuelta y voltea f\u00e1cilmente tus alimentos en la parrilla Konro con esta pinza de acero inoxidable de 24,3 cm.","robots":{"index":"index","follow":"follow","max-snippet":"max-snippet:-1","max-image-preview":"max-image-preview:large","max-video-preview":"max-video-preview:-1"},"canonical":"https:\/\/konro-grill.com\/es\/producto\/alicates-de-acero-inoxidable\/","og_locale":"es_ES","og_type":"article","og_title":"Tang RVS 24.3cm | Konro Grill","og_description":"Gemakkelijk je etenswaren draaien en keren op de Konro Grill met deze roestvrijstalen Tang met een lengte van 24.3cm.","og_url":"https:\/\/konro-grill.com\/es\/producto\/alicates-de-acero-inoxidable\/","og_site_name":"Konro Grill, de grootste Japanse BBQ specialist","article_publisher":"https:\/\/facebook.com\/KonroGrillCom","article_modified_time":"2026-04-04T08:28:03+00:00","og_image":[{"width":800,"height":800,"url":"https:\/\/konro-grill.com\/wp-content\/uploads\/2022\/06\/Kitchen-tong-for-Konro-Grilling-24.3cm-Konro-Grill.jpg","type":"image\/jpeg"}],"twitter_card":"summary_large_image","twitter_misc":{"Tiempo de lectura":"1 minuto"},"schema":{"@context":"https:\/\/schema.org","@graph":[{"@type":"WebPage","@id":"https:\/\/konro-grill.com\/product\/tang-rvs\/","url":"https:\/\/konro-grill.com\/product\/tang-rvs\/","name":"Pinzas de acero inoxidable 24,3cm | Konro Grill","isPartOf":{"@id":"https:\/\/konro-grill.com\/#website"},"primaryImageOfPage":{"@id":"https:\/\/konro-grill.com\/product\/tang-rvs\/#primaryimage"},"image":{"@id":"https:\/\/konro-grill.com\/product\/tang-rvs\/#primaryimage"},"thumbnailUrl":"https:\/\/konro-grill.com\/wp-content\/uploads\/2022\/06\/Kitchen-tong-for-Konro-Grilling-24.3cm-Konro-Grill.jpg","datePublished":"2022-06-09T13:15:02+00:00","dateModified":"2026-04-04T08:28:03+00:00","description":"Da la vuelta y voltea f\u00e1cilmente tus alimentos en la parrilla Konro con esta pinza de acero inoxidable de 24,3 cm.","breadcrumb":{"@id":"https:\/\/konro-grill.com\/product\/tang-rvs\/#breadcrumb"},"inLanguage":"es","potentialAction":[{"@type":"ReadAction","target":["https:\/\/konro-grill.com\/product\/tang-rvs\/"]}]},{"@type":"ImageObject","inLanguage":"es","@id":"https:\/\/konro-grill.com\/product\/tang-rvs\/#primaryimage","url":"https:\/\/konro-grill.com\/wp-content\/uploads\/2022\/06\/Kitchen-tong-for-Konro-Grilling-24.3cm-Konro-Grill.jpg","contentUrl":"https:\/\/konro-grill.com\/wp-content\/uploads\/2022\/06\/Kitchen-tong-for-Konro-Grilling-24.3cm-Konro-Grill.jpg","width":800,"height":800,"caption":"Kitchen tong for Konro Grilling 24.3cm"},{"@type":"BreadcrumbList","@id":"https:\/\/konro-grill.com\/product\/tang-rvs\/#breadcrumb","itemListElement":[{"@type":"ListItem","position":1,"name":"Home","item":"https:\/\/konro-grill.com\/"},{"@type":"ListItem","position":2,"name":"Winkel","item":"https:\/\/konro-grill.com\/winkel\/"},{"@type":"ListItem","position":3,"name":"Konro Grill Tang Roestvrij staal (oog)"}]},{"@type":"WebSite","@id":"https:\/\/konro-grill.com\/#website","url":"https:\/\/konro-grill.com\/","name":"Parrilla Konro","description":"Konro Grill, el mayor especialista en barbacoa japonesa","publisher":{"@id":"https:\/\/konro-grill.com\/#organization"},"potentialAction":[{"@type":"SearchAction","target":{"@type":"EntryPoint","urlTemplate":"https:\/\/konro-grill.com\/?s={search_term_string}"},"query-input":{"@type":"PropertyValueSpecification","valueRequired":true,"valueName":"search_term_string"}}],"inLanguage":"es"},{"@type":"Organization","@id":"https:\/\/konro-grill.com\/#organization","name":"Parrilla Konro","url":"https:\/\/konro-grill.com\/","logo":{"@type":"ImageObject","inLanguage":"es","@id":"https:\/\/konro-grill.com\/#\/schema\/logo\/image\/","url":"https:\/\/konro-grill.com\/wp-content\/uploads\/2021\/10\/konro-grill-logo.png","contentUrl":"https:\/\/konro-grill.com\/wp-content\/uploads\/2021\/10\/konro-grill-logo.png","width":650,"height":80,"caption":"Konro Grill"},"image":{"@id":"https:\/\/konro-grill.com\/#\/schema\/logo\/image\/"},"sameAs":["https:\/\/facebook.com\/KonroGrillCom","https:\/\/www.instagram.com\/konrogrillcom\/"]}]}},"df_price":13.95,"df_sale_price":"","df_regular_price":13.95,"df_image_link":"https:\/\/konro-grill.com\/wp-content\/uploads\/2022\/06\/Kitchen-tong-for-Konro-Grilling-24.3cm-Konro-Grill-300x300.jpg","_links":{"self":[{"href":"https:\/\/konro-grill.com\/es\/wp-json\/wp\/v2\/product\/910","targetHints":{"allow":["GET"]}}],"collection":[{"href":"https:\/\/konro-grill.com\/es\/wp-json\/wp\/v2\/product"}],"about":[{"href":"https:\/\/konro-grill.com\/es\/wp-json\/wp\/v2\/types\/product"}],"wp:featuredmedia":[{"embeddable":true,"href":"https:\/\/konro-grill.com\/es\/wp-json\/wp\/v2\/media\/912"}],"wp:attachment":[{"href":"https:\/\/konro-grill.com\/es\/wp-json\/wp\/v2\/media?parent=910"}],"wp:term":[{"taxonomy":"product_brand","embeddable":true,"href":"https:\/\/konro-grill.com\/es\/wp-json\/wp\/v2\/product_brand?post=910"},{"taxonomy":"product_cat","embeddable":true,"href":"https:\/\/konro-grill.com\/es\/wp-json\/wp\/v2\/product_cat?post=910"},{"taxonomy":"product_tag","embeddable":true,"href":"https:\/\/konro-grill.com\/es\/wp-json\/wp\/v2\/product_tag?post=910"}],"curies":[{"name":"wp","href":"https:\/\/api.w.org\/{rel}","templated":true}]}}