{"id":144,"date":"2020-11-11T12:29:11","date_gmt":"2020-11-11T11:29:11","guid":{"rendered":"https:\/\/konro-grill.com\/?page_id=144"},"modified":"2026-03-10T16:03:07","modified_gmt":"2026-03-10T15:03:07","slug":"paiement-securise","status":"publish","type":"page","link":"https:\/\/konro-grill.com\/fr\/paiement-securise\/","title":{"rendered":"Payer en toute s\u00e9curit\u00e9"},"content":{"rendered":"<div class=\"wpb-content-wrapper\"><div class=\"vc_row wpb_row vc_row-fluid site-doc-row wpex-vc-full-width-row wpex-vc-full-width-row--centered wpex-relative\"><div class=\"wpb_column vc_column_container vc_col-sm-12\"><div class=\"vc_column-inner\"><div class=\"wpb_wrapper\">\n\t<div class=\"wpb_text_column wpb_content_element site-doc-blok\" >\n\t\t<div class=\"wpb_wrapper\">\n\t\t\t<h1>Nos options de paiement<\/h1>\n<p>Konro Grill propose tous les modes de paiement courants. Tu peux commander et payer chez nous, dans un environnement s\u00fbr. Cette boutique en ligne est s\u00e9curis\u00e9e et nous prot\u00e9geons tes donn\u00e9es personnelles. Tu as une question \u00e0 ce sujet ? Dans ce cas, n'h\u00e9site pas \u00e0 <a href=\"\/fr\/contact\/\">contact<\/a> avec nous ou de lire notre <a href=\"\/fr\/politique-de-confidentialite\/\">politique de confidentialit\u00e9<\/a>!<\/p>\n<p><img loading=\"lazy\" decoding=\"async\" class=\"aligncenter wp-image-7709 size-full\" src=\"https:\/\/konro-grill.com\/wp-content\/uploads\/2025\/01\/Betaalmethodes-KonroGrill.png\" alt=\"Payer en toute s\u00e9curit\u00e9\" width=\"1182\" height=\"70\" srcset=\"https:\/\/konro-grill.com\/wp-content\/uploads\/2025\/01\/Betaalmethodes-KonroGrill.png 1182w, https:\/\/konro-grill.com\/wp-content\/uploads\/2025\/01\/Betaalmethodes-KonroGrill-300x18.png 300w, https:\/\/konro-grill.com\/wp-content\/uploads\/2025\/01\/Betaalmethodes-KonroGrill-1024x61.png 1024w, https:\/\/konro-grill.com\/wp-content\/uploads\/2025\/01\/Betaalmethodes-KonroGrill-768x45.png 768w, https:\/\/konro-grill.com\/wp-content\/uploads\/2025\/01\/Betaalmethodes-KonroGrill-18x1.png 18w, https:\/\/konro-grill.com\/wp-content\/uploads\/2025\/01\/Betaalmethodes-KonroGrill-24x1.png 24w, https:\/\/konro-grill.com\/wp-content\/uploads\/2025\/01\/Betaalmethodes-KonroGrill-36x2.png 36w, https:\/\/konro-grill.com\/wp-content\/uploads\/2025\/01\/Betaalmethodes-KonroGrill-48x3.png 48w, https:\/\/konro-grill.com\/wp-content\/uploads\/2025\/01\/Betaalmethodes-KonroGrill-600x36.png 600w, https:\/\/konro-grill.com\/wp-content\/uploads\/2025\/01\/Betaalmethodes-KonroGrill-64x4.png 64w\" sizes=\"auto, (max-width: 1182px) 100vw, 1182px\" \/><\/p>\n<h4>Paiement anticip\u00e9<\/h4>\n<p>Nos m\u00e9thodes de paiement sont faciles et 100% s\u00e9curis\u00e9es. Si tu choisis de payer avec <strong>iDEAL<\/strong> ou <strong>Bancontact<\/strong> puis tu paies <span style=\"text-decoration: underline;\">pas de frais suppl\u00e9mentaires<\/span> au Konro Grill. Pour un paiement avec <strong>carte de cr\u00e9dit<\/strong> tu paies 0,15 \u20ac + 1,3% de frais de service. Si tu optes pour <strong>KBC\/CBC<\/strong> ou <strong>Belfius<\/strong>Si tu n'es pas en mesure de payer, nous te facturerons un montant unique de 0,25 \u20ac et 0,9% de ta commande. Apr\u00e8s avoir pass\u00e9 ta commande et saisi tes coordonn\u00e9es, tu seras automatiquement redirig\u00e9 vers notre prestataire de paiement (Mollie) pour effectuer le paiement de mani\u00e8re s\u00e9curis\u00e9e et rapide.<\/p>\n<h4>Post-paiement ou paiement \u00e9chelonn\u00e9 en 3 parties<\/h4>\n<p>Dans certains pays, nous offrons \u00e9galement la possibilit\u00e9 de payer par la suite avec <strong>Klarna<\/strong> ou <strong>Riverty<\/strong>. Ce service nous co\u00fbte cher, c'est pourquoi nous facturons des frais uniques. Les frais pour Klarna et Riverty s'\u00e9l\u00e8vent \u00e0 2,99% de ta commande. En plus du post-paiement, tu peux aussi opter pour <strong>paie en 3 fois avec Klarna ou iDEAL<\/strong>. Le suppl\u00e9ment pour le paiement \u00e9tal\u00e9 avec Klarna est un montant unique de 0,95 \u20ac + 2,99% de ta commande et pour iDEAL in 3, il est de 0,85 \u20ac + 3,5%. Le paiement diff\u00e9r\u00e9 ou \u00e9tal\u00e9 est disponible jusqu'\u00e0 une valeur de commande de 5 000 \u20ac.<\/p>\n<h4>PayPal<\/h4>\n<p>Acheter avec plus de s\u00e9curit\u00e9 ? Tu peux. Opte pour <strong>PayPal<\/strong>.<\/p>\n<h4>Paiement \u00e0 l'encaissement<\/h4>\n<p>Tu pr\u00e9f\u00e8res venir nous chercher ? Pas de probl\u00e8me. Tu peux choisir de venir chercher ton colis \u00e0 la boutique et d'effectuer le paiement directement. Tu pr\u00e9f\u00e8res payer \u00e0 l'enl\u00e8vement ? Lors de l'enl\u00e8vement, tu peux payer en esp\u00e8ces ou avec le code PIN. Dans le panier, choisis \u201cRetirer au magasin\u201d et \u201cVirement bancaire\u201d.<\/p>\n<p><strong>Tous les articles ne peuvent pas \u00eatre ramass\u00e9s facilement (en raison de leur poids et de leur taille). C'est pourquoi tu dois toujours coordonner ton enl\u00e8vement avec nous. Appelle-nous, envoie-nous un message ou utilise notre chat.<\/strong><\/p>\n\n\t\t<\/div>\n\t<\/div>\n<\/div><\/div><\/div><\/div>\n<\/div>","protected":false},"excerpt":{"rendered":"Nos options de paiement Konro Grill propose toutes les m\u00e9thodes de paiement courantes. Tu peux commander et payer chez nous, dans un environnement s\u00fbr. Cette boutique en ligne est s\u00e9curis\u00e9e et nous prot\u00e9geons tes donn\u00e9es personnelles. Tu as une question \u00e0 ce sujet ? Alors contacte-nous ou lis notre politique de confidentialit\u00e9 ! Paiement anticip\u00e9 Nos m\u00e9thodes de paiement sont faciles et 100% s\u00e9curis\u00e9es. Choisis ton...","protected":false},"author":1,"featured_media":0,"parent":0,"menu_order":0,"comment_status":"closed","ping_status":"closed","template":"","meta":{"inline_featured_image":false,"footnotes":""},"class_list":["post-144","page","type-page","status-publish","hentry","entry","no-media"],"yoast_head":"<!-- This site is optimized with the Yoast SEO plugin v27.4 - https:\/\/yoast.com\/product\/yoast-seo-wordpress\/ -->\n<title>Veilig betalen | Konro Grill, de grootste Japanse BBQ specialist<\/title>\n<meta name=\"description\" content=\"Betaalmogelijkheden van Konro Grill, we bieden alle gangbare betaalmethoden. Je kunt bij ons, in een veilige omgeving, bestellen en betalen.\" \/>\n<meta name=\"robots\" content=\"index, follow, max-snippet:-1, max-image-preview:large, max-video-preview:-1\" \/>\n<link rel=\"canonical\" href=\"https:\/\/konro-grill.com\/fr\/paiement-securise\/\" \/>\n<meta property=\"og:locale\" content=\"fr_FR\" \/>\n<meta property=\"og:type\" content=\"article\" \/>\n<meta property=\"og:title\" content=\"Veilig betalen | Konro Grill, de grootste Japanse BBQ specialist\" \/>\n<meta property=\"og:description\" content=\"Betaalmogelijkheden van Konro Grill, we bieden alle gangbare betaalmethoden. Je kunt bij ons, in een veilige omgeving, bestellen en betalen.\" \/>\n<meta property=\"og:url\" content=\"https:\/\/konro-grill.com\/fr\/paiement-securise\/\" \/>\n<meta property=\"og:site_name\" content=\"Konro Grill, de grootste Japanse BBQ specialist\" \/>\n<meta property=\"article:publisher\" content=\"https:\/\/facebook.com\/KonroGrillCom\" \/>\n<meta property=\"article:modified_time\" content=\"2026-03-10T15:03:07+00:00\" \/>\n<meta property=\"og:image\" content=\"https:\/\/konro-grill.com\/wp-content\/uploads\/2025\/01\/Betaalmethodes-KonroGrill.png\" \/>\n\t<meta property=\"og:image:width\" content=\"1182\" \/>\n\t<meta property=\"og:image:height\" content=\"70\" \/>\n\t<meta property=\"og:image:type\" content=\"image\/png\" \/>\n<meta name=\"twitter:card\" content=\"summary_large_image\" \/>\n<meta name=\"twitter:label1\" content=\"Dur\u00e9e de lecture estim\u00e9e\" \/>\n\t<meta name=\"twitter:data1\" content=\"2 minutes\" \/>\n<script type=\"application\/ld+json\" class=\"yoast-schema-graph\">{\"@context\":\"https:\\\/\\\/schema.org\",\"@graph\":[{\"@type\":\"WebPage\",\"@id\":\"https:\\\/\\\/konro-grill.com\\\/veilig-betalen\\\/\",\"url\":\"https:\\\/\\\/konro-grill.com\\\/veilig-betalen\\\/\",\"name\":\"Veilig betalen | Konro Grill, de grootste Japanse BBQ specialist\",\"isPartOf\":{\"@id\":\"https:\\\/\\\/konro-grill.com\\\/#website\"},\"primaryImageOfPage\":{\"@id\":\"https:\\\/\\\/konro-grill.com\\\/veilig-betalen\\\/#primaryimage\"},\"image\":{\"@id\":\"https:\\\/\\\/konro-grill.com\\\/veilig-betalen\\\/#primaryimage\"},\"thumbnailUrl\":\"https:\\\/\\\/konro-grill.com\\\/wp-content\\\/uploads\\\/2025\\\/01\\\/Betaalmethodes-KonroGrill.png\",\"datePublished\":\"2020-11-11T11:29:11+00:00\",\"dateModified\":\"2026-03-10T15:03:07+00:00\",\"description\":\"Betaalmogelijkheden van Konro Grill, we bieden alle gangbare betaalmethoden. Je kunt bij ons, in een veilige omgeving, bestellen en betalen.\",\"breadcrumb\":{\"@id\":\"https:\\\/\\\/konro-grill.com\\\/veilig-betalen\\\/#breadcrumb\"},\"inLanguage\":\"fr-FR\",\"potentialAction\":[{\"@type\":\"ReadAction\",\"target\":[\"https:\\\/\\\/konro-grill.com\\\/veilig-betalen\\\/\"]}]},{\"@type\":\"ImageObject\",\"inLanguage\":\"fr-FR\",\"@id\":\"https:\\\/\\\/konro-grill.com\\\/veilig-betalen\\\/#primaryimage\",\"url\":\"https:\\\/\\\/konro-grill.com\\\/wp-content\\\/uploads\\\/2025\\\/01\\\/Betaalmethodes-KonroGrill.png\",\"contentUrl\":\"https:\\\/\\\/konro-grill.com\\\/wp-content\\\/uploads\\\/2025\\\/01\\\/Betaalmethodes-KonroGrill.png\"},{\"@type\":\"BreadcrumbList\",\"@id\":\"https:\\\/\\\/konro-grill.com\\\/veilig-betalen\\\/#breadcrumb\",\"itemListElement\":[{\"@type\":\"ListItem\",\"position\":1,\"name\":\"Home\",\"item\":\"https:\\\/\\\/konro-grill.com\\\/\"},{\"@type\":\"ListItem\",\"position\":2,\"name\":\"Veilig betalen\"}]},{\"@type\":\"WebSite\",\"@id\":\"https:\\\/\\\/konro-grill.com\\\/#website\",\"url\":\"https:\\\/\\\/konro-grill.com\\\/\",\"name\":\"Konro Grill\",\"description\":\"Konro Grill, de Grootste Japanse BBQ Specialist\",\"publisher\":{\"@id\":\"https:\\\/\\\/konro-grill.com\\\/#organization\"},\"potentialAction\":[{\"@type\":\"SearchAction\",\"target\":{\"@type\":\"EntryPoint\",\"urlTemplate\":\"https:\\\/\\\/konro-grill.com\\\/?s={search_term_string}\"},\"query-input\":{\"@type\":\"PropertyValueSpecification\",\"valueRequired\":true,\"valueName\":\"search_term_string\"}}],\"inLanguage\":\"fr-FR\"},{\"@type\":\"Organization\",\"@id\":\"https:\\\/\\\/konro-grill.com\\\/#organization\",\"name\":\"Konro Grill\",\"url\":\"https:\\\/\\\/konro-grill.com\\\/\",\"logo\":{\"@type\":\"ImageObject\",\"inLanguage\":\"fr-FR\",\"@id\":\"https:\\\/\\\/konro-grill.com\\\/#\\\/schema\\\/logo\\\/image\\\/\",\"url\":\"https:\\\/\\\/konro-grill.com\\\/wp-content\\\/uploads\\\/2021\\\/10\\\/konro-grill-logo.png\",\"contentUrl\":\"https:\\\/\\\/konro-grill.com\\\/wp-content\\\/uploads\\\/2021\\\/10\\\/konro-grill-logo.png\",\"width\":650,\"height\":80,\"caption\":\"Konro Grill\"},\"image\":{\"@id\":\"https:\\\/\\\/konro-grill.com\\\/#\\\/schema\\\/logo\\\/image\\\/\"},\"sameAs\":[\"https:\\\/\\\/facebook.com\\\/KonroGrillCom\",\"https:\\\/\\\/www.instagram.com\\\/konrogrillcom\\\/\"]}]}<\/script>\n<!-- \/ Yoast SEO plugin. -->","yoast_head_json":{"title":"Paiement s\u00e9curis\u00e9 | Konro Grill, le plus grand sp\u00e9cialiste des barbecues japonais","description":"Options de paiement Chez Konro Grill, nous proposons tous les modes de paiement courants. Tu peux commander et payer avec nous, dans un environnement s\u00e9curis\u00e9.","robots":{"index":"index","follow":"follow","max-snippet":"max-snippet:-1","max-image-preview":"max-image-preview:large","max-video-preview":"max-video-preview:-1"},"canonical":"https:\/\/konro-grill.com\/fr\/paiement-securise\/","og_locale":"fr_FR","og_type":"article","og_title":"Veilig betalen | Konro Grill, de grootste Japanse BBQ specialist","og_description":"Betaalmogelijkheden van Konro Grill, we bieden alle gangbare betaalmethoden. Je kunt bij ons, in een veilige omgeving, bestellen en betalen.","og_url":"https:\/\/konro-grill.com\/fr\/paiement-securise\/","og_site_name":"Konro Grill, de grootste Japanse BBQ specialist","article_publisher":"https:\/\/facebook.com\/KonroGrillCom","article_modified_time":"2026-03-10T15:03:07+00:00","og_image":[{"width":1182,"height":70,"url":"https:\/\/konro-grill.com\/wp-content\/uploads\/2025\/01\/Betaalmethodes-KonroGrill.png","type":"image\/png"}],"twitter_card":"summary_large_image","twitter_misc":{"Dur\u00e9e de lecture estim\u00e9e":"2 minutes"},"schema":{"@context":"https:\/\/schema.org","@graph":[{"@type":"WebPage","@id":"https:\/\/konro-grill.com\/veilig-betalen\/","url":"https:\/\/konro-grill.com\/veilig-betalen\/","name":"Paiement s\u00e9curis\u00e9 | Konro Grill, le plus grand sp\u00e9cialiste des barbecues japonais","isPartOf":{"@id":"https:\/\/konro-grill.com\/#website"},"primaryImageOfPage":{"@id":"https:\/\/konro-grill.com\/veilig-betalen\/#primaryimage"},"image":{"@id":"https:\/\/konro-grill.com\/veilig-betalen\/#primaryimage"},"thumbnailUrl":"https:\/\/konro-grill.com\/wp-content\/uploads\/2025\/01\/Betaalmethodes-KonroGrill.png","datePublished":"2020-11-11T11:29:11+00:00","dateModified":"2026-03-10T15:03:07+00:00","description":"Options de paiement Chez Konro Grill, nous proposons tous les modes de paiement courants. Tu peux commander et payer avec nous, dans un environnement s\u00e9curis\u00e9.","breadcrumb":{"@id":"https:\/\/konro-grill.com\/veilig-betalen\/#breadcrumb"},"inLanguage":"fr-FR","potentialAction":[{"@type":"ReadAction","target":["https:\/\/konro-grill.com\/veilig-betalen\/"]}]},{"@type":"ImageObject","inLanguage":"fr-FR","@id":"https:\/\/konro-grill.com\/veilig-betalen\/#primaryimage","url":"https:\/\/konro-grill.com\/wp-content\/uploads\/2025\/01\/Betaalmethodes-KonroGrill.png","contentUrl":"https:\/\/konro-grill.com\/wp-content\/uploads\/2025\/01\/Betaalmethodes-KonroGrill.png"},{"@type":"BreadcrumbList","@id":"https:\/\/konro-grill.com\/veilig-betalen\/#breadcrumb","itemListElement":[{"@type":"ListItem","position":1,"name":"Home","item":"https:\/\/konro-grill.com\/"},{"@type":"ListItem","position":2,"name":"Veilig betalen"}]},{"@type":"WebSite","@id":"https:\/\/konro-grill.com\/#website","url":"https:\/\/konro-grill.com\/","name":"Konro Grill","description":"Konro Grill, le plus grand sp\u00e9cialiste du barbecue japonais","publisher":{"@id":"https:\/\/konro-grill.com\/#organization"},"potentialAction":[{"@type":"SearchAction","target":{"@type":"EntryPoint","urlTemplate":"https:\/\/konro-grill.com\/?s={search_term_string}"},"query-input":{"@type":"PropertyValueSpecification","valueRequired":true,"valueName":"search_term_string"}}],"inLanguage":"fr-FR"},{"@type":"Organization","@id":"https:\/\/konro-grill.com\/#organization","name":"Konro Grill","url":"https:\/\/konro-grill.com\/","logo":{"@type":"ImageObject","inLanguage":"fr-FR","@id":"https:\/\/konro-grill.com\/#\/schema\/logo\/image\/","url":"https:\/\/konro-grill.com\/wp-content\/uploads\/2021\/10\/konro-grill-logo.png","contentUrl":"https:\/\/konro-grill.com\/wp-content\/uploads\/2021\/10\/konro-grill-logo.png","width":650,"height":80,"caption":"Konro Grill"},"image":{"@id":"https:\/\/konro-grill.com\/#\/schema\/logo\/image\/"},"sameAs":["https:\/\/facebook.com\/KonroGrillCom","https:\/\/www.instagram.com\/konrogrillcom\/"]}]}},"_links":{"self":[{"href":"https:\/\/konro-grill.com\/fr\/wp-json\/wp\/v2\/pages\/144","targetHints":{"allow":["GET"]}}],"collection":[{"href":"https:\/\/konro-grill.com\/fr\/wp-json\/wp\/v2\/pages"}],"about":[{"href":"https:\/\/konro-grill.com\/fr\/wp-json\/wp\/v2\/types\/page"}],"author":[{"embeddable":true,"href":"https:\/\/konro-grill.com\/fr\/wp-json\/wp\/v2\/users\/1"}],"replies":[{"embeddable":true,"href":"https:\/\/konro-grill.com\/fr\/wp-json\/wp\/v2\/comments?post=144"}],"version-history":[{"count":22,"href":"https:\/\/konro-grill.com\/fr\/wp-json\/wp\/v2\/pages\/144\/revisions"}],"predecessor-version":[{"id":2966,"href":"https:\/\/konro-grill.com\/fr\/wp-json\/wp\/v2\/pages\/144\/revisions\/2966"}],"wp:attachment":[{"href":"https:\/\/konro-grill.com\/fr\/wp-json\/wp\/v2\/media?parent=144"}],"curies":[{"name":"wp","href":"https:\/\/api.w.org\/{rel}","templated":true}]}}