{"id":148,"date":"2020-11-11T12:29:21","date_gmt":"2020-11-11T11:29:21","guid":{"rendered":"https:\/\/konro-grill.com\/?page_id=148"},"modified":"2026-01-22T11:58:25","modified_gmt":"2026-01-22T10:58:25","slug":"frais-dexpedition","status":"publish","type":"page","link":"https:\/\/konro-grill.com\/fr\/frais-dexpedition\/","title":{"rendered":"Exp\u00e9dition et co\u00fbts"},"content":{"rendered":"<div class=\"wpb-content-wrapper\"><div class=\"vc_row wpb_row vc_row-fluid site-doc-row wpex-vc-full-width-row wpex-vc-full-width-row--centered wpex-relative\"><div class=\"wpb_column vc_column_container vc_col-sm-12\"><div class=\"vc_column-inner\"><div class=\"wpb_wrapper\">\n\t<div class=\"wpb_text_column wpb_content_element site-doc-blok\" >\n\t\t<div class=\"wpb_wrapper\">\n\t\t\t<h1>Frais d'exp\u00e9dition<\/h1>\n<p><strong>Vous trouverez ici toutes les informations relatives \u00e0 l'exp\u00e9dition, \u00e0 l'emballage et aux co\u00fbts. Vous trouverez \u00e9galement ici comment <a href=\"https:\/\/konro-grill.com\/fr\/retour\/\">retour<\/a> \u0153uvre.<\/strong><\/p>\n<h3>Types de paquets<\/h3>\n<p>En fonction de la taille de l'envoi, nous utilisons :<\/p>\n<ul>\n<li>courrier<\/li>\n<li>colis postal<\/li>\n<li>exp\u00e9dition de palettes<\/li>\n<\/ul>\n<h3>Emballage et exp\u00e9dition<\/h3>\n<p><strong><span style=\"color: #d64444;\">Remarque !<\/span><\/strong><span style=\"background-color: var(--wpex-surface-1);\">\u00a0<\/span><span style=\"background-color: var(--wpex-surface-1);\">Nous emballons de mani\u00e8re EXTRA serr\u00e9e et faisons tout notre possible pour livrer votre commande \u00e0 l'abri des \u00e9clats.<\/span><\/p>\n<p>Les commandes sont exp\u00e9di\u00e9es dans les meilleurs d\u00e9lais apr\u00e8s r\u00e9ception de la commande. <strong>Parce que nous <span style=\"text-decoration: underline;\">exp\u00e9dition internationale<\/span> l'exp\u00e9dition peut prendre plus de temps.\u00a0<\/strong><\/p>\n<h3>Signalement des dommages<\/h3>\n<p>Vous avez des cassures ou quelque chose d'anormal ? Prenez imm\u00e9diatement des photos et envoyez-les \u00e0 <a href=\"mailto:info@konro-grill.com\">info@konro-grill.com<\/a>. Nous vous r\u00e9pondrons bient\u00f4t.<\/p>\n<h3>Proc\u00e9dure d'exp\u00e9dition, frais et emballage Pays-Bas<\/h3>\n<ul>\n<li>Les frais d'exp\u00e9dition d'un colis ordinaire aux Pays-Bas sont les suivants <strong>\u20ac 9,95<\/strong>.<\/li>\n<li><strong>Les frais d'emballage sont inclus dans les frais de port<\/strong>.<\/li>\n<li>Nous utilisons DPD.<\/li>\n<li>Tu recevras un code Track &amp; Trace dans un e-mail s\u00e9par\u00e9.<\/li>\n<li>Commande ta <strong>binchotan<\/strong> ou un <strong>Gril japonais<\/strong> Les frais d'exp\u00e9dition par poids sont indiqu\u00e9s ci-dessous.<br \/>\n\n<table id=\"tablepress-2\" class=\"tablepress tablepress-id-2\">\n<thead>\n<tr class=\"row-1\">\n\t<th class=\"column-1\">Poids (kg)<\/th><th class=\"column-2\">Frais d'exp\u00e9dition<\/th>\n<\/tr>\n<\/thead>\n<tbody class=\"row-striping row-hover\">\n<tr class=\"row-2\">\n\t<td class=\"column-1\">0 - 20<\/td><td class=\"column-2\">\u20ac 9,95<\/td>\n<\/tr>\n<tr class=\"row-3\">\n\t<td class=\"column-1\">21 - 40<\/td><td class=\"column-2\">\u20ac 19,95<\/td>\n<\/tr>\n<tr class=\"row-4\">\n\t<td class=\"column-1\">41 - 60<\/td><td class=\"column-2\">\u20ac 29,95<\/td>\n<\/tr>\n<tr class=\"row-5\">\n\t<td class=\"column-1\">61 - 80<\/td><td class=\"column-2\">\u20ac 39,95<\/td>\n<\/tr>\n<tr class=\"row-6\">\n\t<td class=\"column-1\">81 - 100<\/td><td class=\"column-2\">\u20ac 49,95<\/td>\n<\/tr>\n<tr class=\"row-7\">\n\t<td class=\"column-1\">100+<\/td><td class=\"column-2\">Sur demande<\/td>\n<\/tr>\n<\/tbody>\n<\/table>\n<!-- #tablepress-2 from cache --><\/li>\n<li>Pour les colis lourds et les palettes, nous utilisons nos propres moyens de transport ou ceux d'un tiers.<\/li>\n<li>Les colis \u00e0 l'int\u00e9rieur des Pays-Bas sont livr\u00e9s en 2 \u00e0 3 jours ouvrables.<\/li>\n<li>Les \u00eeles Wadden sont <strong>exclus de la livraison<\/strong>, veuillez prendre <a href=\"\/fr\/contact\/\">contact<\/a> avec nous (la livraison est possible sur demande).<\/li>\n<li>Laissez-nous toujours un num\u00e9ro de t\u00e9l\u00e9phone portable. Nous pourrons ainsi mieux vous joindre.<\/li>\n<\/ul>\n<h3>Proc\u00e9dure d'exp\u00e9dition, frais et co\u00fbts d'emballage Belgique<\/h3>\n<ul>\n<li>Les frais d'exp\u00e9dition pour un colis normal en Belgique sont les suivants <strong>\u20ac 14,95<\/strong>.<\/li>\n<li><strong>Les frais d'emballage sont inclus dans les frais de port<\/strong>.<\/li>\n<li>Commande ta <strong>binchotan<\/strong> ou un <strong>Gril japonais <\/strong>Les frais d'exp\u00e9dition par poids sont indiqu\u00e9s ci-dessous.<br \/>\n\n<table id=\"tablepress-3\" class=\"tablepress tablepress-id-3\">\n<thead>\n<tr class=\"row-1\">\n\t<th class=\"column-1\">Poids (kg)<\/th><th class=\"column-2\">Frais d'exp\u00e9dition<\/th>\n<\/tr>\n<\/thead>\n<tbody class=\"row-striping row-hover\">\n<tr class=\"row-2\">\n\t<td class=\"column-1\">0 - 20<\/td><td class=\"column-2\">\u20ac 14,95<\/td>\n<\/tr>\n<tr class=\"row-3\">\n\t<td class=\"column-1\">21 - 40<\/td><td class=\"column-2\">\u20ac 29,95<\/td>\n<\/tr>\n<tr class=\"row-4\">\n\t<td class=\"column-1\">41 - 60<\/td><td class=\"column-2\">\u20ac 44,95<\/td>\n<\/tr>\n<tr class=\"row-5\">\n\t<td class=\"column-1\">61 - 80<\/td><td class=\"column-2\">\u20ac 59,95<\/td>\n<\/tr>\n<tr class=\"row-6\">\n\t<td class=\"column-1\">81 - 100<\/td><td class=\"column-2\">\u20ac 74,95<\/td>\n<\/tr>\n<tr class=\"row-7\">\n\t<td class=\"column-1\">100+<\/td><td class=\"column-2\">Sur demande<\/td>\n<\/tr>\n<\/tbody>\n<\/table>\n<!-- #tablepress-3 from cache --><\/li>\n<li>Voir les autres conditions \u00e0 Frais d'exp\u00e9dition et proc\u00e9dure Pays-Bas.<\/li>\n<\/ul>\n<h3>Frais d'exp\u00e9dition et d'emballage <span style=\"text-decoration: underline;\">L'Europe<\/span><\/h3>\n<p><strong><span style=\"color: #d64444;\">Remarque !<\/span><\/strong> Nous ne livrons pas en dehors de l'UE. Demande-nous <a href=\"\/fr\/contact\/\">ici<\/a> aux possibilit\u00e9s.<\/p>\n\n<table id=\"tablepress-1\" class=\"tablepress tablepress-id-1\">\n<thead>\n<tr class=\"row-1\">\n\t<th class=\"column-1\">Pays<\/th><th class=\"column-2\">Taux par 20 kg<\/th>\n<\/tr>\n<\/thead>\n<tbody class=\"row-striping\">\n<tr class=\"row-2\">\n\t<td class=\"column-1\">Bulgarie<\/td><td class=\"column-2\">\u20ac 34,95<\/td>\n<\/tr>\n<tr class=\"row-3\">\n\t<td class=\"column-1\">Chypre<\/td><td class=\"column-2\">\u20ac 39,95<\/td>\n<\/tr>\n<tr class=\"row-4\">\n\t<td class=\"column-1\">Danemark<\/td><td class=\"column-2\">\u20ac 19,95<\/td>\n<\/tr>\n<tr class=\"row-5\">\n\t<td class=\"column-1\">Allemagne<\/td><td class=\"column-2\">\u20ac 19,95<\/td>\n<\/tr>\n<tr class=\"row-6\">\n\t<td class=\"column-1\">Estonie<\/td><td class=\"column-2\">\u20ac 29,95<\/td>\n<\/tr>\n<tr class=\"row-7\">\n\t<td class=\"column-1\">Finlande<\/td><td class=\"column-2\">\u20ac 24,95<\/td>\n<\/tr>\n<tr class=\"row-8\">\n\t<td class=\"column-1\">France (sauf Guadeloupe, Guyane, Martinique, R\u00e9union, Mayotte et Saint Martin) <\/td><td class=\"column-2\">\u20ac 19,95<\/td>\n<\/tr>\n<tr class=\"row-9\">\n\t<td class=\"column-1\">Gr\u00e8ce<\/td><td class=\"column-2\">\u20ac 34,95<\/td>\n<\/tr>\n<tr class=\"row-10\">\n\t<td class=\"column-1\">Hongrie<\/td><td class=\"column-2\">\u20ac 19,95<\/td>\n<\/tr>\n<tr class=\"row-11\">\n\t<td class=\"column-1\">Irlande<\/td><td class=\"column-2\">\u20ac 24,95<\/td>\n<\/tr>\n<tr class=\"row-12\">\n\t<td class=\"column-1\">Italie<\/td><td class=\"column-2\">\u20ac 19,95<\/td>\n<\/tr>\n<tr class=\"row-13\">\n\t<td class=\"column-1\">Croatie<\/td><td class=\"column-2\">\u20ac 34,95<\/td>\n<\/tr>\n<tr class=\"row-14\">\n\t<td class=\"column-1\">Lettonie<\/td><td class=\"column-2\">\u20ac 34,95<\/td>\n<\/tr>\n<tr class=\"row-15\">\n\t<td class=\"column-1\">Lituanie<\/td><td class=\"column-2\">\u20ac 34,95<\/td>\n<\/tr>\n<tr class=\"row-16\">\n\t<td class=\"column-1\">Luxembourg<\/td><td class=\"column-2\">\u20ac 19,95<\/td>\n<\/tr>\n<tr class=\"row-17\">\n\t<td class=\"column-1\">Malte<\/td><td class=\"column-2\">\u20ac 34,95<\/td>\n<\/tr>\n<tr class=\"row-18\">\n\t<td class=\"column-1\">Autriche<\/td><td class=\"column-2\">\u20ac 19,95<\/td>\n<\/tr>\n<tr class=\"row-19\">\n\t<td class=\"column-1\">Pologne<\/td><td class=\"column-2\">\u20ac 24,95<\/td>\n<\/tr>\n<tr class=\"row-20\">\n\t<td class=\"column-1\">Portugal (sauf Mad\u00e8re et les A\u00e7ores)<\/td><td class=\"column-2\">\u20ac 24,95<\/td>\n<\/tr>\n<tr class=\"row-21\">\n\t<td class=\"column-1\">Roumanie<\/td><td class=\"column-2\">\u20ac 39,95<\/td>\n<\/tr>\n<tr class=\"row-22\">\n\t<td class=\"column-1\">Slov\u00e9nie<\/td><td class=\"column-2\">\u20ac 29,95<\/td>\n<\/tr>\n<tr class=\"row-23\">\n\t<td class=\"column-1\">Slovaquie<\/td><td class=\"column-2\">\u20ac 19,95<\/td>\n<\/tr>\n<tr class=\"row-24\">\n\t<td class=\"column-1\">Espagne (sauf Ceuta, les \u00eeles Canaries et Melilla)<\/td><td class=\"column-2\">\u20ac 24,95<\/td>\n<\/tr>\n<tr class=\"row-25\">\n\t<td class=\"column-1\">R\u00e9publique tch\u00e8que<\/td><td class=\"column-2\">\u20ac 29,95<\/td>\n<\/tr>\n<tr class=\"row-26\">\n\t<td class=\"column-1\">Su\u00e8de<\/td><td class=\"column-2\">\u20ac 24,95<\/td>\n<\/tr>\n<\/tbody>\n<\/table>\n<!-- #tablepress-1 from cache -->\n<h3>Co\u00fbts d'emballage<\/h3>\n<p>Les Konro Grill \u00e9tant fragiles, nous les emballons tr\u00e8s bien. <strong>Les frais d'emballage sont inclus dans les frais de port<\/strong>.<\/p>\n<p>Pour pr\u00e9server l'environnement, nous utilisons \u00e9galement des emballages recycl\u00e9s et usag\u00e9s.<\/p>\n<h3>Frais bancaires<\/h3>\n<p>Consulter les frais bancaires <a href=\"https:\/\/konro-grill.com\/fr\/paiement-securise\/\">ici<\/a>.<\/p>\n\n\t\t<\/div>\n\t<\/div>\n<\/div><\/div><\/div><\/div>\n<\/div>","protected":false},"excerpt":{"rendered":"Frais d'exp\u00e9dition Tu peux lire ici tout ce qui concerne l'exp\u00e9dition, l'emballage et les frais. Elle explique \u00e9galement comment fonctionnent les retours. Types de colis En fonction de la taille de l'envoi, nous utilisons : letter post parcel post pallet shipment Emballage et exp\u00e9dition Note ! Nous emballons de mani\u00e8re EXTRA s\u00e9curis\u00e9e et faisons tout notre possible pour livrer ta commande \u00e0 l'abri des chocs....","protected":false},"author":1,"featured_media":0,"parent":0,"menu_order":0,"comment_status":"closed","ping_status":"closed","template":"","meta":{"inline_featured_image":false,"footnotes":""},"class_list":["post-148","page","type-page","status-publish","hentry","entry","no-media"],"yoast_head":"<!-- This site is optimized with the Yoast SEO plugin v27.3 - https:\/\/yoast.com\/product\/yoast-seo-wordpress\/ -->\n<title>Verzenden &amp; kosten | Konro Grill, de grootste Japanse BBQ specialist<\/title>\n<meta name=\"description\" content=\"Hier lees je alles over hoe we verzenden, verpakken, wat de kosten zijn en welke kosten wij voor onze rekening nemen en welke niet.\" \/>\n<meta name=\"robots\" content=\"index, follow, max-snippet:-1, max-image-preview:large, max-video-preview:-1\" \/>\n<link rel=\"canonical\" href=\"https:\/\/konro-grill.com\/fr\/frais-dexpedition\/\" \/>\n<meta property=\"og:locale\" content=\"fr_FR\" \/>\n<meta property=\"og:type\" content=\"article\" \/>\n<meta property=\"og:title\" content=\"Verzenden &amp; kosten | Konro Grill, de grootste Japanse BBQ specialist\" \/>\n<meta property=\"og:description\" content=\"Hier lees je alles over hoe we verzenden, verpakken, wat de kosten zijn en welke kosten wij voor onze rekening nemen en welke niet.\" \/>\n<meta property=\"og:url\" content=\"https:\/\/konro-grill.com\/fr\/frais-dexpedition\/\" \/>\n<meta property=\"og:site_name\" content=\"Konro Grill, de grootste Japanse BBQ specialist\" \/>\n<meta property=\"article:publisher\" content=\"https:\/\/facebook.com\/KonroGrillCom\" \/>\n<meta property=\"article:modified_time\" content=\"2026-01-22T10:58:25+00:00\" \/>\n<meta property=\"og:image\" content=\"https:\/\/konro-grill.com\/wp-content\/uploads\/2026\/03\/Konro-Grill-Logo-1.jpg\" \/>\n\t<meta property=\"og:image:width\" content=\"1200\" \/>\n\t<meta property=\"og:image:height\" content=\"675\" \/>\n\t<meta property=\"og:image:type\" content=\"image\/jpeg\" \/>\n<meta name=\"twitter:card\" content=\"summary_large_image\" \/>\n<meta name=\"twitter:label1\" content=\"Dur\u00e9e de lecture estim\u00e9e\" \/>\n\t<meta name=\"twitter:data1\" content=\"2 minutes\" \/>\n<script type=\"application\/ld+json\" class=\"yoast-schema-graph\">{\"@context\":\"https:\\\/\\\/schema.org\",\"@graph\":[{\"@type\":\"WebPage\",\"@id\":\"https:\\\/\\\/konro-grill.com\\\/verzenden-kosten\\\/\",\"url\":\"https:\\\/\\\/konro-grill.com\\\/verzenden-kosten\\\/\",\"name\":\"Verzenden & kosten | Konro Grill, de grootste Japanse BBQ specialist\",\"isPartOf\":{\"@id\":\"https:\\\/\\\/konro-grill.com\\\/#website\"},\"datePublished\":\"2020-11-11T11:29:21+00:00\",\"dateModified\":\"2026-01-22T10:58:25+00:00\",\"description\":\"Hier lees je alles over hoe we verzenden, verpakken, wat de kosten zijn en welke kosten wij voor onze rekening nemen en welke niet.\",\"breadcrumb\":{\"@id\":\"https:\\\/\\\/konro-grill.com\\\/verzenden-kosten\\\/#breadcrumb\"},\"inLanguage\":\"fr-FR\",\"potentialAction\":[{\"@type\":\"ReadAction\",\"target\":[\"https:\\\/\\\/konro-grill.com\\\/verzenden-kosten\\\/\"]}]},{\"@type\":\"BreadcrumbList\",\"@id\":\"https:\\\/\\\/konro-grill.com\\\/verzenden-kosten\\\/#breadcrumb\",\"itemListElement\":[{\"@type\":\"ListItem\",\"position\":1,\"name\":\"Home\",\"item\":\"https:\\\/\\\/konro-grill.com\\\/\"},{\"@type\":\"ListItem\",\"position\":2,\"name\":\"Verzenden &#038; kosten\"}]},{\"@type\":\"WebSite\",\"@id\":\"https:\\\/\\\/konro-grill.com\\\/#website\",\"url\":\"https:\\\/\\\/konro-grill.com\\\/\",\"name\":\"Konro Grill\",\"description\":\"Konro Grill, de Grootste Japanse BBQ Specialist\",\"publisher\":{\"@id\":\"https:\\\/\\\/konro-grill.com\\\/#organization\"},\"potentialAction\":[{\"@type\":\"SearchAction\",\"target\":{\"@type\":\"EntryPoint\",\"urlTemplate\":\"https:\\\/\\\/konro-grill.com\\\/?s={search_term_string}\"},\"query-input\":{\"@type\":\"PropertyValueSpecification\",\"valueRequired\":true,\"valueName\":\"search_term_string\"}}],\"inLanguage\":\"fr-FR\"},{\"@type\":\"Organization\",\"@id\":\"https:\\\/\\\/konro-grill.com\\\/#organization\",\"name\":\"Konro Grill\",\"url\":\"https:\\\/\\\/konro-grill.com\\\/\",\"logo\":{\"@type\":\"ImageObject\",\"inLanguage\":\"fr-FR\",\"@id\":\"https:\\\/\\\/konro-grill.com\\\/#\\\/schema\\\/logo\\\/image\\\/\",\"url\":\"https:\\\/\\\/konro-grill.com\\\/wp-content\\\/uploads\\\/2021\\\/10\\\/konro-grill-logo.png\",\"contentUrl\":\"https:\\\/\\\/konro-grill.com\\\/wp-content\\\/uploads\\\/2021\\\/10\\\/konro-grill-logo.png\",\"width\":650,\"height\":80,\"caption\":\"Konro Grill\"},\"image\":{\"@id\":\"https:\\\/\\\/konro-grill.com\\\/#\\\/schema\\\/logo\\\/image\\\/\"},\"sameAs\":[\"https:\\\/\\\/facebook.com\\\/KonroGrillCom\",\"https:\\\/\\\/www.instagram.com\\\/konrogrillcom\\\/\"]}]}<\/script>\n<!-- \/ Yoast SEO plugin. -->","yoast_head_json":{"title":"Frais de port et d'emballage - Konro Grill, le plus grand sp\u00e9cialiste des barbecues japonais","description":"Ici, vous pouvez lire tout ce qui concerne la fa\u00e7on dont nous exp\u00e9dions, emballons, quels sont les co\u00fbts et quels sont les co\u00fbts que nous couvrons et ceux que nous ne couvrons pas.","robots":{"index":"index","follow":"follow","max-snippet":"max-snippet:-1","max-image-preview":"max-image-preview:large","max-video-preview":"max-video-preview:-1"},"canonical":"https:\/\/konro-grill.com\/fr\/frais-dexpedition\/","og_locale":"fr_FR","og_type":"article","og_title":"Verzenden & kosten | Konro Grill, de grootste Japanse BBQ specialist","og_description":"Hier lees je alles over hoe we verzenden, verpakken, wat de kosten zijn en welke kosten wij voor onze rekening nemen en welke niet.","og_url":"https:\/\/konro-grill.com\/fr\/frais-dexpedition\/","og_site_name":"Konro Grill, de grootste Japanse BBQ specialist","article_publisher":"https:\/\/facebook.com\/KonroGrillCom","article_modified_time":"2026-01-22T10:58:25+00:00","og_image":[{"width":1200,"height":675,"url":"https:\/\/konro-grill.com\/wp-content\/uploads\/2026\/03\/Konro-Grill-Logo-1.jpg","type":"image\/jpeg"}],"twitter_card":"summary_large_image","twitter_misc":{"Dur\u00e9e de lecture estim\u00e9e":"2 minutes"},"schema":{"@context":"https:\/\/schema.org","@graph":[{"@type":"WebPage","@id":"https:\/\/konro-grill.com\/verzenden-kosten\/","url":"https:\/\/konro-grill.com\/verzenden-kosten\/","name":"Frais de port et d'emballage - Konro Grill, le plus grand sp\u00e9cialiste des barbecues japonais","isPartOf":{"@id":"https:\/\/konro-grill.com\/#website"},"datePublished":"2020-11-11T11:29:21+00:00","dateModified":"2026-01-22T10:58:25+00:00","description":"Ici, vous pouvez lire tout ce qui concerne la fa\u00e7on dont nous exp\u00e9dions, emballons, quels sont les co\u00fbts et quels sont les co\u00fbts que nous couvrons et ceux que nous ne couvrons pas.","breadcrumb":{"@id":"https:\/\/konro-grill.com\/verzenden-kosten\/#breadcrumb"},"inLanguage":"fr-FR","potentialAction":[{"@type":"ReadAction","target":["https:\/\/konro-grill.com\/verzenden-kosten\/"]}]},{"@type":"BreadcrumbList","@id":"https:\/\/konro-grill.com\/verzenden-kosten\/#breadcrumb","itemListElement":[{"@type":"ListItem","position":1,"name":"Home","item":"https:\/\/konro-grill.com\/"},{"@type":"ListItem","position":2,"name":"Verzenden &#038; kosten"}]},{"@type":"WebSite","@id":"https:\/\/konro-grill.com\/#website","url":"https:\/\/konro-grill.com\/","name":"Konro Grill","description":"Konro Grill, le plus grand sp\u00e9cialiste du barbecue japonais","publisher":{"@id":"https:\/\/konro-grill.com\/#organization"},"potentialAction":[{"@type":"SearchAction","target":{"@type":"EntryPoint","urlTemplate":"https:\/\/konro-grill.com\/?s={search_term_string}"},"query-input":{"@type":"PropertyValueSpecification","valueRequired":true,"valueName":"search_term_string"}}],"inLanguage":"fr-FR"},{"@type":"Organization","@id":"https:\/\/konro-grill.com\/#organization","name":"Konro Grill","url":"https:\/\/konro-grill.com\/","logo":{"@type":"ImageObject","inLanguage":"fr-FR","@id":"https:\/\/konro-grill.com\/#\/schema\/logo\/image\/","url":"https:\/\/konro-grill.com\/wp-content\/uploads\/2021\/10\/konro-grill-logo.png","contentUrl":"https:\/\/konro-grill.com\/wp-content\/uploads\/2021\/10\/konro-grill-logo.png","width":650,"height":80,"caption":"Konro Grill"},"image":{"@id":"https:\/\/konro-grill.com\/#\/schema\/logo\/image\/"},"sameAs":["https:\/\/facebook.com\/KonroGrillCom","https:\/\/www.instagram.com\/konrogrillcom\/"]}]}},"_links":{"self":[{"href":"https:\/\/konro-grill.com\/fr\/wp-json\/wp\/v2\/pages\/148","targetHints":{"allow":["GET"]}}],"collection":[{"href":"https:\/\/konro-grill.com\/fr\/wp-json\/wp\/v2\/pages"}],"about":[{"href":"https:\/\/konro-grill.com\/fr\/wp-json\/wp\/v2\/types\/page"}],"author":[{"embeddable":true,"href":"https:\/\/konro-grill.com\/fr\/wp-json\/wp\/v2\/users\/1"}],"replies":[{"embeddable":true,"href":"https:\/\/konro-grill.com\/fr\/wp-json\/wp\/v2\/comments?post=148"}],"version-history":[{"count":23,"href":"https:\/\/konro-grill.com\/fr\/wp-json\/wp\/v2\/pages\/148\/revisions"}],"predecessor-version":[{"id":11111,"href":"https:\/\/konro-grill.com\/fr\/wp-json\/wp\/v2\/pages\/148\/revisions\/11111"}],"wp:attachment":[{"href":"https:\/\/konro-grill.com\/fr\/wp-json\/wp\/v2\/media?parent=148"}],"curies":[{"name":"wp","href":"https:\/\/api.w.org\/{rel}","templated":true}]}}