{"id":165,"date":"2020-11-11T12:35:19","date_gmt":"2020-11-11T11:35:19","guid":{"rendered":"https:\/\/konro-grill.com\/?page_id=165"},"modified":"2021-11-02T09:25:33","modified_gmt":"2021-11-02T08:25:33","slug":"politique-de-confidentialite","status":"publish","type":"page","link":"https:\/\/konro-grill.com\/fr\/politique-de-confidentialite\/","title":{"rendered":"Politique de confidentialit\u00e9"},"content":{"rendered":"<div class=\"wpb-content-wrapper\"><div class=\"vc_row wpb_row vc_row-fluid site-doc-row wpex-vc-full-width-row wpex-vc-full-width-row--centered wpex-relative\"><div class=\"wpb_column vc_column_container vc_col-sm-12\"><div class=\"vc_column-inner\"><div class=\"wpb_wrapper\">\n\t<div class=\"wpb_text_column wpb_content_element site-doc-blok\" >\n\t\t<div class=\"wpb_wrapper\">\n\t\t\t<h1>Politique de confidentialit\u00e9 de Konro Grill<\/h1>\n<p>Konro Grill fait partie de Digital Q B.V., dont il est une marque d\u00e9pos\u00e9e.<br \/>\nDigital Q B.V., situ\u00e9 \u00e0 Anton Pieckplein 117A, 5171 CV Kaatsheuvel, est responsable du traitement des donn\u00e9es personnelles tel que d\u00e9crit dans cette d\u00e9claration de confidentialit\u00e9.<\/p>\n<h4>Coordonn\u00e9es de la personne \u00e0 contacter<\/h4>\n<p>Anton Pieckplein 117A<br \/>\n5171 CV Kaatsheuvel<br \/>\nTel : +31(0)416235010<\/p>\n<h4>Donn\u00e9es personnelles que nous traitons<\/h4>\n<p>Digital Q B.V. traite vos donn\u00e9es personnelles parce que vous utilisez nos services et\/ou parce que vous nous fournissez vous-m\u00eame ces donn\u00e9es. Vous trouverez ci-dessous un aper\u00e7u des donn\u00e9es personnelles que nous traitons :<\/p>\n<ul>\n<li>Pr\u00e9nom et nom<\/li>\n<li>Coordonn\u00e9es<\/li>\n<li>Num\u00e9ro de t\u00e9l\u00e9phone<\/li>\n<li>Adresse \u00e9lectronique<\/li>\n<li>Adresse IP<\/li>\n<li>Navigateur Internet et type d'appareil<\/li>\n<li>Num\u00e9ro de compte bancaire<\/li>\n<\/ul>\n<h4>Donn\u00e9es personnelles sp\u00e9ciales et\/ou sensibles que nous traitons<\/h4>\n<p>Notre site web et\/ou service n'a pas l'intention de collecter des donn\u00e9es sur les visiteurs du site web \u00e2g\u00e9s de moins de 16 ans. \u00c0 moins qu'ils ne disposent d'une autorisation parentale ou d'un tuteur. Toutefois, nous ne pouvons pas v\u00e9rifier si un visiteur a plus de 16 ans. Nous conseillons donc aux parents de s'impliquer dans les activit\u00e9s en ligne de leurs enfants afin d'\u00e9viter de collecter des donn\u00e9es sur les enfants sans leur consentement. Si vous \u00eates convaincu que nous avons collect\u00e9 des donn\u00e9es personnelles sur un mineur sans ce consentement, veuillez nous contacter \u00e0 l'adresse info@konro-grill.com et nous supprimerons ces informations.<\/p>\n<h4>Dans quel but et sur quelle base nous traitons les donn\u00e9es \u00e0 caract\u00e8re personnel<\/h4>\n<p>Digital Q B.V. traite vos donn\u00e9es personnelles aux fins suivantes :<\/p>\n<ul>\n<li>Traitement de votre paiement<\/li>\n<li>Envoi de notre lettre d'information et\/ou de notre d\u00e9pliant publicitaire<\/li>\n<li>vous appeler ou vous envoyer un courrier \u00e9lectronique si cela s'av\u00e8re n\u00e9cessaire pour la prestation de nos services<\/li>\n<li>vous informer des modifications apport\u00e9es \u00e0 nos services et produits<\/li>\n<li>Vous permettre de cr\u00e9er un compte<\/li>\n<li>Pour vous fournir des biens et des services<\/li>\n<li>Digital Q B.V. analyse votre comportement sur le site web afin de l'am\u00e9liorer et \u00e9ventuellement d'adapter l'offre de produits et de services \u00e0 vos pr\u00e9f\u00e9rences.<\/li>\n<li>Digital Q B.V. traite \u00e9galement des donn\u00e9es personnelles si nous sommes l\u00e9galement oblig\u00e9s de le faire, comme les donn\u00e9es dont nous avons besoin pour notre d\u00e9claration d'imp\u00f4ts.<\/li>\n<\/ul>\n<h4>Dur\u00e9e de conservation des donn\u00e9es personnelles<\/h4>\n<p>Digital Q B.V. ne conservera pas vos donn\u00e9es personnelles plus longtemps que ce qui est strictement n\u00e9cessaire pour atteindre les objectifs pour lesquels vos donn\u00e9es ont \u00e9t\u00e9 collect\u00e9es ou aussi longtemps que la loi l'exige.<\/p>\n<h4>Partage de donn\u00e9es \u00e0 caract\u00e8re personnel avec des tiers<\/h4>\n<p>Digital Q B.V. partage vos donn\u00e9es personnelles avec divers tiers si cela est n\u00e9cessaire pour ex\u00e9cuter l'accord et pour se conformer \u00e0 toute obligation l\u00e9gale. Avec les entreprises qui traitent vos donn\u00e9es en notre nom, nous concluons un accord de sous-traitance pour garantir le m\u00eame niveau de s\u00e9curit\u00e9 et de confidentialit\u00e9 de vos donn\u00e9es. Digital Q B.V. reste responsable de ce traitement. Digital Q B.V. ne fournit jamais vos donn\u00e9es personnelles \u00e0 d'autres tiers, par exemple \u00e0 des fins commerciales.<\/p>\n<h4>Cookies, ou techniques similaires, que nous utilisons<\/h4>\n<p>Digital Q B.V. utilise des cookies fonctionnels, analytiques et de suivi. Un cookie est un petit fichier texte qui est stock\u00e9 dans le navigateur de votre ordinateur, tablette ou smartphone lors de votre premi\u00e8re visite sur ce site web. Digital Q B.V. utilise des cookies ayant une fonctionnalit\u00e9 purement technique. Ceux-ci garantissent que le site web fonctionne correctement et que, par exemple, vos pr\u00e9f\u00e9rences sont m\u00e9moris\u00e9es. Ces cookies sont \u00e9galement utilis\u00e9s pour assurer le bon fonctionnement et l'optimisation du site web. En outre, nous pla\u00e7ons des cookies qui suivent votre comportement de navigation afin de pouvoir vous proposer un contenu et des publicit\u00e9s sur mesure. Lors de votre premi\u00e8re visite sur notre site web, nous vous avons d\u00e9j\u00e0 inform\u00e9 de l'existence de ces cookies et vous avons demand\u00e9 l'autorisation de les placer. Vous pouvez refuser les cookies ici ou configurer votre navigateur Internet de mani\u00e8re \u00e0 ce qu'il ne stocke plus de cookies. Vous pouvez \u00e9galement supprimer toute information pr\u00e9c\u00e9demment stock\u00e9e via les param\u00e8tres de votre navigateur. Vous trouverez de plus amples informations sur nos cookies \u00e0 l'adresse suivante <a href=\"https:\/\/kamadoexpress.nl\/cookiebeleid\/\" target=\"_blank\" rel=\"noopener\">ici<\/a>.<\/p>\n<h4>WebwinkelKeur<\/h4>\n<p>Nous recueillons des commentaires par le biais de la plateforme WebwinkelKeur. Si vous laissez un avis via WebwinkelKeur, vous devez fournir un nom et une adresse e-mail. WebwinkelKeur partage ces informations avec nous afin que nous puissions relier l'avis \u00e0 votre commande. WebwinkelKeur publie \u00e9galement votre nom sur son propre site web. Si nous vous invitons \u00e0 laisser un avis, nous partageons votre nom, votre adresse \u00e9lectronique, votre num\u00e9ro de client et votre num\u00e9ro de commande avec WebwinkelKeur. WebwinkelKeur utilise ces donn\u00e9es dans le seul but de vous inviter \u00e0 laisser un avis. WebwinkelKeur a pris des mesures techniques et organisationnelles appropri\u00e9es pour prot\u00e9ger vos donn\u00e9es personnelles.<\/p>\n<h4>Visualiser, modifier ou supprimer des donn\u00e9es<\/h4>\n<p>Vous avez le droit de consulter, de corriger ou de supprimer vos donn\u00e9es personnelles. Vous pouvez le faire vous-m\u00eame via les param\u00e8tres personnels de votre compte. Vous avez \u00e9galement le droit de retirer votre \u00e9ventuel consentement au traitement des donn\u00e9es ou de vous opposer au traitement de vos donn\u00e9es personnelles par notre soci\u00e9t\u00e9 et vous avez le droit \u00e0 la portabilit\u00e9 des donn\u00e9es. Cela signifie que vous pouvez nous demander d'envoyer les donn\u00e9es personnelles que nous avons sur vous dans un fichier informatique \u00e0 vous-m\u00eame ou \u00e0 une autre organisation que vous avez d\u00e9sign\u00e9e. Si vous souhaitez exercer votre droit d'opposition et\/ou votre droit \u00e0 la portabilit\u00e9 des donn\u00e9es ou si vous avez d'autres questions\/commentaires sur le traitement des donn\u00e9es, veuillez envoyer une demande sp\u00e9cifique \u00e0 l'adresse suivante <a href=\"mailto:info@konro-grill.com\">info@konro-grill.com<\/a>. Afin de s'assurer que la demande de contr\u00f4le \u00e9mane bien de vous, nous vous demandons d'accompagner votre demande d'une copie de votre pi\u00e8ce d'identit\u00e9. Sur cette copie, vous devez noircir la photo de votre passeport, la MRZ (zone de lecture automatique, la bande avec des chiffres au bas du passeport), le num\u00e9ro de votre passeport et le num\u00e9ro de service du citoyen (BSN). Ceci afin de prot\u00e9ger votre vie priv\u00e9e. Digital Q B.V. r\u00e9pondra \u00e0 votre demande le plus rapidement possible, mais en tout cas dans un d\u00e9lai de quatre semaines. Digital Q B.V. souhaite \u00e9galement souligner que vous avez la possibilit\u00e9 de d\u00e9poser une plainte aupr\u00e8s de l'autorit\u00e9 de contr\u00f4le nationale, l'Autorit\u00e9 pour les donn\u00e9es personnelles. Vous pouvez le faire via le lien suivant : https:\/\/autoriteitpersoonsgegevens.nl\/nl\/zelf-doen\/gebruik-uw-privacyrechten\/klacht-melden-bij-de-ap<\/p>\n<h4>Comment nous s\u00e9curisons les donn\u00e9es personnelles<\/h4>\n<p>Digital Q B.V. prend au s\u00e9rieux la protection de vos donn\u00e9es et prend des mesures appropri\u00e9es pour emp\u00eacher l'utilisation abusive, la perte, l'acc\u00e8s non autoris\u00e9, la divulgation non d\u00e9sir\u00e9e et la modification non autoris\u00e9e. Si vous estimez que vos donn\u00e9es ne sont pas correctement s\u00e9curis\u00e9es ou qu'il y a des indications d'abus, veuillez contacter notre service client\u00e8le ou via <a href=\"mailto:info@konro-grill.com\">info@konro-grill.com<\/a><\/p>\n\n\t\t<\/div>\n\t<\/div>\n<\/div><\/div><\/div><\/div>\n<\/div>","protected":false},"excerpt":{"rendered":"Politique de confidentialit\u00e9 de Konro Grill Konro Grill fait partie et est un nom commercial de Digital Q B.V. Digital Q B.V., situ\u00e9 \u00e0 Anton Pieckplein 117A, 5171 CV Kaatsheuvel, est responsable du traitement des donn\u00e9es personnelles tel qu'il est refl\u00e9t\u00e9 dans cette d\u00e9claration de confidentialit\u00e9. Coordonn\u00e9es Anton Pieckplein 117A 5171 CV Kaatsheuvel T\u00e9l : +31(0)416235010 Donn\u00e9es personnelles que nous traitons Digital Q B.V. traite...","protected":false},"author":1,"featured_media":0,"parent":0,"menu_order":0,"comment_status":"closed","ping_status":"closed","template":"","meta":{"inline_featured_image":false,"footnotes":""},"class_list":["post-165","page","type-page","status-publish","hentry","entry","no-media"],"yoast_head":"<!-- This site is optimized with the Yoast SEO plugin v27.4 - https:\/\/yoast.com\/product\/yoast-seo-wordpress\/ -->\n<title>Privacybeleid | Konro Grill, de grootste Japanse BBQ specialist<\/title>\n<meta name=\"robots\" content=\"index, follow, max-snippet:-1, max-image-preview:large, max-video-preview:-1\" \/>\n<link rel=\"canonical\" href=\"https:\/\/konro-grill.com\/fr\/politique-de-confidentialite\/\" \/>\n<meta property=\"og:locale\" content=\"fr_FR\" \/>\n<meta property=\"og:type\" content=\"article\" \/>\n<meta property=\"og:title\" content=\"Privacybeleid | Konro Grill, de grootste Japanse BBQ specialist\" \/>\n<meta property=\"og:url\" content=\"https:\/\/konro-grill.com\/fr\/politique-de-confidentialite\/\" \/>\n<meta property=\"og:site_name\" content=\"Konro Grill, de grootste Japanse BBQ specialist\" \/>\n<meta property=\"article:publisher\" content=\"https:\/\/facebook.com\/KonroGrillCom\" \/>\n<meta property=\"article:modified_time\" content=\"2021-11-02T08:25:33+00:00\" \/>\n<meta property=\"og:image\" content=\"https:\/\/konro-grill.com\/wp-content\/uploads\/2026\/03\/Konro-Grill-Logo-1.jpg\" \/>\n\t<meta property=\"og:image:width\" content=\"1200\" \/>\n\t<meta property=\"og:image:height\" content=\"675\" \/>\n\t<meta property=\"og:image:type\" content=\"image\/jpeg\" \/>\n<meta name=\"twitter:card\" content=\"summary_large_image\" \/>\n<meta name=\"twitter:label1\" content=\"Dur\u00e9e de lecture estim\u00e9e\" \/>\n\t<meta name=\"twitter:data1\" content=\"5 minutes\" \/>\n<script type=\"application\/ld+json\" class=\"yoast-schema-graph\">{\"@context\":\"https:\\\/\\\/schema.org\",\"@graph\":[{\"@type\":\"WebPage\",\"@id\":\"https:\\\/\\\/konro-grill.com\\\/privacybeleid\\\/\",\"url\":\"https:\\\/\\\/konro-grill.com\\\/privacybeleid\\\/\",\"name\":\"Privacybeleid | Konro Grill, de grootste Japanse BBQ specialist\",\"isPartOf\":{\"@id\":\"https:\\\/\\\/konro-grill.com\\\/#website\"},\"datePublished\":\"2020-11-11T11:35:19+00:00\",\"dateModified\":\"2021-11-02T08:25:33+00:00\",\"breadcrumb\":{\"@id\":\"https:\\\/\\\/konro-grill.com\\\/privacybeleid\\\/#breadcrumb\"},\"inLanguage\":\"fr-FR\",\"potentialAction\":[{\"@type\":\"ReadAction\",\"target\":[\"https:\\\/\\\/konro-grill.com\\\/privacybeleid\\\/\"]}]},{\"@type\":\"BreadcrumbList\",\"@id\":\"https:\\\/\\\/konro-grill.com\\\/privacybeleid\\\/#breadcrumb\",\"itemListElement\":[{\"@type\":\"ListItem\",\"position\":1,\"name\":\"Home\",\"item\":\"https:\\\/\\\/konro-grill.com\\\/\"},{\"@type\":\"ListItem\",\"position\":2,\"name\":\"Privacybeleid\"}]},{\"@type\":\"WebSite\",\"@id\":\"https:\\\/\\\/konro-grill.com\\\/#website\",\"url\":\"https:\\\/\\\/konro-grill.com\\\/\",\"name\":\"Konro Grill\",\"description\":\"Konro Grill, de Grootste Japanse BBQ Specialist\",\"publisher\":{\"@id\":\"https:\\\/\\\/konro-grill.com\\\/#organization\"},\"potentialAction\":[{\"@type\":\"SearchAction\",\"target\":{\"@type\":\"EntryPoint\",\"urlTemplate\":\"https:\\\/\\\/konro-grill.com\\\/?s={search_term_string}\"},\"query-input\":{\"@type\":\"PropertyValueSpecification\",\"valueRequired\":true,\"valueName\":\"search_term_string\"}}],\"inLanguage\":\"fr-FR\"},{\"@type\":\"Organization\",\"@id\":\"https:\\\/\\\/konro-grill.com\\\/#organization\",\"name\":\"Konro Grill\",\"url\":\"https:\\\/\\\/konro-grill.com\\\/\",\"logo\":{\"@type\":\"ImageObject\",\"inLanguage\":\"fr-FR\",\"@id\":\"https:\\\/\\\/konro-grill.com\\\/#\\\/schema\\\/logo\\\/image\\\/\",\"url\":\"https:\\\/\\\/konro-grill.com\\\/wp-content\\\/uploads\\\/2021\\\/10\\\/konro-grill-logo.png\",\"contentUrl\":\"https:\\\/\\\/konro-grill.com\\\/wp-content\\\/uploads\\\/2021\\\/10\\\/konro-grill-logo.png\",\"width\":650,\"height\":80,\"caption\":\"Konro Grill\"},\"image\":{\"@id\":\"https:\\\/\\\/konro-grill.com\\\/#\\\/schema\\\/logo\\\/image\\\/\"},\"sameAs\":[\"https:\\\/\\\/facebook.com\\\/KonroGrillCom\",\"https:\\\/\\\/www.instagram.com\\\/konrogrillcom\\\/\"]}]}<\/script>\n<!-- \/ Yoast SEO plugin. -->","yoast_head_json":{"title":"Politique de confidentialit\u00e9 | Konro Grill, le plus grand sp\u00e9cialiste des barbecues japonais","robots":{"index":"index","follow":"follow","max-snippet":"max-snippet:-1","max-image-preview":"max-image-preview:large","max-video-preview":"max-video-preview:-1"},"canonical":"https:\/\/konro-grill.com\/fr\/politique-de-confidentialite\/","og_locale":"fr_FR","og_type":"article","og_title":"Privacybeleid | Konro Grill, de grootste Japanse BBQ specialist","og_url":"https:\/\/konro-grill.com\/fr\/politique-de-confidentialite\/","og_site_name":"Konro Grill, de grootste Japanse BBQ specialist","article_publisher":"https:\/\/facebook.com\/KonroGrillCom","article_modified_time":"2021-11-02T08:25:33+00:00","og_image":[{"width":1200,"height":675,"url":"https:\/\/konro-grill.com\/wp-content\/uploads\/2026\/03\/Konro-Grill-Logo-1.jpg","type":"image\/jpeg"}],"twitter_card":"summary_large_image","twitter_misc":{"Dur\u00e9e de lecture estim\u00e9e":"5 minutes"},"schema":{"@context":"https:\/\/schema.org","@graph":[{"@type":"WebPage","@id":"https:\/\/konro-grill.com\/privacybeleid\/","url":"https:\/\/konro-grill.com\/privacybeleid\/","name":"Politique de confidentialit\u00e9 | Konro Grill, le plus grand sp\u00e9cialiste des barbecues japonais","isPartOf":{"@id":"https:\/\/konro-grill.com\/#website"},"datePublished":"2020-11-11T11:35:19+00:00","dateModified":"2021-11-02T08:25:33+00:00","breadcrumb":{"@id":"https:\/\/konro-grill.com\/privacybeleid\/#breadcrumb"},"inLanguage":"fr-FR","potentialAction":[{"@type":"ReadAction","target":["https:\/\/konro-grill.com\/privacybeleid\/"]}]},{"@type":"BreadcrumbList","@id":"https:\/\/konro-grill.com\/privacybeleid\/#breadcrumb","itemListElement":[{"@type":"ListItem","position":1,"name":"Home","item":"https:\/\/konro-grill.com\/"},{"@type":"ListItem","position":2,"name":"Privacybeleid"}]},{"@type":"WebSite","@id":"https:\/\/konro-grill.com\/#website","url":"https:\/\/konro-grill.com\/","name":"Konro Grill","description":"Konro Grill, le plus grand sp\u00e9cialiste du barbecue japonais","publisher":{"@id":"https:\/\/konro-grill.com\/#organization"},"potentialAction":[{"@type":"SearchAction","target":{"@type":"EntryPoint","urlTemplate":"https:\/\/konro-grill.com\/?s={search_term_string}"},"query-input":{"@type":"PropertyValueSpecification","valueRequired":true,"valueName":"search_term_string"}}],"inLanguage":"fr-FR"},{"@type":"Organization","@id":"https:\/\/konro-grill.com\/#organization","name":"Konro Grill","url":"https:\/\/konro-grill.com\/","logo":{"@type":"ImageObject","inLanguage":"fr-FR","@id":"https:\/\/konro-grill.com\/#\/schema\/logo\/image\/","url":"https:\/\/konro-grill.com\/wp-content\/uploads\/2021\/10\/konro-grill-logo.png","contentUrl":"https:\/\/konro-grill.com\/wp-content\/uploads\/2021\/10\/konro-grill-logo.png","width":650,"height":80,"caption":"Konro Grill"},"image":{"@id":"https:\/\/konro-grill.com\/#\/schema\/logo\/image\/"},"sameAs":["https:\/\/facebook.com\/KonroGrillCom","https:\/\/www.instagram.com\/konrogrillcom\/"]}]}},"_links":{"self":[{"href":"https:\/\/konro-grill.com\/fr\/wp-json\/wp\/v2\/pages\/165","targetHints":{"allow":["GET"]}}],"collection":[{"href":"https:\/\/konro-grill.com\/fr\/wp-json\/wp\/v2\/pages"}],"about":[{"href":"https:\/\/konro-grill.com\/fr\/wp-json\/wp\/v2\/types\/page"}],"author":[{"embeddable":true,"href":"https:\/\/konro-grill.com\/fr\/wp-json\/wp\/v2\/users\/1"}],"replies":[{"embeddable":true,"href":"https:\/\/konro-grill.com\/fr\/wp-json\/wp\/v2\/comments?post=165"}],"version-history":[{"count":5,"href":"https:\/\/konro-grill.com\/fr\/wp-json\/wp\/v2\/pages\/165\/revisions"}],"predecessor-version":[{"id":633,"href":"https:\/\/konro-grill.com\/fr\/wp-json\/wp\/v2\/pages\/165\/revisions\/633"}],"wp:attachment":[{"href":"https:\/\/konro-grill.com\/fr\/wp-json\/wp\/v2\/media?parent=165"}],"curies":[{"name":"wp","href":"https:\/\/api.w.org\/{rel}","templated":true}]}}