{"id":183,"date":"2020-11-12T11:04:58","date_gmt":"2020-11-12T10:04:58","guid":{"rendered":"https:\/\/konro-grill.com\/?page_id=183"},"modified":"2024-09-24T10:33:30","modified_gmt":"2024-09-24T08:33:30","slug":"a-propos-de-konro-grill","status":"publish","type":"page","link":"https:\/\/konro-grill.com\/fr\/a-propos-de-konro-grill\/","title":{"rendered":"A propos de nous"},"content":{"rendered":"<div class=\"wpb-content-wrapper\"><div class=\"vc_row wpb_row vc_row-fluid pagina-header-row vc_custom_1635841231730 vc_row-o-content-middle vc_row-flex wpex-relative wpex-vc_row-has-fill wpex-vc-reset-negative-margin wpex-has-overlay wpex-has-overlay--69e8eb8be9577\"><div class=\"wpex-bg-overlay-wrap wpex-absolute wpex-inset-0 wpex-rounded-inherit\"><style class=\"wpex-bg-overlay-css\">.wpex-has-overlay--69e8eb8be9577 > .wpex-bg-overlay-wrap .wpex-bg-overlay{background-color:#000000;opacity:0.3;}<\/style><span class=\"wpex-bg-overlay dark wpex-absolute wpex-inset-0 wpex-rounded-inherit wpex-duration-500 wpex-opacity-60 wpex-bg-black\"><\/span><\/div><div class=\"wpb_column vc_column_container vc_col-sm-12\"><div class=\"vc_column-inner vc_custom_1631278515999\"><div class=\"wpb_wrapper\">\n\t<div class=\"wpb_text_column wpb_content_element diapositief textcenter\" >\n\t\t<div class=\"wpb_wrapper\">\n\t\t\t<h1>A propos de nous<\/h1>\n\n\t\t<\/div>\n\t<\/div>\n<\/div><\/div><\/div><\/div><div class=\"vc_row wpb_row vc_row-fluid intro-row wpex-relative\"><div class=\"wpb_column vc_column_container vc_col-sm-12\"><div class=\"vc_column-inner\"><div class=\"wpb_wrapper\">\n\t<div class=\"wpb_text_column wpb_content_element breedte-800 textcenter\" >\n\t\t<div class=\"wpb_wrapper\">\n\t\t\t<h2>\u00c0 propos de Konro Grill<\/h2>\n<p>Konro Grill fait partie de <a href=\"https:\/\/digital-q.nl\/\" target=\"_blank\" rel=\"noopener\">Digital Q BV BBQ Concepts<\/a>. En 2014, nous avons commenc\u00e9 \u00e0 vendre des barbecues kamado haut de gamme. Au fil du temps, l'entreprise s'est transform\u00e9e en un groupe de concepts de premier plan. En 2020, les premiers contacts ont \u00e9t\u00e9 pris au Japon et depuis lors, KonroGrill.com est devenu la plus grande boutique en ligne de barbecues konro, d'accessoires, de Binchotan et de sp\u00e9cialit\u00e9s (japonaises).<\/p>\n<p>Notre gamme s'\u00e9largit car cette forme de barbecue sera tr\u00e8s pr\u00e9sente dans le secteur de la gastronomie et de la cuisine \u00e0 domicile dans les ann\u00e9es \u00e0 venir.<\/p>\n<p>Voir <a href=\"https:\/\/konro-grill.com\/fr\/les-references\/\">nos r\u00e9f\u00e9rences<\/a>.<\/p>\n\n\t\t<\/div>\n\t<\/div>\n<\/div><\/div><\/div><\/div>\n<\/div>","protected":false},"excerpt":{"rendered":"\u00c0 propos de nous \u00c0 propos de Konro Grill Konro Grill fait partie de Digital Q BV BBQ Concepts. Nous avons commenc\u00e9 \u00e0 vendre des barbecues kamado haut de gamme en 2014. Au fil du temps, l'entreprise est devenue un groupe de concepts de premier plan. En 2020, les premiers contacts ont \u00e9t\u00e9 pris au Japon et depuis, KonroGrill.com s'est d\u00e9velopp\u00e9...","protected":false},"author":1,"featured_media":0,"parent":0,"menu_order":0,"comment_status":"closed","ping_status":"closed","template":"","meta":{"inline_featured_image":false,"footnotes":""},"class_list":["post-183","page","type-page","status-publish","hentry","entry","no-media"],"yoast_head":"<!-- This site is optimized with the Yoast SEO plugin v27.4 - https:\/\/yoast.com\/product\/yoast-seo-wordpress\/ -->\n<title>Over Konro Grill, officieel importeur en distributeur<\/title>\n<meta name=\"description\" content=\"Konro Grill de enige en offici\u00eble importeur en distributeur van de originele Japanse konro grill, Kasai Grills en vele accessoires!\" \/>\n<meta name=\"robots\" content=\"index, follow, max-snippet:-1, max-image-preview:large, max-video-preview:-1\" \/>\n<link rel=\"canonical\" href=\"https:\/\/konro-grill.com\/fr\/a-propos-de-konro-grill\/\" \/>\n<meta property=\"og:locale\" content=\"fr_FR\" \/>\n<meta property=\"og:type\" content=\"article\" \/>\n<meta property=\"og:title\" content=\"Over Konro Grill, officieel importeur en distributeur\" \/>\n<meta property=\"og:description\" content=\"Konro Grill de enige en offici\u00eble importeur en distributeur van de originele Japanse konro grill, Kasai Grills en vele accessoires!\" \/>\n<meta property=\"og:url\" content=\"https:\/\/konro-grill.com\/fr\/a-propos-de-konro-grill\/\" \/>\n<meta property=\"og:site_name\" content=\"Konro Grill, de grootste Japanse BBQ specialist\" \/>\n<meta property=\"article:publisher\" content=\"https:\/\/facebook.com\/KonroGrillCom\" \/>\n<meta property=\"article:modified_time\" content=\"2024-09-24T08:33:30+00:00\" \/>\n<meta property=\"og:image\" content=\"https:\/\/konro-grill.com\/wp-content\/uploads\/2026\/03\/Konro-Grill-Logo-1.jpg\" \/>\n\t<meta property=\"og:image:width\" content=\"1200\" \/>\n\t<meta property=\"og:image:height\" content=\"675\" \/>\n\t<meta property=\"og:image:type\" content=\"image\/jpeg\" \/>\n<meta name=\"twitter:card\" content=\"summary_large_image\" \/>\n<meta name=\"twitter:label1\" content=\"Dur\u00e9e de lecture estim\u00e9e\" \/>\n\t<meta name=\"twitter:data1\" content=\"1 minute\" \/>\n<script type=\"application\/ld+json\" class=\"yoast-schema-graph\">{\"@context\":\"https:\\\/\\\/schema.org\",\"@graph\":[{\"@type\":\"WebPage\",\"@id\":\"https:\\\/\\\/konro-grill.com\\\/over-konro-grill\\\/\",\"url\":\"https:\\\/\\\/konro-grill.com\\\/over-konro-grill\\\/\",\"name\":\"Over Konro Grill, officieel importeur en distributeur\",\"isPartOf\":{\"@id\":\"https:\\\/\\\/konro-grill.com\\\/#website\"},\"datePublished\":\"2020-11-12T10:04:58+00:00\",\"dateModified\":\"2024-09-24T08:33:30+00:00\",\"description\":\"Konro Grill de enige en offici\u00eble importeur en distributeur van de originele Japanse konro grill, Kasai Grills en vele accessoires!\",\"breadcrumb\":{\"@id\":\"https:\\\/\\\/konro-grill.com\\\/over-konro-grill\\\/#breadcrumb\"},\"inLanguage\":\"fr-FR\",\"potentialAction\":[{\"@type\":\"ReadAction\",\"target\":[\"https:\\\/\\\/konro-grill.com\\\/over-konro-grill\\\/\"]}]},{\"@type\":\"BreadcrumbList\",\"@id\":\"https:\\\/\\\/konro-grill.com\\\/over-konro-grill\\\/#breadcrumb\",\"itemListElement\":[{\"@type\":\"ListItem\",\"position\":1,\"name\":\"Home\",\"item\":\"https:\\\/\\\/konro-grill.com\\\/\"},{\"@type\":\"ListItem\",\"position\":2,\"name\":\"Over ons\"}]},{\"@type\":\"WebSite\",\"@id\":\"https:\\\/\\\/konro-grill.com\\\/#website\",\"url\":\"https:\\\/\\\/konro-grill.com\\\/\",\"name\":\"Konro Grill\",\"description\":\"Konro Grill, de Grootste Japanse BBQ Specialist\",\"publisher\":{\"@id\":\"https:\\\/\\\/konro-grill.com\\\/#organization\"},\"potentialAction\":[{\"@type\":\"SearchAction\",\"target\":{\"@type\":\"EntryPoint\",\"urlTemplate\":\"https:\\\/\\\/konro-grill.com\\\/?s={search_term_string}\"},\"query-input\":{\"@type\":\"PropertyValueSpecification\",\"valueRequired\":true,\"valueName\":\"search_term_string\"}}],\"inLanguage\":\"fr-FR\"},{\"@type\":\"Organization\",\"@id\":\"https:\\\/\\\/konro-grill.com\\\/#organization\",\"name\":\"Konro Grill\",\"url\":\"https:\\\/\\\/konro-grill.com\\\/\",\"logo\":{\"@type\":\"ImageObject\",\"inLanguage\":\"fr-FR\",\"@id\":\"https:\\\/\\\/konro-grill.com\\\/#\\\/schema\\\/logo\\\/image\\\/\",\"url\":\"https:\\\/\\\/konro-grill.com\\\/wp-content\\\/uploads\\\/2021\\\/10\\\/konro-grill-logo.png\",\"contentUrl\":\"https:\\\/\\\/konro-grill.com\\\/wp-content\\\/uploads\\\/2021\\\/10\\\/konro-grill-logo.png\",\"width\":650,\"height\":80,\"caption\":\"Konro Grill\"},\"image\":{\"@id\":\"https:\\\/\\\/konro-grill.com\\\/#\\\/schema\\\/logo\\\/image\\\/\"},\"sameAs\":[\"https:\\\/\\\/facebook.com\\\/KonroGrillCom\",\"https:\\\/\\\/www.instagram.com\\\/konrogrillcom\\\/\"]}]}<\/script>\n<!-- \/ Yoast SEO plugin. -->","yoast_head_json":{"title":"\u00c0 propos de Konro Grill, importateur et distributeur officiel","description":"Konro Grill l'importateur et distributeur exclusif et officiel des grils japonais konro originaux, des grils Kasai et de nombreux accessoires !","robots":{"index":"index","follow":"follow","max-snippet":"max-snippet:-1","max-image-preview":"max-image-preview:large","max-video-preview":"max-video-preview:-1"},"canonical":"https:\/\/konro-grill.com\/fr\/a-propos-de-konro-grill\/","og_locale":"fr_FR","og_type":"article","og_title":"Over Konro Grill, officieel importeur en distributeur","og_description":"Konro Grill de enige en offici\u00eble importeur en distributeur van de originele Japanse konro grill, Kasai Grills en vele accessoires!","og_url":"https:\/\/konro-grill.com\/fr\/a-propos-de-konro-grill\/","og_site_name":"Konro Grill, de grootste Japanse BBQ specialist","article_publisher":"https:\/\/facebook.com\/KonroGrillCom","article_modified_time":"2024-09-24T08:33:30+00:00","og_image":[{"width":1200,"height":675,"url":"https:\/\/konro-grill.com\/wp-content\/uploads\/2026\/03\/Konro-Grill-Logo-1.jpg","type":"image\/jpeg"}],"twitter_card":"summary_large_image","twitter_misc":{"Dur\u00e9e de lecture estim\u00e9e":"1 minute"},"schema":{"@context":"https:\/\/schema.org","@graph":[{"@type":"WebPage","@id":"https:\/\/konro-grill.com\/over-konro-grill\/","url":"https:\/\/konro-grill.com\/over-konro-grill\/","name":"\u00c0 propos de Konro Grill, importateur et distributeur officiel","isPartOf":{"@id":"https:\/\/konro-grill.com\/#website"},"datePublished":"2020-11-12T10:04:58+00:00","dateModified":"2024-09-24T08:33:30+00:00","description":"Konro Grill l'importateur et distributeur exclusif et officiel des grils japonais konro originaux, des grils Kasai et de nombreux accessoires !","breadcrumb":{"@id":"https:\/\/konro-grill.com\/over-konro-grill\/#breadcrumb"},"inLanguage":"fr-FR","potentialAction":[{"@type":"ReadAction","target":["https:\/\/konro-grill.com\/over-konro-grill\/"]}]},{"@type":"BreadcrumbList","@id":"https:\/\/konro-grill.com\/over-konro-grill\/#breadcrumb","itemListElement":[{"@type":"ListItem","position":1,"name":"Home","item":"https:\/\/konro-grill.com\/"},{"@type":"ListItem","position":2,"name":"Over ons"}]},{"@type":"WebSite","@id":"https:\/\/konro-grill.com\/#website","url":"https:\/\/konro-grill.com\/","name":"Konro Grill","description":"Konro Grill, le plus grand sp\u00e9cialiste du barbecue japonais","publisher":{"@id":"https:\/\/konro-grill.com\/#organization"},"potentialAction":[{"@type":"SearchAction","target":{"@type":"EntryPoint","urlTemplate":"https:\/\/konro-grill.com\/?s={search_term_string}"},"query-input":{"@type":"PropertyValueSpecification","valueRequired":true,"valueName":"search_term_string"}}],"inLanguage":"fr-FR"},{"@type":"Organization","@id":"https:\/\/konro-grill.com\/#organization","name":"Konro Grill","url":"https:\/\/konro-grill.com\/","logo":{"@type":"ImageObject","inLanguage":"fr-FR","@id":"https:\/\/konro-grill.com\/#\/schema\/logo\/image\/","url":"https:\/\/konro-grill.com\/wp-content\/uploads\/2021\/10\/konro-grill-logo.png","contentUrl":"https:\/\/konro-grill.com\/wp-content\/uploads\/2021\/10\/konro-grill-logo.png","width":650,"height":80,"caption":"Konro Grill"},"image":{"@id":"https:\/\/konro-grill.com\/#\/schema\/logo\/image\/"},"sameAs":["https:\/\/facebook.com\/KonroGrillCom","https:\/\/www.instagram.com\/konrogrillcom\/"]}]}},"_links":{"self":[{"href":"https:\/\/konro-grill.com\/fr\/wp-json\/wp\/v2\/pages\/183","targetHints":{"allow":["GET"]}}],"collection":[{"href":"https:\/\/konro-grill.com\/fr\/wp-json\/wp\/v2\/pages"}],"about":[{"href":"https:\/\/konro-grill.com\/fr\/wp-json\/wp\/v2\/types\/page"}],"author":[{"embeddable":true,"href":"https:\/\/konro-grill.com\/fr\/wp-json\/wp\/v2\/users\/1"}],"replies":[{"embeddable":true,"href":"https:\/\/konro-grill.com\/fr\/wp-json\/wp\/v2\/comments?post=183"}],"version-history":[{"count":16,"href":"https:\/\/konro-grill.com\/fr\/wp-json\/wp\/v2\/pages\/183\/revisions"}],"predecessor-version":[{"id":6886,"href":"https:\/\/konro-grill.com\/fr\/wp-json\/wp\/v2\/pages\/183\/revisions\/6886"}],"wp:attachment":[{"href":"https:\/\/konro-grill.com\/fr\/wp-json\/wp\/v2\/media?parent=183"}],"curies":[{"name":"wp","href":"https:\/\/api.w.org\/{rel}","templated":true}]}}