{"id":3878,"date":"2023-09-19T09:30:01","date_gmt":"2023-09-19T07:30:01","guid":{"rendered":"https:\/\/konro-grill.com\/konro-roosters-2\/"},"modified":"2023-09-19T09:50:42","modified_gmt":"2023-09-19T07:50:42","slug":"gants-bbq","status":"publish","type":"page","link":"https:\/\/konro-grill.com\/fr\/gants-bbq\/","title":{"rendered":"Gants pour barbecue"},"content":{"rendered":"<div class=\"wpb-content-wrapper\"><div class=\"vc_row wpb_row vc_row-fluid pagina-header-row vc_row-o-equal-height vc_row-o-content-middle vc_row-flex wpex-relative\" style=\"min-height:450px;\"><div class=\"wpb_column pagina-header-row-image-overlay vc_column_container vc_col-sm-6 wpex-vc_col-has-fill\"><div class=\"vc_column-inner vc_custom_1695109223991\"><div class=\"wpb_wrapper\">\n\t<div class=\"wpb_text_column wpb_content_element diapositief textcenter\" >\n\t\t<div class=\"wpb_wrapper\">\n\t\t\t<h1 style=\"text-align: center;\">Gants pour barbecue<\/h1>\n\n\t\t<\/div>\n\t<\/div>\n<\/div><\/div><\/div><div class=\"wpb_column vc_column_container vc_col-sm-6\"><div class=\"vc_column-inner\"><div class=\"wpb_wrapper\">\n\t<div class=\"wpb_text_column wpb_content_element breedte-600\" >\n\t\t<div class=\"wpb_wrapper\">\n\t\t\t<h2>Grillez toujours en toute s\u00e9curit\u00e9 avec des gants de barbecue !<\/h2>\n<p>Il commence \u00e0 fumer, l'odeur de la viande grill\u00e9e emplit l'air et vous commencez \u00e0 avoir faim. Il est temps de faire une grillade sur votre fid\u00e8le Konro Grill. Mais attendez un peu ! Avant de mettre ces d\u00e9licieux morceaux de viande et de poisson sur le gril, assurez-vous d'\u00eatre correctement prot\u00e9g\u00e9. C'est l\u00e0 que les gants de barbecue entrent en jeu ! Ils sont indispensables pour travailler avec le Konro Grill.<\/p>\n\n\t\t<\/div>\n\t<\/div>\n<\/div><\/div><\/div><\/div><div class=\"vc_row wpb_row vc_row-fluid product-row more-spacing filter-row vc_custom_1683726414962 wpex-relative\"><div class=\"wpb_column vc_column_container vc_col-sm-12\"><div class=\"vc_column-inner\"><div class=\"wpb_wrapper\">\n\t<div class=\"wpb_text_column wpb_content_element\" >\n\t\t<div class=\"wpb_wrapper\">\n\t\t\t<div class=\"woocommerce columns-3\"><\/div>\n\n\t\t<\/div>\n\t<\/div>\n<\/div><\/div><\/div><\/div><div class=\"vc_row wpb_row vc_row-fluid wpex-relative\"><div class=\"wpb_column vc_column_container vc_col-sm-12\"><div class=\"vc_column-inner\"><div class=\"wpb_wrapper\">\n\t<div class=\"wpb_text_column wpb_content_element breedte-800\" >\n\t\t<div class=\"wpb_wrapper\">\n\t\t\t<h2 style=\"text-align: center;\">Pourquoi des gants pour barbecue ?<\/h2>\n<p style=\"text-align: center;\">De bons gants ne sont pas un simple accessoire ; ils sont absolument indispensables. Si vous vous \u00eates d\u00e9j\u00e0 br\u00fbl\u00e9 les doigts en essayant de manipuler une grille chaude, vous savez de quoi nous parlons. Les gants pour barbecue vous prot\u00e8gent de cette chaleur intense et vous \u00e9vitent les ampoules douloureuses. Ils sont le bouclier contre les flammes de votre gril. Avec ces gants, vous pouvez travailler en toute confiance sur votre Konro Grill sans craindre de vous br\u00fbler les doigts.<\/p>\n<h2 style=\"text-align: center;\">L'importance de la r\u00e9sistance \u00e0 la chaleur<\/h2>\n<p style=\"text-align: center;\">Lorsque nous parlons de gants de barbecue pour le Konro Grill, nous devons parler de r\u00e9sistance \u00e0 la chaleur. Le Konro Grill peut \u00eatre extr\u00eamement chaud et vos gants de cuisine ordinaires ne vous prot\u00e9geront pas suffisamment. Les gants de barbecue sont sp\u00e9cialement con\u00e7us pour r\u00e9sister aux temp\u00e9ratures \u00e9lev\u00e9es. Ils sont fabriqu\u00e9s dans des mat\u00e9riaux tels que le cuir, le silicone et l'aramide, qui peuvent r\u00e9sister \u00e0 des temp\u00e9ratures sup\u00e9rieures \u00e0 500 degr\u00e9s Celsius. Avec ces gants, vous pouvez retourner la grille de votre gril ou r\u00e9arranger votre charbon de bois sans vous inqui\u00e9ter pendant que les flammes br\u00fblent.<\/p>\n<h2 style=\"text-align: center;\">Confort et libert\u00e9 de mouvement<\/h2>\n<p style=\"text-align: center;\">Les gants pour barbecue vous prot\u00e8gent non seulement de la chaleur, mais ils offrent \u00e9galement confort et libert\u00e9 de mouvement. Ils sont con\u00e7us de mani\u00e8re ergonomique, ce qui vous permet de bouger vos mains librement tout en gardant une prise ferme sur vos outils de barbecue. La derni\u00e8re chose que vous souhaitez, c'est de vous d\u00e9battre avec des gants peu pratiques alors que vous essayez de retourner votre morceau de viande ou de poisson parfaitement grill\u00e9. Les gants pour barbecue vous donnent le contr\u00f4le dont vous avez besoin pour perfectionner vos comp\u00e9tences en mati\u00e8re de grillades.<\/p>\n<h2 style=\"text-align: center;\">Protection multifonctionnelle<\/h2>\n<p style=\"text-align: center;\">Les gants de barbecue du Konro Grill ne sont pas seulement pratiques pour prot\u00e9ger vos mains. Ils offrent \u00e9galement une protection multifonctionnelle. Pensez \u00e0 vos avant-bras et \u00e0 vos poignets, qui sont \u00e9galement sensibles \u00e0 la chaleur. Les gants pour barbecue sont souvent plus longs que les gants ordinaires, ce qui offre une protection suppl\u00e9mentaire \u00e0 ces zones sensibles. Vous pouvez donc travailler pr\u00e8s du gril et parfaire vos plats sans crainte.<\/p>\n<h2 style=\"text-align: center;\">Maintenance et durabilit\u00e9<\/h2>\n<p style=\"text-align: center;\">Un autre avantage des gants pour barbecue est qu'ils sont g\u00e9n\u00e9ralement durables et durent longtemps si vous les entretenez bien. Les gants en cuir et en aramide sont particuli\u00e8rement r\u00e9sistants et peuvent durer plusieurs saisons. Toutefois, il est important de suivre les instructions d'entretien du fabricant pour s'assurer que vos gants restent en parfait \u00e9tat. Un nettoyage et un conditionnement r\u00e9guliers peuvent prolonger consid\u00e9rablement la dur\u00e9e de vie de vos gants.<\/p>\n<h2 style=\"text-align: center;\">Contact<\/h2>\n<p style=\"text-align: center;\">Dans le monde du Konro Grill, la s\u00e9curit\u00e9 et le confort sont primordiaux. Les gants de barbecue du Konro Grill ne sont pas seulement un luxe, mais un \u00e9l\u00e9ment essentiel de votre \u00e9quipement. Ils vous prot\u00e8gent de la chaleur extr\u00eame, vous offrent une grande libert\u00e9 de mouvement et vous permettent de perfectionner vos talents de grillardin sans vous soucier des br\u00fblures. Avant de commencer votre prochaine session de grillades, pr\u00e9parez vos gants de barbecue. Vos mains vous remercieront. Vous ne savez pas quels gants vous conviennent le mieux ou vous avez une autre question ? N'h\u00e9sitez pas \u00e0 prendre <a href=\"https:\/\/konro-grill.com\/fr\/contact\/\">contact<\/a> avec nous, nous sommes heureux de vous aider !<\/p>\n\n\t\t<\/div>\n\t<\/div>\n<\/div><\/div><\/div><\/div>\n<\/div>","protected":false},"excerpt":{"rendered":"Gants pour barbecue Grille toujours en toute s\u00e9curit\u00e9 avec les gants pour barbecue ! Il commence \u00e0 fumer, l'odeur de la viande grill\u00e9e remplit l'air et tu commences \u00e0 avoir faim. Il est temps de faire une s\u00e9ance de grillades sur ton fid\u00e8le Konro Grill. Mais attends un peu ! Avant de mettre ces d\u00e9licieux morceaux de viande et de poisson sur le gril, assure-toi...","protected":false},"author":1,"featured_media":3880,"parent":0,"menu_order":0,"comment_status":"closed","ping_status":"closed","template":"","meta":{"inline_featured_image":false,"footnotes":""},"class_list":["post-3878","page","type-page","status-publish","has-post-thumbnail","hentry","entry","has-media"],"yoast_head":"<!-- This site is optimized with the Yoast SEO plugin v27.4 - https:\/\/yoast.com\/product\/yoast-seo-wordpress\/ -->\n<title>BBQ handschoenen | Konro Grill<\/title>\n<meta name=\"description\" content=\"Met de juiste BBQ handschoenen ga je altijd veilig te werk op je Konro Grill. Bekijk de verschillende modellen en maten in onze webshop!\" \/>\n<meta name=\"robots\" content=\"index, follow, max-snippet:-1, max-image-preview:large, max-video-preview:-1\" \/>\n<link rel=\"canonical\" href=\"https:\/\/konro-grill.com\/fr\/gants-bbq\/\" \/>\n<meta property=\"og:locale\" content=\"fr_FR\" \/>\n<meta property=\"og:type\" content=\"article\" \/>\n<meta property=\"og:title\" content=\"BBQ handschoenen | Konro Grill\" \/>\n<meta property=\"og:description\" content=\"Met de juiste BBQ handschoenen ga je altijd veilig te werk op je Konro Grill. Bekijk de verschillende modellen en maten in onze webshop!\" \/>\n<meta property=\"og:url\" content=\"https:\/\/konro-grill.com\/fr\/gants-bbq\/\" \/>\n<meta property=\"og:site_name\" content=\"Konro Grill, de grootste Japanse BBQ specialist\" \/>\n<meta property=\"article:publisher\" content=\"https:\/\/facebook.com\/KonroGrillCom\" \/>\n<meta property=\"article:modified_time\" content=\"2023-09-19T07:50:42+00:00\" \/>\n<meta property=\"og:image\" content=\"https:\/\/konro-grill.com\/wp-content\/uploads\/2023\/09\/FEUERMEISTER-BBQ-handschoenen-Kamado-Express-1.jpg\" \/>\n\t<meta property=\"og:image:width\" content=\"800\" \/>\n\t<meta property=\"og:image:height\" content=\"533\" \/>\n\t<meta property=\"og:image:type\" content=\"image\/jpeg\" \/>\n<meta name=\"twitter:card\" content=\"summary_large_image\" \/>\n<meta name=\"twitter:label1\" content=\"Dur\u00e9e de lecture estim\u00e9e\" \/>\n\t<meta name=\"twitter:data1\" content=\"4 minutes\" \/>\n<script type=\"application\/ld+json\" class=\"yoast-schema-graph\">{\"@context\":\"https:\\\/\\\/schema.org\",\"@graph\":[{\"@type\":\"WebPage\",\"@id\":\"https:\\\/\\\/konro-grill.com\\\/bbq-handschoenen\\\/\",\"url\":\"https:\\\/\\\/konro-grill.com\\\/bbq-handschoenen\\\/\",\"name\":\"BBQ handschoenen | Konro Grill\",\"isPartOf\":{\"@id\":\"https:\\\/\\\/konro-grill.com\\\/#website\"},\"primaryImageOfPage\":{\"@id\":\"https:\\\/\\\/konro-grill.com\\\/bbq-handschoenen\\\/#primaryimage\"},\"image\":{\"@id\":\"https:\\\/\\\/konro-grill.com\\\/bbq-handschoenen\\\/#primaryimage\"},\"thumbnailUrl\":\"https:\\\/\\\/konro-grill.com\\\/wp-content\\\/uploads\\\/2023\\\/09\\\/FEUERMEISTER-BBQ-handschoenen-Kamado-Express-1.jpg\",\"datePublished\":\"2023-09-19T07:30:01+00:00\",\"dateModified\":\"2023-09-19T07:50:42+00:00\",\"description\":\"Met de juiste BBQ handschoenen ga je altijd veilig te werk op je Konro Grill. Bekijk de verschillende modellen en maten in onze webshop!\",\"breadcrumb\":{\"@id\":\"https:\\\/\\\/konro-grill.com\\\/bbq-handschoenen\\\/#breadcrumb\"},\"inLanguage\":\"fr-FR\",\"potentialAction\":[{\"@type\":\"ReadAction\",\"target\":[\"https:\\\/\\\/konro-grill.com\\\/bbq-handschoenen\\\/\"]}]},{\"@type\":\"ImageObject\",\"inLanguage\":\"fr-FR\",\"@id\":\"https:\\\/\\\/konro-grill.com\\\/bbq-handschoenen\\\/#primaryimage\",\"url\":\"https:\\\/\\\/konro-grill.com\\\/wp-content\\\/uploads\\\/2023\\\/09\\\/FEUERMEISTER-BBQ-handschoenen-Kamado-Express-1.jpg\",\"contentUrl\":\"https:\\\/\\\/konro-grill.com\\\/wp-content\\\/uploads\\\/2023\\\/09\\\/FEUERMEISTER-BBQ-handschoenen-Kamado-Express-1.jpg\",\"width\":800,\"height\":533,\"caption\":\"BBQ handschoenen\"},{\"@type\":\"BreadcrumbList\",\"@id\":\"https:\\\/\\\/konro-grill.com\\\/bbq-handschoenen\\\/#breadcrumb\",\"itemListElement\":[{\"@type\":\"ListItem\",\"position\":1,\"name\":\"Home\",\"item\":\"https:\\\/\\\/konro-grill.com\\\/\"},{\"@type\":\"ListItem\",\"position\":2,\"name\":\"BBQ handschoenen\"}]},{\"@type\":\"WebSite\",\"@id\":\"https:\\\/\\\/konro-grill.com\\\/#website\",\"url\":\"https:\\\/\\\/konro-grill.com\\\/\",\"name\":\"Konro Grill\",\"description\":\"Konro Grill, de Grootste Japanse BBQ Specialist\",\"publisher\":{\"@id\":\"https:\\\/\\\/konro-grill.com\\\/#organization\"},\"potentialAction\":[{\"@type\":\"SearchAction\",\"target\":{\"@type\":\"EntryPoint\",\"urlTemplate\":\"https:\\\/\\\/konro-grill.com\\\/?s={search_term_string}\"},\"query-input\":{\"@type\":\"PropertyValueSpecification\",\"valueRequired\":true,\"valueName\":\"search_term_string\"}}],\"inLanguage\":\"fr-FR\"},{\"@type\":\"Organization\",\"@id\":\"https:\\\/\\\/konro-grill.com\\\/#organization\",\"name\":\"Konro Grill\",\"url\":\"https:\\\/\\\/konro-grill.com\\\/\",\"logo\":{\"@type\":\"ImageObject\",\"inLanguage\":\"fr-FR\",\"@id\":\"https:\\\/\\\/konro-grill.com\\\/#\\\/schema\\\/logo\\\/image\\\/\",\"url\":\"https:\\\/\\\/konro-grill.com\\\/wp-content\\\/uploads\\\/2021\\\/10\\\/konro-grill-logo.png\",\"contentUrl\":\"https:\\\/\\\/konro-grill.com\\\/wp-content\\\/uploads\\\/2021\\\/10\\\/konro-grill-logo.png\",\"width\":650,\"height\":80,\"caption\":\"Konro Grill\"},\"image\":{\"@id\":\"https:\\\/\\\/konro-grill.com\\\/#\\\/schema\\\/logo\\\/image\\\/\"},\"sameAs\":[\"https:\\\/\\\/facebook.com\\\/KonroGrillCom\",\"https:\\\/\\\/www.instagram.com\\\/konrogrillcom\\\/\"]}]}<\/script>\n<!-- \/ Yoast SEO plugin. -->","yoast_head_json":{"title":"Gants BBQ | Konro Grill","description":"Avec les bons gants de barbecue, vous travaillerez toujours en toute s\u00e9curit\u00e9 sur votre Konro Grill. D\u00e9couvrez les diff\u00e9rents mod\u00e8les et tailles dans notre boutique en ligne !","robots":{"index":"index","follow":"follow","max-snippet":"max-snippet:-1","max-image-preview":"max-image-preview:large","max-video-preview":"max-video-preview:-1"},"canonical":"https:\/\/konro-grill.com\/fr\/gants-bbq\/","og_locale":"fr_FR","og_type":"article","og_title":"BBQ handschoenen | Konro Grill","og_description":"Met de juiste BBQ handschoenen ga je altijd veilig te werk op je Konro Grill. Bekijk de verschillende modellen en maten in onze webshop!","og_url":"https:\/\/konro-grill.com\/fr\/gants-bbq\/","og_site_name":"Konro Grill, de grootste Japanse BBQ specialist","article_publisher":"https:\/\/facebook.com\/KonroGrillCom","article_modified_time":"2023-09-19T07:50:42+00:00","og_image":[{"width":800,"height":533,"url":"https:\/\/konro-grill.com\/wp-content\/uploads\/2023\/09\/FEUERMEISTER-BBQ-handschoenen-Kamado-Express-1.jpg","type":"image\/jpeg"}],"twitter_card":"summary_large_image","twitter_misc":{"Dur\u00e9e de lecture estim\u00e9e":"4 minutes"},"schema":{"@context":"https:\/\/schema.org","@graph":[{"@type":"WebPage","@id":"https:\/\/konro-grill.com\/bbq-handschoenen\/","url":"https:\/\/konro-grill.com\/bbq-handschoenen\/","name":"Gants BBQ | Konro Grill","isPartOf":{"@id":"https:\/\/konro-grill.com\/#website"},"primaryImageOfPage":{"@id":"https:\/\/konro-grill.com\/bbq-handschoenen\/#primaryimage"},"image":{"@id":"https:\/\/konro-grill.com\/bbq-handschoenen\/#primaryimage"},"thumbnailUrl":"https:\/\/konro-grill.com\/wp-content\/uploads\/2023\/09\/FEUERMEISTER-BBQ-handschoenen-Kamado-Express-1.jpg","datePublished":"2023-09-19T07:30:01+00:00","dateModified":"2023-09-19T07:50:42+00:00","description":"Avec les bons gants de barbecue, vous travaillerez toujours en toute s\u00e9curit\u00e9 sur votre Konro Grill. D\u00e9couvrez les diff\u00e9rents mod\u00e8les et tailles dans notre boutique en ligne !","breadcrumb":{"@id":"https:\/\/konro-grill.com\/bbq-handschoenen\/#breadcrumb"},"inLanguage":"fr-FR","potentialAction":[{"@type":"ReadAction","target":["https:\/\/konro-grill.com\/bbq-handschoenen\/"]}]},{"@type":"ImageObject","inLanguage":"fr-FR","@id":"https:\/\/konro-grill.com\/bbq-handschoenen\/#primaryimage","url":"https:\/\/konro-grill.com\/wp-content\/uploads\/2023\/09\/FEUERMEISTER-BBQ-handschoenen-Kamado-Express-1.jpg","contentUrl":"https:\/\/konro-grill.com\/wp-content\/uploads\/2023\/09\/FEUERMEISTER-BBQ-handschoenen-Kamado-Express-1.jpg","width":800,"height":533,"caption":"BBQ handschoenen"},{"@type":"BreadcrumbList","@id":"https:\/\/konro-grill.com\/bbq-handschoenen\/#breadcrumb","itemListElement":[{"@type":"ListItem","position":1,"name":"Home","item":"https:\/\/konro-grill.com\/"},{"@type":"ListItem","position":2,"name":"BBQ handschoenen"}]},{"@type":"WebSite","@id":"https:\/\/konro-grill.com\/#website","url":"https:\/\/konro-grill.com\/","name":"Konro Grill","description":"Konro Grill, le plus grand sp\u00e9cialiste du barbecue japonais","publisher":{"@id":"https:\/\/konro-grill.com\/#organization"},"potentialAction":[{"@type":"SearchAction","target":{"@type":"EntryPoint","urlTemplate":"https:\/\/konro-grill.com\/?s={search_term_string}"},"query-input":{"@type":"PropertyValueSpecification","valueRequired":true,"valueName":"search_term_string"}}],"inLanguage":"fr-FR"},{"@type":"Organization","@id":"https:\/\/konro-grill.com\/#organization","name":"Konro Grill","url":"https:\/\/konro-grill.com\/","logo":{"@type":"ImageObject","inLanguage":"fr-FR","@id":"https:\/\/konro-grill.com\/#\/schema\/logo\/image\/","url":"https:\/\/konro-grill.com\/wp-content\/uploads\/2021\/10\/konro-grill-logo.png","contentUrl":"https:\/\/konro-grill.com\/wp-content\/uploads\/2021\/10\/konro-grill-logo.png","width":650,"height":80,"caption":"Konro Grill"},"image":{"@id":"https:\/\/konro-grill.com\/#\/schema\/logo\/image\/"},"sameAs":["https:\/\/facebook.com\/KonroGrillCom","https:\/\/www.instagram.com\/konrogrillcom\/"]}]}},"_links":{"self":[{"href":"https:\/\/konro-grill.com\/fr\/wp-json\/wp\/v2\/pages\/3878","targetHints":{"allow":["GET"]}}],"collection":[{"href":"https:\/\/konro-grill.com\/fr\/wp-json\/wp\/v2\/pages"}],"about":[{"href":"https:\/\/konro-grill.com\/fr\/wp-json\/wp\/v2\/types\/page"}],"author":[{"embeddable":true,"href":"https:\/\/konro-grill.com\/fr\/wp-json\/wp\/v2\/users\/1"}],"replies":[{"embeddable":true,"href":"https:\/\/konro-grill.com\/fr\/wp-json\/wp\/v2\/comments?post=3878"}],"version-history":[{"count":4,"href":"https:\/\/konro-grill.com\/fr\/wp-json\/wp\/v2\/pages\/3878\/revisions"}],"predecessor-version":[{"id":3883,"href":"https:\/\/konro-grill.com\/fr\/wp-json\/wp\/v2\/pages\/3878\/revisions\/3883"}],"wp:featuredmedia":[{"embeddable":true,"href":"https:\/\/konro-grill.com\/fr\/wp-json\/wp\/v2\/media\/3880"}],"wp:attachment":[{"href":"https:\/\/konro-grill.com\/fr\/wp-json\/wp\/v2\/media?parent=3878"}],"curies":[{"name":"wp","href":"https:\/\/api.w.org\/{rel}","templated":true}]}}