{"id":10009,"date":"2025-10-02T11:30:12","date_gmt":"2025-10-02T09:30:12","guid":{"rendered":"https:\/\/konro-grill.com\/?post_type=product&#038;p=10009"},"modified":"2026-04-22T10:28:06","modified_gmt":"2026-04-22T08:28:06","slug":"yakiniku-shichirin-medium-pro","status":"publish","type":"product","link":"https:\/\/konro-grill.com\/fr\/produit\/yakiniku-shichirin-medium-pro\/","title":{"rendered":"YAKINIKU Shichirin Medium PRO"},"content":{"rendered":"<div class=\"wpb-content-wrapper\"><div class=\"vc_row wpb_row vc_row-fluid wpex-relative\"><div class=\"wpb_column vc_column_container vc_col-sm-12\"><div class=\"vc_column-inner\"><div class=\"wpb_wrapper\">\n\t<div class=\"wpb_text_column wpb_content_element\" >\n\t\t<div class=\"wpb_wrapper\">\n\t\t\t<h3>Le tout dernier gril japonais de YAKINIKU, le Shichirin Medium PRO.<\/h3>\n<p>Le Shichirin PRO rectangulaire est une interpr\u00e9tation moderne du gril japonais traditionnel. Avec son design \u00e9pur\u00e9, sa construction robuste et sa finition raffin\u00e9e, il respire l'artisanat et l'\u00e9l\u00e9gance. Les d\u00e9tails astucieux assurent une facilit\u00e9 d'utilisation optimale et des performances impressionnantes, ce qui fait que ce gril excelle \u00e0 la fois dans le style et la fonctionnalit\u00e9. La conception \u00e0 double paroi assure une circulation optimale de l'air, ce qui signifie que tu peux atteindre sans effort des temp\u00e9ratures \u00e9lev\u00e9es et pr\u00e9parer des plats avec encore plus de finesse et de pr\u00e9cision. Le bac \u00e0 cendres amovible facilite le nettoyage et la c\u00e9ramique durable en deux parties \u00e9vite la casse et facilite les \u00e9ventuelles r\u00e9parations.<\/p>\n<h3><\/h3>\n<h3>Flux d'air optimal pour une temp\u00e9rature de combustion constante<\/h3>\n<p>Le Pro Shichirin se distingue par un flux d'air am\u00e9lior\u00e9 qui assure une temp\u00e9rature de cuisson \u00e0 la fois constante et \u00e9lev\u00e9e, un \u00e9l\u00e9ment essentiel pour une cuisson pr\u00e9cise et une saveur BBQ authentique.<br \/>\n- Alimentation \u00e9gale en oxyg\u00e8ne : l'alimentation en air est r\u00e9partie de fa\u00e7on strat\u00e9gique, ce qui permet de maintenir la chaleur stable et de cuire les plats de fa\u00e7on \u00e9gale partout. Ce flux d'air r\u00e9gulier \u00e9vite les points chauds et assure une temp\u00e9rature uniforme.<br \/>\n- Am\u00e9lioration de l'apport en oxyg\u00e8ne gr\u00e2ce \u00e0 sa conception \u00e0 double paroi : Gr\u00e2ce \u00e0 sa conception \u00e0 double paroi, le Shichirin b\u00e9n\u00e9ficie d'un apport en oxyg\u00e8ne accru et constant. Cette construction permet de maintenir plus facilement des temp\u00e9ratures \u00e9lev\u00e9es, m\u00eame pendant les longues s\u00e9ances de barbecue.<br \/>\n- Moins de cendres volantes : L'alimentation en air a \u00e9t\u00e9 am\u00e9lior\u00e9e de sorte qu'il n'est plus n\u00e9cessaire de souffler et de souffler manuellement, ce qui emp\u00eache les cendres de voler autour et garantit un environnement plus propre et plus s\u00fbr pour le barbecue.<\/p>\n<h3><\/h3>\n<h3>Syst\u00e8me avanc\u00e9 de circulation de l'air<\/h3>\n<p>Version am\u00e9lior\u00e9e du Shichirin classique, le YAKINIKU Shichirin Pro se distingue par son design de haute qualit\u00e9 et ses fonctionnalit\u00e9s intelligentes. Gr\u00e2ce \u00e0 son syst\u00e8me avanc\u00e9 de circulation de l'air, le Shichirin conserve sa chaleur plus longtemps, ce qui permet \u00e9galement au charbon de bois Binchotan de br\u00fbler nettement plus longtemps.<\/p>\n<h3><\/h3>\n<h3>Cendrier amovible pour un entretien facile<\/h3>\n<p>Contrairement \u00e0 de nombreux grils traditionnels, ce Shichirin ne n\u00e9cessite pas que tu retournes tout l'appareil pour enlever les cendres. Le bac \u00e0 cendres est facilement amovible et se vide en un clin d'\u0153il - sympa et pratique !<\/p>\n<h3><\/h3>\n<h3>Conception durable de la c\u00e9ramique en deux parties<\/h3>\n<p>La conception en c\u00e9ramique du Shichirin Pro se compose de deux parties, ce qui assure une r\u00e9partition optimale de la chaleur et moins de contraintes dans le mat\u00e9riau. Cela permet d'\u00e9viter les ruptures et le gril conserve sa stabilit\u00e9 m\u00eame \u00e0 des temp\u00e9ratures \u00e9lev\u00e9es.<\/p>\n<h3><\/h3>\n<h3>Un design unique : moderne dans le respect de la tradition<\/h3>\n<p>Ce Shichirin allie des lignes modernes et \u00e9pur\u00e9es \u00e0 un hommage \u00e0 la tradition ancestrale des grillades japonaises. La conception robuste et les d\u00e9tails subtils respirent la classe et l'artisanat, ce qui rend le gril non seulement fonctionnel mais aussi attrayant !<\/p>\n<p>Note que le YAKINIKU Shichirin Medium n'est pas un gril japonais original, ce gril konro est fabriqu\u00e9 en Chine. La qualit\u00e9 est bonne pour un usage domestique, nous ne recommandons pas d'utiliser ce gril de mani\u00e8re professionnelle.<\/p>\n<p>Voir tous <a href=\"https:\/\/konro-grill.com\/fr\/accessoires-yakiniku-shichirin\/\">Accessoires Yakiniku Shichrin<\/a>.<\/p>\n\n\t\t<\/div>\n\t<\/div>\n<div class=\"vcex-spacing wpex-w-100 wpex-clear\" style=\"height:32px;\"><\/div><div class=\"templatera_shortcode\"><style type=\"text\/css\" data-type=\"vc_shortcodes-custom-css\">.vc_custom_1657802039208{margin-bottom: 0px !important;}<\/style><div class=\"vc_row wpb_row vc_row-fluid geschikt-voor-row-alt wpex-relative\"><div class=\"wpb_column vc_column_container vc_col-sm-12\"><div class=\"vc_column-inner vc_custom_1657802039208\"><div class=\"wpb_wrapper\">\n\t<div class=\"wpb_text_column wpb_content_element left\" >\n\t\t<div class=\"wpb_wrapper\">\n\t\t\t<h2 style=\"text-align: center;\">Voici ce que tu peux faire avec le gril Konro<\/h2>\n\n\t\t<\/div>\n\t<\/div>\n<div class=\"vc_row wpb_row vc_inner vc_row-fluid wpex-relative\"><div class=\"wpb_column vc_column_container vc_col-sm-4\"><div class=\"vc_column-inner\"><div class=\"wpb_wrapper\">\n\t<div  class=\"wpb_single_image wpb_content_element vc_align_center wpb_content_element  icon\">\n\t\t\n\t\t<figure class=\"wpb_wrapper vc_figure\">\n\t\t\t<div class=\"vc_single_image-wrapper   vc_box_border_grey\"><img width=\"1\" height=\"1\" src=\"https:\/\/konro-grill.com\/wp-content\/uploads\/2020\/11\/vlees.svg\" class=\"vc_single_image-img attachment-full\" alt=\"\" title=\"viande\" \/><\/div>\n\t\t<\/figure>\n\t<\/div>\n\n\t<div class=\"wpb_text_column wpb_content_element textcenter\" >\n\t\t<div class=\"wpb_wrapper\">\n\t\t\t<h3>Volaille et viande<\/h3>\n<p>Grillez du poulet fa\u00e7on yakitori et saisissez des tranches fines et tendres de Wagyu !<\/p>\n\n\t\t<\/div>\n\t<\/div>\n<\/div><\/div><\/div><div class=\"wpb_column vc_column_container vc_col-sm-4\"><div class=\"vc_column-inner\"><div class=\"wpb_wrapper\">\n\t<div  class=\"wpb_single_image wpb_content_element vc_align_center wpb_content_element  icon\">\n\t\t\n\t\t<figure class=\"wpb_wrapper vc_figure\">\n\t\t\t<div class=\"vc_single_image-wrapper   vc_box_border_grey\"><img width=\"1\" height=\"1\" src=\"https:\/\/konro-grill.com\/wp-content\/uploads\/2020\/11\/vis.svg\" class=\"vc_single_image-img attachment-full\" alt=\"\" title=\"poisson\" \/><\/div>\n\t\t<\/figure>\n\t<\/div>\n\n\t<div class=\"wpb_text_column wpb_content_element textcenter\" >\n\t\t<div class=\"wpb_wrapper\">\n\t\t\t<h3>Poissons et crustac\u00e9s<\/h3>\n<p>Griller directement les crustac\u00e9s ou le poisson. C'est d\u00e9licieux ! Go\u00fbtez aux saveurs pures !<\/p>\n\n\t\t<\/div>\n\t<\/div>\n<\/div><\/div><\/div><div class=\"wpb_column vc_column_container vc_col-sm-4\"><div class=\"vc_column-inner\"><div class=\"wpb_wrapper\">\n\t<div  class=\"wpb_single_image wpb_content_element vc_align_center wpb_content_element  icon\">\n\t\t\n\t\t<figure class=\"wpb_wrapper vc_figure\">\n\t\t\t<div class=\"vc_single_image-wrapper   vc_box_border_grey\"><img width=\"1\" height=\"1\" src=\"https:\/\/konro-grill.com\/wp-content\/uploads\/2020\/11\/groente.svg\" class=\"vc_single_image-img attachment-full\" alt=\"\" title=\"l\u00e9gume\" \/><\/div>\n\t\t<\/figure>\n\t<\/div>\n\n\t<div class=\"wpb_text_column wpb_content_element textcenter\" >\n\t\t<div class=\"wpb_wrapper\">\n\t\t\t<h3>Fruits et l\u00e9gumes<\/h3>\n<p>Grillez des l\u00e9gumes ou m\u00eame des fruits. Laquez-le et laissez-vous surprendre par son go\u00fbt !<\/p>\n\n\t\t<\/div>\n\t<\/div>\n<\/div><\/div><\/div><\/div><\/div><\/div><\/div><\/div><\/div><\/div><\/div><\/div><\/div>\n<\/div>","protected":false},"excerpt":{"rendered":"<h2>Le YAKINIKU Shichirin Medium PRO, nouveau mod\u00e8le professionnel.<\/h2>\n<p>Le YAKINIKU Shichirin Medium PRO est le dernier n\u00e9 de la gamme. <strong>Style japonais<\/strong> gril de table de YAKINIKU. Ce mod\u00e8le a une meilleure circulation de l'air, est plus facile \u00e0 nettoyer et poss\u00e8de une double paroi pour un meilleur contr\u00f4le de la temp\u00e9rature. <span style=\"background-color: var(--wpex-surface-1);\">Ce Shichirin rectangulaire est fabriqu\u00e9 en Chine \u00e0 partir d'un m\u00e9lange de quartz et de cordi\u00e9rite. <strong>surface de grillade de 39 x 21 cm<\/strong>. Ce Shichirin est <strong>pour 2 \u00e0 6 personnes<\/strong>p\u00e8se <strong>12 kg<\/strong> et un<strong> plate-forme de table en bois<\/strong> inclus.<\/span><\/p>","protected":false},"featured_media":10010,"template":"","meta":{"inline_featured_image":false},"product_brand":[],"product_cat":[20,425],"product_tag":[],"class_list":{"0":"post-10009","1":"product","2":"type-product","3":"status-publish","4":"has-post-thumbnail","6":"product_cat-konro-grills","7":"product_cat-yakiniku-grill","8":"entry","9":"has-media","11":"first","12":"instock","13":"sale","14":"taxable","15":"shipping-taxable","16":"purchasable","17":"product-type-simple"},"bundled_by":[],"bundle_stock_status":"instock","bundle_stock_quantity":9,"bundle_virtual":false,"bundle_layout":"","bundle_add_to_cart_form_location":"","bundle_editable_in_cart":false,"bundle_sold_individually_context":"","bundle_item_grouping":"","bundle_min_size":"","bundle_max_size":"","bundle_price":[],"bundled_items":[],"bundle_sell_ids":[3912,3195,8960,9007,3203,3209,3206,915,2519,9989],"yoast_head":"<!-- This site is optimized with the Yoast SEO plugin v27.4 - https:\/\/yoast.com\/product\/yoast-seo-wordpress\/ -->\n<title>YAKINIKU Shichirin Medium PRO, bestel hem bij Konro Grill.<\/title>\n<meta name=\"description\" content=\"De YAKINIKU Shichirin PRO is de verbeterde versie van de klassieke Shichirin. Bestel hem bij de Grootste Japanse BBQ Specialist van Europa: Konro Grill.\" \/>\n<meta name=\"robots\" content=\"index, follow, max-snippet:-1, max-image-preview:large, max-video-preview:-1\" \/>\n<link rel=\"canonical\" href=\"https:\/\/konro-grill.com\/fr\/produit\/yakiniku-shichirin-medium-pro\/\" \/>\n<meta property=\"og:locale\" content=\"fr_FR\" \/>\n<meta property=\"og:type\" content=\"article\" \/>\n<meta property=\"og:title\" content=\"YAKINIKU Shichirin Medium PRO, bestel hem bij Konro Grill.\" \/>\n<meta property=\"og:description\" content=\"De YAKINIKU Shichirin PRO is de verbeterde versie van de klassieke Shichirin. Bestel hem bij de Grootste Japanse BBQ Specialist van Europa: Konro Grill.\" \/>\n<meta property=\"og:url\" content=\"https:\/\/konro-grill.com\/fr\/produit\/yakiniku-shichirin-medium-pro\/\" \/>\n<meta property=\"og:site_name\" content=\"Konro Grill, de grootste Japanse BBQ specialist\" \/>\n<meta property=\"article:publisher\" content=\"https:\/\/facebook.com\/KonroGrillCom\" \/>\n<meta property=\"article:modified_time\" content=\"2026-04-22T08:28:06+00:00\" \/>\n<meta property=\"og:image\" content=\"https:\/\/konro-grill.com\/wp-content\/uploads\/2025\/10\/YAKINIKU-SHICHIRIN-MEDIUM-PRO-01.jpg\" \/>\n\t<meta property=\"og:image:width\" content=\"800\" \/>\n\t<meta property=\"og:image:height\" content=\"800\" \/>\n\t<meta property=\"og:image:type\" content=\"image\/jpeg\" \/>\n<meta name=\"twitter:card\" content=\"summary_large_image\" \/>\n<meta name=\"twitter:label1\" content=\"Dur\u00e9e de lecture estim\u00e9e\" \/>\n\t<meta name=\"twitter:data1\" content=\"3 minutes\" \/>\n<script type=\"application\/ld+json\" class=\"yoast-schema-graph\">{\"@context\":\"https:\\\/\\\/schema.org\",\"@graph\":[{\"@type\":\"WebPage\",\"@id\":\"https:\\\/\\\/konro-grill.com\\\/product\\\/yakiniku-shichirin-medium-pro\\\/\",\"url\":\"https:\\\/\\\/konro-grill.com\\\/product\\\/yakiniku-shichirin-medium-pro\\\/\",\"name\":\"YAKINIKU Shichirin Medium PRO, bestel hem bij Konro Grill.\",\"isPartOf\":{\"@id\":\"https:\\\/\\\/konro-grill.com\\\/#website\"},\"primaryImageOfPage\":{\"@id\":\"https:\\\/\\\/konro-grill.com\\\/product\\\/yakiniku-shichirin-medium-pro\\\/#primaryimage\"},\"image\":{\"@id\":\"https:\\\/\\\/konro-grill.com\\\/product\\\/yakiniku-shichirin-medium-pro\\\/#primaryimage\"},\"thumbnailUrl\":\"https:\\\/\\\/konro-grill.com\\\/wp-content\\\/uploads\\\/2025\\\/10\\\/YAKINIKU-SHICHIRIN-MEDIUM-PRO-01.jpg\",\"datePublished\":\"2025-10-02T09:30:12+00:00\",\"dateModified\":\"2026-04-22T08:28:06+00:00\",\"description\":\"De YAKINIKU Shichirin PRO is de verbeterde versie van de klassieke Shichirin. Bestel hem bij de Grootste Japanse BBQ Specialist van Europa: Konro Grill.\",\"breadcrumb\":{\"@id\":\"https:\\\/\\\/konro-grill.com\\\/product\\\/yakiniku-shichirin-medium-pro\\\/#breadcrumb\"},\"inLanguage\":\"fr-FR\",\"potentialAction\":[{\"@type\":\"ReadAction\",\"target\":[\"https:\\\/\\\/konro-grill.com\\\/product\\\/yakiniku-shichirin-medium-pro\\\/\"]}]},{\"@type\":\"ImageObject\",\"inLanguage\":\"fr-FR\",\"@id\":\"https:\\\/\\\/konro-grill.com\\\/product\\\/yakiniku-shichirin-medium-pro\\\/#primaryimage\",\"url\":\"https:\\\/\\\/konro-grill.com\\\/wp-content\\\/uploads\\\/2025\\\/10\\\/YAKINIKU-SHICHIRIN-MEDIUM-PRO-01.jpg\",\"contentUrl\":\"https:\\\/\\\/konro-grill.com\\\/wp-content\\\/uploads\\\/2025\\\/10\\\/YAKINIKU-SHICHIRIN-MEDIUM-PRO-01.jpg\",\"width\":800,\"height\":800,\"caption\":\"YAKINIKU Shichirin Medium PRO\"},{\"@type\":\"BreadcrumbList\",\"@id\":\"https:\\\/\\\/konro-grill.com\\\/product\\\/yakiniku-shichirin-medium-pro\\\/#breadcrumb\",\"itemListElement\":[{\"@type\":\"ListItem\",\"position\":1,\"name\":\"Home\",\"item\":\"https:\\\/\\\/konro-grill.com\\\/\"},{\"@type\":\"ListItem\",\"position\":2,\"name\":\"Winkel\",\"item\":\"https:\\\/\\\/konro-grill.com\\\/winkel\\\/\"},{\"@type\":\"ListItem\",\"position\":3,\"name\":\"YAKINIKU Shichirin Medium PRO\"}]},{\"@type\":\"WebSite\",\"@id\":\"https:\\\/\\\/konro-grill.com\\\/#website\",\"url\":\"https:\\\/\\\/konro-grill.com\\\/\",\"name\":\"Konro Grill\",\"description\":\"Konro Grill, de Grootste Japanse BBQ Specialist\",\"publisher\":{\"@id\":\"https:\\\/\\\/konro-grill.com\\\/#organization\"},\"potentialAction\":[{\"@type\":\"SearchAction\",\"target\":{\"@type\":\"EntryPoint\",\"urlTemplate\":\"https:\\\/\\\/konro-grill.com\\\/?s={search_term_string}\"},\"query-input\":{\"@type\":\"PropertyValueSpecification\",\"valueRequired\":true,\"valueName\":\"search_term_string\"}}],\"inLanguage\":\"fr-FR\"},{\"@type\":\"Organization\",\"@id\":\"https:\\\/\\\/konro-grill.com\\\/#organization\",\"name\":\"Konro Grill\",\"url\":\"https:\\\/\\\/konro-grill.com\\\/\",\"logo\":{\"@type\":\"ImageObject\",\"inLanguage\":\"fr-FR\",\"@id\":\"https:\\\/\\\/konro-grill.com\\\/#\\\/schema\\\/logo\\\/image\\\/\",\"url\":\"https:\\\/\\\/konro-grill.com\\\/wp-content\\\/uploads\\\/2021\\\/10\\\/konro-grill-logo.png\",\"contentUrl\":\"https:\\\/\\\/konro-grill.com\\\/wp-content\\\/uploads\\\/2021\\\/10\\\/konro-grill-logo.png\",\"width\":650,\"height\":80,\"caption\":\"Konro Grill\"},\"image\":{\"@id\":\"https:\\\/\\\/konro-grill.com\\\/#\\\/schema\\\/logo\\\/image\\\/\"},\"sameAs\":[\"https:\\\/\\\/facebook.com\\\/KonroGrillCom\",\"https:\\\/\\\/www.instagram.com\\\/konrogrillcom\\\/\"]}]}<\/script>\n<!-- \/ Yoast SEO plugin. -->","yoast_head_json":{"title":"YAKINIKU Shichirin Medium PRO, \u00e0 commander aupr\u00e8s de Konro Grill.","description":"Le YAKINIKU Shichirin PRO est la version am\u00e9lior\u00e9e du Shichirin classique. Commande-le aupr\u00e8s du plus grand sp\u00e9cialiste europ\u00e9en des barbecues japonais : Konro Grill.","robots":{"index":"index","follow":"follow","max-snippet":"max-snippet:-1","max-image-preview":"max-image-preview:large","max-video-preview":"max-video-preview:-1"},"canonical":"https:\/\/konro-grill.com\/fr\/produit\/yakiniku-shichirin-medium-pro\/","og_locale":"fr_FR","og_type":"article","og_title":"YAKINIKU Shichirin Medium PRO, bestel hem bij Konro Grill.","og_description":"De YAKINIKU Shichirin PRO is de verbeterde versie van de klassieke Shichirin. Bestel hem bij de Grootste Japanse BBQ Specialist van Europa: Konro Grill.","og_url":"https:\/\/konro-grill.com\/fr\/produit\/yakiniku-shichirin-medium-pro\/","og_site_name":"Konro Grill, de grootste Japanse BBQ specialist","article_publisher":"https:\/\/facebook.com\/KonroGrillCom","article_modified_time":"2026-04-22T08:28:06+00:00","og_image":[{"width":800,"height":800,"url":"https:\/\/konro-grill.com\/wp-content\/uploads\/2025\/10\/YAKINIKU-SHICHIRIN-MEDIUM-PRO-01.jpg","type":"image\/jpeg"}],"twitter_card":"summary_large_image","twitter_misc":{"Dur\u00e9e de lecture estim\u00e9e":"3 minutes"},"schema":{"@context":"https:\/\/schema.org","@graph":[{"@type":"WebPage","@id":"https:\/\/konro-grill.com\/product\/yakiniku-shichirin-medium-pro\/","url":"https:\/\/konro-grill.com\/product\/yakiniku-shichirin-medium-pro\/","name":"YAKINIKU Shichirin Medium PRO, \u00e0 commander aupr\u00e8s de Konro Grill.","isPartOf":{"@id":"https:\/\/konro-grill.com\/#website"},"primaryImageOfPage":{"@id":"https:\/\/konro-grill.com\/product\/yakiniku-shichirin-medium-pro\/#primaryimage"},"image":{"@id":"https:\/\/konro-grill.com\/product\/yakiniku-shichirin-medium-pro\/#primaryimage"},"thumbnailUrl":"https:\/\/konro-grill.com\/wp-content\/uploads\/2025\/10\/YAKINIKU-SHICHIRIN-MEDIUM-PRO-01.jpg","datePublished":"2025-10-02T09:30:12+00:00","dateModified":"2026-04-22T08:28:06+00:00","description":"Le YAKINIKU Shichirin PRO est la version am\u00e9lior\u00e9e du Shichirin classique. Commande-le aupr\u00e8s du plus grand sp\u00e9cialiste europ\u00e9en des barbecues japonais : Konro Grill.","breadcrumb":{"@id":"https:\/\/konro-grill.com\/product\/yakiniku-shichirin-medium-pro\/#breadcrumb"},"inLanguage":"fr-FR","potentialAction":[{"@type":"ReadAction","target":["https:\/\/konro-grill.com\/product\/yakiniku-shichirin-medium-pro\/"]}]},{"@type":"ImageObject","inLanguage":"fr-FR","@id":"https:\/\/konro-grill.com\/product\/yakiniku-shichirin-medium-pro\/#primaryimage","url":"https:\/\/konro-grill.com\/wp-content\/uploads\/2025\/10\/YAKINIKU-SHICHIRIN-MEDIUM-PRO-01.jpg","contentUrl":"https:\/\/konro-grill.com\/wp-content\/uploads\/2025\/10\/YAKINIKU-SHICHIRIN-MEDIUM-PRO-01.jpg","width":800,"height":800,"caption":"YAKINIKU Shichirin Medium PRO"},{"@type":"BreadcrumbList","@id":"https:\/\/konro-grill.com\/product\/yakiniku-shichirin-medium-pro\/#breadcrumb","itemListElement":[{"@type":"ListItem","position":1,"name":"Home","item":"https:\/\/konro-grill.com\/"},{"@type":"ListItem","position":2,"name":"Winkel","item":"https:\/\/konro-grill.com\/winkel\/"},{"@type":"ListItem","position":3,"name":"YAKINIKU Shichirin Medium PRO"}]},{"@type":"WebSite","@id":"https:\/\/konro-grill.com\/#website","url":"https:\/\/konro-grill.com\/","name":"Konro Grill","description":"Konro Grill, le plus grand sp\u00e9cialiste du barbecue japonais","publisher":{"@id":"https:\/\/konro-grill.com\/#organization"},"potentialAction":[{"@type":"SearchAction","target":{"@type":"EntryPoint","urlTemplate":"https:\/\/konro-grill.com\/?s={search_term_string}"},"query-input":{"@type":"PropertyValueSpecification","valueRequired":true,"valueName":"search_term_string"}}],"inLanguage":"fr-FR"},{"@type":"Organization","@id":"https:\/\/konro-grill.com\/#organization","name":"Konro Grill","url":"https:\/\/konro-grill.com\/","logo":{"@type":"ImageObject","inLanguage":"fr-FR","@id":"https:\/\/konro-grill.com\/#\/schema\/logo\/image\/","url":"https:\/\/konro-grill.com\/wp-content\/uploads\/2021\/10\/konro-grill-logo.png","contentUrl":"https:\/\/konro-grill.com\/wp-content\/uploads\/2021\/10\/konro-grill-logo.png","width":650,"height":80,"caption":"Konro Grill"},"image":{"@id":"https:\/\/konro-grill.com\/#\/schema\/logo\/image\/"},"sameAs":["https:\/\/facebook.com\/KonroGrillCom","https:\/\/www.instagram.com\/konrogrillcom\/"]}]}},"df_price":379.05,"df_sale_price":379.05,"df_regular_price":399,"df_image_link":"https:\/\/konro-grill.com\/wp-content\/uploads\/2025\/10\/YAKINIKU-SHICHIRIN-MEDIUM-PRO-01-300x300.jpg","_links":{"self":[{"href":"https:\/\/konro-grill.com\/fr\/wp-json\/wp\/v2\/product\/10009","targetHints":{"allow":["GET"]}}],"collection":[{"href":"https:\/\/konro-grill.com\/fr\/wp-json\/wp\/v2\/product"}],"about":[{"href":"https:\/\/konro-grill.com\/fr\/wp-json\/wp\/v2\/types\/product"}],"wp:featuredmedia":[{"embeddable":true,"href":"https:\/\/konro-grill.com\/fr\/wp-json\/wp\/v2\/media\/10010"}],"wp:attachment":[{"href":"https:\/\/konro-grill.com\/fr\/wp-json\/wp\/v2\/media?parent=10009"}],"wp:term":[{"taxonomy":"product_brand","embeddable":true,"href":"https:\/\/konro-grill.com\/fr\/wp-json\/wp\/v2\/product_brand?post=10009"},{"taxonomy":"product_cat","embeddable":true,"href":"https:\/\/konro-grill.com\/fr\/wp-json\/wp\/v2\/product_cat?post=10009"},{"taxonomy":"product_tag","embeddable":true,"href":"https:\/\/konro-grill.com\/fr\/wp-json\/wp\/v2\/product_tag?post=10009"}],"curies":[{"name":"wp","href":"https:\/\/api.w.org\/{rel}","templated":true}]}}