{"id":10334,"date":"2025-11-12T13:07:15","date_gmt":"2025-11-12T12:07:15","guid":{"rendered":"https:\/\/konro-grill.com\/?post_type=product&#038;p=10334"},"modified":"2026-04-25T10:28:04","modified_gmt":"2026-04-25T08:28:04","slug":"accessoire-de-brochettes-kasai-epto-avec-6-brochettes","status":"publish","type":"product","link":"https:\/\/konro-grill.com\/fr\/produit\/accessoire-de-brochettes-kasai-epto-avec-6-brochettes\/","title":{"rendered":"Accessoires pour brochettes Kasai EPTO + 6 brochettes"},"content":{"rendered":"<h2>Mais qu'est-ce qui rend le support \u00e0 brochettes KASAI EPTO unique ?<\/h2>\n<p>La conception unique de verrouillage garantit qu'une fois ta brochette en place, tu peux commencer \u00e0 cuisiner imm\u00e9diatement et qu'aucun r\u00e9glage constant n'est n\u00e9cessaire.<\/p>\n<h3>Pourquoi cela fonctionne-t-il si bien ?<\/h3>\n<ul>\n<li><strong>Syst\u00e8me innovant d'embrochage et de verrouillage :<\/strong> L'accessoire inclus permet non seulement de maintenir la brochette \u00e0 l'angle parfait, mais aussi de la verrouiller en place, afin que tu puisses te concentrer sur la cuisson et non sur le r\u00e9ajustement.<\/li>\n<li><strong>R\u00e9partition uniforme de la chaleur<\/strong>La cuisson : en pla\u00e7ant les ingr\u00e9dients \u00e0 la verticale, elle se fait avec une chaleur douce et constante. Cela r\u00e9duit le risque de br\u00fblure et cr\u00e9e un \u00e9quilibre parfait entre la caram\u00e9lisation et le go\u00fbt fum\u00e9.<\/li>\n<li><strong>Meilleure r\u00e9tention de l'humidit\u00e9<\/strong>, En maintenant les ingr\u00e9dients \u00e0 un niveau \u00e9lev\u00e9, tu minimises la perte d'humidit\u00e9, ce qui permet \u00e0 la viande, au poisson et aux l\u00e9gumes de rester juteux, tendres et pleins de saveur.<\/li>\n<li><strong>Construction de haute qualit\u00e9<\/strong>, Les brochettes et l'accessoire sont en <strong>acier inoxydable de haute qualit\u00e9<\/strong> et sont durables, r\u00e9sistants \u00e0 la d\u00e9formation et \u00e0 l'exposition \u00e0 la chaleur \u00e9lev\u00e9e.<\/li>\n<li><strong>Efficacit\u00e9 \u00e9nerg\u00e9tique et d\u00e9bit d'air<\/strong>: la position sur\u00e9lev\u00e9e am\u00e9liore la circulation de l'air autour du gril, ce qui permet aux charbons de br\u00fbler plus efficacement et \u00e0 la chaleur de durer plus longtemps.<\/li>\n<li><strong>Id\u00e9al pour tous les ingr\u00e9dients<\/strong>, Que tu fasses griller des poissons d\u00e9licats, des steaks \u00e9pais ou des l\u00e9gumes frais, l'ensemble de brochettes EPTO les maintient fermement en place pour des r\u00e9sultats parfaits et sans effort.<\/li>\n<li><strong>Pr\u00e9sentation frappante<\/strong>, La pr\u00e9sentation de tes aliments au-dessus du feu n'est pas seulement une meilleure fa\u00e7on de cuisiner, c'est aussi un v\u00e9ritable chef-d'\u0153uvre pour toutes les occasions de grillades. C'est \u00e0 voir dans la cuisine ouverte !<\/li>\n<\/ul>\n<p><strong>Am\u00e9liore ton Kasai Grill avec l'ensemble de brochettes EPTO (paquet de 6) parce qu'une bonne grillade, c'est avant tout de la pr\u00e9cision, de la commodit\u00e9 et la possibilit\u00e9 de tirer le meilleur parti de chaque flamme.<\/strong><\/p>","protected":false},"excerpt":{"rendered":"<h2>KASAI EPTO Support de brochettes + brochettes<\/h2>\n<p>Voici l'ensemble de brochettes EPTO, une fa\u00e7on plus intelligente et plus efficace de faire des grillades. Fais passer ton exp\u00e9rience de grillade au niveau sup\u00e9rieur avec l'ensemble de brochettes EPTO, con\u00e7u pour maintenir ton poisson, ta viande et tes l\u00e9gumes en hauteur et de fa\u00e7on plus indirecte sur ton Kasai Grill. Chaque support est livr\u00e9 avec 6 brochettes. Le support est une fixation con\u00e7ue avec pr\u00e9cision qui s'adapte solidement au cadre de chaque Kasai Grill. Facile \u00e0 assembler et \u00e0 <strong>convient \u00e0 tous les mod\u00e8les Kasai<\/strong>. Continue \u00e0 lire en bas.<\/p>","protected":false},"featured_media":10346,"template":"","meta":{"inline_featured_image":false},"product_brand":[],"product_cat":[376,472,433,435,434,507,432,436],"product_tag":[],"class_list":{"0":"post-10334","1":"product","2":"type-product","3":"status-publish","4":"has-post-thumbnail","6":"product_cat-bbq-spiezen","7":"product_cat-kasai-accessoires","8":"product_cat-kasai-little","9":"product_cat-kasai-long","10":"product_cat-kasai-medium-long","11":"product_cat-kasai-medium-wide","12":"product_cat-kasai-nano","13":"product_cat-kasai-xl","14":"entry","15":"has-media","17":"first","18":"instock","19":"taxable","20":"shipping-taxable","21":"purchasable","22":"product-type-simple"},"bundled_by":[],"bundle_stock_status":"instock","bundle_stock_quantity":7,"bundle_virtual":false,"bundle_layout":"","bundle_add_to_cart_form_location":"","bundle_editable_in_cart":false,"bundle_sold_individually_context":"","bundle_item_grouping":"","bundle_min_size":"","bundle_max_size":"","bundle_price":[],"bundled_items":[],"bundle_sell_ids":[],"yoast_head":"<!-- This site is optimized with the Yoast SEO plugin v27.4 - https:\/\/yoast.com\/product\/yoast-seo-wordpress\/ -->\n<title>Kasai EPTO Spies Accessoire met 6 Spiesjes bij Konro Grill, de grootste Japanse BBQ specialist<\/title>\n<meta name=\"description\" content=\"Ontdek de Kasai EPTO Spies Accessoire met 6 spiesjes. Ideaal voor vlees, vis en groente op de BBQ. Duurzaam, handig en eenvoudig in gebruik.\" \/>\n<meta name=\"robots\" content=\"index, follow, max-snippet:-1, max-image-preview:large, max-video-preview:-1\" \/>\n<link rel=\"canonical\" href=\"https:\/\/konro-grill.com\/fr\/produit\/accessoire-de-brochettes-kasai-epto-avec-6-brochettes\/\" \/>\n<meta property=\"og:locale\" content=\"fr_FR\" \/>\n<meta property=\"og:type\" content=\"article\" \/>\n<meta property=\"og:title\" content=\"Kasai EPTO Spies Accessoire met 6 Spiesjes bij Konro Grill, de grootste Japanse BBQ specialist\" \/>\n<meta property=\"og:description\" content=\"Ontdek de Kasai EPTO Spies Accessoire met 6 spiesjes. Ideaal voor vlees, vis en groente op de BBQ. Duurzaam, handig en eenvoudig in gebruik.\" \/>\n<meta property=\"og:url\" content=\"https:\/\/konro-grill.com\/fr\/produit\/accessoire-de-brochettes-kasai-epto-avec-6-brochettes\/\" \/>\n<meta property=\"og:site_name\" content=\"Konro Grill, de grootste Japanse BBQ specialist\" \/>\n<meta property=\"article:publisher\" content=\"https:\/\/facebook.com\/KonroGrillCom\" \/>\n<meta property=\"article:modified_time\" content=\"2026-04-25T08:28:04+00:00\" \/>\n<meta property=\"og:image\" content=\"https:\/\/konro-grill.com\/wp-content\/uploads\/2025\/11\/EPTO-Spies-Accessoire-Met-6-Spiesjes.jpg\" \/>\n\t<meta property=\"og:image:width\" content=\"800\" \/>\n\t<meta property=\"og:image:height\" content=\"800\" \/>\n\t<meta property=\"og:image:type\" content=\"image\/jpeg\" \/>\n<meta name=\"twitter:card\" content=\"summary_large_image\" \/>\n<meta name=\"twitter:label1\" content=\"Dur\u00e9e de lecture estim\u00e9e\" \/>\n\t<meta name=\"twitter:data1\" content=\"2 minutes\" \/>\n<script type=\"application\/ld+json\" class=\"yoast-schema-graph\">{\"@context\":\"https:\\\/\\\/schema.org\",\"@graph\":[{\"@type\":\"WebPage\",\"@id\":\"https:\\\/\\\/konro-grill.com\\\/product\\\/kasai-epto-spies-accessoire-met-6-spiesjes\\\/\",\"url\":\"https:\\\/\\\/konro-grill.com\\\/product\\\/kasai-epto-spies-accessoire-met-6-spiesjes\\\/\",\"name\":\"Kasai EPTO Spies Accessoire met 6 Spiesjes bij Konro Grill, de grootste Japanse BBQ specialist\",\"isPartOf\":{\"@id\":\"https:\\\/\\\/konro-grill.com\\\/#website\"},\"primaryImageOfPage\":{\"@id\":\"https:\\\/\\\/konro-grill.com\\\/product\\\/kasai-epto-spies-accessoire-met-6-spiesjes\\\/#primaryimage\"},\"image\":{\"@id\":\"https:\\\/\\\/konro-grill.com\\\/product\\\/kasai-epto-spies-accessoire-met-6-spiesjes\\\/#primaryimage\"},\"thumbnailUrl\":\"https:\\\/\\\/konro-grill.com\\\/wp-content\\\/uploads\\\/2025\\\/11\\\/EPTO-Spies-Accessoire-Met-6-Spiesjes.jpg\",\"datePublished\":\"2025-11-12T12:07:15+00:00\",\"dateModified\":\"2026-04-25T08:28:04+00:00\",\"description\":\"Ontdek de Kasai EPTO Spies Accessoire met 6 spiesjes. Ideaal voor vlees, vis en groente op de BBQ. Duurzaam, handig en eenvoudig in gebruik.\",\"breadcrumb\":{\"@id\":\"https:\\\/\\\/konro-grill.com\\\/product\\\/kasai-epto-spies-accessoire-met-6-spiesjes\\\/#breadcrumb\"},\"inLanguage\":\"fr-FR\",\"potentialAction\":[{\"@type\":\"ReadAction\",\"target\":[\"https:\\\/\\\/konro-grill.com\\\/product\\\/kasai-epto-spies-accessoire-met-6-spiesjes\\\/\"]}]},{\"@type\":\"ImageObject\",\"inLanguage\":\"fr-FR\",\"@id\":\"https:\\\/\\\/konro-grill.com\\\/product\\\/kasai-epto-spies-accessoire-met-6-spiesjes\\\/#primaryimage\",\"url\":\"https:\\\/\\\/konro-grill.com\\\/wp-content\\\/uploads\\\/2025\\\/11\\\/EPTO-Spies-Accessoire-Met-6-Spiesjes.jpg\",\"contentUrl\":\"https:\\\/\\\/konro-grill.com\\\/wp-content\\\/uploads\\\/2025\\\/11\\\/EPTO-Spies-Accessoire-Met-6-Spiesjes.jpg\",\"width\":800,\"height\":800},{\"@type\":\"BreadcrumbList\",\"@id\":\"https:\\\/\\\/konro-grill.com\\\/product\\\/kasai-epto-spies-accessoire-met-6-spiesjes\\\/#breadcrumb\",\"itemListElement\":[{\"@type\":\"ListItem\",\"position\":1,\"name\":\"Home\",\"item\":\"https:\\\/\\\/konro-grill.com\\\/\"},{\"@type\":\"ListItem\",\"position\":2,\"name\":\"Winkel\",\"item\":\"https:\\\/\\\/konro-grill.com\\\/winkel\\\/\"},{\"@type\":\"ListItem\",\"position\":3,\"name\":\"Kasai EPTO Spies Accessoire + 6 Spiesen\"}]},{\"@type\":\"WebSite\",\"@id\":\"https:\\\/\\\/konro-grill.com\\\/#website\",\"url\":\"https:\\\/\\\/konro-grill.com\\\/\",\"name\":\"Konro Grill\",\"description\":\"Konro Grill, de Grootste Japanse BBQ Specialist\",\"publisher\":{\"@id\":\"https:\\\/\\\/konro-grill.com\\\/#organization\"},\"potentialAction\":[{\"@type\":\"SearchAction\",\"target\":{\"@type\":\"EntryPoint\",\"urlTemplate\":\"https:\\\/\\\/konro-grill.com\\\/?s={search_term_string}\"},\"query-input\":{\"@type\":\"PropertyValueSpecification\",\"valueRequired\":true,\"valueName\":\"search_term_string\"}}],\"inLanguage\":\"fr-FR\"},{\"@type\":\"Organization\",\"@id\":\"https:\\\/\\\/konro-grill.com\\\/#organization\",\"name\":\"Konro Grill\",\"url\":\"https:\\\/\\\/konro-grill.com\\\/\",\"logo\":{\"@type\":\"ImageObject\",\"inLanguage\":\"fr-FR\",\"@id\":\"https:\\\/\\\/konro-grill.com\\\/#\\\/schema\\\/logo\\\/image\\\/\",\"url\":\"https:\\\/\\\/konro-grill.com\\\/wp-content\\\/uploads\\\/2021\\\/10\\\/konro-grill-logo.png\",\"contentUrl\":\"https:\\\/\\\/konro-grill.com\\\/wp-content\\\/uploads\\\/2021\\\/10\\\/konro-grill-logo.png\",\"width\":650,\"height\":80,\"caption\":\"Konro Grill\"},\"image\":{\"@id\":\"https:\\\/\\\/konro-grill.com\\\/#\\\/schema\\\/logo\\\/image\\\/\"},\"sameAs\":[\"https:\\\/\\\/facebook.com\\\/KonroGrillCom\",\"https:\\\/\\\/www.instagram.com\\\/konrogrillcom\\\/\"]}]}<\/script>\n<!-- \/ Yoast SEO plugin. -->","yoast_head_json":{"title":"Kasai EPTO Skewer Accessory with 6 Skewers at Konro Grill, the largest Japanese BBQ specialist","description":"D\u00e9couvre l'accessoire Kasai EPTO Skewer avec ses 6 brochettes. Id\u00e9ales pour la viande, le poisson et les l\u00e9gumes sur le barbecue. Durable, pratique et facile \u00e0 utiliser.","robots":{"index":"index","follow":"follow","max-snippet":"max-snippet:-1","max-image-preview":"max-image-preview:large","max-video-preview":"max-video-preview:-1"},"canonical":"https:\/\/konro-grill.com\/fr\/produit\/accessoire-de-brochettes-kasai-epto-avec-6-brochettes\/","og_locale":"fr_FR","og_type":"article","og_title":"Kasai EPTO Spies Accessoire met 6 Spiesjes bij Konro Grill, de grootste Japanse BBQ specialist","og_description":"Ontdek de Kasai EPTO Spies Accessoire met 6 spiesjes. Ideaal voor vlees, vis en groente op de BBQ. Duurzaam, handig en eenvoudig in gebruik.","og_url":"https:\/\/konro-grill.com\/fr\/produit\/accessoire-de-brochettes-kasai-epto-avec-6-brochettes\/","og_site_name":"Konro Grill, de grootste Japanse BBQ specialist","article_publisher":"https:\/\/facebook.com\/KonroGrillCom","article_modified_time":"2026-04-25T08:28:04+00:00","og_image":[{"width":800,"height":800,"url":"https:\/\/konro-grill.com\/wp-content\/uploads\/2025\/11\/EPTO-Spies-Accessoire-Met-6-Spiesjes.jpg","type":"image\/jpeg"}],"twitter_card":"summary_large_image","twitter_misc":{"Dur\u00e9e de lecture estim\u00e9e":"2 minutes"},"schema":{"@context":"https:\/\/schema.org","@graph":[{"@type":"WebPage","@id":"https:\/\/konro-grill.com\/product\/kasai-epto-spies-accessoire-met-6-spiesjes\/","url":"https:\/\/konro-grill.com\/product\/kasai-epto-spies-accessoire-met-6-spiesjes\/","name":"Kasai EPTO Skewer Accessory with 6 Skewers at Konro Grill, the largest Japanese BBQ specialist","isPartOf":{"@id":"https:\/\/konro-grill.com\/#website"},"primaryImageOfPage":{"@id":"https:\/\/konro-grill.com\/product\/kasai-epto-spies-accessoire-met-6-spiesjes\/#primaryimage"},"image":{"@id":"https:\/\/konro-grill.com\/product\/kasai-epto-spies-accessoire-met-6-spiesjes\/#primaryimage"},"thumbnailUrl":"https:\/\/konro-grill.com\/wp-content\/uploads\/2025\/11\/EPTO-Spies-Accessoire-Met-6-Spiesjes.jpg","datePublished":"2025-11-12T12:07:15+00:00","dateModified":"2026-04-25T08:28:04+00:00","description":"D\u00e9couvre l'accessoire Kasai EPTO Skewer avec ses 6 brochettes. Id\u00e9ales pour la viande, le poisson et les l\u00e9gumes sur le barbecue. Durable, pratique et facile \u00e0 utiliser.","breadcrumb":{"@id":"https:\/\/konro-grill.com\/product\/kasai-epto-spies-accessoire-met-6-spiesjes\/#breadcrumb"},"inLanguage":"fr-FR","potentialAction":[{"@type":"ReadAction","target":["https:\/\/konro-grill.com\/product\/kasai-epto-spies-accessoire-met-6-spiesjes\/"]}]},{"@type":"ImageObject","inLanguage":"fr-FR","@id":"https:\/\/konro-grill.com\/product\/kasai-epto-spies-accessoire-met-6-spiesjes\/#primaryimage","url":"https:\/\/konro-grill.com\/wp-content\/uploads\/2025\/11\/EPTO-Spies-Accessoire-Met-6-Spiesjes.jpg","contentUrl":"https:\/\/konro-grill.com\/wp-content\/uploads\/2025\/11\/EPTO-Spies-Accessoire-Met-6-Spiesjes.jpg","width":800,"height":800},{"@type":"BreadcrumbList","@id":"https:\/\/konro-grill.com\/product\/kasai-epto-spies-accessoire-met-6-spiesjes\/#breadcrumb","itemListElement":[{"@type":"ListItem","position":1,"name":"Home","item":"https:\/\/konro-grill.com\/"},{"@type":"ListItem","position":2,"name":"Winkel","item":"https:\/\/konro-grill.com\/winkel\/"},{"@type":"ListItem","position":3,"name":"Kasai EPTO Spies Accessoire + 6 Spiesen"}]},{"@type":"WebSite","@id":"https:\/\/konro-grill.com\/#website","url":"https:\/\/konro-grill.com\/","name":"Konro Grill","description":"Konro Grill, le plus grand sp\u00e9cialiste du barbecue japonais","publisher":{"@id":"https:\/\/konro-grill.com\/#organization"},"potentialAction":[{"@type":"SearchAction","target":{"@type":"EntryPoint","urlTemplate":"https:\/\/konro-grill.com\/?s={search_term_string}"},"query-input":{"@type":"PropertyValueSpecification","valueRequired":true,"valueName":"search_term_string"}}],"inLanguage":"fr-FR"},{"@type":"Organization","@id":"https:\/\/konro-grill.com\/#organization","name":"Konro Grill","url":"https:\/\/konro-grill.com\/","logo":{"@type":"ImageObject","inLanguage":"fr-FR","@id":"https:\/\/konro-grill.com\/#\/schema\/logo\/image\/","url":"https:\/\/konro-grill.com\/wp-content\/uploads\/2021\/10\/konro-grill-logo.png","contentUrl":"https:\/\/konro-grill.com\/wp-content\/uploads\/2021\/10\/konro-grill-logo.png","width":650,"height":80,"caption":"Konro Grill"},"image":{"@id":"https:\/\/konro-grill.com\/#\/schema\/logo\/image\/"},"sameAs":["https:\/\/facebook.com\/KonroGrillCom","https:\/\/www.instagram.com\/konrogrillcom\/"]}]}},"df_price":85,"df_sale_price":"","df_regular_price":85,"df_image_link":"https:\/\/konro-grill.com\/wp-content\/uploads\/2025\/11\/EPTO-Spies-Accessoire-Met-6-Spiesjes-300x300.jpg","_links":{"self":[{"href":"https:\/\/konro-grill.com\/fr\/wp-json\/wp\/v2\/product\/10334","targetHints":{"allow":["GET"]}}],"collection":[{"href":"https:\/\/konro-grill.com\/fr\/wp-json\/wp\/v2\/product"}],"about":[{"href":"https:\/\/konro-grill.com\/fr\/wp-json\/wp\/v2\/types\/product"}],"wp:featuredmedia":[{"embeddable":true,"href":"https:\/\/konro-grill.com\/fr\/wp-json\/wp\/v2\/media\/10346"}],"wp:attachment":[{"href":"https:\/\/konro-grill.com\/fr\/wp-json\/wp\/v2\/media?parent=10334"}],"wp:term":[{"taxonomy":"product_brand","embeddable":true,"href":"https:\/\/konro-grill.com\/fr\/wp-json\/wp\/v2\/product_brand?post=10334"},{"taxonomy":"product_cat","embeddable":true,"href":"https:\/\/konro-grill.com\/fr\/wp-json\/wp\/v2\/product_cat?post=10334"},{"taxonomy":"product_tag","embeddable":true,"href":"https:\/\/konro-grill.com\/fr\/wp-json\/wp\/v2\/product_tag?post=10334"}],"curies":[{"name":"wp","href":"https:\/\/api.w.org\/{rel}","templated":true}]}}