{"id":10337,"date":"2025-11-12T13:07:15","date_gmt":"2025-11-12T12:07:15","guid":{"rendered":"https:\/\/konro-grill.com\/?post_type=product&#038;p=10337"},"modified":"2026-04-25T10:28:04","modified_gmt":"2026-04-25T08:28:04","slug":"kasai-little-hibachi-bar-skewer-set","status":"publish","type":"product","link":"https:\/\/konro-grill.com\/fr\/produit\/kasai-little-hibachi-bar-skewer-set\/","title":{"rendered":"Kasai Little Hibachi Bar &amp; Skewer Set"},"content":{"rendered":"<ul>\n<li>Ensemble complet : barres Hibachi et 6 brochettes parfaitement adapt\u00e9es.<\/li>\n<li>Cuisson authentique de type yakitori : id\u00e9al pour les brochettes, les kebabs, les satay et les petits morceaux de viande.<\/li>\n<li>Sp\u00e9cialement con\u00e7u pour les grils Kasai, stable, s\u00fbr et facile \u00e0 utiliser.<\/li>\n<li>Emp\u00eache la perte d'aliments, les petits objets ne tombent plus \u00e0 travers les grilles.<\/li>\n<li>Qualit\u00e9 professionnelle, en acier inoxydable durable pour une longue dur\u00e9e de vie.<\/li>\n<li>Facile \u00e0 nettoyer, r\u00e9utilisable, lavable au lave-vaisselle et fait pour un usage quotidien.<\/li>\n<li>Little Hibachi Barset Dimensions : 384 x 85 x 12 mm<\/li>\n<li>Taille de la brochette individuelle : 220 x 15 mm<\/li>\n<li>6 brochettes incluses.<\/li>\n<li>Kasai Grill Little non inclus.<\/li>\n<\/ul>","protected":false},"excerpt":{"rendered":"<h2>Kasai Little Hibachi Bar &amp; Skewer Set<\/h2>\n<p>Cet ensemble robuste de barres \u00e0 yakitori en acier inoxydable s'adapte parfaitement \u00e0 ton Kasai Little et forme une plateforme stable pour les 6 brochettes incluses. Ensemble de haute qualit\u00e9, adapt\u00e9 \u00e0 une utilisation professionnelle. L'ensemble barre et brochettes Kasai Nano Hibachi assure une cuisson uniforme et permet de pr\u00e9parer en toute simplicit\u00e9 des brochettes d\u00e9licates avec de la viande, des fruits de mer ou des l\u00e9gumes.<\/p>","protected":false},"featured_media":10366,"template":"","meta":{"inline_featured_image":false},"product_brand":[],"product_cat":[472,433],"product_tag":[],"class_list":{"0":"post-10337","1":"product","2":"type-product","3":"status-publish","4":"has-post-thumbnail","6":"product_cat-kasai-accessoires","7":"product_cat-kasai-little","8":"entry","9":"has-media","11":"first","12":"instock","13":"taxable","14":"shipping-taxable","15":"purchasable","16":"product-type-simple"},"bundled_by":[],"bundle_stock_status":"instock","bundle_stock_quantity":2,"bundle_virtual":false,"bundle_layout":"","bundle_add_to_cart_form_location":"","bundle_editable_in_cart":false,"bundle_sold_individually_context":"","bundle_item_grouping":"","bundle_min_size":"","bundle_max_size":"","bundle_price":[],"bundled_items":[],"bundle_sell_ids":[],"yoast_head":"<!-- This site is optimized with the Yoast SEO plugin v27.4 - https:\/\/yoast.com\/product\/yoast-seo-wordpress\/ -->\n<title>Kasai Little Hibachi Bar &amp; Spiesenset bij Konro Grill<\/title>\n<meta name=\"description\" content=\"De Kasai Little Hibachi Bar &amp; Spiesenset authentiek koken in yakitori stijl. Yakiltori bar inclusief 6 spiesen. Bestel bij de Japanse BBQ specialist.\" \/>\n<meta name=\"robots\" content=\"index, follow, max-snippet:-1, max-image-preview:large, max-video-preview:-1\" \/>\n<link rel=\"canonical\" href=\"https:\/\/konro-grill.com\/fr\/produit\/kasai-little-hibachi-bar-skewer-set\/\" \/>\n<meta property=\"og:locale\" content=\"fr_FR\" \/>\n<meta property=\"og:type\" content=\"article\" \/>\n<meta property=\"og:title\" content=\"Kasai Little Hibachi Bar &amp; Spiesenset bij Konro Grill\" \/>\n<meta property=\"og:description\" content=\"De Kasai Little Hibachi Bar &amp; Spiesenset authentiek koken in yakitori stijl. Yakiltori bar inclusief 6 spiesen. Bestel bij de Japanse BBQ specialist.\" \/>\n<meta property=\"og:url\" content=\"https:\/\/konro-grill.com\/fr\/produit\/kasai-little-hibachi-bar-skewer-set\/\" \/>\n<meta property=\"og:site_name\" content=\"Konro Grill, de grootste Japanse BBQ specialist\" \/>\n<meta property=\"article:publisher\" content=\"https:\/\/facebook.com\/KonroGrillCom\" \/>\n<meta property=\"article:modified_time\" content=\"2026-04-25T08:28:04+00:00\" \/>\n<meta property=\"og:image\" content=\"https:\/\/konro-grill.com\/wp-content\/uploads\/2025\/11\/Little-Kasai-Hibachi-Bar-Spiesenset.jpg\" \/>\n\t<meta property=\"og:image:width\" content=\"800\" \/>\n\t<meta property=\"og:image:height\" content=\"800\" \/>\n\t<meta property=\"og:image:type\" content=\"image\/jpeg\" \/>\n<meta name=\"twitter:card\" content=\"summary_large_image\" \/>\n<meta name=\"twitter:label1\" content=\"Dur\u00e9e de lecture estim\u00e9e\" \/>\n\t<meta name=\"twitter:data1\" content=\"1 minute\" \/>\n<script type=\"application\/ld+json\" class=\"yoast-schema-graph\">{\"@context\":\"https:\\\/\\\/schema.org\",\"@graph\":[{\"@type\":\"WebPage\",\"@id\":\"https:\\\/\\\/konro-grill.com\\\/product\\\/kasai-little-hibachi-bar-spiesenset\\\/\",\"url\":\"https:\\\/\\\/konro-grill.com\\\/product\\\/kasai-little-hibachi-bar-spiesenset\\\/\",\"name\":\"Kasai Little Hibachi Bar & Spiesenset bij Konro Grill\",\"isPartOf\":{\"@id\":\"https:\\\/\\\/konro-grill.com\\\/#website\"},\"primaryImageOfPage\":{\"@id\":\"https:\\\/\\\/konro-grill.com\\\/product\\\/kasai-little-hibachi-bar-spiesenset\\\/#primaryimage\"},\"image\":{\"@id\":\"https:\\\/\\\/konro-grill.com\\\/product\\\/kasai-little-hibachi-bar-spiesenset\\\/#primaryimage\"},\"thumbnailUrl\":\"https:\\\/\\\/konro-grill.com\\\/wp-content\\\/uploads\\\/2025\\\/11\\\/Little-Kasai-Hibachi-Bar-Spiesenset.jpg\",\"datePublished\":\"2025-11-12T12:07:15+00:00\",\"dateModified\":\"2026-04-25T08:28:04+00:00\",\"description\":\"De Kasai Little Hibachi Bar & Spiesenset authentiek koken in yakitori stijl. Yakiltori bar inclusief 6 spiesen. Bestel bij de Japanse BBQ specialist.\",\"breadcrumb\":{\"@id\":\"https:\\\/\\\/konro-grill.com\\\/product\\\/kasai-little-hibachi-bar-spiesenset\\\/#breadcrumb\"},\"inLanguage\":\"fr-FR\",\"potentialAction\":[{\"@type\":\"ReadAction\",\"target\":[\"https:\\\/\\\/konro-grill.com\\\/product\\\/kasai-little-hibachi-bar-spiesenset\\\/\"]}]},{\"@type\":\"ImageObject\",\"inLanguage\":\"fr-FR\",\"@id\":\"https:\\\/\\\/konro-grill.com\\\/product\\\/kasai-little-hibachi-bar-spiesenset\\\/#primaryimage\",\"url\":\"https:\\\/\\\/konro-grill.com\\\/wp-content\\\/uploads\\\/2025\\\/11\\\/Little-Kasai-Hibachi-Bar-Spiesenset.jpg\",\"contentUrl\":\"https:\\\/\\\/konro-grill.com\\\/wp-content\\\/uploads\\\/2025\\\/11\\\/Little-Kasai-Hibachi-Bar-Spiesenset.jpg\",\"width\":800,\"height\":800},{\"@type\":\"BreadcrumbList\",\"@id\":\"https:\\\/\\\/konro-grill.com\\\/product\\\/kasai-little-hibachi-bar-spiesenset\\\/#breadcrumb\",\"itemListElement\":[{\"@type\":\"ListItem\",\"position\":1,\"name\":\"Home\",\"item\":\"https:\\\/\\\/konro-grill.com\\\/\"},{\"@type\":\"ListItem\",\"position\":2,\"name\":\"Winkel\",\"item\":\"https:\\\/\\\/konro-grill.com\\\/winkel\\\/\"},{\"@type\":\"ListItem\",\"position\":3,\"name\":\"Kasai Little Hibachi Bar &#038; Spiesenset\"}]},{\"@type\":\"WebSite\",\"@id\":\"https:\\\/\\\/konro-grill.com\\\/#website\",\"url\":\"https:\\\/\\\/konro-grill.com\\\/\",\"name\":\"Konro Grill\",\"description\":\"Konro Grill, de Grootste Japanse BBQ Specialist\",\"publisher\":{\"@id\":\"https:\\\/\\\/konro-grill.com\\\/#organization\"},\"potentialAction\":[{\"@type\":\"SearchAction\",\"target\":{\"@type\":\"EntryPoint\",\"urlTemplate\":\"https:\\\/\\\/konro-grill.com\\\/?s={search_term_string}\"},\"query-input\":{\"@type\":\"PropertyValueSpecification\",\"valueRequired\":true,\"valueName\":\"search_term_string\"}}],\"inLanguage\":\"fr-FR\"},{\"@type\":\"Organization\",\"@id\":\"https:\\\/\\\/konro-grill.com\\\/#organization\",\"name\":\"Konro Grill\",\"url\":\"https:\\\/\\\/konro-grill.com\\\/\",\"logo\":{\"@type\":\"ImageObject\",\"inLanguage\":\"fr-FR\",\"@id\":\"https:\\\/\\\/konro-grill.com\\\/#\\\/schema\\\/logo\\\/image\\\/\",\"url\":\"https:\\\/\\\/konro-grill.com\\\/wp-content\\\/uploads\\\/2021\\\/10\\\/konro-grill-logo.png\",\"contentUrl\":\"https:\\\/\\\/konro-grill.com\\\/wp-content\\\/uploads\\\/2021\\\/10\\\/konro-grill-logo.png\",\"width\":650,\"height\":80,\"caption\":\"Konro Grill\"},\"image\":{\"@id\":\"https:\\\/\\\/konro-grill.com\\\/#\\\/schema\\\/logo\\\/image\\\/\"},\"sameAs\":[\"https:\\\/\\\/facebook.com\\\/KonroGrillCom\",\"https:\\\/\\\/www.instagram.com\\\/konrogrillcom\\\/\"]}]}<\/script>\n<!-- \/ Yoast SEO plugin. -->","yoast_head_json":{"title":"Kasai Little Hibachi Bar &amp; Skewer Set chez Konro Grill","description":"L'ensemble de barres et de brochettes Kasai Little Hibachi permet de cuisiner de fa\u00e7on authentique dans le style yakitori. Bar \u00e0 yakiltori comprenant 6 brochettes. Commande aupr\u00e8s du sp\u00e9cialiste du barbecue japonais.","robots":{"index":"index","follow":"follow","max-snippet":"max-snippet:-1","max-image-preview":"max-image-preview:large","max-video-preview":"max-video-preview:-1"},"canonical":"https:\/\/konro-grill.com\/fr\/produit\/kasai-little-hibachi-bar-skewer-set\/","og_locale":"fr_FR","og_type":"article","og_title":"Kasai Little Hibachi Bar & Spiesenset bij Konro Grill","og_description":"De Kasai Little Hibachi Bar & Spiesenset authentiek koken in yakitori stijl. Yakiltori bar inclusief 6 spiesen. Bestel bij de Japanse BBQ specialist.","og_url":"https:\/\/konro-grill.com\/fr\/produit\/kasai-little-hibachi-bar-skewer-set\/","og_site_name":"Konro Grill, de grootste Japanse BBQ specialist","article_publisher":"https:\/\/facebook.com\/KonroGrillCom","article_modified_time":"2026-04-25T08:28:04+00:00","og_image":[{"width":800,"height":800,"url":"https:\/\/konro-grill.com\/wp-content\/uploads\/2025\/11\/Little-Kasai-Hibachi-Bar-Spiesenset.jpg","type":"image\/jpeg"}],"twitter_card":"summary_large_image","twitter_misc":{"Dur\u00e9e de lecture estim\u00e9e":"1 minute"},"schema":{"@context":"https:\/\/schema.org","@graph":[{"@type":"WebPage","@id":"https:\/\/konro-grill.com\/product\/kasai-little-hibachi-bar-spiesenset\/","url":"https:\/\/konro-grill.com\/product\/kasai-little-hibachi-bar-spiesenset\/","name":"Kasai Little Hibachi Bar &amp; Skewer Set chez Konro Grill","isPartOf":{"@id":"https:\/\/konro-grill.com\/#website"},"primaryImageOfPage":{"@id":"https:\/\/konro-grill.com\/product\/kasai-little-hibachi-bar-spiesenset\/#primaryimage"},"image":{"@id":"https:\/\/konro-grill.com\/product\/kasai-little-hibachi-bar-spiesenset\/#primaryimage"},"thumbnailUrl":"https:\/\/konro-grill.com\/wp-content\/uploads\/2025\/11\/Little-Kasai-Hibachi-Bar-Spiesenset.jpg","datePublished":"2025-11-12T12:07:15+00:00","dateModified":"2026-04-25T08:28:04+00:00","description":"L'ensemble de barres et de brochettes Kasai Little Hibachi permet de cuisiner de fa\u00e7on authentique dans le style yakitori. Bar \u00e0 yakiltori comprenant 6 brochettes. Commande aupr\u00e8s du sp\u00e9cialiste du barbecue japonais.","breadcrumb":{"@id":"https:\/\/konro-grill.com\/product\/kasai-little-hibachi-bar-spiesenset\/#breadcrumb"},"inLanguage":"fr-FR","potentialAction":[{"@type":"ReadAction","target":["https:\/\/konro-grill.com\/product\/kasai-little-hibachi-bar-spiesenset\/"]}]},{"@type":"ImageObject","inLanguage":"fr-FR","@id":"https:\/\/konro-grill.com\/product\/kasai-little-hibachi-bar-spiesenset\/#primaryimage","url":"https:\/\/konro-grill.com\/wp-content\/uploads\/2025\/11\/Little-Kasai-Hibachi-Bar-Spiesenset.jpg","contentUrl":"https:\/\/konro-grill.com\/wp-content\/uploads\/2025\/11\/Little-Kasai-Hibachi-Bar-Spiesenset.jpg","width":800,"height":800},{"@type":"BreadcrumbList","@id":"https:\/\/konro-grill.com\/product\/kasai-little-hibachi-bar-spiesenset\/#breadcrumb","itemListElement":[{"@type":"ListItem","position":1,"name":"Home","item":"https:\/\/konro-grill.com\/"},{"@type":"ListItem","position":2,"name":"Winkel","item":"https:\/\/konro-grill.com\/winkel\/"},{"@type":"ListItem","position":3,"name":"Kasai Little Hibachi Bar &#038; Spiesenset"}]},{"@type":"WebSite","@id":"https:\/\/konro-grill.com\/#website","url":"https:\/\/konro-grill.com\/","name":"Konro Grill","description":"Konro Grill, le plus grand sp\u00e9cialiste du barbecue japonais","publisher":{"@id":"https:\/\/konro-grill.com\/#organization"},"potentialAction":[{"@type":"SearchAction","target":{"@type":"EntryPoint","urlTemplate":"https:\/\/konro-grill.com\/?s={search_term_string}"},"query-input":{"@type":"PropertyValueSpecification","valueRequired":true,"valueName":"search_term_string"}}],"inLanguage":"fr-FR"},{"@type":"Organization","@id":"https:\/\/konro-grill.com\/#organization","name":"Konro Grill","url":"https:\/\/konro-grill.com\/","logo":{"@type":"ImageObject","inLanguage":"fr-FR","@id":"https:\/\/konro-grill.com\/#\/schema\/logo\/image\/","url":"https:\/\/konro-grill.com\/wp-content\/uploads\/2021\/10\/konro-grill-logo.png","contentUrl":"https:\/\/konro-grill.com\/wp-content\/uploads\/2021\/10\/konro-grill-logo.png","width":650,"height":80,"caption":"Konro Grill"},"image":{"@id":"https:\/\/konro-grill.com\/#\/schema\/logo\/image\/"},"sameAs":["https:\/\/facebook.com\/KonroGrillCom","https:\/\/www.instagram.com\/konrogrillcom\/"]}]}},"df_price":100,"df_sale_price":"","df_regular_price":100,"df_image_link":"https:\/\/konro-grill.com\/wp-content\/uploads\/2025\/11\/Little-Kasai-Hibachi-Bar-Spiesenset-300x300.jpg","_links":{"self":[{"href":"https:\/\/konro-grill.com\/fr\/wp-json\/wp\/v2\/product\/10337","targetHints":{"allow":["GET"]}}],"collection":[{"href":"https:\/\/konro-grill.com\/fr\/wp-json\/wp\/v2\/product"}],"about":[{"href":"https:\/\/konro-grill.com\/fr\/wp-json\/wp\/v2\/types\/product"}],"wp:featuredmedia":[{"embeddable":true,"href":"https:\/\/konro-grill.com\/fr\/wp-json\/wp\/v2\/media\/10366"}],"wp:attachment":[{"href":"https:\/\/konro-grill.com\/fr\/wp-json\/wp\/v2\/media?parent=10337"}],"wp:term":[{"taxonomy":"product_brand","embeddable":true,"href":"https:\/\/konro-grill.com\/fr\/wp-json\/wp\/v2\/product_brand?post=10337"},{"taxonomy":"product_cat","embeddable":true,"href":"https:\/\/konro-grill.com\/fr\/wp-json\/wp\/v2\/product_cat?post=10337"},{"taxonomy":"product_tag","embeddable":true,"href":"https:\/\/konro-grill.com\/fr\/wp-json\/wp\/v2\/product_tag?post=10337"}],"curies":[{"name":"wp","href":"https:\/\/api.w.org\/{rel}","templated":true}]}}