{"id":10344,"date":"2025-11-12T13:07:15","date_gmt":"2025-11-12T12:07:15","guid":{"rendered":"https:\/\/konro-grill.com\/?post_type=product&#038;p=10344"},"modified":"2026-04-25T10:28:04","modified_gmt":"2026-04-25T08:28:04","slug":"kasai-long-konro-asado-grill-top","status":"publish","type":"product","link":"https:\/\/konro-grill.com\/fr\/produit\/kasai-long-konro-asado-grill-top\/","title":{"rendered":"Kasai Long Konro Asado Grill Top"},"content":{"rendered":"<ul>\n<li>Sp\u00e9cialement con\u00e7u pour les grils Kasai, il s'adapte parfaitement au cadre en acier inoxydable du gril.<\/li>\n<li>Authentique cuisine Asado, con\u00e7ue pour imiter les grillades traditionnelles sud-am\u00e9ricaines sur un feu ouvert.<\/li>\n<li>Robuste et durable, con\u00e7u pour r\u00e9sister \u00e0 des temp\u00e9ratures \u00e9lev\u00e9es et \u00e0 une utilisation intensive (professionnelle).<\/li>\n<li>Polyvalence maximale, id\u00e9ale pour saisir, r\u00f4tir, griller et cuire lentement.<\/li>\n<li>Pour un usage professionnel et domestique, digne de confiance par les chefs, parfait pour les cuisiniers \u00e0 domicile.<\/li>\n<li><strong>Garantie de 3 ans<\/strong> sur les pi\u00e8ces.<\/li>\n<li>D\u00e9velopp\u00e9 au Royaume-Uni, en collaboration avec le chef 2 \u00e9toiles Michelin Tommy Banks.<\/li>\n<\/ul>\n<h3>Dimensions.<\/h3>\n<ul>\n<li>KASAI Long Asado Grill : 70,7 x 27,4 x 48,2 cm (LxLxH)<\/li>\n<li>KASAI Surface de cuisson longue : 61,1 x 18,3 cm (LxL)<\/li>\n<\/ul>","protected":false},"excerpt":{"rendered":"<h2>Transforme ton Kasai Long en un gril \u00e0 asado avec le dessus de gril \u00e0 asado.<\/h2>\n<p>Voici un accessoire vraiment sympa pour ton KASAI LONG GRILL, une extension sp\u00e9cialement con\u00e7ue qui se place directement sur le bord de ton Kasai Grill XL. De cette fa\u00e7on, tu transformes ce gril hibachi \/ konro en un gril complet. <strong>Syst\u00e8me de cuisson de type asado !\u00a0<\/strong>Maintenant, tu n'as plus besoin d'acheter un gril Asado s\u00e9par\u00e9, car avec cet accessoire, tu peux profiter des saveurs et des techniques authentiques des grillades argentines, sur un feu ouvert, dans ton Kasai Grill. N'est-ce pas g\u00e9nial !<\/p>\n<p><strong>Note :<\/strong>\u00a0\u00e0 l'exclusion du gril illustr\u00e9, que tu trouveras\u00a0<a href=\"https:\/\/konro-grill.com\/fr\/produit\/kasai-long\/\">ici<\/a>.<\/p>","protected":false},"featured_media":10401,"template":"","meta":{"inline_featured_image":false},"product_brand":[],"product_cat":[472,435],"product_tag":[],"class_list":{"0":"post-10344","1":"product","2":"type-product","3":"status-publish","4":"has-post-thumbnail","6":"product_cat-kasai-accessoires","7":"product_cat-kasai-long","8":"product_shipping_class-altijd-verzendkosten-hoog","9":"entry","10":"has-media","12":"first","13":"instock","14":"taxable","15":"shipping-taxable","16":"purchasable","17":"product-type-simple"},"bundled_by":[],"bundle_stock_status":"instock","bundle_stock_quantity":3,"bundle_virtual":false,"bundle_layout":"","bundle_add_to_cart_form_location":"","bundle_editable_in_cart":false,"bundle_sold_individually_context":"","bundle_item_grouping":"","bundle_min_size":"","bundle_max_size":"","bundle_price":[],"bundled_items":[],"bundle_sell_ids":[],"yoast_head":"<!-- This site is optimized with the Yoast SEO plugin v27.4 - https:\/\/yoast.com\/product\/yoast-seo-wordpress\/ -->\n<title>Kasai Long Asado Grill Top bij Konro Grill, de grootste Japanse BBQ specialist<\/title>\n<meta name=\"description\" content=\"Met de Kasai Long Asado Grill Top maak je van je konro \/ hibachi een echte Argentijnse Asado Grill. Combineer Japanse en Argentijnse BBQ stijlen!\" \/>\n<meta name=\"robots\" content=\"index, follow, max-snippet:-1, max-image-preview:large, max-video-preview:-1\" \/>\n<link rel=\"canonical\" href=\"https:\/\/konro-grill.com\/fr\/produit\/kasai-long-konro-asado-grill-top\/\" \/>\n<meta property=\"og:locale\" content=\"fr_FR\" \/>\n<meta property=\"og:type\" content=\"article\" \/>\n<meta property=\"og:title\" content=\"Kasai Long Asado Grill Top bij Konro Grill, de grootste Japanse BBQ specialist\" \/>\n<meta property=\"og:description\" content=\"Met de Kasai Long Asado Grill Top maak je van je konro \/ hibachi een echte Argentijnse Asado Grill. Combineer Japanse en Argentijnse BBQ stijlen!\" \/>\n<meta property=\"og:url\" content=\"https:\/\/konro-grill.com\/fr\/produit\/kasai-long-konro-asado-grill-top\/\" \/>\n<meta property=\"og:site_name\" content=\"Konro Grill, de grootste Japanse BBQ specialist\" \/>\n<meta property=\"article:publisher\" content=\"https:\/\/facebook.com\/KonroGrillCom\" \/>\n<meta property=\"article:modified_time\" content=\"2026-04-25T08:28:04+00:00\" \/>\n<meta property=\"og:image\" content=\"https:\/\/konro-grill.com\/wp-content\/uploads\/2025\/11\/Kasai-Long-Konro-Asado-Grill-Top.jpg\" \/>\n\t<meta property=\"og:image:width\" content=\"800\" \/>\n\t<meta property=\"og:image:height\" content=\"800\" \/>\n\t<meta property=\"og:image:type\" content=\"image\/jpeg\" \/>\n<meta name=\"twitter:card\" content=\"summary_large_image\" \/>\n<meta name=\"twitter:label1\" content=\"Dur\u00e9e de lecture estim\u00e9e\" \/>\n\t<meta name=\"twitter:data1\" content=\"1 minute\" \/>\n<script type=\"application\/ld+json\" class=\"yoast-schema-graph\">{\"@context\":\"https:\\\/\\\/schema.org\",\"@graph\":[{\"@type\":\"WebPage\",\"@id\":\"https:\\\/\\\/konro-grill.com\\\/product\\\/kasai-long-konro-asado-grill-top\\\/\",\"url\":\"https:\\\/\\\/konro-grill.com\\\/product\\\/kasai-long-konro-asado-grill-top\\\/\",\"name\":\"Kasai Long Asado Grill Top bij Konro Grill, de grootste Japanse BBQ specialist\",\"isPartOf\":{\"@id\":\"https:\\\/\\\/konro-grill.com\\\/#website\"},\"primaryImageOfPage\":{\"@id\":\"https:\\\/\\\/konro-grill.com\\\/product\\\/kasai-long-konro-asado-grill-top\\\/#primaryimage\"},\"image\":{\"@id\":\"https:\\\/\\\/konro-grill.com\\\/product\\\/kasai-long-konro-asado-grill-top\\\/#primaryimage\"},\"thumbnailUrl\":\"https:\\\/\\\/konro-grill.com\\\/wp-content\\\/uploads\\\/2025\\\/11\\\/Kasai-Long-Konro-Asado-Grill-Top.jpg\",\"datePublished\":\"2025-11-12T12:07:15+00:00\",\"dateModified\":\"2026-04-25T08:28:04+00:00\",\"description\":\"Met de Kasai Long Asado Grill Top maak je van je konro \\\/ hibachi een echte Argentijnse Asado Grill. Combineer Japanse en Argentijnse BBQ stijlen!\",\"breadcrumb\":{\"@id\":\"https:\\\/\\\/konro-grill.com\\\/product\\\/kasai-long-konro-asado-grill-top\\\/#breadcrumb\"},\"inLanguage\":\"fr-FR\",\"potentialAction\":[{\"@type\":\"ReadAction\",\"target\":[\"https:\\\/\\\/konro-grill.com\\\/product\\\/kasai-long-konro-asado-grill-top\\\/\"]}]},{\"@type\":\"ImageObject\",\"inLanguage\":\"fr-FR\",\"@id\":\"https:\\\/\\\/konro-grill.com\\\/product\\\/kasai-long-konro-asado-grill-top\\\/#primaryimage\",\"url\":\"https:\\\/\\\/konro-grill.com\\\/wp-content\\\/uploads\\\/2025\\\/11\\\/Kasai-Long-Konro-Asado-Grill-Top.jpg\",\"contentUrl\":\"https:\\\/\\\/konro-grill.com\\\/wp-content\\\/uploads\\\/2025\\\/11\\\/Kasai-Long-Konro-Asado-Grill-Top.jpg\",\"width\":800,\"height\":800,\"caption\":\"Kasai Long Konro Asado Grill Top\"},{\"@type\":\"BreadcrumbList\",\"@id\":\"https:\\\/\\\/konro-grill.com\\\/product\\\/kasai-long-konro-asado-grill-top\\\/#breadcrumb\",\"itemListElement\":[{\"@type\":\"ListItem\",\"position\":1,\"name\":\"Home\",\"item\":\"https:\\\/\\\/konro-grill.com\\\/\"},{\"@type\":\"ListItem\",\"position\":2,\"name\":\"Winkel\",\"item\":\"https:\\\/\\\/konro-grill.com\\\/winkel\\\/\"},{\"@type\":\"ListItem\",\"position\":3,\"name\":\"Kasai Long Konro Asado Grill Top\"}]},{\"@type\":\"WebSite\",\"@id\":\"https:\\\/\\\/konro-grill.com\\\/#website\",\"url\":\"https:\\\/\\\/konro-grill.com\\\/\",\"name\":\"Konro Grill\",\"description\":\"Konro Grill, de Grootste Japanse BBQ Specialist\",\"publisher\":{\"@id\":\"https:\\\/\\\/konro-grill.com\\\/#organization\"},\"potentialAction\":[{\"@type\":\"SearchAction\",\"target\":{\"@type\":\"EntryPoint\",\"urlTemplate\":\"https:\\\/\\\/konro-grill.com\\\/?s={search_term_string}\"},\"query-input\":{\"@type\":\"PropertyValueSpecification\",\"valueRequired\":true,\"valueName\":\"search_term_string\"}}],\"inLanguage\":\"fr-FR\"},{\"@type\":\"Organization\",\"@id\":\"https:\\\/\\\/konro-grill.com\\\/#organization\",\"name\":\"Konro Grill\",\"url\":\"https:\\\/\\\/konro-grill.com\\\/\",\"logo\":{\"@type\":\"ImageObject\",\"inLanguage\":\"fr-FR\",\"@id\":\"https:\\\/\\\/konro-grill.com\\\/#\\\/schema\\\/logo\\\/image\\\/\",\"url\":\"https:\\\/\\\/konro-grill.com\\\/wp-content\\\/uploads\\\/2021\\\/10\\\/konro-grill-logo.png\",\"contentUrl\":\"https:\\\/\\\/konro-grill.com\\\/wp-content\\\/uploads\\\/2021\\\/10\\\/konro-grill-logo.png\",\"width\":650,\"height\":80,\"caption\":\"Konro Grill\"},\"image\":{\"@id\":\"https:\\\/\\\/konro-grill.com\\\/#\\\/schema\\\/logo\\\/image\\\/\"},\"sameAs\":[\"https:\\\/\\\/facebook.com\\\/KonroGrillCom\",\"https:\\\/\\\/www.instagram.com\\\/konrogrillcom\\\/\"]}]}<\/script>\n<!-- \/ Yoast SEO plugin. -->","yoast_head_json":{"title":"Kasai Long Asado Grill Top chez Konro Grill, le plus grand sp\u00e9cialiste du barbecue japonais","description":"Le Kasai Long Asado Grill Top transforme ton konro \/ hibachi en un v\u00e9ritable Asado Grill argentin. Combine les styles de barbecue japonais et argentin !","robots":{"index":"index","follow":"follow","max-snippet":"max-snippet:-1","max-image-preview":"max-image-preview:large","max-video-preview":"max-video-preview:-1"},"canonical":"https:\/\/konro-grill.com\/fr\/produit\/kasai-long-konro-asado-grill-top\/","og_locale":"fr_FR","og_type":"article","og_title":"Kasai Long Asado Grill Top bij Konro Grill, de grootste Japanse BBQ specialist","og_description":"Met de Kasai Long Asado Grill Top maak je van je konro \/ hibachi een echte Argentijnse Asado Grill. Combineer Japanse en Argentijnse BBQ stijlen!","og_url":"https:\/\/konro-grill.com\/fr\/produit\/kasai-long-konro-asado-grill-top\/","og_site_name":"Konro Grill, de grootste Japanse BBQ specialist","article_publisher":"https:\/\/facebook.com\/KonroGrillCom","article_modified_time":"2026-04-25T08:28:04+00:00","og_image":[{"width":800,"height":800,"url":"https:\/\/konro-grill.com\/wp-content\/uploads\/2025\/11\/Kasai-Long-Konro-Asado-Grill-Top.jpg","type":"image\/jpeg"}],"twitter_card":"summary_large_image","twitter_misc":{"Dur\u00e9e de lecture estim\u00e9e":"1 minute"},"schema":{"@context":"https:\/\/schema.org","@graph":[{"@type":"WebPage","@id":"https:\/\/konro-grill.com\/product\/kasai-long-konro-asado-grill-top\/","url":"https:\/\/konro-grill.com\/product\/kasai-long-konro-asado-grill-top\/","name":"Kasai Long Asado Grill Top chez Konro Grill, le plus grand sp\u00e9cialiste du barbecue japonais","isPartOf":{"@id":"https:\/\/konro-grill.com\/#website"},"primaryImageOfPage":{"@id":"https:\/\/konro-grill.com\/product\/kasai-long-konro-asado-grill-top\/#primaryimage"},"image":{"@id":"https:\/\/konro-grill.com\/product\/kasai-long-konro-asado-grill-top\/#primaryimage"},"thumbnailUrl":"https:\/\/konro-grill.com\/wp-content\/uploads\/2025\/11\/Kasai-Long-Konro-Asado-Grill-Top.jpg","datePublished":"2025-11-12T12:07:15+00:00","dateModified":"2026-04-25T08:28:04+00:00","description":"Le Kasai Long Asado Grill Top transforme ton konro \/ hibachi en un v\u00e9ritable Asado Grill argentin. Combine les styles de barbecue japonais et argentin !","breadcrumb":{"@id":"https:\/\/konro-grill.com\/product\/kasai-long-konro-asado-grill-top\/#breadcrumb"},"inLanguage":"fr-FR","potentialAction":[{"@type":"ReadAction","target":["https:\/\/konro-grill.com\/product\/kasai-long-konro-asado-grill-top\/"]}]},{"@type":"ImageObject","inLanguage":"fr-FR","@id":"https:\/\/konro-grill.com\/product\/kasai-long-konro-asado-grill-top\/#primaryimage","url":"https:\/\/konro-grill.com\/wp-content\/uploads\/2025\/11\/Kasai-Long-Konro-Asado-Grill-Top.jpg","contentUrl":"https:\/\/konro-grill.com\/wp-content\/uploads\/2025\/11\/Kasai-Long-Konro-Asado-Grill-Top.jpg","width":800,"height":800,"caption":"Kasai Long Konro Asado Grill Top"},{"@type":"BreadcrumbList","@id":"https:\/\/konro-grill.com\/product\/kasai-long-konro-asado-grill-top\/#breadcrumb","itemListElement":[{"@type":"ListItem","position":1,"name":"Home","item":"https:\/\/konro-grill.com\/"},{"@type":"ListItem","position":2,"name":"Winkel","item":"https:\/\/konro-grill.com\/winkel\/"},{"@type":"ListItem","position":3,"name":"Kasai Long Konro Asado Grill Top"}]},{"@type":"WebSite","@id":"https:\/\/konro-grill.com\/#website","url":"https:\/\/konro-grill.com\/","name":"Konro Grill","description":"Konro Grill, le plus grand sp\u00e9cialiste du barbecue japonais","publisher":{"@id":"https:\/\/konro-grill.com\/#organization"},"potentialAction":[{"@type":"SearchAction","target":{"@type":"EntryPoint","urlTemplate":"https:\/\/konro-grill.com\/?s={search_term_string}"},"query-input":{"@type":"PropertyValueSpecification","valueRequired":true,"valueName":"search_term_string"}}],"inLanguage":"fr-FR"},{"@type":"Organization","@id":"https:\/\/konro-grill.com\/#organization","name":"Konro Grill","url":"https:\/\/konro-grill.com\/","logo":{"@type":"ImageObject","inLanguage":"fr-FR","@id":"https:\/\/konro-grill.com\/#\/schema\/logo\/image\/","url":"https:\/\/konro-grill.com\/wp-content\/uploads\/2021\/10\/konro-grill-logo.png","contentUrl":"https:\/\/konro-grill.com\/wp-content\/uploads\/2021\/10\/konro-grill-logo.png","width":650,"height":80,"caption":"Konro Grill"},"image":{"@id":"https:\/\/konro-grill.com\/#\/schema\/logo\/image\/"},"sameAs":["https:\/\/facebook.com\/KonroGrillCom","https:\/\/www.instagram.com\/konrogrillcom\/"]}]}},"df_price":719,"df_sale_price":"","df_regular_price":719,"df_image_link":"https:\/\/konro-grill.com\/wp-content\/uploads\/2025\/11\/Kasai-Long-Konro-Asado-Grill-Top-300x300.jpg","_links":{"self":[{"href":"https:\/\/konro-grill.com\/fr\/wp-json\/wp\/v2\/product\/10344","targetHints":{"allow":["GET"]}}],"collection":[{"href":"https:\/\/konro-grill.com\/fr\/wp-json\/wp\/v2\/product"}],"about":[{"href":"https:\/\/konro-grill.com\/fr\/wp-json\/wp\/v2\/types\/product"}],"wp:featuredmedia":[{"embeddable":true,"href":"https:\/\/konro-grill.com\/fr\/wp-json\/wp\/v2\/media\/10401"}],"wp:attachment":[{"href":"https:\/\/konro-grill.com\/fr\/wp-json\/wp\/v2\/media?parent=10344"}],"wp:term":[{"taxonomy":"product_brand","embeddable":true,"href":"https:\/\/konro-grill.com\/fr\/wp-json\/wp\/v2\/product_brand?post=10344"},{"taxonomy":"product_cat","embeddable":true,"href":"https:\/\/konro-grill.com\/fr\/wp-json\/wp\/v2\/product_cat?post=10344"},{"taxonomy":"product_tag","embeddable":true,"href":"https:\/\/konro-grill.com\/fr\/wp-json\/wp\/v2\/product_tag?post=10344"}],"curies":[{"name":"wp","href":"https:\/\/api.w.org\/{rel}","templated":true}]}}