{"id":2488,"date":"2023-05-08T12:23:38","date_gmt":"2023-05-08T10:23:38","guid":{"rendered":"https:\/\/konro-grill.com\/?post_type=product&#038;p=2488"},"modified":"2026-04-03T22:28:03","modified_gmt":"2026-04-03T20:28:03","slug":"pierre-ishiyaki-18-cm","status":"publish","type":"product","link":"https:\/\/konro-grill.com\/fr\/produit\/pierre-ishiyaki-18-cm\/","title":{"rendered":"Brique Ishiyaki 18 cm"},"content":{"rendered":"","protected":false},"excerpt":{"rendered":"<h2>Pierre Ishiyaki 18 cm, pierre \u00e0 griller japonaise<\/h2>\n<p>Chauffez progressivement cette pierre japonaise sur votre gril konro. Lorsque la pierre est chaude, vous pouvez y saisir votre viande, votre poisson ou vos l\u00e9gumes. Vous avez le contr\u00f4le et pouvez pr\u00e9parer vos ingr\u00e9dients exactement comme vous le souhaitez.<\/p>","protected":false},"featured_media":2489,"template":"","meta":{"inline_featured_image":false},"product_brand":[],"product_cat":[510,99],"product_tag":[],"class_list":{"0":"post-2488","1":"product","2":"type-product","3":"status-publish","4":"has-post-thumbnail","6":"product_cat-export","7":"product_cat-konro-accessoires","8":"entry","9":"has-media","11":"first","12":"instock","13":"sale","14":"taxable","15":"shipping-taxable","16":"purchasable","17":"product-type-simple"},"bundled_by":["1464"],"bundle_stock_status":"instock","bundle_stock_quantity":3,"bundle_virtual":false,"bundle_layout":"","bundle_add_to_cart_form_location":"","bundle_editable_in_cart":false,"bundle_sold_individually_context":"","bundle_item_grouping":"","bundle_min_size":"","bundle_max_size":"","bundle_price":[],"bundled_items":[],"bundle_sell_ids":[],"yoast_head":"<!-- This site is optimized with the Yoast SEO plugin v27.3 - https:\/\/yoast.com\/product\/yoast-seo-wordpress\/ -->\n<title>Echte Japanse grillsteen, Ishiyaki Steen 18 cm, Konro Grill<\/title>\n<meta name=\"description\" content=\"Cre\u00eber perfect gegaard vlees met deze Ishiyaki Steen. De steen heeft een diameter van 18 cm en is gemakkelijk op tafel te gebruiken.\" \/>\n<meta name=\"robots\" content=\"index, follow, max-snippet:-1, max-image-preview:large, max-video-preview:-1\" \/>\n<link rel=\"canonical\" href=\"https:\/\/konro-grill.com\/fr\/produit\/pierre-ishiyaki-18-cm\/\" \/>\n<meta property=\"og:locale\" content=\"fr_FR\" \/>\n<meta property=\"og:type\" content=\"article\" \/>\n<meta property=\"og:title\" content=\"Echte Japanse grillsteen, Ishiyaki Steen 18 cm, Konro Grill\" \/>\n<meta property=\"og:description\" content=\"Cre\u00eber perfect gegaard vlees met deze Ishiyaki Steen. De steen heeft een diameter van 18 cm en is gemakkelijk op tafel te gebruiken.\" \/>\n<meta property=\"og:url\" content=\"https:\/\/konro-grill.com\/fr\/produit\/pierre-ishiyaki-18-cm\/\" \/>\n<meta property=\"og:site_name\" content=\"Konro Grill, de grootste Japanse BBQ specialist\" \/>\n<meta property=\"article:publisher\" content=\"https:\/\/facebook.com\/KonroGrillCom\" \/>\n<meta property=\"article:modified_time\" content=\"2026-04-03T20:28:03+00:00\" \/>\n<meta property=\"og:image\" content=\"https:\/\/konro-grill.com\/wp-content\/uploads\/2023\/05\/Konro-Grill-Ishiyaki-Steen-18-cm-Konro-Grill.jpg\" \/>\n\t<meta property=\"og:image:width\" content=\"800\" \/>\n\t<meta property=\"og:image:height\" content=\"800\" \/>\n\t<meta property=\"og:image:type\" content=\"image\/jpeg\" \/>\n<meta name=\"twitter:card\" content=\"summary_large_image\" \/>\n<meta name=\"twitter:label1\" content=\"Dur\u00e9e de lecture estim\u00e9e\" \/>\n\t<meta name=\"twitter:data1\" content=\"1 minute\" \/>\n<script type=\"application\/ld+json\" class=\"yoast-schema-graph\">{\"@context\":\"https:\\\/\\\/schema.org\",\"@graph\":[{\"@type\":\"WebPage\",\"@id\":\"https:\\\/\\\/konro-grill.com\\\/product\\\/ishiyaki-steen-18-cm\\\/\",\"url\":\"https:\\\/\\\/konro-grill.com\\\/product\\\/ishiyaki-steen-18-cm\\\/\",\"name\":\"Echte Japanse grillsteen, Ishiyaki Steen 18 cm, Konro Grill\",\"isPartOf\":{\"@id\":\"https:\\\/\\\/konro-grill.com\\\/#website\"},\"primaryImageOfPage\":{\"@id\":\"https:\\\/\\\/konro-grill.com\\\/product\\\/ishiyaki-steen-18-cm\\\/#primaryimage\"},\"image\":{\"@id\":\"https:\\\/\\\/konro-grill.com\\\/product\\\/ishiyaki-steen-18-cm\\\/#primaryimage\"},\"thumbnailUrl\":\"https:\\\/\\\/konro-grill.com\\\/wp-content\\\/uploads\\\/2023\\\/05\\\/Konro-Grill-Ishiyaki-Steen-18-cm-Konro-Grill.jpg\",\"datePublished\":\"2023-05-08T10:23:38+00:00\",\"dateModified\":\"2026-04-03T20:28:03+00:00\",\"description\":\"Cre\u00eber perfect gegaard vlees met deze Ishiyaki Steen. De steen heeft een diameter van 18 cm en is gemakkelijk op tafel te gebruiken.\",\"breadcrumb\":{\"@id\":\"https:\\\/\\\/konro-grill.com\\\/product\\\/ishiyaki-steen-18-cm\\\/#breadcrumb\"},\"inLanguage\":\"fr-FR\",\"potentialAction\":[{\"@type\":\"ReadAction\",\"target\":[\"https:\\\/\\\/konro-grill.com\\\/product\\\/ishiyaki-steen-18-cm\\\/\"]}]},{\"@type\":\"ImageObject\",\"inLanguage\":\"fr-FR\",\"@id\":\"https:\\\/\\\/konro-grill.com\\\/product\\\/ishiyaki-steen-18-cm\\\/#primaryimage\",\"url\":\"https:\\\/\\\/konro-grill.com\\\/wp-content\\\/uploads\\\/2023\\\/05\\\/Konro-Grill-Ishiyaki-Steen-18-cm-Konro-Grill.jpg\",\"contentUrl\":\"https:\\\/\\\/konro-grill.com\\\/wp-content\\\/uploads\\\/2023\\\/05\\\/Konro-Grill-Ishiyaki-Steen-18-cm-Konro-Grill.jpg\",\"width\":800,\"height\":800,\"caption\":\"Konro Grill Ishiyaki Steen 18 cm\"},{\"@type\":\"BreadcrumbList\",\"@id\":\"https:\\\/\\\/konro-grill.com\\\/product\\\/ishiyaki-steen-18-cm\\\/#breadcrumb\",\"itemListElement\":[{\"@type\":\"ListItem\",\"position\":1,\"name\":\"Home\",\"item\":\"https:\\\/\\\/konro-grill.com\\\/\"},{\"@type\":\"ListItem\",\"position\":2,\"name\":\"Winkel\",\"item\":\"https:\\\/\\\/konro-grill.com\\\/winkel\\\/\"},{\"@type\":\"ListItem\",\"position\":3,\"name\":\"Ishiyaki baksteen 18 cm\"}]},{\"@type\":\"WebSite\",\"@id\":\"https:\\\/\\\/konro-grill.com\\\/#website\",\"url\":\"https:\\\/\\\/konro-grill.com\\\/\",\"name\":\"Konro Grill\",\"description\":\"Konro Grill, de Grootste Japanse BBQ Specialist\",\"publisher\":{\"@id\":\"https:\\\/\\\/konro-grill.com\\\/#organization\"},\"potentialAction\":[{\"@type\":\"SearchAction\",\"target\":{\"@type\":\"EntryPoint\",\"urlTemplate\":\"https:\\\/\\\/konro-grill.com\\\/?s={search_term_string}\"},\"query-input\":{\"@type\":\"PropertyValueSpecification\",\"valueRequired\":true,\"valueName\":\"search_term_string\"}}],\"inLanguage\":\"fr-FR\"},{\"@type\":\"Organization\",\"@id\":\"https:\\\/\\\/konro-grill.com\\\/#organization\",\"name\":\"Konro Grill\",\"url\":\"https:\\\/\\\/konro-grill.com\\\/\",\"logo\":{\"@type\":\"ImageObject\",\"inLanguage\":\"fr-FR\",\"@id\":\"https:\\\/\\\/konro-grill.com\\\/#\\\/schema\\\/logo\\\/image\\\/\",\"url\":\"https:\\\/\\\/konro-grill.com\\\/wp-content\\\/uploads\\\/2021\\\/10\\\/konro-grill-logo.png\",\"contentUrl\":\"https:\\\/\\\/konro-grill.com\\\/wp-content\\\/uploads\\\/2021\\\/10\\\/konro-grill-logo.png\",\"width\":650,\"height\":80,\"caption\":\"Konro Grill\"},\"image\":{\"@id\":\"https:\\\/\\\/konro-grill.com\\\/#\\\/schema\\\/logo\\\/image\\\/\"},\"sameAs\":[\"https:\\\/\\\/facebook.com\\\/KonroGrillCom\",\"https:\\\/\\\/www.instagram.com\\\/konrogrillcom\\\/\"]}]}<\/script>\n<!-- \/ Yoast SEO plugin. -->","yoast_head_json":{"title":"V\u00e9ritable pierre \u00e0 griller japonaise, Ishiyaki Stone 18 cm, Konro Grill","description":"Cr\u00e9ez des viandes parfaitement cuites avec cette pierre \u00e0 Ishiyaki. La pierre a un diam\u00e8tre de 18 cm et est facile \u00e0 utiliser sur la table.","robots":{"index":"index","follow":"follow","max-snippet":"max-snippet:-1","max-image-preview":"max-image-preview:large","max-video-preview":"max-video-preview:-1"},"canonical":"https:\/\/konro-grill.com\/fr\/produit\/pierre-ishiyaki-18-cm\/","og_locale":"fr_FR","og_type":"article","og_title":"Echte Japanse grillsteen, Ishiyaki Steen 18 cm, Konro Grill","og_description":"Cre\u00eber perfect gegaard vlees met deze Ishiyaki Steen. De steen heeft een diameter van 18 cm en is gemakkelijk op tafel te gebruiken.","og_url":"https:\/\/konro-grill.com\/fr\/produit\/pierre-ishiyaki-18-cm\/","og_site_name":"Konro Grill, de grootste Japanse BBQ specialist","article_publisher":"https:\/\/facebook.com\/KonroGrillCom","article_modified_time":"2026-04-03T20:28:03+00:00","og_image":[{"width":800,"height":800,"url":"https:\/\/konro-grill.com\/wp-content\/uploads\/2023\/05\/Konro-Grill-Ishiyaki-Steen-18-cm-Konro-Grill.jpg","type":"image\/jpeg"}],"twitter_card":"summary_large_image","twitter_misc":{"Dur\u00e9e de lecture estim\u00e9e":"1 minute"},"schema":{"@context":"https:\/\/schema.org","@graph":[{"@type":"WebPage","@id":"https:\/\/konro-grill.com\/product\/ishiyaki-steen-18-cm\/","url":"https:\/\/konro-grill.com\/product\/ishiyaki-steen-18-cm\/","name":"V\u00e9ritable pierre \u00e0 griller japonaise, Ishiyaki Stone 18 cm, Konro Grill","isPartOf":{"@id":"https:\/\/konro-grill.com\/#website"},"primaryImageOfPage":{"@id":"https:\/\/konro-grill.com\/product\/ishiyaki-steen-18-cm\/#primaryimage"},"image":{"@id":"https:\/\/konro-grill.com\/product\/ishiyaki-steen-18-cm\/#primaryimage"},"thumbnailUrl":"https:\/\/konro-grill.com\/wp-content\/uploads\/2023\/05\/Konro-Grill-Ishiyaki-Steen-18-cm-Konro-Grill.jpg","datePublished":"2023-05-08T10:23:38+00:00","dateModified":"2026-04-03T20:28:03+00:00","description":"Cr\u00e9ez des viandes parfaitement cuites avec cette pierre \u00e0 Ishiyaki. La pierre a un diam\u00e8tre de 18 cm et est facile \u00e0 utiliser sur la table.","breadcrumb":{"@id":"https:\/\/konro-grill.com\/product\/ishiyaki-steen-18-cm\/#breadcrumb"},"inLanguage":"fr-FR","potentialAction":[{"@type":"ReadAction","target":["https:\/\/konro-grill.com\/product\/ishiyaki-steen-18-cm\/"]}]},{"@type":"ImageObject","inLanguage":"fr-FR","@id":"https:\/\/konro-grill.com\/product\/ishiyaki-steen-18-cm\/#primaryimage","url":"https:\/\/konro-grill.com\/wp-content\/uploads\/2023\/05\/Konro-Grill-Ishiyaki-Steen-18-cm-Konro-Grill.jpg","contentUrl":"https:\/\/konro-grill.com\/wp-content\/uploads\/2023\/05\/Konro-Grill-Ishiyaki-Steen-18-cm-Konro-Grill.jpg","width":800,"height":800,"caption":"Konro Grill Ishiyaki Steen 18 cm"},{"@type":"BreadcrumbList","@id":"https:\/\/konro-grill.com\/product\/ishiyaki-steen-18-cm\/#breadcrumb","itemListElement":[{"@type":"ListItem","position":1,"name":"Home","item":"https:\/\/konro-grill.com\/"},{"@type":"ListItem","position":2,"name":"Winkel","item":"https:\/\/konro-grill.com\/winkel\/"},{"@type":"ListItem","position":3,"name":"Ishiyaki baksteen 18 cm"}]},{"@type":"WebSite","@id":"https:\/\/konro-grill.com\/#website","url":"https:\/\/konro-grill.com\/","name":"Konro Grill","description":"Konro Grill, le plus grand sp\u00e9cialiste du barbecue japonais","publisher":{"@id":"https:\/\/konro-grill.com\/#organization"},"potentialAction":[{"@type":"SearchAction","target":{"@type":"EntryPoint","urlTemplate":"https:\/\/konro-grill.com\/?s={search_term_string}"},"query-input":{"@type":"PropertyValueSpecification","valueRequired":true,"valueName":"search_term_string"}}],"inLanguage":"fr-FR"},{"@type":"Organization","@id":"https:\/\/konro-grill.com\/#organization","name":"Konro Grill","url":"https:\/\/konro-grill.com\/","logo":{"@type":"ImageObject","inLanguage":"fr-FR","@id":"https:\/\/konro-grill.com\/#\/schema\/logo\/image\/","url":"https:\/\/konro-grill.com\/wp-content\/uploads\/2021\/10\/konro-grill-logo.png","contentUrl":"https:\/\/konro-grill.com\/wp-content\/uploads\/2021\/10\/konro-grill-logo.png","width":650,"height":80,"caption":"Konro Grill"},"image":{"@id":"https:\/\/konro-grill.com\/#\/schema\/logo\/image\/"},"sameAs":["https:\/\/facebook.com\/KonroGrillCom","https:\/\/www.instagram.com\/konrogrillcom\/"]}]}},"df_price":99,"df_sale_price":99,"df_regular_price":139,"df_image_link":"https:\/\/konro-grill.com\/wp-content\/uploads\/2023\/05\/Konro-Grill-Ishiyaki-Steen-18-cm-Konro-Grill-300x300.jpg","_links":{"self":[{"href":"https:\/\/konro-grill.com\/fr\/wp-json\/wp\/v2\/product\/2488","targetHints":{"allow":["GET"]}}],"collection":[{"href":"https:\/\/konro-grill.com\/fr\/wp-json\/wp\/v2\/product"}],"about":[{"href":"https:\/\/konro-grill.com\/fr\/wp-json\/wp\/v2\/types\/product"}],"wp:featuredmedia":[{"embeddable":true,"href":"https:\/\/konro-grill.com\/fr\/wp-json\/wp\/v2\/media\/2489"}],"wp:attachment":[{"href":"https:\/\/konro-grill.com\/fr\/wp-json\/wp\/v2\/media?parent=2488"}],"wp:term":[{"taxonomy":"product_brand","embeddable":true,"href":"https:\/\/konro-grill.com\/fr\/wp-json\/wp\/v2\/product_brand?post=2488"},{"taxonomy":"product_cat","embeddable":true,"href":"https:\/\/konro-grill.com\/fr\/wp-json\/wp\/v2\/product_cat?post=2488"},{"taxonomy":"product_tag","embeddable":true,"href":"https:\/\/konro-grill.com\/fr\/wp-json\/wp\/v2\/product_tag?post=2488"}],"curies":[{"name":"wp","href":"https:\/\/api.w.org\/{rel}","templated":true}]}}