{"id":2513,"date":"2023-05-08T15:45:39","date_gmt":"2023-05-08T13:45:39","guid":{"rendered":"https:\/\/konro-grill.com\/?post_type=product&#038;p=2513"},"modified":"2026-04-04T22:28:04","modified_gmt":"2026-04-04T20:28:04","slug":"gril-interieur-konro-aluminium-24cm","status":"publish","type":"product","link":"https:\/\/konro-grill.com\/fr\/produit\/gril-interieur-konro-aluminium-24cm\/","title":{"rendered":"Panier \u00e0 charbon Konro Grill Aluminium 24cm"},"content":{"rendered":"","protected":false},"excerpt":{"rendered":"<h2>Int\u00e9rieur Konro Grill Aluminium 24cm<\/h2>\n<p>Apr\u00e8s avoir grill\u00e9 pendant un certain temps, l'int\u00e9rieur de ton <a href=\"https:\/\/konro-grill.com\/fr\/produit\/konro-grill-aluminium-24-cm\/\">Konro Grill Aluminium 24cm<\/a> ont souvent besoin d'\u00eatre remplac\u00e9s. Alors si tu as besoin d'un nouvel int\u00e9rieur, remplace-le par un tout nouveau et ton Konro Grill sera \u00e0 nouveau comme neuf !<\/p>","protected":false},"featured_media":2514,"template":"","meta":{"inline_featured_image":false},"product_brand":[],"product_cat":[510,99],"product_tag":[],"class_list":{"0":"post-2513","1":"product","2":"type-product","3":"status-publish","4":"has-post-thumbnail","6":"product_cat-export","7":"product_cat-konro-accessoires","8":"entry","9":"has-media","11":"first","12":"instock","13":"taxable","14":"shipping-taxable","15":"purchasable","16":"product-type-simple"},"bundled_by":[],"bundle_stock_status":"instock","bundle_stock_quantity":9,"bundle_virtual":false,"bundle_layout":"","bundle_add_to_cart_form_location":"","bundle_editable_in_cart":false,"bundle_sold_individually_context":"","bundle_item_grouping":"","bundle_min_size":"","bundle_max_size":"","bundle_price":[],"bundled_items":[],"bundle_sell_ids":[],"yoast_head":"<!-- This site is optimized with the Yoast SEO plugin v27.3 - https:\/\/yoast.com\/product\/yoast-seo-wordpress\/ -->\n<title>Binnenwerk Konro Grill Aluminium 24cm | Konro Grill<\/title>\n<meta name=\"description\" content=\"Na een tijdje grillen is het binnenwerk van je Konro Grill Aluminium 24cm wellicht aan vervanging toe. Met een nieuw binnenwerk is je Konro weer als nieuw!\" \/>\n<meta name=\"robots\" content=\"index, follow, max-snippet:-1, max-image-preview:large, max-video-preview:-1\" \/>\n<link rel=\"canonical\" href=\"https:\/\/konro-grill.com\/fr\/produit\/gril-interieur-konro-aluminium-24cm\/\" \/>\n<meta property=\"og:locale\" content=\"fr_FR\" \/>\n<meta property=\"og:type\" content=\"article\" \/>\n<meta property=\"og:title\" content=\"Binnenwerk Konro Grill Aluminium 24cm | Konro Grill\" \/>\n<meta property=\"og:description\" content=\"Na een tijdje grillen is het binnenwerk van je Konro Grill Aluminium 24cm wellicht aan vervanging toe. Met een nieuw binnenwerk is je Konro weer als nieuw!\" \/>\n<meta property=\"og:url\" content=\"https:\/\/konro-grill.com\/fr\/produit\/gril-interieur-konro-aluminium-24cm\/\" \/>\n<meta property=\"og:site_name\" content=\"Konro Grill, de grootste Japanse BBQ specialist\" \/>\n<meta property=\"article:publisher\" content=\"https:\/\/facebook.com\/KonroGrillCom\" \/>\n<meta property=\"article:modified_time\" content=\"2026-04-04T20:28:04+00:00\" \/>\n<meta property=\"og:image\" content=\"https:\/\/konro-grill.com\/wp-content\/uploads\/2023\/05\/Binnenwerk-Konro-Grill-Aluminium-24cm-Konro-Grill.jpg\" \/>\n\t<meta property=\"og:image:width\" content=\"800\" \/>\n\t<meta property=\"og:image:height\" content=\"800\" \/>\n\t<meta property=\"og:image:type\" content=\"image\/jpeg\" \/>\n<meta name=\"twitter:card\" content=\"summary_large_image\" \/>\n<script type=\"application\/ld+json\" class=\"yoast-schema-graph\">{\"@context\":\"https:\\\/\\\/schema.org\",\"@graph\":[{\"@type\":\"WebPage\",\"@id\":\"https:\\\/\\\/konro-grill.com\\\/product\\\/binnenwerk-konro-grill-aluminium-24cm\\\/\",\"url\":\"https:\\\/\\\/konro-grill.com\\\/product\\\/binnenwerk-konro-grill-aluminium-24cm\\\/\",\"name\":\"Binnenwerk Konro Grill Aluminium 24cm | Konro Grill\",\"isPartOf\":{\"@id\":\"https:\\\/\\\/konro-grill.com\\\/#website\"},\"primaryImageOfPage\":{\"@id\":\"https:\\\/\\\/konro-grill.com\\\/product\\\/binnenwerk-konro-grill-aluminium-24cm\\\/#primaryimage\"},\"image\":{\"@id\":\"https:\\\/\\\/konro-grill.com\\\/product\\\/binnenwerk-konro-grill-aluminium-24cm\\\/#primaryimage\"},\"thumbnailUrl\":\"https:\\\/\\\/konro-grill.com\\\/wp-content\\\/uploads\\\/2023\\\/05\\\/Binnenwerk-Konro-Grill-Aluminium-24cm-Konro-Grill.jpg\",\"datePublished\":\"2023-05-08T13:45:39+00:00\",\"dateModified\":\"2026-04-04T20:28:04+00:00\",\"description\":\"Na een tijdje grillen is het binnenwerk van je Konro Grill Aluminium 24cm wellicht aan vervanging toe. Met een nieuw binnenwerk is je Konro weer als nieuw!\",\"breadcrumb\":{\"@id\":\"https:\\\/\\\/konro-grill.com\\\/product\\\/binnenwerk-konro-grill-aluminium-24cm\\\/#breadcrumb\"},\"inLanguage\":\"fr-FR\",\"potentialAction\":[{\"@type\":\"ReadAction\",\"target\":[\"https:\\\/\\\/konro-grill.com\\\/product\\\/binnenwerk-konro-grill-aluminium-24cm\\\/\"]}]},{\"@type\":\"ImageObject\",\"inLanguage\":\"fr-FR\",\"@id\":\"https:\\\/\\\/konro-grill.com\\\/product\\\/binnenwerk-konro-grill-aluminium-24cm\\\/#primaryimage\",\"url\":\"https:\\\/\\\/konro-grill.com\\\/wp-content\\\/uploads\\\/2023\\\/05\\\/Binnenwerk-Konro-Grill-Aluminium-24cm-Konro-Grill.jpg\",\"contentUrl\":\"https:\\\/\\\/konro-grill.com\\\/wp-content\\\/uploads\\\/2023\\\/05\\\/Binnenwerk-Konro-Grill-Aluminium-24cm-Konro-Grill.jpg\",\"width\":800,\"height\":800,\"caption\":\"Binnenwerk Konro Grill Aluminium 24cm\"},{\"@type\":\"BreadcrumbList\",\"@id\":\"https:\\\/\\\/konro-grill.com\\\/product\\\/binnenwerk-konro-grill-aluminium-24cm\\\/#breadcrumb\",\"itemListElement\":[{\"@type\":\"ListItem\",\"position\":1,\"name\":\"Home\",\"item\":\"https:\\\/\\\/konro-grill.com\\\/\"},{\"@type\":\"ListItem\",\"position\":2,\"name\":\"Winkel\",\"item\":\"https:\\\/\\\/konro-grill.com\\\/winkel\\\/\"},{\"@type\":\"ListItem\",\"position\":3,\"name\":\"Kolenmand Konro Grill Aluminium 24cm\"}]},{\"@type\":\"WebSite\",\"@id\":\"https:\\\/\\\/konro-grill.com\\\/#website\",\"url\":\"https:\\\/\\\/konro-grill.com\\\/\",\"name\":\"Konro Grill\",\"description\":\"Konro Grill, de Grootste Japanse BBQ Specialist\",\"publisher\":{\"@id\":\"https:\\\/\\\/konro-grill.com\\\/#organization\"},\"potentialAction\":[{\"@type\":\"SearchAction\",\"target\":{\"@type\":\"EntryPoint\",\"urlTemplate\":\"https:\\\/\\\/konro-grill.com\\\/?s={search_term_string}\"},\"query-input\":{\"@type\":\"PropertyValueSpecification\",\"valueRequired\":true,\"valueName\":\"search_term_string\"}}],\"inLanguage\":\"fr-FR\"},{\"@type\":\"Organization\",\"@id\":\"https:\\\/\\\/konro-grill.com\\\/#organization\",\"name\":\"Konro Grill\",\"url\":\"https:\\\/\\\/konro-grill.com\\\/\",\"logo\":{\"@type\":\"ImageObject\",\"inLanguage\":\"fr-FR\",\"@id\":\"https:\\\/\\\/konro-grill.com\\\/#\\\/schema\\\/logo\\\/image\\\/\",\"url\":\"https:\\\/\\\/konro-grill.com\\\/wp-content\\\/uploads\\\/2021\\\/10\\\/konro-grill-logo.png\",\"contentUrl\":\"https:\\\/\\\/konro-grill.com\\\/wp-content\\\/uploads\\\/2021\\\/10\\\/konro-grill-logo.png\",\"width\":650,\"height\":80,\"caption\":\"Konro Grill\"},\"image\":{\"@id\":\"https:\\\/\\\/konro-grill.com\\\/#\\\/schema\\\/logo\\\/image\\\/\"},\"sameAs\":[\"https:\\\/\\\/facebook.com\\\/KonroGrillCom\",\"https:\\\/\\\/www.instagram.com\\\/konrogrillcom\\\/\"]}]}<\/script>\n<!-- \/ Yoast SEO plugin. -->","yoast_head_json":{"title":"Int\u00e9rieur Konro Grill Aluminium 24cm | Konro Grill","description":"Apr\u00e8s avoir grill\u00e9 pendant un certain temps, l'int\u00e9rieur de ton Konro Grill Aluminium 24cm peut avoir besoin d'\u00eatre remplac\u00e9. Avec un nouvel int\u00e9rieur, ton Konro sera \u00e0 nouveau comme neuf !","robots":{"index":"index","follow":"follow","max-snippet":"max-snippet:-1","max-image-preview":"max-image-preview:large","max-video-preview":"max-video-preview:-1"},"canonical":"https:\/\/konro-grill.com\/fr\/produit\/gril-interieur-konro-aluminium-24cm\/","og_locale":"fr_FR","og_type":"article","og_title":"Binnenwerk Konro Grill Aluminium 24cm | Konro Grill","og_description":"Na een tijdje grillen is het binnenwerk van je Konro Grill Aluminium 24cm wellicht aan vervanging toe. Met een nieuw binnenwerk is je Konro weer als nieuw!","og_url":"https:\/\/konro-grill.com\/fr\/produit\/gril-interieur-konro-aluminium-24cm\/","og_site_name":"Konro Grill, de grootste Japanse BBQ specialist","article_publisher":"https:\/\/facebook.com\/KonroGrillCom","article_modified_time":"2026-04-04T20:28:04+00:00","og_image":[{"width":800,"height":800,"url":"https:\/\/konro-grill.com\/wp-content\/uploads\/2023\/05\/Binnenwerk-Konro-Grill-Aluminium-24cm-Konro-Grill.jpg","type":"image\/jpeg"}],"twitter_card":"summary_large_image","schema":{"@context":"https:\/\/schema.org","@graph":[{"@type":"WebPage","@id":"https:\/\/konro-grill.com\/product\/binnenwerk-konro-grill-aluminium-24cm\/","url":"https:\/\/konro-grill.com\/product\/binnenwerk-konro-grill-aluminium-24cm\/","name":"Int\u00e9rieur Konro Grill Aluminium 24cm | Konro Grill","isPartOf":{"@id":"https:\/\/konro-grill.com\/#website"},"primaryImageOfPage":{"@id":"https:\/\/konro-grill.com\/product\/binnenwerk-konro-grill-aluminium-24cm\/#primaryimage"},"image":{"@id":"https:\/\/konro-grill.com\/product\/binnenwerk-konro-grill-aluminium-24cm\/#primaryimage"},"thumbnailUrl":"https:\/\/konro-grill.com\/wp-content\/uploads\/2023\/05\/Binnenwerk-Konro-Grill-Aluminium-24cm-Konro-Grill.jpg","datePublished":"2023-05-08T13:45:39+00:00","dateModified":"2026-04-04T20:28:04+00:00","description":"Apr\u00e8s avoir grill\u00e9 pendant un certain temps, l'int\u00e9rieur de ton Konro Grill Aluminium 24cm peut avoir besoin d'\u00eatre remplac\u00e9. Avec un nouvel int\u00e9rieur, ton Konro sera \u00e0 nouveau comme neuf !","breadcrumb":{"@id":"https:\/\/konro-grill.com\/product\/binnenwerk-konro-grill-aluminium-24cm\/#breadcrumb"},"inLanguage":"fr-FR","potentialAction":[{"@type":"ReadAction","target":["https:\/\/konro-grill.com\/product\/binnenwerk-konro-grill-aluminium-24cm\/"]}]},{"@type":"ImageObject","inLanguage":"fr-FR","@id":"https:\/\/konro-grill.com\/product\/binnenwerk-konro-grill-aluminium-24cm\/#primaryimage","url":"https:\/\/konro-grill.com\/wp-content\/uploads\/2023\/05\/Binnenwerk-Konro-Grill-Aluminium-24cm-Konro-Grill.jpg","contentUrl":"https:\/\/konro-grill.com\/wp-content\/uploads\/2023\/05\/Binnenwerk-Konro-Grill-Aluminium-24cm-Konro-Grill.jpg","width":800,"height":800,"caption":"Binnenwerk Konro Grill Aluminium 24cm"},{"@type":"BreadcrumbList","@id":"https:\/\/konro-grill.com\/product\/binnenwerk-konro-grill-aluminium-24cm\/#breadcrumb","itemListElement":[{"@type":"ListItem","position":1,"name":"Home","item":"https:\/\/konro-grill.com\/"},{"@type":"ListItem","position":2,"name":"Winkel","item":"https:\/\/konro-grill.com\/winkel\/"},{"@type":"ListItem","position":3,"name":"Kolenmand Konro Grill Aluminium 24cm"}]},{"@type":"WebSite","@id":"https:\/\/konro-grill.com\/#website","url":"https:\/\/konro-grill.com\/","name":"Konro Grill","description":"Konro Grill, le plus grand sp\u00e9cialiste du barbecue japonais","publisher":{"@id":"https:\/\/konro-grill.com\/#organization"},"potentialAction":[{"@type":"SearchAction","target":{"@type":"EntryPoint","urlTemplate":"https:\/\/konro-grill.com\/?s={search_term_string}"},"query-input":{"@type":"PropertyValueSpecification","valueRequired":true,"valueName":"search_term_string"}}],"inLanguage":"fr-FR"},{"@type":"Organization","@id":"https:\/\/konro-grill.com\/#organization","name":"Konro Grill","url":"https:\/\/konro-grill.com\/","logo":{"@type":"ImageObject","inLanguage":"fr-FR","@id":"https:\/\/konro-grill.com\/#\/schema\/logo\/image\/","url":"https:\/\/konro-grill.com\/wp-content\/uploads\/2021\/10\/konro-grill-logo.png","contentUrl":"https:\/\/konro-grill.com\/wp-content\/uploads\/2021\/10\/konro-grill-logo.png","width":650,"height":80,"caption":"Konro Grill"},"image":{"@id":"https:\/\/konro-grill.com\/#\/schema\/logo\/image\/"},"sameAs":["https:\/\/facebook.com\/KonroGrillCom","https:\/\/www.instagram.com\/konrogrillcom\/"]}]}},"df_price":17.95,"df_sale_price":"","df_regular_price":17.95,"df_image_link":"https:\/\/konro-grill.com\/wp-content\/uploads\/2023\/05\/Binnenwerk-Konro-Grill-Aluminium-24cm-Konro-Grill-300x300.jpg","_links":{"self":[{"href":"https:\/\/konro-grill.com\/fr\/wp-json\/wp\/v2\/product\/2513","targetHints":{"allow":["GET"]}}],"collection":[{"href":"https:\/\/konro-grill.com\/fr\/wp-json\/wp\/v2\/product"}],"about":[{"href":"https:\/\/konro-grill.com\/fr\/wp-json\/wp\/v2\/types\/product"}],"wp:featuredmedia":[{"embeddable":true,"href":"https:\/\/konro-grill.com\/fr\/wp-json\/wp\/v2\/media\/2514"}],"wp:attachment":[{"href":"https:\/\/konro-grill.com\/fr\/wp-json\/wp\/v2\/media?parent=2513"}],"wp:term":[{"taxonomy":"product_brand","embeddable":true,"href":"https:\/\/konro-grill.com\/fr\/wp-json\/wp\/v2\/product_brand?post=2513"},{"taxonomy":"product_cat","embeddable":true,"href":"https:\/\/konro-grill.com\/fr\/wp-json\/wp\/v2\/product_cat?post=2513"},{"taxonomy":"product_tag","embeddable":true,"href":"https:\/\/konro-grill.com\/fr\/wp-json\/wp\/v2\/product_tag?post=2513"}],"curies":[{"name":"wp","href":"https:\/\/api.w.org\/{rel}","templated":true}]}}